



{"id":39,"date":"2014-12-09T20:10:35","date_gmt":"2014-12-09T19:10:35","guid":{"rendered":"http:\/\/www.4h.se\/rix16\/?page_id=39"},"modified":"2024-06-30T21:19:36","modified_gmt":"2024-06-30T19:19:36","slug":"hem","status":"publish","type":"page","link":"https:\/\/www.4h.se\/orebro\/","title":{"rendered":"Startsida"},"content":{"rendered":"<div class=\"wpb-content-wrapper\"><p>[vc_row][vc_column width=&#8221;2\/3&#8243;][vc_column_text css=&#8221;&#8221;]<\/p>\n<h1>V\u00e4lkommen till \u00d6rebro 4H-klubb !<\/h1>\n<p>&nbsp;<\/p>\n<h2><em><strong>Tyv\u00e4rr s\u00e5 var vi tvungna att l\u00e4gga ner verksamheten f\u00f6r i \u00e5r d\u00e5 vi inte hittade tillr\u00e4ckligt med personer f\u00f6r att vara med i styrelsen.<\/strong><\/em><\/h2>\n<h2><strong>Vill du hj\u00e4lpa till med at starta upp \u00d6rebro 4H-klubben igen ?<\/strong> <strong><em>ta g\u00e4rna kontakt med oss.<\/em> <\/strong><span class=\"x1xsqp64 xiy17q3 x1o6pynw x19co3pv xdj266r xcwd3tp xat24cr x39eecv x2b8uid\" data-testid=\"emoji\"><span class=\"xexx8yu xn5pp95 x18d9i69 x2fxd7x x3jgonx x1bhl96m\">\ud83c\udf40<\/span><\/span><\/h2>\n<p>\u00d6rebro 4H-klubb \u00e4r en av cirka 200 lokalf\u00f6reningar till Riksorganisationen 4H. Vi arbetar f\u00f6r att skapa en meningsfull fritid f\u00f6r barn och ungdomar i \u00d6rebro med omnejd. L\u00e4s mer om Riksorganisationen 4H och dess lokalf\u00f6reningar <a href=\"https:\/\/www.4h.se\/om-4h\/organisation\/\" target=\"_blank\" rel=\"noopener\">H\u00c4R<\/a>.<\/p>\n<p>\u00d6rebro 4H-klubb har ingen egen 4H-g\u00e5rd \u00e4n s\u00e5 l\u00e4nge och anordnar d\u00e4rf\u00f6r evenemang p\u00e5 olika platser och g\u00e5rdar i \u00d6rebro med omnejd. Se vilka aktiviteter och evenemang vi anordnar <a title=\"Aktiviteter\" href=\"https:\/\/www.4h.se\/orebro\/aktiviteter\/\" target=\"_blank\" rel=\"noopener\">H\u00c4R<\/a>.<\/p>\n<p><strong>Bli medlem <a title=\"Medlem i \u00d6rebro 4H-klubb\" href=\"https:\/\/antribe.com\/org\/4h\/orebro-4h\/bli-medlem\" target=\"_blank\" rel=\"noopener\">H\u00c4R <\/a>!<\/strong><\/p>\n<p>Som medlem f\u00e5r du vara med och p\u00e5verka vilka evenemang och aktiviteter \u00d6rebro 4H-klubb g\u00f6r. Du f\u00e5r ocks\u00e5 regelbundna medlemsutskick och andra f\u00f6rm\u00e5ner vid v\u00e5ra evenemang och aktiviteter.<\/p>\n<p>\u00c4n \u00e4r det gratis att vara med i \u00d6rebros klubb. Du betalar bara den obligatoriska avgiften till Riksorganisationen 4H. F\u00f6r dig upp till 25 \u00e5r \u00e4r kostnaden 170 kronor och f\u00f6r dig \u00f6ver 26 \u00e5r \u00e4r kostnaden 300 kronor.<\/p>\n<p><strong>F\u00f6lj oss p\u00e5<\/strong><\/p>\n<p>Instagram : <a title=\"Instagram \u00d6rebro 4H-klubb\" href=\"https:\/\/www.instagram.com\/orebro4h\/?hl=fr\" target=\"_blank\" rel=\"noopener\">orebro4h<\/a><\/p>\n<p>Facebook : <a title=\"Facebook \u00d6rebro 4H-klubb\" href=\"https:\/\/www.facebook.com\/%C3%96rebro-4H-klubb-106597662048942\" target=\"_blank\" rel=\"noopener\">\u00d6rebro 4H-klubb<\/a>[\/vc_column_text][\/vc_column][vc_column width=&#8221;1\/3&#8243;][vc_wp_posts number=&#8221;5&#8243;][\/vc_column][\/vc_row]<\/p>\n<\/div>","protected":false},"excerpt":{"rendered":"<p>[vc_row][vc_column width=&#8221;2\/3&#8243;][vc_column_text css=&#8221;&#8221;] V\u00e4lkommen till \u00d6rebro 4H-klubb ! &nbsp; Tyv\u00e4rr s\u00e5 var vi tvungna att l\u00e4gga ner verksamheten f\u00f6r i \u00e5r d\u00e5 vi inte hittade tillr\u00e4ckligt med personer f\u00f6r att vara med i styrelsen. Vill du hj\u00e4lpa till med at starta upp \u00d6rebro 4H-klubben igen ? ta g\u00e4rna kontakt med oss. \ud83c\udf40 \u00d6rebro 4H-klubb \u00e4r&nbsp; <a href=\"https:\/\/www.4h.se\/orebro\/\">&hellip; Read more <i class=\"glyphicon glyphicon-arrow-right\"><\/i><\/a><\/p>\n","protected":false},"author":1,"featured_media":0,"parent":0,"menu_order":10,"comment_status":"closed","ping_status":"closed","template":"","meta":{"_acf_changed":false,"footnotes":""},"class_list":["post-39","page","type-page","status-publish","hentry"],"acf":[],"yoast_head":"<!-- This site is optimized with the Yoast SEO plugin v27.5 - https:\/\/yoast.com\/product\/yoast-seo-wordpress\/ -->\n<title>Startsida - \u00d6rebro 4H<\/title>\n<meta name=\"robots\" content=\"index, follow, max-snippet:-1, max-image-preview:large, max-video-preview:-1\" \/>\n<link rel=\"canonical\" href=\"https:\/\/www.4h.se\/orebro\/\" \/>\n<meta property=\"og:locale\" content=\"sv_SE\" \/>\n<meta property=\"og:type\" content=\"article\" \/>\n<meta property=\"og:title\" content=\"Startsida - \u00d6rebro 4H\" \/>\n<meta property=\"og:description\" content=\"[vc_row][vc_column width=&#8221;2\/3&#8243;][vc_column_text css=&#8221;&#8221;] V\u00e4lkommen till \u00d6rebro 4H-klubb ! &nbsp; Tyv\u00e4rr s\u00e5 var vi tvungna att l\u00e4gga ner verksamheten f\u00f6r i \u00e5r d\u00e5 vi inte hittade tillr\u00e4ckligt med personer f\u00f6r att vara med i styrelsen. Vill du hj\u00e4lpa till med at starta upp \u00d6rebro 4H-klubben igen ? ta g\u00e4rna kontakt med oss. \ud83c\udf40 \u00d6rebro 4H-klubb \u00e4r&nbsp; &hellip; Read more\" \/>\n<meta property=\"og:url\" content=\"https:\/\/www.4h.se\/orebro\/\" \/>\n<meta property=\"og:site_name\" content=\"\u00d6rebro 4H\" \/>\n<meta property=\"article:publisher\" content=\"https:\/\/www.facebook.com\/orebro4hgard\/\" \/>\n<meta property=\"article:modified_time\" content=\"2024-06-30T19:19:36+00:00\" \/>\n<meta name=\"twitter:card\" content=\"summary_large_image\" \/>\n<meta name=\"twitter:label1\" content=\"Ber\u00e4knad l\u00e4stid\" \/>\n\t<meta name=\"twitter:data1\" content=\"1 minut\" \/>\n<script type=\"application\/ld+json\" class=\"yoast-schema-graph\">{\"@context\":\"https:\\\/\\\/schema.org\",\"@graph\":[{\"@type\":\"WebPage\",\"@id\":\"https:\\\/\\\/www.4h.se\\\/orebro\\\/\",\"url\":\"https:\\\/\\\/www.4h.se\\\/orebro\\\/\",\"name\":\"Startsida - \u00d6rebro 4H\",\"isPartOf\":{\"@id\":\"https:\\\/\\\/www.4h.se\\\/orebro\\\/#website\"},\"datePublished\":\"2014-12-09T19:10:35+00:00\",\"dateModified\":\"2024-06-30T19:19:36+00:00\",\"breadcrumb\":{\"@id\":\"https:\\\/\\\/www.4h.se\\\/orebro\\\/#breadcrumb\"},\"inLanguage\":\"sv-SE\",\"potentialAction\":[{\"@type\":\"ReadAction\",\"target\":[\"https:\\\/\\\/www.4h.se\\\/orebro\\\/\"]}]},{\"@type\":\"BreadcrumbList\",\"@id\":\"https:\\\/\\\/www.4h.se\\\/orebro\\\/#breadcrumb\",\"itemListElement\":[{\"@type\":\"ListItem\",\"position\":1,\"name\":\"Hem\",\"item\":\"https:\\\/\\\/www.4h.se\\\/orebro\\\/\"},{\"@type\":\"ListItem\",\"position\":2,\"name\":\"Startsida\"}]},{\"@type\":\"WebSite\",\"@id\":\"https:\\\/\\\/www.4h.se\\\/orebro\\\/#website\",\"url\":\"https:\\\/\\\/www.4h.se\\\/orebro\\\/\",\"name\":\"\u00d6rebro 4H\",\"description\":\"L\u00e4ra genom att g\u00f6ra\",\"potentialAction\":[{\"@type\":\"SearchAction\",\"target\":{\"@type\":\"EntryPoint\",\"urlTemplate\":\"https:\\\/\\\/www.4h.se\\\/orebro\\\/?s={search_term_string}\"},\"query-input\":{\"@type\":\"PropertyValueSpecification\",\"valueRequired\":true,\"valueName\":\"search_term_string\"}}],\"inLanguage\":\"sv-SE\"}]}<\/script>\n<!-- \/ Yoast SEO plugin. -->","yoast_head_json":{"title":"Startsida - \u00d6rebro 4H","robots":{"index":"index","follow":"follow","max-snippet":"max-snippet:-1","max-image-preview":"max-image-preview:large","max-video-preview":"max-video-preview:-1"},"canonical":"https:\/\/www.4h.se\/orebro\/","og_locale":"sv_SE","og_type":"article","og_title":"Startsida - \u00d6rebro 4H","og_description":"[vc_row][vc_column width=&#8221;2\/3&#8243;][vc_column_text css=&#8221;&#8221;] V\u00e4lkommen till \u00d6rebro 4H-klubb ! &nbsp; Tyv\u00e4rr s\u00e5 var vi tvungna att l\u00e4gga ner verksamheten f\u00f6r i \u00e5r d\u00e5 vi inte hittade tillr\u00e4ckligt med personer f\u00f6r att vara med i styrelsen. Vill du hj\u00e4lpa till med at starta upp \u00d6rebro 4H-klubben igen ? ta g\u00e4rna kontakt med oss. \ud83c\udf40 \u00d6rebro 4H-klubb \u00e4r&nbsp; &hellip; Read more","og_url":"https:\/\/www.4h.se\/orebro\/","og_site_name":"\u00d6rebro 4H","article_publisher":"https:\/\/www.facebook.com\/orebro4hgard\/","article_modified_time":"2024-06-30T19:19:36+00:00","twitter_card":"summary_large_image","twitter_misc":{"Ber\u00e4knad l\u00e4stid":"1 minut"},"schema":{"@context":"https:\/\/schema.org","@graph":[{"@type":"WebPage","@id":"https:\/\/www.4h.se\/orebro\/","url":"https:\/\/www.4h.se\/orebro\/","name":"Startsida - \u00d6rebro 4H","isPartOf":{"@id":"https:\/\/www.4h.se\/orebro\/#website"},"datePublished":"2014-12-09T19:10:35+00:00","dateModified":"2024-06-30T19:19:36+00:00","breadcrumb":{"@id":"https:\/\/www.4h.se\/orebro\/#breadcrumb"},"inLanguage":"sv-SE","potentialAction":[{"@type":"ReadAction","target":["https:\/\/www.4h.se\/orebro\/"]}]},{"@type":"BreadcrumbList","@id":"https:\/\/www.4h.se\/orebro\/#breadcrumb","itemListElement":[{"@type":"ListItem","position":1,"name":"Hem","item":"https:\/\/www.4h.se\/orebro\/"},{"@type":"ListItem","position":2,"name":"Startsida"}]},{"@type":"WebSite","@id":"https:\/\/www.4h.se\/orebro\/#website","url":"https:\/\/www.4h.se\/orebro\/","name":"\u00d6rebro 4H","description":"L\u00e4ra genom att g\u00f6ra","potentialAction":[{"@type":"SearchAction","target":{"@type":"EntryPoint","urlTemplate":"https:\/\/www.4h.se\/orebro\/?s={search_term_string}"},"query-input":{"@type":"PropertyValueSpecification","valueRequired":true,"valueName":"search_term_string"}}],"inLanguage":"sv-SE"}]}},"_links":{"self":[{"href":"https:\/\/www.4h.se\/orebro\/wp-json\/wp\/v2\/pages\/39","targetHints":{"allow":["GET"]}}],"collection":[{"href":"https:\/\/www.4h.se\/orebro\/wp-json\/wp\/v2\/pages"}],"about":[{"href":"https:\/\/www.4h.se\/orebro\/wp-json\/wp\/v2\/types\/page"}],"author":[{"embeddable":true,"href":"https:\/\/www.4h.se\/orebro\/wp-json\/wp\/v2\/users\/1"}],"replies":[{"embeddable":true,"href":"https:\/\/www.4h.se\/orebro\/wp-json\/wp\/v2\/comments?post=39"}],"version-history":[{"count":0,"href":"https:\/\/www.4h.se\/orebro\/wp-json\/wp\/v2\/pages\/39\/revisions"}],"wp:attachment":[{"href":"https:\/\/www.4h.se\/orebro\/wp-json\/wp\/v2\/media?parent=39"}],"curies":[{"name":"wp","href":"https:\/\/api.w.org\/{rel}","templated":true}]}}