



{"id":355,"date":"2015-12-16T23:13:52","date_gmt":"2015-12-16T22:13:52","guid":{"rendered":"http:\/\/www.4h.se\/orebro\/?page_id=355"},"modified":"2022-09-15T13:14:28","modified_gmt":"2022-09-15T11:14:28","slug":"hitta-hit","status":"publish","type":"page","link":"https:\/\/www.4h.se\/orebro\/hitta-hit\/","title":{"rendered":"Hitta hit"},"content":{"rendered":"<div class=\"wpb-content-wrapper\"><p>[vc_row][vc_column][vc_column_text]<span style=\"font-weight: 400\">\u00d6rebro 4H-klubb har ingen egen 4H-g\u00e5rd \u00e4n och anordnar d\u00e4rf\u00f6r evenemang p\u00e5 olika platser och g\u00e5rdar i \u00d6rebro med omnejd. <\/span><\/p>\n<p><span style=\"font-weight: 400\">Se vilka aktiviteter och evenemang vi anordnar <a title=\"Aktiviteter\" href=\"https:\/\/www.4h.se\/orebro\/aktiviteter\/\">H\u00c4R.<\/a><\/span><\/p>\n<p>&nbsp;[\/vc_column_text][\/vc_column][\/vc_row]<\/p>\n<\/div>","protected":false},"excerpt":{"rendered":"<p>[vc_row][vc_column][vc_column_text]\u00d6rebro 4H-klubb har ingen egen 4H-g\u00e5rd \u00e4n och anordnar d\u00e4rf\u00f6r evenemang p\u00e5 olika platser och g\u00e5rdar i \u00d6rebro med omnejd. Se vilka aktiviteter och evenemang vi anordnar H\u00c4R. &nbsp;[\/vc_column_text][\/vc_column][\/vc_row]<\/p>\n","protected":false},"author":36,"featured_media":0,"parent":0,"menu_order":0,"comment_status":"closed","ping_status":"closed","template":"","meta":{"_acf_changed":false,"footnotes":""},"class_list":["post-355","page","type-page","status-publish","hentry"],"acf":[],"yoast_head":"<!-- This site is optimized with the Yoast SEO plugin v27.5 - https:\/\/yoast.com\/product\/yoast-seo-wordpress\/ -->\n<title>Hitta hit - \u00d6rebro 4H<\/title>\n<meta name=\"robots\" content=\"index, follow, max-snippet:-1, max-image-preview:large, max-video-preview:-1\" \/>\n<link rel=\"canonical\" href=\"https:\/\/www.4h.se\/orebro\/hitta-hit\/\" \/>\n<meta property=\"og:locale\" content=\"sv_SE\" \/>\n<meta property=\"og:type\" content=\"article\" \/>\n<meta property=\"og:title\" content=\"Hitta hit - \u00d6rebro 4H\" \/>\n<meta property=\"og:description\" content=\"[vc_row][vc_column][vc_column_text]\u00d6rebro 4H-klubb har ingen egen 4H-g\u00e5rd \u00e4n och anordnar d\u00e4rf\u00f6r evenemang p\u00e5 olika platser och g\u00e5rdar i \u00d6rebro med omnejd. Se vilka aktiviteter och evenemang vi anordnar H\u00c4R. &nbsp;[\/vc_column_text][\/vc_column][\/vc_row]\" \/>\n<meta property=\"og:url\" content=\"https:\/\/www.4h.se\/orebro\/hitta-hit\/\" \/>\n<meta property=\"og:site_name\" content=\"\u00d6rebro 4H\" \/>\n<meta property=\"article:publisher\" content=\"https:\/\/www.facebook.com\/orebro4hgard\/\" \/>\n<meta property=\"article:modified_time\" content=\"2022-09-15T11:14:28+00:00\" \/>\n<meta name=\"twitter:card\" content=\"summary_large_image\" \/>\n<script type=\"application\/ld+json\" class=\"yoast-schema-graph\">{\"@context\":\"https:\\\/\\\/schema.org\",\"@graph\":[{\"@type\":\"WebPage\",\"@id\":\"https:\\\/\\\/www.4h.se\\\/orebro\\\/hitta-hit\\\/\",\"url\":\"https:\\\/\\\/www.4h.se\\\/orebro\\\/hitta-hit\\\/\",\"name\":\"Hitta hit - \u00d6rebro 4H\",\"isPartOf\":{\"@id\":\"https:\\\/\\\/www.4h.se\\\/orebro\\\/#website\"},\"datePublished\":\"2015-12-16T22:13:52+00:00\",\"dateModified\":\"2022-09-15T11:14:28+00:00\",\"breadcrumb\":{\"@id\":\"https:\\\/\\\/www.4h.se\\\/orebro\\\/hitta-hit\\\/#breadcrumb\"},\"inLanguage\":\"sv-SE\",\"potentialAction\":[{\"@type\":\"ReadAction\",\"target\":[\"https:\\\/\\\/www.4h.se\\\/orebro\\\/hitta-hit\\\/\"]}]},{\"@type\":\"BreadcrumbList\",\"@id\":\"https:\\\/\\\/www.4h.se\\\/orebro\\\/hitta-hit\\\/#breadcrumb\",\"itemListElement\":[{\"@type\":\"ListItem\",\"position\":1,\"name\":\"Hem\",\"item\":\"https:\\\/\\\/www.4h.se\\\/orebro\\\/\"},{\"@type\":\"ListItem\",\"position\":2,\"name\":\"Hitta hit\"}]},{\"@type\":\"WebSite\",\"@id\":\"https:\\\/\\\/www.4h.se\\\/orebro\\\/#website\",\"url\":\"https:\\\/\\\/www.4h.se\\\/orebro\\\/\",\"name\":\"\u00d6rebro 4H\",\"description\":\"L\u00e4ra genom att g\u00f6ra\",\"potentialAction\":[{\"@type\":\"SearchAction\",\"target\":{\"@type\":\"EntryPoint\",\"urlTemplate\":\"https:\\\/\\\/www.4h.se\\\/orebro\\\/?s={search_term_string}\"},\"query-input\":{\"@type\":\"PropertyValueSpecification\",\"valueRequired\":true,\"valueName\":\"search_term_string\"}}],\"inLanguage\":\"sv-SE\"}]}<\/script>\n<!-- \/ Yoast SEO plugin. -->","yoast_head_json":{"title":"Hitta hit - \u00d6rebro 4H","robots":{"index":"index","follow":"follow","max-snippet":"max-snippet:-1","max-image-preview":"max-image-preview:large","max-video-preview":"max-video-preview:-1"},"canonical":"https:\/\/www.4h.se\/orebro\/hitta-hit\/","og_locale":"sv_SE","og_type":"article","og_title":"Hitta hit - \u00d6rebro 4H","og_description":"[vc_row][vc_column][vc_column_text]\u00d6rebro 4H-klubb har ingen egen 4H-g\u00e5rd \u00e4n och anordnar d\u00e4rf\u00f6r evenemang p\u00e5 olika platser och g\u00e5rdar i \u00d6rebro med omnejd. Se vilka aktiviteter och evenemang vi anordnar H\u00c4R. &nbsp;[\/vc_column_text][\/vc_column][\/vc_row]","og_url":"https:\/\/www.4h.se\/orebro\/hitta-hit\/","og_site_name":"\u00d6rebro 4H","article_publisher":"https:\/\/www.facebook.com\/orebro4hgard\/","article_modified_time":"2022-09-15T11:14:28+00:00","twitter_card":"summary_large_image","schema":{"@context":"https:\/\/schema.org","@graph":[{"@type":"WebPage","@id":"https:\/\/www.4h.se\/orebro\/hitta-hit\/","url":"https:\/\/www.4h.se\/orebro\/hitta-hit\/","name":"Hitta hit - \u00d6rebro 4H","isPartOf":{"@id":"https:\/\/www.4h.se\/orebro\/#website"},"datePublished":"2015-12-16T22:13:52+00:00","dateModified":"2022-09-15T11:14:28+00:00","breadcrumb":{"@id":"https:\/\/www.4h.se\/orebro\/hitta-hit\/#breadcrumb"},"inLanguage":"sv-SE","potentialAction":[{"@type":"ReadAction","target":["https:\/\/www.4h.se\/orebro\/hitta-hit\/"]}]},{"@type":"BreadcrumbList","@id":"https:\/\/www.4h.se\/orebro\/hitta-hit\/#breadcrumb","itemListElement":[{"@type":"ListItem","position":1,"name":"Hem","item":"https:\/\/www.4h.se\/orebro\/"},{"@type":"ListItem","position":2,"name":"Hitta hit"}]},{"@type":"WebSite","@id":"https:\/\/www.4h.se\/orebro\/#website","url":"https:\/\/www.4h.se\/orebro\/","name":"\u00d6rebro 4H","description":"L\u00e4ra genom att g\u00f6ra","potentialAction":[{"@type":"SearchAction","target":{"@type":"EntryPoint","urlTemplate":"https:\/\/www.4h.se\/orebro\/?s={search_term_string}"},"query-input":{"@type":"PropertyValueSpecification","valueRequired":true,"valueName":"search_term_string"}}],"inLanguage":"sv-SE"}]}},"_links":{"self":[{"href":"https:\/\/www.4h.se\/orebro\/wp-json\/wp\/v2\/pages\/355","targetHints":{"allow":["GET"]}}],"collection":[{"href":"https:\/\/www.4h.se\/orebro\/wp-json\/wp\/v2\/pages"}],"about":[{"href":"https:\/\/www.4h.se\/orebro\/wp-json\/wp\/v2\/types\/page"}],"author":[{"embeddable":true,"href":"https:\/\/www.4h.se\/orebro\/wp-json\/wp\/v2\/users\/36"}],"replies":[{"embeddable":true,"href":"https:\/\/www.4h.se\/orebro\/wp-json\/wp\/v2\/comments?post=355"}],"version-history":[{"count":0,"href":"https:\/\/www.4h.se\/orebro\/wp-json\/wp\/v2\/pages\/355\/revisions"}],"wp:attachment":[{"href":"https:\/\/www.4h.se\/orebro\/wp-json\/wp\/v2\/media?parent=355"}],"curies":[{"name":"wp","href":"https:\/\/api.w.org\/{rel}","templated":true}]}}