



{"id":285,"date":"2015-10-07T09:13:53","date_gmt":"2015-10-07T07:13:53","guid":{"rendered":"http:\/\/www.4h.se\/orebro\/?page_id=285"},"modified":"2022-09-15T10:22:08","modified_gmt":"2022-09-15T08:22:08","slug":"bli-medlem","status":"publish","type":"page","link":"https:\/\/www.4h.se\/orebro\/bli-medlem\/","title":{"rendered":"Bli medlem"},"content":{"rendered":"<div class=\"wpb-content-wrapper\"><p>[vc_row][vc_column][vc_column_text]<b>Hur blir jag medlem?<\/b><\/p>\n<p><span style=\"font-weight: 400\">Registrera ditt medlemskap <a title=\"Medlemskap \u00d6rebro 4H-klubb\" href=\"https:\/\/antribe.com\/org\/4h\/orebro-4h\/bli-medlem\" target=\"_blank\">H\u00c4R.<\/a><\/span><\/p>\n<p><strong>Vad ing\u00e5r i\u00a0medlemskapet?<\/strong><\/p>\n<ul>\n<li style=\"font-weight: 400\"><span style=\"font-weight: 400\">Du kan delta i m\u00e5nga aktiviteter gratis. En del av v\u00e5ra aktiviteter kostar och d\u00e5 f\u00e5r du reducerat pris.<\/span><\/li>\n<li style=\"font-weight: 400\"><span style=\"font-weight: 400\">Speciella f\u00f6rm\u00e5ner vid evenemang och aktiviteter.<\/span><\/li>\n<li style=\"font-weight: 400\"><span style=\"font-weight: 400\">Rena medlemsaktiviteter med olika teman.<\/span><\/li>\n<li style=\"font-weight: 400\"><span style=\"font-weight: 400\">Tidningen \u201cKl\u00f6verbladet\u201d som utkommer 4 g\u00e5nger per \u00e5r. Den inneh\u00e5ller reportage om 4H-verksamheter runt om i Sverige, men ocks\u00e5 en del fr\u00e5n andra l\u00e4nder.<\/span><\/li>\n<li style=\"font-weight: 400\"><span style=\"font-weight: 400\">En kollektiv olycksfallsf\u00f6rs\u00e4kring vid deltagande i v\u00e5ra aktiviteter.<\/span><\/li>\n<\/ul>\n<p><b>Vad kostar det?<\/b><\/p>\n<div dir=\"auto\">\n<p><span style=\"font-weight: 400\">\u00c4n \u00e4r det gratis att vara med i \u00d6rebros klubb. Du betalar bara den obligatoriska avgiften till Riksorganisationen 4H. <\/span><\/p>\n<p><span style=\"font-weight: 400\">F\u00f6r dig upp till 25 \u00e5r \u00e4r kostnaden 170 kronor och f\u00f6r dig \u00f6ver 26 \u00e5r \u00e4r kostnaden 300 kronor.\u00a0<\/span><\/p>\n<\/div>\n<p>[\/vc_column_text][\/vc_column][\/vc_row]<\/p>\n<\/div>","protected":false},"excerpt":{"rendered":"<p>[vc_row][vc_column][vc_column_text]Hur blir jag medlem? Registrera ditt medlemskap H\u00c4R. Vad ing\u00e5r i\u00a0medlemskapet? Du kan delta i m\u00e5nga aktiviteter gratis. En del av v\u00e5ra aktiviteter kostar och d\u00e5 f\u00e5r du reducerat pris. Speciella f\u00f6rm\u00e5ner vid evenemang och aktiviteter. Rena medlemsaktiviteter med olika teman. Tidningen \u201cKl\u00f6verbladet\u201d som utkommer 4 g\u00e5nger per \u00e5r. Den inneh\u00e5ller reportage om 4H-verksamheter runt&nbsp; <a href=\"https:\/\/www.4h.se\/orebro\/bli-medlem\/\">&hellip; Read more <i class=\"glyphicon glyphicon-arrow-right\"><\/i><\/a><\/p>\n","protected":false},"author":1,"featured_media":0,"parent":0,"menu_order":0,"comment_status":"closed","ping_status":"closed","template":"","meta":{"_acf_changed":false,"footnotes":""},"class_list":["post-285","page","type-page","status-publish","hentry"],"acf":[],"yoast_head":"<!-- This site is optimized with the Yoast SEO plugin v27.5 - https:\/\/yoast.com\/product\/yoast-seo-wordpress\/ -->\n<title>Bli medlem - \u00d6rebro 4H<\/title>\n<meta name=\"robots\" content=\"index, follow, max-snippet:-1, max-image-preview:large, max-video-preview:-1\" \/>\n<link rel=\"canonical\" href=\"https:\/\/www.4h.se\/orebro\/bli-medlem\/\" \/>\n<meta property=\"og:locale\" content=\"sv_SE\" \/>\n<meta property=\"og:type\" content=\"article\" \/>\n<meta property=\"og:title\" content=\"Bli medlem - \u00d6rebro 4H\" \/>\n<meta property=\"og:description\" content=\"[vc_row][vc_column][vc_column_text]Hur blir jag medlem? Registrera ditt medlemskap H\u00c4R. Vad ing\u00e5r i\u00a0medlemskapet? Du kan delta i m\u00e5nga aktiviteter gratis. En del av v\u00e5ra aktiviteter kostar och d\u00e5 f\u00e5r du reducerat pris. Speciella f\u00f6rm\u00e5ner vid evenemang och aktiviteter. Rena medlemsaktiviteter med olika teman. Tidningen \u201cKl\u00f6verbladet\u201d som utkommer 4 g\u00e5nger per \u00e5r. Den inneh\u00e5ller reportage om 4H-verksamheter runt&nbsp; &hellip; Read more\" \/>\n<meta property=\"og:url\" content=\"https:\/\/www.4h.se\/orebro\/bli-medlem\/\" \/>\n<meta property=\"og:site_name\" content=\"\u00d6rebro 4H\" \/>\n<meta property=\"article:publisher\" content=\"https:\/\/www.facebook.com\/orebro4hgard\/\" \/>\n<meta property=\"article:modified_time\" content=\"2022-09-15T08:22:08+00:00\" \/>\n<meta name=\"twitter:card\" content=\"summary_large_image\" \/>\n<meta name=\"twitter:label1\" content=\"Ber\u00e4knad l\u00e4stid\" \/>\n\t<meta name=\"twitter:data1\" content=\"1 minut\" \/>\n<script type=\"application\/ld+json\" class=\"yoast-schema-graph\">{\"@context\":\"https:\\\/\\\/schema.org\",\"@graph\":[{\"@type\":\"WebPage\",\"@id\":\"https:\\\/\\\/www.4h.se\\\/orebro\\\/bli-medlem\\\/\",\"url\":\"https:\\\/\\\/www.4h.se\\\/orebro\\\/bli-medlem\\\/\",\"name\":\"Bli medlem - \u00d6rebro 4H\",\"isPartOf\":{\"@id\":\"https:\\\/\\\/www.4h.se\\\/orebro\\\/#website\"},\"datePublished\":\"2015-10-07T07:13:53+00:00\",\"dateModified\":\"2022-09-15T08:22:08+00:00\",\"breadcrumb\":{\"@id\":\"https:\\\/\\\/www.4h.se\\\/orebro\\\/bli-medlem\\\/#breadcrumb\"},\"inLanguage\":\"sv-SE\",\"potentialAction\":[{\"@type\":\"ReadAction\",\"target\":[\"https:\\\/\\\/www.4h.se\\\/orebro\\\/bli-medlem\\\/\"]}]},{\"@type\":\"BreadcrumbList\",\"@id\":\"https:\\\/\\\/www.4h.se\\\/orebro\\\/bli-medlem\\\/#breadcrumb\",\"itemListElement\":[{\"@type\":\"ListItem\",\"position\":1,\"name\":\"Hem\",\"item\":\"https:\\\/\\\/www.4h.se\\\/orebro\\\/\"},{\"@type\":\"ListItem\",\"position\":2,\"name\":\"Bli medlem\"}]},{\"@type\":\"WebSite\",\"@id\":\"https:\\\/\\\/www.4h.se\\\/orebro\\\/#website\",\"url\":\"https:\\\/\\\/www.4h.se\\\/orebro\\\/\",\"name\":\"\u00d6rebro 4H\",\"description\":\"L\u00e4ra genom att g\u00f6ra\",\"potentialAction\":[{\"@type\":\"SearchAction\",\"target\":{\"@type\":\"EntryPoint\",\"urlTemplate\":\"https:\\\/\\\/www.4h.se\\\/orebro\\\/?s={search_term_string}\"},\"query-input\":{\"@type\":\"PropertyValueSpecification\",\"valueRequired\":true,\"valueName\":\"search_term_string\"}}],\"inLanguage\":\"sv-SE\"}]}<\/script>\n<!-- \/ Yoast SEO plugin. -->","yoast_head_json":{"title":"Bli medlem - \u00d6rebro 4H","robots":{"index":"index","follow":"follow","max-snippet":"max-snippet:-1","max-image-preview":"max-image-preview:large","max-video-preview":"max-video-preview:-1"},"canonical":"https:\/\/www.4h.se\/orebro\/bli-medlem\/","og_locale":"sv_SE","og_type":"article","og_title":"Bli medlem - \u00d6rebro 4H","og_description":"[vc_row][vc_column][vc_column_text]Hur blir jag medlem? Registrera ditt medlemskap H\u00c4R. Vad ing\u00e5r i\u00a0medlemskapet? Du kan delta i m\u00e5nga aktiviteter gratis. En del av v\u00e5ra aktiviteter kostar och d\u00e5 f\u00e5r du reducerat pris. Speciella f\u00f6rm\u00e5ner vid evenemang och aktiviteter. Rena medlemsaktiviteter med olika teman. Tidningen \u201cKl\u00f6verbladet\u201d som utkommer 4 g\u00e5nger per \u00e5r. Den inneh\u00e5ller reportage om 4H-verksamheter runt&nbsp; &hellip; Read more","og_url":"https:\/\/www.4h.se\/orebro\/bli-medlem\/","og_site_name":"\u00d6rebro 4H","article_publisher":"https:\/\/www.facebook.com\/orebro4hgard\/","article_modified_time":"2022-09-15T08:22:08+00:00","twitter_card":"summary_large_image","twitter_misc":{"Ber\u00e4knad l\u00e4stid":"1 minut"},"schema":{"@context":"https:\/\/schema.org","@graph":[{"@type":"WebPage","@id":"https:\/\/www.4h.se\/orebro\/bli-medlem\/","url":"https:\/\/www.4h.se\/orebro\/bli-medlem\/","name":"Bli medlem - \u00d6rebro 4H","isPartOf":{"@id":"https:\/\/www.4h.se\/orebro\/#website"},"datePublished":"2015-10-07T07:13:53+00:00","dateModified":"2022-09-15T08:22:08+00:00","breadcrumb":{"@id":"https:\/\/www.4h.se\/orebro\/bli-medlem\/#breadcrumb"},"inLanguage":"sv-SE","potentialAction":[{"@type":"ReadAction","target":["https:\/\/www.4h.se\/orebro\/bli-medlem\/"]}]},{"@type":"BreadcrumbList","@id":"https:\/\/www.4h.se\/orebro\/bli-medlem\/#breadcrumb","itemListElement":[{"@type":"ListItem","position":1,"name":"Hem","item":"https:\/\/www.4h.se\/orebro\/"},{"@type":"ListItem","position":2,"name":"Bli medlem"}]},{"@type":"WebSite","@id":"https:\/\/www.4h.se\/orebro\/#website","url":"https:\/\/www.4h.se\/orebro\/","name":"\u00d6rebro 4H","description":"L\u00e4ra genom att g\u00f6ra","potentialAction":[{"@type":"SearchAction","target":{"@type":"EntryPoint","urlTemplate":"https:\/\/www.4h.se\/orebro\/?s={search_term_string}"},"query-input":{"@type":"PropertyValueSpecification","valueRequired":true,"valueName":"search_term_string"}}],"inLanguage":"sv-SE"}]}},"_links":{"self":[{"href":"https:\/\/www.4h.se\/orebro\/wp-json\/wp\/v2\/pages\/285","targetHints":{"allow":["GET"]}}],"collection":[{"href":"https:\/\/www.4h.se\/orebro\/wp-json\/wp\/v2\/pages"}],"about":[{"href":"https:\/\/www.4h.se\/orebro\/wp-json\/wp\/v2\/types\/page"}],"author":[{"embeddable":true,"href":"https:\/\/www.4h.se\/orebro\/wp-json\/wp\/v2\/users\/1"}],"replies":[{"embeddable":true,"href":"https:\/\/www.4h.se\/orebro\/wp-json\/wp\/v2\/comments?post=285"}],"version-history":[{"count":0,"href":"https:\/\/www.4h.se\/orebro\/wp-json\/wp\/v2\/pages\/285\/revisions"}],"wp:attachment":[{"href":"https:\/\/www.4h.se\/orebro\/wp-json\/wp\/v2\/media?parent=285"}],"curies":[{"name":"wp","href":"https:\/\/api.w.org\/{rel}","templated":true}]}}