



{"id":106,"date":"2015-01-23T20:00:32","date_gmt":"2015-01-23T19:00:32","guid":{"rendered":"http:\/\/www.4h.se\/rix16\/?page_id=106"},"modified":"2022-09-03T11:07:39","modified_gmt":"2022-09-03T09:07:39","slug":"nyheter","status":"publish","type":"page","link":"https:\/\/www.4h.se\/orebro\/nyheter\/","title":{"rendered":"Nyheter"},"content":{"rendered":"<div class=\"wpb-content-wrapper\"><p>[vc_row][vc_column][vc_column_text]Vi st\u00e5r p\u00e5 H\u00f6stloppisen p\u00e5 Stora Holmen p\u00e5 s\u00f6ndag 3 sept och informerar om 4H-klubben i \u00d6rebro.<\/p>\n<p>Kom f\u00f6rbi och s\u00e4g hej!<\/p>\n<p>Mer info :<\/p>\n<p>https:\/\/www.facebook.com\/StoraHolmen<\/p>\n<p><a href=\"https:\/\/www.4h.se\/orebro\/wp-content\/uploads\/sites\/63\/2015\/01\/Capture-d\u2019e\u0301cran-2022-09-03-a\u0300-10.59.17.png\"><img loading=\"lazy\" decoding=\"async\" class=\"alignnone size-medium wp-image-435\" src=\"https:\/\/www.4h.se\/orebro\/wp-content\/uploads\/sites\/63\/2015\/01\/Capture-d\u2019e\u0301cran-2022-09-03-a\u0300-10.59.17-350x300.png\" alt=\"Capture d\u2019e\u0301cran 2022-09-03 a\u0300 10.59.17\" width=\"350\" height=\"300\" srcset=\"https:\/\/www.4h.se\/orebro\/wp-content\/uploads\/sites\/63\/2015\/01\/Capture-d\u2019e\u0301cran-2022-09-03-a\u0300-10.59.17-350x300.png 350w, https:\/\/www.4h.se\/orebro\/wp-content\/uploads\/sites\/63\/2015\/01\/Capture-d\u2019e\u0301cran-2022-09-03-a\u0300-10.59.17-170x146.png 170w, https:\/\/www.4h.se\/orebro\/wp-content\/uploads\/sites\/63\/2015\/01\/Capture-d\u2019e\u0301cran-2022-09-03-a\u0300-10.59.17.png 551w\" sizes=\"auto, (max-width: 350px) 100vw, 350px\" \/><\/a>[\/vc_column_text][\/vc_column][\/vc_row][vc_row][vc_column][vc_column_text]Vi st\u00e5r p\u00e5 V\u00e5rfesten p\u00e5 l\u00f6rdag och informerar om 4H-klubben i \u00d6rebro. Kom f\u00f6rbi och s\u00e4g hej!<\/p>\n<p><a href=\"https:\/\/www.4h.se\/orebro\/wp-content\/uploads\/sites\/63\/2015\/01\/278844617_550445853079519_8574042035649107098_n.jpeg\"><img loading=\"lazy\" decoding=\"async\" class=\"alignnone size-medium wp-image-432\" src=\"https:\/\/www.4h.se\/orebro\/wp-content\/uploads\/sites\/63\/2015\/01\/278844617_550445853079519_8574042035649107098_n-239x300.jpeg\" alt=\"278844617_550445853079519_8574042035649107098_n\" width=\"239\" height=\"300\" srcset=\"https:\/\/www.4h.se\/orebro\/wp-content\/uploads\/sites\/63\/2015\/01\/278844617_550445853079519_8574042035649107098_n-239x300.jpeg 239w, https:\/\/www.4h.se\/orebro\/wp-content\/uploads\/sites\/63\/2015\/01\/278844617_550445853079519_8574042035649107098_n-119x150.jpeg 119w, https:\/\/www.4h.se\/orebro\/wp-content\/uploads\/sites\/63\/2015\/01\/278844617_550445853079519_8574042035649107098_n.jpeg 764w\" sizes=\"auto, (max-width: 239px) 100vw, 239px\" \/><\/a><\/p>\n<p>&nbsp;<\/p>\n<p>&nbsp;[\/vc_column_text][\/vc_column][\/vc_row][vc_row][vc_column][vc_column_text]&nbsp;<\/p>\n<p>&nbsp;<\/p>\n<p style=\"text-align: left\">\u00d6rebro 4H-klubb st\u00e5 p\u00e5 marknaden i Kvinnersta <strong>l\u00f6rdag den 7 maj<\/strong> !<\/p>\n<p style=\"text-align: left\">Kom och h\u00e4lsa p\u00e5 \ud83d\ude09<\/p>\n<p style=\"text-align: left\"><a href=\"https:\/\/www.4h.se\/orebro\/wp-content\/uploads\/sites\/63\/2015\/01\/Capture-d\u2019e\u0301cran-2022-05-06-a\u0300-10.54.08.png\"><img loading=\"lazy\" decoding=\"async\" class=\"alignnone size-medium wp-image-431\" src=\"https:\/\/www.4h.se\/orebro\/wp-content\/uploads\/sites\/63\/2015\/01\/Capture-d\u2019e\u0301cran-2022-05-06-a\u0300-10.54.08-211x300.png\" alt=\"Capture d\u2019e\u0301cran 2022-05-06 a\u0300 10.54.08\" width=\"211\" height=\"300\" srcset=\"https:\/\/www.4h.se\/orebro\/wp-content\/uploads\/sites\/63\/2015\/01\/Capture-d\u2019e\u0301cran-2022-05-06-a\u0300-10.54.08-211x300.png 211w, https:\/\/www.4h.se\/orebro\/wp-content\/uploads\/sites\/63\/2015\/01\/Capture-d\u2019e\u0301cran-2022-05-06-a\u0300-10.54.08-106x150.png 106w, https:\/\/www.4h.se\/orebro\/wp-content\/uploads\/sites\/63\/2015\/01\/Capture-d\u2019e\u0301cran-2022-05-06-a\u0300-10.54.08.png 430w\" sizes=\"auto, (max-width: 211px) 100vw, 211px\" \/><\/a><\/p>\n<p>[\/vc_column_text][\/vc_column][\/vc_row]<\/p>\n<\/div>","protected":false},"excerpt":{"rendered":"<p>[vc_row][vc_column][vc_column_text]Vi st\u00e5r p\u00e5 H\u00f6stloppisen p\u00e5 Stora Holmen p\u00e5 s\u00f6ndag 3 sept och informerar om 4H-klubben i \u00d6rebro. Kom f\u00f6rbi och s\u00e4g hej! Mer info : https:\/\/www.facebook.com\/StoraHolmen [\/vc_column_text][\/vc_column][\/vc_row][vc_row][vc_column][vc_column_text]Vi st\u00e5r p\u00e5 V\u00e5rfesten p\u00e5 l\u00f6rdag och informerar om 4H-klubben i \u00d6rebro. Kom f\u00f6rbi och s\u00e4g hej! &nbsp; &nbsp;[\/vc_column_text][\/vc_column][\/vc_row][vc_row][vc_column][vc_column_text]&nbsp; &nbsp; \u00d6rebro 4H-klubb st\u00e5 p\u00e5 marknaden i Kvinnersta l\u00f6rdag den&nbsp; <a href=\"https:\/\/www.4h.se\/orebro\/nyheter\/\">&hellip; Read more <i class=\"glyphicon glyphicon-arrow-right\"><\/i><\/a><\/p>\n","protected":false},"author":1,"featured_media":0,"parent":0,"menu_order":8,"comment_status":"closed","ping_status":"closed","template":"page-news.php","meta":{"_acf_changed":false,"footnotes":""},"class_list":["post-106","page","type-page","status-publish","hentry"],"acf":[],"yoast_head":"<!-- This site is optimized with the Yoast SEO plugin v27.5 - https:\/\/yoast.com\/product\/yoast-seo-wordpress\/ -->\n<title>Nyheter - \u00d6rebro 4H<\/title>\n<meta name=\"robots\" content=\"index, follow, max-snippet:-1, max-image-preview:large, max-video-preview:-1\" \/>\n<link rel=\"canonical\" href=\"https:\/\/www.4h.se\/orebro\/nyheter\/\" \/>\n<meta property=\"og:locale\" content=\"sv_SE\" \/>\n<meta property=\"og:type\" content=\"article\" \/>\n<meta property=\"og:title\" content=\"Nyheter - \u00d6rebro 4H\" \/>\n<meta property=\"og:description\" content=\"[vc_row][vc_column][vc_column_text]Vi st\u00e5r p\u00e5 H\u00f6stloppisen p\u00e5 Stora Holmen p\u00e5 s\u00f6ndag 3 sept och informerar om 4H-klubben i \u00d6rebro. Kom f\u00f6rbi och s\u00e4g hej! Mer info : https:\/\/www.facebook.com\/StoraHolmen [\/vc_column_text][\/vc_column][\/vc_row][vc_row][vc_column][vc_column_text]Vi st\u00e5r p\u00e5 V\u00e5rfesten p\u00e5 l\u00f6rdag och informerar om 4H-klubben i \u00d6rebro. Kom f\u00f6rbi och s\u00e4g hej! &nbsp; &nbsp;[\/vc_column_text][\/vc_column][\/vc_row][vc_row][vc_column][vc_column_text]&nbsp; &nbsp; \u00d6rebro 4H-klubb st\u00e5 p\u00e5 marknaden i Kvinnersta l\u00f6rdag den&nbsp; &hellip; Read more\" \/>\n<meta property=\"og:url\" content=\"https:\/\/www.4h.se\/orebro\/nyheter\/\" \/>\n<meta property=\"og:site_name\" content=\"\u00d6rebro 4H\" \/>\n<meta property=\"article:publisher\" content=\"https:\/\/www.facebook.com\/orebro4hgard\/\" \/>\n<meta property=\"article:modified_time\" content=\"2022-09-03T09:07:39+00:00\" \/>\n<meta property=\"og:image\" content=\"https:\/\/www.4h.se\/orebro\/wp-content\/uploads\/sites\/63\/2015\/01\/278844617_550445853079519_8574042035649107098_n-239x300.jpeg\" \/>\n<meta name=\"twitter:card\" content=\"summary_large_image\" \/>\n<meta name=\"twitter:label1\" content=\"Ber\u00e4knad l\u00e4stid\" \/>\n\t<meta name=\"twitter:data1\" content=\"1 minut\" \/>\n<script type=\"application\/ld+json\" class=\"yoast-schema-graph\">{\"@context\":\"https:\\\/\\\/schema.org\",\"@graph\":[{\"@type\":\"WebPage\",\"@id\":\"https:\\\/\\\/www.4h.se\\\/orebro\\\/nyheter\\\/\",\"url\":\"https:\\\/\\\/www.4h.se\\\/orebro\\\/nyheter\\\/\",\"name\":\"Nyheter - \u00d6rebro 4H\",\"isPartOf\":{\"@id\":\"https:\\\/\\\/www.4h.se\\\/orebro\\\/#website\"},\"primaryImageOfPage\":{\"@id\":\"https:\\\/\\\/www.4h.se\\\/orebro\\\/nyheter\\\/#primaryimage\"},\"image\":{\"@id\":\"https:\\\/\\\/www.4h.se\\\/orebro\\\/nyheter\\\/#primaryimage\"},\"thumbnailUrl\":\"https:\\\/\\\/www.4h.se\\\/orebro\\\/wp-content\\\/uploads\\\/sites\\\/63\\\/2015\\\/01\\\/278844617_550445853079519_8574042035649107098_n-239x300.jpeg\",\"datePublished\":\"2015-01-23T19:00:32+00:00\",\"dateModified\":\"2022-09-03T09:07:39+00:00\",\"breadcrumb\":{\"@id\":\"https:\\\/\\\/www.4h.se\\\/orebro\\\/nyheter\\\/#breadcrumb\"},\"inLanguage\":\"sv-SE\",\"potentialAction\":[{\"@type\":\"ReadAction\",\"target\":[\"https:\\\/\\\/www.4h.se\\\/orebro\\\/nyheter\\\/\"]}]},{\"@type\":\"ImageObject\",\"inLanguage\":\"sv-SE\",\"@id\":\"https:\\\/\\\/www.4h.se\\\/orebro\\\/nyheter\\\/#primaryimage\",\"url\":\"https:\\\/\\\/www.4h.se\\\/orebro\\\/wp-content\\\/uploads\\\/sites\\\/63\\\/2015\\\/01\\\/278844617_550445853079519_8574042035649107098_n.jpeg\",\"contentUrl\":\"https:\\\/\\\/www.4h.se\\\/orebro\\\/wp-content\\\/uploads\\\/sites\\\/63\\\/2015\\\/01\\\/278844617_550445853079519_8574042035649107098_n.jpeg\",\"width\":764,\"height\":960},{\"@type\":\"BreadcrumbList\",\"@id\":\"https:\\\/\\\/www.4h.se\\\/orebro\\\/nyheter\\\/#breadcrumb\",\"itemListElement\":[{\"@type\":\"ListItem\",\"position\":1,\"name\":\"Hem\",\"item\":\"https:\\\/\\\/www.4h.se\\\/orebro\\\/\"},{\"@type\":\"ListItem\",\"position\":2,\"name\":\"Nyheter\"}]},{\"@type\":\"WebSite\",\"@id\":\"https:\\\/\\\/www.4h.se\\\/orebro\\\/#website\",\"url\":\"https:\\\/\\\/www.4h.se\\\/orebro\\\/\",\"name\":\"\u00d6rebro 4H\",\"description\":\"L\u00e4ra genom att g\u00f6ra\",\"potentialAction\":[{\"@type\":\"SearchAction\",\"target\":{\"@type\":\"EntryPoint\",\"urlTemplate\":\"https:\\\/\\\/www.4h.se\\\/orebro\\\/?s={search_term_string}\"},\"query-input\":{\"@type\":\"PropertyValueSpecification\",\"valueRequired\":true,\"valueName\":\"search_term_string\"}}],\"inLanguage\":\"sv-SE\"}]}<\/script>\n<!-- \/ Yoast SEO plugin. -->","yoast_head_json":{"title":"Nyheter - \u00d6rebro 4H","robots":{"index":"index","follow":"follow","max-snippet":"max-snippet:-1","max-image-preview":"max-image-preview:large","max-video-preview":"max-video-preview:-1"},"canonical":"https:\/\/www.4h.se\/orebro\/nyheter\/","og_locale":"sv_SE","og_type":"article","og_title":"Nyheter - \u00d6rebro 4H","og_description":"[vc_row][vc_column][vc_column_text]Vi st\u00e5r p\u00e5 H\u00f6stloppisen p\u00e5 Stora Holmen p\u00e5 s\u00f6ndag 3 sept och informerar om 4H-klubben i \u00d6rebro. Kom f\u00f6rbi och s\u00e4g hej! Mer info : https:\/\/www.facebook.com\/StoraHolmen [\/vc_column_text][\/vc_column][\/vc_row][vc_row][vc_column][vc_column_text]Vi st\u00e5r p\u00e5 V\u00e5rfesten p\u00e5 l\u00f6rdag och informerar om 4H-klubben i \u00d6rebro. Kom f\u00f6rbi och s\u00e4g hej! &nbsp; &nbsp;[\/vc_column_text][\/vc_column][\/vc_row][vc_row][vc_column][vc_column_text]&nbsp; &nbsp; \u00d6rebro 4H-klubb st\u00e5 p\u00e5 marknaden i Kvinnersta l\u00f6rdag den&nbsp; &hellip; Read more","og_url":"https:\/\/www.4h.se\/orebro\/nyheter\/","og_site_name":"\u00d6rebro 4H","article_publisher":"https:\/\/www.facebook.com\/orebro4hgard\/","article_modified_time":"2022-09-03T09:07:39+00:00","og_image":[{"url":"https:\/\/www.4h.se\/orebro\/wp-content\/uploads\/sites\/63\/2015\/01\/278844617_550445853079519_8574042035649107098_n-239x300.jpeg","type":"","width":"","height":""}],"twitter_card":"summary_large_image","twitter_misc":{"Ber\u00e4knad l\u00e4stid":"1 minut"},"schema":{"@context":"https:\/\/schema.org","@graph":[{"@type":"WebPage","@id":"https:\/\/www.4h.se\/orebro\/nyheter\/","url":"https:\/\/www.4h.se\/orebro\/nyheter\/","name":"Nyheter - \u00d6rebro 4H","isPartOf":{"@id":"https:\/\/www.4h.se\/orebro\/#website"},"primaryImageOfPage":{"@id":"https:\/\/www.4h.se\/orebro\/nyheter\/#primaryimage"},"image":{"@id":"https:\/\/www.4h.se\/orebro\/nyheter\/#primaryimage"},"thumbnailUrl":"https:\/\/www.4h.se\/orebro\/wp-content\/uploads\/sites\/63\/2015\/01\/278844617_550445853079519_8574042035649107098_n-239x300.jpeg","datePublished":"2015-01-23T19:00:32+00:00","dateModified":"2022-09-03T09:07:39+00:00","breadcrumb":{"@id":"https:\/\/www.4h.se\/orebro\/nyheter\/#breadcrumb"},"inLanguage":"sv-SE","potentialAction":[{"@type":"ReadAction","target":["https:\/\/www.4h.se\/orebro\/nyheter\/"]}]},{"@type":"ImageObject","inLanguage":"sv-SE","@id":"https:\/\/www.4h.se\/orebro\/nyheter\/#primaryimage","url":"https:\/\/www.4h.se\/orebro\/wp-content\/uploads\/sites\/63\/2015\/01\/278844617_550445853079519_8574042035649107098_n.jpeg","contentUrl":"https:\/\/www.4h.se\/orebro\/wp-content\/uploads\/sites\/63\/2015\/01\/278844617_550445853079519_8574042035649107098_n.jpeg","width":764,"height":960},{"@type":"BreadcrumbList","@id":"https:\/\/www.4h.se\/orebro\/nyheter\/#breadcrumb","itemListElement":[{"@type":"ListItem","position":1,"name":"Hem","item":"https:\/\/www.4h.se\/orebro\/"},{"@type":"ListItem","position":2,"name":"Nyheter"}]},{"@type":"WebSite","@id":"https:\/\/www.4h.se\/orebro\/#website","url":"https:\/\/www.4h.se\/orebro\/","name":"\u00d6rebro 4H","description":"L\u00e4ra genom att g\u00f6ra","potentialAction":[{"@type":"SearchAction","target":{"@type":"EntryPoint","urlTemplate":"https:\/\/www.4h.se\/orebro\/?s={search_term_string}"},"query-input":{"@type":"PropertyValueSpecification","valueRequired":true,"valueName":"search_term_string"}}],"inLanguage":"sv-SE"}]}},"_links":{"self":[{"href":"https:\/\/www.4h.se\/orebro\/wp-json\/wp\/v2\/pages\/106","targetHints":{"allow":["GET"]}}],"collection":[{"href":"https:\/\/www.4h.se\/orebro\/wp-json\/wp\/v2\/pages"}],"about":[{"href":"https:\/\/www.4h.se\/orebro\/wp-json\/wp\/v2\/types\/page"}],"author":[{"embeddable":true,"href":"https:\/\/www.4h.se\/orebro\/wp-json\/wp\/v2\/users\/1"}],"replies":[{"embeddable":true,"href":"https:\/\/www.4h.se\/orebro\/wp-json\/wp\/v2\/comments?post=106"}],"version-history":[{"count":0,"href":"https:\/\/www.4h.se\/orebro\/wp-json\/wp\/v2\/pages\/106\/revisions"}],"wp:attachment":[{"href":"https:\/\/www.4h.se\/orebro\/wp-json\/wp\/v2\/media?parent=106"}],"curies":[{"name":"wp","href":"https:\/\/api.w.org\/{rel}","templated":true}]}}