



{"id":785,"date":"2020-10-29T12:32:31","date_gmt":"2020-10-29T11:32:31","guid":{"rendered":"https:\/\/www.4h.se\/odenslund\/?page_id=785"},"modified":"2026-01-28T07:55:21","modified_gmt":"2026-01-28T06:55:21","slug":"sportlov","status":"publish","type":"page","link":"https:\/\/www.4h.se\/odenslund\/sportlov\/","title":{"rendered":"Sportlov"},"content":{"rendered":"<div class=\"wpb-content-wrapper\"><p>[vc_row][vc_column][vc_column_text css=&#8221;&#8221;]<\/p>\n<h3>Sportlovsl\u00e4ger, 2026<\/h3>\n<p>[\/vc_column_text][\/vc_column][\/vc_row][vc_row][vc_column width=&#8221;1\/2&#8243;][vc_column_text css=&#8221;&#8221;]Under l\u00e4gret tar vi hand om djuren p\u00e5 g\u00e5rden och l\u00e4r oss massor om dem. Vi leker och l\u00e4r k\u00e4nna en massa nya kompisar med samma intresse.<\/p>\n<p>&nbsp;<\/p>\n<p><a href=\"https:\/\/www.antribe.com\/org\/4h\/odenslunds-4h\/event\">Anm\u00e4lan via antribe https:\/\/www.antribe.com\/org\/4h\/odenslunds-4h\/event<\/a>[\/vc_column_text][\/vc_column][vc_column width=&#8221;1\/2&#8243;][vc_single_image image=&#8221;1316&#8243; img_size=&#8221;full&#8221; css=&#8221;&#8221;][\/vc_column][\/vc_row][vc_row][vc_column][vc_single_image image=&#8221;1356&#8243; img_size=&#8221;Full&#8221; css=&#8221;&#8221;][\/vc_column][\/vc_row]<\/p>\n<\/div>","protected":false},"excerpt":{"rendered":"<p>[vc_row][vc_column][vc_column_text css=&#8221;&#8221;] Sportlovsl\u00e4ger, 2026 [\/vc_column_text][\/vc_column][\/vc_row][vc_row][vc_column width=&#8221;1\/2&#8243;][vc_column_text css=&#8221;&#8221;]Under l\u00e4gret tar vi hand om djuren p\u00e5 g\u00e5rden och l\u00e4r oss massor om dem. Vi leker och l\u00e4r k\u00e4nna en massa nya kompisar med samma intresse. &nbsp; Anm\u00e4lan via antribe https:\/\/www.antribe.com\/org\/4h\/odenslunds-4h\/event[\/vc_column_text][\/vc_column][vc_column width=&#8221;1\/2&#8243;][vc_single_image image=&#8221;1316&#8243; img_size=&#8221;full&#8221; css=&#8221;&#8221;][\/vc_column][\/vc_row][vc_row][vc_column][vc_single_image image=&#8221;1356&#8243; img_size=&#8221;Full&#8221; css=&#8221;&#8221;][\/vc_column][\/vc_row]<\/p>\n","protected":false},"author":143,"featured_media":0,"parent":0,"menu_order":69,"comment_status":"closed","ping_status":"closed","template":"","meta":{"_acf_changed":false,"footnotes":""},"class_list":["post-785","page","type-page","status-publish","hentry"],"acf":[],"yoast_head":"<!-- This site is optimized with the Yoast SEO plugin v27.5 - https:\/\/yoast.com\/product\/yoast-seo-wordpress\/ -->\n<title>Sportlov - Odenslunds 4H-g\u00e5rd<\/title>\n<meta name=\"robots\" content=\"index, follow, max-snippet:-1, max-image-preview:large, max-video-preview:-1\" \/>\n<link rel=\"canonical\" href=\"https:\/\/www.4h.se\/odenslund\/sportlov\/\" \/>\n<meta property=\"og:locale\" content=\"sv_SE\" \/>\n<meta property=\"og:type\" content=\"article\" \/>\n<meta property=\"og:title\" content=\"Sportlov - Odenslunds 4H-g\u00e5rd\" \/>\n<meta property=\"og:description\" content=\"[vc_row][vc_column][vc_column_text css=&#8221;&#8221;] Sportlovsl\u00e4ger, 2026 [\/vc_column_text][\/vc_column][\/vc_row][vc_row][vc_column width=&#8221;1\/2&#8243;][vc_column_text css=&#8221;&#8221;]Under l\u00e4gret tar vi hand om djuren p\u00e5 g\u00e5rden och l\u00e4r oss massor om dem. Vi leker och l\u00e4r k\u00e4nna en massa nya kompisar med samma intresse. &nbsp; Anm\u00e4lan via antribe https:\/\/www.antribe.com\/org\/4h\/odenslunds-4h\/event[\/vc_column_text][\/vc_column][vc_column width=&#8221;1\/2&#8243;][vc_single_image image=&#8221;1316&#8243; img_size=&#8221;full&#8221; css=&#8221;&#8221;][\/vc_column][\/vc_row][vc_row][vc_column][vc_single_image image=&#8221;1356&#8243; img_size=&#8221;Full&#8221; css=&#8221;&#8221;][\/vc_column][\/vc_row]\" \/>\n<meta property=\"og:url\" content=\"https:\/\/www.4h.se\/odenslund\/sportlov\/\" \/>\n<meta property=\"og:site_name\" content=\"Odenslunds 4H-g\u00e5rd\" \/>\n<meta property=\"article:modified_time\" content=\"2026-01-28T06:55:21+00:00\" \/>\n<meta name=\"twitter:card\" content=\"summary_large_image\" \/>\n<meta name=\"twitter:label1\" content=\"Ber\u00e4knad l\u00e4stid\" \/>\n\t<meta name=\"twitter:data1\" content=\"1 minut\" \/>\n<script type=\"application\/ld+json\" class=\"yoast-schema-graph\">{\"@context\":\"https:\\\/\\\/schema.org\",\"@graph\":[{\"@type\":\"WebPage\",\"@id\":\"https:\\\/\\\/www.4h.se\\\/odenslund\\\/sportlov\\\/\",\"url\":\"https:\\\/\\\/www.4h.se\\\/odenslund\\\/sportlov\\\/\",\"name\":\"Sportlov - Odenslunds 4H-g\u00e5rd\",\"isPartOf\":{\"@id\":\"https:\\\/\\\/www.4h.se\\\/odenslund\\\/#website\"},\"datePublished\":\"2020-10-29T11:32:31+00:00\",\"dateModified\":\"2026-01-28T06:55:21+00:00\",\"breadcrumb\":{\"@id\":\"https:\\\/\\\/www.4h.se\\\/odenslund\\\/sportlov\\\/#breadcrumb\"},\"inLanguage\":\"sv-SE\",\"potentialAction\":[{\"@type\":\"ReadAction\",\"target\":[\"https:\\\/\\\/www.4h.se\\\/odenslund\\\/sportlov\\\/\"]}]},{\"@type\":\"BreadcrumbList\",\"@id\":\"https:\\\/\\\/www.4h.se\\\/odenslund\\\/sportlov\\\/#breadcrumb\",\"itemListElement\":[{\"@type\":\"ListItem\",\"position\":1,\"name\":\"Hem\",\"item\":\"https:\\\/\\\/www.4h.se\\\/odenslund\\\/\"},{\"@type\":\"ListItem\",\"position\":2,\"name\":\"Sportlov\"}]},{\"@type\":\"WebSite\",\"@id\":\"https:\\\/\\\/www.4h.se\\\/odenslund\\\/#website\",\"url\":\"https:\\\/\\\/www.4h.se\\\/odenslund\\\/\",\"name\":\"Odenslunds 4H-g\u00e5rd\",\"description\":\"Av unga f\u00f6r unga\",\"potentialAction\":[{\"@type\":\"SearchAction\",\"target\":{\"@type\":\"EntryPoint\",\"urlTemplate\":\"https:\\\/\\\/www.4h.se\\\/odenslund\\\/?s={search_term_string}\"},\"query-input\":{\"@type\":\"PropertyValueSpecification\",\"valueRequired\":true,\"valueName\":\"search_term_string\"}}],\"inLanguage\":\"sv-SE\"}]}<\/script>\n<!-- \/ Yoast SEO plugin. -->","yoast_head_json":{"title":"Sportlov - Odenslunds 4H-g\u00e5rd","robots":{"index":"index","follow":"follow","max-snippet":"max-snippet:-1","max-image-preview":"max-image-preview:large","max-video-preview":"max-video-preview:-1"},"canonical":"https:\/\/www.4h.se\/odenslund\/sportlov\/","og_locale":"sv_SE","og_type":"article","og_title":"Sportlov - Odenslunds 4H-g\u00e5rd","og_description":"[vc_row][vc_column][vc_column_text css=&#8221;&#8221;] Sportlovsl\u00e4ger, 2026 [\/vc_column_text][\/vc_column][\/vc_row][vc_row][vc_column width=&#8221;1\/2&#8243;][vc_column_text css=&#8221;&#8221;]Under l\u00e4gret tar vi hand om djuren p\u00e5 g\u00e5rden och l\u00e4r oss massor om dem. Vi leker och l\u00e4r k\u00e4nna en massa nya kompisar med samma intresse. &nbsp; Anm\u00e4lan via antribe https:\/\/www.antribe.com\/org\/4h\/odenslunds-4h\/event[\/vc_column_text][\/vc_column][vc_column width=&#8221;1\/2&#8243;][vc_single_image image=&#8221;1316&#8243; img_size=&#8221;full&#8221; css=&#8221;&#8221;][\/vc_column][\/vc_row][vc_row][vc_column][vc_single_image image=&#8221;1356&#8243; img_size=&#8221;Full&#8221; css=&#8221;&#8221;][\/vc_column][\/vc_row]","og_url":"https:\/\/www.4h.se\/odenslund\/sportlov\/","og_site_name":"Odenslunds 4H-g\u00e5rd","article_modified_time":"2026-01-28T06:55:21+00:00","twitter_card":"summary_large_image","twitter_misc":{"Ber\u00e4knad l\u00e4stid":"1 minut"},"schema":{"@context":"https:\/\/schema.org","@graph":[{"@type":"WebPage","@id":"https:\/\/www.4h.se\/odenslund\/sportlov\/","url":"https:\/\/www.4h.se\/odenslund\/sportlov\/","name":"Sportlov - Odenslunds 4H-g\u00e5rd","isPartOf":{"@id":"https:\/\/www.4h.se\/odenslund\/#website"},"datePublished":"2020-10-29T11:32:31+00:00","dateModified":"2026-01-28T06:55:21+00:00","breadcrumb":{"@id":"https:\/\/www.4h.se\/odenslund\/sportlov\/#breadcrumb"},"inLanguage":"sv-SE","potentialAction":[{"@type":"ReadAction","target":["https:\/\/www.4h.se\/odenslund\/sportlov\/"]}]},{"@type":"BreadcrumbList","@id":"https:\/\/www.4h.se\/odenslund\/sportlov\/#breadcrumb","itemListElement":[{"@type":"ListItem","position":1,"name":"Hem","item":"https:\/\/www.4h.se\/odenslund\/"},{"@type":"ListItem","position":2,"name":"Sportlov"}]},{"@type":"WebSite","@id":"https:\/\/www.4h.se\/odenslund\/#website","url":"https:\/\/www.4h.se\/odenslund\/","name":"Odenslunds 4H-g\u00e5rd","description":"Av unga f\u00f6r unga","potentialAction":[{"@type":"SearchAction","target":{"@type":"EntryPoint","urlTemplate":"https:\/\/www.4h.se\/odenslund\/?s={search_term_string}"},"query-input":{"@type":"PropertyValueSpecification","valueRequired":true,"valueName":"search_term_string"}}],"inLanguage":"sv-SE"}]}},"_links":{"self":[{"href":"https:\/\/www.4h.se\/odenslund\/wp-json\/wp\/v2\/pages\/785","targetHints":{"allow":["GET"]}}],"collection":[{"href":"https:\/\/www.4h.se\/odenslund\/wp-json\/wp\/v2\/pages"}],"about":[{"href":"https:\/\/www.4h.se\/odenslund\/wp-json\/wp\/v2\/types\/page"}],"author":[{"embeddable":true,"href":"https:\/\/www.4h.se\/odenslund\/wp-json\/wp\/v2\/users\/143"}],"replies":[{"embeddable":true,"href":"https:\/\/www.4h.se\/odenslund\/wp-json\/wp\/v2\/comments?post=785"}],"version-history":[{"count":0,"href":"https:\/\/www.4h.se\/odenslund\/wp-json\/wp\/v2\/pages\/785\/revisions"}],"wp:attachment":[{"href":"https:\/\/www.4h.se\/odenslund\/wp-json\/wp\/v2\/media?parent=785"}],"curies":[{"name":"wp","href":"https:\/\/api.w.org\/{rel}","templated":true}]}}