



{"id":674,"date":"2020-06-11T11:29:00","date_gmt":"2020-06-11T09:29:00","guid":{"rendered":"https:\/\/www.4h.se\/odenslund\/?page_id=674"},"modified":"2023-07-03T10:20:30","modified_gmt":"2023-07-03T08:20:30","slug":"omhandertagning-av-djur","status":"publish","type":"page","link":"https:\/\/www.4h.se\/odenslund\/omhandertagning-av-djur\/","title":{"rendered":"Omh\u00e4ndertagning av djur"},"content":{"rendered":"<div class=\"wpb-content-wrapper\"><p>[vc_row][vc_column width=&#8221;2\/3&#8243;][vc_column_text]<\/p>\n<h2 class=\"post-title entry-title\">Omh\u00e4ndertagning av kanin<\/h2>\n<p class=\"post-byline\">Som ett alternativ till avlivning av friska kanin kan man l\u00e4mna in sin kanin till 4H-g\u00e5rden.<\/p>\n<div class=\"entry themeform\">\n<div class=\"entry-inner\">\n<div class=\"elementor elementor-514 elementor-bc-flex-widget\">\n<div class=\"elementor-inner\">\n<div class=\"elementor-section-wrap\">\n<section class=\"elementor-element elementor-element-637e165 elementor-section-boxed elementor-section-height-default elementor-section-height-default elementor-section elementor-top-section\">\n<div class=\"elementor-container elementor-column-gap-default\">\n<div class=\"elementor-row\">\n<div class=\"elementor-element elementor-element-78d4a3e elementor-column elementor-col-100 elementor-top-column\">\n<div class=\"elementor-column-wrap elementor-element-populated\">\n<div class=\"elementor-widget-wrap\">\n<div class=\"elementor-element elementor-element-4cc1ada elementor-widget elementor-widget-text-editor\">\n<div class=\"elementor-widget-container\">\n<div class=\"elementor-text-editor elementor-clearfix\">\n<p><strong>F\u00f6ljande villkor st\u00e4lls:<\/strong><\/p>\n<ul>\n<li><strong>Kaninen skall vara helt friskt<\/strong><\/li>\n<li><strong>Det ska l\u00e4mnas med bur och utrustning<\/strong><\/li>\n<li><strong>Kostnad 500 kr per djur, 800 kr f\u00f6r okastrerade hanar.<\/strong><\/li>\n<li><strong>Vi har ett begr\u00e4nsat antal platser. Ring eller maila oss och boka tid innan ni kommer<\/strong><\/li>\n<\/ul>\n<p><em>4H\u00a0\u00f6vertar utgifter f\u00f6r djuret vad g\u00e4ller sk\u00f6tsel och h\u00e4lsa. 4H \u00e4ger r\u00e4tt att f\u00f6rmedla djuret vidare eller beh\u00e5lla det i egen verksamhet.\u00a0\u00a0<\/em><\/p>\n<p>Fyll g\u00e4rna i formul\u00e4ret s\u00e5 \u00e5terkommer vi.<\/p>\n<\/div>\n<\/div>\n<\/div>\n<\/div>\n<\/div>\n<\/div>\n<\/div>\n<\/div>\n<\/section>\n<\/div>\n<\/div>\n<\/div>\n<\/div>\n<\/div>\n<p>[\/vc_column_text][\/vc_column][vc_column width=&#8221;1\/3&#8243;][vc_column_text]<div class=\"frm_forms  with_frm_style frm_style_formidable-style\" id=\"frm_form_11_container\" >\n<form enctype=\"multipart\/form-data\" method=\"post\" class=\"frm-show-form \" id=\"form_at030\" >\n<div class=\"frm_form_fields \">\n<fieldset>\n<legend class=\"frm_hidden\">F\u00f6rfr\u00e5gan omh\u00e4ndertagning av kanin<\/legend>\r\n<h3 class=\"frm_form_title\">F\u00f6rfr\u00e5gan omh\u00e4ndertagning av kanin<\/h3>\r\n<div class=\"frm_fields_container\">\n<input type=\"hidden\" name=\"frm_action\" value=\"create\" \/>\n<input type=\"hidden\" name=\"form_id\" value=\"11\" \/>\n<input type=\"hidden\" name=\"frm_hide_fields_11\" id=\"frm_hide_fields_11\" value=\"\" \/>\n<input type=\"hidden\" name=\"form_key\" value=\"at030\" \/>\n<input type=\"hidden\" name=\"item_meta[0]\" value=\"\" \/>\n<input type=\"hidden\" id=\"frm_submit_entry_11\" name=\"frm_submit_entry_11\" value=\"52f5dbe88d\" \/><input type=\"hidden\" name=\"_wp_http_referer\" value=\"\/odenslund\/wp-json\/wp\/v2\/pages\/674\" \/><div id=\"frm_field_69_container\" class=\"frm_form_field form-field  frm_top_container\">\r\n    <label for=\"field_uuiaw\" class=\"frm_primary_label\">Djur\u00e4garens namn\r\n        <span class=\"frm_required\"><\/span>\r\n    <\/label>\r\n    <input type=\"text\" id=\"field_uuiaw\" name=\"item_meta[69]\" value=\"\"  data-invmsg=\"Djur\u00e4garens namn \u00e4r ogiltigt\" aria-invalid=\"false\"  \/>\r\n    \r\n    \r\n<\/div>\n<div id=\"frm_field_70_container\" class=\"frm_form_field form-field  frm_top_container\">\r\n    <label for=\"field_h50lw\" class=\"frm_primary_label\">e-post\r\n        <span class=\"frm_required\"><\/span>\r\n    <\/label>\r\n    <input type=\"text\" id=\"field_h50lw\" name=\"item_meta[70]\" value=\"\"  data-invmsg=\"e-post \u00e4r ogiltigt\" aria-invalid=\"false\"  \/>\r\n    \r\n    \r\n<\/div>\n<div id=\"frm_field_71_container\" class=\"frm_form_field form-field  frm_top_container\">\r\n    <label for=\"field_35w6r\" class=\"frm_primary_label\">Telefonnummer\r\n        <span class=\"frm_required\"><\/span>\r\n    <\/label>\r\n    <input type=\"text\" id=\"field_35w6r\" name=\"item_meta[71]\" value=\"\"  data-invmsg=\"Telefonnummer \u00e4r ogiltigt\" aria-invalid=\"false\"  \/>\r\n    \r\n    \r\n<\/div>\n<div id=\"frm_field_72_container\" class=\"frm_form_field form-field  frm_top_container\">\r\n    <label for=\"field_c5u1j\" class=\"frm_primary_label\">Kaninens namn\r\n        <span class=\"frm_required\"><\/span>\r\n    <\/label>\r\n    <input type=\"text\" id=\"field_c5u1j\" name=\"item_meta[72]\" value=\"\"  data-invmsg=\"Kaninens namn \u00e4r ogiltigt\" aria-invalid=\"false\"  \/>\r\n    \r\n    \r\n<\/div>\n<div id=\"frm_field_73_container\" class=\"frm_form_field form-field  frm_top_container\">\r\n    <label for=\"field_y9pqg\" class=\"frm_primary_label\">Kaninens \u00e5lder\r\n        <span class=\"frm_required\"><\/span>\r\n    <\/label>\r\n    <input type=\"text\" id=\"field_y9pqg\" name=\"item_meta[73]\" value=\"\"  data-invmsg=\"Kaninens \u00e5lder \u00e4r ogiltigt\" aria-invalid=\"false\"  \/>\r\n    \r\n    \r\n<\/div>\n<div id=\"frm_field_75_container\" class=\"frm_form_field form-field  frm_top_container\">\r\n    <label for=\"field_qh1y2\" class=\"frm_primary_label\">Eventuell sjukdomshistorik\r\n        <span class=\"frm_required\"><\/span>\r\n    <\/label>\r\n    <textarea name=\"item_meta[75]\" id=\"field_qh1y2\" rows=\"5\"  data-invmsg=\"Eventuell sjukdomshistorik \u00e4r ogiltigt\" aria-invalid=\"false\"  ><\/textarea>\r\n    \r\n    \r\n<\/div>\n\t<input type=\"hidden\" name=\"item_key\" value=\"\" \/>\n\t\t\t<div id=\"frm_field_122_container\">\n\t\t\t<label for=\"field_244pr\" >\n\t\t\t\tOm du \u00e4r m\u00e4nsklig, l\u00e4mna det h\u00e4r f\u00e4ltet tomt.\t\t\t<\/label>\n\t\t\t<input  id=\"field_244pr\" type=\"text\" class=\"frm_form_field form-field frm_verify\" name=\"item_meta[122]\" value=\"\"  \/>\n\t\t<\/div>\n\t\t<input name=\"frm_state\" type=\"hidden\" value=\"LLWS+LAQzrloQPxWK+8TGNNCbUbOZIS5zEGyXFkDu20=\" \/><div class=\"frm_submit\">\r\n\r\n<button class=\"frm_button_submit\" type=\"submit\"  >Skicka<\/button>\r\n\r\n<\/div><\/div>\n<\/fieldset>\n<\/div>\n\n<\/form>\n<\/div>\n[\/vc_column_text][\/vc_column][\/vc_row]<\/p>\n<\/div>","protected":false},"excerpt":{"rendered":"<p>[vc_row][vc_column width=&#8221;2\/3&#8243;][vc_column_text] Omh\u00e4ndertagning av kanin Som ett alternativ till avlivning av friska kanin kan man l\u00e4mna in sin kanin till 4H-g\u00e5rden. F\u00f6ljande villkor st\u00e4lls: Kaninen skall vara helt friskt Det ska l\u00e4mnas med bur och utrustning Kostnad 500 kr per djur, 800 kr f\u00f6r okastrerade hanar. Vi har ett begr\u00e4nsat antal platser. Ring eller maila&nbsp; <a href=\"https:\/\/www.4h.se\/odenslund\/omhandertagning-av-djur\/\">&hellip; Read more <i class=\"glyphicon glyphicon-arrow-right\"><\/i><\/a><\/p>\n","protected":false},"author":24,"featured_media":0,"parent":0,"menu_order":58,"comment_status":"closed","ping_status":"closed","template":"","meta":{"footnotes":""},"class_list":["post-674","page","type-page","status-publish","hentry"],"yoast_head":"<!-- This site is optimized with the Yoast SEO plugin v27.4 - https:\/\/yoast.com\/product\/yoast-seo-wordpress\/ -->\n<title>Omh\u00e4ndertagning av djur - Odenslunds 4H-g\u00e5rd<\/title>\n<meta name=\"robots\" content=\"index, follow, max-snippet:-1, max-image-preview:large, max-video-preview:-1\" \/>\n<link rel=\"canonical\" href=\"https:\/\/www.4h.se\/odenslund\/omhandertagning-av-djur\/\" \/>\n<meta property=\"og:locale\" content=\"sv_SE\" \/>\n<meta property=\"og:type\" content=\"article\" \/>\n<meta property=\"og:title\" content=\"Omh\u00e4ndertagning av djur - Odenslunds 4H-g\u00e5rd\" \/>\n<meta property=\"og:description\" content=\"[vc_row][vc_column width=&#8221;2\/3&#8243;][vc_column_text] Omh\u00e4ndertagning av kanin Som ett alternativ till avlivning av friska kanin kan man l\u00e4mna in sin kanin till 4H-g\u00e5rden. F\u00f6ljande villkor st\u00e4lls: Kaninen skall vara helt friskt Det ska l\u00e4mnas med bur och utrustning Kostnad 500 kr per djur, 800 kr f\u00f6r okastrerade hanar. Vi har ett begr\u00e4nsat antal platser. Ring eller maila&nbsp; &hellip; Read more\" \/>\n<meta property=\"og:url\" content=\"https:\/\/www.4h.se\/odenslund\/omhandertagning-av-djur\/\" \/>\n<meta property=\"og:site_name\" content=\"Odenslunds 4H-g\u00e5rd\" \/>\n<meta property=\"article:modified_time\" content=\"2023-07-03T08:20:30+00:00\" \/>\n<meta name=\"twitter:card\" content=\"summary_large_image\" \/>\n<meta name=\"twitter:label1\" content=\"Ber\u00e4knad l\u00e4stid\" \/>\n\t<meta name=\"twitter:data1\" content=\"1 minut\" \/>\n<script type=\"application\/ld+json\" class=\"yoast-schema-graph\">{\"@context\":\"https:\\\/\\\/schema.org\",\"@graph\":[{\"@type\":\"WebPage\",\"@id\":\"https:\\\/\\\/www.4h.se\\\/odenslund\\\/omhandertagning-av-djur\\\/\",\"url\":\"https:\\\/\\\/www.4h.se\\\/odenslund\\\/omhandertagning-av-djur\\\/\",\"name\":\"Omh\u00e4ndertagning av djur - Odenslunds 4H-g\u00e5rd\",\"isPartOf\":{\"@id\":\"https:\\\/\\\/www.4h.se\\\/odenslund\\\/#website\"},\"datePublished\":\"2020-06-11T09:29:00+00:00\",\"dateModified\":\"2023-07-03T08:20:30+00:00\",\"breadcrumb\":{\"@id\":\"https:\\\/\\\/www.4h.se\\\/odenslund\\\/omhandertagning-av-djur\\\/#breadcrumb\"},\"inLanguage\":\"sv-SE\",\"potentialAction\":[{\"@type\":\"ReadAction\",\"target\":[\"https:\\\/\\\/www.4h.se\\\/odenslund\\\/omhandertagning-av-djur\\\/\"]}]},{\"@type\":\"BreadcrumbList\",\"@id\":\"https:\\\/\\\/www.4h.se\\\/odenslund\\\/omhandertagning-av-djur\\\/#breadcrumb\",\"itemListElement\":[{\"@type\":\"ListItem\",\"position\":1,\"name\":\"Hem\",\"item\":\"https:\\\/\\\/www.4h.se\\\/odenslund\\\/\"},{\"@type\":\"ListItem\",\"position\":2,\"name\":\"Omh\u00e4ndertagning av djur\"}]},{\"@type\":\"WebSite\",\"@id\":\"https:\\\/\\\/www.4h.se\\\/odenslund\\\/#website\",\"url\":\"https:\\\/\\\/www.4h.se\\\/odenslund\\\/\",\"name\":\"Odenslunds 4H-g\u00e5rd\",\"description\":\"Av unga f\u00f6r unga\",\"potentialAction\":[{\"@type\":\"SearchAction\",\"target\":{\"@type\":\"EntryPoint\",\"urlTemplate\":\"https:\\\/\\\/www.4h.se\\\/odenslund\\\/?s={search_term_string}\"},\"query-input\":{\"@type\":\"PropertyValueSpecification\",\"valueRequired\":true,\"valueName\":\"search_term_string\"}}],\"inLanguage\":\"sv-SE\"}]}<\/script>\n<!-- \/ Yoast SEO plugin. -->","yoast_head_json":{"title":"Omh\u00e4ndertagning av djur - Odenslunds 4H-g\u00e5rd","robots":{"index":"index","follow":"follow","max-snippet":"max-snippet:-1","max-image-preview":"max-image-preview:large","max-video-preview":"max-video-preview:-1"},"canonical":"https:\/\/www.4h.se\/odenslund\/omhandertagning-av-djur\/","og_locale":"sv_SE","og_type":"article","og_title":"Omh\u00e4ndertagning av djur - Odenslunds 4H-g\u00e5rd","og_description":"[vc_row][vc_column width=&#8221;2\/3&#8243;][vc_column_text] Omh\u00e4ndertagning av kanin Som ett alternativ till avlivning av friska kanin kan man l\u00e4mna in sin kanin till 4H-g\u00e5rden. F\u00f6ljande villkor st\u00e4lls: Kaninen skall vara helt friskt Det ska l\u00e4mnas med bur och utrustning Kostnad 500 kr per djur, 800 kr f\u00f6r okastrerade hanar. Vi har ett begr\u00e4nsat antal platser. Ring eller maila&nbsp; &hellip; Read more","og_url":"https:\/\/www.4h.se\/odenslund\/omhandertagning-av-djur\/","og_site_name":"Odenslunds 4H-g\u00e5rd","article_modified_time":"2023-07-03T08:20:30+00:00","twitter_card":"summary_large_image","twitter_misc":{"Ber\u00e4knad l\u00e4stid":"1 minut"},"schema":{"@context":"https:\/\/schema.org","@graph":[{"@type":"WebPage","@id":"https:\/\/www.4h.se\/odenslund\/omhandertagning-av-djur\/","url":"https:\/\/www.4h.se\/odenslund\/omhandertagning-av-djur\/","name":"Omh\u00e4ndertagning av djur - Odenslunds 4H-g\u00e5rd","isPartOf":{"@id":"https:\/\/www.4h.se\/odenslund\/#website"},"datePublished":"2020-06-11T09:29:00+00:00","dateModified":"2023-07-03T08:20:30+00:00","breadcrumb":{"@id":"https:\/\/www.4h.se\/odenslund\/omhandertagning-av-djur\/#breadcrumb"},"inLanguage":"sv-SE","potentialAction":[{"@type":"ReadAction","target":["https:\/\/www.4h.se\/odenslund\/omhandertagning-av-djur\/"]}]},{"@type":"BreadcrumbList","@id":"https:\/\/www.4h.se\/odenslund\/omhandertagning-av-djur\/#breadcrumb","itemListElement":[{"@type":"ListItem","position":1,"name":"Hem","item":"https:\/\/www.4h.se\/odenslund\/"},{"@type":"ListItem","position":2,"name":"Omh\u00e4ndertagning av djur"}]},{"@type":"WebSite","@id":"https:\/\/www.4h.se\/odenslund\/#website","url":"https:\/\/www.4h.se\/odenslund\/","name":"Odenslunds 4H-g\u00e5rd","description":"Av unga f\u00f6r unga","potentialAction":[{"@type":"SearchAction","target":{"@type":"EntryPoint","urlTemplate":"https:\/\/www.4h.se\/odenslund\/?s={search_term_string}"},"query-input":{"@type":"PropertyValueSpecification","valueRequired":true,"valueName":"search_term_string"}}],"inLanguage":"sv-SE"}]}},"_links":{"self":[{"href":"https:\/\/www.4h.se\/odenslund\/wp-json\/wp\/v2\/pages\/674","targetHints":{"allow":["GET"]}}],"collection":[{"href":"https:\/\/www.4h.se\/odenslund\/wp-json\/wp\/v2\/pages"}],"about":[{"href":"https:\/\/www.4h.se\/odenslund\/wp-json\/wp\/v2\/types\/page"}],"author":[{"embeddable":true,"href":"https:\/\/www.4h.se\/odenslund\/wp-json\/wp\/v2\/users\/24"}],"replies":[{"embeddable":true,"href":"https:\/\/www.4h.se\/odenslund\/wp-json\/wp\/v2\/comments?post=674"}],"version-history":[{"count":0,"href":"https:\/\/www.4h.se\/odenslund\/wp-json\/wp\/v2\/pages\/674\/revisions"}],"wp:attachment":[{"href":"https:\/\/www.4h.se\/odenslund\/wp-json\/wp\/v2\/media?parent=674"}],"curies":[{"name":"wp","href":"https:\/\/api.w.org\/{rel}","templated":true}]}}