



{"id":1290,"date":"2025-05-13T11:14:16","date_gmt":"2025-05-13T09:14:16","guid":{"rendered":"https:\/\/www.4h.se\/odenslund\/?page_id=1290"},"modified":"2025-06-05T16:01:54","modified_gmt":"2025-06-05T14:01:54","slug":"uthyrning-av-grillplats","status":"publish","type":"page","link":"https:\/\/www.4h.se\/odenslund\/uthyrning-av-grillplats\/","title":{"rendered":"Uthyrning av Grillplats"},"content":{"rendered":"<div class=\"wpb-content-wrapper\"><p>[vc_row][vc_column][vc_column_text css=&#8221;&#8221;]<\/p>\n<h1>Hyr Grillplats<\/h1>\n<p>[\/vc_column_text][\/vc_column][\/vc_row][vc_row][vc_column][vc_column_text css=&#8221;&#8221;]Man kan hyra grillplatsen alla dagar i veckan mellan 9-17<\/p>\n<p>bokning sker via mail till odenslund@4h.se minst tv\u00e5 dagar innan \u00f6nskat datum<\/p>\n<p>Pris:<\/p>\n<p>450kr f\u00f6r medlemmar inom 4H<\/p>\n<p>750kr f\u00f6r icke medlemmar<\/p>\n<p>kommunala skolor och f\u00f6rskolor hyr gratis[\/vc_column_text][\/vc_column][\/vc_row][vc_row][vc_column width=&#8221;1\/3&#8243;][vc_single_image image=&#8221;1298&#8243; img_size=&#8221;medium&#8221; css=&#8221;&#8221;][\/vc_column][vc_column width=&#8221;1\/3&#8243;][vc_single_image image=&#8221;1297&#8243; img_size=&#8221;large&#8221; css=&#8221;&#8221;][\/vc_column][vc_column width=&#8221;1\/3&#8243;][vc_single_image image=&#8221;1299&#8243; img_size=&#8221;medium&#8221; css=&#8221;&#8221;][\/vc_column][\/vc_row]<\/p>\n<\/div>","protected":false},"excerpt":{"rendered":"<p>[vc_row][vc_column][vc_column_text css=&#8221;&#8221;] Hyr Grillplats [\/vc_column_text][\/vc_column][\/vc_row][vc_row][vc_column][vc_column_text css=&#8221;&#8221;]Man kan hyra grillplatsen alla dagar i veckan mellan 9-17 bokning sker via mail till odenslund@4h.se minst tv\u00e5 dagar innan \u00f6nskat datum Pris: 450kr f\u00f6r medlemmar inom 4H 750kr f\u00f6r icke medlemmar kommunala skolor och f\u00f6rskolor hyr gratis[\/vc_column_text][\/vc_column][\/vc_row][vc_row][vc_column width=&#8221;1\/3&#8243;][vc_single_image image=&#8221;1298&#8243; img_size=&#8221;medium&#8221; css=&#8221;&#8221;][\/vc_column][vc_column width=&#8221;1\/3&#8243;][vc_single_image image=&#8221;1297&#8243; img_size=&#8221;large&#8221; css=&#8221;&#8221;][\/vc_column][vc_column width=&#8221;1\/3&#8243;][vc_single_image image=&#8221;1299&#8243; img_size=&#8221;medium&#8221; css=&#8221;&#8221;][\/vc_column][\/vc_row]<\/p>\n","protected":false},"author":194,"featured_media":0,"parent":0,"menu_order":0,"comment_status":"closed","ping_status":"closed","template":"","meta":{"_acf_changed":false,"footnotes":""},"class_list":["post-1290","page","type-page","status-publish","hentry"],"acf":[],"yoast_head":"<!-- This site is optimized with the Yoast SEO plugin v27.5 - https:\/\/yoast.com\/product\/yoast-seo-wordpress\/ -->\n<title>Uthyrning av Grillplats - Odenslunds 4H-g\u00e5rd<\/title>\n<meta name=\"robots\" content=\"index, follow, max-snippet:-1, max-image-preview:large, max-video-preview:-1\" \/>\n<link rel=\"canonical\" href=\"https:\/\/www.4h.se\/odenslund\/uthyrning-av-grillplats\/\" \/>\n<meta property=\"og:locale\" content=\"sv_SE\" \/>\n<meta property=\"og:type\" content=\"article\" \/>\n<meta property=\"og:title\" content=\"Uthyrning av Grillplats - Odenslunds 4H-g\u00e5rd\" \/>\n<meta property=\"og:description\" content=\"[vc_row][vc_column][vc_column_text css=&#8221;&#8221;] Hyr Grillplats [\/vc_column_text][\/vc_column][\/vc_row][vc_row][vc_column][vc_column_text css=&#8221;&#8221;]Man kan hyra grillplatsen alla dagar i veckan mellan 9-17 bokning sker via mail till odenslund@4h.se minst tv\u00e5 dagar innan \u00f6nskat datum Pris: 450kr f\u00f6r medlemmar inom 4H 750kr f\u00f6r icke medlemmar kommunala skolor och f\u00f6rskolor hyr gratis[\/vc_column_text][\/vc_column][\/vc_row][vc_row][vc_column width=&#8221;1\/3&#8243;][vc_single_image image=&#8221;1298&#8243; img_size=&#8221;medium&#8221; css=&#8221;&#8221;][\/vc_column][vc_column width=&#8221;1\/3&#8243;][vc_single_image image=&#8221;1297&#8243; img_size=&#8221;large&#8221; css=&#8221;&#8221;][\/vc_column][vc_column width=&#8221;1\/3&#8243;][vc_single_image image=&#8221;1299&#8243; img_size=&#8221;medium&#8221; css=&#8221;&#8221;][\/vc_column][\/vc_row]\" \/>\n<meta property=\"og:url\" content=\"https:\/\/www.4h.se\/odenslund\/uthyrning-av-grillplats\/\" \/>\n<meta property=\"og:site_name\" content=\"Odenslunds 4H-g\u00e5rd\" \/>\n<meta property=\"article:modified_time\" content=\"2025-06-05T14:01:54+00:00\" \/>\n<meta name=\"twitter:card\" content=\"summary_large_image\" \/>\n<script type=\"application\/ld+json\" class=\"yoast-schema-graph\">{\"@context\":\"https:\\\/\\\/schema.org\",\"@graph\":[{\"@type\":\"WebPage\",\"@id\":\"https:\\\/\\\/www.4h.se\\\/odenslund\\\/uthyrning-av-grillplats\\\/\",\"url\":\"https:\\\/\\\/www.4h.se\\\/odenslund\\\/uthyrning-av-grillplats\\\/\",\"name\":\"Uthyrning av Grillplats - Odenslunds 4H-g\u00e5rd\",\"isPartOf\":{\"@id\":\"https:\\\/\\\/www.4h.se\\\/odenslund\\\/#website\"},\"datePublished\":\"2025-05-13T09:14:16+00:00\",\"dateModified\":\"2025-06-05T14:01:54+00:00\",\"breadcrumb\":{\"@id\":\"https:\\\/\\\/www.4h.se\\\/odenslund\\\/uthyrning-av-grillplats\\\/#breadcrumb\"},\"inLanguage\":\"sv-SE\",\"potentialAction\":[{\"@type\":\"ReadAction\",\"target\":[\"https:\\\/\\\/www.4h.se\\\/odenslund\\\/uthyrning-av-grillplats\\\/\"]}]},{\"@type\":\"BreadcrumbList\",\"@id\":\"https:\\\/\\\/www.4h.se\\\/odenslund\\\/uthyrning-av-grillplats\\\/#breadcrumb\",\"itemListElement\":[{\"@type\":\"ListItem\",\"position\":1,\"name\":\"Hem\",\"item\":\"https:\\\/\\\/www.4h.se\\\/odenslund\\\/\"},{\"@type\":\"ListItem\",\"position\":2,\"name\":\"Uthyrning av Grillplats\"}]},{\"@type\":\"WebSite\",\"@id\":\"https:\\\/\\\/www.4h.se\\\/odenslund\\\/#website\",\"url\":\"https:\\\/\\\/www.4h.se\\\/odenslund\\\/\",\"name\":\"Odenslunds 4H-g\u00e5rd\",\"description\":\"Av unga f\u00f6r unga\",\"potentialAction\":[{\"@type\":\"SearchAction\",\"target\":{\"@type\":\"EntryPoint\",\"urlTemplate\":\"https:\\\/\\\/www.4h.se\\\/odenslund\\\/?s={search_term_string}\"},\"query-input\":{\"@type\":\"PropertyValueSpecification\",\"valueRequired\":true,\"valueName\":\"search_term_string\"}}],\"inLanguage\":\"sv-SE\"}]}<\/script>\n<!-- \/ Yoast SEO plugin. -->","yoast_head_json":{"title":"Uthyrning av Grillplats - Odenslunds 4H-g\u00e5rd","robots":{"index":"index","follow":"follow","max-snippet":"max-snippet:-1","max-image-preview":"max-image-preview:large","max-video-preview":"max-video-preview:-1"},"canonical":"https:\/\/www.4h.se\/odenslund\/uthyrning-av-grillplats\/","og_locale":"sv_SE","og_type":"article","og_title":"Uthyrning av Grillplats - Odenslunds 4H-g\u00e5rd","og_description":"[vc_row][vc_column][vc_column_text css=&#8221;&#8221;] Hyr Grillplats [\/vc_column_text][\/vc_column][\/vc_row][vc_row][vc_column][vc_column_text css=&#8221;&#8221;]Man kan hyra grillplatsen alla dagar i veckan mellan 9-17 bokning sker via mail till odenslund@4h.se minst tv\u00e5 dagar innan \u00f6nskat datum Pris: 450kr f\u00f6r medlemmar inom 4H 750kr f\u00f6r icke medlemmar kommunala skolor och f\u00f6rskolor hyr gratis[\/vc_column_text][\/vc_column][\/vc_row][vc_row][vc_column width=&#8221;1\/3&#8243;][vc_single_image image=&#8221;1298&#8243; img_size=&#8221;medium&#8221; css=&#8221;&#8221;][\/vc_column][vc_column width=&#8221;1\/3&#8243;][vc_single_image image=&#8221;1297&#8243; img_size=&#8221;large&#8221; css=&#8221;&#8221;][\/vc_column][vc_column width=&#8221;1\/3&#8243;][vc_single_image image=&#8221;1299&#8243; img_size=&#8221;medium&#8221; css=&#8221;&#8221;][\/vc_column][\/vc_row]","og_url":"https:\/\/www.4h.se\/odenslund\/uthyrning-av-grillplats\/","og_site_name":"Odenslunds 4H-g\u00e5rd","article_modified_time":"2025-06-05T14:01:54+00:00","twitter_card":"summary_large_image","schema":{"@context":"https:\/\/schema.org","@graph":[{"@type":"WebPage","@id":"https:\/\/www.4h.se\/odenslund\/uthyrning-av-grillplats\/","url":"https:\/\/www.4h.se\/odenslund\/uthyrning-av-grillplats\/","name":"Uthyrning av Grillplats - Odenslunds 4H-g\u00e5rd","isPartOf":{"@id":"https:\/\/www.4h.se\/odenslund\/#website"},"datePublished":"2025-05-13T09:14:16+00:00","dateModified":"2025-06-05T14:01:54+00:00","breadcrumb":{"@id":"https:\/\/www.4h.se\/odenslund\/uthyrning-av-grillplats\/#breadcrumb"},"inLanguage":"sv-SE","potentialAction":[{"@type":"ReadAction","target":["https:\/\/www.4h.se\/odenslund\/uthyrning-av-grillplats\/"]}]},{"@type":"BreadcrumbList","@id":"https:\/\/www.4h.se\/odenslund\/uthyrning-av-grillplats\/#breadcrumb","itemListElement":[{"@type":"ListItem","position":1,"name":"Hem","item":"https:\/\/www.4h.se\/odenslund\/"},{"@type":"ListItem","position":2,"name":"Uthyrning av Grillplats"}]},{"@type":"WebSite","@id":"https:\/\/www.4h.se\/odenslund\/#website","url":"https:\/\/www.4h.se\/odenslund\/","name":"Odenslunds 4H-g\u00e5rd","description":"Av unga f\u00f6r unga","potentialAction":[{"@type":"SearchAction","target":{"@type":"EntryPoint","urlTemplate":"https:\/\/www.4h.se\/odenslund\/?s={search_term_string}"},"query-input":{"@type":"PropertyValueSpecification","valueRequired":true,"valueName":"search_term_string"}}],"inLanguage":"sv-SE"}]}},"_links":{"self":[{"href":"https:\/\/www.4h.se\/odenslund\/wp-json\/wp\/v2\/pages\/1290","targetHints":{"allow":["GET"]}}],"collection":[{"href":"https:\/\/www.4h.se\/odenslund\/wp-json\/wp\/v2\/pages"}],"about":[{"href":"https:\/\/www.4h.se\/odenslund\/wp-json\/wp\/v2\/types\/page"}],"author":[{"embeddable":true,"href":"https:\/\/www.4h.se\/odenslund\/wp-json\/wp\/v2\/users\/194"}],"replies":[{"embeddable":true,"href":"https:\/\/www.4h.se\/odenslund\/wp-json\/wp\/v2\/comments?post=1290"}],"version-history":[{"count":0,"href":"https:\/\/www.4h.se\/odenslund\/wp-json\/wp\/v2\/pages\/1290\/revisions"}],"wp:attachment":[{"href":"https:\/\/www.4h.se\/odenslund\/wp-json\/wp\/v2\/media?parent=1290"}],"curies":[{"name":"wp","href":"https:\/\/api.w.org\/{rel}","templated":true}]}}