



{"id":39,"date":"2014-12-09T20:10:35","date_gmt":"2014-12-09T19:10:35","guid":{"rendered":"http:\/\/www.4h.se\/rix16\/?page_id=39"},"modified":"2023-08-16T10:45:45","modified_gmt":"2023-08-16T08:45:45","slug":"hem","status":"publish","type":"page","link":"https:\/\/www.4h.se\/nytest\/","title":{"rendered":"Startsida"},"content":{"rendered":"<div class=\"wpb-content-wrapper\"><p>[vc_row][vc_column width=&#8221;2\/3&#8243;][vc_column_text]<\/p>\n<h1>Vi \u00e4r Sveriges 4H<\/h1>\n<p>[\/vc_column_text][vc_column_text]<\/p>\n<h1>Om oss<\/h1>\n<p>4H \u00e4r en internationell ideell\u00a0ungdomsorganisation\u00a0med bred verksamhet inom allt fr\u00e5n odling och djur till idrott och teater. Vi finns i \u00f6ver 80 l\u00e4nder och riktar oss till barn och ungdomar 6-25 \u00e5r.<\/p>\n<p>Inom 4H bedriver vi verksamhet\u00a0av ungdomar, f\u00f6r ungdomar.\u00a0Det inneb\u00e4r att v\u00e5ra ledare i huvudsak \u00e4r unga. I styrelser och\u00a0arbetsgrupper sitter ungdomar, som sj\u00e4lva tar ansvar f\u00f6r och fattar beslut g\u00e4llande sin fritid.<\/p>\n<p>Vi samlar 10 000 medlemmar f\u00f6rdelat p\u00e5 ca 200 klubbar i Sverige. Vissa av dessa driver 4H-g\u00e5rdar runt om i landet som sammanlagt har ca 2,5 miljoner bes\u00f6kare per \u00e5r.<\/p>\n<p>&nbsp;<\/p>\n<p>4H st\u00e5r f\u00f6r:\u00a0 \u00a0HUVUD\u00a0f\u00f6r kunskap\u00a0 \u00a0HJ\u00c4RTA\u00a0f\u00f6r medk\u00e4nsla\u00a0 \u00a0HAND\u00a0f\u00f6r f\u00e4rdighet\u00a0 \u00a0H\u00c4LSA\u00a0f\u00f6r ett sundare levnadss\u00e4tt<\/p>\n<p>&nbsp;[\/vc_column_text][vc_raw_html]JTNDYSUyMGhyZWYlM0QlMjJodHRwcyUzQSUyRiUyRnd3dy40aC5zZSUyRm9tLTRoJTJGdmlzaW9uJTJGJTIyJTNFJTBBJTBBJTNDYnV0dG9uJTIwc3R5bGUlM0QlMEElMjIlMEFmb250LXNpemUlM0ElMjAxNnB4JTNCJTBBY29sb3IlM0ElMjB3aGl0ZSUzQiUwQWJhY2tncm91bmQtY29sb3IlM0ElMjAlMjAlMjM3QUI5NzklM0IlMjAlMEF3aWR0aCUzQSUyMDEwMCUyNSUzQiUwQWhlaWdodCUzQSUyMDU1cHglM0IlMEFib3JkZXIlM0ElMjBub25lJTNCJTBBYm9yZGVyLXJhZGl1cyUzQSUyMDVweCUzQiUwQWJveC1zaGFkb3clM0ElMjAwcHglMjA1cHglMjAwcHglMjAlMjM0RjkzNEIlM0IlMEElMjIlMEElMEElM0VBbGx0JTIwZHUlMjBiZWglQzMlQjZ2ZXIlMjB2ZXRhJTIwb20lMjA0SCUzQyUyRmJ1dHRvbiUzRSUzQyUyRmElM0UlMEElMEE=[\/vc_raw_html][\/vc_column][vc_column width=&#8221;1\/3&#8243;][\/vc_column][\/vc_row][vc_row][vc_column][vc_separator][\/vc_column][\/vc_row][vc_row][vc_column width=&#8221;1\/3&#8243;][vc_single_image image=&#8221;436&#8243; img_size=&#8221;600&#215;400&#8243; alignment=&#8221;center&#8221; style=&#8221;vc_box_rounded&#8221;][vc_column_text]<\/p>\n<h2>En 4H-g\u00e5rd n\u00e4ra dig<\/h2>\n<p>Sveriges 4H har sedan b\u00f6rjan av 1970-talet haft 4H-g\u00e5rden som\u00a0en unik verksamhetsform. 4H vill med hj\u00e4lp av 4H-g\u00e5rden l\u00e4ra barn om djur och natur och detta g\u00f6rs i 4H:s motto \u201cL\u00e4ra genom att g\u00f6ra\u201d. Att bes\u00f6ka en 4H-g\u00e5rd \u00e4r gratis och v\u00e5rt m\u00e5l \u00e4r att det alltid kommer att forts\u00e4tta vara s\u00e5.[\/vc_column_text][vc_raw_html]JTNDYSUyMGhyZWYlM0QlMjJodHRwcyUzQSUyRiUyRnd3dy40aC5zZSUyRmdhcmRhciUyRiUyMiUzRSUwQSUwQSUzQ2J1dHRvbiUyMHN0eWxlJTNEJTBBJTIyJTBBZm9udC1zaXplJTNBJTIwMTZweCUzQiUwQWNvbG9yJTNBJTIwd2hpdGUlM0IlMEFiYWNrZ3JvdW5kLWNvbG9yJTNBJTIwJTIwJTIzN0FCOTc5JTNCJTIwJTBBd2lkdGglM0ElMjAxMDAlMjUlM0IlMEFoZWlnaHQlM0ElMjA1NXB4JTNCJTBBYm9yZGVyJTNBJTIwbm9uZSUzQiUwQWJvcmRlci1yYWRpdXMlM0ElMjA1cHglM0IlMEFib3gtc2hhZG93JTNBJTIwMHB4JTIwNXB4JTIwMHB4JTIwJTIzNEY5MzRCJTNCJTBBJTIyJTBBJTBBJTNFSGl0dGElMjBlbiUyMDRILWclQzMlQTVyZCUyMG4lQzMlQTRyYSUyMGRpZyUzQyUyRmJ1dHRvbiUzRSUzQyUyRmElM0UlMEElMEE=[\/vc_raw_html][\/vc_column][vc_column width=&#8221;1\/3&#8243;][vc_single_image image=&#8221;432&#8243; img_size=&#8221;600&#215;400&#8243; alignment=&#8221;center&#8221; style=&#8221;vc_box_rounded&#8221;][vc_column_text]<\/p>\n<h2>Starta 4H-klubb<\/h2>\n<p>Har du och ditt kompisg\u00e4ng massor av id\u00e9er och vill organisera er inom?<\/p>\n<p>Eller \u00e4r kanske ditt m\u00e5l att starta en 4H-g\u00e5rd? Klicka vidare f\u00f6r att l\u00e4sa mer om hur du startar klubb.<\/p>\n<p>&nbsp;[\/vc_column_text][vc_raw_html]JTNDYSUyMGhyZWYlM0QlMjJodHRwcyUzQSUyRiUyRnd3dy40aC5zZSUyRm1lZGxlbXNoYW5kYm9rJTJGc3RhcnRhLTRoLWtsdWJiJTJGJTIyJTNFJTBBJTBBJTNDYnV0dG9uJTIwc3R5bGUlM0QlMEElMjIlMEFmb250LXNpemUlM0ElMjAxNnB4JTNCJTBBY29sb3IlM0ElMjB3aGl0ZSUzQiUwQWJhY2tncm91bmQtY29sb3IlM0ElMjAlMjAlMjM3QUI5NzklM0IlMjAlMEF3aWR0aCUzQSUyMDEwMCUyNSUzQiUwQWhlaWdodCUzQSUyMDU1cHglM0IlMEFib3JkZXIlM0ElMjBub25lJTNCJTBBYm9yZGVyLXJhZGl1cyUzQSUyMDVweCUzQiUwQWJveC1zaGFkb3clM0ElMjAwcHglMjA1cHglMjAwcHglMjAlMjM0RjkzNEIlM0IlMEElMjIlMEElMEElM0VTdGFydGElMjA0SC1rbHViYiUzQyUyRmJ1dHRvbiUzRSUzQyUyRmElM0UlMEElMEE=[\/vc_raw_html][\/vc_column][vc_column width=&#8221;1\/3&#8243;][vc_single_image image=&#8221;433&#8243; img_size=&#8221;600&#215;400&#8243; alignment=&#8221;center&#8221; style=&#8221;vc_box_rounded&#8221;][vc_column_text]<\/p>\n<h2>Bli medlem<\/h2>\n<p>Inom 4H bedriver vi verksamhet\u00a0av ungdomar, f\u00f6r ungdomar.\u00a0Det inneb\u00e4r att v\u00e5ra ledare i huvudsak \u00e4r unga. I styrelser och\u00a0arbetsgrupper sitter ungdomar, som sj\u00e4lva tar ansvar f\u00f6r och fattar beslut g\u00e4llande sin fritid.<br \/>\nBli medlem du ocks\u00e5![\/vc_column_text][vc_raw_html]JTNDYSUyMGhyZWYlM0QlMjJodHRwcyUzQSUyRiUyRnd3dy40aC5zZSUyRmJsaS1tZWRsZW0lMkYlMjIlM0UlMEElMEElM0NidXR0b24lMjBzdHlsZSUzRCUwQSUyMiUwQWZvbnQtc2l6ZSUzQSUyMDE2cHglM0IlMEFjb2xvciUzQSUyMHdoaXRlJTNCJTBBYmFja2dyb3VuZC1jb2xvciUzQSUyMCUyMCUyMzdBQjk3OSUzQiUyMCUwQXdpZHRoJTNBJTIwMTAwJTI1JTNCJTBBaGVpZ2h0JTNBJTIwNTVweCUzQiUwQWJvcmRlciUzQSUyMG5vbmUlM0IlMEFib3JkZXItcmFkaXVzJTNBJTIwNXB4JTNCJTBBYm94LXNoYWRvdyUzQSUyMDBweCUyMDVweCUyMDBweCUyMCUyMzRGOTM0QiUzQiUwQSUyMiUwQSUwQSUzRUJsaSUyMG1lZGxlbSUzQyUyRmJ1dHRvbiUzRSUzQyUyRmElM0UlMEElMEE=[\/vc_raw_html][\/vc_column][\/vc_row][vc_row][vc_column width=&#8221;1\/3&#8243;][vc_single_image image=&#8221;435&#8243; img_size=&#8221;600&#215;400&#8243; alignment=&#8221;center&#8221; style=&#8221;vc_box_rounded&#8221;][vc_column_text]<\/p>\n<h2>Aktiviteter n\u00e4ra dig<\/h2>\n<p>\u00c5rets mest betydelsefulla m\u00f6te \u00e4r v\u00e5rt \u00e5rsm\u00f6te. Genom att klicka p\u00e5 l\u00e4nken nedan kommer du till sidan d\u00e4r du hittar all information om \u00e5rsm\u00f6tet. P\u00e5 \u00e5rsm\u00f6tet fattar vi beslut om vilka som ska ing\u00e5 i f\u00f6rbundsstyrelsen, olika grupper och mycket mer. Kom och l\u00e5t din r\u00f6st h\u00f6ras! Du kan ocks\u00e5 skicka in motioner under \u00e5ret.[\/vc_column_text][vc_raw_html]JTNDYSUyMGhyZWYlM0QlMjJodHRwcyUzQSUyRiUyRnd3dy40aC5zZSUyRm1lZGxlbXNoYW5kYm9rJTJGdmlrdGlnYS1kb2t1bWVudCUyRiUyMiUzRSUwQSUwQSUzQ2J1dHRvbiUyMHN0eWxlJTNEJTBBJTIyJTBBZm9udC1zaXplJTNBJTIwMTZweCUzQiUwQWNvbG9yJTNBJTIwd2hpdGUlM0IlMEFiYWNrZ3JvdW5kLWNvbG9yJTNBJTIwJTIwJTIzN0FCOTc5JTNCJTIwJTBBd2lkdGglM0ElMjAxMDAlMjUlM0IlMEFoZWlnaHQlM0ElMjA1NXB4JTNCJTBBYm9yZGVyJTNBJTIwbm9uZSUzQiUwQWJvcmRlci1yYWRpdXMlM0ElMjA1cHglM0IlMEFib3gtc2hhZG93JTNBJTIwMHB4JTIwNXB4JTIwMHB4JTIwJTIzNEY5MzRCJTNCJTBBJTIyJTBBJTBBJTNFS2x1YmJlbnMlMjAlQzMlQTVyc20lQzMlQjZ0ZSUzQyUyRmJ1dHRvbiUzRSUzQyUyRmElM0UlMEElMEE=[\/vc_raw_html][\/vc_column][vc_column width=&#8221;1\/3&#8243;][vc_single_image image=&#8221;434&#8243; img_size=&#8221;600&#215;400&#8243; alignment=&#8221;center&#8221; style=&#8221;vc_box_rounded&#8221;][vc_column_text]<\/p>\n<h2>Ett tryggt 4H<\/h2>\n<p>4H:s vision \u00e4r att alla barn och ungdomar ska utvecklas till engagerade, v\u00e4lm\u00e5ende och ansvarstagande m\u00e4nniskor med respekt f\u00f6r omv\u00e4rlden. L\u00e4s mer om v\u00e5rt trygga 4H och visselbl\u00e5sartj\u00e4nst.<\/p>\n<h1><\/h1>\n<p>&nbsp;[\/vc_column_text][vc_raw_html]JTNDYSUyMGhyZWYlM0QlMjJodHRwcyUzQSUyRiUyRnd3dy40aC5zZSUyRm55aGV0ZXIlMkZldHQtdHJ5Z2d0LTRoJTJGJTIyJTNFJTBBJTBBJTNDYnV0dG9uJTIwc3R5bGUlM0QlMEElMjIlMEFmb250LXNpemUlM0ElMjAxNnB4JTNCJTBBY29sb3IlM0ElMjB3aGl0ZSUzQiUwQWJhY2tncm91bmQtY29sb3IlM0ElMjAlMjAlMjM3QUI5NzklM0IlMjAlMEF3aWR0aCUzQSUyMDEwMCUyNSUzQiUwQWhlaWdodCUzQSUyMDU1cHglM0IlMEFib3JkZXIlM0ElMjBub25lJTNCJTBBYm9yZGVyLXJhZGl1cyUzQSUyMDVweCUzQiUwQWJveC1zaGFkb3clM0ElMjAwcHglMjA1cHglMjAwcHglMjAlMjM0RjkzNEIlM0IlMEElMjIlMEElMEElM0VFdHQlMjB0cnlnZ3QlMjA0SCUzQyUyRmJ1dHRvbiUzRSUzQyUyRmElM0UlMEElMEE=[\/vc_raw_html][\/vc_column][vc_column width=&#8221;1\/3&#8243;][vc_single_image image=&#8221;430&#8243; img_size=&#8221;600&#215;400&#8243; alignment=&#8221;center&#8221; style=&#8221;vc_box_rounded&#8221;][vc_column_text]<\/p>\n<h2>L\u00e4ger<\/h2>\n<p>L\u00e4s mer om om 4Hs olika l\u00e4ger.<\/p>\n<p>&nbsp;<\/p>\n<h1><\/h1>\n<p>&nbsp;<\/p>\n<p>&nbsp;[\/vc_column_text][vc_raw_html]JTNDYSUyMGhyZWYlM0QlMjJodHRwcyUzQSUyRiUyRnd3dy40aC5zZSUyRmxhZ2VyJTJGJTIyJTNFJTBBJTBBJTNDYnV0dG9uJTIwc3R5bGUlM0QlMEElMjIlMEFmb250LXNpemUlM0ElMjAxNnB4JTNCJTBBY29sb3IlM0ElMjB3aGl0ZSUzQiUwQWJhY2tncm91bmQtY29sb3IlM0ElMjAlMjAlMjM3QUI5NzklM0IlMjAlMEF3aWR0aCUzQSUyMDEwMCUyNSUzQiUwQWhlaWdodCUzQSUyMDU1cHglM0IlMEFib3JkZXIlM0ElMjBub25lJTNCJTBBYm9yZGVyLXJhZGl1cyUzQSUyMDVweCUzQiUwQWJveC1zaGFkb3clM0ElMjAwcHglMjA1cHglMjAwcHglMjAlMjM0RjkzNEIlM0IlMEElMjIlMEElMEElM0U0SCUyMEwlQzMlQTRnZXIlM0MlMkZidXR0b24lM0UlM0MlMkZhJTNFJTBBJTBB[\/vc_raw_html][\/vc_column][\/vc_row][vc_row][vc_column width=&#8221;1\/3&#8243;][vc_single_image image=&#8221;438&#8243; img_size=&#8221;600&#215;400&#8243; alignment=&#8221;center&#8221; style=&#8221;vc_box_rounded&#8221;][vc_column_text]<\/p>\n<h2>4H-klubbar<\/h2>\n<p>Det \u00e4r i 4H-klubben du \u00e4r med om huvudsaken av 4H:s verksamhet. Du best\u00e4mmer sj\u00e4lv tillsammans med de andra medlemmarna i klubben vad ni ska g\u00f6ra i just er klubb<\/p>\n<h1><\/h1>\n<p>&nbsp;[\/vc_column_text][vc_raw_html]JTNDYSUyMGhyZWYlM0QlMjJodHRwcyUzQSUyRiUyRnd3dy40aC5zZSUyRmtsdWJiYXIlMkYlMjIlM0UlMEElMEElM0NidXR0b24lMjBzdHlsZSUzRCUwQSUyMiUwQWZvbnQtc2l6ZSUzQSUyMDE2cHglM0IlMEFjb2xvciUzQSUyMHdoaXRlJTNCJTBBYmFja2dyb3VuZC1jb2xvciUzQSUyMCUyMCUyMzdBQjk3OSUzQiUyMCUwQXdpZHRoJTNBJTIwMTAwJTI1JTNCJTBBaGVpZ2h0JTNBJTIwNTVweCUzQiUwQWJvcmRlciUzQSUyMG5vbmUlM0IlMEFib3JkZXItcmFkaXVzJTNBJTIwNXB4JTNCJTBBYm94LXNoYWRvdyUzQSUyMDBweCUyMDVweCUyMDBweCUyMCUyMzRGOTM0QiUzQiUwQSUyMiUwQSUwQSUzRTRILWtsdWJiYXIlM0MlMkZidXR0b24lM0UlM0MlMkZhJTNFJTBBJTBB[\/vc_raw_html][\/vc_column][vc_column width=&#8221;1\/3&#8243;][vc_single_image image=&#8221;439&#8243; img_size=&#8221;600&#215;400&#8243; alignment=&#8221;center&#8221; style=&#8221;vc_box_rounded&#8221;][vc_column_text]<\/p>\n<h2>Internationellt arbete<\/h2>\n<p>Sveriges 4H \u00f6ppnar m\u00e5nga d\u00f6rrar f\u00f6r dig som medlem att resa och se v\u00e4rlden genom utbyten och internationella arrangemang. Vi samarbetar med flera olika organisationer och l\u00e4nder v\u00e4rlden \u00f6ver, detta g\u00f6r det m\u00f6jligt f\u00f6r dig som medlem att utforska v\u00e4rlden p\u00e5 ett billigt och roligt s\u00e4tt.[\/vc_column_text][vc_raw_html]JTNDYSUyMGhyZWYlM0QlMjJodHRwcyUzQSUyRiUyRnd3dy40aC5zZSUyRmludGVybmF0aW9uZWxsdCUyRiUyMiUzRSUwQSUwQSUzQ2J1dHRvbiUyMHN0eWxlJTNEJTBBJTIyJTBBZm9udC1zaXplJTNBJTIwMTZweCUzQiUwQWNvbG9yJTNBJTIwd2hpdGUlM0IlMEFiYWNrZ3JvdW5kLWNvbG9yJTNBJTIwJTIwJTIzN0FCOTc5JTNCJTIwJTBBd2lkdGglM0ElMjAxMDAlMjUlM0IlMEFoZWlnaHQlM0ElMjA1NXB4JTNCJTBBYm9yZGVyJTNBJTIwbm9uZSUzQiUwQWJvcmRlci1yYWRpdXMlM0ElMjA1cHglM0IlMEFib3gtc2hhZG93JTNBJTIwMHB4JTIwNXB4JTIwMHB4JTIwJTIzNEY5MzRCJTNCJTBBJTIyJTBBJTBBJTNFSW50ZXJuYXRpb25lbGx0JTNDJTJGYnV0dG9uJTNFJTNDJTJGYSUzRSUwQSUwQQ==[\/vc_raw_html][\/vc_column][vc_column width=&#8221;1\/3&#8243;][vc_single_image image=&#8221;440&#8243; img_size=&#8221;600&#215;400&#8243; alignment=&#8221;center&#8221; style=&#8221;vc_box_rounded&#8221;][vc_column_text]<\/p>\n<h2>Matskolor<\/h2>\n<p>Matskolan \u00e4r ett dagl\u00e4ger f\u00f6r barn och unga som gillar att laga mat och baka eller som vill l\u00e4ra sig mer om just matlagning. Vi lagar frukostar, luncher, mellanm\u00e5l och bakar en del goda grejer.<\/p>\n<h1><\/h1>\n<p>&nbsp;[\/vc_column_text][vc_raw_html]JTNDYSUyMGhyZWYlM0QlMjJodHRwcyUzQSUyRiUyRnd3dy40aC5zZSUyRm1hdHNrb2xvciUyRiUyMiUzRSUwQSUwQSUzQ2J1dHRvbiUyMHN0eWxlJTNEJTBBJTIyJTBBZm9udC1zaXplJTNBJTIwMTZweCUzQiUwQWNvbG9yJTNBJTIwd2hpdGUlM0IlMEFiYWNrZ3JvdW5kLWNvbG9yJTNBJTIwJTIwJTIzN0FCOTc5JTNCJTIwJTBBd2lkdGglM0ElMjAxMDAlMjUlM0IlMEFoZWlnaHQlM0ElMjA1NXB4JTNCJTBBYm9yZGVyJTNBJTIwbm9uZSUzQiUwQWJvcmRlci1yYWRpdXMlM0ElMjA1cHglM0IlMEFib3gtc2hhZG93JTNBJTIwMHB4JTIwNXB4JTIwMHB4JTIwJTIzNEY5MzRCJTNCJTBBJTIyJTBBJTBBJTNFTWF0c2tvbG9yJTNDJTJGYnV0dG9uJTNFJTNDJTJGYSUzRSUwQSUwQQ==[\/vc_raw_html][\/vc_column][\/vc_row][vc_row][vc_column][vc_separator][\/vc_column][\/vc_row][vc_row][vc_column width=&#8221;1\/2&#8243;][vc_column_text]<\/p>\n<h2><a href=\"https:\/\/www.4h.se\/okategoriserade\/varmt-valkomna-pa-riksforbundsstamma-22-23-juli-2023\/\">Varmt v\u00e4lkomna p\u00e5 riksf\u00f6rbundsst\u00e4mma 22-23 juli 2023<\/a><\/h2>\n<p><strong>N\u00e4r:<\/strong>\u00a0l\u00f6rdagen22 juli kl 09-17 och s\u00f6ndagen 23 juli kl 09-17<\/p>\n<p><strong>Var:<\/strong>\u00a0Ingelstadgymnasiet, 355 71 Ingelstad. Det ligger i Kronobergs l\u00e4n.<\/p>\n<p><strong>Vem:<\/strong>\u00a0Ombud, riksf\u00f6rbundsstyrelsen och \u00e5h\u00f6rare (se f\u00f6rklaring nedan)<\/p>\n<p><strong>Varf\u00f6r:<\/strong>\u00a0Riksf\u00f6rbundsst\u00e4mman \u00e4r Sveriges 4Hs h\u00f6gst beslutande organ. D\u00e4r v\u00e4ljer ni medlemmar inriktning f\u00f6r organisationen samt en styrelse som ska leda det arbetet.<\/p>\n<p><strong>Anm\u00e4lan:<\/strong>\u00a0https:\/\/antribe.com\/org\/4h\/event\/riksforbundsstamma-2023<br \/>\nSista anm\u00e4lningsdag \u00e4r 17 juni kl 23.59<br \/>\nOBS! \u00e4ven om du \u00e4r anm\u00e4ld via riksl\u00e4gret, m\u00e5ste du \u00e4ven anm\u00e4la dig via l\u00e4nken.<\/p>\n<p><strong>Motioner:<\/strong>\u00a0skickas in till\u00a0<a href=\"mailto:info@4h.se\">info@4h.se<\/a>\u00a0senast 22 maj, men g\u00e4rna innan<\/p>\n<p><strong>Vem \u00e4r kallad till riksf\u00f6rbundsst\u00e4mman?<\/strong><\/p>\n<ul>\n<li>Du som av ditt l\u00e4nsf\u00f6rbunds-\/distrikt valts ut som ombud till riksf\u00f6rbundsst\u00e4mman. Du m\u00e5ste vara medlem i Sveriges 4H f\u00f6r att kunna vara ombud p\u00e5 st\u00e4mman.<\/li>\n<li>Du som sitter med i riksf\u00f6rbundsstyrelsen.<\/li>\n<li>St\u00e4mman v\u00e4lkomnar gladeligen \u00e5h\u00f6rare. \u00c5h\u00f6rare anm\u00e4ler sig p\u00e5 samma s\u00e4tt men meddelar att de \u00e4r \u00e5h\u00f6rare p\u00e5 st\u00e4mman.<\/li>\n<\/ul>\n<p>St\u00e4mmosamordnare f\u00f6r riksf\u00f6rbundsst\u00e4mman 2023 \u00e4r Malin Widell. Vid fr\u00e5gor eller funderingar kring st\u00e4mman kontaktar du st\u00e4mmosamordnaren via\u00a0<a href=\"mailto:malin.widell@4h.se\">malin.widell@4h.se<\/a><\/p>\n<p><strong>L\u00d6RDAG 22 JULI 2023 KL 09.00-17.00<\/strong><\/p>\n<p><strong>09.00-12.00<\/strong>\u00a0St\u00e4mma<\/p>\n<p><strong>12.00-13.00<\/strong>\u00a0Lunch<\/p>\n<p><strong>13.00-17.00<\/strong>\u00a0St\u00e4mma<\/p>\n<p><strong>17.00<\/strong>\u00a0Middag<\/p>\n<p>&nbsp;<\/p>\n<p><strong>S\u00d6NDAG 24 JULI 2022 KL. 09.00\u2013 17.00<\/strong><\/p>\n<p><strong>09.00-12.00<\/strong>\u00a0St\u00e4mma<\/p>\n<p><strong>12.00-13.00<\/strong>\u00a0Lunch<\/p>\n<p><strong>13.00-17.00\u00a0<\/strong>St\u00e4mma<\/p>\n<p>F\u00f6r att f\u00f6rbereda inf\u00f6r st\u00e4mman kommer riksf\u00f6rbundsstyrelsen bjuda in till n\u00e5gra digitala utskottsm\u00f6ten. M\u00f6tesinbjudan f\u00f6r utskottsm\u00f6tena kommer skickas ut till samtliga anm\u00e4ld ombud och \u00e5h\u00f6rare efter den sista anm\u00e4lningsdagen.<\/p>\n<p>Vi v\u00e4rnar om den demokratiska processen och vill d\u00e4rf\u00f6r att samtliga l\u00e4nsf\u00f6rbund som skickar ombud inkommer med ett protokollsutdrag eller motsvarande d\u00e4r beslut tydligt framg\u00e5r att ombuden \u00e4r demokratiskt valda till st\u00e4mmoombud. Gl\u00f6m inte att samtliga ombud m\u00e5ste vara medlemmar i 4H.<\/p>\n<p>Om man har fr\u00e5gor kring anm\u00e4lan eller st\u00e4mman kan man h\u00f6ra av sig till Malin Widell p\u00e5\u00a0<a href=\"mailto:malin.widell@4h.se\">malin.widell@4h.se<\/a>[\/vc_column_text][\/vc_column][vc_column width=&#8221;1\/2&#8243;][vc_single_image image=&#8221;441&#8243; img_size=&#8221;600&#215;500&#8243; alignment=&#8221;center&#8221; style=&#8221;vc_box_rounded&#8221;][\/vc_column][\/vc_row][vc_row][vc_column][vc_separator][\/vc_column][\/vc_row][vc_row][vc_column width=&#8221;1\/4&#8243;][\/vc_column][vc_column width=&#8221;1\/2&#8243;][vc_single_image image=&#8221;422&#8243; img_size=&#8221;full&#8221; alignment=&#8221;center&#8221;][\/vc_column][vc_column width=&#8221;1\/4&#8243;][\/vc_column][\/vc_row][vc_row][vc_column][vc_single_image image=&#8221;437&#8243; img_size=&#8221;large&#8221; alignment=&#8221;center&#8221;][\/vc_column][\/vc_row]<\/p>\n<\/div>","protected":false},"excerpt":{"rendered":"<p>[vc_row][vc_column width=&#8221;2\/3&#8243;][vc_column_text] Vi \u00e4r Sveriges 4H [\/vc_column_text][vc_column_text] Om oss 4H \u00e4r en internationell ideell\u00a0ungdomsorganisation\u00a0med bred verksamhet inom allt fr\u00e5n odling och djur till idrott och teater. Vi finns i \u00f6ver 80 l\u00e4nder och riktar oss till barn och ungdomar 6-25 \u00e5r. Inom 4H bedriver vi verksamhet\u00a0av ungdomar, f\u00f6r ungdomar.\u00a0Det inneb\u00e4r att v\u00e5ra ledare i huvudsak&nbsp; <a href=\"https:\/\/www.4h.se\/nytest\/\">&hellip; Read more <i class=\"glyphicon glyphicon-arrow-right\"><\/i><\/a><\/p>\n","protected":false},"author":1,"featured_media":0,"parent":0,"menu_order":10,"comment_status":"closed","ping_status":"closed","template":"","meta":{"_acf_changed":false,"footnotes":""},"class_list":["post-39","page","type-page","status-publish","hentry"],"acf":[],"yoast_head":"<!-- This site is optimized with the Yoast SEO plugin v27.5 - https:\/\/yoast.com\/product\/yoast-seo-wordpress\/ -->\n<title>Startsida - Sveriges 4H<\/title>\n<meta name=\"robots\" content=\"index, follow, max-snippet:-1, max-image-preview:large, max-video-preview:-1\" \/>\n<link rel=\"canonical\" href=\"https:\/\/www.4h.se\/nytest\/\" \/>\n<meta property=\"og:locale\" content=\"sv_SE\" \/>\n<meta property=\"og:type\" content=\"article\" \/>\n<meta property=\"og:title\" content=\"Startsida - Sveriges 4H\" \/>\n<meta property=\"og:description\" content=\"[vc_row][vc_column width=&#8221;2\/3&#8243;][vc_column_text] Vi \u00e4r Sveriges 4H [\/vc_column_text][vc_column_text] Om oss 4H \u00e4r en internationell ideell\u00a0ungdomsorganisation\u00a0med bred verksamhet inom allt fr\u00e5n odling och djur till idrott och teater. Vi finns i \u00f6ver 80 l\u00e4nder och riktar oss till barn och ungdomar 6-25 \u00e5r. Inom 4H bedriver vi verksamhet\u00a0av ungdomar, f\u00f6r ungdomar.\u00a0Det inneb\u00e4r att v\u00e5ra ledare i huvudsak&nbsp; &hellip; Read more\" \/>\n<meta property=\"og:url\" content=\"https:\/\/www.4h.se\/nytest\/\" \/>\n<meta property=\"og:site_name\" content=\"Sveriges 4H\" \/>\n<meta property=\"article:modified_time\" content=\"2023-08-16T08:45:45+00:00\" \/>\n<meta name=\"twitter:card\" content=\"summary_large_image\" \/>\n<meta name=\"twitter:label1\" content=\"Ber\u00e4knad l\u00e4stid\" \/>\n\t<meta name=\"twitter:data1\" content=\"9 minuter\" \/>\n<script type=\"application\/ld+json\" class=\"yoast-schema-graph\">{\"@context\":\"https:\\\/\\\/schema.org\",\"@graph\":[{\"@type\":\"WebPage\",\"@id\":\"https:\\\/\\\/www.4h.se\\\/nytest\\\/\",\"url\":\"https:\\\/\\\/www.4h.se\\\/nytest\\\/\",\"name\":\"Startsida - Sveriges 4H\",\"isPartOf\":{\"@id\":\"https:\\\/\\\/www.4h.se\\\/nytest\\\/#website\"},\"datePublished\":\"2014-12-09T19:10:35+00:00\",\"dateModified\":\"2023-08-16T08:45:45+00:00\",\"breadcrumb\":{\"@id\":\"https:\\\/\\\/www.4h.se\\\/nytest\\\/#breadcrumb\"},\"inLanguage\":\"sv-SE\",\"potentialAction\":[{\"@type\":\"ReadAction\",\"target\":[\"https:\\\/\\\/www.4h.se\\\/nytest\\\/\"]}]},{\"@type\":\"BreadcrumbList\",\"@id\":\"https:\\\/\\\/www.4h.se\\\/nytest\\\/#breadcrumb\",\"itemListElement\":[{\"@type\":\"ListItem\",\"position\":1,\"name\":\"Hem\",\"item\":\"https:\\\/\\\/www.4h.se\\\/nytest\\\/\"},{\"@type\":\"ListItem\",\"position\":2,\"name\":\"Startsida\"}]},{\"@type\":\"WebSite\",\"@id\":\"https:\\\/\\\/www.4h.se\\\/nytest\\\/#website\",\"url\":\"https:\\\/\\\/www.4h.se\\\/nytest\\\/\",\"name\":\"Sveriges 4H\",\"description\":\"\",\"potentialAction\":[{\"@type\":\"SearchAction\",\"target\":{\"@type\":\"EntryPoint\",\"urlTemplate\":\"https:\\\/\\\/www.4h.se\\\/nytest\\\/?s={search_term_string}\"},\"query-input\":{\"@type\":\"PropertyValueSpecification\",\"valueRequired\":true,\"valueName\":\"search_term_string\"}}],\"inLanguage\":\"sv-SE\"}]}<\/script>\n<!-- \/ Yoast SEO plugin. -->","yoast_head_json":{"title":"Startsida - Sveriges 4H","robots":{"index":"index","follow":"follow","max-snippet":"max-snippet:-1","max-image-preview":"max-image-preview:large","max-video-preview":"max-video-preview:-1"},"canonical":"https:\/\/www.4h.se\/nytest\/","og_locale":"sv_SE","og_type":"article","og_title":"Startsida - Sveriges 4H","og_description":"[vc_row][vc_column width=&#8221;2\/3&#8243;][vc_column_text] Vi \u00e4r Sveriges 4H [\/vc_column_text][vc_column_text] Om oss 4H \u00e4r en internationell ideell\u00a0ungdomsorganisation\u00a0med bred verksamhet inom allt fr\u00e5n odling och djur till idrott och teater. Vi finns i \u00f6ver 80 l\u00e4nder och riktar oss till barn och ungdomar 6-25 \u00e5r. Inom 4H bedriver vi verksamhet\u00a0av ungdomar, f\u00f6r ungdomar.\u00a0Det inneb\u00e4r att v\u00e5ra ledare i huvudsak&nbsp; &hellip; Read more","og_url":"https:\/\/www.4h.se\/nytest\/","og_site_name":"Sveriges 4H","article_modified_time":"2023-08-16T08:45:45+00:00","twitter_card":"summary_large_image","twitter_misc":{"Ber\u00e4knad l\u00e4stid":"9 minuter"},"schema":{"@context":"https:\/\/schema.org","@graph":[{"@type":"WebPage","@id":"https:\/\/www.4h.se\/nytest\/","url":"https:\/\/www.4h.se\/nytest\/","name":"Startsida - Sveriges 4H","isPartOf":{"@id":"https:\/\/www.4h.se\/nytest\/#website"},"datePublished":"2014-12-09T19:10:35+00:00","dateModified":"2023-08-16T08:45:45+00:00","breadcrumb":{"@id":"https:\/\/www.4h.se\/nytest\/#breadcrumb"},"inLanguage":"sv-SE","potentialAction":[{"@type":"ReadAction","target":["https:\/\/www.4h.se\/nytest\/"]}]},{"@type":"BreadcrumbList","@id":"https:\/\/www.4h.se\/nytest\/#breadcrumb","itemListElement":[{"@type":"ListItem","position":1,"name":"Hem","item":"https:\/\/www.4h.se\/nytest\/"},{"@type":"ListItem","position":2,"name":"Startsida"}]},{"@type":"WebSite","@id":"https:\/\/www.4h.se\/nytest\/#website","url":"https:\/\/www.4h.se\/nytest\/","name":"Sveriges 4H","description":"","potentialAction":[{"@type":"SearchAction","target":{"@type":"EntryPoint","urlTemplate":"https:\/\/www.4h.se\/nytest\/?s={search_term_string}"},"query-input":{"@type":"PropertyValueSpecification","valueRequired":true,"valueName":"search_term_string"}}],"inLanguage":"sv-SE"}]}},"_links":{"self":[{"href":"https:\/\/www.4h.se\/nytest\/wp-json\/wp\/v2\/pages\/39","targetHints":{"allow":["GET"]}}],"collection":[{"href":"https:\/\/www.4h.se\/nytest\/wp-json\/wp\/v2\/pages"}],"about":[{"href":"https:\/\/www.4h.se\/nytest\/wp-json\/wp\/v2\/types\/page"}],"author":[{"embeddable":true,"href":"https:\/\/www.4h.se\/nytest\/wp-json\/wp\/v2\/users\/1"}],"replies":[{"embeddable":true,"href":"https:\/\/www.4h.se\/nytest\/wp-json\/wp\/v2\/comments?post=39"}],"version-history":[{"count":0,"href":"https:\/\/www.4h.se\/nytest\/wp-json\/wp\/v2\/pages\/39\/revisions"}],"wp:attachment":[{"href":"https:\/\/www.4h.se\/nytest\/wp-json\/wp\/v2\/media?parent=39"}],"curies":[{"name":"wp","href":"https:\/\/api.w.org\/{rel}","templated":true}]}}