



{"id":773,"date":"2022-04-12T19:14:08","date_gmt":"2022-04-12T17:14:08","guid":{"rendered":"https:\/\/www.4h.se\/naturhjaltarna\/?page_id=773"},"modified":"2024-09-25T13:08:25","modified_gmt":"2024-09-25T11:08:25","slug":"oppen-gard","status":"publish","type":"page","link":"https:\/\/www.4h.se\/naturhjaltarna\/oppen-gard\/","title":{"rendered":"\u00d6ppen g\u00e5rd"},"content":{"rendered":"<div class=\"wpb-content-wrapper\"><p>[vc_row][vc_column][vc_column_text css=&#8221;&#8221;]&nbsp;<\/p>\n<h3><b>L\u00d6RDAGSKUL p\u00e5 4H-g\u00e5rden \u00f6ppet ALLA L\u00d6RDAGAR\u00a0<\/b><\/h3>\n<h3><b>Tr\u00e4ffa nya kompisar!\u00a0<\/b><b>L\u00e4r k\u00e4nna djuren!\u00a0<\/b><b>Lek och pyssla!\u00a0<\/b><\/h3>\n<p>&nbsp;<\/p>\n<p>Tid: 12:00-16:00. Barn under 12 \u00e5r m\u00e5ste ha egen vuxen med sig p\u00e5 g\u00e5rden.<\/p>\n<ul>\n<li>Caf\u00e9 \u00f6ppet med v\u00e5fflor, bakverk och korvgrillning.<\/li>\n<li>Ponnyridning och pyssel<\/li>\n<\/ul>\n<p>&nbsp;<\/p>\n<h3><strong>V\u00c4LKOMNA!<\/strong><\/h3>\n<p>&nbsp;<\/p>\n\n\t\t<style type=\"text\/css\">\n\t\t\t#gallery-1 {\n\t\t\t\tmargin: auto;\n\t\t\t}\n\t\t\t#gallery-1 .gallery-item {\n\t\t\t\tfloat: left;\n\t\t\t\tmargin-top: 10px;\n\t\t\t\ttext-align: center;\n\t\t\t\twidth: 25%;\n\t\t\t}\n\t\t\t#gallery-1 img {\n\t\t\t\tborder: 2px solid #cfcfcf;\n\t\t\t}\n\t\t\t#gallery-1 .gallery-caption {\n\t\t\t\tmargin-left: 0;\n\t\t\t}\n\t\t\t\/* see gallery_shortcode() in wp-includes\/media.php *\/\n\t\t<\/style>\n\t\t<div id='gallery-1' class='gallery galleryid-773 gallery-columns-4 gallery-size-thumbnail'><dl class='gallery-item'>\n\t\t\t<dt class='gallery-icon portrait'>\n\t\t\t\t<a href='https:\/\/www.4h.se\/naturhjaltarna\/wp-content\/uploads\/sites\/70\/2022\/09\/Karla-Tilda.jpg'><img loading=\"lazy\" decoding=\"async\" width=\"144\" height=\"150\" src=\"https:\/\/www.4h.se\/naturhjaltarna\/wp-content\/uploads\/sites\/70\/2022\/09\/Karla-Tilda-144x150.jpg\" class=\"attachment-thumbnail size-thumbnail\" alt=\"\" srcset=\"https:\/\/www.4h.se\/naturhjaltarna\/wp-content\/uploads\/sites\/70\/2022\/09\/Karla-Tilda-144x150.jpg 144w, https:\/\/www.4h.se\/naturhjaltarna\/wp-content\/uploads\/sites\/70\/2022\/09\/Karla-Tilda-288x300.jpg 288w, https:\/\/www.4h.se\/naturhjaltarna\/wp-content\/uploads\/sites\/70\/2022\/09\/Karla-Tilda-970x1009.jpg 970w\" sizes=\"auto, (max-width: 144px) 100vw, 144px\" \/><\/a>\n\t\t\t<\/dt><\/dl><dl class='gallery-item'>\n\t\t\t<dt class='gallery-icon portrait'>\n\t\t\t\t<a href='https:\/\/www.4h.se\/naturhjaltarna\/wp-content\/uploads\/sites\/70\/2022\/09\/20210814_160354.jpg'><img loading=\"lazy\" decoding=\"async\" width=\"129\" height=\"150\" src=\"https:\/\/www.4h.se\/naturhjaltarna\/wp-content\/uploads\/sites\/70\/2022\/09\/20210814_160354-129x150.jpg\" class=\"attachment-thumbnail size-thumbnail\" alt=\"\" srcset=\"https:\/\/www.4h.se\/naturhjaltarna\/wp-content\/uploads\/sites\/70\/2022\/09\/20210814_160354-129x150.jpg 129w, https:\/\/www.4h.se\/naturhjaltarna\/wp-content\/uploads\/sites\/70\/2022\/09\/20210814_160354-257x300.jpg 257w, https:\/\/www.4h.se\/naturhjaltarna\/wp-content\/uploads\/sites\/70\/2022\/09\/20210814_160354-878x1024.jpg 878w, https:\/\/www.4h.se\/naturhjaltarna\/wp-content\/uploads\/sites\/70\/2022\/09\/20210814_160354.jpg 1950w\" sizes=\"auto, (max-width: 129px) 100vw, 129px\" \/><\/a>\n\t\t\t<\/dt><\/dl><dl class='gallery-item'>\n\t\t\t<dt class='gallery-icon landscape'>\n\t\t\t\t<a href='https:\/\/www.4h.se\/naturhjaltarna\/wp-content\/uploads\/sites\/70\/2022\/09\/20210814_155002.jpg'><img loading=\"lazy\" decoding=\"async\" width=\"170\" height=\"128\" src=\"https:\/\/www.4h.se\/naturhjaltarna\/wp-content\/uploads\/sites\/70\/2022\/09\/20210814_155002-170x128.jpg\" class=\"attachment-thumbnail size-thumbnail\" alt=\"\" srcset=\"https:\/\/www.4h.se\/naturhjaltarna\/wp-content\/uploads\/sites\/70\/2022\/09\/20210814_155002-170x128.jpg 170w, https:\/\/www.4h.se\/naturhjaltarna\/wp-content\/uploads\/sites\/70\/2022\/09\/20210814_155002-400x300.jpg 400w, https:\/\/www.4h.se\/naturhjaltarna\/wp-content\/uploads\/sites\/70\/2022\/09\/20210814_155002-970x728.jpg 970w\" sizes=\"auto, (max-width: 170px) 100vw, 170px\" \/><\/a>\n\t\t\t<\/dt><\/dl><dl class='gallery-item'>\n\t\t\t<dt class='gallery-icon portrait'>\n\t\t\t\t<a href='https:\/\/www.4h.se\/naturhjaltarna\/wp-content\/uploads\/sites\/70\/2022\/09\/20210706_133758-2.jpg'><img loading=\"lazy\" decoding=\"async\" width=\"118\" height=\"150\" src=\"https:\/\/www.4h.se\/naturhjaltarna\/wp-content\/uploads\/sites\/70\/2022\/09\/20210706_133758-2-118x150.jpg\" class=\"attachment-thumbnail size-thumbnail\" alt=\"\" srcset=\"https:\/\/www.4h.se\/naturhjaltarna\/wp-content\/uploads\/sites\/70\/2022\/09\/20210706_133758-2-118x150.jpg 118w, https:\/\/www.4h.se\/naturhjaltarna\/wp-content\/uploads\/sites\/70\/2022\/09\/20210706_133758-2-235x300.jpg 235w, https:\/\/www.4h.se\/naturhjaltarna\/wp-content\/uploads\/sites\/70\/2022\/09\/20210706_133758-2-802x1024.jpg 802w\" sizes=\"auto, (max-width: 118px) 100vw, 118px\" \/><\/a>\n\t\t\t<\/dt><\/dl><br style=\"clear: both\" \/><dl class='gallery-item'>\n\t\t\t<dt class='gallery-icon landscape'>\n\t\t\t\t<a href='https:\/\/www.4h.se\/naturhjaltarna\/wp-content\/uploads\/sites\/70\/2022\/09\/20210623_152835.jpg'><img loading=\"lazy\" decoding=\"async\" width=\"170\" height=\"128\" src=\"https:\/\/www.4h.se\/naturhjaltarna\/wp-content\/uploads\/sites\/70\/2022\/09\/20210623_152835-170x128.jpg\" class=\"attachment-thumbnail size-thumbnail\" alt=\"\" srcset=\"https:\/\/www.4h.se\/naturhjaltarna\/wp-content\/uploads\/sites\/70\/2022\/09\/20210623_152835-170x128.jpg 170w, https:\/\/www.4h.se\/naturhjaltarna\/wp-content\/uploads\/sites\/70\/2022\/09\/20210623_152835-400x300.jpg 400w, https:\/\/www.4h.se\/naturhjaltarna\/wp-content\/uploads\/sites\/70\/2022\/09\/20210623_152835-970x728.jpg 970w\" sizes=\"auto, (max-width: 170px) 100vw, 170px\" \/><\/a>\n\t\t\t<\/dt><\/dl><dl class='gallery-item'>\n\t\t\t<dt class='gallery-icon portrait'>\n\t\t\t\t<a href='https:\/\/www.4h.se\/naturhjaltarna\/wp-content\/uploads\/sites\/70\/2022\/09\/20210623_133335.jpg'><img loading=\"lazy\" decoding=\"async\" width=\"84\" height=\"150\" src=\"https:\/\/www.4h.se\/naturhjaltarna\/wp-content\/uploads\/sites\/70\/2022\/09\/20210623_133335-84x150.jpg\" class=\"attachment-thumbnail size-thumbnail\" alt=\"\" srcset=\"https:\/\/www.4h.se\/naturhjaltarna\/wp-content\/uploads\/sites\/70\/2022\/09\/20210623_133335-84x150.jpg 84w, https:\/\/www.4h.se\/naturhjaltarna\/wp-content\/uploads\/sites\/70\/2022\/09\/20210623_133335-169x300.jpg 169w, https:\/\/www.4h.se\/naturhjaltarna\/wp-content\/uploads\/sites\/70\/2022\/09\/20210623_133335-576x1024.jpg 576w, https:\/\/www.4h.se\/naturhjaltarna\/wp-content\/uploads\/sites\/70\/2022\/09\/20210623_133335.jpg 1246w\" sizes=\"auto, (max-width: 84px) 100vw, 84px\" \/><\/a>\n\t\t\t<\/dt><\/dl><dl class='gallery-item'>\n\t\t\t<dt class='gallery-icon portrait'>\n\t\t\t\t<a href='https:\/\/www.4h.se\/naturhjaltarna\/wp-content\/uploads\/sites\/70\/2022\/09\/20210621_152618.jpg'><img loading=\"lazy\" decoding=\"async\" width=\"95\" height=\"150\" src=\"https:\/\/www.4h.se\/naturhjaltarna\/wp-content\/uploads\/sites\/70\/2022\/09\/20210621_152618-95x150.jpg\" class=\"attachment-thumbnail size-thumbnail\" alt=\"\" srcset=\"https:\/\/www.4h.se\/naturhjaltarna\/wp-content\/uploads\/sites\/70\/2022\/09\/20210621_152618-95x150.jpg 95w, https:\/\/www.4h.se\/naturhjaltarna\/wp-content\/uploads\/sites\/70\/2022\/09\/20210621_152618-189x300.jpg 189w, https:\/\/www.4h.se\/naturhjaltarna\/wp-content\/uploads\/sites\/70\/2022\/09\/20210621_152618-646x1024.jpg 646w\" sizes=\"auto, (max-width: 95px) 100vw, 95px\" \/><\/a>\n\t\t\t<\/dt><\/dl><dl class='gallery-item'>\n\t\t\t<dt class='gallery-icon landscape'>\n\t\t\t\t<a href='https:\/\/www.4h.se\/naturhjaltarna\/wp-content\/uploads\/sites\/70\/2022\/09\/20210621_113104.jpg'><img loading=\"lazy\" decoding=\"async\" width=\"170\" height=\"108\" src=\"https:\/\/www.4h.se\/naturhjaltarna\/wp-content\/uploads\/sites\/70\/2022\/09\/20210621_113104-170x108.jpg\" class=\"attachment-thumbnail size-thumbnail\" alt=\"\" srcset=\"https:\/\/www.4h.se\/naturhjaltarna\/wp-content\/uploads\/sites\/70\/2022\/09\/20210621_113104-170x108.jpg 170w, https:\/\/www.4h.se\/naturhjaltarna\/wp-content\/uploads\/sites\/70\/2022\/09\/20210621_113104-470x300.jpg 470w, https:\/\/www.4h.se\/naturhjaltarna\/wp-content\/uploads\/sites\/70\/2022\/09\/20210621_113104-970x619.jpg 970w\" sizes=\"auto, (max-width: 170px) 100vw, 170px\" \/><\/a>\n\t\t\t<\/dt><\/dl><br style=\"clear: both\" \/><dl class='gallery-item'>\n\t\t\t<dt class='gallery-icon landscape'>\n\t\t\t\t<a href='https:\/\/www.4h.se\/naturhjaltarna\/wp-content\/uploads\/sites\/70\/2022\/09\/302605526_906070230781855_2239650222879839337_n.jpg'><img loading=\"lazy\" decoding=\"async\" width=\"170\" height=\"113\" src=\"https:\/\/www.4h.se\/naturhjaltarna\/wp-content\/uploads\/sites\/70\/2022\/09\/302605526_906070230781855_2239650222879839337_n-170x113.jpg\" class=\"attachment-thumbnail size-thumbnail\" alt=\"\" srcset=\"https:\/\/www.4h.se\/naturhjaltarna\/wp-content\/uploads\/sites\/70\/2022\/09\/302605526_906070230781855_2239650222879839337_n-170x113.jpg 170w, https:\/\/www.4h.se\/naturhjaltarna\/wp-content\/uploads\/sites\/70\/2022\/09\/302605526_906070230781855_2239650222879839337_n-450x300.jpg 450w, https:\/\/www.4h.se\/naturhjaltarna\/wp-content\/uploads\/sites\/70\/2022\/09\/302605526_906070230781855_2239650222879839337_n-970x647.jpg 970w, https:\/\/www.4h.se\/naturhjaltarna\/wp-content\/uploads\/sites\/70\/2022\/09\/302605526_906070230781855_2239650222879839337_n.jpg 1440w\" sizes=\"auto, (max-width: 170px) 100vw, 170px\" \/><\/a>\n\t\t\t<\/dt><\/dl><dl class='gallery-item'>\n\t\t\t<dt class='gallery-icon portrait'>\n\t\t\t\t<a href='https:\/\/www.4h.se\/naturhjaltarna\/wp-content\/uploads\/sites\/70\/2022\/04\/19691591_1545646802146909_1315904132_n.jpg'><img loading=\"lazy\" decoding=\"async\" width=\"104\" height=\"150\" src=\"https:\/\/www.4h.se\/naturhjaltarna\/wp-content\/uploads\/sites\/70\/2022\/04\/19691591_1545646802146909_1315904132_n-104x150.jpg\" class=\"attachment-thumbnail size-thumbnail\" alt=\"\" srcset=\"https:\/\/www.4h.se\/naturhjaltarna\/wp-content\/uploads\/sites\/70\/2022\/04\/19691591_1545646802146909_1315904132_n-104x150.jpg 104w, https:\/\/www.4h.se\/naturhjaltarna\/wp-content\/uploads\/sites\/70\/2022\/04\/19691591_1545646802146909_1315904132_n-209x300.jpg 209w, https:\/\/www.4h.se\/naturhjaltarna\/wp-content\/uploads\/sites\/70\/2022\/04\/19691591_1545646802146909_1315904132_n.jpg 637w\" sizes=\"auto, (max-width: 104px) 100vw, 104px\" \/><\/a>\n\t\t\t<\/dt><\/dl>\n\t\t\t<br style='clear: both' \/>\n\t\t<\/div>\n\n<p>&nbsp;[\/vc_column_text][\/vc_column][\/vc_row]<\/p>\n<\/div>","protected":false},"excerpt":{"rendered":"<p>[vc_row][vc_column][vc_column_text css=&#8221;&#8221;]&nbsp; L\u00d6RDAGSKUL p\u00e5 4H-g\u00e5rden \u00f6ppet ALLA L\u00d6RDAGAR\u00a0 Tr\u00e4ffa nya kompisar!\u00a0L\u00e4r k\u00e4nna djuren!\u00a0Lek och pyssla!\u00a0 &nbsp; Tid: 12:00-16:00. Barn under 12 \u00e5r m\u00e5ste ha egen vuxen med sig p\u00e5 g\u00e5rden. Caf\u00e9 \u00f6ppet med v\u00e5fflor, bakverk och korvgrillning. Ponnyridning och pyssel &nbsp; V\u00c4LKOMNA! &nbsp; &nbsp;[\/vc_column_text][\/vc_column][\/vc_row]<\/p>\n","protected":false},"author":16,"featured_media":0,"parent":0,"menu_order":12,"comment_status":"closed","ping_status":"closed","template":"","meta":{"footnotes":""},"class_list":["post-773","page","type-page","status-publish","hentry"],"yoast_head":"<!-- This site is optimized with the Yoast SEO plugin v27.4 - https:\/\/yoast.com\/product\/yoast-seo-wordpress\/ -->\n<title>\u00d6ppen g\u00e5rd - Bj\u00f6rkmuren 4H-g\u00e5rd och region G\u00e4vleborgs 4H-klubbar<\/title>\n<meta name=\"robots\" content=\"index, follow, max-snippet:-1, max-image-preview:large, max-video-preview:-1\" \/>\n<link rel=\"canonical\" href=\"https:\/\/www.4h.se\/naturhjaltarna\/oppen-gard\/\" \/>\n<meta property=\"og:locale\" content=\"sv_SE\" \/>\n<meta property=\"og:type\" content=\"article\" \/>\n<meta property=\"og:title\" content=\"\u00d6ppen g\u00e5rd - Bj\u00f6rkmuren 4H-g\u00e5rd och region G\u00e4vleborgs 4H-klubbar\" \/>\n<meta property=\"og:description\" content=\"[vc_row][vc_column][vc_column_text css=&#8221;&#8221;]&nbsp; L\u00d6RDAGSKUL p\u00e5 4H-g\u00e5rden \u00f6ppet ALLA L\u00d6RDAGAR\u00a0 Tr\u00e4ffa nya kompisar!\u00a0L\u00e4r k\u00e4nna djuren!\u00a0Lek och pyssla!\u00a0 &nbsp; Tid: 12:00-16:00. Barn under 12 \u00e5r m\u00e5ste ha egen vuxen med sig p\u00e5 g\u00e5rden. Caf\u00e9 \u00f6ppet med v\u00e5fflor, bakverk och korvgrillning. Ponnyridning och pyssel &nbsp; V\u00c4LKOMNA! &nbsp; &nbsp;[\/vc_column_text][\/vc_column][\/vc_row]\" \/>\n<meta property=\"og:url\" content=\"https:\/\/www.4h.se\/naturhjaltarna\/oppen-gard\/\" \/>\n<meta property=\"og:site_name\" content=\"Bj\u00f6rkmuren 4H-g\u00e5rd och region G\u00e4vleborgs 4H-klubbar\" \/>\n<meta property=\"article:publisher\" content=\"https:\/\/www.facebook.com\/groups\/374576939303680\/\" \/>\n<meta property=\"article:modified_time\" content=\"2024-09-25T11:08:25+00:00\" \/>\n<meta name=\"twitter:card\" content=\"summary_large_image\" \/>\n<script type=\"application\/ld+json\" class=\"yoast-schema-graph\">{\"@context\":\"https:\\\/\\\/schema.org\",\"@graph\":[{\"@type\":\"WebPage\",\"@id\":\"https:\\\/\\\/www.4h.se\\\/naturhjaltarna\\\/oppen-gard\\\/\",\"url\":\"https:\\\/\\\/www.4h.se\\\/naturhjaltarna\\\/oppen-gard\\\/\",\"name\":\"\u00d6ppen g\u00e5rd - Bj\u00f6rkmuren 4H-g\u00e5rd och region G\u00e4vleborgs 4H-klubbar\",\"isPartOf\":{\"@id\":\"https:\\\/\\\/www.4h.se\\\/naturhjaltarna\\\/#website\"},\"datePublished\":\"2022-04-12T17:14:08+00:00\",\"dateModified\":\"2024-09-25T11:08:25+00:00\",\"breadcrumb\":{\"@id\":\"https:\\\/\\\/www.4h.se\\\/naturhjaltarna\\\/oppen-gard\\\/#breadcrumb\"},\"inLanguage\":\"sv-SE\",\"potentialAction\":[{\"@type\":\"ReadAction\",\"target\":[\"https:\\\/\\\/www.4h.se\\\/naturhjaltarna\\\/oppen-gard\\\/\"]}]},{\"@type\":\"BreadcrumbList\",\"@id\":\"https:\\\/\\\/www.4h.se\\\/naturhjaltarna\\\/oppen-gard\\\/#breadcrumb\",\"itemListElement\":[{\"@type\":\"ListItem\",\"position\":1,\"name\":\"Hem\",\"item\":\"https:\\\/\\\/www.4h.se\\\/naturhjaltarna\\\/\"},{\"@type\":\"ListItem\",\"position\":2,\"name\":\"\u00d6ppen g\u00e5rd\"}]},{\"@type\":\"WebSite\",\"@id\":\"https:\\\/\\\/www.4h.se\\\/naturhjaltarna\\\/#website\",\"url\":\"https:\\\/\\\/www.4h.se\\\/naturhjaltarna\\\/\",\"name\":\"Bj\u00f6rkmuren 4H-g\u00e5rd och region G\u00e4vleborgs 4H-klubbar\",\"description\":\"L\u00e4ra genom att g\u00f6ra\",\"potentialAction\":[{\"@type\":\"SearchAction\",\"target\":{\"@type\":\"EntryPoint\",\"urlTemplate\":\"https:\\\/\\\/www.4h.se\\\/naturhjaltarna\\\/?s={search_term_string}\"},\"query-input\":{\"@type\":\"PropertyValueSpecification\",\"valueRequired\":true,\"valueName\":\"search_term_string\"}}],\"inLanguage\":\"sv-SE\"}]}<\/script>\n<!-- \/ Yoast SEO plugin. -->","yoast_head_json":{"title":"\u00d6ppen g\u00e5rd - Bj\u00f6rkmuren 4H-g\u00e5rd och region G\u00e4vleborgs 4H-klubbar","robots":{"index":"index","follow":"follow","max-snippet":"max-snippet:-1","max-image-preview":"max-image-preview:large","max-video-preview":"max-video-preview:-1"},"canonical":"https:\/\/www.4h.se\/naturhjaltarna\/oppen-gard\/","og_locale":"sv_SE","og_type":"article","og_title":"\u00d6ppen g\u00e5rd - Bj\u00f6rkmuren 4H-g\u00e5rd och region G\u00e4vleborgs 4H-klubbar","og_description":"[vc_row][vc_column][vc_column_text css=&#8221;&#8221;]&nbsp; L\u00d6RDAGSKUL p\u00e5 4H-g\u00e5rden \u00f6ppet ALLA L\u00d6RDAGAR\u00a0 Tr\u00e4ffa nya kompisar!\u00a0L\u00e4r k\u00e4nna djuren!\u00a0Lek och pyssla!\u00a0 &nbsp; Tid: 12:00-16:00. Barn under 12 \u00e5r m\u00e5ste ha egen vuxen med sig p\u00e5 g\u00e5rden. Caf\u00e9 \u00f6ppet med v\u00e5fflor, bakverk och korvgrillning. Ponnyridning och pyssel &nbsp; V\u00c4LKOMNA! &nbsp; &nbsp;[\/vc_column_text][\/vc_column][\/vc_row]","og_url":"https:\/\/www.4h.se\/naturhjaltarna\/oppen-gard\/","og_site_name":"Bj\u00f6rkmuren 4H-g\u00e5rd och region G\u00e4vleborgs 4H-klubbar","article_publisher":"https:\/\/www.facebook.com\/groups\/374576939303680\/","article_modified_time":"2024-09-25T11:08:25+00:00","twitter_card":"summary_large_image","schema":{"@context":"https:\/\/schema.org","@graph":[{"@type":"WebPage","@id":"https:\/\/www.4h.se\/naturhjaltarna\/oppen-gard\/","url":"https:\/\/www.4h.se\/naturhjaltarna\/oppen-gard\/","name":"\u00d6ppen g\u00e5rd - Bj\u00f6rkmuren 4H-g\u00e5rd och region G\u00e4vleborgs 4H-klubbar","isPartOf":{"@id":"https:\/\/www.4h.se\/naturhjaltarna\/#website"},"datePublished":"2022-04-12T17:14:08+00:00","dateModified":"2024-09-25T11:08:25+00:00","breadcrumb":{"@id":"https:\/\/www.4h.se\/naturhjaltarna\/oppen-gard\/#breadcrumb"},"inLanguage":"sv-SE","potentialAction":[{"@type":"ReadAction","target":["https:\/\/www.4h.se\/naturhjaltarna\/oppen-gard\/"]}]},{"@type":"BreadcrumbList","@id":"https:\/\/www.4h.se\/naturhjaltarna\/oppen-gard\/#breadcrumb","itemListElement":[{"@type":"ListItem","position":1,"name":"Hem","item":"https:\/\/www.4h.se\/naturhjaltarna\/"},{"@type":"ListItem","position":2,"name":"\u00d6ppen g\u00e5rd"}]},{"@type":"WebSite","@id":"https:\/\/www.4h.se\/naturhjaltarna\/#website","url":"https:\/\/www.4h.se\/naturhjaltarna\/","name":"Bj\u00f6rkmuren 4H-g\u00e5rd och region G\u00e4vleborgs 4H-klubbar","description":"L\u00e4ra genom att g\u00f6ra","potentialAction":[{"@type":"SearchAction","target":{"@type":"EntryPoint","urlTemplate":"https:\/\/www.4h.se\/naturhjaltarna\/?s={search_term_string}"},"query-input":{"@type":"PropertyValueSpecification","valueRequired":true,"valueName":"search_term_string"}}],"inLanguage":"sv-SE"}]}},"_links":{"self":[{"href":"https:\/\/www.4h.se\/naturhjaltarna\/wp-json\/wp\/v2\/pages\/773","targetHints":{"allow":["GET"]}}],"collection":[{"href":"https:\/\/www.4h.se\/naturhjaltarna\/wp-json\/wp\/v2\/pages"}],"about":[{"href":"https:\/\/www.4h.se\/naturhjaltarna\/wp-json\/wp\/v2\/types\/page"}],"author":[{"embeddable":true,"href":"https:\/\/www.4h.se\/naturhjaltarna\/wp-json\/wp\/v2\/users\/16"}],"replies":[{"embeddable":true,"href":"https:\/\/www.4h.se\/naturhjaltarna\/wp-json\/wp\/v2\/comments?post=773"}],"version-history":[{"count":0,"href":"https:\/\/www.4h.se\/naturhjaltarna\/wp-json\/wp\/v2\/pages\/773\/revisions"}],"wp:attachment":[{"href":"https:\/\/www.4h.se\/naturhjaltarna\/wp-json\/wp\/v2\/media?parent=773"}],"curies":[{"name":"wp","href":"https:\/\/api.w.org\/{rel}","templated":true}]}}