



{"id":478,"date":"2017-02-11T18:37:36","date_gmt":"2017-02-11T17:37:36","guid":{"rendered":"http:\/\/www.4h.se\/naturhjaltarna\/?page_id=478"},"modified":"2024-09-25T13:14:45","modified_gmt":"2024-09-25T11:14:45","slug":"ponnyridning-2","status":"publish","type":"page","link":"https:\/\/www.4h.se\/naturhjaltarna\/ponnyridning-2\/","title":{"rendered":"Ponnyridning"},"content":{"rendered":"<div class=\"wpb-content-wrapper\"><p>[vc_row][vc_column][vc_column_text css=&#8221;&#8221;]<\/p>\n<h3><strong>Ponnyridning med Naturhj\u00e4ltarnas 4H-klubb<\/strong><\/h3>\n<p>Klubben erbjuder ponnyridning vid event i Sandvikens och G\u00e4vles kommun.<\/p>\n<p>Ponnyridningen g\u00e5r smidigt, tryggt och s\u00e4kert med v\u00e5ra sn\u00e4lla, or\u00e4dda ponnyer. F\u00f6reningen erbjuder att arrangera ponnyridning per faktura s\u00e5 att den erbjuds kostnadsfritt till barnen. Andra djur som kaniner, h\u00f6ns, f\u00e5r, getter eller minih\u00e4st kan ocks\u00e5 f\u00e5 f\u00f6lja med f\u00f6r att gosas med. Ponnyridning och\/eller sm\u00e5djur kan \u00e4ven hyras till barnkalas eller f\u00f6rskolebes\u00f6k.<\/p>\n<p>Barn \u00e4r fascinerade av h\u00e4star. \u00c4ven en liten ponny \u00e4r ett stort djur f\u00f6r ett barn. Vi l\u00e4gger stor vikt p\u00e5 att behandla djuren v\u00e4l och f\u00f6reg\u00e5 med gott exempel. Ponnyridning \u00e4r ett utm\u00e4rkt tillf\u00e4lle f\u00f6r ungdomarna att vara ledare och interagera med yngre barn samt deras f\u00f6r\u00e4ldrar.<\/p>\n<p>F\u00f6rfr\u00e5gan skickas till naturhjaltarna@4h.se<\/p>\n<p><a href=\"https:\/\/www.4h.se\/naturhjaltarna\/wp-content\/uploads\/sites\/70\/2017\/02\/20150926_120053.jpg\"><img loading=\"lazy\" decoding=\"async\" class=\"alignnone wp-image-488 size-thumbnail\" src=\"https:\/\/www.4h.se\/naturhjaltarna\/wp-content\/uploads\/sites\/70\/2017\/02\/20150926_120053-140x150.jpg\" alt=\"20150926_120053\" width=\"140\" height=\"150\" srcset=\"https:\/\/www.4h.se\/naturhjaltarna\/wp-content\/uploads\/sites\/70\/2017\/02\/20150926_120053-140x150.jpg 140w, https:\/\/www.4h.se\/naturhjaltarna\/wp-content\/uploads\/sites\/70\/2017\/02\/20150926_120053-279x300.jpg 279w, https:\/\/www.4h.se\/naturhjaltarna\/wp-content\/uploads\/sites\/70\/2017\/02\/20150926_120053-954x1024.jpg 954w, https:\/\/www.4h.se\/naturhjaltarna\/wp-content\/uploads\/sites\/70\/2017\/02\/20150926_120053.jpg 1512w\" sizes=\"auto, (max-width: 140px) 100vw, 140px\" \/><\/a>\u00a0\u00a0\u00a0<a href=\"https:\/\/www.4h.se\/naturhjaltarna\/wp-content\/uploads\/sites\/70\/2017\/02\/20150906_122332.jpg\"><img loading=\"lazy\" decoding=\"async\" class=\"alignnone wp-image-486 size-thumbnail\" src=\"https:\/\/www.4h.se\/naturhjaltarna\/wp-content\/uploads\/sites\/70\/2017\/02\/20150906_122332-170x128.jpg\" alt=\"20150906_122332\" width=\"170\" height=\"128\" srcset=\"https:\/\/www.4h.se\/naturhjaltarna\/wp-content\/uploads\/sites\/70\/2017\/02\/20150906_122332-170x128.jpg 170w, https:\/\/www.4h.se\/naturhjaltarna\/wp-content\/uploads\/sites\/70\/2017\/02\/20150906_122332-400x300.jpg 400w, https:\/\/www.4h.se\/naturhjaltarna\/wp-content\/uploads\/sites\/70\/2017\/02\/20150906_122332-970x728.jpg 970w\" sizes=\"auto, (max-width: 170px) 100vw, 170px\" \/><\/a>\u00a0\u00a0<a href=\"https:\/\/www.4h.se\/naturhjaltarna\/wp-content\/uploads\/sites\/70\/2017\/02\/Resized_20170822_150618.jpg\"><img loading=\"lazy\" decoding=\"async\" class=\"alignnone wp-image-562 size-thumbnail\" src=\"https:\/\/www.4h.se\/naturhjaltarna\/wp-content\/uploads\/sites\/70\/2017\/02\/Resized_20170822_150618-84x150.jpg\" alt=\"Resized_20170822_150618\" width=\"84\" height=\"150\" srcset=\"https:\/\/www.4h.se\/naturhjaltarna\/wp-content\/uploads\/sites\/70\/2017\/02\/Resized_20170822_150618-84x150.jpg 84w, https:\/\/www.4h.se\/naturhjaltarna\/wp-content\/uploads\/sites\/70\/2017\/02\/Resized_20170822_150618-169x300.jpg 169w, https:\/\/www.4h.se\/naturhjaltarna\/wp-content\/uploads\/sites\/70\/2017\/02\/Resized_20170822_150618-576x1024.jpg 576w, https:\/\/www.4h.se\/naturhjaltarna\/wp-content\/uploads\/sites\/70\/2017\/02\/Resized_20170822_150618.jpg 720w\" sizes=\"auto, (max-width: 84px) 100vw, 84px\" \/> \u00a0<\/a><a href=\"https:\/\/www.4h.se\/naturhjaltarna\/wp-content\/uploads\/sites\/70\/2017\/02\/20160827_135116.jpg\"><img loading=\"lazy\" decoding=\"async\" class=\"alignnone wp-image-483 size-thumbnail\" src=\"https:\/\/www.4h.se\/naturhjaltarna\/wp-content\/uploads\/sites\/70\/2017\/02\/20160827_135116-170x128.jpg\" alt=\"20160827_135116\" width=\"170\" height=\"128\" srcset=\"https:\/\/www.4h.se\/naturhjaltarna\/wp-content\/uploads\/sites\/70\/2017\/02\/20160827_135116-170x128.jpg 170w, https:\/\/www.4h.se\/naturhjaltarna\/wp-content\/uploads\/sites\/70\/2017\/02\/20160827_135116-400x300.jpg 400w, https:\/\/www.4h.se\/naturhjaltarna\/wp-content\/uploads\/sites\/70\/2017\/02\/20160827_135116-970x728.jpg 970w\" sizes=\"auto, (max-width: 170px) 100vw, 170px\" \/><\/a>\u00a0\u00a0<a href=\"https:\/\/www.4h.se\/naturhjaltarna\/wp-content\/uploads\/sites\/70\/2017\/02\/20140723_174913.jpg\"><img loading=\"lazy\" decoding=\"async\" class=\"alignnone wp-image-482 size-thumbnail\" src=\"https:\/\/www.4h.se\/naturhjaltarna\/wp-content\/uploads\/sites\/70\/2017\/02\/20140723_174913-165x150.jpg\" alt=\"20140723_174913\" width=\"165\" height=\"150\" srcset=\"https:\/\/www.4h.se\/naturhjaltarna\/wp-content\/uploads\/sites\/70\/2017\/02\/20140723_174913-165x150.jpg 165w, https:\/\/www.4h.se\/naturhjaltarna\/wp-content\/uploads\/sites\/70\/2017\/02\/20140723_174913-330x300.jpg 330w, https:\/\/www.4h.se\/naturhjaltarna\/wp-content\/uploads\/sites\/70\/2017\/02\/20140723_174913-970x881.jpg 970w, https:\/\/www.4h.se\/naturhjaltarna\/wp-content\/uploads\/sites\/70\/2017\/02\/20140723_174913.jpg 1362w\" sizes=\"auto, (max-width: 165px) 100vw, 165px\" \/><\/a>\u00a0\u00a0\u00a0\u00a0<a href=\"https:\/\/www.4h.se\/naturhjaltarna\/wp-content\/uploads\/sites\/70\/2019\/01\/IMG_0631.jpg\"><img loading=\"lazy\" decoding=\"async\" class=\"alignnone wp-image-624 size-thumbnail\" src=\"https:\/\/www.4h.se\/naturhjaltarna\/wp-content\/uploads\/sites\/70\/2019\/01\/IMG_0631-133x150.jpg\" alt=\"IMG_0631\" width=\"133\" height=\"150\" srcset=\"https:\/\/www.4h.se\/naturhjaltarna\/wp-content\/uploads\/sites\/70\/2019\/01\/IMG_0631-133x150.jpg 133w, https:\/\/www.4h.se\/naturhjaltarna\/wp-content\/uploads\/sites\/70\/2019\/01\/IMG_0631-267x300.jpg 267w, https:\/\/www.4h.se\/naturhjaltarna\/wp-content\/uploads\/sites\/70\/2019\/01\/IMG_0631-911x1024.jpg 911w\" sizes=\"auto, (max-width: 133px) 100vw, 133px\" \/><\/a>[\/vc_column_text][\/vc_column][\/vc_row][vc_row][vc_column][\/vc_column][\/vc_row]<\/p>\n<\/div>","protected":false},"excerpt":{"rendered":"<p>[vc_row][vc_column][vc_column_text css=&#8221;&#8221;] Ponnyridning med Naturhj\u00e4ltarnas 4H-klubb Klubben erbjuder ponnyridning vid event i Sandvikens och G\u00e4vles kommun. Ponnyridningen g\u00e5r smidigt, tryggt och s\u00e4kert med v\u00e5ra sn\u00e4lla, or\u00e4dda ponnyer. F\u00f6reningen erbjuder att arrangera ponnyridning per faktura s\u00e5 att den erbjuds kostnadsfritt till barnen. Andra djur som kaniner, h\u00f6ns, f\u00e5r, getter eller minih\u00e4st kan ocks\u00e5 f\u00e5 f\u00f6lja med&nbsp; <a href=\"https:\/\/www.4h.se\/naturhjaltarna\/ponnyridning-2\/\">&hellip; Read more <i class=\"glyphicon glyphicon-arrow-right\"><\/i><\/a><\/p>\n","protected":false},"author":16,"featured_media":0,"parent":0,"menu_order":22,"comment_status":"closed","ping_status":"closed","template":"","meta":{"_acf_changed":false,"footnotes":""},"class_list":["post-478","page","type-page","status-publish","hentry"],"acf":[],"yoast_head":"<!-- This site is optimized with the Yoast SEO plugin v27.5 - https:\/\/yoast.com\/product\/yoast-seo-wordpress\/ -->\n<title>Ponnyridning - Bj\u00f6rkmuren 4H-g\u00e5rd och region G\u00e4vleborgs 4H-klubbar<\/title>\n<meta name=\"robots\" content=\"index, follow, max-snippet:-1, max-image-preview:large, max-video-preview:-1\" \/>\n<link rel=\"canonical\" href=\"https:\/\/www.4h.se\/naturhjaltarna\/ponnyridning-2\/\" \/>\n<meta property=\"og:locale\" content=\"sv_SE\" \/>\n<meta property=\"og:type\" content=\"article\" \/>\n<meta property=\"og:title\" content=\"Ponnyridning - Bj\u00f6rkmuren 4H-g\u00e5rd och region G\u00e4vleborgs 4H-klubbar\" \/>\n<meta property=\"og:description\" content=\"[vc_row][vc_column][vc_column_text css=&#8221;&#8221;] Ponnyridning med Naturhj\u00e4ltarnas 4H-klubb Klubben erbjuder ponnyridning vid event i Sandvikens och G\u00e4vles kommun. Ponnyridningen g\u00e5r smidigt, tryggt och s\u00e4kert med v\u00e5ra sn\u00e4lla, or\u00e4dda ponnyer. F\u00f6reningen erbjuder att arrangera ponnyridning per faktura s\u00e5 att den erbjuds kostnadsfritt till barnen. Andra djur som kaniner, h\u00f6ns, f\u00e5r, getter eller minih\u00e4st kan ocks\u00e5 f\u00e5 f\u00f6lja med&nbsp; &hellip; Read more\" \/>\n<meta property=\"og:url\" content=\"https:\/\/www.4h.se\/naturhjaltarna\/ponnyridning-2\/\" \/>\n<meta property=\"og:site_name\" content=\"Bj\u00f6rkmuren 4H-g\u00e5rd och region G\u00e4vleborgs 4H-klubbar\" \/>\n<meta property=\"article:publisher\" content=\"https:\/\/www.facebook.com\/groups\/374576939303680\/\" \/>\n<meta property=\"article:modified_time\" content=\"2024-09-25T11:14:45+00:00\" \/>\n<meta property=\"og:image\" content=\"https:\/\/www.4h.se\/naturhjaltarna\/wp-content\/uploads\/sites\/70\/2017\/02\/20150926_120053-140x150.jpg\" \/>\n<meta name=\"twitter:card\" content=\"summary_large_image\" \/>\n<meta name=\"twitter:label1\" content=\"Ber\u00e4knad l\u00e4stid\" \/>\n\t<meta name=\"twitter:data1\" content=\"1 minut\" \/>\n<script type=\"application\/ld+json\" class=\"yoast-schema-graph\">{\"@context\":\"https:\\\/\\\/schema.org\",\"@graph\":[{\"@type\":\"WebPage\",\"@id\":\"https:\\\/\\\/www.4h.se\\\/naturhjaltarna\\\/ponnyridning-2\\\/\",\"url\":\"https:\\\/\\\/www.4h.se\\\/naturhjaltarna\\\/ponnyridning-2\\\/\",\"name\":\"Ponnyridning - Bj\u00f6rkmuren 4H-g\u00e5rd och region G\u00e4vleborgs 4H-klubbar\",\"isPartOf\":{\"@id\":\"https:\\\/\\\/www.4h.se\\\/naturhjaltarna\\\/#website\"},\"primaryImageOfPage\":{\"@id\":\"https:\\\/\\\/www.4h.se\\\/naturhjaltarna\\\/ponnyridning-2\\\/#primaryimage\"},\"image\":{\"@id\":\"https:\\\/\\\/www.4h.se\\\/naturhjaltarna\\\/ponnyridning-2\\\/#primaryimage\"},\"thumbnailUrl\":\"https:\\\/\\\/www.4h.se\\\/naturhjaltarna\\\/wp-content\\\/uploads\\\/sites\\\/70\\\/2017\\\/02\\\/20150926_120053-140x150.jpg\",\"datePublished\":\"2017-02-11T17:37:36+00:00\",\"dateModified\":\"2024-09-25T11:14:45+00:00\",\"breadcrumb\":{\"@id\":\"https:\\\/\\\/www.4h.se\\\/naturhjaltarna\\\/ponnyridning-2\\\/#breadcrumb\"},\"inLanguage\":\"sv-SE\",\"potentialAction\":[{\"@type\":\"ReadAction\",\"target\":[\"https:\\\/\\\/www.4h.se\\\/naturhjaltarna\\\/ponnyridning-2\\\/\"]}]},{\"@type\":\"ImageObject\",\"inLanguage\":\"sv-SE\",\"@id\":\"https:\\\/\\\/www.4h.se\\\/naturhjaltarna\\\/ponnyridning-2\\\/#primaryimage\",\"url\":\"https:\\\/\\\/www.4h.se\\\/naturhjaltarna\\\/wp-content\\\/uploads\\\/sites\\\/70\\\/2017\\\/02\\\/20150926_120053.jpg\",\"contentUrl\":\"https:\\\/\\\/www.4h.se\\\/naturhjaltarna\\\/wp-content\\\/uploads\\\/sites\\\/70\\\/2017\\\/02\\\/20150926_120053.jpg\",\"width\":1512,\"height\":1623},{\"@type\":\"BreadcrumbList\",\"@id\":\"https:\\\/\\\/www.4h.se\\\/naturhjaltarna\\\/ponnyridning-2\\\/#breadcrumb\",\"itemListElement\":[{\"@type\":\"ListItem\",\"position\":1,\"name\":\"Hem\",\"item\":\"https:\\\/\\\/www.4h.se\\\/naturhjaltarna\\\/\"},{\"@type\":\"ListItem\",\"position\":2,\"name\":\"Ponnyridning\"}]},{\"@type\":\"WebSite\",\"@id\":\"https:\\\/\\\/www.4h.se\\\/naturhjaltarna\\\/#website\",\"url\":\"https:\\\/\\\/www.4h.se\\\/naturhjaltarna\\\/\",\"name\":\"Bj\u00f6rkmuren 4H-g\u00e5rd och region G\u00e4vleborgs 4H-klubbar\",\"description\":\"L\u00e4ra genom att g\u00f6ra\",\"potentialAction\":[{\"@type\":\"SearchAction\",\"target\":{\"@type\":\"EntryPoint\",\"urlTemplate\":\"https:\\\/\\\/www.4h.se\\\/naturhjaltarna\\\/?s={search_term_string}\"},\"query-input\":{\"@type\":\"PropertyValueSpecification\",\"valueRequired\":true,\"valueName\":\"search_term_string\"}}],\"inLanguage\":\"sv-SE\"}]}<\/script>\n<!-- \/ Yoast SEO plugin. -->","yoast_head_json":{"title":"Ponnyridning - Bj\u00f6rkmuren 4H-g\u00e5rd och region G\u00e4vleborgs 4H-klubbar","robots":{"index":"index","follow":"follow","max-snippet":"max-snippet:-1","max-image-preview":"max-image-preview:large","max-video-preview":"max-video-preview:-1"},"canonical":"https:\/\/www.4h.se\/naturhjaltarna\/ponnyridning-2\/","og_locale":"sv_SE","og_type":"article","og_title":"Ponnyridning - Bj\u00f6rkmuren 4H-g\u00e5rd och region G\u00e4vleborgs 4H-klubbar","og_description":"[vc_row][vc_column][vc_column_text css=&#8221;&#8221;] Ponnyridning med Naturhj\u00e4ltarnas 4H-klubb Klubben erbjuder ponnyridning vid event i Sandvikens och G\u00e4vles kommun. Ponnyridningen g\u00e5r smidigt, tryggt och s\u00e4kert med v\u00e5ra sn\u00e4lla, or\u00e4dda ponnyer. F\u00f6reningen erbjuder att arrangera ponnyridning per faktura s\u00e5 att den erbjuds kostnadsfritt till barnen. Andra djur som kaniner, h\u00f6ns, f\u00e5r, getter eller minih\u00e4st kan ocks\u00e5 f\u00e5 f\u00f6lja med&nbsp; &hellip; Read more","og_url":"https:\/\/www.4h.se\/naturhjaltarna\/ponnyridning-2\/","og_site_name":"Bj\u00f6rkmuren 4H-g\u00e5rd och region G\u00e4vleborgs 4H-klubbar","article_publisher":"https:\/\/www.facebook.com\/groups\/374576939303680\/","article_modified_time":"2024-09-25T11:14:45+00:00","og_image":[{"url":"https:\/\/www.4h.se\/naturhjaltarna\/wp-content\/uploads\/sites\/70\/2017\/02\/20150926_120053-140x150.jpg","type":"","width":"","height":""}],"twitter_card":"summary_large_image","twitter_misc":{"Ber\u00e4knad l\u00e4stid":"1 minut"},"schema":{"@context":"https:\/\/schema.org","@graph":[{"@type":"WebPage","@id":"https:\/\/www.4h.se\/naturhjaltarna\/ponnyridning-2\/","url":"https:\/\/www.4h.se\/naturhjaltarna\/ponnyridning-2\/","name":"Ponnyridning - Bj\u00f6rkmuren 4H-g\u00e5rd och region G\u00e4vleborgs 4H-klubbar","isPartOf":{"@id":"https:\/\/www.4h.se\/naturhjaltarna\/#website"},"primaryImageOfPage":{"@id":"https:\/\/www.4h.se\/naturhjaltarna\/ponnyridning-2\/#primaryimage"},"image":{"@id":"https:\/\/www.4h.se\/naturhjaltarna\/ponnyridning-2\/#primaryimage"},"thumbnailUrl":"https:\/\/www.4h.se\/naturhjaltarna\/wp-content\/uploads\/sites\/70\/2017\/02\/20150926_120053-140x150.jpg","datePublished":"2017-02-11T17:37:36+00:00","dateModified":"2024-09-25T11:14:45+00:00","breadcrumb":{"@id":"https:\/\/www.4h.se\/naturhjaltarna\/ponnyridning-2\/#breadcrumb"},"inLanguage":"sv-SE","potentialAction":[{"@type":"ReadAction","target":["https:\/\/www.4h.se\/naturhjaltarna\/ponnyridning-2\/"]}]},{"@type":"ImageObject","inLanguage":"sv-SE","@id":"https:\/\/www.4h.se\/naturhjaltarna\/ponnyridning-2\/#primaryimage","url":"https:\/\/www.4h.se\/naturhjaltarna\/wp-content\/uploads\/sites\/70\/2017\/02\/20150926_120053.jpg","contentUrl":"https:\/\/www.4h.se\/naturhjaltarna\/wp-content\/uploads\/sites\/70\/2017\/02\/20150926_120053.jpg","width":1512,"height":1623},{"@type":"BreadcrumbList","@id":"https:\/\/www.4h.se\/naturhjaltarna\/ponnyridning-2\/#breadcrumb","itemListElement":[{"@type":"ListItem","position":1,"name":"Hem","item":"https:\/\/www.4h.se\/naturhjaltarna\/"},{"@type":"ListItem","position":2,"name":"Ponnyridning"}]},{"@type":"WebSite","@id":"https:\/\/www.4h.se\/naturhjaltarna\/#website","url":"https:\/\/www.4h.se\/naturhjaltarna\/","name":"Bj\u00f6rkmuren 4H-g\u00e5rd och region G\u00e4vleborgs 4H-klubbar","description":"L\u00e4ra genom att g\u00f6ra","potentialAction":[{"@type":"SearchAction","target":{"@type":"EntryPoint","urlTemplate":"https:\/\/www.4h.se\/naturhjaltarna\/?s={search_term_string}"},"query-input":{"@type":"PropertyValueSpecification","valueRequired":true,"valueName":"search_term_string"}}],"inLanguage":"sv-SE"}]}},"_links":{"self":[{"href":"https:\/\/www.4h.se\/naturhjaltarna\/wp-json\/wp\/v2\/pages\/478","targetHints":{"allow":["GET"]}}],"collection":[{"href":"https:\/\/www.4h.se\/naturhjaltarna\/wp-json\/wp\/v2\/pages"}],"about":[{"href":"https:\/\/www.4h.se\/naturhjaltarna\/wp-json\/wp\/v2\/types\/page"}],"author":[{"embeddable":true,"href":"https:\/\/www.4h.se\/naturhjaltarna\/wp-json\/wp\/v2\/users\/16"}],"replies":[{"embeddable":true,"href":"https:\/\/www.4h.se\/naturhjaltarna\/wp-json\/wp\/v2\/comments?post=478"}],"version-history":[{"count":0,"href":"https:\/\/www.4h.se\/naturhjaltarna\/wp-json\/wp\/v2\/pages\/478\/revisions"}],"wp:attachment":[{"href":"https:\/\/www.4h.se\/naturhjaltarna\/wp-json\/wp\/v2\/media?parent=478"}],"curies":[{"name":"wp","href":"https:\/\/api.w.org\/{rel}","templated":true}]}}