



{"id":472,"date":"2017-02-03T17:41:22","date_gmt":"2017-02-03T16:41:22","guid":{"rendered":"http:\/\/www.4h.se\/naturhjaltarna\/?page_id=472"},"modified":"2024-09-28T15:17:01","modified_gmt":"2024-09-28T13:17:01","slug":"bjorkmuren","status":"publish","type":"page","link":"https:\/\/www.4h.se\/naturhjaltarna\/bjorkmuren\/","title":{"rendered":"Bj\u00f6rkmuren"},"content":{"rendered":"<div class=\"wpb-content-wrapper\"><p>[vc_row][vc_column][vc_column_text css=&#8221;&#8221;]<\/p>\n<h4>V\u00e4lkommen till bj\u00f6rkmuren 4H-g\u00e5rd<\/h4>\n<p>Bj\u00f6rkmuren \u00e4r en f\u00f6reningsg\u00e5rd och vandrarhem som ligger i vacker natur v\u00e4ster om J\u00e4rbo. G\u00e4vleborgs 4H h\u00e5ller djur f\u00f6r l\u00e4gerverksamhet och rekreation p\u00e5 g\u00e5rden.\u00a0G\u00e5rden sk\u00e4nktes till kommunen p\u00e5 80-talet f\u00f6r friluftsliv och f\u00f6reningsliv. 4H arrenderar fastigheten och driver 4H-g\u00e5rden. P\u00e5 g\u00e5rden bor det h\u00e4star, kaniner, f\u00e5r, getter, grisar, vaktlar, marsvin och katter.\u00a04H-g\u00e5rden \u00e4r en plats d\u00e4r barn och ungdomar f\u00e5r utveckla sin sj\u00e4lvk\u00e4nsla, sin tillit och sitt sj\u00e4lvf\u00f6rtroende. En plats d\u00e4r kontakten med djuren ger f\u00f6rst\u00e5else och \u00f6kad empati.<\/p>\n<p>Huset uthyres f\u00f6r rekreation, b\u00e5de privat och till f\u00f6reningar. P\u00e5 \u00f6verv\u00e5ningen finns en sovsal med 12 s\u00e4ngar. I k\u00e4llaren finns dusch och bastu, vandrarhemsstandard. G\u00e5rden \u00e4r omringad av ett gr\u00e4somr\u00e5de som \u00e4r idealiskt f\u00f6r sommar\u00e4ventyr f\u00f6r alla \u00e5ldrar och ligger i kanten av en fantastisk skog med stigar, markerade leder f\u00f6r BMX och grusv\u00e4g till V\u00e4sterh\u00e4llarnas topp. H\u00e4star kan hyras f\u00f6r ridning och k\u00f6rning.<\/p>\n<p>Kontakta oss f\u00f6r offert p\u00e5 hyrning, gavleborg@4h.se<\/p>\n<p><a href=\"https:\/\/www.4h.se\/naturhjaltarna\/wp-content\/uploads\/sites\/70\/2017\/02\/WP_20160704_003.jpg\"><img loading=\"lazy\" decoding=\"async\" class=\"alignnone wp-image-674 size-thumbnail\" src=\"https:\/\/www.4h.se\/naturhjaltarna\/wp-content\/uploads\/sites\/70\/2017\/02\/WP_20160704_003-170x87.jpg\" alt=\"WP_20160704_003\" width=\"170\" height=\"87\" srcset=\"https:\/\/www.4h.se\/naturhjaltarna\/wp-content\/uploads\/sites\/70\/2017\/02\/WP_20160704_003-170x87.jpg 170w, https:\/\/www.4h.se\/naturhjaltarna\/wp-content\/uploads\/sites\/70\/2017\/02\/WP_20160704_003-470x239.jpg 470w, https:\/\/www.4h.se\/naturhjaltarna\/wp-content\/uploads\/sites\/70\/2017\/02\/WP_20160704_003-970x494.jpg 970w, https:\/\/www.4h.se\/naturhjaltarna\/wp-content\/uploads\/sites\/70\/2017\/02\/WP_20160704_003.jpg 1715w\" sizes=\"auto, (max-width: 170px) 100vw, 170px\" \/><\/a> <a href=\"https:\/\/www.4h.se\/naturhjaltarna\/wp-content\/uploads\/sites\/70\/2024\/09\/20240817_201026-scaled.jpg\"><img loading=\"lazy\" decoding=\"async\" class=\"alignnone wp-image-993 size-thumbnail\" src=\"https:\/\/www.4h.se\/naturhjaltarna\/wp-content\/uploads\/sites\/70\/2024\/09\/20240817_201026-170x96.jpg\" alt=\"\" width=\"170\" height=\"96\" srcset=\"https:\/\/www.4h.se\/naturhjaltarna\/wp-content\/uploads\/sites\/70\/2024\/09\/20240817_201026-170x96.jpg 170w, https:\/\/www.4h.se\/naturhjaltarna\/wp-content\/uploads\/sites\/70\/2024\/09\/20240817_201026-470x264.jpg 470w, https:\/\/www.4h.se\/naturhjaltarna\/wp-content\/uploads\/sites\/70\/2024\/09\/20240817_201026-970x546.jpg 970w, https:\/\/www.4h.se\/naturhjaltarna\/wp-content\/uploads\/sites\/70\/2024\/09\/20240817_201026-768x432.jpg 768w, https:\/\/www.4h.se\/naturhjaltarna\/wp-content\/uploads\/sites\/70\/2024\/09\/20240817_201026-1536x864.jpg 1536w, https:\/\/www.4h.se\/naturhjaltarna\/wp-content\/uploads\/sites\/70\/2024\/09\/20240817_201026-2048x1152.jpg 2048w\" sizes=\"auto, (max-width: 170px) 100vw, 170px\" \/> <\/a><a href=\"https:\/\/www.4h.se\/naturhjaltarna\/wp-content\/uploads\/sites\/70\/2024\/09\/20240817_195651-scaled.jpg\"><img loading=\"lazy\" decoding=\"async\" class=\"alignnone wp-image-992 size-thumbnail\" src=\"https:\/\/www.4h.se\/naturhjaltarna\/wp-content\/uploads\/sites\/70\/2024\/09\/20240817_195651-170x96.jpg\" alt=\"\" width=\"170\" height=\"96\" srcset=\"https:\/\/www.4h.se\/naturhjaltarna\/wp-content\/uploads\/sites\/70\/2024\/09\/20240817_195651-170x96.jpg 170w, https:\/\/www.4h.se\/naturhjaltarna\/wp-content\/uploads\/sites\/70\/2024\/09\/20240817_195651-470x264.jpg 470w, https:\/\/www.4h.se\/naturhjaltarna\/wp-content\/uploads\/sites\/70\/2024\/09\/20240817_195651-970x546.jpg 970w, https:\/\/www.4h.se\/naturhjaltarna\/wp-content\/uploads\/sites\/70\/2024\/09\/20240817_195651-768x432.jpg 768w, https:\/\/www.4h.se\/naturhjaltarna\/wp-content\/uploads\/sites\/70\/2024\/09\/20240817_195651-1536x864.jpg 1536w, https:\/\/www.4h.se\/naturhjaltarna\/wp-content\/uploads\/sites\/70\/2024\/09\/20240817_195651-2048x1152.jpg 2048w\" sizes=\"auto, (max-width: 170px) 100vw, 170px\" \/><\/a><a href=\"https:\/\/www.4h.se\/naturhjaltarna\/wp-content\/uploads\/sites\/70\/2024\/09\/20240817_195641-scaled.jpg\"><img loading=\"lazy\" decoding=\"async\" class=\"alignnone wp-image-991 size-thumbnail\" src=\"https:\/\/www.4h.se\/naturhjaltarna\/wp-content\/uploads\/sites\/70\/2024\/09\/20240817_195641-170x96.jpg\" alt=\"\" width=\"170\" height=\"96\" srcset=\"https:\/\/www.4h.se\/naturhjaltarna\/wp-content\/uploads\/sites\/70\/2024\/09\/20240817_195641-170x96.jpg 170w, https:\/\/www.4h.se\/naturhjaltarna\/wp-content\/uploads\/sites\/70\/2024\/09\/20240817_195641-470x264.jpg 470w, https:\/\/www.4h.se\/naturhjaltarna\/wp-content\/uploads\/sites\/70\/2024\/09\/20240817_195641-970x546.jpg 970w, https:\/\/www.4h.se\/naturhjaltarna\/wp-content\/uploads\/sites\/70\/2024\/09\/20240817_195641-768x432.jpg 768w, https:\/\/www.4h.se\/naturhjaltarna\/wp-content\/uploads\/sites\/70\/2024\/09\/20240817_195641-1536x864.jpg 1536w, https:\/\/www.4h.se\/naturhjaltarna\/wp-content\/uploads\/sites\/70\/2024\/09\/20240817_195641-2048x1152.jpg 2048w\" sizes=\"auto, (max-width: 170px) 100vw, 170px\" \/><\/a><\/p>\n<p>&nbsp;<\/p>\n<p><strong>Inomhusbilder<\/strong><\/p>\n<p><a href=\"https:\/\/www.4h.se\/naturhjaltarna\/wp-content\/uploads\/sites\/70\/2017\/02\/IMG_20220310_130056_449.jpg\"><img loading=\"lazy\" decoding=\"async\" class=\"alignnone wp-image-756 size-thumbnail\" src=\"https:\/\/www.4h.se\/naturhjaltarna\/wp-content\/uploads\/sites\/70\/2017\/02\/IMG_20220310_130056_449-170x128.jpg\" alt=\"IMG_20220310_130056_449\" width=\"170\" height=\"128\" srcset=\"https:\/\/www.4h.se\/naturhjaltarna\/wp-content\/uploads\/sites\/70\/2017\/02\/IMG_20220310_130056_449-170x128.jpg 170w, https:\/\/www.4h.se\/naturhjaltarna\/wp-content\/uploads\/sites\/70\/2017\/02\/IMG_20220310_130056_449-400x300.jpg 400w, https:\/\/www.4h.se\/naturhjaltarna\/wp-content\/uploads\/sites\/70\/2017\/02\/IMG_20220310_130056_449-970x728.jpg 970w\" sizes=\"auto, (max-width: 170px) 100vw, 170px\" \/><\/a>\u00a0<a href=\"https:\/\/www.4h.se\/naturhjaltarna\/wp-content\/uploads\/sites\/70\/2017\/02\/IMG_20220310_125929_233.jpg\"><img loading=\"lazy\" decoding=\"async\" class=\"alignnone wp-image-757 size-thumbnail\" src=\"https:\/\/www.4h.se\/naturhjaltarna\/wp-content\/uploads\/sites\/70\/2017\/02\/IMG_20220310_125929_233-170x128.jpg\" alt=\"IMG_20220310_125929_233\" width=\"170\" height=\"128\" srcset=\"https:\/\/www.4h.se\/naturhjaltarna\/wp-content\/uploads\/sites\/70\/2017\/02\/IMG_20220310_125929_233-170x128.jpg 170w, https:\/\/www.4h.se\/naturhjaltarna\/wp-content\/uploads\/sites\/70\/2017\/02\/IMG_20220310_125929_233-400x300.jpg 400w, https:\/\/www.4h.se\/naturhjaltarna\/wp-content\/uploads\/sites\/70\/2017\/02\/IMG_20220310_125929_233-970x728.jpg 970w\" sizes=\"auto, (max-width: 170px) 100vw, 170px\" \/> <\/a><a href=\"https:\/\/www.4h.se\/naturhjaltarna\/wp-content\/uploads\/sites\/70\/2017\/02\/IMG_20220310_125936_078.jpg\"><img loading=\"lazy\" decoding=\"async\" class=\"alignnone wp-image-758 size-thumbnail\" src=\"https:\/\/www.4h.se\/naturhjaltarna\/wp-content\/uploads\/sites\/70\/2017\/02\/IMG_20220310_125936_078-170x128.jpg\" alt=\"IMG_20220310_125936_078\" width=\"170\" height=\"128\" srcset=\"https:\/\/www.4h.se\/naturhjaltarna\/wp-content\/uploads\/sites\/70\/2017\/02\/IMG_20220310_125936_078-170x128.jpg 170w, https:\/\/www.4h.se\/naturhjaltarna\/wp-content\/uploads\/sites\/70\/2017\/02\/IMG_20220310_125936_078-400x300.jpg 400w, https:\/\/www.4h.se\/naturhjaltarna\/wp-content\/uploads\/sites\/70\/2017\/02\/IMG_20220310_125936_078-970x728.jpg 970w\" sizes=\"auto, (max-width: 170px) 100vw, 170px\" \/><\/a>\u00a0<a href=\"https:\/\/www.4h.se\/naturhjaltarna\/wp-content\/uploads\/sites\/70\/2017\/02\/IMG_20220310_125952_657.jpg\"><img loading=\"lazy\" decoding=\"async\" class=\"alignnone wp-image-759 size-thumbnail\" src=\"https:\/\/www.4h.se\/naturhjaltarna\/wp-content\/uploads\/sites\/70\/2017\/02\/IMG_20220310_125952_657-113x150.jpg\" alt=\"IMG_20220310_125952_657\" width=\"113\" height=\"150\" srcset=\"https:\/\/www.4h.se\/naturhjaltarna\/wp-content\/uploads\/sites\/70\/2017\/02\/IMG_20220310_125952_657-113x150.jpg 113w, https:\/\/www.4h.se\/naturhjaltarna\/wp-content\/uploads\/sites\/70\/2017\/02\/IMG_20220310_125952_657-225x300.jpg 225w, https:\/\/www.4h.se\/naturhjaltarna\/wp-content\/uploads\/sites\/70\/2017\/02\/IMG_20220310_125952_657-768x1024.jpg 768w\" sizes=\"auto, (max-width: 113px) 100vw, 113px\" \/> <\/a><a href=\"https:\/\/www.4h.se\/naturhjaltarna\/wp-content\/uploads\/sites\/70\/2017\/02\/IMG_20220310_102231_424.jpg\"><img loading=\"lazy\" decoding=\"async\" class=\"alignnone wp-image-760 size-thumbnail\" src=\"https:\/\/www.4h.se\/naturhjaltarna\/wp-content\/uploads\/sites\/70\/2017\/02\/IMG_20220310_102231_424-113x150.jpg\" alt=\"IMG_20220310_102231_424\" width=\"113\" height=\"150\" srcset=\"https:\/\/www.4h.se\/naturhjaltarna\/wp-content\/uploads\/sites\/70\/2017\/02\/IMG_20220310_102231_424-113x150.jpg 113w, https:\/\/www.4h.se\/naturhjaltarna\/wp-content\/uploads\/sites\/70\/2017\/02\/IMG_20220310_102231_424-225x300.jpg 225w, https:\/\/www.4h.se\/naturhjaltarna\/wp-content\/uploads\/sites\/70\/2017\/02\/IMG_20220310_102231_424-768x1024.jpg 768w\" sizes=\"auto, (max-width: 113px) 100vw, 113px\" \/><\/a>\u00a0<a href=\"https:\/\/www.4h.se\/naturhjaltarna\/wp-content\/uploads\/sites\/70\/2017\/02\/IMG_20220310_102239_464.jpg\"><img loading=\"lazy\" decoding=\"async\" class=\"alignnone wp-image-761 size-thumbnail\" src=\"https:\/\/www.4h.se\/naturhjaltarna\/wp-content\/uploads\/sites\/70\/2017\/02\/IMG_20220310_102239_464-170x128.jpg\" alt=\"IMG_20220310_102239_464\" width=\"170\" height=\"128\" srcset=\"https:\/\/www.4h.se\/naturhjaltarna\/wp-content\/uploads\/sites\/70\/2017\/02\/IMG_20220310_102239_464-170x128.jpg 170w, https:\/\/www.4h.se\/naturhjaltarna\/wp-content\/uploads\/sites\/70\/2017\/02\/IMG_20220310_102239_464-400x300.jpg 400w, https:\/\/www.4h.se\/naturhjaltarna\/wp-content\/uploads\/sites\/70\/2017\/02\/IMG_20220310_102239_464-970x728.jpg 970w\" sizes=\"auto, (max-width: 170px) 100vw, 170px\" \/><\/a>\u00a0<a href=\"https:\/\/www.4h.se\/naturhjaltarna\/wp-content\/uploads\/sites\/70\/2017\/02\/IMG_20220310_102406_147.jpg\"><img loading=\"lazy\" decoding=\"async\" class=\"alignnone wp-image-762 size-thumbnail\" src=\"https:\/\/www.4h.se\/naturhjaltarna\/wp-content\/uploads\/sites\/70\/2017\/02\/IMG_20220310_102406_147-170x128.jpg\" alt=\"IMG_20220310_102406_147\" width=\"170\" height=\"128\" srcset=\"https:\/\/www.4h.se\/naturhjaltarna\/wp-content\/uploads\/sites\/70\/2017\/02\/IMG_20220310_102406_147-170x128.jpg 170w, https:\/\/www.4h.se\/naturhjaltarna\/wp-content\/uploads\/sites\/70\/2017\/02\/IMG_20220310_102406_147-400x300.jpg 400w, https:\/\/www.4h.se\/naturhjaltarna\/wp-content\/uploads\/sites\/70\/2017\/02\/IMG_20220310_102406_147-970x728.jpg 970w\" sizes=\"auto, (max-width: 170px) 100vw, 170px\" \/><\/a><\/p>\n<p>&nbsp;<\/p>\n<p><strong>Historik<\/strong><\/p>\n<p>Det var Oskar och Nelly Olsson som var sista jordbrukare h\u00e4r. N\u00e4r Nelly dog 1981 donerade hon fastigheten till Sandvikens kommun att uppl\u00e5tas f\u00f6r fritids\u00e4ndam\u00e5l och rekreation. Bj\u00f6rkmurens V\u00e4nner bildades 1992 f\u00f6r att f\u00f6rvalta fastigheten Bj\u00f6rkmuren. F\u00f6reningens medlemmar utg\u00f6rs av f\u00f6reningar och organisationer som har intresse av att hus och mark bevaras och anv\u00e4nds. Sedan 2020 arrenderar 4H f\u00f6reningen g\u00e5rden som sedan 2014 h\u00e5ller djur f\u00f6r l\u00e4gerverksamhet och rekreation p\u00e5 g\u00e5rden.<\/p>\n<p>&nbsp;<\/p>\n<p><strong>Hitta till Bj\u00f6rkmuren\u00a060.7074, 16.5521<\/strong><\/p>\n<p>I J\u00e4rbo \u00e5ker man mot Gullsj\u00f6n (mot \u00c5tervinningen) p\u00e5 Gullsj\u00f6v\u00e4gen f\u00f6rbi Gullhedskolan. Gullsj\u00f6v\u00e4gen blir grusv\u00e4g och efter ca 2 km ta v\u00e4nster p\u00e5 L\u00e5ngbov\u00e4gen. Efter 1,3 km ligger Bj\u00f6rkmuren p\u00e5 v\u00e4nster sida, f\u00f6rsta huset. Adress: L\u00e5ngbov\u00e4gen 9.<\/p>\n<p>Directions to Bj\u00f6rkmuren: In J\u00e4rbo, drive towards Gullsj\u00f6n and \u00c5tervinningen (if you are coming from Sandviken it will be a left turn in J\u00e4rbo). After you pass the school the road will become a dirt road. After about 2 kilometers turn left on L\u00e5ngbo road, there will be a sign for Bj\u00f6rkmuren. You will find Bj\u00f6rkmuren on your left after about another kilometer, the first house you get to.<\/p>\n<p><a href=\"https:\/\/www.google.se\/maps\/place\/Bj%C3%B6rkmuren\/@60.7072073,16.5503145,17z\/data=!3m1!4b1!4m5!3m4!1s0x466736698d39ad93:0xa4e76cf7fe359097!8m2!3d60.7072303!4d16.5524511\" target=\"_blank\" rel=\"noopener\">\u00a0Google Maps<\/a><\/p>\n<p>More info about hiking trails in the area: <a href=\"https:\/\/www.naturkartan.se\/sv\/gastrikland\">G\u00e4strikland \u2014 Naturkartan<\/a><\/p>\n<p>&nbsp;<\/p>\n<p>&nbsp;[\/vc_column_text][\/vc_column][\/vc_row]<\/p>\n<\/div>","protected":false},"excerpt":{"rendered":"<p>[vc_row][vc_column][vc_column_text css=&#8221;&#8221;] V\u00e4lkommen till bj\u00f6rkmuren 4H-g\u00e5rd Bj\u00f6rkmuren \u00e4r en f\u00f6reningsg\u00e5rd och vandrarhem som ligger i vacker natur v\u00e4ster om J\u00e4rbo. G\u00e4vleborgs 4H h\u00e5ller djur f\u00f6r l\u00e4gerverksamhet och rekreation p\u00e5 g\u00e5rden.\u00a0G\u00e5rden sk\u00e4nktes till kommunen p\u00e5 80-talet f\u00f6r friluftsliv och f\u00f6reningsliv. 4H arrenderar fastigheten och driver 4H-g\u00e5rden. P\u00e5 g\u00e5rden bor det h\u00e4star, kaniner, f\u00e5r, getter, grisar, vaktlar,&nbsp; <a href=\"https:\/\/www.4h.se\/naturhjaltarna\/bjorkmuren\/\">&hellip; Read more <i class=\"glyphicon glyphicon-arrow-right\"><\/i><\/a><\/p>\n","protected":false},"author":16,"featured_media":0,"parent":0,"menu_order":16,"comment_status":"closed","ping_status":"closed","template":"","meta":{"footnotes":""},"class_list":["post-472","page","type-page","status-publish","hentry"],"yoast_head":"<!-- This site is optimized with the Yoast SEO plugin v27.4 - https:\/\/yoast.com\/product\/yoast-seo-wordpress\/ -->\n<title>Bj\u00f6rkmuren - Bj\u00f6rkmuren 4H-g\u00e5rd och region G\u00e4vleborgs 4H-klubbar<\/title>\n<meta name=\"robots\" content=\"index, follow, max-snippet:-1, max-image-preview:large, max-video-preview:-1\" \/>\n<link rel=\"canonical\" href=\"https:\/\/www.4h.se\/naturhjaltarna\/bjorkmuren\/\" \/>\n<meta property=\"og:locale\" content=\"sv_SE\" \/>\n<meta property=\"og:type\" content=\"article\" \/>\n<meta property=\"og:title\" content=\"Bj\u00f6rkmuren - Bj\u00f6rkmuren 4H-g\u00e5rd och region G\u00e4vleborgs 4H-klubbar\" \/>\n<meta property=\"og:description\" content=\"[vc_row][vc_column][vc_column_text css=&#8221;&#8221;] V\u00e4lkommen till bj\u00f6rkmuren 4H-g\u00e5rd Bj\u00f6rkmuren \u00e4r en f\u00f6reningsg\u00e5rd och vandrarhem som ligger i vacker natur v\u00e4ster om J\u00e4rbo. G\u00e4vleborgs 4H h\u00e5ller djur f\u00f6r l\u00e4gerverksamhet och rekreation p\u00e5 g\u00e5rden.\u00a0G\u00e5rden sk\u00e4nktes till kommunen p\u00e5 80-talet f\u00f6r friluftsliv och f\u00f6reningsliv. 4H arrenderar fastigheten och driver 4H-g\u00e5rden. P\u00e5 g\u00e5rden bor det h\u00e4star, kaniner, f\u00e5r, getter, grisar, vaktlar,&nbsp; &hellip; Read more\" \/>\n<meta property=\"og:url\" content=\"https:\/\/www.4h.se\/naturhjaltarna\/bjorkmuren\/\" \/>\n<meta property=\"og:site_name\" content=\"Bj\u00f6rkmuren 4H-g\u00e5rd och region G\u00e4vleborgs 4H-klubbar\" \/>\n<meta property=\"article:publisher\" content=\"https:\/\/www.facebook.com\/groups\/374576939303680\/\" \/>\n<meta property=\"article:modified_time\" content=\"2024-09-28T13:17:01+00:00\" \/>\n<meta property=\"og:image\" content=\"https:\/\/www.4h.se\/naturhjaltarna\/wp-content\/uploads\/sites\/70\/2017\/02\/WP_20160704_003-170x87.jpg\" \/>\n<meta name=\"twitter:card\" content=\"summary_large_image\" \/>\n<meta name=\"twitter:label1\" content=\"Ber\u00e4knad l\u00e4stid\" \/>\n\t<meta name=\"twitter:data1\" content=\"2 minuter\" \/>\n<script type=\"application\/ld+json\" class=\"yoast-schema-graph\">{\"@context\":\"https:\\\/\\\/schema.org\",\"@graph\":[{\"@type\":\"WebPage\",\"@id\":\"https:\\\/\\\/www.4h.se\\\/naturhjaltarna\\\/bjorkmuren\\\/\",\"url\":\"https:\\\/\\\/www.4h.se\\\/naturhjaltarna\\\/bjorkmuren\\\/\",\"name\":\"Bj\u00f6rkmuren - Bj\u00f6rkmuren 4H-g\u00e5rd och region G\u00e4vleborgs 4H-klubbar\",\"isPartOf\":{\"@id\":\"https:\\\/\\\/www.4h.se\\\/naturhjaltarna\\\/#website\"},\"primaryImageOfPage\":{\"@id\":\"https:\\\/\\\/www.4h.se\\\/naturhjaltarna\\\/bjorkmuren\\\/#primaryimage\"},\"image\":{\"@id\":\"https:\\\/\\\/www.4h.se\\\/naturhjaltarna\\\/bjorkmuren\\\/#primaryimage\"},\"thumbnailUrl\":\"https:\\\/\\\/www.4h.se\\\/naturhjaltarna\\\/wp-content\\\/uploads\\\/sites\\\/70\\\/2017\\\/02\\\/WP_20160704_003-170x87.jpg\",\"datePublished\":\"2017-02-03T16:41:22+00:00\",\"dateModified\":\"2024-09-28T13:17:01+00:00\",\"breadcrumb\":{\"@id\":\"https:\\\/\\\/www.4h.se\\\/naturhjaltarna\\\/bjorkmuren\\\/#breadcrumb\"},\"inLanguage\":\"sv-SE\",\"potentialAction\":[{\"@type\":\"ReadAction\",\"target\":[\"https:\\\/\\\/www.4h.se\\\/naturhjaltarna\\\/bjorkmuren\\\/\"]}]},{\"@type\":\"ImageObject\",\"inLanguage\":\"sv-SE\",\"@id\":\"https:\\\/\\\/www.4h.se\\\/naturhjaltarna\\\/bjorkmuren\\\/#primaryimage\",\"url\":\"https:\\\/\\\/www.4h.se\\\/naturhjaltarna\\\/wp-content\\\/uploads\\\/sites\\\/70\\\/2017\\\/02\\\/WP_20160704_003.jpg\",\"contentUrl\":\"https:\\\/\\\/www.4h.se\\\/naturhjaltarna\\\/wp-content\\\/uploads\\\/sites\\\/70\\\/2017\\\/02\\\/WP_20160704_003.jpg\",\"width\":1715,\"height\":873},{\"@type\":\"BreadcrumbList\",\"@id\":\"https:\\\/\\\/www.4h.se\\\/naturhjaltarna\\\/bjorkmuren\\\/#breadcrumb\",\"itemListElement\":[{\"@type\":\"ListItem\",\"position\":1,\"name\":\"Hem\",\"item\":\"https:\\\/\\\/www.4h.se\\\/naturhjaltarna\\\/\"},{\"@type\":\"ListItem\",\"position\":2,\"name\":\"Bj\u00f6rkmuren\"}]},{\"@type\":\"WebSite\",\"@id\":\"https:\\\/\\\/www.4h.se\\\/naturhjaltarna\\\/#website\",\"url\":\"https:\\\/\\\/www.4h.se\\\/naturhjaltarna\\\/\",\"name\":\"Bj\u00f6rkmuren 4H-g\u00e5rd och region G\u00e4vleborgs 4H-klubbar\",\"description\":\"L\u00e4ra genom att g\u00f6ra\",\"potentialAction\":[{\"@type\":\"SearchAction\",\"target\":{\"@type\":\"EntryPoint\",\"urlTemplate\":\"https:\\\/\\\/www.4h.se\\\/naturhjaltarna\\\/?s={search_term_string}\"},\"query-input\":{\"@type\":\"PropertyValueSpecification\",\"valueRequired\":true,\"valueName\":\"search_term_string\"}}],\"inLanguage\":\"sv-SE\"}]}<\/script>\n<!-- \/ Yoast SEO plugin. -->","yoast_head_json":{"title":"Bj\u00f6rkmuren - Bj\u00f6rkmuren 4H-g\u00e5rd och region G\u00e4vleborgs 4H-klubbar","robots":{"index":"index","follow":"follow","max-snippet":"max-snippet:-1","max-image-preview":"max-image-preview:large","max-video-preview":"max-video-preview:-1"},"canonical":"https:\/\/www.4h.se\/naturhjaltarna\/bjorkmuren\/","og_locale":"sv_SE","og_type":"article","og_title":"Bj\u00f6rkmuren - Bj\u00f6rkmuren 4H-g\u00e5rd och region G\u00e4vleborgs 4H-klubbar","og_description":"[vc_row][vc_column][vc_column_text css=&#8221;&#8221;] V\u00e4lkommen till bj\u00f6rkmuren 4H-g\u00e5rd Bj\u00f6rkmuren \u00e4r en f\u00f6reningsg\u00e5rd och vandrarhem som ligger i vacker natur v\u00e4ster om J\u00e4rbo. G\u00e4vleborgs 4H h\u00e5ller djur f\u00f6r l\u00e4gerverksamhet och rekreation p\u00e5 g\u00e5rden.\u00a0G\u00e5rden sk\u00e4nktes till kommunen p\u00e5 80-talet f\u00f6r friluftsliv och f\u00f6reningsliv. 4H arrenderar fastigheten och driver 4H-g\u00e5rden. P\u00e5 g\u00e5rden bor det h\u00e4star, kaniner, f\u00e5r, getter, grisar, vaktlar,&nbsp; &hellip; Read more","og_url":"https:\/\/www.4h.se\/naturhjaltarna\/bjorkmuren\/","og_site_name":"Bj\u00f6rkmuren 4H-g\u00e5rd och region G\u00e4vleborgs 4H-klubbar","article_publisher":"https:\/\/www.facebook.com\/groups\/374576939303680\/","article_modified_time":"2024-09-28T13:17:01+00:00","og_image":[{"url":"https:\/\/www.4h.se\/naturhjaltarna\/wp-content\/uploads\/sites\/70\/2017\/02\/WP_20160704_003-170x87.jpg","type":"","width":"","height":""}],"twitter_card":"summary_large_image","twitter_misc":{"Ber\u00e4knad l\u00e4stid":"2 minuter"},"schema":{"@context":"https:\/\/schema.org","@graph":[{"@type":"WebPage","@id":"https:\/\/www.4h.se\/naturhjaltarna\/bjorkmuren\/","url":"https:\/\/www.4h.se\/naturhjaltarna\/bjorkmuren\/","name":"Bj\u00f6rkmuren - Bj\u00f6rkmuren 4H-g\u00e5rd och region G\u00e4vleborgs 4H-klubbar","isPartOf":{"@id":"https:\/\/www.4h.se\/naturhjaltarna\/#website"},"primaryImageOfPage":{"@id":"https:\/\/www.4h.se\/naturhjaltarna\/bjorkmuren\/#primaryimage"},"image":{"@id":"https:\/\/www.4h.se\/naturhjaltarna\/bjorkmuren\/#primaryimage"},"thumbnailUrl":"https:\/\/www.4h.se\/naturhjaltarna\/wp-content\/uploads\/sites\/70\/2017\/02\/WP_20160704_003-170x87.jpg","datePublished":"2017-02-03T16:41:22+00:00","dateModified":"2024-09-28T13:17:01+00:00","breadcrumb":{"@id":"https:\/\/www.4h.se\/naturhjaltarna\/bjorkmuren\/#breadcrumb"},"inLanguage":"sv-SE","potentialAction":[{"@type":"ReadAction","target":["https:\/\/www.4h.se\/naturhjaltarna\/bjorkmuren\/"]}]},{"@type":"ImageObject","inLanguage":"sv-SE","@id":"https:\/\/www.4h.se\/naturhjaltarna\/bjorkmuren\/#primaryimage","url":"https:\/\/www.4h.se\/naturhjaltarna\/wp-content\/uploads\/sites\/70\/2017\/02\/WP_20160704_003.jpg","contentUrl":"https:\/\/www.4h.se\/naturhjaltarna\/wp-content\/uploads\/sites\/70\/2017\/02\/WP_20160704_003.jpg","width":1715,"height":873},{"@type":"BreadcrumbList","@id":"https:\/\/www.4h.se\/naturhjaltarna\/bjorkmuren\/#breadcrumb","itemListElement":[{"@type":"ListItem","position":1,"name":"Hem","item":"https:\/\/www.4h.se\/naturhjaltarna\/"},{"@type":"ListItem","position":2,"name":"Bj\u00f6rkmuren"}]},{"@type":"WebSite","@id":"https:\/\/www.4h.se\/naturhjaltarna\/#website","url":"https:\/\/www.4h.se\/naturhjaltarna\/","name":"Bj\u00f6rkmuren 4H-g\u00e5rd och region G\u00e4vleborgs 4H-klubbar","description":"L\u00e4ra genom att g\u00f6ra","potentialAction":[{"@type":"SearchAction","target":{"@type":"EntryPoint","urlTemplate":"https:\/\/www.4h.se\/naturhjaltarna\/?s={search_term_string}"},"query-input":{"@type":"PropertyValueSpecification","valueRequired":true,"valueName":"search_term_string"}}],"inLanguage":"sv-SE"}]}},"_links":{"self":[{"href":"https:\/\/www.4h.se\/naturhjaltarna\/wp-json\/wp\/v2\/pages\/472","targetHints":{"allow":["GET"]}}],"collection":[{"href":"https:\/\/www.4h.se\/naturhjaltarna\/wp-json\/wp\/v2\/pages"}],"about":[{"href":"https:\/\/www.4h.se\/naturhjaltarna\/wp-json\/wp\/v2\/types\/page"}],"author":[{"embeddable":true,"href":"https:\/\/www.4h.se\/naturhjaltarna\/wp-json\/wp\/v2\/users\/16"}],"replies":[{"embeddable":true,"href":"https:\/\/www.4h.se\/naturhjaltarna\/wp-json\/wp\/v2\/comments?post=472"}],"version-history":[{"count":0,"href":"https:\/\/www.4h.se\/naturhjaltarna\/wp-json\/wp\/v2\/pages\/472\/revisions"}],"wp:attachment":[{"href":"https:\/\/www.4h.se\/naturhjaltarna\/wp-json\/wp\/v2\/media?parent=472"}],"curies":[{"name":"wp","href":"https:\/\/api.w.org\/{rel}","templated":true}]}}