



{"id":401,"date":"2017-01-31T16:23:59","date_gmt":"2017-01-31T15:23:59","guid":{"rendered":"http:\/\/www.4h.se\/naturhjaltarna\/?page_id=401"},"modified":"2024-09-25T13:08:25","modified_gmt":"2024-09-25T11:08:25","slug":"kalas","status":"publish","type":"page","link":"https:\/\/www.4h.se\/naturhjaltarna\/kalas\/","title":{"rendered":"Kalas"},"content":{"rendered":"<div class=\"wpb-content-wrapper\"><p>[vc_row][vc_column][vc_column_text css=&#8221;&#8221;]<\/p>\n<h2 class=\"title\"><a>Kalas<\/a><\/h2>\n<div class=\"entry\">\n<p>Vi har flera kalas att v\u00e4lja emellan!<\/p>\n<p>Basic: 2 timmars kalas med djurm\u00f6ten, d\u00e4r barnen f\u00e5r g\u00e5 in i hagarna och mata djuren. Om ni inte vill l\u00e4gga till t\u00e5rta eller korv \u00e4ter ni medhavt fika, inne eller ute. Ni f\u00e5r anv\u00e4nda hus med k\u00f6k och toalett, vi ser g\u00e4rna att ni l\u00e5nar porslin i k\u00f6ket ist\u00e4llet f\u00f6r att anv\u00e4nda eng\u00e5ngsartiklar, diskmaskin finns. 400 kr.<\/p>\n<p>L\u00e4gg till vad ni vill ha extra:<\/p>\n<ul>\n<li>Extra tid: 1 timme. 100 kr.<\/li>\n<li>T\u00e5rta. Vi fixar fikat, v\u00e4lj mellan 5 hembakta alternativ. Allt ing\u00e5r (tillbeh\u00f6r, saft, porslin, disk, st\u00e4dning). 300 kr (en t\u00e5rta ca 10-12 portioner)<\/li>\n<li>Korvgrillning. Allt ing\u00e5r (tillbeh\u00f6r, dricka, porslin, disk, st\u00e4dning). 20 kr per barn<\/li>\n<li>Gosa med sm\u00e5 ponnyer. 200 kr<\/li>\n<li>Ponnyridning p\u00e5 g\u00e5rden. Hj\u00e4lmar finns att l\u00e5na. H\u00e4starna har barbackasadlar utan stigbyglar s\u00e5 speciella skor beh\u00f6vs inte. 30 kr per barn<\/li>\n<li>Pyssla i pysselladan. 300 kr. Kan endast bokas maj till September. Ej f\u00f6r fler \u00e4n 25 barn.<\/li>\n<\/ul>\n<ul>\n<li>Kretsloppsbes\u00f6k. 2 timmar; plocka \u00e4gg, baka muffins med glasyr och str\u00f6ssel, s\u00e5 solrosfr\u00f6n med kompostjord 800 kr (upp till 12 barn). Kan endast bokas maj till oktober.<\/li>\n<\/ul>\n<p>&nbsp;<\/p>\n<p>Exempel A: 2 timmars kalas med djurm\u00f6ten, ponnyridning och t\u00e5rta f\u00f6r 12 barn. Totalt 1060 kr<\/p>\n<p>Exempel B: 3 timmars kalas med djurm\u00f6ten, gosa med ponnyer, korvgrillning och t\u00e5rta f\u00f6r 12 barn. 1240 kr<\/p>\n<p>&nbsp;<\/p>\n<p><a href=\"https:\/\/antribe.com\/org\/4h\/naturhjaltarnas-4h\/bli-medlem\" target=\"_blank\" rel=\"noopener\">Den som fyller \u00e5r ska vara (eller bli) medlem i Naturhj\u00e4ltarnas 4H-klubb.<\/a><\/p>\n<p>Boka ditt kalas minst 3 veckor f\u00f6re \u00f6nskat datum. F\u00f6r bokning skicka n\u00e5gra f\u00f6rslag p\u00e5 \u00f6nskade datum och vilket kalas ni vill ha till naturhjaltarna@4H.se. Ange \u00e4ven vilken t\u00e5rta f\u00f6delsedagsbarnet \u00f6nskar.<\/p>\n<p>Kom ih\u00e5g att informera de inbjudna om att ha kl\u00e4der efter v\u00e4der. Vid bl\u00f6tt eller kallt v\u00e4der kan fika och present\u00f6ppning ske inne i matsalen.<\/p>\n<p><strong>T\u00e5rtor att v\u00e4lja emellan;<\/strong><\/p>\n<ol>\n<li>Glasst\u00e5rta med mar\u00e4nger, banan och str\u00f6ssel<\/li>\n<li>Oreot\u00e5rta med chokladsmak och Oreo kakor<\/li>\n<li>Klassisk gr\u00e4ddt\u00e5rta med marsans\u00e5s, banan och jordgubbar<\/li>\n<li>Daimcheesecake t\u00e5rta, obs inneh\u00e5ller mandel.<\/li>\n<li>Mar\u00e4ngt\u00e5rta med choklad och hallon<\/li>\n<\/ol>\n<p><em>Kom ih\u00e5g att ber\u00e4tta om n\u00e5gon deltagare har allergier!<\/em><\/p>\n<p>&nbsp;<\/p>\n<h4>Vill ni att vi kommer till dig?<\/h4>\n<p>Vi kan komma med ponnyer till ert kalas. Obs. Ni fixar kalaset i \u00f6vrigt! H\u00e4starna \u00e4r trafiks\u00e4kra och sn\u00e4lla att rida och gosa med. Vi tar med hj\u00e4lmar.<\/p>\n<p>Ungef\u00e4r en timmes bes\u00f6k, kostnad 1500 kr.<\/p>\n<p>F\u00f6r bokning eller mer information kontakta naturhjaltarna@4H.se.<\/p>\n<p>&nbsp;<\/p>\n<\/div>\n<p>[\/vc_column_text][\/vc_column][\/vc_row]<\/p>\n<\/div>","protected":false},"excerpt":{"rendered":"<p>[vc_row][vc_column][vc_column_text css=&#8221;&#8221;] Kalas Vi har flera kalas att v\u00e4lja emellan! Basic: 2 timmars kalas med djurm\u00f6ten, d\u00e4r barnen f\u00e5r g\u00e5 in i hagarna och mata djuren. Om ni inte vill l\u00e4gga till t\u00e5rta eller korv \u00e4ter ni medhavt fika, inne eller ute. Ni f\u00e5r anv\u00e4nda hus med k\u00f6k och toalett, vi ser g\u00e4rna att ni&nbsp; <a href=\"https:\/\/www.4h.se\/naturhjaltarna\/kalas\/\">&hellip; Read more <i class=\"glyphicon glyphicon-arrow-right\"><\/i><\/a><\/p>\n","protected":false},"author":16,"featured_media":0,"parent":0,"menu_order":20,"comment_status":"closed","ping_status":"closed","template":"","meta":{"_acf_changed":false,"footnotes":""},"class_list":["post-401","page","type-page","status-publish","hentry"],"acf":[],"yoast_head":"<!-- This site is optimized with the Yoast SEO plugin v27.5 - https:\/\/yoast.com\/product\/yoast-seo-wordpress\/ -->\n<title>Kalas - Bj\u00f6rkmuren 4H-g\u00e5rd och region G\u00e4vleborgs 4H-klubbar<\/title>\n<meta name=\"robots\" content=\"index, follow, max-snippet:-1, max-image-preview:large, max-video-preview:-1\" \/>\n<link rel=\"canonical\" href=\"https:\/\/www.4h.se\/naturhjaltarna\/kalas\/\" \/>\n<meta property=\"og:locale\" content=\"sv_SE\" \/>\n<meta property=\"og:type\" content=\"article\" \/>\n<meta property=\"og:title\" content=\"Kalas - Bj\u00f6rkmuren 4H-g\u00e5rd och region G\u00e4vleborgs 4H-klubbar\" \/>\n<meta property=\"og:description\" content=\"[vc_row][vc_column][vc_column_text css=&#8221;&#8221;] Kalas Vi har flera kalas att v\u00e4lja emellan! Basic: 2 timmars kalas med djurm\u00f6ten, d\u00e4r barnen f\u00e5r g\u00e5 in i hagarna och mata djuren. Om ni inte vill l\u00e4gga till t\u00e5rta eller korv \u00e4ter ni medhavt fika, inne eller ute. Ni f\u00e5r anv\u00e4nda hus med k\u00f6k och toalett, vi ser g\u00e4rna att ni&nbsp; &hellip; Read more\" \/>\n<meta property=\"og:url\" content=\"https:\/\/www.4h.se\/naturhjaltarna\/kalas\/\" \/>\n<meta property=\"og:site_name\" content=\"Bj\u00f6rkmuren 4H-g\u00e5rd och region G\u00e4vleborgs 4H-klubbar\" \/>\n<meta property=\"article:publisher\" content=\"https:\/\/www.facebook.com\/groups\/374576939303680\/\" \/>\n<meta property=\"article:modified_time\" content=\"2024-09-25T11:08:25+00:00\" \/>\n<meta name=\"twitter:card\" content=\"summary_large_image\" \/>\n<meta name=\"twitter:label1\" content=\"Ber\u00e4knad l\u00e4stid\" \/>\n\t<meta name=\"twitter:data1\" content=\"2 minuter\" \/>\n<script type=\"application\/ld+json\" class=\"yoast-schema-graph\">{\"@context\":\"https:\\\/\\\/schema.org\",\"@graph\":[{\"@type\":\"WebPage\",\"@id\":\"https:\\\/\\\/www.4h.se\\\/naturhjaltarna\\\/kalas\\\/\",\"url\":\"https:\\\/\\\/www.4h.se\\\/naturhjaltarna\\\/kalas\\\/\",\"name\":\"Kalas - Bj\u00f6rkmuren 4H-g\u00e5rd och region G\u00e4vleborgs 4H-klubbar\",\"isPartOf\":{\"@id\":\"https:\\\/\\\/www.4h.se\\\/naturhjaltarna\\\/#website\"},\"datePublished\":\"2017-01-31T15:23:59+00:00\",\"dateModified\":\"2024-09-25T11:08:25+00:00\",\"breadcrumb\":{\"@id\":\"https:\\\/\\\/www.4h.se\\\/naturhjaltarna\\\/kalas\\\/#breadcrumb\"},\"inLanguage\":\"sv-SE\",\"potentialAction\":[{\"@type\":\"ReadAction\",\"target\":[\"https:\\\/\\\/www.4h.se\\\/naturhjaltarna\\\/kalas\\\/\"]}]},{\"@type\":\"BreadcrumbList\",\"@id\":\"https:\\\/\\\/www.4h.se\\\/naturhjaltarna\\\/kalas\\\/#breadcrumb\",\"itemListElement\":[{\"@type\":\"ListItem\",\"position\":1,\"name\":\"Hem\",\"item\":\"https:\\\/\\\/www.4h.se\\\/naturhjaltarna\\\/\"},{\"@type\":\"ListItem\",\"position\":2,\"name\":\"Kalas\"}]},{\"@type\":\"WebSite\",\"@id\":\"https:\\\/\\\/www.4h.se\\\/naturhjaltarna\\\/#website\",\"url\":\"https:\\\/\\\/www.4h.se\\\/naturhjaltarna\\\/\",\"name\":\"Bj\u00f6rkmuren 4H-g\u00e5rd och region G\u00e4vleborgs 4H-klubbar\",\"description\":\"L\u00e4ra genom att g\u00f6ra\",\"potentialAction\":[{\"@type\":\"SearchAction\",\"target\":{\"@type\":\"EntryPoint\",\"urlTemplate\":\"https:\\\/\\\/www.4h.se\\\/naturhjaltarna\\\/?s={search_term_string}\"},\"query-input\":{\"@type\":\"PropertyValueSpecification\",\"valueRequired\":true,\"valueName\":\"search_term_string\"}}],\"inLanguage\":\"sv-SE\"}]}<\/script>\n<!-- \/ Yoast SEO plugin. -->","yoast_head_json":{"title":"Kalas - Bj\u00f6rkmuren 4H-g\u00e5rd och region G\u00e4vleborgs 4H-klubbar","robots":{"index":"index","follow":"follow","max-snippet":"max-snippet:-1","max-image-preview":"max-image-preview:large","max-video-preview":"max-video-preview:-1"},"canonical":"https:\/\/www.4h.se\/naturhjaltarna\/kalas\/","og_locale":"sv_SE","og_type":"article","og_title":"Kalas - Bj\u00f6rkmuren 4H-g\u00e5rd och region G\u00e4vleborgs 4H-klubbar","og_description":"[vc_row][vc_column][vc_column_text css=&#8221;&#8221;] Kalas Vi har flera kalas att v\u00e4lja emellan! Basic: 2 timmars kalas med djurm\u00f6ten, d\u00e4r barnen f\u00e5r g\u00e5 in i hagarna och mata djuren. Om ni inte vill l\u00e4gga till t\u00e5rta eller korv \u00e4ter ni medhavt fika, inne eller ute. Ni f\u00e5r anv\u00e4nda hus med k\u00f6k och toalett, vi ser g\u00e4rna att ni&nbsp; &hellip; Read more","og_url":"https:\/\/www.4h.se\/naturhjaltarna\/kalas\/","og_site_name":"Bj\u00f6rkmuren 4H-g\u00e5rd och region G\u00e4vleborgs 4H-klubbar","article_publisher":"https:\/\/www.facebook.com\/groups\/374576939303680\/","article_modified_time":"2024-09-25T11:08:25+00:00","twitter_card":"summary_large_image","twitter_misc":{"Ber\u00e4knad l\u00e4stid":"2 minuter"},"schema":{"@context":"https:\/\/schema.org","@graph":[{"@type":"WebPage","@id":"https:\/\/www.4h.se\/naturhjaltarna\/kalas\/","url":"https:\/\/www.4h.se\/naturhjaltarna\/kalas\/","name":"Kalas - Bj\u00f6rkmuren 4H-g\u00e5rd och region G\u00e4vleborgs 4H-klubbar","isPartOf":{"@id":"https:\/\/www.4h.se\/naturhjaltarna\/#website"},"datePublished":"2017-01-31T15:23:59+00:00","dateModified":"2024-09-25T11:08:25+00:00","breadcrumb":{"@id":"https:\/\/www.4h.se\/naturhjaltarna\/kalas\/#breadcrumb"},"inLanguage":"sv-SE","potentialAction":[{"@type":"ReadAction","target":["https:\/\/www.4h.se\/naturhjaltarna\/kalas\/"]}]},{"@type":"BreadcrumbList","@id":"https:\/\/www.4h.se\/naturhjaltarna\/kalas\/#breadcrumb","itemListElement":[{"@type":"ListItem","position":1,"name":"Hem","item":"https:\/\/www.4h.se\/naturhjaltarna\/"},{"@type":"ListItem","position":2,"name":"Kalas"}]},{"@type":"WebSite","@id":"https:\/\/www.4h.se\/naturhjaltarna\/#website","url":"https:\/\/www.4h.se\/naturhjaltarna\/","name":"Bj\u00f6rkmuren 4H-g\u00e5rd och region G\u00e4vleborgs 4H-klubbar","description":"L\u00e4ra genom att g\u00f6ra","potentialAction":[{"@type":"SearchAction","target":{"@type":"EntryPoint","urlTemplate":"https:\/\/www.4h.se\/naturhjaltarna\/?s={search_term_string}"},"query-input":{"@type":"PropertyValueSpecification","valueRequired":true,"valueName":"search_term_string"}}],"inLanguage":"sv-SE"}]}},"_links":{"self":[{"href":"https:\/\/www.4h.se\/naturhjaltarna\/wp-json\/wp\/v2\/pages\/401","targetHints":{"allow":["GET"]}}],"collection":[{"href":"https:\/\/www.4h.se\/naturhjaltarna\/wp-json\/wp\/v2\/pages"}],"about":[{"href":"https:\/\/www.4h.se\/naturhjaltarna\/wp-json\/wp\/v2\/types\/page"}],"author":[{"embeddable":true,"href":"https:\/\/www.4h.se\/naturhjaltarna\/wp-json\/wp\/v2\/users\/16"}],"replies":[{"embeddable":true,"href":"https:\/\/www.4h.se\/naturhjaltarna\/wp-json\/wp\/v2\/comments?post=401"}],"version-history":[{"count":0,"href":"https:\/\/www.4h.se\/naturhjaltarna\/wp-json\/wp\/v2\/pages\/401\/revisions"}],"wp:attachment":[{"href":"https:\/\/www.4h.se\/naturhjaltarna\/wp-json\/wp\/v2\/media?parent=401"}],"curies":[{"name":"wp","href":"https:\/\/api.w.org\/{rel}","templated":true}]}}