



{"id":778,"date":"2024-06-10T13:27:19","date_gmt":"2024-06-10T11:27:19","guid":{"rendered":"https:\/\/www.4h.se\/medlemshandbok\/?page_id=778"},"modified":"2024-06-10T13:27:19","modified_gmt":"2024-06-10T11:27:19","slug":"4h-foretag","status":"publish","type":"page","link":"https:\/\/www.4h.se\/medlemshandbok\/4h-foretag\/","title":{"rendered":"4H-f\u00f6retag"},"content":{"rendered":"<div class=\"wpb-content-wrapper\"><p>[vc_row][vc_column][vc_column_text]<\/p>\n<h1>4H-f\u00f6retag<\/h1>\n<p>[\/vc_column_text][vc_column_text]4H-f\u00f6retagen har funnits l\u00e4nge i verksamheten och har en l\u00e5ng historia. I b\u00f6rjan\u00a0var v\u00e4xtodling, speciellt k\u00f6ksv\u00e4xtodling, det vanligaste 4H-f\u00f6retaget. S\u00e5 sm\u00e5ningom blev klubbodlingarna st\u00f6rre och kom \u00e4ven att omfatta specialodlingar f\u00f6r f\u00f6rs\u00e4ljning. \u00c4ven djuruppf\u00f6dning tillkom. Skogsverksamhet med vilt- och fiskev\u00e5rd blev ocks\u00e5 ett allt vanligare inslag i programmet.<\/p>\n<p>Via 4H har v\u00e5ra medlemmar m\u00f6jlighet att under en kortare period, vanligtvis under sommaren bedriva ett 4H-f\u00f6retag. Genom 4H-f\u00f6retagen f\u00e5r medlemmarna m\u00f6jlighet att starta ett litet f\u00f6retag d\u00e4r de s\u00e4ljer egen producerade varor eller tj\u00e4nster. M\u00e5nga av de f\u00f6retag som bedrivs har oftast n\u00e5gon form av anknytning till bakning, odling eller matlagning.<\/p>\n<p>Medlemmarna f\u00e5r via sina f\u00f6retag l\u00e4ra sig mer om ekonomi, bokf\u00f6ring och f\u00f6rs\u00e4ljning vilket man p\u00e5 m\u00e5nga s\u00e4tt har nytta av hela livet. Ut\u00f6ver detta f\u00e5r medlemmarna \u00e4ven m\u00f6jlighet att driva ett projekt fr\u00e5n id\u00e9 till verklighet, vilket i m\u00e5nga anseenden kan ses som den viktigaste l\u00e4rdomen.<\/p>\n<p>Vill du starta ett 4H-f\u00f6retag? Kontakta d\u00e5 din klubb.[\/vc_column_text][\/vc_column][\/vc_row]<\/p>\n<\/div>","protected":false},"excerpt":{"rendered":"<p>[vc_row][vc_column][vc_column_text] 4H-f\u00f6retag [\/vc_column_text][vc_column_text]4H-f\u00f6retagen har funnits l\u00e4nge i verksamheten och har en l\u00e5ng historia. I b\u00f6rjan\u00a0var v\u00e4xtodling, speciellt k\u00f6ksv\u00e4xtodling, det vanligaste 4H-f\u00f6retaget. S\u00e5 sm\u00e5ningom blev klubbodlingarna st\u00f6rre och kom \u00e4ven att omfatta specialodlingar f\u00f6r f\u00f6rs\u00e4ljning. \u00c4ven djuruppf\u00f6dning tillkom. Skogsverksamhet med vilt- och fiskev\u00e5rd blev ocks\u00e5 ett allt vanligare inslag i programmet. Via 4H har v\u00e5ra medlemmar&nbsp; <a href=\"https:\/\/www.4h.se\/medlemshandbok\/4h-foretag\/\">&hellip; Read more <i class=\"glyphicon glyphicon-arrow-right\"><\/i><\/a><\/p>\n","protected":false},"author":244,"featured_media":0,"parent":0,"menu_order":0,"comment_status":"closed","ping_status":"closed","template":"","meta":{"_acf_changed":false,"footnotes":""},"class_list":["post-778","page","type-page","status-publish","hentry"],"acf":[],"yoast_head":"<!-- This site is optimized with the Yoast SEO plugin v27.5 - https:\/\/yoast.com\/product\/yoast-seo-wordpress\/ -->\n<title>4H-f\u00f6retag - Sveriges 4H - medlemshandbok<\/title>\n<meta name=\"robots\" content=\"index, follow, max-snippet:-1, max-image-preview:large, max-video-preview:-1\" \/>\n<link rel=\"canonical\" href=\"https:\/\/www.4h.se\/medlemshandbok\/4h-foretag\/\" \/>\n<meta property=\"og:locale\" content=\"sv_SE\" \/>\n<meta property=\"og:type\" content=\"article\" \/>\n<meta property=\"og:title\" content=\"4H-f\u00f6retag - Sveriges 4H - medlemshandbok\" \/>\n<meta property=\"og:description\" content=\"[vc_row][vc_column][vc_column_text] 4H-f\u00f6retag [\/vc_column_text][vc_column_text]4H-f\u00f6retagen har funnits l\u00e4nge i verksamheten och har en l\u00e5ng historia. I b\u00f6rjan\u00a0var v\u00e4xtodling, speciellt k\u00f6ksv\u00e4xtodling, det vanligaste 4H-f\u00f6retaget. S\u00e5 sm\u00e5ningom blev klubbodlingarna st\u00f6rre och kom \u00e4ven att omfatta specialodlingar f\u00f6r f\u00f6rs\u00e4ljning. \u00c4ven djuruppf\u00f6dning tillkom. Skogsverksamhet med vilt- och fiskev\u00e5rd blev ocks\u00e5 ett allt vanligare inslag i programmet. Via 4H har v\u00e5ra medlemmar&nbsp; &hellip; Read more\" \/>\n<meta property=\"og:url\" content=\"https:\/\/www.4h.se\/medlemshandbok\/4h-foretag\/\" \/>\n<meta property=\"og:site_name\" content=\"Sveriges 4H - medlemshandbok\" \/>\n<meta name=\"twitter:card\" content=\"summary_large_image\" \/>\n<meta name=\"twitter:label1\" content=\"Ber\u00e4knad l\u00e4stid\" \/>\n\t<meta name=\"twitter:data1\" content=\"1 minut\" \/>\n<script type=\"application\/ld+json\" class=\"yoast-schema-graph\">{\"@context\":\"https:\\\/\\\/schema.org\",\"@graph\":[{\"@type\":\"WebPage\",\"@id\":\"https:\\\/\\\/www.4h.se\\\/medlemshandbok\\\/4h-foretag\\\/\",\"url\":\"https:\\\/\\\/www.4h.se\\\/medlemshandbok\\\/4h-foretag\\\/\",\"name\":\"4H-f\u00f6retag - Sveriges 4H - medlemshandbok\",\"isPartOf\":{\"@id\":\"https:\\\/\\\/www.4h.se\\\/medlemshandbok\\\/#website\"},\"datePublished\":\"2024-06-10T11:27:19+00:00\",\"breadcrumb\":{\"@id\":\"https:\\\/\\\/www.4h.se\\\/medlemshandbok\\\/4h-foretag\\\/#breadcrumb\"},\"inLanguage\":\"sv-SE\",\"potentialAction\":[{\"@type\":\"ReadAction\",\"target\":[\"https:\\\/\\\/www.4h.se\\\/medlemshandbok\\\/4h-foretag\\\/\"]}]},{\"@type\":\"BreadcrumbList\",\"@id\":\"https:\\\/\\\/www.4h.se\\\/medlemshandbok\\\/4h-foretag\\\/#breadcrumb\",\"itemListElement\":[{\"@type\":\"ListItem\",\"position\":1,\"name\":\"Hem\",\"item\":\"https:\\\/\\\/www.4h.se\\\/medlemshandbok\\\/\"},{\"@type\":\"ListItem\",\"position\":2,\"name\":\"4H-f\u00f6retag\"}]},{\"@type\":\"WebSite\",\"@id\":\"https:\\\/\\\/www.4h.se\\\/medlemshandbok\\\/#website\",\"url\":\"https:\\\/\\\/www.4h.se\\\/medlemshandbok\\\/\",\"name\":\"Sveriges 4H - medlemshandbok\",\"description\":\"\",\"potentialAction\":[{\"@type\":\"SearchAction\",\"target\":{\"@type\":\"EntryPoint\",\"urlTemplate\":\"https:\\\/\\\/www.4h.se\\\/medlemshandbok\\\/?s={search_term_string}\"},\"query-input\":{\"@type\":\"PropertyValueSpecification\",\"valueRequired\":true,\"valueName\":\"search_term_string\"}}],\"inLanguage\":\"sv-SE\"}]}<\/script>\n<!-- \/ Yoast SEO plugin. -->","yoast_head_json":{"title":"4H-f\u00f6retag - Sveriges 4H - medlemshandbok","robots":{"index":"index","follow":"follow","max-snippet":"max-snippet:-1","max-image-preview":"max-image-preview:large","max-video-preview":"max-video-preview:-1"},"canonical":"https:\/\/www.4h.se\/medlemshandbok\/4h-foretag\/","og_locale":"sv_SE","og_type":"article","og_title":"4H-f\u00f6retag - Sveriges 4H - medlemshandbok","og_description":"[vc_row][vc_column][vc_column_text] 4H-f\u00f6retag [\/vc_column_text][vc_column_text]4H-f\u00f6retagen har funnits l\u00e4nge i verksamheten och har en l\u00e5ng historia. I b\u00f6rjan\u00a0var v\u00e4xtodling, speciellt k\u00f6ksv\u00e4xtodling, det vanligaste 4H-f\u00f6retaget. S\u00e5 sm\u00e5ningom blev klubbodlingarna st\u00f6rre och kom \u00e4ven att omfatta specialodlingar f\u00f6r f\u00f6rs\u00e4ljning. \u00c4ven djuruppf\u00f6dning tillkom. Skogsverksamhet med vilt- och fiskev\u00e5rd blev ocks\u00e5 ett allt vanligare inslag i programmet. Via 4H har v\u00e5ra medlemmar&nbsp; &hellip; Read more","og_url":"https:\/\/www.4h.se\/medlemshandbok\/4h-foretag\/","og_site_name":"Sveriges 4H - medlemshandbok","twitter_card":"summary_large_image","twitter_misc":{"Ber\u00e4knad l\u00e4stid":"1 minut"},"schema":{"@context":"https:\/\/schema.org","@graph":[{"@type":"WebPage","@id":"https:\/\/www.4h.se\/medlemshandbok\/4h-foretag\/","url":"https:\/\/www.4h.se\/medlemshandbok\/4h-foretag\/","name":"4H-f\u00f6retag - Sveriges 4H - medlemshandbok","isPartOf":{"@id":"https:\/\/www.4h.se\/medlemshandbok\/#website"},"datePublished":"2024-06-10T11:27:19+00:00","breadcrumb":{"@id":"https:\/\/www.4h.se\/medlemshandbok\/4h-foretag\/#breadcrumb"},"inLanguage":"sv-SE","potentialAction":[{"@type":"ReadAction","target":["https:\/\/www.4h.se\/medlemshandbok\/4h-foretag\/"]}]},{"@type":"BreadcrumbList","@id":"https:\/\/www.4h.se\/medlemshandbok\/4h-foretag\/#breadcrumb","itemListElement":[{"@type":"ListItem","position":1,"name":"Hem","item":"https:\/\/www.4h.se\/medlemshandbok\/"},{"@type":"ListItem","position":2,"name":"4H-f\u00f6retag"}]},{"@type":"WebSite","@id":"https:\/\/www.4h.se\/medlemshandbok\/#website","url":"https:\/\/www.4h.se\/medlemshandbok\/","name":"Sveriges 4H - medlemshandbok","description":"","potentialAction":[{"@type":"SearchAction","target":{"@type":"EntryPoint","urlTemplate":"https:\/\/www.4h.se\/medlemshandbok\/?s={search_term_string}"},"query-input":{"@type":"PropertyValueSpecification","valueRequired":true,"valueName":"search_term_string"}}],"inLanguage":"sv-SE"}]}},"_links":{"self":[{"href":"https:\/\/www.4h.se\/medlemshandbok\/wp-json\/wp\/v2\/pages\/778","targetHints":{"allow":["GET"]}}],"collection":[{"href":"https:\/\/www.4h.se\/medlemshandbok\/wp-json\/wp\/v2\/pages"}],"about":[{"href":"https:\/\/www.4h.se\/medlemshandbok\/wp-json\/wp\/v2\/types\/page"}],"author":[{"embeddable":true,"href":"https:\/\/www.4h.se\/medlemshandbok\/wp-json\/wp\/v2\/users\/244"}],"replies":[{"embeddable":true,"href":"https:\/\/www.4h.se\/medlemshandbok\/wp-json\/wp\/v2\/comments?post=778"}],"version-history":[{"count":0,"href":"https:\/\/www.4h.se\/medlemshandbok\/wp-json\/wp\/v2\/pages\/778\/revisions"}],"wp:attachment":[{"href":"https:\/\/www.4h.se\/medlemshandbok\/wp-json\/wp\/v2\/media?parent=778"}],"curies":[{"name":"wp","href":"https:\/\/api.w.org\/{rel}","templated":true}]}}