



{"id":770,"date":"2024-05-20T14:57:35","date_gmt":"2024-05-20T12:57:35","guid":{"rendered":"https:\/\/www.4h.se\/medlemshandbok\/?page_id=770"},"modified":"2024-05-20T15:00:40","modified_gmt":"2024-05-20T13:00:40","slug":"organisation","status":"publish","type":"page","link":"https:\/\/www.4h.se\/medlemshandbok\/organisation\/","title":{"rendered":"Organisation"},"content":{"rendered":"<div class=\"wpb-content-wrapper\"><p>[vc_row][vc_column][vc_column_text]<\/p>\n<h1>Organisation<\/h1>\n<p>Riksf\u00f6rbundet Sveriges 4H \u00e4r uppbyggt i flera led. Varje led har enskilda uppgifter, samtidigt som alla verkar f\u00f6r att vara en samlad organisation. Det \u00e4r viktigt att komma ih\u00e5g den demokratiska processen och att varje enskild medlem har m\u00f6jlighet att g\u00f6ra sin r\u00f6st h\u00f6rd.<\/p>\n<h4><\/h4>\n<h3>Riksf\u00f6rbund<\/h3>\n<p>Riksf\u00f6rbundet leds av Riksf\u00f6rbundsstyrelsen. Varje \u00e5r h\u00e5lls en Riksf\u00f6rbundsst\u00e4mma d\u00e4r medlemmarna f\u00e5r vara med i den demokratiska processen och best\u00e4mma om verksamhet och hur organisationen ska utvecklas och drivas. Styrelsen styr sedan organisationen s\u00e5 som Riksf\u00f6rbundsst\u00e4mman beslutat. Styrelsen ordnar aktiviteter f\u00f6r medlemmarna och arbetar med utveckling av verksamheten samtidigt som de ansvarar f\u00f6r ekonomin och ser till att den l\u00e4ns- och klubbstyrda verksamheten fungerar genom att st\u00f6tta och hj\u00e4lpa till d\u00e4r det beh\u00f6vs. Till hj\u00e4lp finns det anst\u00e4llda p\u00e5 Riksf\u00f6rbundets kansli i Katrineholm. De anst\u00e4llda jobbar bland annat med l\u00f6neservice, administration, representation, probleml\u00f6sning och utveckling av verksamhet.<\/p>\n<p>Sveriges 4H har cirka 150 hel\u00e5rsanst\u00e4llda utspridda p\u00e5 de olika l\u00e4nen, kretsarna och klubbarna. De anst\u00e4llda arbetar som 4H-g\u00e5rdsf\u00f6rest\u00e5ndare, 4H-g\u00e5rdsassistenter, administrat\u00f6rer, instrukt\u00f6rer, konsulenter, verksamhetsledare och regionkonsulenter.<\/p>\n<h4><\/h4>\n<h3>L\u00e4nsf\u00f6rbund \/ DISTRIKT<\/h3>\n<p>Sveriges 4H har 22 mer eller mindre aktiva l\u00e4nsf\u00f6rbund. L\u00e4nsf\u00f6rbunden styrs, liksom Riksf\u00f6rbundet, av en ideell styrelse och har en \u00e5rlig l\u00e4nsf\u00f6rbundsst\u00e4mma. L\u00e4nsf\u00f6rbundsstyrelsen ansvarar bland annat f\u00f6r de aktiviteter som anordnas av l\u00e4net och verkar som st\u00f6d f\u00f6r de klubbar som finns i l\u00e4net. Vissa l\u00e4nsf\u00f6rbund har \u00e4ven arbetsgivaransvar f\u00f6r eventuella anst\u00e4llda i l\u00e4net.<\/p>\n<h3>Krets<\/h3>\n<p>I vissa l\u00e4n finns det kretsar som best\u00e5r av flera klubbar. \u00c4ven kretsarna drivs av en styrelse och har \u00e5rsm\u00f6te. Kretsstyrelsens ansvar \u00e4r att ordna aktiviteter f\u00f6r de klubbar som \u00e4r anslutna till kretsen.<\/p>\n<h3>Klubb<\/h3>\n<p>I klubbarna bedrivs huvuddelen av 4H:s verksamhet. Varje klubb har en klubbstyrelse och vissa (framf\u00f6r allt 4H-g\u00e5rdar) har anst\u00e4llda. P\u00e5 ett \u00e5rsm\u00f6te tills\u00e4tts styrelsen f\u00f6r klubben och det beslutas hur klubben ska bedriva sin verksamhet. Klubbverksamheten ser v\u00e4ldigt olika ut och varierar fr\u00e5n aktiviteter som hantverk och teater till gymnastik och 4H-g\u00e5rdsverksamhet.<\/p>\n<h3>Avdelningar<\/h3>\n<p>En 4H-avdelning \u00e4r en demokratisatsning 2019 som 4H har inf\u00f6rt f\u00f6r att fler barn och unga ska f\u00e5 l\u00e4ra sig f\u00f6reningsdemokrati genom v\u00e5r verksamhet.<\/p>\n<p>&nbsp;<\/p>\n<h3>Organisationsschema<\/h3>\n<p><a href=\"https:\/\/www.4h.se\/wp-content\/uploads\/2015\/05\/nyanst\u00e4lld_4H_2.jpg\"><img loading=\"lazy\" decoding=\"async\" class=\"alignnone wp-image-1015\" src=\"https:\/\/www.4h.se\/wp-content\/uploads\/2015\/05\/nyanst\u00e4lld_4H_2.jpg\" alt=\"nyanst\u00e4lld_4H_2\" width=\"717\" height=\"428\" \/><\/a><\/p>\n<p>&nbsp;[\/vc_column_text][\/vc_column][\/vc_row]<\/p>\n<\/div>","protected":false},"excerpt":{"rendered":"<p>[vc_row][vc_column][vc_column_text] Organisation Riksf\u00f6rbundet Sveriges 4H \u00e4r uppbyggt i flera led. Varje led har enskilda uppgifter, samtidigt som alla verkar f\u00f6r att vara en samlad organisation. Det \u00e4r viktigt att komma ih\u00e5g den demokratiska processen och att varje enskild medlem har m\u00f6jlighet att g\u00f6ra sin r\u00f6st h\u00f6rd. Riksf\u00f6rbund Riksf\u00f6rbundet leds av Riksf\u00f6rbundsstyrelsen. Varje \u00e5r h\u00e5lls en&nbsp; <a href=\"https:\/\/www.4h.se\/medlemshandbok\/organisation\/\">&hellip; Read more <i class=\"glyphicon glyphicon-arrow-right\"><\/i><\/a><\/p>\n","protected":false},"author":244,"featured_media":0,"parent":0,"menu_order":0,"comment_status":"closed","ping_status":"closed","template":"","meta":{"_acf_changed":false,"footnotes":""},"class_list":["post-770","page","type-page","status-publish","hentry"],"acf":[],"yoast_head":"<!-- This site is optimized with the Yoast SEO plugin v27.5 - https:\/\/yoast.com\/product\/yoast-seo-wordpress\/ -->\n<title>Organisation - Sveriges 4H - medlemshandbok<\/title>\n<meta name=\"robots\" content=\"index, follow, max-snippet:-1, max-image-preview:large, max-video-preview:-1\" \/>\n<link rel=\"canonical\" href=\"https:\/\/www.4h.se\/medlemshandbok\/organisation\/\" \/>\n<meta property=\"og:locale\" content=\"sv_SE\" \/>\n<meta property=\"og:type\" content=\"article\" \/>\n<meta property=\"og:title\" content=\"Organisation - Sveriges 4H - medlemshandbok\" \/>\n<meta property=\"og:description\" content=\"[vc_row][vc_column][vc_column_text] Organisation Riksf\u00f6rbundet Sveriges 4H \u00e4r uppbyggt i flera led. Varje led har enskilda uppgifter, samtidigt som alla verkar f\u00f6r att vara en samlad organisation. Det \u00e4r viktigt att komma ih\u00e5g den demokratiska processen och att varje enskild medlem har m\u00f6jlighet att g\u00f6ra sin r\u00f6st h\u00f6rd. Riksf\u00f6rbund Riksf\u00f6rbundet leds av Riksf\u00f6rbundsstyrelsen. Varje \u00e5r h\u00e5lls en&nbsp; &hellip; Read more\" \/>\n<meta property=\"og:url\" content=\"https:\/\/www.4h.se\/medlemshandbok\/organisation\/\" \/>\n<meta property=\"og:site_name\" content=\"Sveriges 4H - medlemshandbok\" \/>\n<meta property=\"article:modified_time\" content=\"2024-05-20T13:00:40+00:00\" \/>\n<meta name=\"twitter:card\" content=\"summary_large_image\" \/>\n<script type=\"application\/ld+json\" class=\"yoast-schema-graph\">{\"@context\":\"https:\\\/\\\/schema.org\",\"@graph\":[{\"@type\":\"WebPage\",\"@id\":\"https:\\\/\\\/www.4h.se\\\/medlemshandbok\\\/organisation\\\/\",\"url\":\"https:\\\/\\\/www.4h.se\\\/medlemshandbok\\\/organisation\\\/\",\"name\":\"Organisation - Sveriges 4H - medlemshandbok\",\"isPartOf\":{\"@id\":\"https:\\\/\\\/www.4h.se\\\/medlemshandbok\\\/#website\"},\"datePublished\":\"2024-05-20T12:57:35+00:00\",\"dateModified\":\"2024-05-20T13:00:40+00:00\",\"breadcrumb\":{\"@id\":\"https:\\\/\\\/www.4h.se\\\/medlemshandbok\\\/organisation\\\/#breadcrumb\"},\"inLanguage\":\"sv-SE\",\"potentialAction\":[{\"@type\":\"ReadAction\",\"target\":[\"https:\\\/\\\/www.4h.se\\\/medlemshandbok\\\/organisation\\\/\"]}]},{\"@type\":\"BreadcrumbList\",\"@id\":\"https:\\\/\\\/www.4h.se\\\/medlemshandbok\\\/organisation\\\/#breadcrumb\",\"itemListElement\":[{\"@type\":\"ListItem\",\"position\":1,\"name\":\"Hem\",\"item\":\"https:\\\/\\\/www.4h.se\\\/medlemshandbok\\\/\"},{\"@type\":\"ListItem\",\"position\":2,\"name\":\"Organisation\"}]},{\"@type\":\"WebSite\",\"@id\":\"https:\\\/\\\/www.4h.se\\\/medlemshandbok\\\/#website\",\"url\":\"https:\\\/\\\/www.4h.se\\\/medlemshandbok\\\/\",\"name\":\"Sveriges 4H - medlemshandbok\",\"description\":\"\",\"potentialAction\":[{\"@type\":\"SearchAction\",\"target\":{\"@type\":\"EntryPoint\",\"urlTemplate\":\"https:\\\/\\\/www.4h.se\\\/medlemshandbok\\\/?s={search_term_string}\"},\"query-input\":{\"@type\":\"PropertyValueSpecification\",\"valueRequired\":true,\"valueName\":\"search_term_string\"}}],\"inLanguage\":\"sv-SE\"}]}<\/script>\n<!-- \/ Yoast SEO plugin. -->","yoast_head_json":{"title":"Organisation - Sveriges 4H - medlemshandbok","robots":{"index":"index","follow":"follow","max-snippet":"max-snippet:-1","max-image-preview":"max-image-preview:large","max-video-preview":"max-video-preview:-1"},"canonical":"https:\/\/www.4h.se\/medlemshandbok\/organisation\/","og_locale":"sv_SE","og_type":"article","og_title":"Organisation - Sveriges 4H - medlemshandbok","og_description":"[vc_row][vc_column][vc_column_text] Organisation Riksf\u00f6rbundet Sveriges 4H \u00e4r uppbyggt i flera led. Varje led har enskilda uppgifter, samtidigt som alla verkar f\u00f6r att vara en samlad organisation. Det \u00e4r viktigt att komma ih\u00e5g den demokratiska processen och att varje enskild medlem har m\u00f6jlighet att g\u00f6ra sin r\u00f6st h\u00f6rd. Riksf\u00f6rbund Riksf\u00f6rbundet leds av Riksf\u00f6rbundsstyrelsen. Varje \u00e5r h\u00e5lls en&nbsp; &hellip; Read more","og_url":"https:\/\/www.4h.se\/medlemshandbok\/organisation\/","og_site_name":"Sveriges 4H - medlemshandbok","article_modified_time":"2024-05-20T13:00:40+00:00","twitter_card":"summary_large_image","schema":{"@context":"https:\/\/schema.org","@graph":[{"@type":"WebPage","@id":"https:\/\/www.4h.se\/medlemshandbok\/organisation\/","url":"https:\/\/www.4h.se\/medlemshandbok\/organisation\/","name":"Organisation - Sveriges 4H - medlemshandbok","isPartOf":{"@id":"https:\/\/www.4h.se\/medlemshandbok\/#website"},"datePublished":"2024-05-20T12:57:35+00:00","dateModified":"2024-05-20T13:00:40+00:00","breadcrumb":{"@id":"https:\/\/www.4h.se\/medlemshandbok\/organisation\/#breadcrumb"},"inLanguage":"sv-SE","potentialAction":[{"@type":"ReadAction","target":["https:\/\/www.4h.se\/medlemshandbok\/organisation\/"]}]},{"@type":"BreadcrumbList","@id":"https:\/\/www.4h.se\/medlemshandbok\/organisation\/#breadcrumb","itemListElement":[{"@type":"ListItem","position":1,"name":"Hem","item":"https:\/\/www.4h.se\/medlemshandbok\/"},{"@type":"ListItem","position":2,"name":"Organisation"}]},{"@type":"WebSite","@id":"https:\/\/www.4h.se\/medlemshandbok\/#website","url":"https:\/\/www.4h.se\/medlemshandbok\/","name":"Sveriges 4H - medlemshandbok","description":"","potentialAction":[{"@type":"SearchAction","target":{"@type":"EntryPoint","urlTemplate":"https:\/\/www.4h.se\/medlemshandbok\/?s={search_term_string}"},"query-input":{"@type":"PropertyValueSpecification","valueRequired":true,"valueName":"search_term_string"}}],"inLanguage":"sv-SE"}]}},"_links":{"self":[{"href":"https:\/\/www.4h.se\/medlemshandbok\/wp-json\/wp\/v2\/pages\/770","targetHints":{"allow":["GET"]}}],"collection":[{"href":"https:\/\/www.4h.se\/medlemshandbok\/wp-json\/wp\/v2\/pages"}],"about":[{"href":"https:\/\/www.4h.se\/medlemshandbok\/wp-json\/wp\/v2\/types\/page"}],"author":[{"embeddable":true,"href":"https:\/\/www.4h.se\/medlemshandbok\/wp-json\/wp\/v2\/users\/244"}],"replies":[{"embeddable":true,"href":"https:\/\/www.4h.se\/medlemshandbok\/wp-json\/wp\/v2\/comments?post=770"}],"version-history":[{"count":0,"href":"https:\/\/www.4h.se\/medlemshandbok\/wp-json\/wp\/v2\/pages\/770\/revisions"}],"wp:attachment":[{"href":"https:\/\/www.4h.se\/medlemshandbok\/wp-json\/wp\/v2\/media?parent=770"}],"curies":[{"name":"wp","href":"https:\/\/api.w.org\/{rel}","templated":true}]}}