



{"id":484,"date":"2019-04-15T18:49:04","date_gmt":"2019-04-15T16:49:04","guid":{"rendered":"http:\/\/www.4h.se\/medlemshandbok\/?page_id=484"},"modified":"2022-05-18T13:09:10","modified_gmt":"2022-05-18T11:09:10","slug":"skaffa-mejladress-och-hemsida","status":"publish","type":"page","link":"https:\/\/www.4h.se\/medlemshandbok\/skaffa-mejladress-och-hemsida\/","title":{"rendered":"Skaffa mejladress och hemsida"},"content":{"rendered":"<div class=\"wpb-content-wrapper\"><p>[vc_row][vc_column][vc_column_text]<\/p>\n<h3 id=\"sites-page-title-header\" align=\"left\">Mejladress till klubb och styrelse<\/h3>\n<p>N\u00e4r ni startat er 4H-klubb tilldelas ni en mejladress: klubbens namn@4h.se.<\/p>\n<p>Det g\u00f6r det l\u00e4ttare f\u00f6r riksf\u00f6rbundet och era medlemmar att n\u00e5 er om mejladressen f\u00f6rblir densamma, \u00e4ven om personen som ansvarar f\u00f6r mejlen byts ut. Det \u00e4r ocks\u00e5 en f\u00f6rdel f\u00f6r de som kommer efter er att ha tillg\u00e5ng till klubbens\u00a0mejlhistorik.\u00a0\u00c4r ni os\u00e4kra p\u00e5 vilken mejladress ni tilldelats, beh\u00f6ver ni byta l\u00f6senord eller \u00f6vriga fr\u00e5gor, mejla din fr\u00e5ga samt klubbens namn till info@4h.se.<\/p>\n<p>Klubbens ordf\u00f6rande och kass\u00f6r tilldelas \u00e4ven de personoberoende mejladresser f\u00f6r enklare kommunikation:<br \/>\nordforande.klubb@4h.se och kassor.klubb@4h.se<\/p>\n<p>&nbsp;<\/p>\n<p>Via klubbens @4h.se-mejl\u00a0f\u00e5r ni \u00e4ven tillg\u00e5ng till v\u00e5r kommunikationsplattform, Microsofts onlinebaserade program Office 365.<\/p>\n<p id=\"h.p_Ov7JoYAy7uNQ\" class=\"zfr3Q\"><strong>Funktioner:<\/strong><\/p>\n<ul class=\"n8H08c UVNKR\">\n<li id=\"h.p_R03M34aB7uNR\" class=\"zfr3Q TYR86d\">Mejl \u2013 Outlook.<\/li>\n<li id=\"h.p_-vww8u3w7uNR\" class=\"zfr3Q TYR86d\">Teams \u2013 en delad arbetsyta d\u00e4r ni kan chatta, tr\u00e4ffas, dela filer och arbeta<\/li>\n<li class=\"zfr3Q TYR86d\">Onedrive \u2013 dela, f\u00e5 \u00e5tkomst till och samarbeta i alla filer, var du \u00e4n \u00e4r<\/li>\n<li class=\"zfr3Q TYR86d\">Officepaketet, presentationsverktyg och formul\u00e4r i onlineversion<\/li>\n<li id=\"h.p_iIE3D8h97uNS\" class=\"zfr3Q TYR86d\">Kalender<\/li>\n<\/ul>\n<p>[\/vc_column_text][vc_separator][\/vc_column][\/vc_row][vc_row][vc_column][vc_column_text]<\/p>\n<h3>Hemsida och sociala medier<\/h3>\n<p>F\u00f6r att kommunicera med era medlemmar och potentiella nya medlemmar beh\u00f6ver ni fundera p\u00e5 hur ni n\u00e5r ut. Vi f\u00f6resl\u00e5r bl a f\u00f6ljande:<\/p>\n<ul>\n<li>Skaffa en 4H-hemsida. Kontakta din regionkonsulent eller info@4h.se f\u00f6r att f\u00e5 hj\u00e4lp med detta.<\/li>\n<li>Skaffa en facebooksida (f\u00f6r att kunna dela med er av er verksamhet \u00e4ven till de som inte \u00e4r medlemmar \u00e4nnu)<\/li>\n<li>Ska ni skicka ut nyhetsbrev eller mejl till era medlemmar? Hur ofta?<\/li>\n<li>Ska ni ha n\u00e5gon grupp exempelvis p\u00e5 facebook f\u00f6r att ni som medlemmar ska kunna kommunicera med varandra mellan g\u00e5ngerna ni ses?<\/li>\n<\/ul>\n<p>&nbsp;<\/p>\n<p>T\u00e4nk p\u00e5 att f\u00f6lja 4Hs riktlinjer f\u00f6r kommunikation, \u00e4r ni os\u00e4kra f\u00f6resl\u00e5r vi att ni st\u00e4mmer av med er regionkonsulent.[\/vc_column_text][\/vc_column][\/vc_row]<\/p>\n<\/div>","protected":false},"excerpt":{"rendered":"<p>[vc_row][vc_column][vc_column_text] Mejladress till klubb och styrelse N\u00e4r ni startat er 4H-klubb tilldelas ni en mejladress: klubbens namn@4h.se. Det g\u00f6r det l\u00e4ttare f\u00f6r riksf\u00f6rbundet och era medlemmar att n\u00e5 er om mejladressen f\u00f6rblir densamma, \u00e4ven om personen som ansvarar f\u00f6r mejlen byts ut. Det \u00e4r ocks\u00e5 en f\u00f6rdel f\u00f6r de som kommer efter er att ha&nbsp; <a href=\"https:\/\/www.4h.se\/medlemshandbok\/skaffa-mejladress-och-hemsida\/\">&hellip; Read more <i class=\"glyphicon glyphicon-arrow-right\"><\/i><\/a><\/p>\n","protected":false},"author":165,"featured_media":0,"parent":0,"menu_order":0,"comment_status":"closed","ping_status":"closed","template":"","meta":{"_acf_changed":false,"footnotes":""},"class_list":["post-484","page","type-page","status-publish","hentry"],"acf":[],"yoast_head":"<!-- This site is optimized with the Yoast SEO plugin v27.5 - https:\/\/yoast.com\/product\/yoast-seo-wordpress\/ -->\n<title>Skaffa mejladress och hemsida - Sveriges 4H - medlemshandbok<\/title>\n<meta name=\"robots\" content=\"index, follow, max-snippet:-1, max-image-preview:large, max-video-preview:-1\" \/>\n<link rel=\"canonical\" href=\"https:\/\/www.4h.se\/medlemshandbok\/skaffa-mejladress-och-hemsida\/\" \/>\n<meta property=\"og:locale\" content=\"sv_SE\" \/>\n<meta property=\"og:type\" content=\"article\" \/>\n<meta property=\"og:title\" content=\"Skaffa mejladress och hemsida - Sveriges 4H - medlemshandbok\" \/>\n<meta property=\"og:description\" content=\"[vc_row][vc_column][vc_column_text] Mejladress till klubb och styrelse N\u00e4r ni startat er 4H-klubb tilldelas ni en mejladress: klubbens namn@4h.se. Det g\u00f6r det l\u00e4ttare f\u00f6r riksf\u00f6rbundet och era medlemmar att n\u00e5 er om mejladressen f\u00f6rblir densamma, \u00e4ven om personen som ansvarar f\u00f6r mejlen byts ut. Det \u00e4r ocks\u00e5 en f\u00f6rdel f\u00f6r de som kommer efter er att ha&nbsp; &hellip; Read more\" \/>\n<meta property=\"og:url\" content=\"https:\/\/www.4h.se\/medlemshandbok\/skaffa-mejladress-och-hemsida\/\" \/>\n<meta property=\"og:site_name\" content=\"Sveriges 4H - medlemshandbok\" \/>\n<meta property=\"article:modified_time\" content=\"2022-05-18T11:09:10+00:00\" \/>\n<meta name=\"twitter:card\" content=\"summary_large_image\" \/>\n<meta name=\"twitter:label1\" content=\"Ber\u00e4knad l\u00e4stid\" \/>\n\t<meta name=\"twitter:data1\" content=\"2 minuter\" \/>\n<script type=\"application\/ld+json\" class=\"yoast-schema-graph\">{\"@context\":\"https:\\\/\\\/schema.org\",\"@graph\":[{\"@type\":\"WebPage\",\"@id\":\"https:\\\/\\\/www.4h.se\\\/medlemshandbok\\\/skaffa-mejladress-och-hemsida\\\/\",\"url\":\"https:\\\/\\\/www.4h.se\\\/medlemshandbok\\\/skaffa-mejladress-och-hemsida\\\/\",\"name\":\"Skaffa mejladress och hemsida - Sveriges 4H - medlemshandbok\",\"isPartOf\":{\"@id\":\"https:\\\/\\\/www.4h.se\\\/medlemshandbok\\\/#website\"},\"datePublished\":\"2019-04-15T16:49:04+00:00\",\"dateModified\":\"2022-05-18T11:09:10+00:00\",\"breadcrumb\":{\"@id\":\"https:\\\/\\\/www.4h.se\\\/medlemshandbok\\\/skaffa-mejladress-och-hemsida\\\/#breadcrumb\"},\"inLanguage\":\"sv-SE\",\"potentialAction\":[{\"@type\":\"ReadAction\",\"target\":[\"https:\\\/\\\/www.4h.se\\\/medlemshandbok\\\/skaffa-mejladress-och-hemsida\\\/\"]}]},{\"@type\":\"BreadcrumbList\",\"@id\":\"https:\\\/\\\/www.4h.se\\\/medlemshandbok\\\/skaffa-mejladress-och-hemsida\\\/#breadcrumb\",\"itemListElement\":[{\"@type\":\"ListItem\",\"position\":1,\"name\":\"Hem\",\"item\":\"https:\\\/\\\/www.4h.se\\\/medlemshandbok\\\/\"},{\"@type\":\"ListItem\",\"position\":2,\"name\":\"Skaffa mejladress och hemsida\"}]},{\"@type\":\"WebSite\",\"@id\":\"https:\\\/\\\/www.4h.se\\\/medlemshandbok\\\/#website\",\"url\":\"https:\\\/\\\/www.4h.se\\\/medlemshandbok\\\/\",\"name\":\"Sveriges 4H - medlemshandbok\",\"description\":\"\",\"potentialAction\":[{\"@type\":\"SearchAction\",\"target\":{\"@type\":\"EntryPoint\",\"urlTemplate\":\"https:\\\/\\\/www.4h.se\\\/medlemshandbok\\\/?s={search_term_string}\"},\"query-input\":{\"@type\":\"PropertyValueSpecification\",\"valueRequired\":true,\"valueName\":\"search_term_string\"}}],\"inLanguage\":\"sv-SE\"}]}<\/script>\n<!-- \/ Yoast SEO plugin. -->","yoast_head_json":{"title":"Skaffa mejladress och hemsida - Sveriges 4H - medlemshandbok","robots":{"index":"index","follow":"follow","max-snippet":"max-snippet:-1","max-image-preview":"max-image-preview:large","max-video-preview":"max-video-preview:-1"},"canonical":"https:\/\/www.4h.se\/medlemshandbok\/skaffa-mejladress-och-hemsida\/","og_locale":"sv_SE","og_type":"article","og_title":"Skaffa mejladress och hemsida - Sveriges 4H - medlemshandbok","og_description":"[vc_row][vc_column][vc_column_text] Mejladress till klubb och styrelse N\u00e4r ni startat er 4H-klubb tilldelas ni en mejladress: klubbens namn@4h.se. Det g\u00f6r det l\u00e4ttare f\u00f6r riksf\u00f6rbundet och era medlemmar att n\u00e5 er om mejladressen f\u00f6rblir densamma, \u00e4ven om personen som ansvarar f\u00f6r mejlen byts ut. Det \u00e4r ocks\u00e5 en f\u00f6rdel f\u00f6r de som kommer efter er att ha&nbsp; &hellip; Read more","og_url":"https:\/\/www.4h.se\/medlemshandbok\/skaffa-mejladress-och-hemsida\/","og_site_name":"Sveriges 4H - medlemshandbok","article_modified_time":"2022-05-18T11:09:10+00:00","twitter_card":"summary_large_image","twitter_misc":{"Ber\u00e4knad l\u00e4stid":"2 minuter"},"schema":{"@context":"https:\/\/schema.org","@graph":[{"@type":"WebPage","@id":"https:\/\/www.4h.se\/medlemshandbok\/skaffa-mejladress-och-hemsida\/","url":"https:\/\/www.4h.se\/medlemshandbok\/skaffa-mejladress-och-hemsida\/","name":"Skaffa mejladress och hemsida - Sveriges 4H - medlemshandbok","isPartOf":{"@id":"https:\/\/www.4h.se\/medlemshandbok\/#website"},"datePublished":"2019-04-15T16:49:04+00:00","dateModified":"2022-05-18T11:09:10+00:00","breadcrumb":{"@id":"https:\/\/www.4h.se\/medlemshandbok\/skaffa-mejladress-och-hemsida\/#breadcrumb"},"inLanguage":"sv-SE","potentialAction":[{"@type":"ReadAction","target":["https:\/\/www.4h.se\/medlemshandbok\/skaffa-mejladress-och-hemsida\/"]}]},{"@type":"BreadcrumbList","@id":"https:\/\/www.4h.se\/medlemshandbok\/skaffa-mejladress-och-hemsida\/#breadcrumb","itemListElement":[{"@type":"ListItem","position":1,"name":"Hem","item":"https:\/\/www.4h.se\/medlemshandbok\/"},{"@type":"ListItem","position":2,"name":"Skaffa mejladress och hemsida"}]},{"@type":"WebSite","@id":"https:\/\/www.4h.se\/medlemshandbok\/#website","url":"https:\/\/www.4h.se\/medlemshandbok\/","name":"Sveriges 4H - medlemshandbok","description":"","potentialAction":[{"@type":"SearchAction","target":{"@type":"EntryPoint","urlTemplate":"https:\/\/www.4h.se\/medlemshandbok\/?s={search_term_string}"},"query-input":{"@type":"PropertyValueSpecification","valueRequired":true,"valueName":"search_term_string"}}],"inLanguage":"sv-SE"}]}},"_links":{"self":[{"href":"https:\/\/www.4h.se\/medlemshandbok\/wp-json\/wp\/v2\/pages\/484","targetHints":{"allow":["GET"]}}],"collection":[{"href":"https:\/\/www.4h.se\/medlemshandbok\/wp-json\/wp\/v2\/pages"}],"about":[{"href":"https:\/\/www.4h.se\/medlemshandbok\/wp-json\/wp\/v2\/types\/page"}],"author":[{"embeddable":true,"href":"https:\/\/www.4h.se\/medlemshandbok\/wp-json\/wp\/v2\/users\/165"}],"replies":[{"embeddable":true,"href":"https:\/\/www.4h.se\/medlemshandbok\/wp-json\/wp\/v2\/comments?post=484"}],"version-history":[{"count":0,"href":"https:\/\/www.4h.se\/medlemshandbok\/wp-json\/wp\/v2\/pages\/484\/revisions"}],"wp:attachment":[{"href":"https:\/\/www.4h.se\/medlemshandbok\/wp-json\/wp\/v2\/media?parent=484"}],"curies":[{"name":"wp","href":"https:\/\/api.w.org\/{rel}","templated":true}]}}