



{"id":475,"date":"2019-04-15T18:27:51","date_gmt":"2019-04-15T16:27:51","guid":{"rendered":"http:\/\/www.4h.se\/medlemshandbok\/?page_id=475"},"modified":"2022-06-01T10:02:31","modified_gmt":"2022-06-01T08:02:31","slug":"fakturahantering-och-pengafloden","status":"publish","type":"page","link":"https:\/\/www.4h.se\/medlemshandbok\/fakturahantering-och-pengafloden\/","title":{"rendered":"Fakturahantering och pengafl\u00f6den"},"content":{"rendered":"<div class=\"wpb-content-wrapper\"><p>[vc_row][vc_column][vc_column_text]<\/p>\n<h1>Fakturahantering och pengafl\u00f6den<\/h1>\n<p>[\/vc_column_text][\/vc_column][\/vc_row][vc_row][vc_column][vc_column_text]&nbsp;<\/p>\n<p><strong>Kontrollera om medlemsavgifter kommer till klubbens konto ist\u00e4llet f\u00f6r riksf\u00f6rbundet<\/strong><\/p>\n<p>Kass\u00f6ren och administrat\u00f6ren f\u00f6r medlemssystemet beh\u00f6ver samarbeta f\u00f6r att h\u00e5lla koll p\u00e5 om medlemsavgiftsinbetalningar kommer till klubbens konto ist\u00e4llet f\u00f6r till Riksf\u00f6rbundet. Om en person betalar medlemsavgift till klubben beh\u00f6ver den personen sj\u00e4lv eller n\u00e5gon i klubben registrera den som medlem i medlemssystemet. Innan dess \u00e4r personen inte medlem och omfattas exempelvis inte av medlemsf\u00f6rs\u00e4kringen och kan inte r\u00e4knas i bidragsans\u00f6kningar.<\/p>\n<p>Detta \u00e4r exempelvis vanligt om man tar in medlemsavgift tillsammans med deltagaravgift f\u00f6r l\u00e4ger eller liknande. Dock rekommenderar vi att man inte g\u00f6r det.<\/p>\n<ol>\n<li>Kontrollera om personer har betalat medlemsavgifter till klubben ist\u00e4llet f\u00f6r riks.<\/li>\n<li>Registrera personen i medlemssystemet (skriv inte in mejladressen direkt eftersom det d\u00e5 skickas en faktura till personen som redan betalat)<\/li>\n<li>Markera manuellt att personens faktura \u00e4r \u201cbetald till klubben\u201d.<\/li>\n<li>Skriv in medlemmens mejladress s\u00e5 att vi kan n\u00e5 personen med information, exempelvis f\u00f6rnyelse av medlemskap n\u00e4sta \u00e5r.<\/li>\n<\/ol>\n<p>&nbsp;<\/p>\n<p><strong>Hur fungerar det med p\u00e5minnelser p\u00e5 obetalda fakturor?<\/strong><\/p>\n<p>10 dagar efter att fakturans f\u00f6rfallodatum har passerat mejlas en p\u00e5minnelse. Sedan dr\u00f6jer det ytterligare\u00a015 dagar innan p\u00e5minnelse 2 skickas. Ni beh\u00f6ver allts\u00e5 inte klicka p\u00e5 n\u00e5gon knapp f\u00f6r detta utan allt sker automatiskt. Ni kan se i Antribe n\u00e4r fakturan skapats och n\u00e4r p\u00e5minnelse g\u00e5tt ut.<\/p>\n<p>Som administrat\u00f6r kan du g\u00e5 in p\u00e5 varje enskild person och skicka p\u00e5minnelse via mejl till enbart den personen. Det kan beh\u00f6vas om personen exempelvis har tappat bort sin faktura.<\/p>\n<p>&nbsp;<\/p>\n<p><strong>Hur ser pengafl\u00f6dena ut f\u00f6r medlemsavgifter?<\/strong><\/p>\n<p>N\u00e4r personer registrerar sig som medlemmar betalas hela medlemsavgiften in till riksorganisationen. Vi g\u00f6r sedan avr\u00e4kningar\u00a0kvartalsvis och betalar ut den delen som ska till det aktuella l\u00e4net och klubben.<\/p>\n<p>I de fall avgiften betalats till klubben m\u00e5ste\u00a0klubben manuellt markera att medlemmen betalt d\u00e5 medlemmen f\u00e5r en faktura som st\u00e4lls till riksorganisationen. Riksorganisationen fakturerar klubben i samband med den kontinuerliga avst\u00e4mningen och f\u00f6rdelar samtidigt ut medlemsavgiften till ber\u00f6rda parter.<\/p>\n<p>&nbsp;<\/p>\n<p><strong>Hur ser pengafl\u00f6dena ut f\u00f6r event och medlemsavgifter som tas in i samband med det?<\/strong><\/p>\n<p>Om ni anv\u00e4nder evenemangsfunktionen skapas det vid anm\u00e4lan till event tv\u00e5 fakturor. En faktura skapas f\u00f6r den totala medlemsavgiften d\u00e4r hela summan betalas in till riksorganisationen. Den andra fakturan \u00e4r f\u00f6r evenemangets deltagaravgift som\u00a0betalas direkt till klubben.<\/p>\n<p>OBS! Betaluppgifter till klubben fylls i vid skapandet av eventet.<\/p>\n<p>&nbsp;<\/p>\n<p><strong>Hantering av fakturor f\u00f6r deltagaravgifter vid evenemang<\/strong><\/p>\n<p>N\u00e4r klubben\u00a0f\u00e5r\u00a0in deltagaravgifter m\u00e5ste ni manuellt g\u00e5 in och markera att dessa \u00e4r betalda s\u00e5 snart som m\u00f6jligt. Om de st\u00e5r som obetalda i systemet \u00e4r risken stor att de som redan har betalat f\u00e5r p\u00e5minnelser. Automatiska p\u00e5minnelser skickas ut tv\u00e5 g\u00e5nger i likhet med rutinen f\u00f6r obetalda medlemsfakturor (se ovan).<\/p>\n<p>&nbsp;<\/p>\n<p><strong>Vi vill subventionera medlemsavgiften i v\u00e5r klubb och l\u00e4gga in minus p\u00e5 klubbens avgift f\u00f6r att den totala ska bli mindre. G\u00e5r det?<\/strong><\/p>\n<p>Nej, det g\u00e5r inte. Den l\u00e4gsta m\u00f6jliga avgiften \u00e4r 0 kr.<\/p>\n<p>&nbsp;<\/p>\n<p><strong>Vi vill \u00e4ndra p\u00e5 medlemsavgiften, hur g\u00f6r vi det?<\/strong><\/p>\n<p>Det g\u00e5r inte att \u00e4ndra medlemsavgiften under \u00e5ret. Det kan endast \u00e4ndras inf\u00f6r kommande \u00e5r i samband med att klubben eller l\u00e4net har \u00e5rsm\u00f6te eller extra \u00e5rsm\u00f6te.[\/vc_column_text][\/vc_column][\/vc_row]<\/p>\n<\/div>","protected":false},"excerpt":{"rendered":"<p>[vc_row][vc_column][vc_column_text] Fakturahantering och pengafl\u00f6den [\/vc_column_text][\/vc_column][\/vc_row][vc_row][vc_column][vc_column_text]&nbsp; Kontrollera om medlemsavgifter kommer till klubbens konto ist\u00e4llet f\u00f6r riksf\u00f6rbundet Kass\u00f6ren och administrat\u00f6ren f\u00f6r medlemssystemet beh\u00f6ver samarbeta f\u00f6r att h\u00e5lla koll p\u00e5 om medlemsavgiftsinbetalningar kommer till klubbens konto ist\u00e4llet f\u00f6r till Riksf\u00f6rbundet. Om en person betalar medlemsavgift till klubben beh\u00f6ver den personen sj\u00e4lv eller n\u00e5gon i klubben registrera den som&nbsp; <a href=\"https:\/\/www.4h.se\/medlemshandbok\/fakturahantering-och-pengafloden\/\">&hellip; Read more <i class=\"glyphicon glyphicon-arrow-right\"><\/i><\/a><\/p>\n","protected":false},"author":165,"featured_media":0,"parent":0,"menu_order":0,"comment_status":"closed","ping_status":"closed","template":"","meta":{"footnotes":""},"class_list":["post-475","page","type-page","status-publish","hentry"],"yoast_head":"<!-- This site is optimized with the Yoast SEO plugin v27.4 - https:\/\/yoast.com\/product\/yoast-seo-wordpress\/ -->\n<title>Fakturahantering och pengafl\u00f6den - Sveriges 4H - medlemshandbok<\/title>\n<meta name=\"robots\" content=\"index, follow, max-snippet:-1, max-image-preview:large, max-video-preview:-1\" \/>\n<link rel=\"canonical\" href=\"https:\/\/www.4h.se\/medlemshandbok\/fakturahantering-och-pengafloden\/\" \/>\n<meta property=\"og:locale\" content=\"sv_SE\" \/>\n<meta property=\"og:type\" content=\"article\" \/>\n<meta property=\"og:title\" content=\"Fakturahantering och pengafl\u00f6den - Sveriges 4H - medlemshandbok\" \/>\n<meta property=\"og:description\" content=\"[vc_row][vc_column][vc_column_text] Fakturahantering och pengafl\u00f6den [\/vc_column_text][\/vc_column][\/vc_row][vc_row][vc_column][vc_column_text]&nbsp; Kontrollera om medlemsavgifter kommer till klubbens konto ist\u00e4llet f\u00f6r riksf\u00f6rbundet Kass\u00f6ren och administrat\u00f6ren f\u00f6r medlemssystemet beh\u00f6ver samarbeta f\u00f6r att h\u00e5lla koll p\u00e5 om medlemsavgiftsinbetalningar kommer till klubbens konto ist\u00e4llet f\u00f6r till Riksf\u00f6rbundet. Om en person betalar medlemsavgift till klubben beh\u00f6ver den personen sj\u00e4lv eller n\u00e5gon i klubben registrera den som&nbsp; &hellip; Read more\" \/>\n<meta property=\"og:url\" content=\"https:\/\/www.4h.se\/medlemshandbok\/fakturahantering-och-pengafloden\/\" \/>\n<meta property=\"og:site_name\" content=\"Sveriges 4H - medlemshandbok\" \/>\n<meta property=\"article:modified_time\" content=\"2022-06-01T08:02:31+00:00\" \/>\n<meta name=\"twitter:card\" content=\"summary_large_image\" \/>\n<meta name=\"twitter:label1\" content=\"Ber\u00e4knad l\u00e4stid\" \/>\n\t<meta name=\"twitter:data1\" content=\"3 minuter\" \/>\n<script type=\"application\/ld+json\" class=\"yoast-schema-graph\">{\"@context\":\"https:\\\/\\\/schema.org\",\"@graph\":[{\"@type\":\"WebPage\",\"@id\":\"https:\\\/\\\/www.4h.se\\\/medlemshandbok\\\/fakturahantering-och-pengafloden\\\/\",\"url\":\"https:\\\/\\\/www.4h.se\\\/medlemshandbok\\\/fakturahantering-och-pengafloden\\\/\",\"name\":\"Fakturahantering och pengafl\u00f6den - Sveriges 4H - medlemshandbok\",\"isPartOf\":{\"@id\":\"https:\\\/\\\/www.4h.se\\\/medlemshandbok\\\/#website\"},\"datePublished\":\"2019-04-15T16:27:51+00:00\",\"dateModified\":\"2022-06-01T08:02:31+00:00\",\"breadcrumb\":{\"@id\":\"https:\\\/\\\/www.4h.se\\\/medlemshandbok\\\/fakturahantering-och-pengafloden\\\/#breadcrumb\"},\"inLanguage\":\"sv-SE\",\"potentialAction\":[{\"@type\":\"ReadAction\",\"target\":[\"https:\\\/\\\/www.4h.se\\\/medlemshandbok\\\/fakturahantering-och-pengafloden\\\/\"]}]},{\"@type\":\"BreadcrumbList\",\"@id\":\"https:\\\/\\\/www.4h.se\\\/medlemshandbok\\\/fakturahantering-och-pengafloden\\\/#breadcrumb\",\"itemListElement\":[{\"@type\":\"ListItem\",\"position\":1,\"name\":\"Hem\",\"item\":\"https:\\\/\\\/www.4h.se\\\/medlemshandbok\\\/\"},{\"@type\":\"ListItem\",\"position\":2,\"name\":\"Fakturahantering och pengafl\u00f6den\"}]},{\"@type\":\"WebSite\",\"@id\":\"https:\\\/\\\/www.4h.se\\\/medlemshandbok\\\/#website\",\"url\":\"https:\\\/\\\/www.4h.se\\\/medlemshandbok\\\/\",\"name\":\"Sveriges 4H - medlemshandbok\",\"description\":\"\",\"potentialAction\":[{\"@type\":\"SearchAction\",\"target\":{\"@type\":\"EntryPoint\",\"urlTemplate\":\"https:\\\/\\\/www.4h.se\\\/medlemshandbok\\\/?s={search_term_string}\"},\"query-input\":{\"@type\":\"PropertyValueSpecification\",\"valueRequired\":true,\"valueName\":\"search_term_string\"}}],\"inLanguage\":\"sv-SE\"}]}<\/script>\n<!-- \/ Yoast SEO plugin. -->","yoast_head_json":{"title":"Fakturahantering och pengafl\u00f6den - Sveriges 4H - medlemshandbok","robots":{"index":"index","follow":"follow","max-snippet":"max-snippet:-1","max-image-preview":"max-image-preview:large","max-video-preview":"max-video-preview:-1"},"canonical":"https:\/\/www.4h.se\/medlemshandbok\/fakturahantering-och-pengafloden\/","og_locale":"sv_SE","og_type":"article","og_title":"Fakturahantering och pengafl\u00f6den - Sveriges 4H - medlemshandbok","og_description":"[vc_row][vc_column][vc_column_text] Fakturahantering och pengafl\u00f6den [\/vc_column_text][\/vc_column][\/vc_row][vc_row][vc_column][vc_column_text]&nbsp; Kontrollera om medlemsavgifter kommer till klubbens konto ist\u00e4llet f\u00f6r riksf\u00f6rbundet Kass\u00f6ren och administrat\u00f6ren f\u00f6r medlemssystemet beh\u00f6ver samarbeta f\u00f6r att h\u00e5lla koll p\u00e5 om medlemsavgiftsinbetalningar kommer till klubbens konto ist\u00e4llet f\u00f6r till Riksf\u00f6rbundet. Om en person betalar medlemsavgift till klubben beh\u00f6ver den personen sj\u00e4lv eller n\u00e5gon i klubben registrera den som&nbsp; &hellip; Read more","og_url":"https:\/\/www.4h.se\/medlemshandbok\/fakturahantering-och-pengafloden\/","og_site_name":"Sveriges 4H - medlemshandbok","article_modified_time":"2022-06-01T08:02:31+00:00","twitter_card":"summary_large_image","twitter_misc":{"Ber\u00e4knad l\u00e4stid":"3 minuter"},"schema":{"@context":"https:\/\/schema.org","@graph":[{"@type":"WebPage","@id":"https:\/\/www.4h.se\/medlemshandbok\/fakturahantering-och-pengafloden\/","url":"https:\/\/www.4h.se\/medlemshandbok\/fakturahantering-och-pengafloden\/","name":"Fakturahantering och pengafl\u00f6den - Sveriges 4H - medlemshandbok","isPartOf":{"@id":"https:\/\/www.4h.se\/medlemshandbok\/#website"},"datePublished":"2019-04-15T16:27:51+00:00","dateModified":"2022-06-01T08:02:31+00:00","breadcrumb":{"@id":"https:\/\/www.4h.se\/medlemshandbok\/fakturahantering-och-pengafloden\/#breadcrumb"},"inLanguage":"sv-SE","potentialAction":[{"@type":"ReadAction","target":["https:\/\/www.4h.se\/medlemshandbok\/fakturahantering-och-pengafloden\/"]}]},{"@type":"BreadcrumbList","@id":"https:\/\/www.4h.se\/medlemshandbok\/fakturahantering-och-pengafloden\/#breadcrumb","itemListElement":[{"@type":"ListItem","position":1,"name":"Hem","item":"https:\/\/www.4h.se\/medlemshandbok\/"},{"@type":"ListItem","position":2,"name":"Fakturahantering och pengafl\u00f6den"}]},{"@type":"WebSite","@id":"https:\/\/www.4h.se\/medlemshandbok\/#website","url":"https:\/\/www.4h.se\/medlemshandbok\/","name":"Sveriges 4H - medlemshandbok","description":"","potentialAction":[{"@type":"SearchAction","target":{"@type":"EntryPoint","urlTemplate":"https:\/\/www.4h.se\/medlemshandbok\/?s={search_term_string}"},"query-input":{"@type":"PropertyValueSpecification","valueRequired":true,"valueName":"search_term_string"}}],"inLanguage":"sv-SE"}]}},"_links":{"self":[{"href":"https:\/\/www.4h.se\/medlemshandbok\/wp-json\/wp\/v2\/pages\/475","targetHints":{"allow":["GET"]}}],"collection":[{"href":"https:\/\/www.4h.se\/medlemshandbok\/wp-json\/wp\/v2\/pages"}],"about":[{"href":"https:\/\/www.4h.se\/medlemshandbok\/wp-json\/wp\/v2\/types\/page"}],"author":[{"embeddable":true,"href":"https:\/\/www.4h.se\/medlemshandbok\/wp-json\/wp\/v2\/users\/165"}],"replies":[{"embeddable":true,"href":"https:\/\/www.4h.se\/medlemshandbok\/wp-json\/wp\/v2\/comments?post=475"}],"version-history":[{"count":0,"href":"https:\/\/www.4h.se\/medlemshandbok\/wp-json\/wp\/v2\/pages\/475\/revisions"}],"wp:attachment":[{"href":"https:\/\/www.4h.se\/medlemshandbok\/wp-json\/wp\/v2\/media?parent=475"}],"curies":[{"name":"wp","href":"https:\/\/api.w.org\/{rel}","templated":true}]}}