



{"id":450,"date":"2019-04-15T16:52:14","date_gmt":"2019-04-15T14:52:14","guid":{"rendered":"http:\/\/www.4h.se\/medlemshandbok\/?page_id=450"},"modified":"2022-05-18T13:16:15","modified_gmt":"2022-05-18T11:16:15","slug":"digitala-verktyg-och-it-support","status":"publish","type":"page","link":"https:\/\/www.4h.se\/medlemshandbok\/digitala-verktyg-och-it-support\/","title":{"rendered":"Digitala verktyg och IT-support"},"content":{"rendered":"<div class=\"wpb-content-wrapper\"><p>[vc_row][vc_column][vc_column_text]<\/p>\n<h1>Digitala verktyg och IT-support<\/h1>\n<p>Vi kan g\u00f6ra att v\u00e5rt arbete l\u00e4ttare och smidigare genom att anv\u00e4nda olika digitala verktyg. H\u00e4r ger vi tips om n\u00e5gra verktyg som vi tycker \u00e4r bra. De \u00e4r exempelvis webbaserade, appar och oftast gratis att anv\u00e4nda. Har du n\u00e5gra bra tips som borde vara med h\u00e4r? Mejla info@4h.se.<\/p>\n<p>&nbsp;<\/p>\n<div>\n<div>\n<div>\n<div>\n<h3>IT support<\/h3>\n<\/div>\n<\/div>\n<\/div>\n<\/div>\n<div>Vi har en duktig IT-grupp som arbetar fr\u00e4mst med medlemssystemet och 4H:s hemsidor. Gruppen best\u00e5r av ideella medlemmar och det hj\u00e4lper till med vad de kan utifr\u00e5n sina f\u00f6ruts\u00e4ttningar. Fr\u00e5gor kan mejlas till info@4h.se.<\/div>\n<p>[\/vc_column_text][\/vc_column][\/vc_row][vc_row][vc_column width=&#8221;2\/3&#8243;][vc_column_text]<\/p>\n<h3>Techsoup<\/h3>\n<div>\n<div>\n<div>\n<div>\n<div>\n<div>\n<p id=\"h.p_pKhgLrvoiBWw\"><a href=\"https:\/\/www.google.com\/url?q=https%3A%2F%2Fwww.techsoup.se%2F&amp;sa=D&amp;sntz=1&amp;usg=AFQjCNF6m5-3GO8uZs6sx9eOgeQvjQoOlg\" target=\"_blank\">TechSoup<\/a>\u00a0\u00e4r en organisation som ger den ideella sektorn tillg\u00e5ng till digitala plattformar, ofta till kraftigt rabatterade priser.<\/p>\n<p id=\"h.p_kiWUrct1iVcM\">H\u00e4r kan du registrera din organisation och f\u00e5 tillg\u00e5ng till stora rabatter p\u00e5 exempelvis Adobe Creative Cloud, som inneh\u00e5ller program som exempelvis InDesign, photoshop, illustrator och liknande som beh\u00f6vs f\u00f6r att ta fram grafiskt material.<\/p>\n<p>&nbsp;<\/p>\n<h3>Microsoft \u2013 Office 365<\/h3>\n<\/div>\n<\/div>\n<\/div>\n<\/div>\n<\/div>\n<\/div>\n<div>\n<div>\n<div>\n<p id=\"h.p_HDQGXych7uNP\">Sveriges 4H arbetar i Microsofts onlinebaserade program Office 365.F\u00f6ljande funktioner finns tillg\u00e4ngliga:<\/p>\n<ul>\n<li id=\"h.p_R03M34aB7uNR\">Mejl \u2013 Outlook. Alla l\u00e4n och klubbar har r\u00e4tt att f\u00e5 en organisationsmejl gratis genom att mejla info@4h.se<\/li>\n<li id=\"h.p_-vww8u3w7uNR\">Teams \u2013 en delad arbetsyta d\u00e4r ni kan chatta, tr\u00e4ffas, dela filer och arbeta<\/li>\n<li>Onedrive \u2013 dela, f\u00e5 \u00e5tkomst till och samarbeta i alla filer, var du \u00e4n \u00e4r<\/li>\n<li>Officepaketet, presentationsverktyg och formul\u00e4r i onlineversion<\/li>\n<li id=\"h.p_iIE3D8h97uNS\">Kalendrar<\/li>\n<\/ul>\n<p>F\u00f6r att ha tillg\u00e5ng till detta beh\u00f6ver ni en 4h.se-mejl. Vi hoppas kunna utveckla arbetet med Office 365 fram\u00f6ver och jobbar p\u00e5 att m\u00f6jligg\u00f6ra att det kan anv\u00e4ndas bredare i 4H i framtiden.<\/p>\n<p>&nbsp;<\/p>\n<h3>Fortnox \u2013 Bokf\u00f6ringsprogram<\/h3>\n<\/div>\n<\/div>\n<\/div>\n<div>\n<div>\n<p>Vi rekommenderar att ni anv\u00e4nder ett webbaserat bokf\u00f6ringsprogram. Vi rekommenderar att ni anv\u00e4nder Fortnox som f\u00f6r ideella f\u00f6reningar\u00a0som inte kostar s\u00e5 mycket och har en bra kundsupport. En bra funktion \u00e4r att fakturor kan mejlas direkt till programmet och du kan l\u00e4tt se underlaget f\u00f6r fakturan utan att beh\u00f6va bl\u00e4ddra i en p\u00e4rm.<\/p>\n<p>Fortnox \u00e4r enkelt att anv\u00e4nda och har bra instruktioner och kundsupport. D\u00e4rf\u00f6r passar det extra bra \u00e4ven f\u00f6r oss som inte \u00e4r utbildade inom ekonomihantering d\u00e5 det \u00e4r enkelt att anv\u00e4nda och har bra instruktioner och kundsupport. Allt fler f\u00f6reningar i 4H byter till Fortnox. Om vi \u00e4r m\u00e5nga som anv\u00e4nder samma program kan vi enklare hj\u00e4lpa varandra om vi st\u00f6ter p\u00e5 sv\u00e5righeter, vilket vi tycker \u00e4r positivt.<\/p>\n<p>&nbsp;<\/p>\n<h3>Phonto och Vont<\/h3>\n<\/div>\n<\/div>\n<div>\n<div>\n<p id=\"h.p_CZ8Lz6iC-C14\">Vill du enkelt och gratis kunna l\u00e4gga text p\u00e5 bilder och filmer? D\u00e5 \u00e4r apparna\u00a0<a href=\"http:\/\/www.google.com\/url?q=http%3A%2F%2Fwww.phon.to%2F&amp;sa=D&amp;sntz=1&amp;usg=AFQjCNFdJK_PLJwk61L5kKfZA5VGqHofSg\" target=\"_blank\">Phonto<\/a>och\u00a0<a href=\"http:\/\/www.google.com\/url?q=http%3A%2F%2Fwww.phon.to%2Fvont&amp;sa=D&amp;sntz=1&amp;usg=AFQjCNGaG2fY4CPPohKtv5RH1dXIvvZSAQ\" target=\"_blank\">Vont<\/a>\u00a0perfekta. De \u00e4r gratis och Phonto finns b\u00e5de f\u00f6r android och iphone medan Vont enbart verkar finnas f\u00f6r iphone. Du kan enkelt g\u00f6ra allt direkt i din mobil n\u00e4r du \u00e4r p\u00e5 spr\u00e5ng. Ta en bild eller spela in en film, ladda upp den i phonto\/vont och skapa en spridbild eller video direkt n\u00e4r du \u00e4r ute och g\u00f6r en aktivitet eller utan att l\u00e4gga en massa tid p\u00e5 det. Enkelt och snabbt.<\/p>\n<p>&nbsp;<\/p>\n<h3>Doodle<\/h3>\n<\/div>\n<\/div>\n<div>\n<div>\n<p id=\"h.p_zCU3mmwjc-Om\">Med doodle blir det enkelt att hitta ett gemensamt datum som passar s\u00e5 m\u00e5nga som m\u00f6jligt i gruppen. Du f\u00f6resl\u00e5r s\u00e5 m\u00e5nga alternativ du vill, bjuder in de du vill ska svara och sedan \u00e4r det enkelt att se n\u00e4r flest personer kan. Du kan:<\/p>\n<ul>\n<li id=\"h.p_Uo_aOpHQc-On\">F\u00f6resl\u00e5 datum och tider och enkelt hitta det som passar flest<\/li>\n<li id=\"h.p_4PfKwi2Ic-Oo\">Bjuda in via mejl eller l\u00e4nk<\/li>\n<\/ul>\n<p>&nbsp;<\/p>\n<h3>Sign up genius<\/h3>\n<\/div>\n<\/div>\n<div>\n<div>\n<p id=\"h.p_jBh56sr67Zvs\">Beh\u00f6ver du schemal\u00e4gga personer och funktion\u00e4rer f\u00f6r olika aktiviteter, Ist\u00e4llet f\u00f6r att mejla fram och tillbaka och f\u00f6rs\u00f6ka h\u00e5lla reda p\u00e5 detta i excel kan du anv\u00e4nda SignUpGenius som g\u00f6r det enklare och sparar tid.<\/p>\n<p id=\"h.p_ic5Cddnf7Zvt\">Funktioner:<\/p>\n<ul>\n<li id=\"h.p_fo0YRV_Y7Zvt\">Skapa ett event med flera olika tillf\u00e4llen och tider<\/li>\n<li id=\"h.p_aUkDbPeH7Zvu\">Ange olika typer av roller och hur m\u00e5nga personer du beh\u00f6ver till varje roll vid de olika tillf\u00e4llena.<\/li>\n<li id=\"h.p_C2MnevpU7Zvu\">Personer bokar sj\u00e4lva in sig p\u00e5 tider och roller som passar dom. De kan ocks\u00e5 \u00e4ndra detta i efterhand.<\/li>\n<\/ul>\n<p id=\"h.p_e6YY2BC37Zvv\">Har du olika roller \u00e4r det bra om du skriver vad de olika rollerna inneb\u00e4r i beskrivningen av eventet.<\/p>\n<p id=\"h.p_OxDARSiZ7Zvv\"><a href=\"https:\/\/www.youtube.com\/watch?v=W6UxV2JUOd4\" target=\"_blank\">H\u00e4r kan se du se en kort introduktion till SignUpGenius \u2192<\/a><\/p>\n<p id=\"h.p_2ZWi_2rS7Zvw\"><a href=\"https:\/\/www.google.com\/url?q=https%3A%2F%2Fwww.signupgenius.com%2F&amp;sa=D&amp;sntz=1&amp;usg=AFQjCNGrE7XFLZWIyzalG3zZcW-DfQKTMw\" target=\"_blank\">H\u00e4r kan du b\u00f6rja anv\u00e4nda SignUpGenius \u2192<\/a><\/p>\n<p>&nbsp;<\/p>\n<h3>Trello<\/h3>\n<\/div>\n<\/div>\n<div class=\"vc_row wpb_row vc_row-fluid\">\n<div>\n<p id=\"h.p_l4dn1SND7clo\">Hela id\u00e9n med Trello \u00e4r att planera, samarbeta och organisera. Du kan anv\u00e4nda den f\u00f6r att planera och f\u00e5 en \u00f6verblick \u00f6ver det du sj\u00e4lv ska g\u00f6ra. Men du kan ocks\u00e5 anv\u00e4nda den f\u00f6r ett projekt d\u00e4r m\u00e5nga personer \u00e4r inblandade och ni kan p\u00e5 ett enkelt s\u00e4tt arbeta tillsammans p\u00e5 ett st\u00e4lle. Den \u00e4r enkel att anv\u00e4nda men det finns \u00e4nd\u00e5 m\u00e5nga olika delar som g\u00f6r att den kan anv\u00e4ndas b\u00e5de f\u00f6r enkla och mer avancerade projekt.<\/p>\n<p id=\"h.p_FyBgiZnV7clp\">Du kan:<\/p>\n<ul>\n<li id=\"h.p_lJNOp7fI7clp\">g\u00f6ra flera listor med olika saker du ska g\u00f6ra inom ett projekt.<\/li>\n<li id=\"h.p_ElAmz1h77clq\">g\u00f6ra checklistor<\/li>\n<li id=\"h.p_XrL2IxT87clq\">ladda upp filer och l\u00e4nkar<\/li>\n<li id=\"h.p_UKXwtNg67clq\">kommentera och r\u00f6sta<\/li>\n<li id=\"h.p_Eux2rS7m7clr\">s\u00e4tta datum och deadlines.<\/li>\n<\/ul>\n<p id=\"h.p_dh6X3qus7clr\"><a href=\"https:\/\/www.youtube.com\/watch?v=aaDf1RqeLfo\" target=\"_blank\">H\u00e4r kan du se en kort introduktion till Trello \u2192<\/a><\/p>\n<p id=\"h.p_E8se9bAu7clr\"><a href=\"https:\/\/www.google.com\/url?q=https%3A%2F%2Ftrello.com%2F&amp;sa=D&amp;sntz=1&amp;usg=AFQjCNFowBvY1bflSJaRGrvzYn9fEgzeUg\" target=\"_blank\">H\u00e4r kan du b\u00f6rja anv\u00e4nda Trello \u2192<\/a><\/p>\n<\/div>\n<\/div>\n<p>[\/vc_column_text][\/vc_column][vc_column width=&#8221;1\/3&#8243;][vc_column_text]&nbsp;<\/p>\n<p><img loading=\"lazy\" decoding=\"async\" class=\"vc_single_image-img attachment-thumbnail\" src=\"https:\/\/www.4h.se\/wp-content\/uploads\/2019\/02\/Ska%CC%88rmavbild-2019-04-10-kl.-21.43.44-170x75.png\" alt=\"Techsoup\" width=\"170\" height=\"75\" \/><\/p>\n<p>&nbsp;<\/p>\n<p>&nbsp;<\/p>\n<p>&nbsp;<\/p>\n<p>&nbsp;<\/p>\n<p>&nbsp;<\/p>\n<p><img loading=\"lazy\" decoding=\"async\" class=\"vc_single_image-img attachment-thumbnail\" src=\"https:\/\/www.4h.se\/wp-content\/uploads\/2019\/02\/Ska%CC%88rmavbild-2019-04-10-kl.-21.41.18-170x129.png\" alt=\"Office 365\" width=\"170\" height=\"129\" \/><\/p>\n<p>&nbsp;<\/p>\n<p>&nbsp;<\/p>\n<p>&nbsp;<\/p>\n<p><img loading=\"lazy\" decoding=\"async\" class=\"vc_single_image-img attachment-thumbnail\" src=\"https:\/\/www.4h.se\/wp-content\/uploads\/2019\/02\/fortnox-logo-170x86.png\" alt=\"fortnox-logo\" width=\"170\" height=\"86\" \/><\/p>\n<p><img loading=\"lazy\" decoding=\"async\" class=\"vc_single_image-img attachment-thumbnail\" src=\"https:\/\/www.4h.se\/wp-content\/uploads\/2019\/02\/Fortnox-1-170x101.png\" alt=\"Fortnox 1\" width=\"170\" height=\"101\" \/><\/p>\n<p>&nbsp;<\/p>\n<p>&nbsp;<\/p>\n<p><img loading=\"lazy\" decoding=\"async\" class=\"vc_single_image-img attachment-thumbnail\" src=\"https:\/\/www.4h.se\/wp-content\/uploads\/2019\/02\/Ska%CC%88rmavbild-2019-04-10-kl.-21.44.32-170x77.png\" alt=\"Phonto och Vont\" width=\"170\" height=\"77\" \/><\/p>\n<p>&nbsp;<\/p>\n<p><img loading=\"lazy\" decoding=\"async\" class=\"vc_single_image-img attachment-thumbnail\" src=\"https:\/\/www.4h.se\/wp-content\/uploads\/2019\/02\/Ska%CC%88rmavbild-2019-04-10-kl.-21.45.19-170x127.png\" alt=\"Doodle\" width=\"170\" height=\"127\" \/><\/p>\n<p>&nbsp;<\/p>\n<p>&nbsp;<\/p>\n<p><img loading=\"lazy\" decoding=\"async\" class=\"vc_single_image-img attachment-thumbnail\" src=\"https:\/\/www.4h.se\/wp-content\/uploads\/2019\/02\/Ska%CC%88rmavbild-2019-04-10-kl.-21.46.43-170x135.png\" alt=\"Sign up genius 2\" width=\"170\" height=\"135\" \/><\/p>\n<p><img loading=\"lazy\" decoding=\"async\" class=\"vc_single_image-img attachment-thumbnail\" src=\"https:\/\/www.4h.se\/wp-content\/uploads\/2019\/02\/Ska%CC%88rmavbild-2019-04-10-kl.-21.47.31-170x135.png\" alt=\"Sign up genius 1\" width=\"170\" height=\"135\" \/><\/p>\n<p>&nbsp;<\/p>\n<p><img loading=\"lazy\" decoding=\"async\" class=\"vc_single_image-img attachment-thumbnail\" src=\"https:\/\/www.4h.se\/wp-content\/uploads\/2019\/02\/Ska%CC%88rmavbild-2019-04-10-kl.-21.49.23-170x85.png\" alt=\"Trello\" width=\"170\" height=\"85\" \/>[\/vc_column_text][\/vc_column][\/vc_row][vc_row][vc_column][\/vc_column][\/vc_row]<\/p>\n<\/div>","protected":false},"excerpt":{"rendered":"<p>[vc_row][vc_column][vc_column_text] Digitala verktyg och IT-support Vi kan g\u00f6ra att v\u00e5rt arbete l\u00e4ttare och smidigare genom att anv\u00e4nda olika digitala verktyg. H\u00e4r ger vi tips om n\u00e5gra verktyg som vi tycker \u00e4r bra. De \u00e4r exempelvis webbaserade, appar och oftast gratis att anv\u00e4nda. Har du n\u00e5gra bra tips som borde vara med h\u00e4r? Mejla info@4h.se. &nbsp;&nbsp; <a href=\"https:\/\/www.4h.se\/medlemshandbok\/digitala-verktyg-och-it-support\/\">&hellip; Read more <i class=\"glyphicon glyphicon-arrow-right\"><\/i><\/a><\/p>\n","protected":false},"author":165,"featured_media":0,"parent":0,"menu_order":0,"comment_status":"closed","ping_status":"closed","template":"","meta":{"footnotes":""},"class_list":["post-450","page","type-page","status-publish","hentry"],"yoast_head":"<!-- This site is optimized with the Yoast SEO plugin v27.4 - https:\/\/yoast.com\/product\/yoast-seo-wordpress\/ -->\n<title>Digitala verktyg och IT-support - Sveriges 4H - medlemshandbok<\/title>\n<meta name=\"robots\" content=\"index, follow, max-snippet:-1, max-image-preview:large, max-video-preview:-1\" \/>\n<link rel=\"canonical\" href=\"https:\/\/www.4h.se\/medlemshandbok\/digitala-verktyg-och-it-support\/\" \/>\n<meta property=\"og:locale\" content=\"sv_SE\" \/>\n<meta property=\"og:type\" content=\"article\" \/>\n<meta property=\"og:title\" content=\"Digitala verktyg och IT-support - Sveriges 4H - medlemshandbok\" \/>\n<meta property=\"og:description\" content=\"[vc_row][vc_column][vc_column_text] Digitala verktyg och IT-support Vi kan g\u00f6ra att v\u00e5rt arbete l\u00e4ttare och smidigare genom att anv\u00e4nda olika digitala verktyg. H\u00e4r ger vi tips om n\u00e5gra verktyg som vi tycker \u00e4r bra. De \u00e4r exempelvis webbaserade, appar och oftast gratis att anv\u00e4nda. Har du n\u00e5gra bra tips som borde vara med h\u00e4r? Mejla info@4h.se. &nbsp;&nbsp; &hellip; Read more\" \/>\n<meta property=\"og:url\" content=\"https:\/\/www.4h.se\/medlemshandbok\/digitala-verktyg-och-it-support\/\" \/>\n<meta property=\"og:site_name\" content=\"Sveriges 4H - medlemshandbok\" \/>\n<meta property=\"article:modified_time\" content=\"2022-05-18T11:16:15+00:00\" \/>\n<meta property=\"og:image\" content=\"https:\/\/www.4h.se\/wp-content\/uploads\/2019\/02\/Ska%CC%88rmavbild-2019-04-10-kl.-21.43.44-170x75.png\" \/>\n<meta name=\"twitter:card\" content=\"summary_large_image\" \/>\n<meta name=\"twitter:label1\" content=\"Ber\u00e4knad l\u00e4stid\" \/>\n\t<meta name=\"twitter:data1\" content=\"5 minuter\" \/>\n<script type=\"application\/ld+json\" class=\"yoast-schema-graph\">{\"@context\":\"https:\\\/\\\/schema.org\",\"@graph\":[{\"@type\":\"WebPage\",\"@id\":\"https:\\\/\\\/www.4h.se\\\/medlemshandbok\\\/digitala-verktyg-och-it-support\\\/\",\"url\":\"https:\\\/\\\/www.4h.se\\\/medlemshandbok\\\/digitala-verktyg-och-it-support\\\/\",\"name\":\"Digitala verktyg och IT-support - Sveriges 4H - medlemshandbok\",\"isPartOf\":{\"@id\":\"https:\\\/\\\/www.4h.se\\\/medlemshandbok\\\/#website\"},\"primaryImageOfPage\":{\"@id\":\"https:\\\/\\\/www.4h.se\\\/medlemshandbok\\\/digitala-verktyg-och-it-support\\\/#primaryimage\"},\"image\":{\"@id\":\"https:\\\/\\\/www.4h.se\\\/medlemshandbok\\\/digitala-verktyg-och-it-support\\\/#primaryimage\"},\"thumbnailUrl\":\"https:\\\/\\\/www.4h.se\\\/wp-content\\\/uploads\\\/2019\\\/02\\\/Ska%CC%88rmavbild-2019-04-10-kl.-21.43.44-170x75.png\",\"datePublished\":\"2019-04-15T14:52:14+00:00\",\"dateModified\":\"2022-05-18T11:16:15+00:00\",\"breadcrumb\":{\"@id\":\"https:\\\/\\\/www.4h.se\\\/medlemshandbok\\\/digitala-verktyg-och-it-support\\\/#breadcrumb\"},\"inLanguage\":\"sv-SE\",\"potentialAction\":[{\"@type\":\"ReadAction\",\"target\":[\"https:\\\/\\\/www.4h.se\\\/medlemshandbok\\\/digitala-verktyg-och-it-support\\\/\"]}]},{\"@type\":\"ImageObject\",\"inLanguage\":\"sv-SE\",\"@id\":\"https:\\\/\\\/www.4h.se\\\/medlemshandbok\\\/digitala-verktyg-och-it-support\\\/#primaryimage\",\"url\":\"https:\\\/\\\/www.4h.se\\\/wp-content\\\/uploads\\\/2019\\\/02\\\/Ska%CC%88rmavbild-2019-04-10-kl.-21.43.44-170x75.png\",\"contentUrl\":\"https:\\\/\\\/www.4h.se\\\/wp-content\\\/uploads\\\/2019\\\/02\\\/Ska%CC%88rmavbild-2019-04-10-kl.-21.43.44-170x75.png\"},{\"@type\":\"BreadcrumbList\",\"@id\":\"https:\\\/\\\/www.4h.se\\\/medlemshandbok\\\/digitala-verktyg-och-it-support\\\/#breadcrumb\",\"itemListElement\":[{\"@type\":\"ListItem\",\"position\":1,\"name\":\"Hem\",\"item\":\"https:\\\/\\\/www.4h.se\\\/medlemshandbok\\\/\"},{\"@type\":\"ListItem\",\"position\":2,\"name\":\"Digitala verktyg och IT-support\"}]},{\"@type\":\"WebSite\",\"@id\":\"https:\\\/\\\/www.4h.se\\\/medlemshandbok\\\/#website\",\"url\":\"https:\\\/\\\/www.4h.se\\\/medlemshandbok\\\/\",\"name\":\"Sveriges 4H - medlemshandbok\",\"description\":\"\",\"potentialAction\":[{\"@type\":\"SearchAction\",\"target\":{\"@type\":\"EntryPoint\",\"urlTemplate\":\"https:\\\/\\\/www.4h.se\\\/medlemshandbok\\\/?s={search_term_string}\"},\"query-input\":{\"@type\":\"PropertyValueSpecification\",\"valueRequired\":true,\"valueName\":\"search_term_string\"}}],\"inLanguage\":\"sv-SE\"}]}<\/script>\n<!-- \/ Yoast SEO plugin. -->","yoast_head_json":{"title":"Digitala verktyg och IT-support - Sveriges 4H - medlemshandbok","robots":{"index":"index","follow":"follow","max-snippet":"max-snippet:-1","max-image-preview":"max-image-preview:large","max-video-preview":"max-video-preview:-1"},"canonical":"https:\/\/www.4h.se\/medlemshandbok\/digitala-verktyg-och-it-support\/","og_locale":"sv_SE","og_type":"article","og_title":"Digitala verktyg och IT-support - Sveriges 4H - medlemshandbok","og_description":"[vc_row][vc_column][vc_column_text] Digitala verktyg och IT-support Vi kan g\u00f6ra att v\u00e5rt arbete l\u00e4ttare och smidigare genom att anv\u00e4nda olika digitala verktyg. H\u00e4r ger vi tips om n\u00e5gra verktyg som vi tycker \u00e4r bra. De \u00e4r exempelvis webbaserade, appar och oftast gratis att anv\u00e4nda. Har du n\u00e5gra bra tips som borde vara med h\u00e4r? Mejla info@4h.se. &nbsp;&nbsp; &hellip; Read more","og_url":"https:\/\/www.4h.se\/medlemshandbok\/digitala-verktyg-och-it-support\/","og_site_name":"Sveriges 4H - medlemshandbok","article_modified_time":"2022-05-18T11:16:15+00:00","og_image":[{"url":"https:\/\/www.4h.se\/wp-content\/uploads\/2019\/02\/Ska%CC%88rmavbild-2019-04-10-kl.-21.43.44-170x75.png","type":"","width":"","height":""}],"twitter_card":"summary_large_image","twitter_misc":{"Ber\u00e4knad l\u00e4stid":"5 minuter"},"schema":{"@context":"https:\/\/schema.org","@graph":[{"@type":"WebPage","@id":"https:\/\/www.4h.se\/medlemshandbok\/digitala-verktyg-och-it-support\/","url":"https:\/\/www.4h.se\/medlemshandbok\/digitala-verktyg-och-it-support\/","name":"Digitala verktyg och IT-support - Sveriges 4H - medlemshandbok","isPartOf":{"@id":"https:\/\/www.4h.se\/medlemshandbok\/#website"},"primaryImageOfPage":{"@id":"https:\/\/www.4h.se\/medlemshandbok\/digitala-verktyg-och-it-support\/#primaryimage"},"image":{"@id":"https:\/\/www.4h.se\/medlemshandbok\/digitala-verktyg-och-it-support\/#primaryimage"},"thumbnailUrl":"https:\/\/www.4h.se\/wp-content\/uploads\/2019\/02\/Ska%CC%88rmavbild-2019-04-10-kl.-21.43.44-170x75.png","datePublished":"2019-04-15T14:52:14+00:00","dateModified":"2022-05-18T11:16:15+00:00","breadcrumb":{"@id":"https:\/\/www.4h.se\/medlemshandbok\/digitala-verktyg-och-it-support\/#breadcrumb"},"inLanguage":"sv-SE","potentialAction":[{"@type":"ReadAction","target":["https:\/\/www.4h.se\/medlemshandbok\/digitala-verktyg-och-it-support\/"]}]},{"@type":"ImageObject","inLanguage":"sv-SE","@id":"https:\/\/www.4h.se\/medlemshandbok\/digitala-verktyg-och-it-support\/#primaryimage","url":"https:\/\/www.4h.se\/wp-content\/uploads\/2019\/02\/Ska%CC%88rmavbild-2019-04-10-kl.-21.43.44-170x75.png","contentUrl":"https:\/\/www.4h.se\/wp-content\/uploads\/2019\/02\/Ska%CC%88rmavbild-2019-04-10-kl.-21.43.44-170x75.png"},{"@type":"BreadcrumbList","@id":"https:\/\/www.4h.se\/medlemshandbok\/digitala-verktyg-och-it-support\/#breadcrumb","itemListElement":[{"@type":"ListItem","position":1,"name":"Hem","item":"https:\/\/www.4h.se\/medlemshandbok\/"},{"@type":"ListItem","position":2,"name":"Digitala verktyg och IT-support"}]},{"@type":"WebSite","@id":"https:\/\/www.4h.se\/medlemshandbok\/#website","url":"https:\/\/www.4h.se\/medlemshandbok\/","name":"Sveriges 4H - medlemshandbok","description":"","potentialAction":[{"@type":"SearchAction","target":{"@type":"EntryPoint","urlTemplate":"https:\/\/www.4h.se\/medlemshandbok\/?s={search_term_string}"},"query-input":{"@type":"PropertyValueSpecification","valueRequired":true,"valueName":"search_term_string"}}],"inLanguage":"sv-SE"}]}},"_links":{"self":[{"href":"https:\/\/www.4h.se\/medlemshandbok\/wp-json\/wp\/v2\/pages\/450","targetHints":{"allow":["GET"]}}],"collection":[{"href":"https:\/\/www.4h.se\/medlemshandbok\/wp-json\/wp\/v2\/pages"}],"about":[{"href":"https:\/\/www.4h.se\/medlemshandbok\/wp-json\/wp\/v2\/types\/page"}],"author":[{"embeddable":true,"href":"https:\/\/www.4h.se\/medlemshandbok\/wp-json\/wp\/v2\/users\/165"}],"replies":[{"embeddable":true,"href":"https:\/\/www.4h.se\/medlemshandbok\/wp-json\/wp\/v2\/comments?post=450"}],"version-history":[{"count":0,"href":"https:\/\/www.4h.se\/medlemshandbok\/wp-json\/wp\/v2\/pages\/450\/revisions"}],"wp:attachment":[{"href":"https:\/\/www.4h.se\/medlemshandbok\/wp-json\/wp\/v2\/media?parent=450"}],"curies":[{"name":"wp","href":"https:\/\/api.w.org\/{rel}","templated":true}]}}