



{"id":435,"date":"2019-04-15T16:43:17","date_gmt":"2019-04-15T14:43:17","guid":{"rendered":"http:\/\/www.4h.se\/medlemshandbok\/?page_id=435"},"modified":"2023-02-01T15:06:58","modified_gmt":"2023-02-01T14:06:58","slug":"arsrutiner-for-riksforbundet","status":"publish","type":"page","link":"https:\/\/www.4h.se\/medlemshandbok\/arsrutiner-for-riksforbundet\/","title":{"rendered":"\u00c5rsrutiner f\u00f6r riksf\u00f6rbundet"},"content":{"rendered":"<div class=\"wpb-content-wrapper\"><p>[vc_row][vc_column][vc_column_text]<\/p>\n<h3><b>\u00c5rsrutiner f\u00f6<\/b><b>r riksf\u00f6rbundet<\/b><\/h3>\n<p><strong>Riksf\u00f6rbundet best\u00e5r av en riksf\u00f6rbundsstyrelse som v\u00e4ljs p\u00e5 riksf\u00f6rbundsst\u00e4mman och som ska jobba efter medlemmarnas beslut p\u00e5 st\u00e4mman. Riksf\u00f6rbundet best\u00e5r ocks\u00e5 av anst\u00e4lld personal som st\u00f6ttar upp och utvecklar verksamheten.<\/strong><\/p>\n<p>&nbsp;<\/p>\n<h4><strong>1.\u00a0Nationella konferensen<\/strong><\/h4>\n<p>Varje \u00e5r arrangeras nationella konferensen sista helgen i januari p\u00e5 Valla Folkh\u00f6gskola i Link\u00f6ping. Det \u00e4r ett utbildningstillf\u00e4lle f\u00f6r ideella inom 4H, men \u00e4ven anst\u00e4llda \u00e4r v\u00e4lkomna.\u00a0 Ofta brukar deltagarna f\u00e5 v\u00e4lja mellan olika inriktningar p\u00e5 l\u00f6rdagen och utbilda sig inom omr\u00e5den som de sj\u00e4lva valt. P\u00e5 kv\u00e4llen h\u00e5lls kl\u00f6vergalan med middag och prisutdelning. P\u00e5 s\u00f6ndagen h\u00e5lls n\u00e5got som kallas diskussionstorg d\u00e4r olika \u00e4mnen diskuteras. Det kan till exempel vara en diskussion om kommande verksamhetsplan f\u00f6r Sveriges 4H.<\/p>\n<p>&nbsp;<\/p>\n<h4><strong>2.\u00a0Riksf\u00f6rbundsst\u00e4mma<\/strong><\/h4>\n<p>St\u00e4mman arrangeras i samband med riksl\u00e4gret. D\u00e5 f\u00e5r ombud fr\u00e5n de olika l\u00e4nsf\u00f6rbunden vara med och p\u00e5verka 4Hs riktning. Klubbar, kretsar och l\u00e4n kan ocks\u00e5 skicka motioner (f\u00f6rslag) till st\u00e4mman som tas upp och diskuteras p\u00e5 plats.<\/p>\n<p>Riksf\u00f6rbundsst\u00e4mman \u00e4r 4Hs h\u00f6gst beslutande organ och avg\u00f6r hur riksf\u00f6rbundsstyrelsen ska jobba n\u00e4stkommande period.<\/p>\n<p>&nbsp;<\/p>\n<h4><strong>3.\u00a0Riksl\u00e4ger<\/strong><\/h4>\n<p>Sveriges 4Hs riksl\u00e4ger \u00e4r ett \u00e5rligt \u00e5terkommande l\u00e4ger\u00a0f\u00f6r alla medlemmar i hela Sveriges 4H \u00f6ver 14 \u00e5r. Riksl\u00e4gret arrangeras av olika l\u00e4nsf\u00f6rbund inom 4H varje \u00e5r.\u00a0\u00a0Riksl\u00e4gret \u00e4r ett l\u00e4ger f\u00f6r alla och utlovar en h\u00e4rlig vecka fylld med s\u00e5v\u00e4l skratt, \u00e4ventyr, lekar och t\u00e4vlingar som avslappning, umg\u00e4nge och mys runt l\u00e4gerelden.[\/vc_column_text][\/vc_column][\/vc_row]<\/p>\n<\/div>","protected":false},"excerpt":{"rendered":"<p>[vc_row][vc_column][vc_column_text] \u00c5rsrutiner f\u00f6r riksf\u00f6rbundet Riksf\u00f6rbundet best\u00e5r av en riksf\u00f6rbundsstyrelse som v\u00e4ljs p\u00e5 riksf\u00f6rbundsst\u00e4mman och som ska jobba efter medlemmarnas beslut p\u00e5 st\u00e4mman. Riksf\u00f6rbundet best\u00e5r ocks\u00e5 av anst\u00e4lld personal som st\u00f6ttar upp och utvecklar verksamheten. &nbsp; 1.\u00a0Nationella konferensen Varje \u00e5r arrangeras nationella konferensen sista helgen i januari p\u00e5 Valla Folkh\u00f6gskola i Link\u00f6ping. Det \u00e4r ett utbildningstillf\u00e4lle&nbsp; <a href=\"https:\/\/www.4h.se\/medlemshandbok\/arsrutiner-for-riksforbundet\/\">&hellip; Read more <i class=\"glyphicon glyphicon-arrow-right\"><\/i><\/a><\/p>\n","protected":false},"author":165,"featured_media":0,"parent":0,"menu_order":0,"comment_status":"closed","ping_status":"closed","template":"","meta":{"_acf_changed":false,"footnotes":""},"class_list":["post-435","page","type-page","status-publish","hentry"],"acf":[],"yoast_head":"<!-- This site is optimized with the Yoast SEO plugin v27.5 - https:\/\/yoast.com\/product\/yoast-seo-wordpress\/ -->\n<title>\u00c5rsrutiner f\u00f6r riksf\u00f6rbundet - Sveriges 4H - medlemshandbok<\/title>\n<meta name=\"robots\" content=\"index, follow, max-snippet:-1, max-image-preview:large, max-video-preview:-1\" \/>\n<link rel=\"canonical\" href=\"https:\/\/www.4h.se\/medlemshandbok\/arsrutiner-for-riksforbundet\/\" \/>\n<meta property=\"og:locale\" content=\"sv_SE\" \/>\n<meta property=\"og:type\" content=\"article\" \/>\n<meta property=\"og:title\" content=\"\u00c5rsrutiner f\u00f6r riksf\u00f6rbundet - Sveriges 4H - medlemshandbok\" \/>\n<meta property=\"og:description\" content=\"[vc_row][vc_column][vc_column_text] \u00c5rsrutiner f\u00f6r riksf\u00f6rbundet Riksf\u00f6rbundet best\u00e5r av en riksf\u00f6rbundsstyrelse som v\u00e4ljs p\u00e5 riksf\u00f6rbundsst\u00e4mman och som ska jobba efter medlemmarnas beslut p\u00e5 st\u00e4mman. Riksf\u00f6rbundet best\u00e5r ocks\u00e5 av anst\u00e4lld personal som st\u00f6ttar upp och utvecklar verksamheten. &nbsp; 1.\u00a0Nationella konferensen Varje \u00e5r arrangeras nationella konferensen sista helgen i januari p\u00e5 Valla Folkh\u00f6gskola i Link\u00f6ping. Det \u00e4r ett utbildningstillf\u00e4lle&nbsp; &hellip; Read more\" \/>\n<meta property=\"og:url\" content=\"https:\/\/www.4h.se\/medlemshandbok\/arsrutiner-for-riksforbundet\/\" \/>\n<meta property=\"og:site_name\" content=\"Sveriges 4H - medlemshandbok\" \/>\n<meta property=\"article:modified_time\" content=\"2023-02-01T14:06:58+00:00\" \/>\n<meta name=\"twitter:card\" content=\"summary_large_image\" \/>\n<meta name=\"twitter:label1\" content=\"Ber\u00e4knad l\u00e4stid\" \/>\n\t<meta name=\"twitter:data1\" content=\"2 minuter\" \/>\n<script type=\"application\/ld+json\" class=\"yoast-schema-graph\">{\"@context\":\"https:\\\/\\\/schema.org\",\"@graph\":[{\"@type\":\"WebPage\",\"@id\":\"https:\\\/\\\/www.4h.se\\\/medlemshandbok\\\/arsrutiner-for-riksforbundet\\\/\",\"url\":\"https:\\\/\\\/www.4h.se\\\/medlemshandbok\\\/arsrutiner-for-riksforbundet\\\/\",\"name\":\"\u00c5rsrutiner f\u00f6r riksf\u00f6rbundet - Sveriges 4H - medlemshandbok\",\"isPartOf\":{\"@id\":\"https:\\\/\\\/www.4h.se\\\/medlemshandbok\\\/#website\"},\"datePublished\":\"2019-04-15T14:43:17+00:00\",\"dateModified\":\"2023-02-01T14:06:58+00:00\",\"breadcrumb\":{\"@id\":\"https:\\\/\\\/www.4h.se\\\/medlemshandbok\\\/arsrutiner-for-riksforbundet\\\/#breadcrumb\"},\"inLanguage\":\"sv-SE\",\"potentialAction\":[{\"@type\":\"ReadAction\",\"target\":[\"https:\\\/\\\/www.4h.se\\\/medlemshandbok\\\/arsrutiner-for-riksforbundet\\\/\"]}]},{\"@type\":\"BreadcrumbList\",\"@id\":\"https:\\\/\\\/www.4h.se\\\/medlemshandbok\\\/arsrutiner-for-riksforbundet\\\/#breadcrumb\",\"itemListElement\":[{\"@type\":\"ListItem\",\"position\":1,\"name\":\"Hem\",\"item\":\"https:\\\/\\\/www.4h.se\\\/medlemshandbok\\\/\"},{\"@type\":\"ListItem\",\"position\":2,\"name\":\"\u00c5rsrutiner f\u00f6r riksf\u00f6rbundet\"}]},{\"@type\":\"WebSite\",\"@id\":\"https:\\\/\\\/www.4h.se\\\/medlemshandbok\\\/#website\",\"url\":\"https:\\\/\\\/www.4h.se\\\/medlemshandbok\\\/\",\"name\":\"Sveriges 4H - medlemshandbok\",\"description\":\"\",\"potentialAction\":[{\"@type\":\"SearchAction\",\"target\":{\"@type\":\"EntryPoint\",\"urlTemplate\":\"https:\\\/\\\/www.4h.se\\\/medlemshandbok\\\/?s={search_term_string}\"},\"query-input\":{\"@type\":\"PropertyValueSpecification\",\"valueRequired\":true,\"valueName\":\"search_term_string\"}}],\"inLanguage\":\"sv-SE\"}]}<\/script>\n<!-- \/ Yoast SEO plugin. -->","yoast_head_json":{"title":"\u00c5rsrutiner f\u00f6r riksf\u00f6rbundet - Sveriges 4H - medlemshandbok","robots":{"index":"index","follow":"follow","max-snippet":"max-snippet:-1","max-image-preview":"max-image-preview:large","max-video-preview":"max-video-preview:-1"},"canonical":"https:\/\/www.4h.se\/medlemshandbok\/arsrutiner-for-riksforbundet\/","og_locale":"sv_SE","og_type":"article","og_title":"\u00c5rsrutiner f\u00f6r riksf\u00f6rbundet - Sveriges 4H - medlemshandbok","og_description":"[vc_row][vc_column][vc_column_text] \u00c5rsrutiner f\u00f6r riksf\u00f6rbundet Riksf\u00f6rbundet best\u00e5r av en riksf\u00f6rbundsstyrelse som v\u00e4ljs p\u00e5 riksf\u00f6rbundsst\u00e4mman och som ska jobba efter medlemmarnas beslut p\u00e5 st\u00e4mman. Riksf\u00f6rbundet best\u00e5r ocks\u00e5 av anst\u00e4lld personal som st\u00f6ttar upp och utvecklar verksamheten. &nbsp; 1.\u00a0Nationella konferensen Varje \u00e5r arrangeras nationella konferensen sista helgen i januari p\u00e5 Valla Folkh\u00f6gskola i Link\u00f6ping. Det \u00e4r ett utbildningstillf\u00e4lle&nbsp; &hellip; Read more","og_url":"https:\/\/www.4h.se\/medlemshandbok\/arsrutiner-for-riksforbundet\/","og_site_name":"Sveriges 4H - medlemshandbok","article_modified_time":"2023-02-01T14:06:58+00:00","twitter_card":"summary_large_image","twitter_misc":{"Ber\u00e4knad l\u00e4stid":"2 minuter"},"schema":{"@context":"https:\/\/schema.org","@graph":[{"@type":"WebPage","@id":"https:\/\/www.4h.se\/medlemshandbok\/arsrutiner-for-riksforbundet\/","url":"https:\/\/www.4h.se\/medlemshandbok\/arsrutiner-for-riksforbundet\/","name":"\u00c5rsrutiner f\u00f6r riksf\u00f6rbundet - Sveriges 4H - medlemshandbok","isPartOf":{"@id":"https:\/\/www.4h.se\/medlemshandbok\/#website"},"datePublished":"2019-04-15T14:43:17+00:00","dateModified":"2023-02-01T14:06:58+00:00","breadcrumb":{"@id":"https:\/\/www.4h.se\/medlemshandbok\/arsrutiner-for-riksforbundet\/#breadcrumb"},"inLanguage":"sv-SE","potentialAction":[{"@type":"ReadAction","target":["https:\/\/www.4h.se\/medlemshandbok\/arsrutiner-for-riksforbundet\/"]}]},{"@type":"BreadcrumbList","@id":"https:\/\/www.4h.se\/medlemshandbok\/arsrutiner-for-riksforbundet\/#breadcrumb","itemListElement":[{"@type":"ListItem","position":1,"name":"Hem","item":"https:\/\/www.4h.se\/medlemshandbok\/"},{"@type":"ListItem","position":2,"name":"\u00c5rsrutiner f\u00f6r riksf\u00f6rbundet"}]},{"@type":"WebSite","@id":"https:\/\/www.4h.se\/medlemshandbok\/#website","url":"https:\/\/www.4h.se\/medlemshandbok\/","name":"Sveriges 4H - medlemshandbok","description":"","potentialAction":[{"@type":"SearchAction","target":{"@type":"EntryPoint","urlTemplate":"https:\/\/www.4h.se\/medlemshandbok\/?s={search_term_string}"},"query-input":{"@type":"PropertyValueSpecification","valueRequired":true,"valueName":"search_term_string"}}],"inLanguage":"sv-SE"}]}},"_links":{"self":[{"href":"https:\/\/www.4h.se\/medlemshandbok\/wp-json\/wp\/v2\/pages\/435","targetHints":{"allow":["GET"]}}],"collection":[{"href":"https:\/\/www.4h.se\/medlemshandbok\/wp-json\/wp\/v2\/pages"}],"about":[{"href":"https:\/\/www.4h.se\/medlemshandbok\/wp-json\/wp\/v2\/types\/page"}],"author":[{"embeddable":true,"href":"https:\/\/www.4h.se\/medlemshandbok\/wp-json\/wp\/v2\/users\/165"}],"replies":[{"embeddable":true,"href":"https:\/\/www.4h.se\/medlemshandbok\/wp-json\/wp\/v2\/comments?post=435"}],"version-history":[{"count":0,"href":"https:\/\/www.4h.se\/medlemshandbok\/wp-json\/wp\/v2\/pages\/435\/revisions"}],"wp:attachment":[{"href":"https:\/\/www.4h.se\/medlemshandbok\/wp-json\/wp\/v2\/media?parent=435"}],"curies":[{"name":"wp","href":"https:\/\/api.w.org\/{rel}","templated":true}]}}