



{"id":39,"date":"2014-12-09T20:10:35","date_gmt":"2014-12-09T19:10:35","guid":{"rendered":"http:\/\/www.4h.se\/rix16\/?page_id=39"},"modified":"2023-04-28T10:23:22","modified_gmt":"2023-04-28T08:23:22","slug":"hem","status":"publish","type":"page","link":"https:\/\/www.4h.se\/medlemshandbok\/","title":{"rendered":"Startsida"},"content":{"rendered":"<div class=\"wpb-content-wrapper\"><p>[vc_row][vc_column][vc_column_text]<\/p>\n<h2><strong>V\u00e4lkommen till 4H:s medlemshandbok!<\/strong><\/h2>\n<p>[\/vc_column_text][vc_column_text]<\/p>\n<h3><strong>Den h\u00e4r sidan \u00e4r f\u00f6r dig som medlem, ledare, styrelse eller anst\u00e4lld inom 4H. <\/strong>H\u00e4r kan du hitta allt fr\u00e5n stadgar och metodmaterial till uppstartsprotokoll f\u00f6r ny 4H-klubb.<\/h3>\n<h3>Har du sv\u00e5rt att hitta p\u00e5 hemsidan? Maila info@4h.se<\/h3>\n<p>[\/vc_column_text][\/vc_column][\/vc_row][vc_row][vc_column][\/vc_column][\/vc_row]<\/p>\n<\/div>","protected":false},"excerpt":{"rendered":"<p>[vc_row][vc_column][vc_column_text] V\u00e4lkommen till 4H:s medlemshandbok! [\/vc_column_text][vc_column_text] Den h\u00e4r sidan \u00e4r f\u00f6r dig som medlem, ledare, styrelse eller anst\u00e4lld inom 4H. H\u00e4r kan du hitta allt fr\u00e5n stadgar och metodmaterial till uppstartsprotokoll f\u00f6r ny 4H-klubb. Har du sv\u00e5rt att hitta p\u00e5 hemsidan? Maila info@4h.se [\/vc_column_text][\/vc_column][\/vc_row][vc_row][vc_column][\/vc_column][\/vc_row]<\/p>\n","protected":false},"author":1,"featured_media":0,"parent":0,"menu_order":10,"comment_status":"closed","ping_status":"closed","template":"","meta":{"footnotes":""},"class_list":["post-39","page","type-page","status-publish","hentry"],"yoast_head":"<!-- This site is optimized with the Yoast SEO plugin v27.4 - https:\/\/yoast.com\/product\/yoast-seo-wordpress\/ -->\n<title>Startsida - Sveriges 4H - medlemshandbok<\/title>\n<meta name=\"robots\" content=\"index, follow, max-snippet:-1, max-image-preview:large, max-video-preview:-1\" \/>\n<link rel=\"canonical\" href=\"https:\/\/www.4h.se\/medlemshandbok\/\" \/>\n<meta property=\"og:locale\" content=\"sv_SE\" \/>\n<meta property=\"og:type\" content=\"article\" \/>\n<meta property=\"og:title\" content=\"Startsida - Sveriges 4H - medlemshandbok\" \/>\n<meta property=\"og:description\" content=\"[vc_row][vc_column][vc_column_text] V\u00e4lkommen till 4H:s medlemshandbok! [\/vc_column_text][vc_column_text] Den h\u00e4r sidan \u00e4r f\u00f6r dig som medlem, ledare, styrelse eller anst\u00e4lld inom 4H. H\u00e4r kan du hitta allt fr\u00e5n stadgar och metodmaterial till uppstartsprotokoll f\u00f6r ny 4H-klubb. Har du sv\u00e5rt att hitta p\u00e5 hemsidan? Maila info@4h.se [\/vc_column_text][\/vc_column][\/vc_row][vc_row][vc_column][\/vc_column][\/vc_row]\" \/>\n<meta property=\"og:url\" content=\"https:\/\/www.4h.se\/medlemshandbok\/\" \/>\n<meta property=\"og:site_name\" content=\"Sveriges 4H - medlemshandbok\" \/>\n<meta property=\"article:modified_time\" content=\"2023-04-28T08:23:22+00:00\" \/>\n<meta name=\"twitter:card\" content=\"summary_large_image\" \/>\n<script type=\"application\/ld+json\" class=\"yoast-schema-graph\">{\"@context\":\"https:\\\/\\\/schema.org\",\"@graph\":[{\"@type\":\"WebPage\",\"@id\":\"https:\\\/\\\/www.4h.se\\\/medlemshandbok\\\/\",\"url\":\"https:\\\/\\\/www.4h.se\\\/medlemshandbok\\\/\",\"name\":\"Startsida - Sveriges 4H - medlemshandbok\",\"isPartOf\":{\"@id\":\"https:\\\/\\\/www.4h.se\\\/medlemshandbok\\\/#website\"},\"datePublished\":\"2014-12-09T19:10:35+00:00\",\"dateModified\":\"2023-04-28T08:23:22+00:00\",\"breadcrumb\":{\"@id\":\"https:\\\/\\\/www.4h.se\\\/medlemshandbok\\\/#breadcrumb\"},\"inLanguage\":\"sv-SE\",\"potentialAction\":[{\"@type\":\"ReadAction\",\"target\":[\"https:\\\/\\\/www.4h.se\\\/medlemshandbok\\\/\"]}]},{\"@type\":\"BreadcrumbList\",\"@id\":\"https:\\\/\\\/www.4h.se\\\/medlemshandbok\\\/#breadcrumb\",\"itemListElement\":[{\"@type\":\"ListItem\",\"position\":1,\"name\":\"Hem\",\"item\":\"https:\\\/\\\/www.4h.se\\\/medlemshandbok\\\/\"},{\"@type\":\"ListItem\",\"position\":2,\"name\":\"Startsida\"}]},{\"@type\":\"WebSite\",\"@id\":\"https:\\\/\\\/www.4h.se\\\/medlemshandbok\\\/#website\",\"url\":\"https:\\\/\\\/www.4h.se\\\/medlemshandbok\\\/\",\"name\":\"Sveriges 4H - medlemshandbok\",\"description\":\"\",\"potentialAction\":[{\"@type\":\"SearchAction\",\"target\":{\"@type\":\"EntryPoint\",\"urlTemplate\":\"https:\\\/\\\/www.4h.se\\\/medlemshandbok\\\/?s={search_term_string}\"},\"query-input\":{\"@type\":\"PropertyValueSpecification\",\"valueRequired\":true,\"valueName\":\"search_term_string\"}}],\"inLanguage\":\"sv-SE\"}]}<\/script>\n<!-- \/ Yoast SEO plugin. -->","yoast_head_json":{"title":"Startsida - Sveriges 4H - medlemshandbok","robots":{"index":"index","follow":"follow","max-snippet":"max-snippet:-1","max-image-preview":"max-image-preview:large","max-video-preview":"max-video-preview:-1"},"canonical":"https:\/\/www.4h.se\/medlemshandbok\/","og_locale":"sv_SE","og_type":"article","og_title":"Startsida - Sveriges 4H - medlemshandbok","og_description":"[vc_row][vc_column][vc_column_text] V\u00e4lkommen till 4H:s medlemshandbok! [\/vc_column_text][vc_column_text] Den h\u00e4r sidan \u00e4r f\u00f6r dig som medlem, ledare, styrelse eller anst\u00e4lld inom 4H. H\u00e4r kan du hitta allt fr\u00e5n stadgar och metodmaterial till uppstartsprotokoll f\u00f6r ny 4H-klubb. Har du sv\u00e5rt att hitta p\u00e5 hemsidan? Maila info@4h.se [\/vc_column_text][\/vc_column][\/vc_row][vc_row][vc_column][\/vc_column][\/vc_row]","og_url":"https:\/\/www.4h.se\/medlemshandbok\/","og_site_name":"Sveriges 4H - medlemshandbok","article_modified_time":"2023-04-28T08:23:22+00:00","twitter_card":"summary_large_image","schema":{"@context":"https:\/\/schema.org","@graph":[{"@type":"WebPage","@id":"https:\/\/www.4h.se\/medlemshandbok\/","url":"https:\/\/www.4h.se\/medlemshandbok\/","name":"Startsida - Sveriges 4H - medlemshandbok","isPartOf":{"@id":"https:\/\/www.4h.se\/medlemshandbok\/#website"},"datePublished":"2014-12-09T19:10:35+00:00","dateModified":"2023-04-28T08:23:22+00:00","breadcrumb":{"@id":"https:\/\/www.4h.se\/medlemshandbok\/#breadcrumb"},"inLanguage":"sv-SE","potentialAction":[{"@type":"ReadAction","target":["https:\/\/www.4h.se\/medlemshandbok\/"]}]},{"@type":"BreadcrumbList","@id":"https:\/\/www.4h.se\/medlemshandbok\/#breadcrumb","itemListElement":[{"@type":"ListItem","position":1,"name":"Hem","item":"https:\/\/www.4h.se\/medlemshandbok\/"},{"@type":"ListItem","position":2,"name":"Startsida"}]},{"@type":"WebSite","@id":"https:\/\/www.4h.se\/medlemshandbok\/#website","url":"https:\/\/www.4h.se\/medlemshandbok\/","name":"Sveriges 4H - medlemshandbok","description":"","potentialAction":[{"@type":"SearchAction","target":{"@type":"EntryPoint","urlTemplate":"https:\/\/www.4h.se\/medlemshandbok\/?s={search_term_string}"},"query-input":{"@type":"PropertyValueSpecification","valueRequired":true,"valueName":"search_term_string"}}],"inLanguage":"sv-SE"}]}},"_links":{"self":[{"href":"https:\/\/www.4h.se\/medlemshandbok\/wp-json\/wp\/v2\/pages\/39","targetHints":{"allow":["GET"]}}],"collection":[{"href":"https:\/\/www.4h.se\/medlemshandbok\/wp-json\/wp\/v2\/pages"}],"about":[{"href":"https:\/\/www.4h.se\/medlemshandbok\/wp-json\/wp\/v2\/types\/page"}],"author":[{"embeddable":true,"href":"https:\/\/www.4h.se\/medlemshandbok\/wp-json\/wp\/v2\/users\/1"}],"replies":[{"embeddable":true,"href":"https:\/\/www.4h.se\/medlemshandbok\/wp-json\/wp\/v2\/comments?post=39"}],"version-history":[{"count":0,"href":"https:\/\/www.4h.se\/medlemshandbok\/wp-json\/wp\/v2\/pages\/39\/revisions"}],"wp:attachment":[{"href":"https:\/\/www.4h.se\/medlemshandbok\/wp-json\/wp\/v2\/media?parent=39"}],"curies":[{"name":"wp","href":"https:\/\/api.w.org\/{rel}","templated":true}]}}