



{"id":895,"date":"2025-05-11T15:05:30","date_gmt":"2025-05-11T13:05:30","guid":{"rendered":"https:\/\/www.4h.se\/kungshaga\/?page_id=895"},"modified":"2026-04-08T16:07:06","modified_gmt":"2026-04-08T14:07:06","slug":"sommarlager","status":"publish","type":"page","link":"https:\/\/www.4h.se\/kungshaga\/sommarlager\/","title":{"rendered":"Sommarl\u00e4ger"},"content":{"rendered":"<div class=\"wpb-content-wrapper\"><p>[vc_row][vc_column][vc_column_text css=&#8221;&#8221;]<\/p>\n<h1>Sommarl\u00e4ger<\/h1>\n<p>[\/vc_column_text][vc_column_text css=&#8221;&#8221;][\/vc_column_text][\/vc_column][\/vc_row][vc_row][vc_column width=&#8221;2\/3&#8243;][vc_column_text css=&#8221;&#8221;]<\/p>\n<div class=\"elementToProof\">V\u00e4lkommen p\u00e5 Sommarl\u00e4ger p\u00e5 Kungshaga 4H &#8211; Sommaren 2026!<\/div>\n<div class=\"elementToProof\"><\/div>\n<div class=\"elementToProof\">\u00c4r du redo f\u00f6r sommardagar fulla av djur, natur och gemenskap? D\u00e5 \u00e4r Kungshaga 4H:s sommarl\u00e4ger 2026 n\u00e5got f\u00f6r dig!<\/div>\n<div class=\"elementToProof\">I \u00e5r blir det extra sp\u00e4nnande \u2013 vi bjuder in till \u201dMysteriet p\u00e5 Kungshaga\u201d. Tillsammans l\u00f6ser vi kluriga uppdrag och g\u00e5tor, uppt\u00e4cker hemliga ledtr\u00e5dar och samarbetar f\u00f6r att kn\u00e4cka mysteriet. Perfekt f\u00f6r dig som gillar \u00e4ventyr, kreativitet och skratt. Sj\u00e4lvklart \u00e4r djuren med oss hela tiden.<\/div>\n<div class=\"elementToProof\">L\u00e4gret \u00e4r tre dagar fulla av djur, \u00e4ventyr och mysterier.<\/div>\n<div><\/div>\n<h4 class=\"elementToProof\"><strong>Dagsprogram<\/strong><\/h4>\n<div class=\"elementToProof\">\u2022\u2002\u2002\u2002\u2002\u2002Dag 1: Samling kl. 09.00 och avslutar kl. 17.00 \u2013 en dag fylld med roliga aktiviteter och nya v\u00e4nner.<\/div>\n<div class=\"elementToProof\">\u2022\u2002\u2002\u2002\u2002\u2002Dag 2: Kl. 09.00\u201322.00 \u2013 en extra l\u00e5ng dag med kv\u00e4lls\u00e4ventyr och mysterier som v\u00e4ntar i skymningen!<\/div>\n<div class=\"elementToProof\">\u2022\u2002\u2002\u2002\u2002\u2002Dag 3: Kl. 09.00\u201315.00 \u2013 Vi \u00e4ter frukost tillsammans och avslutning d\u00e4r f\u00f6r\u00e4ldrar \u00e4r v\u00e4lkomna.<\/div>\n<div><\/div>\n<div>\n<div class=\"elementToProof\">\n<div><\/div>\n<div>Kom och upplev dagar full av skratt, l\u00e4rande och \u00e4ventyr &#8211; vi l\u00e4ngtar efter att tr\u00e4ffa dig Kungshaga 4H!<\/div>\n<\/div>\n<p>&nbsp;<\/p><\/div>\n<h5><\/h5>\n<div class=\"elementToProof\"><\/div>\n<p>[\/vc_column_text][vc_single_image image=&#8221;918&#8243; img_size=&#8221;small&#8221; css=&#8221;&#8221;][vc_single_image image=&#8221;918&#8243; img_size=&#8221;1500&#215;500&#8243; alignment=&#8221;center&#8221; css=&#8221;&#8221;][\/vc_column][vc_column width=&#8221;1\/3&#8243;][vc_column_text css=&#8221;&#8221;]<\/p>\n<h4><strong>Datum 2026<\/strong><\/h4>\n<div class=\"elementToProof\">\u2022\u2002\u2002\u2002\u2002\u2002L\u00e4ger \u201dUppt\u00e4ckarna\u201d 15\u201317 juni<\/div>\n<div class=\"elementToProof\">\u2022\u2002\u2002\u2002\u2002\u2002L\u00e4ger \u201dS\u00f6karna\u201d 10\u201312 augusti<\/div>\n<div class=\"elementToProof\"><\/div>\n<div class=\"elementToProof\"><strong>Pris:<\/strong> 3590:-<\/div>\n<div>\n<div class=\"elementToProof\"><\/div>\n<div class=\"elementToProof\"><strong>Anm\u00e4lan:<\/strong> <a href=\"mailto:kungshaga@4h.se\">kungshaga@4h.se<\/a><\/div>\n<\/div>\n<div><\/div>\n<div class=\"elementToProof\"><strong>Anm\u00e4lningsavgift:<\/strong> 1000:- betalas vid anm\u00e4lan,<\/div>\n<div class=\"elementToProof\"><strong>Slutbetalning:<\/strong>&nbsp;14 dagar innan l\u00e4gerstart.<\/div>\n<div><strong>BG<\/strong>: 5302-0111 Kungshaga 4H<\/div>\n<div><\/div>\n<div class=\"elementToProof\"><strong>Medlemsskap Kungshaga 4H<\/strong> kr\u00e4vs f\u00f6r att delta och f\u00f6r att olycksfallsf\u00f6rs\u00e4kring ska g\u00e4lla.<\/div>\n<div class=\"elementToProof\"><strong>Kostnad \u00e4r 230:-<\/strong> och du g\u00e5r enkelt in p\u00e5 <a href=\"http:\/\/www.4h.se\/kungshaga\/\">www.4h.se\/kungshaga\/<\/a> &#8211; Bli medlem och betalar fakturan.<\/div>\n<div class=\"elementToProof\"><\/div>\n<div class=\"elementToProof\">\n<div>Platserna \u00e4r begr\u00e4nsade, s\u00e5 s\u00e4kra din plats redan idag.<\/div>\n<div><\/div>\n<\/div>\n<p>&nbsp;[\/vc_column_text][vc_single_image image=&#8221;921&#8243; img_size=&#8221;1000&#215;1000&#8243; css=&#8221;&#8221;][\/vc_column][\/vc_row][vc_row][vc_column][\/vc_column][\/vc_row]<\/p>\n<\/div>","protected":false},"excerpt":{"rendered":"<p>[vc_row][vc_column][vc_column_text css=&#8221;&#8221;] Sommarl\u00e4ger [\/vc_column_text][vc_column_text css=&#8221;&#8221;][\/vc_column_text][\/vc_column][\/vc_row][vc_row][vc_column width=&#8221;2\/3&#8243;][vc_column_text css=&#8221;&#8221;] V\u00e4lkommen p\u00e5 Sommarl\u00e4ger p\u00e5 Kungshaga 4H &#8211; Sommaren 2026! \u00c4r du redo f\u00f6r sommardagar fulla av djur, natur och gemenskap? D\u00e5 \u00e4r Kungshaga 4H:s sommarl\u00e4ger 2026 n\u00e5got f\u00f6r dig! I \u00e5r blir det extra sp\u00e4nnande \u2013 vi bjuder in till \u201dMysteriet p\u00e5 Kungshaga\u201d. Tillsammans l\u00f6ser vi kluriga uppdrag&nbsp; <a href=\"https:\/\/www.4h.se\/kungshaga\/sommarlager\/\">&hellip; Read more <i class=\"glyphicon glyphicon-arrow-right\"><\/i><\/a><\/p>\n","protected":false},"author":150,"featured_media":0,"parent":0,"menu_order":0,"comment_status":"closed","ping_status":"closed","template":"","meta":{"_acf_changed":false,"footnotes":""},"class_list":["post-895","page","type-page","status-publish","hentry"],"acf":[],"yoast_head":"<!-- This site is optimized with the Yoast SEO plugin v27.5 - https:\/\/yoast.com\/product\/yoast-seo-wordpress\/ -->\n<title>Sommarl\u00e4ger - Kungshaga 4H-klubb<\/title>\n<meta name=\"robots\" content=\"index, follow, max-snippet:-1, max-image-preview:large, max-video-preview:-1\" \/>\n<link rel=\"canonical\" href=\"https:\/\/www.4h.se\/kungshaga\/sommarlager\/\" \/>\n<meta property=\"og:locale\" content=\"sv_SE\" \/>\n<meta property=\"og:type\" content=\"article\" \/>\n<meta property=\"og:title\" content=\"Sommarl\u00e4ger - Kungshaga 4H-klubb\" \/>\n<meta property=\"og:description\" content=\"[vc_row][vc_column][vc_column_text css=&#8221;&#8221;] Sommarl\u00e4ger [\/vc_column_text][vc_column_text css=&#8221;&#8221;][\/vc_column_text][\/vc_column][\/vc_row][vc_row][vc_column width=&#8221;2\/3&#8243;][vc_column_text css=&#8221;&#8221;] V\u00e4lkommen p\u00e5 Sommarl\u00e4ger p\u00e5 Kungshaga 4H &#8211; Sommaren 2026! \u00c4r du redo f\u00f6r sommardagar fulla av djur, natur och gemenskap? D\u00e5 \u00e4r Kungshaga 4H:s sommarl\u00e4ger 2026 n\u00e5got f\u00f6r dig! I \u00e5r blir det extra sp\u00e4nnande \u2013 vi bjuder in till \u201dMysteriet p\u00e5 Kungshaga\u201d. Tillsammans l\u00f6ser vi kluriga uppdrag&nbsp; &hellip; Read more\" \/>\n<meta property=\"og:url\" content=\"https:\/\/www.4h.se\/kungshaga\/sommarlager\/\" \/>\n<meta property=\"og:site_name\" content=\"Kungshaga 4H-klubb\" \/>\n<meta property=\"article:modified_time\" content=\"2026-04-08T14:07:06+00:00\" \/>\n<meta name=\"twitter:card\" content=\"summary_large_image\" \/>\n<script type=\"application\/ld+json\" class=\"yoast-schema-graph\">{\"@context\":\"https:\\\/\\\/schema.org\",\"@graph\":[{\"@type\":\"WebPage\",\"@id\":\"https:\\\/\\\/www.4h.se\\\/kungshaga\\\/sommarlager\\\/\",\"url\":\"https:\\\/\\\/www.4h.se\\\/kungshaga\\\/sommarlager\\\/\",\"name\":\"Sommarl\u00e4ger - Kungshaga 4H-klubb\",\"isPartOf\":{\"@id\":\"https:\\\/\\\/www.4h.se\\\/kungshaga\\\/#website\"},\"datePublished\":\"2025-05-11T13:05:30+00:00\",\"dateModified\":\"2026-04-08T14:07:06+00:00\",\"breadcrumb\":{\"@id\":\"https:\\\/\\\/www.4h.se\\\/kungshaga\\\/sommarlager\\\/#breadcrumb\"},\"inLanguage\":\"sv-SE\",\"potentialAction\":[{\"@type\":\"ReadAction\",\"target\":[\"https:\\\/\\\/www.4h.se\\\/kungshaga\\\/sommarlager\\\/\"]}]},{\"@type\":\"BreadcrumbList\",\"@id\":\"https:\\\/\\\/www.4h.se\\\/kungshaga\\\/sommarlager\\\/#breadcrumb\",\"itemListElement\":[{\"@type\":\"ListItem\",\"position\":1,\"name\":\"Hem\",\"item\":\"https:\\\/\\\/www.4h.se\\\/kungshaga\\\/\"},{\"@type\":\"ListItem\",\"position\":2,\"name\":\"Sommarl\u00e4ger\"}]},{\"@type\":\"WebSite\",\"@id\":\"https:\\\/\\\/www.4h.se\\\/kungshaga\\\/#website\",\"url\":\"https:\\\/\\\/www.4h.se\\\/kungshaga\\\/\",\"name\":\"Kungshaga 4H-klubb\",\"description\":\"\",\"potentialAction\":[{\"@type\":\"SearchAction\",\"target\":{\"@type\":\"EntryPoint\",\"urlTemplate\":\"https:\\\/\\\/www.4h.se\\\/kungshaga\\\/?s={search_term_string}\"},\"query-input\":{\"@type\":\"PropertyValueSpecification\",\"valueRequired\":true,\"valueName\":\"search_term_string\"}}],\"inLanguage\":\"sv-SE\"}]}<\/script>\n<!-- \/ Yoast SEO plugin. -->","yoast_head_json":{"title":"Sommarl\u00e4ger - Kungshaga 4H-klubb","robots":{"index":"index","follow":"follow","max-snippet":"max-snippet:-1","max-image-preview":"max-image-preview:large","max-video-preview":"max-video-preview:-1"},"canonical":"https:\/\/www.4h.se\/kungshaga\/sommarlager\/","og_locale":"sv_SE","og_type":"article","og_title":"Sommarl\u00e4ger - Kungshaga 4H-klubb","og_description":"[vc_row][vc_column][vc_column_text css=&#8221;&#8221;] Sommarl\u00e4ger [\/vc_column_text][vc_column_text css=&#8221;&#8221;][\/vc_column_text][\/vc_column][\/vc_row][vc_row][vc_column width=&#8221;2\/3&#8243;][vc_column_text css=&#8221;&#8221;] V\u00e4lkommen p\u00e5 Sommarl\u00e4ger p\u00e5 Kungshaga 4H &#8211; Sommaren 2026! \u00c4r du redo f\u00f6r sommardagar fulla av djur, natur och gemenskap? D\u00e5 \u00e4r Kungshaga 4H:s sommarl\u00e4ger 2026 n\u00e5got f\u00f6r dig! I \u00e5r blir det extra sp\u00e4nnande \u2013 vi bjuder in till \u201dMysteriet p\u00e5 Kungshaga\u201d. Tillsammans l\u00f6ser vi kluriga uppdrag&nbsp; &hellip; Read more","og_url":"https:\/\/www.4h.se\/kungshaga\/sommarlager\/","og_site_name":"Kungshaga 4H-klubb","article_modified_time":"2026-04-08T14:07:06+00:00","twitter_card":"summary_large_image","schema":{"@context":"https:\/\/schema.org","@graph":[{"@type":"WebPage","@id":"https:\/\/www.4h.se\/kungshaga\/sommarlager\/","url":"https:\/\/www.4h.se\/kungshaga\/sommarlager\/","name":"Sommarl\u00e4ger - Kungshaga 4H-klubb","isPartOf":{"@id":"https:\/\/www.4h.se\/kungshaga\/#website"},"datePublished":"2025-05-11T13:05:30+00:00","dateModified":"2026-04-08T14:07:06+00:00","breadcrumb":{"@id":"https:\/\/www.4h.se\/kungshaga\/sommarlager\/#breadcrumb"},"inLanguage":"sv-SE","potentialAction":[{"@type":"ReadAction","target":["https:\/\/www.4h.se\/kungshaga\/sommarlager\/"]}]},{"@type":"BreadcrumbList","@id":"https:\/\/www.4h.se\/kungshaga\/sommarlager\/#breadcrumb","itemListElement":[{"@type":"ListItem","position":1,"name":"Hem","item":"https:\/\/www.4h.se\/kungshaga\/"},{"@type":"ListItem","position":2,"name":"Sommarl\u00e4ger"}]},{"@type":"WebSite","@id":"https:\/\/www.4h.se\/kungshaga\/#website","url":"https:\/\/www.4h.se\/kungshaga\/","name":"Kungshaga 4H-klubb","description":"","potentialAction":[{"@type":"SearchAction","target":{"@type":"EntryPoint","urlTemplate":"https:\/\/www.4h.se\/kungshaga\/?s={search_term_string}"},"query-input":{"@type":"PropertyValueSpecification","valueRequired":true,"valueName":"search_term_string"}}],"inLanguage":"sv-SE"}]}},"_links":{"self":[{"href":"https:\/\/www.4h.se\/kungshaga\/wp-json\/wp\/v2\/pages\/895","targetHints":{"allow":["GET"]}}],"collection":[{"href":"https:\/\/www.4h.se\/kungshaga\/wp-json\/wp\/v2\/pages"}],"about":[{"href":"https:\/\/www.4h.se\/kungshaga\/wp-json\/wp\/v2\/types\/page"}],"author":[{"embeddable":true,"href":"https:\/\/www.4h.se\/kungshaga\/wp-json\/wp\/v2\/users\/150"}],"replies":[{"embeddable":true,"href":"https:\/\/www.4h.se\/kungshaga\/wp-json\/wp\/v2\/comments?post=895"}],"version-history":[{"count":0,"href":"https:\/\/www.4h.se\/kungshaga\/wp-json\/wp\/v2\/pages\/895\/revisions"}],"wp:attachment":[{"href":"https:\/\/www.4h.se\/kungshaga\/wp-json\/wp\/v2\/media?parent=895"}],"curies":[{"name":"wp","href":"https:\/\/api.w.org\/{rel}","templated":true}]}}