



{"id":779,"date":"2024-08-19T08:11:24","date_gmt":"2024-08-19T06:11:24","guid":{"rendered":"https:\/\/www.4h.se\/kungshaga\/?page_id=779"},"modified":"2025-05-06T09:24:09","modified_gmt":"2025-05-06T07:24:09","slug":"bli-volontar","status":"publish","type":"page","link":"https:\/\/www.4h.se\/kungshaga\/bli-volontar\/","title":{"rendered":"Bli volont\u00e4r"},"content":{"rendered":"<div class=\"wpb-content-wrapper\"><p>[vc_row][vc_column][vc_column_text css=&#8221;&#8221;]<\/p>\n<h1>Volont\u00e4r<\/h1>\n<p>[\/vc_column_text][\/vc_column][vc_column width=&#8221;2\/3&#8243;][vc_column_text css=&#8221;&#8221;]<\/p>\n<p style=\"font-weight: 400;\"><strong>Bli volont\u00e4r p\u00e5 Kungshaga 4H \u2013 G\u00f6r skillnad varje dag!<\/strong><\/p>\n<p style=\"font-weight: 400;\">\u00c4r du djurv\u00e4n, gillar att vara ute i naturen och vill g\u00f6ra n\u00e5got meningsfullt f\u00f6r barn och ungdomar p\u00e5 din fritid? D\u00e5 \u00e4r volont\u00e4rarbete p\u00e5 <strong>Kungshaga 4H-g\u00e5rd<\/strong>\u00a0n\u00e5got f\u00f6r dig!<\/p>\n<p style=\"font-weight: 400;\">Vi s\u00f6ker nu engagerade volont\u00e4rer som vill hj\u00e4lpa till p\u00e5 v\u00e5r mysiga g\u00e5rd. H\u00e4r f\u00e5r du m\u00f6jlighet att arbeta med djur som getter, kaniner, h\u00f6ns, grisar och ponnyer \u2013 och samtidigt bli en del av en h\u00e4rlig gemenskap.<\/p>\n<p style=\"font-weight: 400;\"><strong>Vad du kan hj\u00e4lpa till med:<\/strong><\/p>\n<ul style=\"font-weight: 400;\">\n<li>Mata och sk\u00f6ta djuren<\/li>\n<li>Vara med och ordna aktiviteter f\u00f6r barn, ungdomar och bes\u00f6kare<\/li>\n<li>Underh\u00e5lla g\u00e5rdens milj\u00f6 och anl\u00e4ggningar<\/li>\n<\/ul>\n<p><strong>Vi s\u00f6ker dig som:<\/strong><\/p>\n<p>\u00c4r minst 15 \u00e5r, g\u00e4rna senior 60+<\/p>\n<ul style=\"font-weight: 400;\">\n<li>Har intresse f\u00f6r djur, barn, ungdomar och h\u00e5llbarhet<\/li>\n<li>Vill engagera dig ideellt, ett par timmar i veckan eller mer<\/li>\n<li>\u00c4r ansvarstagande och positiv och vill tr\u00e4ffa nya v\u00e4nner<\/li>\n<\/ul>\n<p style=\"font-weight: 400;\"><strong>Vi erbjuder:<\/strong><\/p>\n<ul style=\"font-weight: 400;\">\n<li>Praktisk erfarenhet av djurh\u00e5llning och g\u00e5rdsliv<\/li>\n<li>Nya v\u00e4nner och en meningsfull fritid<\/li>\n<li>Gl\u00e4djen i att bidra till en trygg och l\u00e4rorik plats f\u00f6r barn och unga<\/li>\n<\/ul>\n<p style=\"font-weight: 400;\"><strong>Gemenskapen \u2013 mer \u00e4n bara arbete<\/strong><br \/>\nAtt vara en del av volont\u00e4rgruppen p\u00e5 Kungshaga 4H \u00e4r som att bli en del av en extra familj. Du m\u00f6ter m\u00e4nniskor med samma engagemang, samarbetar i vardagen och delar b\u00e5de skratt och ansvar. H\u00e4r st\u00f6ttar vi varandra och l\u00e4r oss tillsammans \u2013 samtidigt som vi g\u00f6r n\u00e5got riktigt viktigt. Din insats g\u00f6r skillnad, och du blir sedd, uppskattad och beh\u00f6vd.<\/p>\n<p style=\"font-weight: 400;\"><strong>V\u00e4lkommen att h\u00f6ra av dig \u2013 vi beh\u00f6ver dig!<\/strong><\/p>\n<p>&nbsp;<\/p>\n<p>&nbsp;[\/vc_column_text][\/vc_column][vc_column width=&#8221;1\/3&#8243;][vc_separator color=&#8221;black&#8221; css=&#8221;&#8221;][vc_column_text css=&#8221;&#8221;]<\/p>\n<h4>Volont\u00e4rkontakt<\/h4>\n<ul>\n<li><strong>E-post:<a href=\"mailto:kungshaga@4h.se\">kungshaga@4h.se<\/a><\/strong><\/li>\n<\/ul>\n<p>&nbsp;[\/vc_column_text][vc_separator color=&#8221;black&#8221; css=&#8221;&#8221;][vc_single_image image=&#8221;872&#8243; img_size=&#8221;500&#215;500&#8243; alignment=&#8221;center&#8221; css=&#8221;&#8221;][\/vc_column][\/vc_row]<\/p>\n<\/div>","protected":false},"excerpt":{"rendered":"<p>[vc_row][vc_column][vc_column_text css=&#8221;&#8221;] Volont\u00e4r [\/vc_column_text][\/vc_column][vc_column width=&#8221;2\/3&#8243;][vc_column_text css=&#8221;&#8221;] Bli volont\u00e4r p\u00e5 Kungshaga 4H \u2013 G\u00f6r skillnad varje dag! \u00c4r du djurv\u00e4n, gillar att vara ute i naturen och vill g\u00f6ra n\u00e5got meningsfullt f\u00f6r barn och ungdomar p\u00e5 din fritid? D\u00e5 \u00e4r volont\u00e4rarbete p\u00e5 Kungshaga 4H-g\u00e5rd\u00a0n\u00e5got f\u00f6r dig! Vi s\u00f6ker nu engagerade volont\u00e4rer som vill hj\u00e4lpa till p\u00e5&nbsp; <a href=\"https:\/\/www.4h.se\/kungshaga\/bli-volontar\/\">&hellip; Read more <i class=\"glyphicon glyphicon-arrow-right\"><\/i><\/a><\/p>\n","protected":false},"author":150,"featured_media":0,"parent":0,"menu_order":0,"comment_status":"closed","ping_status":"closed","template":"","meta":{"_acf_changed":false,"footnotes":""},"class_list":["post-779","page","type-page","status-publish","hentry"],"acf":[],"yoast_head":"<!-- This site is optimized with the Yoast SEO plugin v27.5 - https:\/\/yoast.com\/product\/yoast-seo-wordpress\/ -->\n<title>Bli volont\u00e4r - Kungshaga 4H-klubb<\/title>\n<meta name=\"description\" content=\"Bli volont\u00e4r hos ideella f\u00f6reningen Kungshaga 4H i H\u00f6llviken\" \/>\n<meta name=\"robots\" content=\"index, follow, max-snippet:-1, max-image-preview:large, max-video-preview:-1\" \/>\n<link rel=\"canonical\" href=\"https:\/\/www.4h.se\/kungshaga\/bli-volontar\/\" \/>\n<meta property=\"og:locale\" content=\"sv_SE\" \/>\n<meta property=\"og:type\" content=\"article\" \/>\n<meta property=\"og:title\" content=\"Bli volont\u00e4r - Kungshaga 4H-klubb\" \/>\n<meta property=\"og:description\" content=\"Bli volont\u00e4r hos ideella f\u00f6reningen Kungshaga 4H i H\u00f6llviken\" \/>\n<meta property=\"og:url\" content=\"https:\/\/www.4h.se\/kungshaga\/bli-volontar\/\" \/>\n<meta property=\"og:site_name\" content=\"Kungshaga 4H-klubb\" \/>\n<meta property=\"article:modified_time\" content=\"2025-05-06T07:24:09+00:00\" \/>\n<meta name=\"twitter:card\" content=\"summary_large_image\" \/>\n<script type=\"application\/ld+json\" class=\"yoast-schema-graph\">{\"@context\":\"https:\\\/\\\/schema.org\",\"@graph\":[{\"@type\":\"WebPage\",\"@id\":\"https:\\\/\\\/www.4h.se\\\/kungshaga\\\/bli-volontar\\\/\",\"url\":\"https:\\\/\\\/www.4h.se\\\/kungshaga\\\/bli-volontar\\\/\",\"name\":\"Bli volont\u00e4r - Kungshaga 4H-klubb\",\"isPartOf\":{\"@id\":\"https:\\\/\\\/www.4h.se\\\/kungshaga\\\/#website\"},\"datePublished\":\"2024-08-19T06:11:24+00:00\",\"dateModified\":\"2025-05-06T07:24:09+00:00\",\"description\":\"Bli volont\u00e4r hos ideella f\u00f6reningen Kungshaga 4H i H\u00f6llviken\",\"breadcrumb\":{\"@id\":\"https:\\\/\\\/www.4h.se\\\/kungshaga\\\/bli-volontar\\\/#breadcrumb\"},\"inLanguage\":\"sv-SE\",\"potentialAction\":[{\"@type\":\"ReadAction\",\"target\":[\"https:\\\/\\\/www.4h.se\\\/kungshaga\\\/bli-volontar\\\/\"]}]},{\"@type\":\"BreadcrumbList\",\"@id\":\"https:\\\/\\\/www.4h.se\\\/kungshaga\\\/bli-volontar\\\/#breadcrumb\",\"itemListElement\":[{\"@type\":\"ListItem\",\"position\":1,\"name\":\"Hem\",\"item\":\"https:\\\/\\\/www.4h.se\\\/kungshaga\\\/\"},{\"@type\":\"ListItem\",\"position\":2,\"name\":\"Bli volont\u00e4r\"}]},{\"@type\":\"WebSite\",\"@id\":\"https:\\\/\\\/www.4h.se\\\/kungshaga\\\/#website\",\"url\":\"https:\\\/\\\/www.4h.se\\\/kungshaga\\\/\",\"name\":\"Kungshaga 4H-klubb\",\"description\":\"\",\"potentialAction\":[{\"@type\":\"SearchAction\",\"target\":{\"@type\":\"EntryPoint\",\"urlTemplate\":\"https:\\\/\\\/www.4h.se\\\/kungshaga\\\/?s={search_term_string}\"},\"query-input\":{\"@type\":\"PropertyValueSpecification\",\"valueRequired\":true,\"valueName\":\"search_term_string\"}}],\"inLanguage\":\"sv-SE\"}]}<\/script>\n<!-- \/ Yoast SEO plugin. -->","yoast_head_json":{"title":"Bli volont\u00e4r - Kungshaga 4H-klubb","description":"Bli volont\u00e4r hos ideella f\u00f6reningen Kungshaga 4H i H\u00f6llviken","robots":{"index":"index","follow":"follow","max-snippet":"max-snippet:-1","max-image-preview":"max-image-preview:large","max-video-preview":"max-video-preview:-1"},"canonical":"https:\/\/www.4h.se\/kungshaga\/bli-volontar\/","og_locale":"sv_SE","og_type":"article","og_title":"Bli volont\u00e4r - Kungshaga 4H-klubb","og_description":"Bli volont\u00e4r hos ideella f\u00f6reningen Kungshaga 4H i H\u00f6llviken","og_url":"https:\/\/www.4h.se\/kungshaga\/bli-volontar\/","og_site_name":"Kungshaga 4H-klubb","article_modified_time":"2025-05-06T07:24:09+00:00","twitter_card":"summary_large_image","schema":{"@context":"https:\/\/schema.org","@graph":[{"@type":"WebPage","@id":"https:\/\/www.4h.se\/kungshaga\/bli-volontar\/","url":"https:\/\/www.4h.se\/kungshaga\/bli-volontar\/","name":"Bli volont\u00e4r - Kungshaga 4H-klubb","isPartOf":{"@id":"https:\/\/www.4h.se\/kungshaga\/#website"},"datePublished":"2024-08-19T06:11:24+00:00","dateModified":"2025-05-06T07:24:09+00:00","description":"Bli volont\u00e4r hos ideella f\u00f6reningen Kungshaga 4H i H\u00f6llviken","breadcrumb":{"@id":"https:\/\/www.4h.se\/kungshaga\/bli-volontar\/#breadcrumb"},"inLanguage":"sv-SE","potentialAction":[{"@type":"ReadAction","target":["https:\/\/www.4h.se\/kungshaga\/bli-volontar\/"]}]},{"@type":"BreadcrumbList","@id":"https:\/\/www.4h.se\/kungshaga\/bli-volontar\/#breadcrumb","itemListElement":[{"@type":"ListItem","position":1,"name":"Hem","item":"https:\/\/www.4h.se\/kungshaga\/"},{"@type":"ListItem","position":2,"name":"Bli volont\u00e4r"}]},{"@type":"WebSite","@id":"https:\/\/www.4h.se\/kungshaga\/#website","url":"https:\/\/www.4h.se\/kungshaga\/","name":"Kungshaga 4H-klubb","description":"","potentialAction":[{"@type":"SearchAction","target":{"@type":"EntryPoint","urlTemplate":"https:\/\/www.4h.se\/kungshaga\/?s={search_term_string}"},"query-input":{"@type":"PropertyValueSpecification","valueRequired":true,"valueName":"search_term_string"}}],"inLanguage":"sv-SE"}]}},"_links":{"self":[{"href":"https:\/\/www.4h.se\/kungshaga\/wp-json\/wp\/v2\/pages\/779","targetHints":{"allow":["GET"]}}],"collection":[{"href":"https:\/\/www.4h.se\/kungshaga\/wp-json\/wp\/v2\/pages"}],"about":[{"href":"https:\/\/www.4h.se\/kungshaga\/wp-json\/wp\/v2\/types\/page"}],"author":[{"embeddable":true,"href":"https:\/\/www.4h.se\/kungshaga\/wp-json\/wp\/v2\/users\/150"}],"replies":[{"embeddable":true,"href":"https:\/\/www.4h.se\/kungshaga\/wp-json\/wp\/v2\/comments?post=779"}],"version-history":[{"count":0,"href":"https:\/\/www.4h.se\/kungshaga\/wp-json\/wp\/v2\/pages\/779\/revisions"}],"wp:attachment":[{"href":"https:\/\/www.4h.se\/kungshaga\/wp-json\/wp\/v2\/media?parent=779"}],"curies":[{"name":"wp","href":"https:\/\/api.w.org\/{rel}","templated":true}]}}