



{"id":644,"date":"2021-01-28T15:54:12","date_gmt":"2021-01-28T14:54:12","guid":{"rendered":"https:\/\/www.4h.se\/kronoberg\/?page_id=644"},"modified":"2022-04-10T21:08:59","modified_gmt":"2022-04-10T19:08:59","slug":"sommarlager","status":"publish","type":"page","link":"https:\/\/www.4h.se\/kronoberg\/sommarlager\/","title":{"rendered":"Sommarl\u00e4ger"},"content":{"rendered":"<div class=\"wpb-content-wrapper\"><p>[vc_row][vc_column][vc_column_text]<\/p>\n<h2>Sommarl\u00e4ger 2021<\/h2>\n<p>[\/vc_column_text][\/vc_column][\/vc_row][vc_row][vc_column width=&#8221;2\/3&#8243;][vc_column_text]Kronobergs 4H anordnar varje sommar l\u00e4ger p\u00e5 olika platser runt om i l\u00e4net. P\u00e5 v\u00e5ra l\u00e4ger utg\u00e5r all verksamhet fr\u00e5n v\u00e5rt motto, l\u00e4ra genom att g\u00f6ra.\u00a0Under l\u00e4gerveckan f\u00e5r deltagarna p\u00e5verka inneh\u00e5llet samt testa p\u00e5 flera olika aktiviteter, lekar, l\u00e4ra sig om djur, teater, friluftsliv, matlagning med mera beroende p\u00e5 tema p\u00e5 l\u00e4gerveckan.<br \/>\nP\u00e5 alla v\u00e5ra l\u00e4ger arbetar personal som g\u00e5tt v\u00e5r utbildning f\u00f6r sommarpersonal inneh\u00e5llande 4H-kunskap, hj\u00e4rt- och lungr\u00e4ddning, f\u00f6rsta hj\u00e4lpen, inkludering, att arbeta med barn med NPF med mera.<br \/>\nEtt sommarl\u00e4ger med 4H ska vara en l\u00e4rorik, rolig och givande upplevelse f\u00f6r deltagaren.<br \/>\nHar du f\u00f6rslag p\u00e5 plats eller inriktning p\u00e5 ett l\u00e4ger eller vill veta mer om v\u00e5r verksamhet? Kontakta kronoberg(@).se[\/vc_column_text][vc_column_text]Kronobergs 4H organizes camps every summer in different locations around the county. At our camps, all activities are based on our motto, learning by doing. During the week, participants get to influence the content and try out several different activities, games, learn about animals, theatre, outdoor activities, cooking and more depending on the theme of the camp.<\/p>\n<p>At all our camps, staff who have attended our training for summer staff containing 4H knowledge, CPR, first aid, inclusion, working with children with autism etc and more.<br \/>\nA summer camp with 4H should be an educational, fun and rewarding experience for the participant.<\/p>\n<p>Do you have suggestions on site or focus on a camp or want to know more about our organisation? Contact kronoberg(@).se[\/vc_column_text][\/vc_column][vc_column width=&#8221;1\/3&#8243;][vc_single_image image=&#8221;491&#8243; img_size=&#8221;400&#215;200&#8243;][\/vc_column][\/vc_row]<\/p>\n<\/div>","protected":false},"excerpt":{"rendered":"<p>[vc_row][vc_column][vc_column_text] Sommarl\u00e4ger 2021 [\/vc_column_text][\/vc_column][\/vc_row][vc_row][vc_column width=&#8221;2\/3&#8243;][vc_column_text]Kronobergs 4H anordnar varje sommar l\u00e4ger p\u00e5 olika platser runt om i l\u00e4net. P\u00e5 v\u00e5ra l\u00e4ger utg\u00e5r all verksamhet fr\u00e5n v\u00e5rt motto, l\u00e4ra genom att g\u00f6ra.\u00a0Under l\u00e4gerveckan f\u00e5r deltagarna p\u00e5verka inneh\u00e5llet samt testa p\u00e5 flera olika aktiviteter, lekar, l\u00e4ra sig om djur, teater, friluftsliv, matlagning med mera beroende p\u00e5 tema p\u00e5&nbsp; <a href=\"https:\/\/www.4h.se\/kronoberg\/sommarlager\/\">&hellip; Read more <i class=\"glyphicon glyphicon-arrow-right\"><\/i><\/a><\/p>\n","protected":false},"author":85,"featured_media":0,"parent":0,"menu_order":0,"comment_status":"closed","ping_status":"closed","template":"","meta":{"_acf_changed":false,"footnotes":""},"class_list":["post-644","page","type-page","status-publish","hentry"],"acf":[],"yoast_head":"<!-- This site is optimized with the Yoast SEO plugin v27.5 - https:\/\/yoast.com\/product\/yoast-seo-wordpress\/ -->\n<title>Sommarl\u00e4ger - 4H i Kronoberg<\/title>\n<meta name=\"robots\" content=\"index, follow, max-snippet:-1, max-image-preview:large, max-video-preview:-1\" \/>\n<link rel=\"canonical\" href=\"https:\/\/www.4h.se\/kronoberg\/sommarlager\/\" \/>\n<meta property=\"og:locale\" content=\"sv_SE\" \/>\n<meta property=\"og:type\" content=\"article\" \/>\n<meta property=\"og:title\" content=\"Sommarl\u00e4ger - 4H i Kronoberg\" \/>\n<meta property=\"og:description\" content=\"[vc_row][vc_column][vc_column_text] Sommarl\u00e4ger 2021 [\/vc_column_text][\/vc_column][\/vc_row][vc_row][vc_column width=&#8221;2\/3&#8243;][vc_column_text]Kronobergs 4H anordnar varje sommar l\u00e4ger p\u00e5 olika platser runt om i l\u00e4net. P\u00e5 v\u00e5ra l\u00e4ger utg\u00e5r all verksamhet fr\u00e5n v\u00e5rt motto, l\u00e4ra genom att g\u00f6ra.\u00a0Under l\u00e4gerveckan f\u00e5r deltagarna p\u00e5verka inneh\u00e5llet samt testa p\u00e5 flera olika aktiviteter, lekar, l\u00e4ra sig om djur, teater, friluftsliv, matlagning med mera beroende p\u00e5 tema p\u00e5&nbsp; &hellip; Read more\" \/>\n<meta property=\"og:url\" content=\"https:\/\/www.4h.se\/kronoberg\/sommarlager\/\" \/>\n<meta property=\"og:site_name\" content=\"4H i Kronoberg\" \/>\n<meta property=\"article:modified_time\" content=\"2022-04-10T19:08:59+00:00\" \/>\n<meta name=\"twitter:card\" content=\"summary_large_image\" \/>\n<meta name=\"twitter:label1\" content=\"Ber\u00e4knad l\u00e4stid\" \/>\n\t<meta name=\"twitter:data1\" content=\"2 minuter\" \/>\n<script type=\"application\/ld+json\" class=\"yoast-schema-graph\">{\"@context\":\"https:\\\/\\\/schema.org\",\"@graph\":[{\"@type\":\"WebPage\",\"@id\":\"https:\\\/\\\/www.4h.se\\\/kronoberg\\\/sommarlager\\\/\",\"url\":\"https:\\\/\\\/www.4h.se\\\/kronoberg\\\/sommarlager\\\/\",\"name\":\"Sommarl\u00e4ger - 4H i Kronoberg\",\"isPartOf\":{\"@id\":\"https:\\\/\\\/www.4h.se\\\/kronoberg\\\/#website\"},\"datePublished\":\"2021-01-28T14:54:12+00:00\",\"dateModified\":\"2022-04-10T19:08:59+00:00\",\"breadcrumb\":{\"@id\":\"https:\\\/\\\/www.4h.se\\\/kronoberg\\\/sommarlager\\\/#breadcrumb\"},\"inLanguage\":\"sv-SE\",\"potentialAction\":[{\"@type\":\"ReadAction\",\"target\":[\"https:\\\/\\\/www.4h.se\\\/kronoberg\\\/sommarlager\\\/\"]}]},{\"@type\":\"BreadcrumbList\",\"@id\":\"https:\\\/\\\/www.4h.se\\\/kronoberg\\\/sommarlager\\\/#breadcrumb\",\"itemListElement\":[{\"@type\":\"ListItem\",\"position\":1,\"name\":\"Hem\",\"item\":\"https:\\\/\\\/www.4h.se\\\/kronoberg\\\/\"},{\"@type\":\"ListItem\",\"position\":2,\"name\":\"Sommarl\u00e4ger\"}]},{\"@type\":\"WebSite\",\"@id\":\"https:\\\/\\\/www.4h.se\\\/kronoberg\\\/#website\",\"url\":\"https:\\\/\\\/www.4h.se\\\/kronoberg\\\/\",\"name\":\"4H i Kronoberg\",\"description\":\"\",\"potentialAction\":[{\"@type\":\"SearchAction\",\"target\":{\"@type\":\"EntryPoint\",\"urlTemplate\":\"https:\\\/\\\/www.4h.se\\\/kronoberg\\\/?s={search_term_string}\"},\"query-input\":{\"@type\":\"PropertyValueSpecification\",\"valueRequired\":true,\"valueName\":\"search_term_string\"}}],\"inLanguage\":\"sv-SE\"}]}<\/script>\n<!-- \/ Yoast SEO plugin. -->","yoast_head_json":{"title":"Sommarl\u00e4ger - 4H i Kronoberg","robots":{"index":"index","follow":"follow","max-snippet":"max-snippet:-1","max-image-preview":"max-image-preview:large","max-video-preview":"max-video-preview:-1"},"canonical":"https:\/\/www.4h.se\/kronoberg\/sommarlager\/","og_locale":"sv_SE","og_type":"article","og_title":"Sommarl\u00e4ger - 4H i Kronoberg","og_description":"[vc_row][vc_column][vc_column_text] Sommarl\u00e4ger 2021 [\/vc_column_text][\/vc_column][\/vc_row][vc_row][vc_column width=&#8221;2\/3&#8243;][vc_column_text]Kronobergs 4H anordnar varje sommar l\u00e4ger p\u00e5 olika platser runt om i l\u00e4net. P\u00e5 v\u00e5ra l\u00e4ger utg\u00e5r all verksamhet fr\u00e5n v\u00e5rt motto, l\u00e4ra genom att g\u00f6ra.\u00a0Under l\u00e4gerveckan f\u00e5r deltagarna p\u00e5verka inneh\u00e5llet samt testa p\u00e5 flera olika aktiviteter, lekar, l\u00e4ra sig om djur, teater, friluftsliv, matlagning med mera beroende p\u00e5 tema p\u00e5&nbsp; &hellip; Read more","og_url":"https:\/\/www.4h.se\/kronoberg\/sommarlager\/","og_site_name":"4H i Kronoberg","article_modified_time":"2022-04-10T19:08:59+00:00","twitter_card":"summary_large_image","twitter_misc":{"Ber\u00e4knad l\u00e4stid":"2 minuter"},"schema":{"@context":"https:\/\/schema.org","@graph":[{"@type":"WebPage","@id":"https:\/\/www.4h.se\/kronoberg\/sommarlager\/","url":"https:\/\/www.4h.se\/kronoberg\/sommarlager\/","name":"Sommarl\u00e4ger - 4H i Kronoberg","isPartOf":{"@id":"https:\/\/www.4h.se\/kronoberg\/#website"},"datePublished":"2021-01-28T14:54:12+00:00","dateModified":"2022-04-10T19:08:59+00:00","breadcrumb":{"@id":"https:\/\/www.4h.se\/kronoberg\/sommarlager\/#breadcrumb"},"inLanguage":"sv-SE","potentialAction":[{"@type":"ReadAction","target":["https:\/\/www.4h.se\/kronoberg\/sommarlager\/"]}]},{"@type":"BreadcrumbList","@id":"https:\/\/www.4h.se\/kronoberg\/sommarlager\/#breadcrumb","itemListElement":[{"@type":"ListItem","position":1,"name":"Hem","item":"https:\/\/www.4h.se\/kronoberg\/"},{"@type":"ListItem","position":2,"name":"Sommarl\u00e4ger"}]},{"@type":"WebSite","@id":"https:\/\/www.4h.se\/kronoberg\/#website","url":"https:\/\/www.4h.se\/kronoberg\/","name":"4H i Kronoberg","description":"","potentialAction":[{"@type":"SearchAction","target":{"@type":"EntryPoint","urlTemplate":"https:\/\/www.4h.se\/kronoberg\/?s={search_term_string}"},"query-input":{"@type":"PropertyValueSpecification","valueRequired":true,"valueName":"search_term_string"}}],"inLanguage":"sv-SE"}]}},"_links":{"self":[{"href":"https:\/\/www.4h.se\/kronoberg\/wp-json\/wp\/v2\/pages\/644","targetHints":{"allow":["GET"]}}],"collection":[{"href":"https:\/\/www.4h.se\/kronoberg\/wp-json\/wp\/v2\/pages"}],"about":[{"href":"https:\/\/www.4h.se\/kronoberg\/wp-json\/wp\/v2\/types\/page"}],"author":[{"embeddable":true,"href":"https:\/\/www.4h.se\/kronoberg\/wp-json\/wp\/v2\/users\/85"}],"replies":[{"embeddable":true,"href":"https:\/\/www.4h.se\/kronoberg\/wp-json\/wp\/v2\/comments?post=644"}],"version-history":[{"count":0,"href":"https:\/\/www.4h.se\/kronoberg\/wp-json\/wp\/v2\/pages\/644\/revisions"}],"wp:attachment":[{"href":"https:\/\/www.4h.se\/kronoberg\/wp-json\/wp\/v2\/media?parent=644"}],"curies":[{"name":"wp","href":"https:\/\/api.w.org\/{rel}","templated":true}]}}