



{"id":626,"date":"2020-03-31T09:22:51","date_gmt":"2020-03-31T07:22:51","guid":{"rendered":"https:\/\/www.4h.se\/kronoberg\/?page_id=626"},"modified":"2020-03-31T09:24:42","modified_gmt":"2020-03-31T07:24:42","slug":"ledarutbildningar","status":"publish","type":"page","link":"https:\/\/www.4h.se\/kronoberg\/ledarutbildningar\/","title":{"rendered":"Ledarutbildningar"},"content":{"rendered":"<div class=\"wpb-content-wrapper\"><p>[vc_row][vc_column width=&#8221;2\/3&#8243;][vc_column_text]<\/p>\n<h2>Ledartr\u00e4ff<\/h2>\n<p>I november var ett g\u00e4ng ifr\u00e5n Sk\u00e4lby p\u00e5 ledarutbildning och bes\u00f6kte 4H-g\u00e5rden i V\u00e4xj\u00f6.<br \/>\nNu \u00e4r det dags f\u00f6r V\u00e4xj\u00f6-g\u00e4nget att komma till Sk\u00e4lby!<\/p>\n<p>Det blir rundvandring p\u00e5 g\u00e5rden, massa roliga aktiviteter och \u00f6vernattning med filmmys!<br \/>\nVi bjuder p\u00e5 middag, frukost och lunch.<\/p>\n<p>N\u00e4r? &#8211; 8-9 Maj. Vi ses ca 18 p\u00e5 fredagen och avslutar ca 14 p\u00e5 l\u00f6rdagen.<br \/>\nVart? &#8211; Sk\u00e4lby 4H-g\u00e5rd i Kalmar<br \/>\nKostnad? &#8211; Gratis, men du beh\u00f6ver vara medlem i 4H!<br \/>\nF\u00f6r vem? &#8211; Aktiva medlemmar fr\u00e5n 12 \u00e5r<\/p>\n<p>Har ni n\u00e5gra funderingar s\u00e5 h\u00f6r av er till Skalby_4h@hotmail.com<\/p>\n<p>V\u00e4lkomna!<\/p>\n<p>&nbsp;<\/p>\n<p>Anm\u00e4l h\u00e4r:\u00a0<a href=\"https:\/\/membersky.com\/org\/4h\/skalby-4h\/event\/ledartraff-skalby-vaxjo\">https:\/\/membersky.com\/org\/4h\/skalby-4h\/event\/ledartraff-skalby-vaxjo<\/a>[\/vc_column_text][\/vc_column][vc_column width=&#8221;1\/3&#8243;][vc_single_image image=&#8221;274&#8243; img_size=&#8221;medium&#8221;][\/vc_column][\/vc_row]<\/p>\n<\/div>","protected":false},"excerpt":{"rendered":"<p>[vc_row][vc_column width=&#8221;2\/3&#8243;][vc_column_text] Ledartr\u00e4ff I november var ett g\u00e4ng ifr\u00e5n Sk\u00e4lby p\u00e5 ledarutbildning och bes\u00f6kte 4H-g\u00e5rden i V\u00e4xj\u00f6. Nu \u00e4r det dags f\u00f6r V\u00e4xj\u00f6-g\u00e4nget att komma till Sk\u00e4lby! Det blir rundvandring p\u00e5 g\u00e5rden, massa roliga aktiviteter och \u00f6vernattning med filmmys! Vi bjuder p\u00e5 middag, frukost och lunch. N\u00e4r? &#8211; 8-9 Maj. Vi ses ca 18 p\u00e5&nbsp; <a href=\"https:\/\/www.4h.se\/kronoberg\/ledarutbildningar\/\">&hellip; Read more <i class=\"glyphicon glyphicon-arrow-right\"><\/i><\/a><\/p>\n","protected":false},"author":85,"featured_media":0,"parent":0,"menu_order":0,"comment_status":"closed","ping_status":"closed","template":"","meta":{"_acf_changed":false,"footnotes":""},"class_list":["post-626","page","type-page","status-publish","hentry"],"acf":[],"yoast_head":"<!-- This site is optimized with the Yoast SEO plugin v27.5 - https:\/\/yoast.com\/product\/yoast-seo-wordpress\/ -->\n<title>Ledarutbildningar - 4H i Kronoberg<\/title>\n<meta name=\"robots\" content=\"index, follow, max-snippet:-1, max-image-preview:large, max-video-preview:-1\" \/>\n<link rel=\"canonical\" href=\"https:\/\/www.4h.se\/kronoberg\/ledarutbildningar\/\" \/>\n<meta property=\"og:locale\" content=\"sv_SE\" \/>\n<meta property=\"og:type\" content=\"article\" \/>\n<meta property=\"og:title\" content=\"Ledarutbildningar - 4H i Kronoberg\" \/>\n<meta property=\"og:description\" content=\"[vc_row][vc_column width=&#8221;2\/3&#8243;][vc_column_text] Ledartr\u00e4ff I november var ett g\u00e4ng ifr\u00e5n Sk\u00e4lby p\u00e5 ledarutbildning och bes\u00f6kte 4H-g\u00e5rden i V\u00e4xj\u00f6. Nu \u00e4r det dags f\u00f6r V\u00e4xj\u00f6-g\u00e4nget att komma till Sk\u00e4lby! Det blir rundvandring p\u00e5 g\u00e5rden, massa roliga aktiviteter och \u00f6vernattning med filmmys! Vi bjuder p\u00e5 middag, frukost och lunch. N\u00e4r? &#8211; 8-9 Maj. Vi ses ca 18 p\u00e5&nbsp; &hellip; Read more\" \/>\n<meta property=\"og:url\" content=\"https:\/\/www.4h.se\/kronoberg\/ledarutbildningar\/\" \/>\n<meta property=\"og:site_name\" content=\"4H i Kronoberg\" \/>\n<meta property=\"article:modified_time\" content=\"2020-03-31T07:24:42+00:00\" \/>\n<meta name=\"twitter:card\" content=\"summary_large_image\" \/>\n<meta name=\"twitter:label1\" content=\"Ber\u00e4knad l\u00e4stid\" \/>\n\t<meta name=\"twitter:data1\" content=\"1 minut\" \/>\n<script type=\"application\/ld+json\" class=\"yoast-schema-graph\">{\"@context\":\"https:\\\/\\\/schema.org\",\"@graph\":[{\"@type\":\"WebPage\",\"@id\":\"https:\\\/\\\/www.4h.se\\\/kronoberg\\\/ledarutbildningar\\\/\",\"url\":\"https:\\\/\\\/www.4h.se\\\/kronoberg\\\/ledarutbildningar\\\/\",\"name\":\"Ledarutbildningar - 4H i Kronoberg\",\"isPartOf\":{\"@id\":\"https:\\\/\\\/www.4h.se\\\/kronoberg\\\/#website\"},\"datePublished\":\"2020-03-31T07:22:51+00:00\",\"dateModified\":\"2020-03-31T07:24:42+00:00\",\"breadcrumb\":{\"@id\":\"https:\\\/\\\/www.4h.se\\\/kronoberg\\\/ledarutbildningar\\\/#breadcrumb\"},\"inLanguage\":\"sv-SE\",\"potentialAction\":[{\"@type\":\"ReadAction\",\"target\":[\"https:\\\/\\\/www.4h.se\\\/kronoberg\\\/ledarutbildningar\\\/\"]}]},{\"@type\":\"BreadcrumbList\",\"@id\":\"https:\\\/\\\/www.4h.se\\\/kronoberg\\\/ledarutbildningar\\\/#breadcrumb\",\"itemListElement\":[{\"@type\":\"ListItem\",\"position\":1,\"name\":\"Hem\",\"item\":\"https:\\\/\\\/www.4h.se\\\/kronoberg\\\/\"},{\"@type\":\"ListItem\",\"position\":2,\"name\":\"Ledarutbildningar\"}]},{\"@type\":\"WebSite\",\"@id\":\"https:\\\/\\\/www.4h.se\\\/kronoberg\\\/#website\",\"url\":\"https:\\\/\\\/www.4h.se\\\/kronoberg\\\/\",\"name\":\"4H i Kronoberg\",\"description\":\"\",\"potentialAction\":[{\"@type\":\"SearchAction\",\"target\":{\"@type\":\"EntryPoint\",\"urlTemplate\":\"https:\\\/\\\/www.4h.se\\\/kronoberg\\\/?s={search_term_string}\"},\"query-input\":{\"@type\":\"PropertyValueSpecification\",\"valueRequired\":true,\"valueName\":\"search_term_string\"}}],\"inLanguage\":\"sv-SE\"}]}<\/script>\n<!-- \/ Yoast SEO plugin. -->","yoast_head_json":{"title":"Ledarutbildningar - 4H i Kronoberg","robots":{"index":"index","follow":"follow","max-snippet":"max-snippet:-1","max-image-preview":"max-image-preview:large","max-video-preview":"max-video-preview:-1"},"canonical":"https:\/\/www.4h.se\/kronoberg\/ledarutbildningar\/","og_locale":"sv_SE","og_type":"article","og_title":"Ledarutbildningar - 4H i Kronoberg","og_description":"[vc_row][vc_column width=&#8221;2\/3&#8243;][vc_column_text] Ledartr\u00e4ff I november var ett g\u00e4ng ifr\u00e5n Sk\u00e4lby p\u00e5 ledarutbildning och bes\u00f6kte 4H-g\u00e5rden i V\u00e4xj\u00f6. Nu \u00e4r det dags f\u00f6r V\u00e4xj\u00f6-g\u00e4nget att komma till Sk\u00e4lby! Det blir rundvandring p\u00e5 g\u00e5rden, massa roliga aktiviteter och \u00f6vernattning med filmmys! Vi bjuder p\u00e5 middag, frukost och lunch. N\u00e4r? &#8211; 8-9 Maj. Vi ses ca 18 p\u00e5&nbsp; &hellip; Read more","og_url":"https:\/\/www.4h.se\/kronoberg\/ledarutbildningar\/","og_site_name":"4H i Kronoberg","article_modified_time":"2020-03-31T07:24:42+00:00","twitter_card":"summary_large_image","twitter_misc":{"Ber\u00e4knad l\u00e4stid":"1 minut"},"schema":{"@context":"https:\/\/schema.org","@graph":[{"@type":"WebPage","@id":"https:\/\/www.4h.se\/kronoberg\/ledarutbildningar\/","url":"https:\/\/www.4h.se\/kronoberg\/ledarutbildningar\/","name":"Ledarutbildningar - 4H i Kronoberg","isPartOf":{"@id":"https:\/\/www.4h.se\/kronoberg\/#website"},"datePublished":"2020-03-31T07:22:51+00:00","dateModified":"2020-03-31T07:24:42+00:00","breadcrumb":{"@id":"https:\/\/www.4h.se\/kronoberg\/ledarutbildningar\/#breadcrumb"},"inLanguage":"sv-SE","potentialAction":[{"@type":"ReadAction","target":["https:\/\/www.4h.se\/kronoberg\/ledarutbildningar\/"]}]},{"@type":"BreadcrumbList","@id":"https:\/\/www.4h.se\/kronoberg\/ledarutbildningar\/#breadcrumb","itemListElement":[{"@type":"ListItem","position":1,"name":"Hem","item":"https:\/\/www.4h.se\/kronoberg\/"},{"@type":"ListItem","position":2,"name":"Ledarutbildningar"}]},{"@type":"WebSite","@id":"https:\/\/www.4h.se\/kronoberg\/#website","url":"https:\/\/www.4h.se\/kronoberg\/","name":"4H i Kronoberg","description":"","potentialAction":[{"@type":"SearchAction","target":{"@type":"EntryPoint","urlTemplate":"https:\/\/www.4h.se\/kronoberg\/?s={search_term_string}"},"query-input":{"@type":"PropertyValueSpecification","valueRequired":true,"valueName":"search_term_string"}}],"inLanguage":"sv-SE"}]}},"_links":{"self":[{"href":"https:\/\/www.4h.se\/kronoberg\/wp-json\/wp\/v2\/pages\/626","targetHints":{"allow":["GET"]}}],"collection":[{"href":"https:\/\/www.4h.se\/kronoberg\/wp-json\/wp\/v2\/pages"}],"about":[{"href":"https:\/\/www.4h.se\/kronoberg\/wp-json\/wp\/v2\/types\/page"}],"author":[{"embeddable":true,"href":"https:\/\/www.4h.se\/kronoberg\/wp-json\/wp\/v2\/users\/85"}],"replies":[{"embeddable":true,"href":"https:\/\/www.4h.se\/kronoberg\/wp-json\/wp\/v2\/comments?post=626"}],"version-history":[{"count":0,"href":"https:\/\/www.4h.se\/kronoberg\/wp-json\/wp\/v2\/pages\/626\/revisions"}],"wp:attachment":[{"href":"https:\/\/www.4h.se\/kronoberg\/wp-json\/wp\/v2\/media?parent=626"}],"curies":[{"name":"wp","href":"https:\/\/api.w.org\/{rel}","templated":true}]}}