



{"id":555,"date":"2019-03-11T16:16:36","date_gmt":"2019-03-11T15:16:36","guid":{"rendered":"https:\/\/www.4h.se\/kronoberg\/?page_id=555"},"modified":"2019-11-26T10:40:15","modified_gmt":"2019-11-26T09:40:15","slug":"vaxjo-4h","status":"publish","type":"page","link":"https:\/\/www.4h.se\/kronoberg\/vaxjo-4h\/","title":{"rendered":"V\u00e4xj\u00f6 4H"},"content":{"rendered":"<div class=\"wpb-content-wrapper\"><p>[vc_row][vc_column width=&#8221;1\/2&#8243;][vc_column_text]<\/p>\n<h3><strong>V\u00e4xj\u00f6 4H-klubb<\/strong><\/h3>\n<p>&nbsp;<\/p>\n<p><strong>V\u00e4xj\u00f6 4H-klubb driver en 4H-g\u00e5rd med omfattande verksamhet p\u00e5 Hovshaga norr om V\u00e4xj\u00f6 centrum. G\u00e5rden \u00e4r en m\u00f6tesplats f\u00f6r alla barn och ungdomar som \u00e4lskar djur och\u00a0vill ha en meningsfull fritid.\u00a0G\u00e5rden \u00e4r alltid \u00f6ppen f\u00f6r allm\u00e4nheten.<\/strong><\/p>\n<p>H\u00e4star, f\u00e5r, getter, grisar, kaniner och h\u00f6ns \u2013 det finns m\u00e5nga djur p\u00e5 g\u00e5rden och barnen f\u00e5r hj\u00e4lpa personalen och\u00a0<a title=\"Bli djursk\u00f6tare\" href=\"https:\/\/www.4h.se\/vaxjo\/bli-djurskotare\/\">djursk\u00f6tarna\u00a0att ta hand om dem.<\/a>\u00a0V\u00e5rt utbud av aktiviteter kretsar mest kring djuren men vi g\u00f6r ocks\u00e5 andra roliga saker. H\u00e4r finns n\u00e5got f\u00f6r alla!<\/p>\n<p>All verksamhet utg\u00e5r fr\u00e5n v\u00e5r\u00a0<a title=\"Om\" href=\"https:\/\/www.4h.se\/vaxjo\/om\/\">vision<\/a>\u00a0samt de fyra Hna: huvud, hj\u00e4rta, hand och h\u00e4lsa. L\u00e4ra genom att g\u00f6ra \u00e4r v\u00e5rt motto!<\/p>\n<p>___________________________________________________________________________<\/p>\n<p><strong>\u00d6ppettider med personal:<\/strong><\/p>\n<p>M\u00e5ndag-fredag kl 8.00-16.30<\/p>\n<p>L\u00f6rdagar kl 10.00-15.00\u00a0<i><a href=\"https:\/\/www.4h.se\/vaxjo\/lordagsaktiviteter\/\">Se v\u00e5ra l\u00f6rdagsaktiviteter<\/a>\u00a0<\/i><\/p>\n<p>S\u00f6ndagar ingen personal<\/p>\n<h4><\/h4>\n<p>Vid fr\u00e5gor,\u00a0maila vaxjo@4h.se.<\/p>\n<p>&nbsp;<\/p>\n<p><a href=\"https:\/\/www.4h.se\/vaxjo\/\">Till hemsidan<\/a>[\/vc_column_text][\/vc_column][vc_column width=&#8221;1\/2&#8243;][vc_single_image image=&#8221;607&#8243; img_size=&#8221;500&#215;400&#8243;][\/vc_column][\/vc_row]<\/p>\n<\/div>","protected":false},"excerpt":{"rendered":"<p>[vc_row][vc_column width=&#8221;1\/2&#8243;][vc_column_text] V\u00e4xj\u00f6 4H-klubb &nbsp; V\u00e4xj\u00f6 4H-klubb driver en 4H-g\u00e5rd med omfattande verksamhet p\u00e5 Hovshaga norr om V\u00e4xj\u00f6 centrum. G\u00e5rden \u00e4r en m\u00f6tesplats f\u00f6r alla barn och ungdomar som \u00e4lskar djur och\u00a0vill ha en meningsfull fritid.\u00a0G\u00e5rden \u00e4r alltid \u00f6ppen f\u00f6r allm\u00e4nheten. H\u00e4star, f\u00e5r, getter, grisar, kaniner och h\u00f6ns \u2013 det finns m\u00e5nga djur p\u00e5 g\u00e5rden&nbsp; <a href=\"https:\/\/www.4h.se\/kronoberg\/vaxjo-4h\/\">&hellip; Read more <i class=\"glyphicon glyphicon-arrow-right\"><\/i><\/a><\/p>\n","protected":false},"author":85,"featured_media":0,"parent":0,"menu_order":0,"comment_status":"closed","ping_status":"closed","template":"","meta":{"footnotes":""},"class_list":["post-555","page","type-page","status-publish","hentry"],"yoast_head":"<!-- This site is optimized with the Yoast SEO plugin v27.4 - https:\/\/yoast.com\/product\/yoast-seo-wordpress\/ -->\n<title>V\u00e4xj\u00f6 4H - 4H i Kronoberg<\/title>\n<meta name=\"robots\" content=\"index, follow, max-snippet:-1, max-image-preview:large, max-video-preview:-1\" \/>\n<link rel=\"canonical\" href=\"https:\/\/www.4h.se\/kronoberg\/vaxjo-4h\/\" \/>\n<meta property=\"og:locale\" content=\"sv_SE\" \/>\n<meta property=\"og:type\" content=\"article\" \/>\n<meta property=\"og:title\" content=\"V\u00e4xj\u00f6 4H - 4H i Kronoberg\" \/>\n<meta property=\"og:description\" content=\"[vc_row][vc_column width=&#8221;1\/2&#8243;][vc_column_text] V\u00e4xj\u00f6 4H-klubb &nbsp; V\u00e4xj\u00f6 4H-klubb driver en 4H-g\u00e5rd med omfattande verksamhet p\u00e5 Hovshaga norr om V\u00e4xj\u00f6 centrum. G\u00e5rden \u00e4r en m\u00f6tesplats f\u00f6r alla barn och ungdomar som \u00e4lskar djur och\u00a0vill ha en meningsfull fritid.\u00a0G\u00e5rden \u00e4r alltid \u00f6ppen f\u00f6r allm\u00e4nheten. H\u00e4star, f\u00e5r, getter, grisar, kaniner och h\u00f6ns \u2013 det finns m\u00e5nga djur p\u00e5 g\u00e5rden&nbsp; &hellip; Read more\" \/>\n<meta property=\"og:url\" content=\"https:\/\/www.4h.se\/kronoberg\/vaxjo-4h\/\" \/>\n<meta property=\"og:site_name\" content=\"4H i Kronoberg\" \/>\n<meta property=\"article:modified_time\" content=\"2019-11-26T09:40:15+00:00\" \/>\n<meta name=\"twitter:card\" content=\"summary_large_image\" \/>\n<meta name=\"twitter:label1\" content=\"Ber\u00e4knad l\u00e4stid\" \/>\n\t<meta name=\"twitter:data1\" content=\"1 minut\" \/>\n<script type=\"application\/ld+json\" class=\"yoast-schema-graph\">{\"@context\":\"https:\\\/\\\/schema.org\",\"@graph\":[{\"@type\":\"WebPage\",\"@id\":\"https:\\\/\\\/www.4h.se\\\/kronoberg\\\/vaxjo-4h\\\/\",\"url\":\"https:\\\/\\\/www.4h.se\\\/kronoberg\\\/vaxjo-4h\\\/\",\"name\":\"V\u00e4xj\u00f6 4H - 4H i Kronoberg\",\"isPartOf\":{\"@id\":\"https:\\\/\\\/www.4h.se\\\/kronoberg\\\/#website\"},\"datePublished\":\"2019-03-11T15:16:36+00:00\",\"dateModified\":\"2019-11-26T09:40:15+00:00\",\"breadcrumb\":{\"@id\":\"https:\\\/\\\/www.4h.se\\\/kronoberg\\\/vaxjo-4h\\\/#breadcrumb\"},\"inLanguage\":\"sv-SE\",\"potentialAction\":[{\"@type\":\"ReadAction\",\"target\":[\"https:\\\/\\\/www.4h.se\\\/kronoberg\\\/vaxjo-4h\\\/\"]}]},{\"@type\":\"BreadcrumbList\",\"@id\":\"https:\\\/\\\/www.4h.se\\\/kronoberg\\\/vaxjo-4h\\\/#breadcrumb\",\"itemListElement\":[{\"@type\":\"ListItem\",\"position\":1,\"name\":\"Hem\",\"item\":\"https:\\\/\\\/www.4h.se\\\/kronoberg\\\/\"},{\"@type\":\"ListItem\",\"position\":2,\"name\":\"V\u00e4xj\u00f6 4H\"}]},{\"@type\":\"WebSite\",\"@id\":\"https:\\\/\\\/www.4h.se\\\/kronoberg\\\/#website\",\"url\":\"https:\\\/\\\/www.4h.se\\\/kronoberg\\\/\",\"name\":\"4H i Kronoberg\",\"description\":\"\",\"potentialAction\":[{\"@type\":\"SearchAction\",\"target\":{\"@type\":\"EntryPoint\",\"urlTemplate\":\"https:\\\/\\\/www.4h.se\\\/kronoberg\\\/?s={search_term_string}\"},\"query-input\":{\"@type\":\"PropertyValueSpecification\",\"valueRequired\":true,\"valueName\":\"search_term_string\"}}],\"inLanguage\":\"sv-SE\"}]}<\/script>\n<!-- \/ Yoast SEO plugin. -->","yoast_head_json":{"title":"V\u00e4xj\u00f6 4H - 4H i Kronoberg","robots":{"index":"index","follow":"follow","max-snippet":"max-snippet:-1","max-image-preview":"max-image-preview:large","max-video-preview":"max-video-preview:-1"},"canonical":"https:\/\/www.4h.se\/kronoberg\/vaxjo-4h\/","og_locale":"sv_SE","og_type":"article","og_title":"V\u00e4xj\u00f6 4H - 4H i Kronoberg","og_description":"[vc_row][vc_column width=&#8221;1\/2&#8243;][vc_column_text] V\u00e4xj\u00f6 4H-klubb &nbsp; V\u00e4xj\u00f6 4H-klubb driver en 4H-g\u00e5rd med omfattande verksamhet p\u00e5 Hovshaga norr om V\u00e4xj\u00f6 centrum. G\u00e5rden \u00e4r en m\u00f6tesplats f\u00f6r alla barn och ungdomar som \u00e4lskar djur och\u00a0vill ha en meningsfull fritid.\u00a0G\u00e5rden \u00e4r alltid \u00f6ppen f\u00f6r allm\u00e4nheten. H\u00e4star, f\u00e5r, getter, grisar, kaniner och h\u00f6ns \u2013 det finns m\u00e5nga djur p\u00e5 g\u00e5rden&nbsp; &hellip; Read more","og_url":"https:\/\/www.4h.se\/kronoberg\/vaxjo-4h\/","og_site_name":"4H i Kronoberg","article_modified_time":"2019-11-26T09:40:15+00:00","twitter_card":"summary_large_image","twitter_misc":{"Ber\u00e4knad l\u00e4stid":"1 minut"},"schema":{"@context":"https:\/\/schema.org","@graph":[{"@type":"WebPage","@id":"https:\/\/www.4h.se\/kronoberg\/vaxjo-4h\/","url":"https:\/\/www.4h.se\/kronoberg\/vaxjo-4h\/","name":"V\u00e4xj\u00f6 4H - 4H i Kronoberg","isPartOf":{"@id":"https:\/\/www.4h.se\/kronoberg\/#website"},"datePublished":"2019-03-11T15:16:36+00:00","dateModified":"2019-11-26T09:40:15+00:00","breadcrumb":{"@id":"https:\/\/www.4h.se\/kronoberg\/vaxjo-4h\/#breadcrumb"},"inLanguage":"sv-SE","potentialAction":[{"@type":"ReadAction","target":["https:\/\/www.4h.se\/kronoberg\/vaxjo-4h\/"]}]},{"@type":"BreadcrumbList","@id":"https:\/\/www.4h.se\/kronoberg\/vaxjo-4h\/#breadcrumb","itemListElement":[{"@type":"ListItem","position":1,"name":"Hem","item":"https:\/\/www.4h.se\/kronoberg\/"},{"@type":"ListItem","position":2,"name":"V\u00e4xj\u00f6 4H"}]},{"@type":"WebSite","@id":"https:\/\/www.4h.se\/kronoberg\/#website","url":"https:\/\/www.4h.se\/kronoberg\/","name":"4H i Kronoberg","description":"","potentialAction":[{"@type":"SearchAction","target":{"@type":"EntryPoint","urlTemplate":"https:\/\/www.4h.se\/kronoberg\/?s={search_term_string}"},"query-input":{"@type":"PropertyValueSpecification","valueRequired":true,"valueName":"search_term_string"}}],"inLanguage":"sv-SE"}]}},"_links":{"self":[{"href":"https:\/\/www.4h.se\/kronoberg\/wp-json\/wp\/v2\/pages\/555","targetHints":{"allow":["GET"]}}],"collection":[{"href":"https:\/\/www.4h.se\/kronoberg\/wp-json\/wp\/v2\/pages"}],"about":[{"href":"https:\/\/www.4h.se\/kronoberg\/wp-json\/wp\/v2\/types\/page"}],"author":[{"embeddable":true,"href":"https:\/\/www.4h.se\/kronoberg\/wp-json\/wp\/v2\/users\/85"}],"replies":[{"embeddable":true,"href":"https:\/\/www.4h.se\/kronoberg\/wp-json\/wp\/v2\/comments?post=555"}],"version-history":[{"count":0,"href":"https:\/\/www.4h.se\/kronoberg\/wp-json\/wp\/v2\/pages\/555\/revisions"}],"wp:attachment":[{"href":"https:\/\/www.4h.se\/kronoberg\/wp-json\/wp\/v2\/media?parent=555"}],"curies":[{"name":"wp","href":"https:\/\/api.w.org\/{rel}","templated":true}]}}