



{"id":420,"date":"2016-10-03T19:40:14","date_gmt":"2016-10-03T17:40:14","guid":{"rendered":"http:\/\/www.4h.se\/kronoberg\/?page_id=420"},"modified":"2019-01-21T11:17:13","modified_gmt":"2019-01-21T10:17:13","slug":"vaxjo4h","status":"publish","type":"page","link":"https:\/\/www.4h.se\/kronoberg\/vaxjo4h\/","title":{"rendered":"V\u00e4xj\u00f6 4H-g\u00e5rd"},"content":{"rendered":"<div class=\"wpb-content-wrapper\"><p>[vc_row][vc_column width=&#8221;1\/2&#8243;][vc_column_text]<\/p>\n<h1>V\u00e4xj\u00f6 4H-g\u00e5rd<\/h1>\n<p>I V\u00e4xj\u00f6 finns en 4H-g\u00e5rd med aktiviteter \u00e5ret runt som ligger i stadsdelen Hovshaga. P\u00e5 g\u00e5rden finns kaniner, h\u00e4star, h\u00f6ns, grisar, f\u00e5r och getter. V\u00e4lkomna att l\u00e4sa mer p\u00e5 v\u00e5r <a href=\"http:\/\/4h.se\/vaxjo\">hemsida.<\/a>[\/vc_column_text][\/vc_column][vc_column width=&#8221;1\/2&#8243;][vc_single_image image=&#8221;429&#8243; img_size=&#8221;medium&#8221;][\/vc_column][\/vc_row]<\/p>\n<\/div>","protected":false},"excerpt":{"rendered":"<p>[vc_row][vc_column width=&#8221;1\/2&#8243;][vc_column_text] V\u00e4xj\u00f6 4H-g\u00e5rd I V\u00e4xj\u00f6 finns en 4H-g\u00e5rd med aktiviteter \u00e5ret runt som ligger i stadsdelen Hovshaga. P\u00e5 g\u00e5rden finns kaniner, h\u00e4star, h\u00f6ns, grisar, f\u00e5r och getter. V\u00e4lkomna att l\u00e4sa mer p\u00e5 v\u00e5r hemsida.[\/vc_column_text][\/vc_column][vc_column width=&#8221;1\/2&#8243;][vc_single_image image=&#8221;429&#8243; img_size=&#8221;medium&#8221;][\/vc_column][\/vc_row]<\/p>\n","protected":false},"author":41,"featured_media":0,"parent":0,"menu_order":0,"comment_status":"closed","ping_status":"closed","template":"","meta":{"_acf_changed":false,"footnotes":""},"class_list":["post-420","page","type-page","status-publish","hentry"],"acf":[],"yoast_head":"<!-- This site is optimized with the Yoast SEO plugin v27.5 - https:\/\/yoast.com\/product\/yoast-seo-wordpress\/ -->\n<title>V\u00e4xj\u00f6 4H-g\u00e5rd - 4H i Kronoberg<\/title>\n<meta name=\"robots\" content=\"index, follow, max-snippet:-1, max-image-preview:large, max-video-preview:-1\" \/>\n<link rel=\"canonical\" href=\"https:\/\/www.4h.se\/kronoberg\/vaxjo4h\/\" \/>\n<meta property=\"og:locale\" content=\"sv_SE\" \/>\n<meta property=\"og:type\" content=\"article\" \/>\n<meta property=\"og:title\" content=\"V\u00e4xj\u00f6 4H-g\u00e5rd - 4H i Kronoberg\" \/>\n<meta property=\"og:description\" content=\"[vc_row][vc_column width=&#8221;1\/2&#8243;][vc_column_text] V\u00e4xj\u00f6 4H-g\u00e5rd I V\u00e4xj\u00f6 finns en 4H-g\u00e5rd med aktiviteter \u00e5ret runt som ligger i stadsdelen Hovshaga. P\u00e5 g\u00e5rden finns kaniner, h\u00e4star, h\u00f6ns, grisar, f\u00e5r och getter. V\u00e4lkomna att l\u00e4sa mer p\u00e5 v\u00e5r hemsida.[\/vc_column_text][\/vc_column][vc_column width=&#8221;1\/2&#8243;][vc_single_image image=&#8221;429&#8243; img_size=&#8221;medium&#8221;][\/vc_column][\/vc_row]\" \/>\n<meta property=\"og:url\" content=\"https:\/\/www.4h.se\/kronoberg\/vaxjo4h\/\" \/>\n<meta property=\"og:site_name\" content=\"4H i Kronoberg\" \/>\n<meta property=\"article:modified_time\" content=\"2019-01-21T10:17:13+00:00\" \/>\n<meta name=\"twitter:card\" content=\"summary_large_image\" \/>\n<script type=\"application\/ld+json\" class=\"yoast-schema-graph\">{\"@context\":\"https:\\\/\\\/schema.org\",\"@graph\":[{\"@type\":\"WebPage\",\"@id\":\"https:\\\/\\\/www.4h.se\\\/kronoberg\\\/vaxjo4h\\\/\",\"url\":\"https:\\\/\\\/www.4h.se\\\/kronoberg\\\/vaxjo4h\\\/\",\"name\":\"V\u00e4xj\u00f6 4H-g\u00e5rd - 4H i Kronoberg\",\"isPartOf\":{\"@id\":\"https:\\\/\\\/www.4h.se\\\/kronoberg\\\/#website\"},\"datePublished\":\"2016-10-03T17:40:14+00:00\",\"dateModified\":\"2019-01-21T10:17:13+00:00\",\"breadcrumb\":{\"@id\":\"https:\\\/\\\/www.4h.se\\\/kronoberg\\\/vaxjo4h\\\/#breadcrumb\"},\"inLanguage\":\"sv-SE\",\"potentialAction\":[{\"@type\":\"ReadAction\",\"target\":[\"https:\\\/\\\/www.4h.se\\\/kronoberg\\\/vaxjo4h\\\/\"]}]},{\"@type\":\"BreadcrumbList\",\"@id\":\"https:\\\/\\\/www.4h.se\\\/kronoberg\\\/vaxjo4h\\\/#breadcrumb\",\"itemListElement\":[{\"@type\":\"ListItem\",\"position\":1,\"name\":\"Hem\",\"item\":\"https:\\\/\\\/www.4h.se\\\/kronoberg\\\/\"},{\"@type\":\"ListItem\",\"position\":2,\"name\":\"V\u00e4xj\u00f6 4H-g\u00e5rd\"}]},{\"@type\":\"WebSite\",\"@id\":\"https:\\\/\\\/www.4h.se\\\/kronoberg\\\/#website\",\"url\":\"https:\\\/\\\/www.4h.se\\\/kronoberg\\\/\",\"name\":\"4H i Kronoberg\",\"description\":\"\",\"potentialAction\":[{\"@type\":\"SearchAction\",\"target\":{\"@type\":\"EntryPoint\",\"urlTemplate\":\"https:\\\/\\\/www.4h.se\\\/kronoberg\\\/?s={search_term_string}\"},\"query-input\":{\"@type\":\"PropertyValueSpecification\",\"valueRequired\":true,\"valueName\":\"search_term_string\"}}],\"inLanguage\":\"sv-SE\"}]}<\/script>\n<!-- \/ Yoast SEO plugin. -->","yoast_head_json":{"title":"V\u00e4xj\u00f6 4H-g\u00e5rd - 4H i Kronoberg","robots":{"index":"index","follow":"follow","max-snippet":"max-snippet:-1","max-image-preview":"max-image-preview:large","max-video-preview":"max-video-preview:-1"},"canonical":"https:\/\/www.4h.se\/kronoberg\/vaxjo4h\/","og_locale":"sv_SE","og_type":"article","og_title":"V\u00e4xj\u00f6 4H-g\u00e5rd - 4H i Kronoberg","og_description":"[vc_row][vc_column width=&#8221;1\/2&#8243;][vc_column_text] V\u00e4xj\u00f6 4H-g\u00e5rd I V\u00e4xj\u00f6 finns en 4H-g\u00e5rd med aktiviteter \u00e5ret runt som ligger i stadsdelen Hovshaga. P\u00e5 g\u00e5rden finns kaniner, h\u00e4star, h\u00f6ns, grisar, f\u00e5r och getter. V\u00e4lkomna att l\u00e4sa mer p\u00e5 v\u00e5r hemsida.[\/vc_column_text][\/vc_column][vc_column width=&#8221;1\/2&#8243;][vc_single_image image=&#8221;429&#8243; img_size=&#8221;medium&#8221;][\/vc_column][\/vc_row]","og_url":"https:\/\/www.4h.se\/kronoberg\/vaxjo4h\/","og_site_name":"4H i Kronoberg","article_modified_time":"2019-01-21T10:17:13+00:00","twitter_card":"summary_large_image","schema":{"@context":"https:\/\/schema.org","@graph":[{"@type":"WebPage","@id":"https:\/\/www.4h.se\/kronoberg\/vaxjo4h\/","url":"https:\/\/www.4h.se\/kronoberg\/vaxjo4h\/","name":"V\u00e4xj\u00f6 4H-g\u00e5rd - 4H i Kronoberg","isPartOf":{"@id":"https:\/\/www.4h.se\/kronoberg\/#website"},"datePublished":"2016-10-03T17:40:14+00:00","dateModified":"2019-01-21T10:17:13+00:00","breadcrumb":{"@id":"https:\/\/www.4h.se\/kronoberg\/vaxjo4h\/#breadcrumb"},"inLanguage":"sv-SE","potentialAction":[{"@type":"ReadAction","target":["https:\/\/www.4h.se\/kronoberg\/vaxjo4h\/"]}]},{"@type":"BreadcrumbList","@id":"https:\/\/www.4h.se\/kronoberg\/vaxjo4h\/#breadcrumb","itemListElement":[{"@type":"ListItem","position":1,"name":"Hem","item":"https:\/\/www.4h.se\/kronoberg\/"},{"@type":"ListItem","position":2,"name":"V\u00e4xj\u00f6 4H-g\u00e5rd"}]},{"@type":"WebSite","@id":"https:\/\/www.4h.se\/kronoberg\/#website","url":"https:\/\/www.4h.se\/kronoberg\/","name":"4H i Kronoberg","description":"","potentialAction":[{"@type":"SearchAction","target":{"@type":"EntryPoint","urlTemplate":"https:\/\/www.4h.se\/kronoberg\/?s={search_term_string}"},"query-input":{"@type":"PropertyValueSpecification","valueRequired":true,"valueName":"search_term_string"}}],"inLanguage":"sv-SE"}]}},"_links":{"self":[{"href":"https:\/\/www.4h.se\/kronoberg\/wp-json\/wp\/v2\/pages\/420","targetHints":{"allow":["GET"]}}],"collection":[{"href":"https:\/\/www.4h.se\/kronoberg\/wp-json\/wp\/v2\/pages"}],"about":[{"href":"https:\/\/www.4h.se\/kronoberg\/wp-json\/wp\/v2\/types\/page"}],"author":[{"embeddable":true,"href":"https:\/\/www.4h.se\/kronoberg\/wp-json\/wp\/v2\/users\/41"}],"replies":[{"embeddable":true,"href":"https:\/\/www.4h.se\/kronoberg\/wp-json\/wp\/v2\/comments?post=420"}],"version-history":[{"count":0,"href":"https:\/\/www.4h.se\/kronoberg\/wp-json\/wp\/v2\/pages\/420\/revisions"}],"wp:attachment":[{"href":"https:\/\/www.4h.se\/kronoberg\/wp-json\/wp\/v2\/media?parent=420"}],"curies":[{"name":"wp","href":"https:\/\/api.w.org\/{rel}","templated":true}]}}