



{"id":39,"date":"2014-12-09T20:10:35","date_gmt":"2014-12-09T19:10:35","guid":{"rendered":"http:\/\/www.4h.se\/rix16\/?page_id=39"},"modified":"2023-11-06T10:37:25","modified_gmt":"2023-11-06T09:37:25","slug":"hem","status":"publish","type":"page","link":"https:\/\/www.4h.se\/kronoberg\/","title":{"rendered":"Startsida"},"content":{"rendered":"<div class=\"wpb-content-wrapper\"><p>[vc_row][vc_column width=&#8221;1\/2&#8243;][vc_separator][vc_column_text]<\/p>\n<h1>V\u00e4lkommen till\u00a04H i Kronoberg!<\/h1>\n<p>[\/vc_column_text][vc_column_text]<strong>4H Kronoberg\u00a0samlar och st\u00f6ttar 4H-klubbarna i l\u00e4net. Vi anordnar ocks\u00e5 resor och l\u00e4ger f\u00f6r medlemmarna. Klubbarna finns bland annat i V\u00e4xj\u00f6, Boaryd, T\u00e4vels\u00e5s, \u00c4lmhult, och Sk\u00e4ggal\u00f6sa-Odensj\u00f6. I V\u00e4xj\u00f6 finns ocks\u00e5 en 4H-g\u00e5rd, p\u00e5 sommaren tv\u00e5.<\/strong><\/p>\n<p>4H \u00e4r en internationell ideell ungdomsorganisation med bred verksamhet inom allt fr\u00e5n odling och djur till idrott och teater. Vi finns i \u00f6ver 80 l\u00e4nder och riktar oss till barn och ungdomar 6-25 \u00e5r.<\/p>\n<p>4H st\u00e5r f\u00f6r: HUVUD f\u00f6r kunskap HJ\u00c4RTA f\u00f6r medk\u00e4nsla HAND f\u00f6r f\u00e4rdighet H\u00c4LSA f\u00f6r ett sundare levnadss\u00e4tt.<\/p>\n<p>4H:s vision \u00e4r att alla barn och ungdomar ska utvecklas till engagerade, v\u00e4lm\u00e5ende och ansvarstagande m\u00e4nniskor med respekt f\u00f6r omv\u00e4rlden.<\/p>\n<p>Visionen ska uppn\u00e5s genom att i samspel med m\u00e4nniskor och natur uppt\u00e4cka deras rika v\u00e4rden och m\u00e5ngfald. I detta \u00e4r varje art och individ en viktig del av helheten utan att vara mer v\u00e4rd \u00e4n n\u00e5gon annan.<\/p>\n<p>4Hs motto \u00e4r &#8221;L\u00e4ra genom att g\u00f6ra&#8221;, och v\u00e5rt m\u00e5l \u00e4r att det ska genomsyra all v\u00e5r verksamhet.<\/p>\n<p>Inom 4H arbetar vi ocks\u00e5 enligt mottot &#8221;Av ungdomar, f\u00f6r ungdomar&#8221;, d.v.s. v\u00e5ra ledare \u00e4r alla unga. I styrelser och kommitt\u00e9er sitter ungdomar, som sj\u00e4lva tar ansvar f\u00f6r och fattar beslut g\u00e4llande sin fritid.[\/vc_column_text][vc_single_image image=&#8221;591&#8243; img_size=&#8221;500&#215;900&#8243;][\/vc_column][vc_column width=&#8221;1\/2&#8243;][vc_column_text]<\/p>\n<h3><strong>Kommande<\/strong> aktiviteter<\/h3>\n<p><strong>Boda Borg<\/p>\n<p><\/strong>Vi \u00e5ker p\u00e5 v\u00e5r \u00e5rliga Boda Borgs resa sista dagen p\u00e5 jullovet, 2024 \u00e5ker vi till S\u00e4vsj\u00f6.<br \/>\n<a href=\"https:\/\/antribe.com\/org\/4h\/4h-i-kronoberg\/event\/boda-borg-i-savjo\">Mer info och anm\u00e4lan finns h\u00e4r.<\/a><\/p>\n<p>&nbsp;<\/p>\n<p><strong>Skidresa<\/strong><br \/>\nMer info kommer<\/p>\n<p>&nbsp;[\/vc_column_text][vc_wp_posts title=&#8221;Senaste nyheterna&#8221; number=&#8221;5&#8243;][vc_single_image image=&#8221;611&#8243; img_size=&#8221;550&#215;400&#8243;][\/vc_column][\/vc_row][vc_row][vc_column width=&#8221;1\/3&#8243;][vc_single_image image=&#8221;624&#8243; img_size=&#8221;200&#215;100&#8243;][\/vc_column][vc_column width=&#8221;1\/3&#8243;][vc_single_image image=&#8221;669&#8243; img_size=&#8221;medium&#8221;][\/vc_column][vc_column width=&#8221;1\/3&#8243;][\/vc_column][\/vc_row][vc_row][vc_column width=&#8221;1\/2&#8243;][\/vc_column][vc_column width=&#8221;1\/2&#8243;][\/vc_column][\/vc_row]<\/p>\n<\/div>","protected":false},"excerpt":{"rendered":"<p>[vc_row][vc_column width=&#8221;1\/2&#8243;][vc_separator][vc_column_text] V\u00e4lkommen till\u00a04H i Kronoberg! [\/vc_column_text][vc_column_text]4H Kronoberg\u00a0samlar och st\u00f6ttar 4H-klubbarna i l\u00e4net. Vi anordnar ocks\u00e5 resor och l\u00e4ger f\u00f6r medlemmarna. Klubbarna finns bland annat i V\u00e4xj\u00f6, Boaryd, T\u00e4vels\u00e5s, \u00c4lmhult, och Sk\u00e4ggal\u00f6sa-Odensj\u00f6. I V\u00e4xj\u00f6 finns ocks\u00e5 en 4H-g\u00e5rd, p\u00e5 sommaren tv\u00e5. 4H \u00e4r en internationell ideell ungdomsorganisation med bred verksamhet inom allt fr\u00e5n odling och&nbsp; <a href=\"https:\/\/www.4h.se\/kronoberg\/\">&hellip; Read more <i class=\"glyphicon glyphicon-arrow-right\"><\/i><\/a><\/p>\n","protected":false},"author":1,"featured_media":0,"parent":0,"menu_order":10,"comment_status":"closed","ping_status":"closed","template":"","meta":{"_acf_changed":false,"footnotes":""},"class_list":["post-39","page","type-page","status-publish","hentry"],"acf":[],"yoast_head":"<!-- This site is optimized with the Yoast SEO plugin v27.5 - https:\/\/yoast.com\/product\/yoast-seo-wordpress\/ -->\n<title>Startsida - 4H i Kronoberg<\/title>\n<meta name=\"robots\" content=\"index, follow, max-snippet:-1, max-image-preview:large, max-video-preview:-1\" \/>\n<link rel=\"canonical\" href=\"https:\/\/www.4h.se\/kronoberg\/\" \/>\n<meta property=\"og:locale\" content=\"sv_SE\" \/>\n<meta property=\"og:type\" content=\"article\" \/>\n<meta property=\"og:title\" content=\"Startsida - 4H i Kronoberg\" \/>\n<meta property=\"og:description\" content=\"[vc_row][vc_column width=&#8221;1\/2&#8243;][vc_separator][vc_column_text] V\u00e4lkommen till\u00a04H i Kronoberg! [\/vc_column_text][vc_column_text]4H Kronoberg\u00a0samlar och st\u00f6ttar 4H-klubbarna i l\u00e4net. Vi anordnar ocks\u00e5 resor och l\u00e4ger f\u00f6r medlemmarna. Klubbarna finns bland annat i V\u00e4xj\u00f6, Boaryd, T\u00e4vels\u00e5s, \u00c4lmhult, och Sk\u00e4ggal\u00f6sa-Odensj\u00f6. I V\u00e4xj\u00f6 finns ocks\u00e5 en 4H-g\u00e5rd, p\u00e5 sommaren tv\u00e5. 4H \u00e4r en internationell ideell ungdomsorganisation med bred verksamhet inom allt fr\u00e5n odling och&nbsp; &hellip; Read more\" \/>\n<meta property=\"og:url\" content=\"https:\/\/www.4h.se\/kronoberg\/\" \/>\n<meta property=\"og:site_name\" content=\"4H i Kronoberg\" \/>\n<meta property=\"article:modified_time\" content=\"2023-11-06T09:37:25+00:00\" \/>\n<meta name=\"twitter:card\" content=\"summary_large_image\" \/>\n<meta name=\"twitter:label1\" content=\"Ber\u00e4knad l\u00e4stid\" \/>\n\t<meta name=\"twitter:data1\" content=\"2 minuter\" \/>\n<script type=\"application\/ld+json\" class=\"yoast-schema-graph\">{\"@context\":\"https:\\\/\\\/schema.org\",\"@graph\":[{\"@type\":\"WebPage\",\"@id\":\"https:\\\/\\\/www.4h.se\\\/kronoberg\\\/\",\"url\":\"https:\\\/\\\/www.4h.se\\\/kronoberg\\\/\",\"name\":\"Startsida - 4H i Kronoberg\",\"isPartOf\":{\"@id\":\"https:\\\/\\\/www.4h.se\\\/kronoberg\\\/#website\"},\"datePublished\":\"2014-12-09T19:10:35+00:00\",\"dateModified\":\"2023-11-06T09:37:25+00:00\",\"breadcrumb\":{\"@id\":\"https:\\\/\\\/www.4h.se\\\/kronoberg\\\/#breadcrumb\"},\"inLanguage\":\"sv-SE\",\"potentialAction\":[{\"@type\":\"ReadAction\",\"target\":[\"https:\\\/\\\/www.4h.se\\\/kronoberg\\\/\"]}]},{\"@type\":\"BreadcrumbList\",\"@id\":\"https:\\\/\\\/www.4h.se\\\/kronoberg\\\/#breadcrumb\",\"itemListElement\":[{\"@type\":\"ListItem\",\"position\":1,\"name\":\"Hem\",\"item\":\"https:\\\/\\\/www.4h.se\\\/kronoberg\\\/\"},{\"@type\":\"ListItem\",\"position\":2,\"name\":\"Startsida\"}]},{\"@type\":\"WebSite\",\"@id\":\"https:\\\/\\\/www.4h.se\\\/kronoberg\\\/#website\",\"url\":\"https:\\\/\\\/www.4h.se\\\/kronoberg\\\/\",\"name\":\"4H i Kronoberg\",\"description\":\"\",\"potentialAction\":[{\"@type\":\"SearchAction\",\"target\":{\"@type\":\"EntryPoint\",\"urlTemplate\":\"https:\\\/\\\/www.4h.se\\\/kronoberg\\\/?s={search_term_string}\"},\"query-input\":{\"@type\":\"PropertyValueSpecification\",\"valueRequired\":true,\"valueName\":\"search_term_string\"}}],\"inLanguage\":\"sv-SE\"}]}<\/script>\n<!-- \/ Yoast SEO plugin. -->","yoast_head_json":{"title":"Startsida - 4H i Kronoberg","robots":{"index":"index","follow":"follow","max-snippet":"max-snippet:-1","max-image-preview":"max-image-preview:large","max-video-preview":"max-video-preview:-1"},"canonical":"https:\/\/www.4h.se\/kronoberg\/","og_locale":"sv_SE","og_type":"article","og_title":"Startsida - 4H i Kronoberg","og_description":"[vc_row][vc_column width=&#8221;1\/2&#8243;][vc_separator][vc_column_text] V\u00e4lkommen till\u00a04H i Kronoberg! [\/vc_column_text][vc_column_text]4H Kronoberg\u00a0samlar och st\u00f6ttar 4H-klubbarna i l\u00e4net. Vi anordnar ocks\u00e5 resor och l\u00e4ger f\u00f6r medlemmarna. Klubbarna finns bland annat i V\u00e4xj\u00f6, Boaryd, T\u00e4vels\u00e5s, \u00c4lmhult, och Sk\u00e4ggal\u00f6sa-Odensj\u00f6. I V\u00e4xj\u00f6 finns ocks\u00e5 en 4H-g\u00e5rd, p\u00e5 sommaren tv\u00e5. 4H \u00e4r en internationell ideell ungdomsorganisation med bred verksamhet inom allt fr\u00e5n odling och&nbsp; &hellip; Read more","og_url":"https:\/\/www.4h.se\/kronoberg\/","og_site_name":"4H i Kronoberg","article_modified_time":"2023-11-06T09:37:25+00:00","twitter_card":"summary_large_image","twitter_misc":{"Ber\u00e4knad l\u00e4stid":"2 minuter"},"schema":{"@context":"https:\/\/schema.org","@graph":[{"@type":"WebPage","@id":"https:\/\/www.4h.se\/kronoberg\/","url":"https:\/\/www.4h.se\/kronoberg\/","name":"Startsida - 4H i Kronoberg","isPartOf":{"@id":"https:\/\/www.4h.se\/kronoberg\/#website"},"datePublished":"2014-12-09T19:10:35+00:00","dateModified":"2023-11-06T09:37:25+00:00","breadcrumb":{"@id":"https:\/\/www.4h.se\/kronoberg\/#breadcrumb"},"inLanguage":"sv-SE","potentialAction":[{"@type":"ReadAction","target":["https:\/\/www.4h.se\/kronoberg\/"]}]},{"@type":"BreadcrumbList","@id":"https:\/\/www.4h.se\/kronoberg\/#breadcrumb","itemListElement":[{"@type":"ListItem","position":1,"name":"Hem","item":"https:\/\/www.4h.se\/kronoberg\/"},{"@type":"ListItem","position":2,"name":"Startsida"}]},{"@type":"WebSite","@id":"https:\/\/www.4h.se\/kronoberg\/#website","url":"https:\/\/www.4h.se\/kronoberg\/","name":"4H i Kronoberg","description":"","potentialAction":[{"@type":"SearchAction","target":{"@type":"EntryPoint","urlTemplate":"https:\/\/www.4h.se\/kronoberg\/?s={search_term_string}"},"query-input":{"@type":"PropertyValueSpecification","valueRequired":true,"valueName":"search_term_string"}}],"inLanguage":"sv-SE"}]}},"_links":{"self":[{"href":"https:\/\/www.4h.se\/kronoberg\/wp-json\/wp\/v2\/pages\/39","targetHints":{"allow":["GET"]}}],"collection":[{"href":"https:\/\/www.4h.se\/kronoberg\/wp-json\/wp\/v2\/pages"}],"about":[{"href":"https:\/\/www.4h.se\/kronoberg\/wp-json\/wp\/v2\/types\/page"}],"author":[{"embeddable":true,"href":"https:\/\/www.4h.se\/kronoberg\/wp-json\/wp\/v2\/users\/1"}],"replies":[{"embeddable":true,"href":"https:\/\/www.4h.se\/kronoberg\/wp-json\/wp\/v2\/comments?post=39"}],"version-history":[{"count":0,"href":"https:\/\/www.4h.se\/kronoberg\/wp-json\/wp\/v2\/pages\/39\/revisions"}],"wp:attachment":[{"href":"https:\/\/www.4h.se\/kronoberg\/wp-json\/wp\/v2\/media?parent=39"}],"curies":[{"name":"wp","href":"https:\/\/api.w.org\/{rel}","templated":true}]}}