



{"id":121,"date":"2015-01-23T20:08:12","date_gmt":"2015-01-23T19:08:12","guid":{"rendered":"http:\/\/www.4h.se\/rix16\/?page_id=121"},"modified":"2025-04-30T09:41:18","modified_gmt":"2025-04-30T07:41:18","slug":"kontakta-oss","status":"publish","type":"page","link":"https:\/\/www.4h.se\/kronoberg\/kontakta-oss\/","title":{"rendered":"Kontakta oss"},"content":{"rendered":"<div class=\"wpb-content-wrapper\"><p>[vc_row][vc_column width=&#8221;2\/3&#8243;][vc_column_text css=&#8221;&#8221;]<\/p>\n<h1>Kontakta oss<\/h1>\n<p>Mail: kronoberg@4h.se<\/p>\n<p><span style=\"color: black;\">F\u00f6lj oss\u00a0p\u00e5 Facebook och Instagram: Kronobergs l\u00e4ns 4H<\/span><\/p>\n<h2>L\u00e4nsf\u00f6rbundsstyrelsen i Kronobergs L\u00e4n<\/h2>\n<p>Ordf\u00f6rande: Johan Olofsson, johan92olofsson(@)gmail.com<\/p>\n<p>&nbsp;<\/p>\n<h2><\/h2>\n<p>&nbsp;<\/p>\n<p>&nbsp;[\/vc_column_text][\/vc_column][vc_column width=&#8221;1\/3&#8243;][\/vc_column][\/vc_row]<\/p>\n<\/div>","protected":false},"excerpt":{"rendered":"<p>[vc_row][vc_column width=&#8221;2\/3&#8243;][vc_column_text css=&#8221;&#8221;] Kontakta oss Mail: kronoberg@4h.se F\u00f6lj oss\u00a0p\u00e5 Facebook och Instagram: Kronobergs l\u00e4ns 4H L\u00e4nsf\u00f6rbundsstyrelsen i Kronobergs L\u00e4n Ordf\u00f6rande: Johan Olofsson, johan92olofsson(@)gmail.com &nbsp; &nbsp; &nbsp;[\/vc_column_text][\/vc_column][vc_column width=&#8221;1\/3&#8243;][\/vc_column][\/vc_row]<\/p>\n","protected":false},"author":1,"featured_media":0,"parent":0,"menu_order":5,"comment_status":"closed","ping_status":"closed","template":"","meta":{"_acf_changed":false,"footnotes":""},"class_list":["post-121","page","type-page","status-publish","hentry"],"acf":[],"yoast_head":"<!-- This site is optimized with the Yoast SEO plugin v27.5 - https:\/\/yoast.com\/product\/yoast-seo-wordpress\/ -->\n<title>Kontakta oss - 4H i Kronoberg<\/title>\n<meta name=\"robots\" content=\"index, follow, max-snippet:-1, max-image-preview:large, max-video-preview:-1\" \/>\n<link rel=\"canonical\" href=\"https:\/\/www.4h.se\/kronoberg\/kontakta-oss\/\" \/>\n<meta property=\"og:locale\" content=\"sv_SE\" \/>\n<meta property=\"og:type\" content=\"article\" \/>\n<meta property=\"og:title\" content=\"Kontakta oss - 4H i Kronoberg\" \/>\n<meta property=\"og:description\" content=\"[vc_row][vc_column width=&#8221;2\/3&#8243;][vc_column_text css=&#8221;&#8221;] Kontakta oss Mail: kronoberg@4h.se F\u00f6lj oss\u00a0p\u00e5 Facebook och Instagram: Kronobergs l\u00e4ns 4H L\u00e4nsf\u00f6rbundsstyrelsen i Kronobergs L\u00e4n Ordf\u00f6rande: Johan Olofsson, johan92olofsson(@)gmail.com &nbsp; &nbsp; &nbsp;[\/vc_column_text][\/vc_column][vc_column width=&#8221;1\/3&#8243;][\/vc_column][\/vc_row]\" \/>\n<meta property=\"og:url\" content=\"https:\/\/www.4h.se\/kronoberg\/kontakta-oss\/\" \/>\n<meta property=\"og:site_name\" content=\"4H i Kronoberg\" \/>\n<meta property=\"article:modified_time\" content=\"2025-04-30T07:41:18+00:00\" \/>\n<meta name=\"twitter:card\" content=\"summary_large_image\" \/>\n<script type=\"application\/ld+json\" class=\"yoast-schema-graph\">{\"@context\":\"https:\\\/\\\/schema.org\",\"@graph\":[{\"@type\":\"WebPage\",\"@id\":\"https:\\\/\\\/www.4h.se\\\/kronoberg\\\/kontakta-oss\\\/\",\"url\":\"https:\\\/\\\/www.4h.se\\\/kronoberg\\\/kontakta-oss\\\/\",\"name\":\"Kontakta oss - 4H i Kronoberg\",\"isPartOf\":{\"@id\":\"https:\\\/\\\/www.4h.se\\\/kronoberg\\\/#website\"},\"datePublished\":\"2015-01-23T19:08:12+00:00\",\"dateModified\":\"2025-04-30T07:41:18+00:00\",\"breadcrumb\":{\"@id\":\"https:\\\/\\\/www.4h.se\\\/kronoberg\\\/kontakta-oss\\\/#breadcrumb\"},\"inLanguage\":\"sv-SE\",\"potentialAction\":[{\"@type\":\"ReadAction\",\"target\":[\"https:\\\/\\\/www.4h.se\\\/kronoberg\\\/kontakta-oss\\\/\"]}]},{\"@type\":\"BreadcrumbList\",\"@id\":\"https:\\\/\\\/www.4h.se\\\/kronoberg\\\/kontakta-oss\\\/#breadcrumb\",\"itemListElement\":[{\"@type\":\"ListItem\",\"position\":1,\"name\":\"Hem\",\"item\":\"https:\\\/\\\/www.4h.se\\\/kronoberg\\\/\"},{\"@type\":\"ListItem\",\"position\":2,\"name\":\"Kontakta oss\"}]},{\"@type\":\"WebSite\",\"@id\":\"https:\\\/\\\/www.4h.se\\\/kronoberg\\\/#website\",\"url\":\"https:\\\/\\\/www.4h.se\\\/kronoberg\\\/\",\"name\":\"4H i Kronoberg\",\"description\":\"\",\"potentialAction\":[{\"@type\":\"SearchAction\",\"target\":{\"@type\":\"EntryPoint\",\"urlTemplate\":\"https:\\\/\\\/www.4h.se\\\/kronoberg\\\/?s={search_term_string}\"},\"query-input\":{\"@type\":\"PropertyValueSpecification\",\"valueRequired\":true,\"valueName\":\"search_term_string\"}}],\"inLanguage\":\"sv-SE\"}]}<\/script>\n<!-- \/ Yoast SEO plugin. -->","yoast_head_json":{"title":"Kontakta oss - 4H i Kronoberg","robots":{"index":"index","follow":"follow","max-snippet":"max-snippet:-1","max-image-preview":"max-image-preview:large","max-video-preview":"max-video-preview:-1"},"canonical":"https:\/\/www.4h.se\/kronoberg\/kontakta-oss\/","og_locale":"sv_SE","og_type":"article","og_title":"Kontakta oss - 4H i Kronoberg","og_description":"[vc_row][vc_column width=&#8221;2\/3&#8243;][vc_column_text css=&#8221;&#8221;] Kontakta oss Mail: kronoberg@4h.se F\u00f6lj oss\u00a0p\u00e5 Facebook och Instagram: Kronobergs l\u00e4ns 4H L\u00e4nsf\u00f6rbundsstyrelsen i Kronobergs L\u00e4n Ordf\u00f6rande: Johan Olofsson, johan92olofsson(@)gmail.com &nbsp; &nbsp; &nbsp;[\/vc_column_text][\/vc_column][vc_column width=&#8221;1\/3&#8243;][\/vc_column][\/vc_row]","og_url":"https:\/\/www.4h.se\/kronoberg\/kontakta-oss\/","og_site_name":"4H i Kronoberg","article_modified_time":"2025-04-30T07:41:18+00:00","twitter_card":"summary_large_image","schema":{"@context":"https:\/\/schema.org","@graph":[{"@type":"WebPage","@id":"https:\/\/www.4h.se\/kronoberg\/kontakta-oss\/","url":"https:\/\/www.4h.se\/kronoberg\/kontakta-oss\/","name":"Kontakta oss - 4H i Kronoberg","isPartOf":{"@id":"https:\/\/www.4h.se\/kronoberg\/#website"},"datePublished":"2015-01-23T19:08:12+00:00","dateModified":"2025-04-30T07:41:18+00:00","breadcrumb":{"@id":"https:\/\/www.4h.se\/kronoberg\/kontakta-oss\/#breadcrumb"},"inLanguage":"sv-SE","potentialAction":[{"@type":"ReadAction","target":["https:\/\/www.4h.se\/kronoberg\/kontakta-oss\/"]}]},{"@type":"BreadcrumbList","@id":"https:\/\/www.4h.se\/kronoberg\/kontakta-oss\/#breadcrumb","itemListElement":[{"@type":"ListItem","position":1,"name":"Hem","item":"https:\/\/www.4h.se\/kronoberg\/"},{"@type":"ListItem","position":2,"name":"Kontakta oss"}]},{"@type":"WebSite","@id":"https:\/\/www.4h.se\/kronoberg\/#website","url":"https:\/\/www.4h.se\/kronoberg\/","name":"4H i Kronoberg","description":"","potentialAction":[{"@type":"SearchAction","target":{"@type":"EntryPoint","urlTemplate":"https:\/\/www.4h.se\/kronoberg\/?s={search_term_string}"},"query-input":{"@type":"PropertyValueSpecification","valueRequired":true,"valueName":"search_term_string"}}],"inLanguage":"sv-SE"}]}},"_links":{"self":[{"href":"https:\/\/www.4h.se\/kronoberg\/wp-json\/wp\/v2\/pages\/121","targetHints":{"allow":["GET"]}}],"collection":[{"href":"https:\/\/www.4h.se\/kronoberg\/wp-json\/wp\/v2\/pages"}],"about":[{"href":"https:\/\/www.4h.se\/kronoberg\/wp-json\/wp\/v2\/types\/page"}],"author":[{"embeddable":true,"href":"https:\/\/www.4h.se\/kronoberg\/wp-json\/wp\/v2\/users\/1"}],"replies":[{"embeddable":true,"href":"https:\/\/www.4h.se\/kronoberg\/wp-json\/wp\/v2\/comments?post=121"}],"version-history":[{"count":0,"href":"https:\/\/www.4h.se\/kronoberg\/wp-json\/wp\/v2\/pages\/121\/revisions"}],"wp:attachment":[{"href":"https:\/\/www.4h.se\/kronoberg\/wp-json\/wp\/v2\/media?parent=121"}],"curies":[{"name":"wp","href":"https:\/\/api.w.org\/{rel}","templated":true}]}}