



{"id":502,"date":"2018-01-28T17:35:18","date_gmt":"2018-01-28T16:35:18","guid":{"rendered":"http:\/\/www.4h.se\/karsta\/?page_id=502"},"modified":"2022-03-21T15:29:40","modified_gmt":"2022-03-21T14:29:40","slug":"502-2","status":"publish","type":"page","link":"https:\/\/www.4h.se\/karsta\/502-2\/","title":{"rendered":"Mer information kommer inom kort"},"content":{"rendered":"","protected":false},"excerpt":{"rendered":"","protected":false},"author":106,"featured_media":0,"parent":0,"menu_order":0,"comment_status":"closed","ping_status":"closed","template":"","meta":{"_acf_changed":false,"footnotes":""},"class_list":["post-502","page","type-page","status-publish","hentry"],"acf":[],"yoast_head":"<!-- This site is optimized with the Yoast SEO plugin v27.5 - https:\/\/yoast.com\/product\/yoast-seo-wordpress\/ -->\n<title>Mer information kommer inom kort - K\u00e5rsta 4H-klubb<\/title>\n<meta name=\"robots\" content=\"index, follow, max-snippet:-1, max-image-preview:large, max-video-preview:-1\" \/>\n<link rel=\"canonical\" href=\"https:\/\/www.4h.se\/karsta\/502-2\/\" \/>\n<meta property=\"og:locale\" content=\"sv_SE\" \/>\n<meta property=\"og:type\" content=\"article\" \/>\n<meta property=\"og:title\" content=\"Mer information kommer inom kort - K\u00e5rsta 4H-klubb\" \/>\n<meta property=\"og:url\" content=\"https:\/\/www.4h.se\/karsta\/502-2\/\" \/>\n<meta property=\"og:site_name\" content=\"K\u00e5rsta 4H-klubb\" \/>\n<meta property=\"article:modified_time\" content=\"2022-03-21T14:29:40+00:00\" \/>\n<meta name=\"twitter:card\" content=\"summary_large_image\" \/>\n<script type=\"application\/ld+json\" class=\"yoast-schema-graph\">{\"@context\":\"https:\\\/\\\/schema.org\",\"@graph\":[{\"@type\":\"WebPage\",\"@id\":\"https:\\\/\\\/www.4h.se\\\/karsta\\\/502-2\\\/\",\"url\":\"https:\\\/\\\/www.4h.se\\\/karsta\\\/502-2\\\/\",\"name\":\"Mer information kommer inom kort - K\u00e5rsta 4H-klubb\",\"isPartOf\":{\"@id\":\"https:\\\/\\\/www.4h.se\\\/karsta\\\/#website\"},\"datePublished\":\"2018-01-28T16:35:18+00:00\",\"dateModified\":\"2022-03-21T14:29:40+00:00\",\"breadcrumb\":{\"@id\":\"https:\\\/\\\/www.4h.se\\\/karsta\\\/502-2\\\/#breadcrumb\"},\"inLanguage\":\"sv-SE\",\"potentialAction\":[{\"@type\":\"ReadAction\",\"target\":[\"https:\\\/\\\/www.4h.se\\\/karsta\\\/502-2\\\/\"]}]},{\"@type\":\"BreadcrumbList\",\"@id\":\"https:\\\/\\\/www.4h.se\\\/karsta\\\/502-2\\\/#breadcrumb\",\"itemListElement\":[{\"@type\":\"ListItem\",\"position\":1,\"name\":\"Hem\",\"item\":\"https:\\\/\\\/www.4h.se\\\/karsta\\\/\"},{\"@type\":\"ListItem\",\"position\":2,\"name\":\"Mer information kommer inom kort\"}]},{\"@type\":\"WebSite\",\"@id\":\"https:\\\/\\\/www.4h.se\\\/karsta\\\/#website\",\"url\":\"https:\\\/\\\/www.4h.se\\\/karsta\\\/\",\"name\":\"K\u00e5rsta 4H-klubb\",\"description\":\"Huvud - Hj\u00e4rta -  Hand - H\u00e4lsa\",\"potentialAction\":[{\"@type\":\"SearchAction\",\"target\":{\"@type\":\"EntryPoint\",\"urlTemplate\":\"https:\\\/\\\/www.4h.se\\\/karsta\\\/?s={search_term_string}\"},\"query-input\":{\"@type\":\"PropertyValueSpecification\",\"valueRequired\":true,\"valueName\":\"search_term_string\"}}],\"inLanguage\":\"sv-SE\"}]}<\/script>\n<!-- \/ Yoast SEO plugin. -->","yoast_head_json":{"title":"Mer information kommer inom kort - K\u00e5rsta 4H-klubb","robots":{"index":"index","follow":"follow","max-snippet":"max-snippet:-1","max-image-preview":"max-image-preview:large","max-video-preview":"max-video-preview:-1"},"canonical":"https:\/\/www.4h.se\/karsta\/502-2\/","og_locale":"sv_SE","og_type":"article","og_title":"Mer information kommer inom kort - K\u00e5rsta 4H-klubb","og_url":"https:\/\/www.4h.se\/karsta\/502-2\/","og_site_name":"K\u00e5rsta 4H-klubb","article_modified_time":"2022-03-21T14:29:40+00:00","twitter_card":"summary_large_image","schema":{"@context":"https:\/\/schema.org","@graph":[{"@type":"WebPage","@id":"https:\/\/www.4h.se\/karsta\/502-2\/","url":"https:\/\/www.4h.se\/karsta\/502-2\/","name":"Mer information kommer inom kort - K\u00e5rsta 4H-klubb","isPartOf":{"@id":"https:\/\/www.4h.se\/karsta\/#website"},"datePublished":"2018-01-28T16:35:18+00:00","dateModified":"2022-03-21T14:29:40+00:00","breadcrumb":{"@id":"https:\/\/www.4h.se\/karsta\/502-2\/#breadcrumb"},"inLanguage":"sv-SE","potentialAction":[{"@type":"ReadAction","target":["https:\/\/www.4h.se\/karsta\/502-2\/"]}]},{"@type":"BreadcrumbList","@id":"https:\/\/www.4h.se\/karsta\/502-2\/#breadcrumb","itemListElement":[{"@type":"ListItem","position":1,"name":"Hem","item":"https:\/\/www.4h.se\/karsta\/"},{"@type":"ListItem","position":2,"name":"Mer information kommer inom kort"}]},{"@type":"WebSite","@id":"https:\/\/www.4h.se\/karsta\/#website","url":"https:\/\/www.4h.se\/karsta\/","name":"K\u00e5rsta 4H-klubb","description":"Huvud - Hj\u00e4rta -  Hand - H\u00e4lsa","potentialAction":[{"@type":"SearchAction","target":{"@type":"EntryPoint","urlTemplate":"https:\/\/www.4h.se\/karsta\/?s={search_term_string}"},"query-input":{"@type":"PropertyValueSpecification","valueRequired":true,"valueName":"search_term_string"}}],"inLanguage":"sv-SE"}]}},"_links":{"self":[{"href":"https:\/\/www.4h.se\/karsta\/wp-json\/wp\/v2\/pages\/502","targetHints":{"allow":["GET"]}}],"collection":[{"href":"https:\/\/www.4h.se\/karsta\/wp-json\/wp\/v2\/pages"}],"about":[{"href":"https:\/\/www.4h.se\/karsta\/wp-json\/wp\/v2\/types\/page"}],"author":[{"embeddable":true,"href":"https:\/\/www.4h.se\/karsta\/wp-json\/wp\/v2\/users\/106"}],"replies":[{"embeddable":true,"href":"https:\/\/www.4h.se\/karsta\/wp-json\/wp\/v2\/comments?post=502"}],"version-history":[{"count":0,"href":"https:\/\/www.4h.se\/karsta\/wp-json\/wp\/v2\/pages\/502\/revisions"}],"wp:attachment":[{"href":"https:\/\/www.4h.se\/karsta\/wp-json\/wp\/v2\/media?parent=502"}],"curies":[{"name":"wp","href":"https:\/\/api.w.org\/{rel}","templated":true}]}}