



{"id":285,"date":"2015-10-07T09:13:53","date_gmt":"2015-10-07T07:13:53","guid":{"rendered":"http:\/\/www.4h.se\/karsta\/?page_id=285"},"modified":"2023-10-19T11:55:39","modified_gmt":"2023-10-19T09:55:39","slug":"bli-medlem","status":"publish","type":"page","link":"https:\/\/www.4h.se\/karsta\/bli-medlem\/","title":{"rendered":"Bli medlem"},"content":{"rendered":"<div class=\"wpb-content-wrapper\"><p>[vc_row][vc_column][vc_column_text]<\/p>\n<h1>Medlem och v\u00e4n till K\u00e5rsta 4H klubb<\/h1>\n<h2>Bli medlem i 4H och v\u00e5r klubb<\/h2>\n<p><strong>F\u00f6r dig som \u00e4r 6-25 \u00e5r\u00a0och deltar i v\u00e5ra aktiviteter.<\/strong><\/p>\n<p><strong>250 kr<\/strong>\u00a0\/ kalender\u00e5r<\/p>\n<p><strong>F\u00f6r dig som \u00e4r \u00f6ver 26 \u00e5r\u00a0och deltar i v\u00e5ra aktiviteter.<\/strong><\/p>\n<p><strong>350 k<\/strong>r \/ kalender\u00e5r<\/p>\n<p>Registrera\u00a0ditt medlemskap p\u00e5<\/p>\n<p><a title=\"L\u00e4nk till sida att s\u00f6ka medlemskap\" href=\"https:\/\/membersky.com\/org\/4h\/karsta-4h\/bli-medlem\"><strong>https:\/\/membersky.com\/org\/4h\/karsta-4h\/bli-medlem<\/strong><\/a><\/p>\n<p><strong>Medlemskapet<\/strong><\/p>\n<p>&#8211; ger dig ett l\u00e4gre pris p\u00e5 v\u00e5ra aktiviteter<\/p>\n<p>&#8211; medf\u00f6r att du omfattas av 4Hs olycksfallsf\u00f6rs\u00e4kring vid v\u00e5ra aktiviteter<\/p>\n<p>L\u00e4s mer\u00a0<a href=\"https:\/\/www.4h.se\/medlemshandbok\/medlemsforsakring\/\">https:\/\/www.4h.se\/medlemshandbok\/medlemsforsakring\/<\/a><\/p>\n<p>&#8211;\u00a0g\u00f6r att du\u00a0automatisk \u00e4r medlem i 4H Stockholms l\u00e4n och 4H Riks<\/p>\n<p>&#8211; ger dig r\u00f6str\u00e4tt p\u00e5 v\u00e5rt \u00e5rsm\u00f6te<\/p>\n<p>&nbsp;<\/p>\n<h2><strong>K\u00e5rsta 4H v\u00e4n<\/strong><\/h2>\n<p><strong>350 kr<\/strong>\u00a0\u00e5r\/kalender\u00e5r.<\/p>\n<p>Som v\u00e4n st\u00f6ttar du v\u00e5ra aktiviteter f\u00f6r v\u00e5ra medlemmar och underh\u00e5llet av v\u00e5rt klubbhus.<\/p>\n<p>Pengar g\u00e5r s\u00e5ledes direkt till K\u00e5rsta 4Hs verksamhet.<\/p>\n<p>Du \u00e4r inte medlem i f\u00f6reningen, men Du deltar\u00a0till medlemspris i\u00a0v\u00e5ra aktiviteter.<\/p>\n<p>Swisha till 1230773283 ange mobilnummer(K\u00e5rsta 4H Klubb)<\/p>\n<p>P\u00e5 betalningen anger du: Namn, adress, telefonnummer och e-post[\/vc_column_text][\/vc_column][\/vc_row]<\/p>\n<\/div>","protected":false},"excerpt":{"rendered":"<p>[vc_row][vc_column][vc_column_text] Medlem och v\u00e4n till K\u00e5rsta 4H klubb Bli medlem i 4H och v\u00e5r klubb F\u00f6r dig som \u00e4r 6-25 \u00e5r\u00a0och deltar i v\u00e5ra aktiviteter. 250 kr\u00a0\/ kalender\u00e5r F\u00f6r dig som \u00e4r \u00f6ver 26 \u00e5r\u00a0och deltar i v\u00e5ra aktiviteter. 350 kr \/ kalender\u00e5r Registrera\u00a0ditt medlemskap p\u00e5 https:\/\/membersky.com\/org\/4h\/karsta-4h\/bli-medlem Medlemskapet &#8211; ger dig ett l\u00e4gre pris p\u00e5&nbsp; <a href=\"https:\/\/www.4h.se\/karsta\/bli-medlem\/\">&hellip; Read more <i class=\"glyphicon glyphicon-arrow-right\"><\/i><\/a><\/p>\n","protected":false},"author":1,"featured_media":0,"parent":0,"menu_order":4,"comment_status":"closed","ping_status":"closed","template":"","meta":{"_acf_changed":false,"footnotes":""},"class_list":["post-285","page","type-page","status-publish","hentry"],"acf":[],"yoast_head":"<!-- This site is optimized with the Yoast SEO plugin v27.5 - https:\/\/yoast.com\/product\/yoast-seo-wordpress\/ -->\n<title>Bli medlem - K\u00e5rsta 4H-klubb<\/title>\n<meta name=\"robots\" content=\"index, follow, max-snippet:-1, max-image-preview:large, max-video-preview:-1\" \/>\n<link rel=\"canonical\" href=\"https:\/\/www.4h.se\/karsta\/bli-medlem\/\" \/>\n<meta property=\"og:locale\" content=\"sv_SE\" \/>\n<meta property=\"og:type\" content=\"article\" \/>\n<meta property=\"og:title\" content=\"Bli medlem - K\u00e5rsta 4H-klubb\" \/>\n<meta property=\"og:description\" content=\"[vc_row][vc_column][vc_column_text] Medlem och v\u00e4n till K\u00e5rsta 4H klubb Bli medlem i 4H och v\u00e5r klubb F\u00f6r dig som \u00e4r 6-25 \u00e5r\u00a0och deltar i v\u00e5ra aktiviteter. 250 kr\u00a0\/ kalender\u00e5r F\u00f6r dig som \u00e4r \u00f6ver 26 \u00e5r\u00a0och deltar i v\u00e5ra aktiviteter. 350 kr \/ kalender\u00e5r Registrera\u00a0ditt medlemskap p\u00e5 https:\/\/membersky.com\/org\/4h\/karsta-4h\/bli-medlem Medlemskapet &#8211; ger dig ett l\u00e4gre pris p\u00e5&nbsp; &hellip; Read more\" \/>\n<meta property=\"og:url\" content=\"https:\/\/www.4h.se\/karsta\/bli-medlem\/\" \/>\n<meta property=\"og:site_name\" content=\"K\u00e5rsta 4H-klubb\" \/>\n<meta property=\"article:modified_time\" content=\"2023-10-19T09:55:39+00:00\" \/>\n<meta name=\"twitter:card\" content=\"summary_large_image\" \/>\n<meta name=\"twitter:label1\" content=\"Ber\u00e4knad l\u00e4stid\" \/>\n\t<meta name=\"twitter:data1\" content=\"1 minut\" \/>\n<script type=\"application\/ld+json\" class=\"yoast-schema-graph\">{\"@context\":\"https:\\\/\\\/schema.org\",\"@graph\":[{\"@type\":\"WebPage\",\"@id\":\"https:\\\/\\\/www.4h.se\\\/karsta\\\/bli-medlem\\\/\",\"url\":\"https:\\\/\\\/www.4h.se\\\/karsta\\\/bli-medlem\\\/\",\"name\":\"Bli medlem - K\u00e5rsta 4H-klubb\",\"isPartOf\":{\"@id\":\"https:\\\/\\\/www.4h.se\\\/karsta\\\/#website\"},\"datePublished\":\"2015-10-07T07:13:53+00:00\",\"dateModified\":\"2023-10-19T09:55:39+00:00\",\"breadcrumb\":{\"@id\":\"https:\\\/\\\/www.4h.se\\\/karsta\\\/bli-medlem\\\/#breadcrumb\"},\"inLanguage\":\"sv-SE\",\"potentialAction\":[{\"@type\":\"ReadAction\",\"target\":[\"https:\\\/\\\/www.4h.se\\\/karsta\\\/bli-medlem\\\/\"]}]},{\"@type\":\"BreadcrumbList\",\"@id\":\"https:\\\/\\\/www.4h.se\\\/karsta\\\/bli-medlem\\\/#breadcrumb\",\"itemListElement\":[{\"@type\":\"ListItem\",\"position\":1,\"name\":\"Hem\",\"item\":\"https:\\\/\\\/www.4h.se\\\/karsta\\\/\"},{\"@type\":\"ListItem\",\"position\":2,\"name\":\"Bli medlem\"}]},{\"@type\":\"WebSite\",\"@id\":\"https:\\\/\\\/www.4h.se\\\/karsta\\\/#website\",\"url\":\"https:\\\/\\\/www.4h.se\\\/karsta\\\/\",\"name\":\"K\u00e5rsta 4H-klubb\",\"description\":\"Huvud - Hj\u00e4rta -  Hand - H\u00e4lsa\",\"potentialAction\":[{\"@type\":\"SearchAction\",\"target\":{\"@type\":\"EntryPoint\",\"urlTemplate\":\"https:\\\/\\\/www.4h.se\\\/karsta\\\/?s={search_term_string}\"},\"query-input\":{\"@type\":\"PropertyValueSpecification\",\"valueRequired\":true,\"valueName\":\"search_term_string\"}}],\"inLanguage\":\"sv-SE\"}]}<\/script>\n<!-- \/ Yoast SEO plugin. -->","yoast_head_json":{"title":"Bli medlem - K\u00e5rsta 4H-klubb","robots":{"index":"index","follow":"follow","max-snippet":"max-snippet:-1","max-image-preview":"max-image-preview:large","max-video-preview":"max-video-preview:-1"},"canonical":"https:\/\/www.4h.se\/karsta\/bli-medlem\/","og_locale":"sv_SE","og_type":"article","og_title":"Bli medlem - K\u00e5rsta 4H-klubb","og_description":"[vc_row][vc_column][vc_column_text] Medlem och v\u00e4n till K\u00e5rsta 4H klubb Bli medlem i 4H och v\u00e5r klubb F\u00f6r dig som \u00e4r 6-25 \u00e5r\u00a0och deltar i v\u00e5ra aktiviteter. 250 kr\u00a0\/ kalender\u00e5r F\u00f6r dig som \u00e4r \u00f6ver 26 \u00e5r\u00a0och deltar i v\u00e5ra aktiviteter. 350 kr \/ kalender\u00e5r Registrera\u00a0ditt medlemskap p\u00e5 https:\/\/membersky.com\/org\/4h\/karsta-4h\/bli-medlem Medlemskapet &#8211; ger dig ett l\u00e4gre pris p\u00e5&nbsp; &hellip; Read more","og_url":"https:\/\/www.4h.se\/karsta\/bli-medlem\/","og_site_name":"K\u00e5rsta 4H-klubb","article_modified_time":"2023-10-19T09:55:39+00:00","twitter_card":"summary_large_image","twitter_misc":{"Ber\u00e4knad l\u00e4stid":"1 minut"},"schema":{"@context":"https:\/\/schema.org","@graph":[{"@type":"WebPage","@id":"https:\/\/www.4h.se\/karsta\/bli-medlem\/","url":"https:\/\/www.4h.se\/karsta\/bli-medlem\/","name":"Bli medlem - K\u00e5rsta 4H-klubb","isPartOf":{"@id":"https:\/\/www.4h.se\/karsta\/#website"},"datePublished":"2015-10-07T07:13:53+00:00","dateModified":"2023-10-19T09:55:39+00:00","breadcrumb":{"@id":"https:\/\/www.4h.se\/karsta\/bli-medlem\/#breadcrumb"},"inLanguage":"sv-SE","potentialAction":[{"@type":"ReadAction","target":["https:\/\/www.4h.se\/karsta\/bli-medlem\/"]}]},{"@type":"BreadcrumbList","@id":"https:\/\/www.4h.se\/karsta\/bli-medlem\/#breadcrumb","itemListElement":[{"@type":"ListItem","position":1,"name":"Hem","item":"https:\/\/www.4h.se\/karsta\/"},{"@type":"ListItem","position":2,"name":"Bli medlem"}]},{"@type":"WebSite","@id":"https:\/\/www.4h.se\/karsta\/#website","url":"https:\/\/www.4h.se\/karsta\/","name":"K\u00e5rsta 4H-klubb","description":"Huvud - Hj\u00e4rta -  Hand - H\u00e4lsa","potentialAction":[{"@type":"SearchAction","target":{"@type":"EntryPoint","urlTemplate":"https:\/\/www.4h.se\/karsta\/?s={search_term_string}"},"query-input":{"@type":"PropertyValueSpecification","valueRequired":true,"valueName":"search_term_string"}}],"inLanguage":"sv-SE"}]}},"_links":{"self":[{"href":"https:\/\/www.4h.se\/karsta\/wp-json\/wp\/v2\/pages\/285","targetHints":{"allow":["GET"]}}],"collection":[{"href":"https:\/\/www.4h.se\/karsta\/wp-json\/wp\/v2\/pages"}],"about":[{"href":"https:\/\/www.4h.se\/karsta\/wp-json\/wp\/v2\/types\/page"}],"author":[{"embeddable":true,"href":"https:\/\/www.4h.se\/karsta\/wp-json\/wp\/v2\/users\/1"}],"replies":[{"embeddable":true,"href":"https:\/\/www.4h.se\/karsta\/wp-json\/wp\/v2\/comments?post=285"}],"version-history":[{"count":0,"href":"https:\/\/www.4h.se\/karsta\/wp-json\/wp\/v2\/pages\/285\/revisions"}],"wp:attachment":[{"href":"https:\/\/www.4h.se\/karsta\/wp-json\/wp\/v2\/media?parent=285"}],"curies":[{"name":"wp","href":"https:\/\/api.w.org\/{rel}","templated":true}]}}