



{"id":121,"date":"2015-01-23T20:08:12","date_gmt":"2015-01-23T19:08:12","guid":{"rendered":"http:\/\/www.4h.se\/rix16\/?page_id=121"},"modified":"2025-08-13T11:33:27","modified_gmt":"2025-08-13T09:33:27","slug":"kontakta-oss","status":"publish","type":"page","link":"https:\/\/www.4h.se\/karsta\/kontakta-oss\/","title":{"rendered":"Kontakta oss"},"content":{"rendered":"<div class=\"wpb-content-wrapper\"><p>[vc_row][vc_column][vc_column_text css=&#8221;&#8221;]<\/p>\n<h1>Kallelse extra \u00c5rsm\u00f6te<\/h1>\n<p>2023 09 30 L\u00f6rdag. 15.00<\/p>\n<p>alla medlemmar V\u00e4lkomna<\/p>\n<p>&nbsp;<\/p>\n<p>&nbsp;<\/p>\n<h1>Kontakt<\/h1>\n<p>Kontakt med K\u00e5rsta 4H sker via facebook https:\/\/www.facebook.com\/karsta4h<\/p>\n<p>tel 0738522798<\/p>\n<p>att ringa n\u00e5gon av oss i styrelsen.<\/p>\n<p>Tack f\u00f6r er f\u00f6rst\u00e5else!<\/p>\n<p>&nbsp;<\/p>\n<h2>Styrelse 2024<\/h2>\n<p><strong>Maria Dahl<\/strong>, Ordf\u00f6rande, tel&nbsp;<a class=\"e-icon e-icon-phone\" href=\"https:\/\/www.eniro.se\/maria+dahl+vallentuna\/424546\/person#\">07<\/a>0-719 31 30<\/p>\n<p><strong>Jan Hultman<\/strong>, Vice ordf\u00f6rande, tel 070-276 84 41<\/p>\n<p><strong>Carl Axel Olsson<\/strong>&nbsp;Ledamot. tel 070 970 0776<\/p>\n<p><strong>Alexander Dahl<\/strong>, Suppleant<\/p>\n<p>&nbsp;<\/p>\n<p>&nbsp;<\/p>\n<h2>Bygget &#8211; K\u00e5rsta 4H gym<\/h2>\n<p>Vill du bes\u00f6ka gymmet kan du komma p\u00e5 Caf\u00e8ts \u00f6ppettider mellan 10.00 till 16.00 vardagar och 11.00 till 14.00 l\u00f6rdagar och helger Gymmet \u00f6ppet tid i \u00f6vrigt \u00e4r 07.00 till 22.00<\/p>\n<p>&nbsp;[\/vc_column_text][\/vc_column][\/vc_row]<\/p>\n<\/div>","protected":false},"excerpt":{"rendered":"<p>[vc_row][vc_column][vc_column_text css=&#8221;&#8221;] Kallelse extra \u00c5rsm\u00f6te 2023 09 30 L\u00f6rdag. 15.00 alla medlemmar V\u00e4lkomna &nbsp; &nbsp; Kontakt Kontakt med K\u00e5rsta 4H sker via facebook https:\/\/www.facebook.com\/karsta4h tel 0738522798 att ringa n\u00e5gon av oss i styrelsen. Tack f\u00f6r er f\u00f6rst\u00e5else! &nbsp; Styrelse 2024 Maria Dahl, Ordf\u00f6rande, tel&nbsp;070-719 31 30 Jan Hultman, Vice ordf\u00f6rande, tel 070-276 84 41 Carl&nbsp; <a href=\"https:\/\/www.4h.se\/karsta\/kontakta-oss\/\">&hellip; Read more <i class=\"glyphicon glyphicon-arrow-right\"><\/i><\/a><\/p>\n","protected":false},"author":1,"featured_media":0,"parent":0,"menu_order":9,"comment_status":"closed","ping_status":"closed","template":"","meta":{"_acf_changed":false,"footnotes":""},"class_list":["post-121","page","type-page","status-publish","hentry"],"acf":[],"yoast_head":"<!-- This site is optimized with the Yoast SEO plugin v27.5 - https:\/\/yoast.com\/product\/yoast-seo-wordpress\/ -->\n<title>Kontakta oss - K\u00e5rsta 4H-klubb<\/title>\n<meta name=\"robots\" content=\"index, follow, max-snippet:-1, max-image-preview:large, max-video-preview:-1\" \/>\n<link rel=\"canonical\" href=\"https:\/\/www.4h.se\/karsta\/kontakta-oss\/\" \/>\n<meta property=\"og:locale\" content=\"sv_SE\" \/>\n<meta property=\"og:type\" content=\"article\" \/>\n<meta property=\"og:title\" content=\"Kontakta oss - K\u00e5rsta 4H-klubb\" \/>\n<meta property=\"og:description\" content=\"[vc_row][vc_column][vc_column_text css=&#8221;&#8221;] Kallelse extra \u00c5rsm\u00f6te 2023 09 30 L\u00f6rdag. 15.00 alla medlemmar V\u00e4lkomna &nbsp; &nbsp; Kontakt Kontakt med K\u00e5rsta 4H sker via facebook https:\/\/www.facebook.com\/karsta4h tel 0738522798 att ringa n\u00e5gon av oss i styrelsen. Tack f\u00f6r er f\u00f6rst\u00e5else! &nbsp; Styrelse 2024 Maria Dahl, Ordf\u00f6rande, tel&nbsp;070-719 31 30 Jan Hultman, Vice ordf\u00f6rande, tel 070-276 84 41 Carl&nbsp; &hellip; Read more\" \/>\n<meta property=\"og:url\" content=\"https:\/\/www.4h.se\/karsta\/kontakta-oss\/\" \/>\n<meta property=\"og:site_name\" content=\"K\u00e5rsta 4H-klubb\" \/>\n<meta property=\"article:modified_time\" content=\"2025-08-13T09:33:27+00:00\" \/>\n<meta name=\"twitter:card\" content=\"summary_large_image\" \/>\n<meta name=\"twitter:label1\" content=\"Ber\u00e4knad l\u00e4stid\" \/>\n\t<meta name=\"twitter:data1\" content=\"1 minut\" \/>\n<script type=\"application\/ld+json\" class=\"yoast-schema-graph\">{\"@context\":\"https:\\\/\\\/schema.org\",\"@graph\":[{\"@type\":\"WebPage\",\"@id\":\"https:\\\/\\\/www.4h.se\\\/karsta\\\/kontakta-oss\\\/\",\"url\":\"https:\\\/\\\/www.4h.se\\\/karsta\\\/kontakta-oss\\\/\",\"name\":\"Kontakta oss - K\u00e5rsta 4H-klubb\",\"isPartOf\":{\"@id\":\"https:\\\/\\\/www.4h.se\\\/karsta\\\/#website\"},\"datePublished\":\"2015-01-23T19:08:12+00:00\",\"dateModified\":\"2025-08-13T09:33:27+00:00\",\"breadcrumb\":{\"@id\":\"https:\\\/\\\/www.4h.se\\\/karsta\\\/kontakta-oss\\\/#breadcrumb\"},\"inLanguage\":\"sv-SE\",\"potentialAction\":[{\"@type\":\"ReadAction\",\"target\":[\"https:\\\/\\\/www.4h.se\\\/karsta\\\/kontakta-oss\\\/\"]}]},{\"@type\":\"BreadcrumbList\",\"@id\":\"https:\\\/\\\/www.4h.se\\\/karsta\\\/kontakta-oss\\\/#breadcrumb\",\"itemListElement\":[{\"@type\":\"ListItem\",\"position\":1,\"name\":\"Hem\",\"item\":\"https:\\\/\\\/www.4h.se\\\/karsta\\\/\"},{\"@type\":\"ListItem\",\"position\":2,\"name\":\"Kontakta oss\"}]},{\"@type\":\"WebSite\",\"@id\":\"https:\\\/\\\/www.4h.se\\\/karsta\\\/#website\",\"url\":\"https:\\\/\\\/www.4h.se\\\/karsta\\\/\",\"name\":\"K\u00e5rsta 4H-klubb\",\"description\":\"Huvud - Hj\u00e4rta -  Hand - H\u00e4lsa\",\"potentialAction\":[{\"@type\":\"SearchAction\",\"target\":{\"@type\":\"EntryPoint\",\"urlTemplate\":\"https:\\\/\\\/www.4h.se\\\/karsta\\\/?s={search_term_string}\"},\"query-input\":{\"@type\":\"PropertyValueSpecification\",\"valueRequired\":true,\"valueName\":\"search_term_string\"}}],\"inLanguage\":\"sv-SE\"}]}<\/script>\n<!-- \/ Yoast SEO plugin. -->","yoast_head_json":{"title":"Kontakta oss - K\u00e5rsta 4H-klubb","robots":{"index":"index","follow":"follow","max-snippet":"max-snippet:-1","max-image-preview":"max-image-preview:large","max-video-preview":"max-video-preview:-1"},"canonical":"https:\/\/www.4h.se\/karsta\/kontakta-oss\/","og_locale":"sv_SE","og_type":"article","og_title":"Kontakta oss - K\u00e5rsta 4H-klubb","og_description":"[vc_row][vc_column][vc_column_text css=&#8221;&#8221;] Kallelse extra \u00c5rsm\u00f6te 2023 09 30 L\u00f6rdag. 15.00 alla medlemmar V\u00e4lkomna &nbsp; &nbsp; Kontakt Kontakt med K\u00e5rsta 4H sker via facebook https:\/\/www.facebook.com\/karsta4h tel 0738522798 att ringa n\u00e5gon av oss i styrelsen. Tack f\u00f6r er f\u00f6rst\u00e5else! &nbsp; Styrelse 2024 Maria Dahl, Ordf\u00f6rande, tel&nbsp;070-719 31 30 Jan Hultman, Vice ordf\u00f6rande, tel 070-276 84 41 Carl&nbsp; &hellip; Read more","og_url":"https:\/\/www.4h.se\/karsta\/kontakta-oss\/","og_site_name":"K\u00e5rsta 4H-klubb","article_modified_time":"2025-08-13T09:33:27+00:00","twitter_card":"summary_large_image","twitter_misc":{"Ber\u00e4knad l\u00e4stid":"1 minut"},"schema":{"@context":"https:\/\/schema.org","@graph":[{"@type":"WebPage","@id":"https:\/\/www.4h.se\/karsta\/kontakta-oss\/","url":"https:\/\/www.4h.se\/karsta\/kontakta-oss\/","name":"Kontakta oss - K\u00e5rsta 4H-klubb","isPartOf":{"@id":"https:\/\/www.4h.se\/karsta\/#website"},"datePublished":"2015-01-23T19:08:12+00:00","dateModified":"2025-08-13T09:33:27+00:00","breadcrumb":{"@id":"https:\/\/www.4h.se\/karsta\/kontakta-oss\/#breadcrumb"},"inLanguage":"sv-SE","potentialAction":[{"@type":"ReadAction","target":["https:\/\/www.4h.se\/karsta\/kontakta-oss\/"]}]},{"@type":"BreadcrumbList","@id":"https:\/\/www.4h.se\/karsta\/kontakta-oss\/#breadcrumb","itemListElement":[{"@type":"ListItem","position":1,"name":"Hem","item":"https:\/\/www.4h.se\/karsta\/"},{"@type":"ListItem","position":2,"name":"Kontakta oss"}]},{"@type":"WebSite","@id":"https:\/\/www.4h.se\/karsta\/#website","url":"https:\/\/www.4h.se\/karsta\/","name":"K\u00e5rsta 4H-klubb","description":"Huvud - Hj\u00e4rta -  Hand - H\u00e4lsa","potentialAction":[{"@type":"SearchAction","target":{"@type":"EntryPoint","urlTemplate":"https:\/\/www.4h.se\/karsta\/?s={search_term_string}"},"query-input":{"@type":"PropertyValueSpecification","valueRequired":true,"valueName":"search_term_string"}}],"inLanguage":"sv-SE"}]}},"_links":{"self":[{"href":"https:\/\/www.4h.se\/karsta\/wp-json\/wp\/v2\/pages\/121","targetHints":{"allow":["GET"]}}],"collection":[{"href":"https:\/\/www.4h.se\/karsta\/wp-json\/wp\/v2\/pages"}],"about":[{"href":"https:\/\/www.4h.se\/karsta\/wp-json\/wp\/v2\/types\/page"}],"author":[{"embeddable":true,"href":"https:\/\/www.4h.se\/karsta\/wp-json\/wp\/v2\/users\/1"}],"replies":[{"embeddable":true,"href":"https:\/\/www.4h.se\/karsta\/wp-json\/wp\/v2\/comments?post=121"}],"version-history":[{"count":0,"href":"https:\/\/www.4h.se\/karsta\/wp-json\/wp\/v2\/pages\/121\/revisions"}],"wp:attachment":[{"href":"https:\/\/www.4h.se\/karsta\/wp-json\/wp\/v2\/media?parent=121"}],"curies":[{"name":"wp","href":"https:\/\/api.w.org\/{rel}","templated":true}]}}