



{"id":501,"date":"2022-02-20T16:01:17","date_gmt":"2022-02-20T15:01:17","guid":{"rendered":"https:\/\/www.4h.se\/karlstad\/?page_id=501"},"modified":"2022-08-20T11:06:16","modified_gmt":"2022-08-20T09:06:16","slug":"anlaggningsskiss-innetavling","status":"publish","type":"page","link":"https:\/\/www.4h.se\/karlstad\/tavling\/anlaggningsskiss-innetavling\/","title":{"rendered":"Anl\u00e4ggningsskiss innet\u00e4vling"},"content":{"rendered":"<div class=\"wpb-content-wrapper\"><p>[vc_row][vc_column][vc_column_text]<\/p>\n<h3 id=\"ContentStart\">Anl\u00e4ggningsskiss innet\u00e4vling<\/h3>\n<div class=\"PageBodyDiv\"><\/div>\n<div class=\"PageBodyDiv\"><\/div>\n<p>[\/vc_column_text][\/vc_column][\/vc_row][vc_row][vc_column][vc_single_image image=&#8221;781&#8243; img_size=&#8221;full&#8221;][\/vc_column][\/vc_row][vc_row][vc_column][\/vc_column][\/vc_row]<\/p>\n<\/div>","protected":false},"excerpt":{"rendered":"<p>[vc_row][vc_column][vc_column_text] Anl\u00e4ggningsskiss innet\u00e4vling [\/vc_column_text][\/vc_column][\/vc_row][vc_row][vc_column][vc_single_image image=&#8221;781&#8243; img_size=&#8221;full&#8221;][\/vc_column][\/vc_row][vc_row][vc_column][\/vc_column][\/vc_row]<\/p>\n","protected":false},"author":217,"featured_media":0,"parent":396,"menu_order":0,"comment_status":"closed","ping_status":"closed","template":"","meta":{"_acf_changed":false,"footnotes":""},"class_list":["post-501","page","type-page","status-publish","hentry"],"acf":[],"yoast_head":"<!-- This site is optimized with the Yoast SEO plugin v27.5 - https:\/\/yoast.com\/product\/yoast-seo-wordpress\/ -->\n<title>Anl\u00e4ggningsskiss innet\u00e4vling - Karlstads 4H-g\u00e5rd<\/title>\n<meta name=\"robots\" content=\"index, follow, max-snippet:-1, max-image-preview:large, max-video-preview:-1\" \/>\n<link rel=\"canonical\" href=\"https:\/\/www.4h.se\/karlstad\/tavling\/anlaggningsskiss-innetavling\/\" \/>\n<meta property=\"og:locale\" content=\"sv_SE\" \/>\n<meta property=\"og:type\" content=\"article\" \/>\n<meta property=\"og:title\" content=\"Anl\u00e4ggningsskiss innet\u00e4vling - Karlstads 4H-g\u00e5rd\" \/>\n<meta property=\"og:description\" content=\"[vc_row][vc_column][vc_column_text] Anl\u00e4ggningsskiss innet\u00e4vling [\/vc_column_text][\/vc_column][\/vc_row][vc_row][vc_column][vc_single_image image=&#8221;781&#8243; img_size=&#8221;full&#8221;][\/vc_column][\/vc_row][vc_row][vc_column][\/vc_column][\/vc_row]\" \/>\n<meta property=\"og:url\" content=\"https:\/\/www.4h.se\/karlstad\/tavling\/anlaggningsskiss-innetavling\/\" \/>\n<meta property=\"og:site_name\" content=\"Karlstads 4H-g\u00e5rd\" \/>\n<meta property=\"article:modified_time\" content=\"2022-08-20T09:06:16+00:00\" \/>\n<meta name=\"twitter:card\" content=\"summary_large_image\" \/>\n<script type=\"application\/ld+json\" class=\"yoast-schema-graph\">{\"@context\":\"https:\\\/\\\/schema.org\",\"@graph\":[{\"@type\":\"WebPage\",\"@id\":\"https:\\\/\\\/www.4h.se\\\/karlstad\\\/tavling\\\/anlaggningsskiss-innetavling\\\/\",\"url\":\"https:\\\/\\\/www.4h.se\\\/karlstad\\\/tavling\\\/anlaggningsskiss-innetavling\\\/\",\"name\":\"Anl\u00e4ggningsskiss innet\u00e4vling - Karlstads 4H-g\u00e5rd\",\"isPartOf\":{\"@id\":\"https:\\\/\\\/www.4h.se\\\/karlstad\\\/#website\"},\"datePublished\":\"2022-02-20T15:01:17+00:00\",\"dateModified\":\"2022-08-20T09:06:16+00:00\",\"breadcrumb\":{\"@id\":\"https:\\\/\\\/www.4h.se\\\/karlstad\\\/tavling\\\/anlaggningsskiss-innetavling\\\/#breadcrumb\"},\"inLanguage\":\"sv-SE\",\"potentialAction\":[{\"@type\":\"ReadAction\",\"target\":[\"https:\\\/\\\/www.4h.se\\\/karlstad\\\/tavling\\\/anlaggningsskiss-innetavling\\\/\"]}]},{\"@type\":\"BreadcrumbList\",\"@id\":\"https:\\\/\\\/www.4h.se\\\/karlstad\\\/tavling\\\/anlaggningsskiss-innetavling\\\/#breadcrumb\",\"itemListElement\":[{\"@type\":\"ListItem\",\"position\":1,\"name\":\"Hem\",\"item\":\"https:\\\/\\\/www.4h.se\\\/karlstad\\\/\"},{\"@type\":\"ListItem\",\"position\":2,\"name\":\"T\u00e4vling\",\"item\":\"https:\\\/\\\/www.4h.se\\\/karlstad\\\/tavling\\\/\"},{\"@type\":\"ListItem\",\"position\":3,\"name\":\"Anl\u00e4ggningsskiss innet\u00e4vling\"}]},{\"@type\":\"WebSite\",\"@id\":\"https:\\\/\\\/www.4h.se\\\/karlstad\\\/#website\",\"url\":\"https:\\\/\\\/www.4h.se\\\/karlstad\\\/\",\"name\":\"Karlstads 4H-g\u00e5rd\",\"description\":\"\",\"potentialAction\":[{\"@type\":\"SearchAction\",\"target\":{\"@type\":\"EntryPoint\",\"urlTemplate\":\"https:\\\/\\\/www.4h.se\\\/karlstad\\\/?s={search_term_string}\"},\"query-input\":{\"@type\":\"PropertyValueSpecification\",\"valueRequired\":true,\"valueName\":\"search_term_string\"}}],\"inLanguage\":\"sv-SE\"}]}<\/script>\n<!-- \/ Yoast SEO plugin. -->","yoast_head_json":{"title":"Anl\u00e4ggningsskiss innet\u00e4vling - Karlstads 4H-g\u00e5rd","robots":{"index":"index","follow":"follow","max-snippet":"max-snippet:-1","max-image-preview":"max-image-preview:large","max-video-preview":"max-video-preview:-1"},"canonical":"https:\/\/www.4h.se\/karlstad\/tavling\/anlaggningsskiss-innetavling\/","og_locale":"sv_SE","og_type":"article","og_title":"Anl\u00e4ggningsskiss innet\u00e4vling - Karlstads 4H-g\u00e5rd","og_description":"[vc_row][vc_column][vc_column_text] Anl\u00e4ggningsskiss innet\u00e4vling [\/vc_column_text][\/vc_column][\/vc_row][vc_row][vc_column][vc_single_image image=&#8221;781&#8243; img_size=&#8221;full&#8221;][\/vc_column][\/vc_row][vc_row][vc_column][\/vc_column][\/vc_row]","og_url":"https:\/\/www.4h.se\/karlstad\/tavling\/anlaggningsskiss-innetavling\/","og_site_name":"Karlstads 4H-g\u00e5rd","article_modified_time":"2022-08-20T09:06:16+00:00","twitter_card":"summary_large_image","schema":{"@context":"https:\/\/schema.org","@graph":[{"@type":"WebPage","@id":"https:\/\/www.4h.se\/karlstad\/tavling\/anlaggningsskiss-innetavling\/","url":"https:\/\/www.4h.se\/karlstad\/tavling\/anlaggningsskiss-innetavling\/","name":"Anl\u00e4ggningsskiss innet\u00e4vling - Karlstads 4H-g\u00e5rd","isPartOf":{"@id":"https:\/\/www.4h.se\/karlstad\/#website"},"datePublished":"2022-02-20T15:01:17+00:00","dateModified":"2022-08-20T09:06:16+00:00","breadcrumb":{"@id":"https:\/\/www.4h.se\/karlstad\/tavling\/anlaggningsskiss-innetavling\/#breadcrumb"},"inLanguage":"sv-SE","potentialAction":[{"@type":"ReadAction","target":["https:\/\/www.4h.se\/karlstad\/tavling\/anlaggningsskiss-innetavling\/"]}]},{"@type":"BreadcrumbList","@id":"https:\/\/www.4h.se\/karlstad\/tavling\/anlaggningsskiss-innetavling\/#breadcrumb","itemListElement":[{"@type":"ListItem","position":1,"name":"Hem","item":"https:\/\/www.4h.se\/karlstad\/"},{"@type":"ListItem","position":2,"name":"T\u00e4vling","item":"https:\/\/www.4h.se\/karlstad\/tavling\/"},{"@type":"ListItem","position":3,"name":"Anl\u00e4ggningsskiss innet\u00e4vling"}]},{"@type":"WebSite","@id":"https:\/\/www.4h.se\/karlstad\/#website","url":"https:\/\/www.4h.se\/karlstad\/","name":"Karlstads 4H-g\u00e5rd","description":"","potentialAction":[{"@type":"SearchAction","target":{"@type":"EntryPoint","urlTemplate":"https:\/\/www.4h.se\/karlstad\/?s={search_term_string}"},"query-input":{"@type":"PropertyValueSpecification","valueRequired":true,"valueName":"search_term_string"}}],"inLanguage":"sv-SE"}]}},"_links":{"self":[{"href":"https:\/\/www.4h.se\/karlstad\/wp-json\/wp\/v2\/pages\/501","targetHints":{"allow":["GET"]}}],"collection":[{"href":"https:\/\/www.4h.se\/karlstad\/wp-json\/wp\/v2\/pages"}],"about":[{"href":"https:\/\/www.4h.se\/karlstad\/wp-json\/wp\/v2\/types\/page"}],"author":[{"embeddable":true,"href":"https:\/\/www.4h.se\/karlstad\/wp-json\/wp\/v2\/users\/217"}],"replies":[{"embeddable":true,"href":"https:\/\/www.4h.se\/karlstad\/wp-json\/wp\/v2\/comments?post=501"}],"version-history":[{"count":0,"href":"https:\/\/www.4h.se\/karlstad\/wp-json\/wp\/v2\/pages\/501\/revisions"}],"up":[{"embeddable":true,"href":"https:\/\/www.4h.se\/karlstad\/wp-json\/wp\/v2\/pages\/396"}],"wp:attachment":[{"href":"https:\/\/www.4h.se\/karlstad\/wp-json\/wp\/v2\/media?parent=501"}],"curies":[{"name":"wp","href":"https:\/\/api.w.org\/{rel}","templated":true}]}}