



{"id":452,"date":"2022-02-16T16:59:37","date_gmt":"2022-02-16T15:59:37","guid":{"rendered":"https:\/\/www.4h.se\/karlstad\/?page_id=452"},"modified":"2026-03-20T21:58:02","modified_gmt":"2026-03-20T20:58:02","slug":"gardens-djur","status":"publish","type":"page","link":"https:\/\/www.4h.se\/karlstad\/4h-verksamheten\/gardens-djur\/","title":{"rendered":"G\u00e5rdens djur"},"content":{"rendered":"<div class=\"wpb-content-wrapper\"><p>[vc_row][vc_column][vc_column_text]<\/p>\n<h3>G\u00e5rdens djur<\/h3>\n<p>&nbsp;[\/vc_column_text][\/vc_column][\/vc_row][vc_row][vc_column width=&#8221;4\/6&#8243;][vc_column_text css=&#8221;&#8221;]<\/p>\n<h4><strong>Katter<\/strong><\/h4>\n<p>P\u00e5 g\u00e5rden bor det tv\u00e5 katter som heter <strong>Nils och Svante<\/strong>.<\/p>\n<p>De \u00e4r br\u00f6der och av&nbsp;rasen bondkatt.<\/p>\n<p>Nils och Svante \u00e4r f\u00f6dda april 2020.<\/p>\n<p>De \u00e4r mycket sn\u00e4lla och gillar att bli klappade och kliade.[\/vc_column_text][\/vc_column][vc_column width=&#8221;1\/6&#8243;][vc_single_image image=&#8221;552&#8243; img_size=&#8221;270&#215;400&#8243;][\/vc_column][vc_column width=&#8221;1\/6&#8243;][vc_single_image image=&#8221;553&#8243; img_size=&#8221;270&#215;400&#8243;][\/vc_column][\/vc_row][vc_row][vc_column][vc_separator][\/vc_column][\/vc_row][vc_row][vc_column width=&#8221;4\/6&#8243;][vc_column_text]<\/p>\n<h4><strong>Minigrisar<\/strong><\/h4>\n<div>Det bor tv\u00e5 minigrisar p\u00e5 g\u00e5rden,\u00a0<strong>Alfons och Ida.\u00a0<\/strong>De \u00e4r v\u00e4ldigt nyfikna och\u00a0njuter av att bli kliade. N\u00e4r de inte \u00e4r ute och b\u00f6kar s\u00e5\u00a0\u00e4lskar de att ligga under sin v\u00e4rmelampa inne i sin box.<\/div>\n<p>&nbsp;<\/p>\n<p><em>Honan kallas <strong>sugga.<\/strong><\/em><br \/>\n<em>Hanen kallas <strong>galt.<\/strong><\/em><br \/>\n<em>Bebisarna kallas\u00a0<strong>kultingar<\/strong>.<\/em>[\/vc_column_text][\/vc_column][vc_column width=&#8221;2\/6&#8243;][vc_single_image image=&#8221;554&#8243; img_size=&#8221;400&#215;270&#8243;][\/vc_column][\/vc_row][vc_row][vc_column][vc_separator][\/vc_column][\/vc_row][vc_row][vc_column width=&#8221;4\/6&#8243;][vc_column_text]<\/p>\n<h4><strong>H\u00f6ns<\/strong><\/h4>\n<p>P\u00e5 g\u00e5rden bor det h\u00f6ns i olika storlekar, former och f\u00e4rger. Allt ifr\u00e5n de stora brahmah\u00f6nsen (tupparna kan bli upp\u00e5t 50 cm h\u00f6ga!) till den fluffiga, svarta lilla silkesh\u00f6nan och allt d\u00e4r emellan. H\u00f6nsen ger oss \u00e4gg som kan vara avl\u00e5nga gr\u00f6na, runda rosa och vanliga vita. \u00c4ggen smakar s\u00e5klart extra gott eftersom h\u00f6nsen f\u00e5r g\u00e5 ute och \u00e4ta mask och annat som h\u00f6ns tycker \u00e4r gott. M\u00e5nga \u00e4r r\u00e4dda f\u00f6r h\u00f6nsen eftersom de g\u00e5r fritt utomhus under dagarna, men det ska man inte vara f\u00f6r trots n\u00e4bbarna och klorna \u00e4r de ganska beskedliga.<\/p>\n<p>N\u00e4r h\u00f6nan ligger p\u00e5 \u00e4gg s\u00e5\u00a0heter det att hon\u00a0ruvar. Hon ska ruva i 21 dygn innan det blir en kyckling.<\/p>\n<p>P\u00e5 g\u00e5rden har vi hedemorah\u00f6ns, Silkesh\u00f6ns, Bovan White och Brahma.<\/p>\n<p><em>Honan kallas <b>h\u00f6na<\/b>.<\/em><br \/>\n<em>Hanen kallas <b>tupp<\/b>.<\/em><br \/>\n<em>Bebisarna kallas <strong>kycklingar<\/strong>.<\/em>[\/vc_column_text][\/vc_column][vc_column width=&#8221;2\/6&#8243;][vc_single_image image=&#8221;555&#8243; img_size=&#8221;400&#215;270&#8243;][\/vc_column][\/vc_row][vc_row][vc_column][vc_separator][\/vc_column][\/vc_row][vc_row][vc_column width=&#8221;4\/6&#8243;][vc_column_text]<\/p>\n<h4><strong>Getter<\/strong><\/h4>\n<div>P\u00e5 g\u00e5rden bor tv\u00e5 getter. De \u00e4r nyfikna av sig och \u00e4lskar att bli kliade.<\/div>\n<div><strong>\u00a0<\/strong><\/div>\n<div><strong>Malou<\/strong>\u00a0(den vita) f\u00f6ddes 2014 och har bott i Mariebergsskogen men flyttade till oss i mitten p\u00e5 Oktober 2014.<\/div>\n<div><strong>Anders\u00a0<\/strong>(den svarta)\u00a0\u00e4r f\u00f6dd 2019.<\/div>\n<div><strong>\u00a0\u00a0<\/strong><\/div>\n<div><em>Honan kallas <strong>get<\/strong>.<\/em><\/div>\n<div><em>Hanen kallas <strong>bock<\/strong>.<\/em><\/div>\n<div><em>Bebisen kallas <strong>killing<\/strong>.<\/em><\/div>\n<p>[\/vc_column_text][\/vc_column][vc_column width=&#8221;2\/6&#8243;][vc_single_image image=&#8221;556&#8243; img_size=&#8221;400&#215;270&#8243;][\/vc_column][\/vc_row][vc_row][vc_column][vc_separator][\/vc_column][\/vc_row][vc_row][vc_column width=&#8221;4\/6&#8243;][vc_column_text]<\/p>\n<h4><strong>F\u00e5r<\/strong><\/h4>\n<p>F\u00e5ren g\u00e5r ute i sin hage \u00e5ret runt under dagen och bor inne under natten. Alla f\u00e5ren \u00e4r mycket trevliga, sn\u00e4lla och gillar att bli kliade och klappade. Om ni inte ser till n\u00e5gra f\u00e5r p\u00e5 sommaren \u00e4r det f\u00f6r att de \u00e5ker iv\u00e4g p\u00e5 sommarbete och har lite semster.<\/p>\n<p><strong>Vem \u00e4r vem?<\/strong><\/p>\n<p><strong>Disa:<\/strong>\u00a0V\u00e4rmlandsf\u00e5r. Svart (m\u00f6rkbrun), vita h\u00e5rstr\u00e5n i pannan<br \/>\n<strong>Doris:<\/strong>\u00a0V\u00e4rmlandsf\u00e5r. Brun, vit stj\u00e4rna,vita h\u00e5r under hakan.<br \/>\n<strong>Daisy:<\/strong>\u00a0V\u00e4rmlandsf\u00e5r. Brun, vitt huvud, vit och brun spr\u00e4ckliga \u00f6gon.<br \/>\n<strong>Gottfrid\u00a0<\/strong>Helsingef\u00e5r<br \/>\n<strong>Ingela\u00a0<\/strong>Helsingef\u00e5r<br \/>\n<strong>Gert-Ove<\/strong>\u00a0Helsingef\u00e5r<br \/>\n<strong>Sonja<\/strong>\u00a0Helsingef\u00e5r<\/p>\n<p>V\u00e4rmlandsf\u00e5ren kom till oss i november 2010.\u00a0Helsingef\u00e5ren kom efter sommarbetet 2014.<br \/>\nSamtliga f\u00e5r har genbanksintyg.<\/p>\n<div><em>Honan kallas\u00a0<strong>tacka<\/strong>.<\/em><\/div>\n<div><em>Hanen kallas\u00a0<strong>bagge<\/strong>.<\/em><\/div>\n<div><em>Bebisen kallas\u00a0<strong>lamm<\/strong>.<br \/>\n<\/em><\/div>\n<div><\/div>\n<div>N\u00e4r tackan f\u00e5r lamm s\u00e5 heter det att hon lammar.<em><br \/>\n<\/em><\/div>\n<p>[\/vc_column_text][\/vc_column][vc_column width=&#8221;2\/6&#8243;][vc_single_image image=&#8221;537&#8243; img_size=&#8221;400&#215;270&#8243;][vc_single_image image=&#8221;557&#8243; img_size=&#8221;400&#215;270&#8243;][\/vc_column][\/vc_row][vc_row][vc_column][vc_separator][\/vc_column][\/vc_row][vc_row][vc_column width=&#8221;4\/6&#8243;][vc_column_text]<\/p>\n<h4><strong><span style=\"font-style: inherit\">Ankor<\/span><\/strong><\/h4>\n<p style=\"font-style: inherit;font-weight: inherit\"><span style=\"font-style: inherit;font-weight: inherit\">P\u00e5 g\u00e5rden har vi ankor som bor inne i sin box p\u00e5 natten och r\u00f6r sig ute i sin damm p\u00e5 dagarna.<\/span><\/p>\n<p style=\"font-style: inherit;font-weight: inherit\"><span style=\"font-style: inherit;font-weight: inherit\">Ankorna favorit syssels\u00e4ttning \u00e4r s\u00e5klart att bada. Det \u00e4r i stort s\u00e4tt det deras liv g\u00e5r ut p\u00e5, att bada, \u00e4ta, sova och bajsa. Ankorna brukar oftast g\u00e5 ut p\u00e5 uppt\u00e4cktsf\u00e4rder runt p\u00e5 g\u00e5rden d\u00e4r det finns n\u00e5gonstans att ta ett dopp, vattenp\u00f6lar och diken i hagen \u00e4r oftast v\u00e4ldigt popul\u00e4rt.<\/span><\/p>\n<p><b><strong style=\"font-style: inherit\">Blekingeanka:<\/strong><\/b>\u00a0brun<br \/>\n<b><strong style=\"font-style: inherit\">Svensk bl\u00e5 anka:<\/strong><\/b>\u00a0gr\u00e5\/bl\u00e5<\/p>\n<div><em>Honan kallas\u00a0<strong>anka<\/strong>.<\/em><\/div>\n<div><em>Hanen kallas\u00a0<strong>ankbonde<\/strong>.<\/em><\/div>\n<div><em>Bebisarna kallas\u00a0<strong>ankungar<\/strong>.<\/em><\/div>\n<p>[\/vc_column_text][\/vc_column][vc_column width=&#8221;2\/6&#8243;][vc_single_image image=&#8221;525&#8243; img_size=&#8221;400&#215;270&#8243;][\/vc_column][\/vc_row][vc_row][vc_column][vc_separator][\/vc_column][\/vc_row][vc_row][vc_column width=&#8221;4\/6&#8243;][vc_column_text css=&#8221;&#8221;]<\/p>\n<h4><strong><span style=\"font-style: inherit;\">Kaniner<\/span><\/strong><\/h4>\n<p style=\"font-style: inherit; font-weight: inherit;\"><span style=\"font-style: inherit; font-weight: inherit;\">P\u00e5 g\u00e5rden har vi fem Gotlandskaniner. Kaninerna bor inne sin box p\u00e5 dagarna och brukar vara ute i sin hage p\u00e5 dagarna.<\/span><\/p>\n<p style=\"font-style: inherit; font-weight: inherit;\"><span style=\"font-style: inherit; font-weight: inherit;\">&nbsp;<\/span><\/p>\n<p style=\"font-style: inherit; font-weight: inherit;\"><span style=\"font-style: inherit; font-weight: inherit;\"><b><strong style=\"font-style: inherit;\">&#8211; Lilleruds Karamell:&nbsp;<\/strong><\/b>f\u00f6dd 2014,&nbsp;f\u00e4rg&nbsp;j\u00e4rnbl\u00e5, hane (kastrerad)<\/span><\/p>\n<p style=\"font-style: inherit; font-weight: inherit;\"><b><strong style=\"font-style: inherit;\"><span style=\"font-style: inherit; font-weight: inherit;\">&#8211; Lilleruds Ila:&nbsp;<\/span><\/strong><\/b><span style=\"font-style: inherit; font-weight: inherit;\">f\u00f6dd 2016, f\u00e4rg viltisabell, hona<\/span><\/p>\n<p style=\"font-style: inherit; font-weight: inherit;\"><b><strong style=\"font-style: inherit;\"><span style=\"font-style: inherit; font-weight: inherit;\">&#8211; Lilleruds Inka:&nbsp;<\/span><\/strong><\/b><span style=\"font-style: inherit; font-weight: inherit;\">f\u00f6dd 2016, f\u00e4rg viltzobel, hona<\/span><\/p>\n<p style=\"font-style: inherit; font-weight: inherit;\"><b><strong style=\"font-style: inherit;\"><span style=\"font-style: inherit; font-weight: inherit;\">&#8211; Tasshammarens Kringlan:&nbsp;<\/span><\/strong><\/b><span style=\"font-style: inherit; font-weight: inherit;\">f\u00f6dd 2021, f\u00e4rg gul\/svart japantecknad, hona<\/span><\/p>\n<p style=\"font-style: inherit; font-weight: inherit;\"><b><strong style=\"font-style: inherit;\"><span style=\"font-style: inherit; font-weight: inherit;\">&#8211; Tasshammarens V\u00e5fflan:<\/span><\/strong><\/b><span style=\"font-style: inherit; font-weight: inherit;\">&nbsp;f\u00f6dd 2021, f\u00e4rg white svart med ljus buk, hona<\/span><\/p>\n<p>[\/vc_column_text][\/vc_column][vc_column width=&#8221;2\/6&#8243;][vc_single_image image=&#8221;558&#8243; img_size=&#8221;400&#215;270&#8243;][\/vc_column][\/vc_row]<\/p>\n<\/div>","protected":false},"excerpt":{"rendered":"<p>[vc_row][vc_column][vc_column_text] G\u00e5rdens djur &nbsp;[\/vc_column_text][\/vc_column][\/vc_row][vc_row][vc_column width=&#8221;4\/6&#8243;][vc_column_text css=&#8221;&#8221;] Katter P\u00e5 g\u00e5rden bor det tv\u00e5 katter som heter Nils och Svante. De \u00e4r br\u00f6der och av&nbsp;rasen bondkatt. Nils och Svante \u00e4r f\u00f6dda april 2020. De \u00e4r mycket sn\u00e4lla och gillar att bli klappade och kliade.[\/vc_column_text][\/vc_column][vc_column width=&#8221;1\/6&#8243;][vc_single_image image=&#8221;552&#8243; img_size=&#8221;270&#215;400&#8243;][\/vc_column][vc_column width=&#8221;1\/6&#8243;][vc_single_image image=&#8221;553&#8243; img_size=&#8221;270&#215;400&#8243;][\/vc_column][\/vc_row][vc_row][vc_column][vc_separator][\/vc_column][\/vc_row][vc_row][vc_column width=&#8221;4\/6&#8243;][vc_column_text] Minigrisar Det bor tv\u00e5 minigrisar p\u00e5&nbsp; <a href=\"https:\/\/www.4h.se\/karlstad\/4h-verksamheten\/gardens-djur\/\">&hellip; Read more <i class=\"glyphicon glyphicon-arrow-right\"><\/i><\/a><\/p>\n","protected":false},"author":217,"featured_media":0,"parent":401,"menu_order":0,"comment_status":"closed","ping_status":"closed","template":"","meta":{"footnotes":""},"class_list":["post-452","page","type-page","status-publish","hentry"],"yoast_head":"<!-- This site is optimized with the Yoast SEO plugin v27.4 - https:\/\/yoast.com\/product\/yoast-seo-wordpress\/ -->\n<title>G\u00e5rdens djur - Karlstads 4H-g\u00e5rd<\/title>\n<meta name=\"robots\" content=\"index, follow, max-snippet:-1, max-image-preview:large, max-video-preview:-1\" \/>\n<link rel=\"canonical\" href=\"https:\/\/www.4h.se\/karlstad\/4h-verksamheten\/gardens-djur\/\" \/>\n<meta property=\"og:locale\" content=\"sv_SE\" \/>\n<meta property=\"og:type\" content=\"article\" \/>\n<meta property=\"og:title\" content=\"G\u00e5rdens djur - Karlstads 4H-g\u00e5rd\" \/>\n<meta property=\"og:description\" content=\"[vc_row][vc_column][vc_column_text] G\u00e5rdens djur &nbsp;[\/vc_column_text][\/vc_column][\/vc_row][vc_row][vc_column width=&#8221;4\/6&#8243;][vc_column_text css=&#8221;&#8221;] Katter P\u00e5 g\u00e5rden bor det tv\u00e5 katter som heter Nils och Svante. De \u00e4r br\u00f6der och av&nbsp;rasen bondkatt. Nils och Svante \u00e4r f\u00f6dda april 2020. De \u00e4r mycket sn\u00e4lla och gillar att bli klappade och kliade.[\/vc_column_text][\/vc_column][vc_column width=&#8221;1\/6&#8243;][vc_single_image image=&#8221;552&#8243; img_size=&#8221;270&#215;400&#8243;][\/vc_column][vc_column width=&#8221;1\/6&#8243;][vc_single_image image=&#8221;553&#8243; img_size=&#8221;270&#215;400&#8243;][\/vc_column][\/vc_row][vc_row][vc_column][vc_separator][\/vc_column][\/vc_row][vc_row][vc_column width=&#8221;4\/6&#8243;][vc_column_text] Minigrisar Det bor tv\u00e5 minigrisar p\u00e5&nbsp; &hellip; Read more\" \/>\n<meta property=\"og:url\" content=\"https:\/\/www.4h.se\/karlstad\/4h-verksamheten\/gardens-djur\/\" \/>\n<meta property=\"og:site_name\" content=\"Karlstads 4H-g\u00e5rd\" \/>\n<meta property=\"article:modified_time\" content=\"2026-03-20T20:58:02+00:00\" \/>\n<meta name=\"twitter:card\" content=\"summary_large_image\" \/>\n<meta name=\"twitter:label1\" content=\"Ber\u00e4knad l\u00e4stid\" \/>\n\t<meta name=\"twitter:data1\" content=\"5 minuter\" \/>\n<script type=\"application\/ld+json\" class=\"yoast-schema-graph\">{\"@context\":\"https:\\\/\\\/schema.org\",\"@graph\":[{\"@type\":\"WebPage\",\"@id\":\"https:\\\/\\\/www.4h.se\\\/karlstad\\\/4h-verksamheten\\\/gardens-djur\\\/\",\"url\":\"https:\\\/\\\/www.4h.se\\\/karlstad\\\/4h-verksamheten\\\/gardens-djur\\\/\",\"name\":\"G\u00e5rdens djur - Karlstads 4H-g\u00e5rd\",\"isPartOf\":{\"@id\":\"https:\\\/\\\/www.4h.se\\\/karlstad\\\/#website\"},\"datePublished\":\"2022-02-16T15:59:37+00:00\",\"dateModified\":\"2026-03-20T20:58:02+00:00\",\"breadcrumb\":{\"@id\":\"https:\\\/\\\/www.4h.se\\\/karlstad\\\/4h-verksamheten\\\/gardens-djur\\\/#breadcrumb\"},\"inLanguage\":\"sv-SE\",\"potentialAction\":[{\"@type\":\"ReadAction\",\"target\":[\"https:\\\/\\\/www.4h.se\\\/karlstad\\\/4h-verksamheten\\\/gardens-djur\\\/\"]}]},{\"@type\":\"BreadcrumbList\",\"@id\":\"https:\\\/\\\/www.4h.se\\\/karlstad\\\/4h-verksamheten\\\/gardens-djur\\\/#breadcrumb\",\"itemListElement\":[{\"@type\":\"ListItem\",\"position\":1,\"name\":\"Hem\",\"item\":\"https:\\\/\\\/www.4h.se\\\/karlstad\\\/\"},{\"@type\":\"ListItem\",\"position\":2,\"name\":\"4H verksamheten\",\"item\":\"https:\\\/\\\/www.4h.se\\\/karlstad\\\/4h-verksamheten\\\/\"},{\"@type\":\"ListItem\",\"position\":3,\"name\":\"G\u00e5rdens djur\"}]},{\"@type\":\"WebSite\",\"@id\":\"https:\\\/\\\/www.4h.se\\\/karlstad\\\/#website\",\"url\":\"https:\\\/\\\/www.4h.se\\\/karlstad\\\/\",\"name\":\"Karlstads 4H-g\u00e5rd\",\"description\":\"\",\"potentialAction\":[{\"@type\":\"SearchAction\",\"target\":{\"@type\":\"EntryPoint\",\"urlTemplate\":\"https:\\\/\\\/www.4h.se\\\/karlstad\\\/?s={search_term_string}\"},\"query-input\":{\"@type\":\"PropertyValueSpecification\",\"valueRequired\":true,\"valueName\":\"search_term_string\"}}],\"inLanguage\":\"sv-SE\"}]}<\/script>\n<!-- \/ Yoast SEO plugin. -->","yoast_head_json":{"title":"G\u00e5rdens djur - Karlstads 4H-g\u00e5rd","robots":{"index":"index","follow":"follow","max-snippet":"max-snippet:-1","max-image-preview":"max-image-preview:large","max-video-preview":"max-video-preview:-1"},"canonical":"https:\/\/www.4h.se\/karlstad\/4h-verksamheten\/gardens-djur\/","og_locale":"sv_SE","og_type":"article","og_title":"G\u00e5rdens djur - Karlstads 4H-g\u00e5rd","og_description":"[vc_row][vc_column][vc_column_text] G\u00e5rdens djur &nbsp;[\/vc_column_text][\/vc_column][\/vc_row][vc_row][vc_column width=&#8221;4\/6&#8243;][vc_column_text css=&#8221;&#8221;] Katter P\u00e5 g\u00e5rden bor det tv\u00e5 katter som heter Nils och Svante. De \u00e4r br\u00f6der och av&nbsp;rasen bondkatt. Nils och Svante \u00e4r f\u00f6dda april 2020. De \u00e4r mycket sn\u00e4lla och gillar att bli klappade och kliade.[\/vc_column_text][\/vc_column][vc_column width=&#8221;1\/6&#8243;][vc_single_image image=&#8221;552&#8243; img_size=&#8221;270&#215;400&#8243;][\/vc_column][vc_column width=&#8221;1\/6&#8243;][vc_single_image image=&#8221;553&#8243; img_size=&#8221;270&#215;400&#8243;][\/vc_column][\/vc_row][vc_row][vc_column][vc_separator][\/vc_column][\/vc_row][vc_row][vc_column width=&#8221;4\/6&#8243;][vc_column_text] Minigrisar Det bor tv\u00e5 minigrisar p\u00e5&nbsp; &hellip; Read more","og_url":"https:\/\/www.4h.se\/karlstad\/4h-verksamheten\/gardens-djur\/","og_site_name":"Karlstads 4H-g\u00e5rd","article_modified_time":"2026-03-20T20:58:02+00:00","twitter_card":"summary_large_image","twitter_misc":{"Ber\u00e4knad l\u00e4stid":"5 minuter"},"schema":{"@context":"https:\/\/schema.org","@graph":[{"@type":"WebPage","@id":"https:\/\/www.4h.se\/karlstad\/4h-verksamheten\/gardens-djur\/","url":"https:\/\/www.4h.se\/karlstad\/4h-verksamheten\/gardens-djur\/","name":"G\u00e5rdens djur - Karlstads 4H-g\u00e5rd","isPartOf":{"@id":"https:\/\/www.4h.se\/karlstad\/#website"},"datePublished":"2022-02-16T15:59:37+00:00","dateModified":"2026-03-20T20:58:02+00:00","breadcrumb":{"@id":"https:\/\/www.4h.se\/karlstad\/4h-verksamheten\/gardens-djur\/#breadcrumb"},"inLanguage":"sv-SE","potentialAction":[{"@type":"ReadAction","target":["https:\/\/www.4h.se\/karlstad\/4h-verksamheten\/gardens-djur\/"]}]},{"@type":"BreadcrumbList","@id":"https:\/\/www.4h.se\/karlstad\/4h-verksamheten\/gardens-djur\/#breadcrumb","itemListElement":[{"@type":"ListItem","position":1,"name":"Hem","item":"https:\/\/www.4h.se\/karlstad\/"},{"@type":"ListItem","position":2,"name":"4H verksamheten","item":"https:\/\/www.4h.se\/karlstad\/4h-verksamheten\/"},{"@type":"ListItem","position":3,"name":"G\u00e5rdens djur"}]},{"@type":"WebSite","@id":"https:\/\/www.4h.se\/karlstad\/#website","url":"https:\/\/www.4h.se\/karlstad\/","name":"Karlstads 4H-g\u00e5rd","description":"","potentialAction":[{"@type":"SearchAction","target":{"@type":"EntryPoint","urlTemplate":"https:\/\/www.4h.se\/karlstad\/?s={search_term_string}"},"query-input":{"@type":"PropertyValueSpecification","valueRequired":true,"valueName":"search_term_string"}}],"inLanguage":"sv-SE"}]}},"_links":{"self":[{"href":"https:\/\/www.4h.se\/karlstad\/wp-json\/wp\/v2\/pages\/452","targetHints":{"allow":["GET"]}}],"collection":[{"href":"https:\/\/www.4h.se\/karlstad\/wp-json\/wp\/v2\/pages"}],"about":[{"href":"https:\/\/www.4h.se\/karlstad\/wp-json\/wp\/v2\/types\/page"}],"author":[{"embeddable":true,"href":"https:\/\/www.4h.se\/karlstad\/wp-json\/wp\/v2\/users\/217"}],"replies":[{"embeddable":true,"href":"https:\/\/www.4h.se\/karlstad\/wp-json\/wp\/v2\/comments?post=452"}],"version-history":[{"count":0,"href":"https:\/\/www.4h.se\/karlstad\/wp-json\/wp\/v2\/pages\/452\/revisions"}],"up":[{"embeddable":true,"href":"https:\/\/www.4h.se\/karlstad\/wp-json\/wp\/v2\/pages\/401"}],"wp:attachment":[{"href":"https:\/\/www.4h.se\/karlstad\/wp-json\/wp\/v2\/media?parent=452"}],"curies":[{"name":"wp","href":"https:\/\/api.w.org\/{rel}","templated":true}]}}