



{"id":451,"date":"2022-02-16T16:58:57","date_gmt":"2022-02-16T15:58:57","guid":{"rendered":"https:\/\/www.4h.se\/karlstad\/?page_id=451"},"modified":"2022-02-20T17:01:23","modified_gmt":"2022-02-20T16:01:23","slug":"studiebesok","status":"publish","type":"page","link":"https:\/\/www.4h.se\/karlstad\/4h-verksamheten\/studiebesok\/","title":{"rendered":"Studiebes\u00f6k"},"content":{"rendered":"<div class=\"wpb-content-wrapper\"><p>[vc_row][vc_column][vc_column_text]<\/p>\n<h3 id=\"ContentStart\">Studiebes\u00f6k<\/h3>\n<div class=\"PageBodyDiv\">\n<div>\n<p>&nbsp;<\/p>\n<p>Hos oss kan du skr\u00e4ddarsy ditt studiebes\u00f6k.<br \/>\nVi har guidning, ridning, k\u00f6rning med h\u00e4st och vagn, eller om ni vill skr\u00e4ddarsy ett paket.<\/p>\n<p>Stora barngrupper- skola, f\u00f6rskola\u00a0beh\u00f6ver f\u00f6rboka sitt bes\u00f6k\u00a0.<br \/>\nKontakta\u00a0<a title=\"Skyddad adress\" href=\"mailto:karlstad4h@outlook.com\">karlstad4h@outlook.com<\/a>\u00a0f\u00f6r information och prisuppgift.<\/p>\n<\/div>\n<\/div>\n<p>[\/vc_column_text][\/vc_column][\/vc_row]<\/p>\n<\/div>","protected":false},"excerpt":{"rendered":"<p>[vc_row][vc_column][vc_column_text] Studiebes\u00f6k &nbsp; Hos oss kan du skr\u00e4ddarsy ditt studiebes\u00f6k. Vi har guidning, ridning, k\u00f6rning med h\u00e4st och vagn, eller om ni vill skr\u00e4ddarsy ett paket. Stora barngrupper- skola, f\u00f6rskola\u00a0beh\u00f6ver f\u00f6rboka sitt bes\u00f6k\u00a0. Kontakta\u00a0karlstad4h@outlook.com\u00a0f\u00f6r information och prisuppgift. [\/vc_column_text][\/vc_column][\/vc_row]<\/p>\n","protected":false},"author":217,"featured_media":0,"parent":401,"menu_order":0,"comment_status":"closed","ping_status":"closed","template":"","meta":{"footnotes":""},"class_list":["post-451","page","type-page","status-publish","hentry"],"yoast_head":"<!-- This site is optimized with the Yoast SEO plugin v27.4 - https:\/\/yoast.com\/product\/yoast-seo-wordpress\/ -->\n<title>Studiebes\u00f6k - Karlstads 4H-g\u00e5rd<\/title>\n<meta name=\"robots\" content=\"index, follow, max-snippet:-1, max-image-preview:large, max-video-preview:-1\" \/>\n<link rel=\"canonical\" href=\"https:\/\/www.4h.se\/karlstad\/4h-verksamheten\/studiebesok\/\" \/>\n<meta property=\"og:locale\" content=\"sv_SE\" \/>\n<meta property=\"og:type\" content=\"article\" \/>\n<meta property=\"og:title\" content=\"Studiebes\u00f6k - Karlstads 4H-g\u00e5rd\" \/>\n<meta property=\"og:description\" content=\"[vc_row][vc_column][vc_column_text] Studiebes\u00f6k &nbsp; Hos oss kan du skr\u00e4ddarsy ditt studiebes\u00f6k. Vi har guidning, ridning, k\u00f6rning med h\u00e4st och vagn, eller om ni vill skr\u00e4ddarsy ett paket. Stora barngrupper- skola, f\u00f6rskola\u00a0beh\u00f6ver f\u00f6rboka sitt bes\u00f6k\u00a0. Kontakta\u00a0karlstad4h@outlook.com\u00a0f\u00f6r information och prisuppgift. [\/vc_column_text][\/vc_column][\/vc_row]\" \/>\n<meta property=\"og:url\" content=\"https:\/\/www.4h.se\/karlstad\/4h-verksamheten\/studiebesok\/\" \/>\n<meta property=\"og:site_name\" content=\"Karlstads 4H-g\u00e5rd\" \/>\n<meta property=\"article:modified_time\" content=\"2022-02-20T16:01:23+00:00\" \/>\n<meta name=\"twitter:card\" content=\"summary_large_image\" \/>\n<script type=\"application\/ld+json\" class=\"yoast-schema-graph\">{\"@context\":\"https:\\\/\\\/schema.org\",\"@graph\":[{\"@type\":\"WebPage\",\"@id\":\"https:\\\/\\\/www.4h.se\\\/karlstad\\\/4h-verksamheten\\\/studiebesok\\\/\",\"url\":\"https:\\\/\\\/www.4h.se\\\/karlstad\\\/4h-verksamheten\\\/studiebesok\\\/\",\"name\":\"Studiebes\u00f6k - Karlstads 4H-g\u00e5rd\",\"isPartOf\":{\"@id\":\"https:\\\/\\\/www.4h.se\\\/karlstad\\\/#website\"},\"datePublished\":\"2022-02-16T15:58:57+00:00\",\"dateModified\":\"2022-02-20T16:01:23+00:00\",\"breadcrumb\":{\"@id\":\"https:\\\/\\\/www.4h.se\\\/karlstad\\\/4h-verksamheten\\\/studiebesok\\\/#breadcrumb\"},\"inLanguage\":\"sv-SE\",\"potentialAction\":[{\"@type\":\"ReadAction\",\"target\":[\"https:\\\/\\\/www.4h.se\\\/karlstad\\\/4h-verksamheten\\\/studiebesok\\\/\"]}]},{\"@type\":\"BreadcrumbList\",\"@id\":\"https:\\\/\\\/www.4h.se\\\/karlstad\\\/4h-verksamheten\\\/studiebesok\\\/#breadcrumb\",\"itemListElement\":[{\"@type\":\"ListItem\",\"position\":1,\"name\":\"Hem\",\"item\":\"https:\\\/\\\/www.4h.se\\\/karlstad\\\/\"},{\"@type\":\"ListItem\",\"position\":2,\"name\":\"4H verksamheten\",\"item\":\"https:\\\/\\\/www.4h.se\\\/karlstad\\\/4h-verksamheten\\\/\"},{\"@type\":\"ListItem\",\"position\":3,\"name\":\"Studiebes\u00f6k\"}]},{\"@type\":\"WebSite\",\"@id\":\"https:\\\/\\\/www.4h.se\\\/karlstad\\\/#website\",\"url\":\"https:\\\/\\\/www.4h.se\\\/karlstad\\\/\",\"name\":\"Karlstads 4H-g\u00e5rd\",\"description\":\"\",\"potentialAction\":[{\"@type\":\"SearchAction\",\"target\":{\"@type\":\"EntryPoint\",\"urlTemplate\":\"https:\\\/\\\/www.4h.se\\\/karlstad\\\/?s={search_term_string}\"},\"query-input\":{\"@type\":\"PropertyValueSpecification\",\"valueRequired\":true,\"valueName\":\"search_term_string\"}}],\"inLanguage\":\"sv-SE\"}]}<\/script>\n<!-- \/ Yoast SEO plugin. -->","yoast_head_json":{"title":"Studiebes\u00f6k - Karlstads 4H-g\u00e5rd","robots":{"index":"index","follow":"follow","max-snippet":"max-snippet:-1","max-image-preview":"max-image-preview:large","max-video-preview":"max-video-preview:-1"},"canonical":"https:\/\/www.4h.se\/karlstad\/4h-verksamheten\/studiebesok\/","og_locale":"sv_SE","og_type":"article","og_title":"Studiebes\u00f6k - Karlstads 4H-g\u00e5rd","og_description":"[vc_row][vc_column][vc_column_text] Studiebes\u00f6k &nbsp; Hos oss kan du skr\u00e4ddarsy ditt studiebes\u00f6k. Vi har guidning, ridning, k\u00f6rning med h\u00e4st och vagn, eller om ni vill skr\u00e4ddarsy ett paket. Stora barngrupper- skola, f\u00f6rskola\u00a0beh\u00f6ver f\u00f6rboka sitt bes\u00f6k\u00a0. Kontakta\u00a0karlstad4h@outlook.com\u00a0f\u00f6r information och prisuppgift. [\/vc_column_text][\/vc_column][\/vc_row]","og_url":"https:\/\/www.4h.se\/karlstad\/4h-verksamheten\/studiebesok\/","og_site_name":"Karlstads 4H-g\u00e5rd","article_modified_time":"2022-02-20T16:01:23+00:00","twitter_card":"summary_large_image","schema":{"@context":"https:\/\/schema.org","@graph":[{"@type":"WebPage","@id":"https:\/\/www.4h.se\/karlstad\/4h-verksamheten\/studiebesok\/","url":"https:\/\/www.4h.se\/karlstad\/4h-verksamheten\/studiebesok\/","name":"Studiebes\u00f6k - Karlstads 4H-g\u00e5rd","isPartOf":{"@id":"https:\/\/www.4h.se\/karlstad\/#website"},"datePublished":"2022-02-16T15:58:57+00:00","dateModified":"2022-02-20T16:01:23+00:00","breadcrumb":{"@id":"https:\/\/www.4h.se\/karlstad\/4h-verksamheten\/studiebesok\/#breadcrumb"},"inLanguage":"sv-SE","potentialAction":[{"@type":"ReadAction","target":["https:\/\/www.4h.se\/karlstad\/4h-verksamheten\/studiebesok\/"]}]},{"@type":"BreadcrumbList","@id":"https:\/\/www.4h.se\/karlstad\/4h-verksamheten\/studiebesok\/#breadcrumb","itemListElement":[{"@type":"ListItem","position":1,"name":"Hem","item":"https:\/\/www.4h.se\/karlstad\/"},{"@type":"ListItem","position":2,"name":"4H verksamheten","item":"https:\/\/www.4h.se\/karlstad\/4h-verksamheten\/"},{"@type":"ListItem","position":3,"name":"Studiebes\u00f6k"}]},{"@type":"WebSite","@id":"https:\/\/www.4h.se\/karlstad\/#website","url":"https:\/\/www.4h.se\/karlstad\/","name":"Karlstads 4H-g\u00e5rd","description":"","potentialAction":[{"@type":"SearchAction","target":{"@type":"EntryPoint","urlTemplate":"https:\/\/www.4h.se\/karlstad\/?s={search_term_string}"},"query-input":{"@type":"PropertyValueSpecification","valueRequired":true,"valueName":"search_term_string"}}],"inLanguage":"sv-SE"}]}},"_links":{"self":[{"href":"https:\/\/www.4h.se\/karlstad\/wp-json\/wp\/v2\/pages\/451","targetHints":{"allow":["GET"]}}],"collection":[{"href":"https:\/\/www.4h.se\/karlstad\/wp-json\/wp\/v2\/pages"}],"about":[{"href":"https:\/\/www.4h.se\/karlstad\/wp-json\/wp\/v2\/types\/page"}],"author":[{"embeddable":true,"href":"https:\/\/www.4h.se\/karlstad\/wp-json\/wp\/v2\/users\/217"}],"replies":[{"embeddable":true,"href":"https:\/\/www.4h.se\/karlstad\/wp-json\/wp\/v2\/comments?post=451"}],"version-history":[{"count":0,"href":"https:\/\/www.4h.se\/karlstad\/wp-json\/wp\/v2\/pages\/451\/revisions"}],"up":[{"embeddable":true,"href":"https:\/\/www.4h.se\/karlstad\/wp-json\/wp\/v2\/pages\/401"}],"wp:attachment":[{"href":"https:\/\/www.4h.se\/karlstad\/wp-json\/wp\/v2\/media?parent=451"}],"curies":[{"name":"wp","href":"https:\/\/api.w.org\/{rel}","templated":true}]}}