



{"id":449,"date":"2022-02-16T16:58:17","date_gmt":"2022-02-16T15:58:17","guid":{"rendered":"https:\/\/www.4h.se\/karlstad\/?page_id=449"},"modified":"2025-08-26T12:51:07","modified_gmt":"2025-08-26T10:51:07","slug":"personal","status":"publish","type":"page","link":"https:\/\/www.4h.se\/karlstad\/4h-verksamheten\/personal\/","title":{"rendered":"Personal"},"content":{"rendered":"<div class=\"wpb-content-wrapper\"><p>[vc_row][vc_column][vc_column_text]<\/p>\n<h3>Personal<\/h3>\n<p>[\/vc_column_text][\/vc_column][\/vc_row][vc_row][vc_column width=&#8221;5\/6&#8243;][vc_column_text css=&#8221;&#8221;]<\/p>\n<h4><strong>Maud Jakobsen<\/strong><\/h4>\n<p>G\u00e5rdsf\u00f6rest\u00e5ndare och ridinstrukt\u00f6r<\/p>\n<div>\n<div class=\"elementToProof\"><i>\u201dG\u00e5rdsf\u00f6rest\u00e5ndare sedan 2002 och ridinstrukt\u00f6r sedan 1997. Jag \u00e4r en s\u00e5 kallad egenprodukt (eller inventarie?) i f\u00f6reningen,&nbsp;&nbsp;jag har varit med \u00e4nda sedan 1987! Jag har g\u00e5tt samma v\u00e4g som flera av er g\u00f6r nu \u2013ridit lektion, blivit ungdomsledare, stallsk\u00f6tare p\u00e5 helger och lov, ungdomssektionsstyrelsen osv till d\u00e4r vi \u00e4r idag.&nbsp;<\/i><\/div>\n<div class=\"elementToProof\"><i>Jag&nbsp;har&nbsp;haft&nbsp;tv\u00e5&nbsp;egna&nbsp;h\u00e4star&nbsp;genom&nbsp;\u00e5ren; Fjordingen&nbsp;Hampus&nbsp;och&nbsp;halvblodet&nbsp;Rocky&nbsp;som&nbsp;b\u00e5da&nbsp; tidigare&nbsp;jobbade&nbsp;som&nbsp;lektionsh\u00e4star&nbsp;h\u00e4r&nbsp;p\u00e5&nbsp;4H.&nbsp;<\/i><\/div>\n<div class=\"elementToProof\"><i>Jag \u00e4r aktiv i svenska brukshundklubben, utbildad allm\u00e4nlydnads instrukt\u00f6r, &nbsp;rallylydnadsinstrukt\u00f6r och mentalfigurant inom Svenska brukshundklubben och har tr\u00e4nat egna hundar och h\u00e5llit hund\u00e4garutbildningar p\u00e5 Hammar\u00f6 Brukshundklubb i m\u00e5nga \u00e5r.<\/i><\/div>\n<div class=\"elementToProof\"><i>Jag har just nu en sch\u00e4fertik som heter Karerra och en Phalenetik som heter Chilla som \u00e4r med mig p\u00e5 g\u00e5rden varje dag.<\/i><\/div>\n<div class=\"elementToProof\"><i>F\u00f6rutom Karerra och Chilla har jag \u00e4ven tv\u00e5 katter hemma som heter Zelma och Sally.&#8221;<\/i><\/div>\n<\/div>\n<p>[\/vc_column_text][\/vc_column][vc_column width=&#8221;1\/6&#8243;][vc_single_image image=&#8221;1790&#8243; img_size=&#8221;270&#215;400&#8243; css=&#8221;&#8221;][\/vc_column][\/vc_row][vc_row][vc_column][vc_separator][\/vc_column][\/vc_row][vc_row][vc_column width=&#8221;5\/6&#8243;][vc_column_text css=&#8221;&#8221;]<\/p>\n<h4><strong>Louise Stenmark<\/strong><\/h4>\n<div>\n<p>4H-assistent och skyddsombud<\/p>\n<p><em>&#8221;Jag b\u00f6rjade rida h\u00e4r p\u00e5 g\u00e5rden 2011 och sen dess har jag h\u00e4ngt kvar. B\u00f6rjade jobba lite extra i stallet 2018, samma \u00e5r som jag tog studenten och sen blev det bara mer och mer. N\u00e4r jag inte jobbar rider jag p\u00e5 ridskola och \u00e4r \u00e4ven med p\u00e5 lektioner h\u00e4r p\u00e5 g\u00e5rden ibland. Ut\u00f6ver ridning \u00e4gnar jag mycket tid \u00e5t min hund, Isla. Hon \u00e4r en Welsh Corgi Cardigan som \u00e4r med mig p\u00e5 jobbet varje dag. Vi h\u00e5ller p\u00e5 att prova lite olika hundsporter f\u00f6r att se vad som passar oss, i och med det g\u00e5r vi p\u00e5 en del olika hundkurser p\u00e5 brukshundsklubben.&#8221;<\/em><\/p>\n<\/div>\n<p>[\/vc_column_text][\/vc_column][vc_column width=&#8221;1\/6&#8243;][vc_single_image image=&#8221;509&#8243; img_size=&#8221;270&#215;400&#8243;][\/vc_column][\/vc_row][vc_row][vc_column][vc_separator][\/vc_column][\/vc_row][vc_row][vc_column width=&#8221;5\/6&#8243;][vc_column_text css=&#8221;&#8221;]<\/p>\n<h4><strong>Marianne Petersson<\/strong><\/h4>\n<div>\n<p>4H-assistent<\/p>\n<p>&nbsp;<\/p>\n<\/div>\n<p>[\/vc_column_text][\/vc_column][vc_column width=&#8221;1\/6&#8243;][vc_single_image image=&#8221;1792&#8243; img_size=&#8221;270&#215;400&#8243; css=&#8221;&#8221;][\/vc_column][\/vc_row][vc_row][vc_column][vc_separator][\/vc_column][\/vc_row][vc_row][vc_column width=&#8221;5\/6&#8243;][vc_column_text css=&#8221;&#8221;]<\/p>\n<h4><strong>Yrsa Calles<\/strong><\/h4>\n<p>Knattegruppsinstrukt\u00f6r<\/p>\n<p>&nbsp;[\/vc_column_text][\/vc_column][vc_column width=&#8221;1\/6&#8243;][vc_single_image image=&#8221;1791&#8243; img_size=&#8221;270&#215;400&#8243; css=&#8221;&#8221;][\/vc_column][\/vc_row][vc_row][vc_column][vc_separator][\/vc_column][\/vc_row][vc_row][vc_column width=&#8221;5\/6&#8243;][vc_column_text css=&#8221;&#8221;]<\/p>\n<h4><strong>Tova Haglund<\/strong><\/h4>\n<div>\n<p>Knattegruppsinstrukt\u00f6r<\/p>\n<p><em>&#8221;Jag b\u00f6rjade rida p\u00e5 g\u00e5rden runt 2011 och har sedan dess h\u00e4ngt kvar och gjort lite allt m\u00f6jligt. Just nu \u00e4r mina roller i f\u00f6reningen: knatteledare, nyckelansvarig, 4H ledare, ungdomsledare, kalasledare och ordf\u00f6rande i styrelsen. Jag g\u00e5r f\u00f6rsta \u00e5ret p\u00e5 samh\u00e4llsprogrammet p\u00e5 Sundsta-\u00c4lvkullegymnasiet. Ut\u00f6ver att vara skolan eller h\u00e4nga p\u00e5 g\u00e5rden spelar jag fotboll.&#8221;<\/em><\/p>\n<\/div>\n<p>[\/vc_column_text][\/vc_column][vc_column width=&#8221;1\/6&#8243;][vc_single_image image=&#8221;1798&#8243; img_size=&#8221;270&#215;400&#8243; css=&#8221;&#8221;][\/vc_column][\/vc_row][vc_row][vc_column][vc_separator][\/vc_column][\/vc_row][vc_row][vc_column width=&#8221;5\/6&#8243;][vc_column_text css=&#8221;&#8221;]<\/p>\n<h4><strong>Stina Kangasvieri<\/strong><\/h4>\n<div>\n<p>Knattegruppsinstrukt\u00f6r<\/p>\n<\/div>\n<p>[\/vc_column_text][\/vc_column][vc_column width=&#8221;1\/6&#8243;][vc_single_image image=&#8221;1795&#8243; img_size=&#8221;270&#215;400&#8243; css=&#8221;&#8221;][\/vc_column][\/vc_row][vc_row][vc_column][vc_separator][\/vc_column][\/vc_row]<\/p>\n<\/div>","protected":false},"excerpt":{"rendered":"<p>[vc_row][vc_column][vc_column_text] Personal [\/vc_column_text][\/vc_column][\/vc_row][vc_row][vc_column width=&#8221;5\/6&#8243;][vc_column_text css=&#8221;&#8221;] Maud Jakobsen G\u00e5rdsf\u00f6rest\u00e5ndare och ridinstrukt\u00f6r \u201dG\u00e5rdsf\u00f6rest\u00e5ndare sedan 2002 och ridinstrukt\u00f6r sedan 1997. Jag \u00e4r en s\u00e5 kallad egenprodukt (eller inventarie?) i f\u00f6reningen,&nbsp;&nbsp;jag har varit med \u00e4nda sedan 1987! Jag har g\u00e5tt samma v\u00e4g som flera av er g\u00f6r nu \u2013ridit lektion, blivit ungdomsledare, stallsk\u00f6tare p\u00e5 helger och lov, ungdomssektionsstyrelsen osv&nbsp; <a href=\"https:\/\/www.4h.se\/karlstad\/4h-verksamheten\/personal\/\">&hellip; Read more <i class=\"glyphicon glyphicon-arrow-right\"><\/i><\/a><\/p>\n","protected":false},"author":217,"featured_media":0,"parent":401,"menu_order":0,"comment_status":"closed","ping_status":"closed","template":"","meta":{"footnotes":""},"class_list":["post-449","page","type-page","status-publish","hentry"],"yoast_head":"<!-- This site is optimized with the Yoast SEO plugin v27.4 - https:\/\/yoast.com\/product\/yoast-seo-wordpress\/ -->\n<title>Personal - Karlstads 4H-g\u00e5rd<\/title>\n<meta name=\"robots\" content=\"index, follow, max-snippet:-1, max-image-preview:large, max-video-preview:-1\" \/>\n<link rel=\"canonical\" href=\"https:\/\/www.4h.se\/karlstad\/4h-verksamheten\/personal\/\" \/>\n<meta property=\"og:locale\" content=\"sv_SE\" \/>\n<meta property=\"og:type\" content=\"article\" \/>\n<meta property=\"og:title\" content=\"Personal - Karlstads 4H-g\u00e5rd\" \/>\n<meta property=\"og:description\" content=\"[vc_row][vc_column][vc_column_text] Personal [\/vc_column_text][\/vc_column][\/vc_row][vc_row][vc_column width=&#8221;5\/6&#8243;][vc_column_text css=&#8221;&#8221;] Maud Jakobsen G\u00e5rdsf\u00f6rest\u00e5ndare och ridinstrukt\u00f6r \u201dG\u00e5rdsf\u00f6rest\u00e5ndare sedan 2002 och ridinstrukt\u00f6r sedan 1997. Jag \u00e4r en s\u00e5 kallad egenprodukt (eller inventarie?) i f\u00f6reningen,&nbsp;&nbsp;jag har varit med \u00e4nda sedan 1987! Jag har g\u00e5tt samma v\u00e4g som flera av er g\u00f6r nu \u2013ridit lektion, blivit ungdomsledare, stallsk\u00f6tare p\u00e5 helger och lov, ungdomssektionsstyrelsen osv&nbsp; &hellip; Read more\" \/>\n<meta property=\"og:url\" content=\"https:\/\/www.4h.se\/karlstad\/4h-verksamheten\/personal\/\" \/>\n<meta property=\"og:site_name\" content=\"Karlstads 4H-g\u00e5rd\" \/>\n<meta property=\"article:modified_time\" content=\"2025-08-26T10:51:07+00:00\" \/>\n<meta name=\"twitter:card\" content=\"summary_large_image\" \/>\n<meta name=\"twitter:label1\" content=\"Ber\u00e4knad l\u00e4stid\" \/>\n\t<meta name=\"twitter:data1\" content=\"3 minuter\" \/>\n<script type=\"application\/ld+json\" class=\"yoast-schema-graph\">{\"@context\":\"https:\\\/\\\/schema.org\",\"@graph\":[{\"@type\":\"WebPage\",\"@id\":\"https:\\\/\\\/www.4h.se\\\/karlstad\\\/4h-verksamheten\\\/personal\\\/\",\"url\":\"https:\\\/\\\/www.4h.se\\\/karlstad\\\/4h-verksamheten\\\/personal\\\/\",\"name\":\"Personal - Karlstads 4H-g\u00e5rd\",\"isPartOf\":{\"@id\":\"https:\\\/\\\/www.4h.se\\\/karlstad\\\/#website\"},\"datePublished\":\"2022-02-16T15:58:17+00:00\",\"dateModified\":\"2025-08-26T10:51:07+00:00\",\"breadcrumb\":{\"@id\":\"https:\\\/\\\/www.4h.se\\\/karlstad\\\/4h-verksamheten\\\/personal\\\/#breadcrumb\"},\"inLanguage\":\"sv-SE\",\"potentialAction\":[{\"@type\":\"ReadAction\",\"target\":[\"https:\\\/\\\/www.4h.se\\\/karlstad\\\/4h-verksamheten\\\/personal\\\/\"]}]},{\"@type\":\"BreadcrumbList\",\"@id\":\"https:\\\/\\\/www.4h.se\\\/karlstad\\\/4h-verksamheten\\\/personal\\\/#breadcrumb\",\"itemListElement\":[{\"@type\":\"ListItem\",\"position\":1,\"name\":\"Hem\",\"item\":\"https:\\\/\\\/www.4h.se\\\/karlstad\\\/\"},{\"@type\":\"ListItem\",\"position\":2,\"name\":\"4H verksamheten\",\"item\":\"https:\\\/\\\/www.4h.se\\\/karlstad\\\/4h-verksamheten\\\/\"},{\"@type\":\"ListItem\",\"position\":3,\"name\":\"Personal\"}]},{\"@type\":\"WebSite\",\"@id\":\"https:\\\/\\\/www.4h.se\\\/karlstad\\\/#website\",\"url\":\"https:\\\/\\\/www.4h.se\\\/karlstad\\\/\",\"name\":\"Karlstads 4H-g\u00e5rd\",\"description\":\"\",\"potentialAction\":[{\"@type\":\"SearchAction\",\"target\":{\"@type\":\"EntryPoint\",\"urlTemplate\":\"https:\\\/\\\/www.4h.se\\\/karlstad\\\/?s={search_term_string}\"},\"query-input\":{\"@type\":\"PropertyValueSpecification\",\"valueRequired\":true,\"valueName\":\"search_term_string\"}}],\"inLanguage\":\"sv-SE\"}]}<\/script>\n<!-- \/ Yoast SEO plugin. -->","yoast_head_json":{"title":"Personal - Karlstads 4H-g\u00e5rd","robots":{"index":"index","follow":"follow","max-snippet":"max-snippet:-1","max-image-preview":"max-image-preview:large","max-video-preview":"max-video-preview:-1"},"canonical":"https:\/\/www.4h.se\/karlstad\/4h-verksamheten\/personal\/","og_locale":"sv_SE","og_type":"article","og_title":"Personal - Karlstads 4H-g\u00e5rd","og_description":"[vc_row][vc_column][vc_column_text] Personal [\/vc_column_text][\/vc_column][\/vc_row][vc_row][vc_column width=&#8221;5\/6&#8243;][vc_column_text css=&#8221;&#8221;] Maud Jakobsen G\u00e5rdsf\u00f6rest\u00e5ndare och ridinstrukt\u00f6r \u201dG\u00e5rdsf\u00f6rest\u00e5ndare sedan 2002 och ridinstrukt\u00f6r sedan 1997. Jag \u00e4r en s\u00e5 kallad egenprodukt (eller inventarie?) i f\u00f6reningen,&nbsp;&nbsp;jag har varit med \u00e4nda sedan 1987! Jag har g\u00e5tt samma v\u00e4g som flera av er g\u00f6r nu \u2013ridit lektion, blivit ungdomsledare, stallsk\u00f6tare p\u00e5 helger och lov, ungdomssektionsstyrelsen osv&nbsp; &hellip; Read more","og_url":"https:\/\/www.4h.se\/karlstad\/4h-verksamheten\/personal\/","og_site_name":"Karlstads 4H-g\u00e5rd","article_modified_time":"2025-08-26T10:51:07+00:00","twitter_card":"summary_large_image","twitter_misc":{"Ber\u00e4knad l\u00e4stid":"3 minuter"},"schema":{"@context":"https:\/\/schema.org","@graph":[{"@type":"WebPage","@id":"https:\/\/www.4h.se\/karlstad\/4h-verksamheten\/personal\/","url":"https:\/\/www.4h.se\/karlstad\/4h-verksamheten\/personal\/","name":"Personal - Karlstads 4H-g\u00e5rd","isPartOf":{"@id":"https:\/\/www.4h.se\/karlstad\/#website"},"datePublished":"2022-02-16T15:58:17+00:00","dateModified":"2025-08-26T10:51:07+00:00","breadcrumb":{"@id":"https:\/\/www.4h.se\/karlstad\/4h-verksamheten\/personal\/#breadcrumb"},"inLanguage":"sv-SE","potentialAction":[{"@type":"ReadAction","target":["https:\/\/www.4h.se\/karlstad\/4h-verksamheten\/personal\/"]}]},{"@type":"BreadcrumbList","@id":"https:\/\/www.4h.se\/karlstad\/4h-verksamheten\/personal\/#breadcrumb","itemListElement":[{"@type":"ListItem","position":1,"name":"Hem","item":"https:\/\/www.4h.se\/karlstad\/"},{"@type":"ListItem","position":2,"name":"4H verksamheten","item":"https:\/\/www.4h.se\/karlstad\/4h-verksamheten\/"},{"@type":"ListItem","position":3,"name":"Personal"}]},{"@type":"WebSite","@id":"https:\/\/www.4h.se\/karlstad\/#website","url":"https:\/\/www.4h.se\/karlstad\/","name":"Karlstads 4H-g\u00e5rd","description":"","potentialAction":[{"@type":"SearchAction","target":{"@type":"EntryPoint","urlTemplate":"https:\/\/www.4h.se\/karlstad\/?s={search_term_string}"},"query-input":{"@type":"PropertyValueSpecification","valueRequired":true,"valueName":"search_term_string"}}],"inLanguage":"sv-SE"}]}},"_links":{"self":[{"href":"https:\/\/www.4h.se\/karlstad\/wp-json\/wp\/v2\/pages\/449","targetHints":{"allow":["GET"]}}],"collection":[{"href":"https:\/\/www.4h.se\/karlstad\/wp-json\/wp\/v2\/pages"}],"about":[{"href":"https:\/\/www.4h.se\/karlstad\/wp-json\/wp\/v2\/types\/page"}],"author":[{"embeddable":true,"href":"https:\/\/www.4h.se\/karlstad\/wp-json\/wp\/v2\/users\/217"}],"replies":[{"embeddable":true,"href":"https:\/\/www.4h.se\/karlstad\/wp-json\/wp\/v2\/comments?post=449"}],"version-history":[{"count":0,"href":"https:\/\/www.4h.se\/karlstad\/wp-json\/wp\/v2\/pages\/449\/revisions"}],"up":[{"embeddable":true,"href":"https:\/\/www.4h.se\/karlstad\/wp-json\/wp\/v2\/pages\/401"}],"wp:attachment":[{"href":"https:\/\/www.4h.se\/karlstad\/wp-json\/wp\/v2\/media?parent=449"}],"curies":[{"name":"wp","href":"https:\/\/api.w.org\/{rel}","templated":true}]}}