



{"id":448,"date":"2022-02-16T16:57:57","date_gmt":"2022-02-16T15:57:57","guid":{"rendered":"https:\/\/www.4h.se\/karlstad\/?page_id=448"},"modified":"2022-03-31T18:54:41","modified_gmt":"2022-03-31T16:54:41","slug":"om-4h","status":"publish","type":"page","link":"https:\/\/www.4h.se\/karlstad\/4h-verksamheten\/om-4h\/","title":{"rendered":"Om 4H"},"content":{"rendered":"<div class=\"wpb-content-wrapper\"><p>[vc_row][vc_column width=&#8221;2\/3&#8243;][vc_column_text]<\/p>\n<h3 style=\"font-weight: 400\"><strong>Om 4H<\/strong><\/h3>\n<p>&nbsp;<\/p>\n<h4 style=\"font-weight: 400\"><span style=\"font-style: inherit;font-weight: inherit\"><b><strong style=\"font-style: inherit\">Vad \u00e4r 4H?<\/strong><\/b><\/span><\/h4>\n<p style=\"font-weight: 400\">4H \u00e4r en partipolitisk och religi\u00f6st obunden internationell ungdomsorganisation med bred verksamhet inom allt fr\u00e5n odling och djur till idrott och teater.<\/p>\n<h4 style=\"font-weight: 400\"><b><strong style=\"font-style: inherit\"><span style=\"font-style: inherit;font-weight: inherit\">Huvud<\/span><\/strong><\/b><\/h4>\n<p style=\"font-weight: 400\">Huvud \u00e4r det f\u00f6rsta av de fyra H:na och \u00e4r sinnesbilden f\u00f6r kunskap.<\/p>\n<h4 style=\"font-weight: 400\"><b><strong style=\"font-style: inherit\">Hj\u00e4rta<\/strong><\/b><\/h4>\n<p style=\"font-weight: 400\">Sl\u00e5r man upp ordet hj\u00e4rta i en uppslagsbok st\u00e5r bland annat &#8221;f\u00f6rm\u00e5ga f\u00f6r medk\u00e4nsla&#8221; . Medk\u00e4nsla f\u00f6r alla m\u00e4nniskor \u00e4r n\u00e5got som \u00e4r viktigt att ha med sig i livet. Lika viktigt \u00e4r ocks\u00e5 medk\u00e4nsla och respekt f\u00f6r djur och natur.<\/p>\n<h4 style=\"font-weight: 400\"><b><strong style=\"font-style: inherit\">Hand<\/strong><\/b><\/h4>\n<p style=\"font-weight: 400\">4H:s motto \u00e4r &#8221;l\u00e4ra genom att g\u00f6ra &#8221; . Med detta vill 4H g\u00f6ra l\u00e4randet till en lek och v\u00e4cka nyfikenhet att s\u00f6ka mer kunskap ur huvudets H.<\/p>\n<h4 style=\"font-weight: 400\"><b><strong style=\"font-style: inherit\">H\u00e4lsa<\/strong><\/b><\/h4>\n<p style=\"font-weight: 400\">Med h\u00e4lsans H \u00e4r tanken att vi alla ska leva sunt och naturligt.<\/p>\n<p style=\"font-weight: 400\"><span style=\"font-style: inherit;font-weight: inherit\"><span style=\"font-style: inherit;font-weight: inherit\"><span style=\"font-style: inherit;font-weight: inherit\"><span style=\"font-style: inherit;font-weight: inherit\"><span style=\"font-style: inherit;font-weight: inherit\">I Sverige finns flera ca 300 4H klubbar spridda \u00f6ver hela landet, varav ca 30 st \u00e4r g\u00e5rdar med djur.\u00a0<\/span><\/span><\/span><\/span><span style=\"font-style: inherit;font-weight: inherit\"><span style=\"font-style: inherit;font-weight: inherit\">P\u00e5\u00a0<\/span><a style=\"font-style: inherit;font-weight: inherit\" href=\"http:\/\/www.4h.se\/\"><span style=\"font-style: inherit;font-weight: inherit\"><span style=\"font-style: inherit;font-weight: inherit\"><b><strong style=\"font-style: inherit\">Riksf\u00f6rbundet Sveriges 4H<\/strong><\/b><\/span><\/span><\/a><span style=\"font-style: inherit;font-weight: inherit\">\u00b4s hemsida kan du l\u00e4sa mer om 4H\u00b4s historia, verksamhetsplaner, visioner samt hitta andra klubbar och g\u00e5rdar i landet!<\/span><\/span><\/span><\/p>\n<p>[\/vc_column_text][\/vc_column][vc_column width=&#8221;1\/3&#8243;][vc_empty_space height=&#8221;80px&#8221;][vc_single_image image=&#8221;561&#8243; img_size=&#8221;400&#215;400&#8243;][\/vc_column][\/vc_row][vc_row][vc_column][vc_separator][\/vc_column][\/vc_row][vc_row][vc_column][vc_column_text]<\/p>\n<p style=\"font-weight: 400\"><span style=\"font-style: inherit;font-weight: inherit\">Sveriges 4H har sedan b\u00f6rjan av 1970-talet haft 4H-g\u00e5rden som en unik verksamhetsform. 4H-g\u00e5rden skall efterlikna en svensk bondg\u00e5rd med sj\u00e4lvhush\u00e5ll. De djur som h\u00e5lls b\u00f6r vara av svenska lantraser och de v\u00e4xter som odlas skall vara de arter som finns p\u00e5 svenska g\u00e5rdar.<\/span><\/p>\n<p style=\"font-weight: 400\"><span style=\"font-style: inherit;font-weight: inherit\">4H ska erbjuda aktiv verksamhet och f\u00e5r enligt 4H:s riktlinjer inte likna en djurpark. Ett av 4H\u00b4s viktigaste m\u00e5l \u00e4r att alla p\u00e5 g\u00e5rden ska ta aktiv del i alla de sysslor som f\u00f6rekommer. Barn och ungdomar f\u00e5r p\u00e5 s\u00e5 s\u00e4tt tidigt l\u00e4ra sig ta ansvar och den enskildes personlighetsutveckling fr\u00e4mjas i enlighet med v\u00e5rt motto; \u201datt l\u00e4ra genom att g\u00f6ra\u201d.<\/p>\n<p>Varje 4H drivs i f\u00f6reningsform som en egen enhet, med ansvar hos den lokala 4H-klubben. G\u00e5rdarnas verksamhet \u00e4r baserad p\u00e5 ideellt engagemang.<\/span><\/p>\n<p>[\/vc_column_text][\/vc_column][\/vc_row]<\/p>\n<\/div>","protected":false},"excerpt":{"rendered":"<p>[vc_row][vc_column width=&#8221;2\/3&#8243;][vc_column_text] Om 4H &nbsp; Vad \u00e4r 4H? 4H \u00e4r en partipolitisk och religi\u00f6st obunden internationell ungdomsorganisation med bred verksamhet inom allt fr\u00e5n odling och djur till idrott och teater. Huvud Huvud \u00e4r det f\u00f6rsta av de fyra H:na och \u00e4r sinnesbilden f\u00f6r kunskap. Hj\u00e4rta Sl\u00e5r man upp ordet hj\u00e4rta i en uppslagsbok st\u00e5r bland&nbsp; <a href=\"https:\/\/www.4h.se\/karlstad\/4h-verksamheten\/om-4h\/\">&hellip; Read more <i class=\"glyphicon glyphicon-arrow-right\"><\/i><\/a><\/p>\n","protected":false},"author":217,"featured_media":0,"parent":401,"menu_order":0,"comment_status":"closed","ping_status":"closed","template":"","meta":{"footnotes":""},"class_list":["post-448","page","type-page","status-publish","hentry"],"yoast_head":"<!-- This site is optimized with the Yoast SEO plugin v27.4 - https:\/\/yoast.com\/product\/yoast-seo-wordpress\/ -->\n<title>Om 4H - Karlstads 4H-g\u00e5rd<\/title>\n<meta name=\"robots\" content=\"index, follow, max-snippet:-1, max-image-preview:large, max-video-preview:-1\" \/>\n<link rel=\"canonical\" href=\"https:\/\/www.4h.se\/karlstad\/4h-verksamheten\/om-4h\/\" \/>\n<meta property=\"og:locale\" content=\"sv_SE\" \/>\n<meta property=\"og:type\" content=\"article\" \/>\n<meta property=\"og:title\" content=\"Om 4H - Karlstads 4H-g\u00e5rd\" \/>\n<meta property=\"og:description\" content=\"[vc_row][vc_column width=&#8221;2\/3&#8243;][vc_column_text] Om 4H &nbsp; Vad \u00e4r 4H? 4H \u00e4r en partipolitisk och religi\u00f6st obunden internationell ungdomsorganisation med bred verksamhet inom allt fr\u00e5n odling och djur till idrott och teater. Huvud Huvud \u00e4r det f\u00f6rsta av de fyra H:na och \u00e4r sinnesbilden f\u00f6r kunskap. Hj\u00e4rta Sl\u00e5r man upp ordet hj\u00e4rta i en uppslagsbok st\u00e5r bland&nbsp; &hellip; Read more\" \/>\n<meta property=\"og:url\" content=\"https:\/\/www.4h.se\/karlstad\/4h-verksamheten\/om-4h\/\" \/>\n<meta property=\"og:site_name\" content=\"Karlstads 4H-g\u00e5rd\" \/>\n<meta property=\"article:modified_time\" content=\"2022-03-31T16:54:41+00:00\" \/>\n<meta name=\"twitter:card\" content=\"summary_large_image\" \/>\n<meta name=\"twitter:label1\" content=\"Ber\u00e4knad l\u00e4stid\" \/>\n\t<meta name=\"twitter:data1\" content=\"2 minuter\" \/>\n<script type=\"application\/ld+json\" class=\"yoast-schema-graph\">{\"@context\":\"https:\\\/\\\/schema.org\",\"@graph\":[{\"@type\":\"WebPage\",\"@id\":\"https:\\\/\\\/www.4h.se\\\/karlstad\\\/4h-verksamheten\\\/om-4h\\\/\",\"url\":\"https:\\\/\\\/www.4h.se\\\/karlstad\\\/4h-verksamheten\\\/om-4h\\\/\",\"name\":\"Om 4H - Karlstads 4H-g\u00e5rd\",\"isPartOf\":{\"@id\":\"https:\\\/\\\/www.4h.se\\\/karlstad\\\/#website\"},\"datePublished\":\"2022-02-16T15:57:57+00:00\",\"dateModified\":\"2022-03-31T16:54:41+00:00\",\"breadcrumb\":{\"@id\":\"https:\\\/\\\/www.4h.se\\\/karlstad\\\/4h-verksamheten\\\/om-4h\\\/#breadcrumb\"},\"inLanguage\":\"sv-SE\",\"potentialAction\":[{\"@type\":\"ReadAction\",\"target\":[\"https:\\\/\\\/www.4h.se\\\/karlstad\\\/4h-verksamheten\\\/om-4h\\\/\"]}]},{\"@type\":\"BreadcrumbList\",\"@id\":\"https:\\\/\\\/www.4h.se\\\/karlstad\\\/4h-verksamheten\\\/om-4h\\\/#breadcrumb\",\"itemListElement\":[{\"@type\":\"ListItem\",\"position\":1,\"name\":\"Hem\",\"item\":\"https:\\\/\\\/www.4h.se\\\/karlstad\\\/\"},{\"@type\":\"ListItem\",\"position\":2,\"name\":\"4H verksamheten\",\"item\":\"https:\\\/\\\/www.4h.se\\\/karlstad\\\/4h-verksamheten\\\/\"},{\"@type\":\"ListItem\",\"position\":3,\"name\":\"Om 4H\"}]},{\"@type\":\"WebSite\",\"@id\":\"https:\\\/\\\/www.4h.se\\\/karlstad\\\/#website\",\"url\":\"https:\\\/\\\/www.4h.se\\\/karlstad\\\/\",\"name\":\"Karlstads 4H-g\u00e5rd\",\"description\":\"\",\"potentialAction\":[{\"@type\":\"SearchAction\",\"target\":{\"@type\":\"EntryPoint\",\"urlTemplate\":\"https:\\\/\\\/www.4h.se\\\/karlstad\\\/?s={search_term_string}\"},\"query-input\":{\"@type\":\"PropertyValueSpecification\",\"valueRequired\":true,\"valueName\":\"search_term_string\"}}],\"inLanguage\":\"sv-SE\"}]}<\/script>\n<!-- \/ Yoast SEO plugin. -->","yoast_head_json":{"title":"Om 4H - Karlstads 4H-g\u00e5rd","robots":{"index":"index","follow":"follow","max-snippet":"max-snippet:-1","max-image-preview":"max-image-preview:large","max-video-preview":"max-video-preview:-1"},"canonical":"https:\/\/www.4h.se\/karlstad\/4h-verksamheten\/om-4h\/","og_locale":"sv_SE","og_type":"article","og_title":"Om 4H - Karlstads 4H-g\u00e5rd","og_description":"[vc_row][vc_column width=&#8221;2\/3&#8243;][vc_column_text] Om 4H &nbsp; Vad \u00e4r 4H? 4H \u00e4r en partipolitisk och religi\u00f6st obunden internationell ungdomsorganisation med bred verksamhet inom allt fr\u00e5n odling och djur till idrott och teater. Huvud Huvud \u00e4r det f\u00f6rsta av de fyra H:na och \u00e4r sinnesbilden f\u00f6r kunskap. Hj\u00e4rta Sl\u00e5r man upp ordet hj\u00e4rta i en uppslagsbok st\u00e5r bland&nbsp; &hellip; Read more","og_url":"https:\/\/www.4h.se\/karlstad\/4h-verksamheten\/om-4h\/","og_site_name":"Karlstads 4H-g\u00e5rd","article_modified_time":"2022-03-31T16:54:41+00:00","twitter_card":"summary_large_image","twitter_misc":{"Ber\u00e4knad l\u00e4stid":"2 minuter"},"schema":{"@context":"https:\/\/schema.org","@graph":[{"@type":"WebPage","@id":"https:\/\/www.4h.se\/karlstad\/4h-verksamheten\/om-4h\/","url":"https:\/\/www.4h.se\/karlstad\/4h-verksamheten\/om-4h\/","name":"Om 4H - Karlstads 4H-g\u00e5rd","isPartOf":{"@id":"https:\/\/www.4h.se\/karlstad\/#website"},"datePublished":"2022-02-16T15:57:57+00:00","dateModified":"2022-03-31T16:54:41+00:00","breadcrumb":{"@id":"https:\/\/www.4h.se\/karlstad\/4h-verksamheten\/om-4h\/#breadcrumb"},"inLanguage":"sv-SE","potentialAction":[{"@type":"ReadAction","target":["https:\/\/www.4h.se\/karlstad\/4h-verksamheten\/om-4h\/"]}]},{"@type":"BreadcrumbList","@id":"https:\/\/www.4h.se\/karlstad\/4h-verksamheten\/om-4h\/#breadcrumb","itemListElement":[{"@type":"ListItem","position":1,"name":"Hem","item":"https:\/\/www.4h.se\/karlstad\/"},{"@type":"ListItem","position":2,"name":"4H verksamheten","item":"https:\/\/www.4h.se\/karlstad\/4h-verksamheten\/"},{"@type":"ListItem","position":3,"name":"Om 4H"}]},{"@type":"WebSite","@id":"https:\/\/www.4h.se\/karlstad\/#website","url":"https:\/\/www.4h.se\/karlstad\/","name":"Karlstads 4H-g\u00e5rd","description":"","potentialAction":[{"@type":"SearchAction","target":{"@type":"EntryPoint","urlTemplate":"https:\/\/www.4h.se\/karlstad\/?s={search_term_string}"},"query-input":{"@type":"PropertyValueSpecification","valueRequired":true,"valueName":"search_term_string"}}],"inLanguage":"sv-SE"}]}},"_links":{"self":[{"href":"https:\/\/www.4h.se\/karlstad\/wp-json\/wp\/v2\/pages\/448","targetHints":{"allow":["GET"]}}],"collection":[{"href":"https:\/\/www.4h.se\/karlstad\/wp-json\/wp\/v2\/pages"}],"about":[{"href":"https:\/\/www.4h.se\/karlstad\/wp-json\/wp\/v2\/types\/page"}],"author":[{"embeddable":true,"href":"https:\/\/www.4h.se\/karlstad\/wp-json\/wp\/v2\/users\/217"}],"replies":[{"embeddable":true,"href":"https:\/\/www.4h.se\/karlstad\/wp-json\/wp\/v2\/comments?post=448"}],"version-history":[{"count":0,"href":"https:\/\/www.4h.se\/karlstad\/wp-json\/wp\/v2\/pages\/448\/revisions"}],"up":[{"embeddable":true,"href":"https:\/\/www.4h.se\/karlstad\/wp-json\/wp\/v2\/pages\/401"}],"wp:attachment":[{"href":"https:\/\/www.4h.se\/karlstad\/wp-json\/wp\/v2\/media?parent=448"}],"curies":[{"name":"wp","href":"https:\/\/api.w.org\/{rel}","templated":true}]}}