



{"id":446,"date":"2022-02-16T16:57:14","date_gmt":"2022-02-16T15:57:14","guid":{"rendered":"https:\/\/www.4h.se\/karlstad\/?page_id=446"},"modified":"2022-02-20T17:10:47","modified_gmt":"2022-02-20T16:10:47","slug":"handhygien-ar-viktigt","status":"publish","type":"page","link":"https:\/\/www.4h.se\/karlstad\/4h-verksamheten\/handhygien-ar-viktigt\/","title":{"rendered":"Handhygien \u00e4r viktigt"},"content":{"rendered":"<div class=\"wpb-content-wrapper\"><p>[vc_row][vc_column][vc_column_text]<\/p>\n<h3>Handhygien \u00e4r viktigt<\/h3>\n<p>&nbsp;<\/p>\n<h4><strong>Hygienregler\u00a0p\u00e5\u00a0Karlstad\u00a04H och Bellevues Ponnyridklubb<\/strong><\/h4>\n<p>Handtv\u00e4tt\u00a0\u00e4r\u00a0den\u00a0viktigaste\u00a0\u00e5tg\u00e4rden!<\/p>\n<p>Att\u00a0tv\u00e4tta\u00a0h\u00e4nderna\u00a0\u00e4r\u00a0viktigt\u00a0f\u00f6r\u00a0att\u00a0f\u00f6rebygga\u00a0att\u00a0smittor\u00a0sprids\u00a0fr\u00e5n djur\u00a0till\u00a0m\u00e4nniskor\u00a0liksom\u00a0fr\u00e5n\u00a0m\u00e4nniskor\u00a0till\u00a0djur,\u00a0samt\u00a0mellan\u00a0djur\u00a0i\u00a0olika\u00a0stallar.\u00a0 Handtv\u00e4tt\u00a0minskar\u00a0risken\u00a0f\u00f6r\u00a0att\u00a0smitt\u00e4mnen\u00a0fastnar\u00a0p\u00e5 h\u00e4nderna\u00a0och\u00a0\u00f6verf\u00f6rs\u00a0vid\u00a0kontakt.\u00a0Enbart\u00a0handsprit\u00a0r\u00e4cker\u00a0inte\u00a0f\u00f6r\u00a0att avd\u00f6da\u00a0vissa\u00a0smitt\u00e4mnen\u00a0och\u00a0handsprit\u00a0saknar\u00a0effekt\u00a0om\u00a0h\u00e4nderna\u00a0\u00e4r\u00a0synligt\u00a0smutsiga\u00a0eller\u00a0kladdiga.<\/p>\n<h4><strong>T\u00e4nk\u00a0p\u00e5\u00a0det\u00a0h\u00e4r\u00a0som\u00a0bes\u00f6kare:\u00a0<\/strong><\/h4>\n<p>Tv\u00e4tta\u00a0h\u00e4nderna\u00a0noga\u00a0med\u00a0tv\u00e5l\u00a0och\u00a0vatten\u00a0b\u00e5de\u00a0f\u00f6re\u00a0och\u00a0efter\u00a0 kontakt\u00a0med\u00a0djuren\u00a0(inte\u00a0bara\u00a0handsprit!).<\/p>\n<p>H\u00e4nderna\u00a0kan\u00a0tv\u00e4ttas\u00a0antingen\u00a0p\u00e5\u00a0n\u00e5gon\u00a0av\u00a0v\u00e5ra\u00a0toaletter\u00a0i\u00a0stallet\u00a0eller\u00a0p\u00e5\u00a0kontoret.<\/p>\n<p>Tv\u00e4tta\u00a0h\u00e4nderna\u00a0innan\u00a0du\u00a0\u00e4ter.<\/p>\n<p>Yngre\u00a0barn\u00a0som\u00a0g\u00e4rna\u00a0stoppar\u00a0fingrarna\u00a0i\u00a0munnen\u00a0beh\u00f6ver\u00a0h\u00e5llas\u00a0under\u00a0s\u00e4rskild\u00a0uppsikt.[\/vc_column_text][\/vc_column][\/vc_row]<\/p>\n<\/div>","protected":false},"excerpt":{"rendered":"<p>[vc_row][vc_column][vc_column_text] Handhygien \u00e4r viktigt &nbsp; Hygienregler\u00a0p\u00e5\u00a0Karlstad\u00a04H och Bellevues Ponnyridklubb Handtv\u00e4tt\u00a0\u00e4r\u00a0den\u00a0viktigaste\u00a0\u00e5tg\u00e4rden! Att\u00a0tv\u00e4tta\u00a0h\u00e4nderna\u00a0\u00e4r\u00a0viktigt\u00a0f\u00f6r\u00a0att\u00a0f\u00f6rebygga\u00a0att\u00a0smittor\u00a0sprids\u00a0fr\u00e5n djur\u00a0till\u00a0m\u00e4nniskor\u00a0liksom\u00a0fr\u00e5n\u00a0m\u00e4nniskor\u00a0till\u00a0djur,\u00a0samt\u00a0mellan\u00a0djur\u00a0i\u00a0olika\u00a0stallar.\u00a0 Handtv\u00e4tt\u00a0minskar\u00a0risken\u00a0f\u00f6r\u00a0att\u00a0smitt\u00e4mnen\u00a0fastnar\u00a0p\u00e5 h\u00e4nderna\u00a0och\u00a0\u00f6verf\u00f6rs\u00a0vid\u00a0kontakt.\u00a0Enbart\u00a0handsprit\u00a0r\u00e4cker\u00a0inte\u00a0f\u00f6r\u00a0att avd\u00f6da\u00a0vissa\u00a0smitt\u00e4mnen\u00a0och\u00a0handsprit\u00a0saknar\u00a0effekt\u00a0om\u00a0h\u00e4nderna\u00a0\u00e4r\u00a0synligt\u00a0smutsiga\u00a0eller\u00a0kladdiga. T\u00e4nk\u00a0p\u00e5\u00a0det\u00a0h\u00e4r\u00a0som\u00a0bes\u00f6kare:\u00a0 Tv\u00e4tta\u00a0h\u00e4nderna\u00a0noga\u00a0med\u00a0tv\u00e5l\u00a0och\u00a0vatten\u00a0b\u00e5de\u00a0f\u00f6re\u00a0och\u00a0efter\u00a0 kontakt\u00a0med\u00a0djuren\u00a0(inte\u00a0bara\u00a0handsprit!). H\u00e4nderna\u00a0kan\u00a0tv\u00e4ttas\u00a0antingen\u00a0p\u00e5\u00a0n\u00e5gon\u00a0av\u00a0v\u00e5ra\u00a0toaletter\u00a0i\u00a0stallet\u00a0eller\u00a0p\u00e5\u00a0kontoret. Tv\u00e4tta\u00a0h\u00e4nderna\u00a0innan\u00a0du\u00a0\u00e4ter. Yngre\u00a0barn\u00a0som\u00a0g\u00e4rna\u00a0stoppar\u00a0fingrarna\u00a0i\u00a0munnen\u00a0beh\u00f6ver\u00a0h\u00e5llas\u00a0under\u00a0s\u00e4rskild\u00a0uppsikt.[\/vc_column_text][\/vc_column][\/vc_row]<\/p>\n","protected":false},"author":217,"featured_media":0,"parent":401,"menu_order":0,"comment_status":"closed","ping_status":"closed","template":"","meta":{"footnotes":""},"class_list":["post-446","page","type-page","status-publish","hentry"],"yoast_head":"<!-- This site is optimized with the Yoast SEO plugin v27.4 - https:\/\/yoast.com\/product\/yoast-seo-wordpress\/ -->\n<title>Handhygien \u00e4r viktigt - Karlstads 4H-g\u00e5rd<\/title>\n<meta name=\"robots\" content=\"index, follow, max-snippet:-1, max-image-preview:large, max-video-preview:-1\" \/>\n<link rel=\"canonical\" href=\"https:\/\/www.4h.se\/karlstad\/4h-verksamheten\/handhygien-ar-viktigt\/\" \/>\n<meta property=\"og:locale\" content=\"sv_SE\" \/>\n<meta property=\"og:type\" content=\"article\" \/>\n<meta property=\"og:title\" content=\"Handhygien \u00e4r viktigt - Karlstads 4H-g\u00e5rd\" \/>\n<meta property=\"og:description\" content=\"[vc_row][vc_column][vc_column_text] Handhygien \u00e4r viktigt &nbsp; Hygienregler\u00a0p\u00e5\u00a0Karlstad\u00a04H och Bellevues Ponnyridklubb Handtv\u00e4tt\u00a0\u00e4r\u00a0den\u00a0viktigaste\u00a0\u00e5tg\u00e4rden! Att\u00a0tv\u00e4tta\u00a0h\u00e4nderna\u00a0\u00e4r\u00a0viktigt\u00a0f\u00f6r\u00a0att\u00a0f\u00f6rebygga\u00a0att\u00a0smittor\u00a0sprids\u00a0fr\u00e5n djur\u00a0till\u00a0m\u00e4nniskor\u00a0liksom\u00a0fr\u00e5n\u00a0m\u00e4nniskor\u00a0till\u00a0djur,\u00a0samt\u00a0mellan\u00a0djur\u00a0i\u00a0olika\u00a0stallar.\u00a0 Handtv\u00e4tt\u00a0minskar\u00a0risken\u00a0f\u00f6r\u00a0att\u00a0smitt\u00e4mnen\u00a0fastnar\u00a0p\u00e5 h\u00e4nderna\u00a0och\u00a0\u00f6verf\u00f6rs\u00a0vid\u00a0kontakt.\u00a0Enbart\u00a0handsprit\u00a0r\u00e4cker\u00a0inte\u00a0f\u00f6r\u00a0att avd\u00f6da\u00a0vissa\u00a0smitt\u00e4mnen\u00a0och\u00a0handsprit\u00a0saknar\u00a0effekt\u00a0om\u00a0h\u00e4nderna\u00a0\u00e4r\u00a0synligt\u00a0smutsiga\u00a0eller\u00a0kladdiga. T\u00e4nk\u00a0p\u00e5\u00a0det\u00a0h\u00e4r\u00a0som\u00a0bes\u00f6kare:\u00a0 Tv\u00e4tta\u00a0h\u00e4nderna\u00a0noga\u00a0med\u00a0tv\u00e5l\u00a0och\u00a0vatten\u00a0b\u00e5de\u00a0f\u00f6re\u00a0och\u00a0efter\u00a0 kontakt\u00a0med\u00a0djuren\u00a0(inte\u00a0bara\u00a0handsprit!). H\u00e4nderna\u00a0kan\u00a0tv\u00e4ttas\u00a0antingen\u00a0p\u00e5\u00a0n\u00e5gon\u00a0av\u00a0v\u00e5ra\u00a0toaletter\u00a0i\u00a0stallet\u00a0eller\u00a0p\u00e5\u00a0kontoret. Tv\u00e4tta\u00a0h\u00e4nderna\u00a0innan\u00a0du\u00a0\u00e4ter. Yngre\u00a0barn\u00a0som\u00a0g\u00e4rna\u00a0stoppar\u00a0fingrarna\u00a0i\u00a0munnen\u00a0beh\u00f6ver\u00a0h\u00e5llas\u00a0under\u00a0s\u00e4rskild\u00a0uppsikt.[\/vc_column_text][\/vc_column][\/vc_row]\" \/>\n<meta property=\"og:url\" content=\"https:\/\/www.4h.se\/karlstad\/4h-verksamheten\/handhygien-ar-viktigt\/\" \/>\n<meta property=\"og:site_name\" content=\"Karlstads 4H-g\u00e5rd\" \/>\n<meta property=\"article:modified_time\" content=\"2022-02-20T16:10:47+00:00\" \/>\n<meta name=\"twitter:card\" content=\"summary_large_image\" \/>\n<meta name=\"twitter:label1\" content=\"Ber\u00e4knad l\u00e4stid\" \/>\n\t<meta name=\"twitter:data1\" content=\"1 minut\" \/>\n<script type=\"application\/ld+json\" class=\"yoast-schema-graph\">{\"@context\":\"https:\\\/\\\/schema.org\",\"@graph\":[{\"@type\":\"WebPage\",\"@id\":\"https:\\\/\\\/www.4h.se\\\/karlstad\\\/4h-verksamheten\\\/handhygien-ar-viktigt\\\/\",\"url\":\"https:\\\/\\\/www.4h.se\\\/karlstad\\\/4h-verksamheten\\\/handhygien-ar-viktigt\\\/\",\"name\":\"Handhygien \u00e4r viktigt - Karlstads 4H-g\u00e5rd\",\"isPartOf\":{\"@id\":\"https:\\\/\\\/www.4h.se\\\/karlstad\\\/#website\"},\"datePublished\":\"2022-02-16T15:57:14+00:00\",\"dateModified\":\"2022-02-20T16:10:47+00:00\",\"breadcrumb\":{\"@id\":\"https:\\\/\\\/www.4h.se\\\/karlstad\\\/4h-verksamheten\\\/handhygien-ar-viktigt\\\/#breadcrumb\"},\"inLanguage\":\"sv-SE\",\"potentialAction\":[{\"@type\":\"ReadAction\",\"target\":[\"https:\\\/\\\/www.4h.se\\\/karlstad\\\/4h-verksamheten\\\/handhygien-ar-viktigt\\\/\"]}]},{\"@type\":\"BreadcrumbList\",\"@id\":\"https:\\\/\\\/www.4h.se\\\/karlstad\\\/4h-verksamheten\\\/handhygien-ar-viktigt\\\/#breadcrumb\",\"itemListElement\":[{\"@type\":\"ListItem\",\"position\":1,\"name\":\"Hem\",\"item\":\"https:\\\/\\\/www.4h.se\\\/karlstad\\\/\"},{\"@type\":\"ListItem\",\"position\":2,\"name\":\"4H verksamheten\",\"item\":\"https:\\\/\\\/www.4h.se\\\/karlstad\\\/4h-verksamheten\\\/\"},{\"@type\":\"ListItem\",\"position\":3,\"name\":\"Handhygien \u00e4r viktigt\"}]},{\"@type\":\"WebSite\",\"@id\":\"https:\\\/\\\/www.4h.se\\\/karlstad\\\/#website\",\"url\":\"https:\\\/\\\/www.4h.se\\\/karlstad\\\/\",\"name\":\"Karlstads 4H-g\u00e5rd\",\"description\":\"\",\"potentialAction\":[{\"@type\":\"SearchAction\",\"target\":{\"@type\":\"EntryPoint\",\"urlTemplate\":\"https:\\\/\\\/www.4h.se\\\/karlstad\\\/?s={search_term_string}\"},\"query-input\":{\"@type\":\"PropertyValueSpecification\",\"valueRequired\":true,\"valueName\":\"search_term_string\"}}],\"inLanguage\":\"sv-SE\"}]}<\/script>\n<!-- \/ Yoast SEO plugin. -->","yoast_head_json":{"title":"Handhygien \u00e4r viktigt - Karlstads 4H-g\u00e5rd","robots":{"index":"index","follow":"follow","max-snippet":"max-snippet:-1","max-image-preview":"max-image-preview:large","max-video-preview":"max-video-preview:-1"},"canonical":"https:\/\/www.4h.se\/karlstad\/4h-verksamheten\/handhygien-ar-viktigt\/","og_locale":"sv_SE","og_type":"article","og_title":"Handhygien \u00e4r viktigt - Karlstads 4H-g\u00e5rd","og_description":"[vc_row][vc_column][vc_column_text] Handhygien \u00e4r viktigt &nbsp; Hygienregler\u00a0p\u00e5\u00a0Karlstad\u00a04H och Bellevues Ponnyridklubb Handtv\u00e4tt\u00a0\u00e4r\u00a0den\u00a0viktigaste\u00a0\u00e5tg\u00e4rden! Att\u00a0tv\u00e4tta\u00a0h\u00e4nderna\u00a0\u00e4r\u00a0viktigt\u00a0f\u00f6r\u00a0att\u00a0f\u00f6rebygga\u00a0att\u00a0smittor\u00a0sprids\u00a0fr\u00e5n djur\u00a0till\u00a0m\u00e4nniskor\u00a0liksom\u00a0fr\u00e5n\u00a0m\u00e4nniskor\u00a0till\u00a0djur,\u00a0samt\u00a0mellan\u00a0djur\u00a0i\u00a0olika\u00a0stallar.\u00a0 Handtv\u00e4tt\u00a0minskar\u00a0risken\u00a0f\u00f6r\u00a0att\u00a0smitt\u00e4mnen\u00a0fastnar\u00a0p\u00e5 h\u00e4nderna\u00a0och\u00a0\u00f6verf\u00f6rs\u00a0vid\u00a0kontakt.\u00a0Enbart\u00a0handsprit\u00a0r\u00e4cker\u00a0inte\u00a0f\u00f6r\u00a0att avd\u00f6da\u00a0vissa\u00a0smitt\u00e4mnen\u00a0och\u00a0handsprit\u00a0saknar\u00a0effekt\u00a0om\u00a0h\u00e4nderna\u00a0\u00e4r\u00a0synligt\u00a0smutsiga\u00a0eller\u00a0kladdiga. T\u00e4nk\u00a0p\u00e5\u00a0det\u00a0h\u00e4r\u00a0som\u00a0bes\u00f6kare:\u00a0 Tv\u00e4tta\u00a0h\u00e4nderna\u00a0noga\u00a0med\u00a0tv\u00e5l\u00a0och\u00a0vatten\u00a0b\u00e5de\u00a0f\u00f6re\u00a0och\u00a0efter\u00a0 kontakt\u00a0med\u00a0djuren\u00a0(inte\u00a0bara\u00a0handsprit!). H\u00e4nderna\u00a0kan\u00a0tv\u00e4ttas\u00a0antingen\u00a0p\u00e5\u00a0n\u00e5gon\u00a0av\u00a0v\u00e5ra\u00a0toaletter\u00a0i\u00a0stallet\u00a0eller\u00a0p\u00e5\u00a0kontoret. Tv\u00e4tta\u00a0h\u00e4nderna\u00a0innan\u00a0du\u00a0\u00e4ter. Yngre\u00a0barn\u00a0som\u00a0g\u00e4rna\u00a0stoppar\u00a0fingrarna\u00a0i\u00a0munnen\u00a0beh\u00f6ver\u00a0h\u00e5llas\u00a0under\u00a0s\u00e4rskild\u00a0uppsikt.[\/vc_column_text][\/vc_column][\/vc_row]","og_url":"https:\/\/www.4h.se\/karlstad\/4h-verksamheten\/handhygien-ar-viktigt\/","og_site_name":"Karlstads 4H-g\u00e5rd","article_modified_time":"2022-02-20T16:10:47+00:00","twitter_card":"summary_large_image","twitter_misc":{"Ber\u00e4knad l\u00e4stid":"1 minut"},"schema":{"@context":"https:\/\/schema.org","@graph":[{"@type":"WebPage","@id":"https:\/\/www.4h.se\/karlstad\/4h-verksamheten\/handhygien-ar-viktigt\/","url":"https:\/\/www.4h.se\/karlstad\/4h-verksamheten\/handhygien-ar-viktigt\/","name":"Handhygien \u00e4r viktigt - Karlstads 4H-g\u00e5rd","isPartOf":{"@id":"https:\/\/www.4h.se\/karlstad\/#website"},"datePublished":"2022-02-16T15:57:14+00:00","dateModified":"2022-02-20T16:10:47+00:00","breadcrumb":{"@id":"https:\/\/www.4h.se\/karlstad\/4h-verksamheten\/handhygien-ar-viktigt\/#breadcrumb"},"inLanguage":"sv-SE","potentialAction":[{"@type":"ReadAction","target":["https:\/\/www.4h.se\/karlstad\/4h-verksamheten\/handhygien-ar-viktigt\/"]}]},{"@type":"BreadcrumbList","@id":"https:\/\/www.4h.se\/karlstad\/4h-verksamheten\/handhygien-ar-viktigt\/#breadcrumb","itemListElement":[{"@type":"ListItem","position":1,"name":"Hem","item":"https:\/\/www.4h.se\/karlstad\/"},{"@type":"ListItem","position":2,"name":"4H verksamheten","item":"https:\/\/www.4h.se\/karlstad\/4h-verksamheten\/"},{"@type":"ListItem","position":3,"name":"Handhygien \u00e4r viktigt"}]},{"@type":"WebSite","@id":"https:\/\/www.4h.se\/karlstad\/#website","url":"https:\/\/www.4h.se\/karlstad\/","name":"Karlstads 4H-g\u00e5rd","description":"","potentialAction":[{"@type":"SearchAction","target":{"@type":"EntryPoint","urlTemplate":"https:\/\/www.4h.se\/karlstad\/?s={search_term_string}"},"query-input":{"@type":"PropertyValueSpecification","valueRequired":true,"valueName":"search_term_string"}}],"inLanguage":"sv-SE"}]}},"_links":{"self":[{"href":"https:\/\/www.4h.se\/karlstad\/wp-json\/wp\/v2\/pages\/446","targetHints":{"allow":["GET"]}}],"collection":[{"href":"https:\/\/www.4h.se\/karlstad\/wp-json\/wp\/v2\/pages"}],"about":[{"href":"https:\/\/www.4h.se\/karlstad\/wp-json\/wp\/v2\/types\/page"}],"author":[{"embeddable":true,"href":"https:\/\/www.4h.se\/karlstad\/wp-json\/wp\/v2\/users\/217"}],"replies":[{"embeddable":true,"href":"https:\/\/www.4h.se\/karlstad\/wp-json\/wp\/v2\/comments?post=446"}],"version-history":[{"count":0,"href":"https:\/\/www.4h.se\/karlstad\/wp-json\/wp\/v2\/pages\/446\/revisions"}],"up":[{"embeddable":true,"href":"https:\/\/www.4h.se\/karlstad\/wp-json\/wp\/v2\/pages\/401"}],"wp:attachment":[{"href":"https:\/\/www.4h.se\/karlstad\/wp-json\/wp\/v2\/media?parent=446"}],"curies":[{"name":"wp","href":"https:\/\/api.w.org\/{rel}","templated":true}]}}