



{"id":39,"date":"2014-12-09T20:10:35","date_gmt":"2014-12-09T19:10:35","guid":{"rendered":"http:\/\/www.4h.se\/rix16\/?page_id=39"},"modified":"2026-02-12T12:03:43","modified_gmt":"2026-02-12T11:03:43","slug":"hem","status":"publish","type":"page","link":"https:\/\/www.4h.se\/karlstad\/","title":{"rendered":"Startsida"},"content":{"rendered":"<div class=\"wpb-content-wrapper\"><p>[vc_row][vc_column][vc_single_image image=&#8221;1117&#8243; img_size=&#8221;full&#8221;][\/vc_column][\/vc_row][vc_row][vc_column width=&#8221;2\/3&#8243;][vc_column_text css=&#8221;&#8221;]&nbsp;<\/p>\n<p>Karlstad 4H \u00e4r en stadsbondg\u00e5rd som har ett natursk\u00f6nt l\u00e4ge mitt i centrala Karlstad. G\u00e5rden \u00e4r ett trevligt utflyktsm\u00e5l som \u00e4r \u00f6ppen f\u00f6r bes\u00f6kare hela \u00e5ret om.<\/p>\n<p style=\"text-align: left;\">Det finns bord och b\u00e4nkar d\u00e4r du kan \u00e4ta medhavd fika samt det finns m\u00f6jlighet att t\u00e4nda grillen. Vi s\u00e4ljer \u00e4ven fika i v\u00e5r cafeteria, betalning sker med Swish.<\/p>\n<p style=\"text-align: left;\">Vi har stadsbussens h\u00e5llplats ca. 50 meter fr\u00e5n g\u00e5rden, och det \u00e4r linje 4 med destination Bergvik du ska \u00e5ka.<\/p>\n<p style=\"text-align: left;\">V\u00e4lkommen till Karlstad 4H och upplev en oas mitt i storsta\u00b4n.<\/p>\n<p>[\/vc_column_text][vc_separator][vc_column_text]<\/p>\n<h4><strong>\u00d6ppettider f\u00f6r bes\u00f6kare:<\/strong><\/h4>\n<p style=\"text-align: left;\">Alla dagar: 9-15:30<\/p>\n<p style=\"text-align: left;\">Julafton och midsommarafton st\u00e4ngt.<\/p>\n<h1 style=\"text-align: left;\"><\/h1>\n<p style=\"text-align: left;\"><strong>M\u00f6jlighet till handtv\u00e4tt finns vid ing\u00e5ngen vid cykelst\u00e4llet bredvid grishagen.<\/strong><\/p>\n<h4 class=\"x_MsoNormal\"><\/h4>\n<p>[\/vc_column_text][vc_separator][vc_column_text]<\/p>\n<h4><strong>Vi finns \u00e4ven p\u00e5:<\/strong><\/h4>\n<p>&nbsp;<\/p>\n<h4 style=\"text-align: justify\"><a href=\"https:\/\/www.instagram.com\/karlstad4h\/\" target=\"_blank\" rel=\"noopener\"><img loading=\"lazy\" decoding=\"async\" class=\"alignnone wp-image-919\" src=\"https:\/\/www.4h.se\/karlstad\/wp-content\/uploads\/sites\/79\/2014\/12\/insta-logga-liten-150x150.png\" alt=\"insta-logga-liten\" width=\"56\" height=\"56\" srcset=\"https:\/\/www.4h.se\/karlstad\/wp-content\/uploads\/sites\/79\/2014\/12\/insta-logga-liten-150x150.png 150w, https:\/\/www.4h.se\/karlstad\/wp-content\/uploads\/sites\/79\/2014\/12\/insta-logga-liten.png 299w\" sizes=\"auto, (max-width: 56px) 100vw, 56px\" \/>\u00a0 @karlstad4h<\/a>\u00a0\/ <a href=\"https:\/\/www.instagram.com\/bellevuesponnyridklubb\/\" target=\"_blank\" rel=\"noopener\">@bellevuesponnyridklubb<\/a><\/h4>\n<h4><img loading=\"lazy\" decoding=\"async\" class=\"\" src=\"https:\/\/cdn2.downdetector.com\/static\/uploads\/logo\/FB-f-Logo__blue_512.png\" alt=\"Facebook driftst\u00f6rning? Aktuella problem, st\u00f6rningar och fel | Downdetector\" width=\"54\" height=\"54\" \/>\u00a0 \u00a0<a href=\"https:\/\/www.facebook.com\/Karlstads-4H-G%C3%A5rd-145317112208139\" target=\"_blank\" rel=\"noopener\">Karlstads 4H-g\u00e5rd<\/a>\u00a0\/ <a href=\"https:\/\/www.facebook.com\/BellevuesPonnyridklubb\" target=\"_blank\" rel=\"noopener\">Bellevues Ponnyridklubb<\/a><\/h4>\n<p>[\/vc_column_text][vc_separator][vc_column_text]<\/p>\n<h1 style=\"text-align: left;\"><span style=\"color: #006600;\"><a style=\"color: #006600;\" href=\"https:\/\/www.antribe.com\/org\/4h\/karlstads-4h\/bli-medlem\" target=\"_blank\" rel=\"noopener\"><em><span style=\"text-decoration: underline;\"><img loading=\"lazy\" decoding=\"async\" class=\"\" src=\"http:\/\/distributionsyd.se\/wp-content\/uploads\/2017\/02\/pil-gron.jpg\" alt=\"pil-gron | Distribution Syd AB\" width=\"115\" height=\"86\" \/>BLI MEDLEM I KARLSTAD 4H H\u00c4R<\/span><\/em><\/a><\/span><\/h1>\n<p>&nbsp;[\/vc_column_text][\/vc_column][vc_column width=&#8221;1\/3&#8243;][vc_wp_posts number=&#8221;20&#8243;][\/vc_column][\/vc_row][vc_row][vc_column width=&#8221;5\/6&#8243;][vc_separator][vc_single_image image=&#8221;658&#8243; img_size=&#8221;full&#8221;][\/vc_column][vc_column width=&#8221;1\/6&#8243;][vc_single_image image=&#8221;655&#8243; img_size=&#8221;medium&#8221;][vc_single_image image=&#8221;654&#8243; img_size=&#8221;medium&#8221;][vc_single_image image=&#8221;1917&#8243; img_size=&#8221;full&#8221; css=&#8221;&#8221;][\/vc_column][\/vc_row][vc_row][vc_column][vc_separator][\/vc_column][\/vc_row][vc_row][vc_column width=&#8221;1\/2&#8243;][vc_column_text]<span style=\"color: #333333\"><em>Karlstads 4H \u00e4r anslutna till Sponsorhuset. Det \u00e4r ett otroligt enkelt s\u00e4tt att st\u00f6tta Karlstads 4H n\u00e4r du handlar eller bokar hotell p\u00e5 n\u00e4tet. G\u00e5r du till butiken (finns \u00f6ver 600 st) via Sponsorhuset s\u00e5 f\u00e5r b\u00e5de du sj\u00e4lv och Karlstads 4H-G\u00e5rd pengar tillbaka. Inget blir dyrare f\u00f6r dig som handlar. Genom att b\u00f6rja anv\u00e4nda Sponsorhuset och g\u00e5 igenom deras bonusstege s\u00e5 f\u00e5r du en Biobiljett och st\u00f6djer Karlstads 4H-G\u00e5rd med hela 50 kr.<\/em><\/span><\/p>\n<p><a href=\"https:\/\/www.sponsorhuset.se\/karlstads4h\/intro\" target=\"_blank\" rel=\"noopener\"><strong>Klicka h\u00e4r f\u00f6r att registrera dig!<\/strong><\/a>[\/vc_column_text][\/vc_column][vc_column width=&#8221;1\/2&#8243;][vc_single_image image=&#8221;741&#8243; img_size=&#8221;300&#215;103&#8243; onclick=&#8221;custom_link&#8221; img_link_target=&#8221;_blank&#8221; link=&#8221;https:\/\/www.sponsorhuset.se\/karlstads4h\/intro&#8221;][\/vc_column][\/vc_row]<\/p>\n<\/div>","protected":false},"excerpt":{"rendered":"<p>[vc_row][vc_column][vc_single_image image=&#8221;1117&#8243; img_size=&#8221;full&#8221;][\/vc_column][\/vc_row][vc_row][vc_column width=&#8221;2\/3&#8243;][vc_column_text css=&#8221;&#8221;]&nbsp; Karlstad 4H \u00e4r en stadsbondg\u00e5rd som har ett natursk\u00f6nt l\u00e4ge mitt i centrala Karlstad. G\u00e5rden \u00e4r ett trevligt utflyktsm\u00e5l som \u00e4r \u00f6ppen f\u00f6r bes\u00f6kare hela \u00e5ret om. Det finns bord och b\u00e4nkar d\u00e4r du kan \u00e4ta medhavd fika samt det finns m\u00f6jlighet att t\u00e4nda grillen. Vi s\u00e4ljer \u00e4ven fika i&nbsp; <a href=\"https:\/\/www.4h.se\/karlstad\/\">&hellip; Read more <i class=\"glyphicon glyphicon-arrow-right\"><\/i><\/a><\/p>\n","protected":false},"author":1,"featured_media":0,"parent":0,"menu_order":15,"comment_status":"closed","ping_status":"closed","template":"","meta":{"_acf_changed":false,"footnotes":""},"class_list":["post-39","page","type-page","status-publish","hentry"],"acf":[],"yoast_head":"<!-- This site is optimized with the Yoast SEO plugin v27.5 - https:\/\/yoast.com\/product\/yoast-seo-wordpress\/ -->\n<title>Startsida - Karlstads 4H-g\u00e5rd<\/title>\n<meta name=\"robots\" content=\"index, follow, max-snippet:-1, max-image-preview:large, max-video-preview:-1\" \/>\n<link rel=\"canonical\" href=\"https:\/\/www.4h.se\/karlstad\/\" \/>\n<meta property=\"og:locale\" content=\"sv_SE\" \/>\n<meta property=\"og:type\" content=\"article\" \/>\n<meta property=\"og:title\" content=\"Startsida - Karlstads 4H-g\u00e5rd\" \/>\n<meta property=\"og:description\" content=\"[vc_row][vc_column][vc_single_image image=&#8221;1117&#8243; img_size=&#8221;full&#8221;][\/vc_column][\/vc_row][vc_row][vc_column width=&#8221;2\/3&#8243;][vc_column_text css=&#8221;&#8221;]&nbsp; Karlstad 4H \u00e4r en stadsbondg\u00e5rd som har ett natursk\u00f6nt l\u00e4ge mitt i centrala Karlstad. G\u00e5rden \u00e4r ett trevligt utflyktsm\u00e5l som \u00e4r \u00f6ppen f\u00f6r bes\u00f6kare hela \u00e5ret om. Det finns bord och b\u00e4nkar d\u00e4r du kan \u00e4ta medhavd fika samt det finns m\u00f6jlighet att t\u00e4nda grillen. Vi s\u00e4ljer \u00e4ven fika i&nbsp; &hellip; Read more\" \/>\n<meta property=\"og:url\" content=\"https:\/\/www.4h.se\/karlstad\/\" \/>\n<meta property=\"og:site_name\" content=\"Karlstads 4H-g\u00e5rd\" \/>\n<meta property=\"article:modified_time\" content=\"2026-02-12T11:03:43+00:00\" \/>\n<meta property=\"og:image\" content=\"https:\/\/www.4h.se\/karlstad\/wp-content\/uploads\/sites\/79\/2014\/12\/insta-logga-liten.png\" \/>\n\t<meta property=\"og:image:width\" content=\"299\" \/>\n\t<meta property=\"og:image:height\" content=\"299\" \/>\n\t<meta property=\"og:image:type\" content=\"image\/png\" \/>\n<meta name=\"twitter:card\" content=\"summary_large_image\" \/>\n<meta name=\"twitter:label1\" content=\"Ber\u00e4knad l\u00e4stid\" \/>\n\t<meta name=\"twitter:data1\" content=\"2 minuter\" \/>\n<script type=\"application\/ld+json\" class=\"yoast-schema-graph\">{\"@context\":\"https:\\\/\\\/schema.org\",\"@graph\":[{\"@type\":\"WebPage\",\"@id\":\"https:\\\/\\\/www.4h.se\\\/karlstad\\\/\",\"url\":\"https:\\\/\\\/www.4h.se\\\/karlstad\\\/\",\"name\":\"Startsida - Karlstads 4H-g\u00e5rd\",\"isPartOf\":{\"@id\":\"https:\\\/\\\/www.4h.se\\\/karlstad\\\/#website\"},\"primaryImageOfPage\":{\"@id\":\"https:\\\/\\\/www.4h.se\\\/karlstad\\\/#primaryimage\"},\"image\":{\"@id\":\"https:\\\/\\\/www.4h.se\\\/karlstad\\\/#primaryimage\"},\"thumbnailUrl\":\"https:\\\/\\\/www.4h.se\\\/karlstad\\\/wp-content\\\/uploads\\\/sites\\\/79\\\/2014\\\/12\\\/insta-logga-liten-150x150.png\",\"datePublished\":\"2014-12-09T19:10:35+00:00\",\"dateModified\":\"2026-02-12T11:03:43+00:00\",\"breadcrumb\":{\"@id\":\"https:\\\/\\\/www.4h.se\\\/karlstad\\\/#breadcrumb\"},\"inLanguage\":\"sv-SE\",\"potentialAction\":[{\"@type\":\"ReadAction\",\"target\":[\"https:\\\/\\\/www.4h.se\\\/karlstad\\\/\"]}]},{\"@type\":\"ImageObject\",\"inLanguage\":\"sv-SE\",\"@id\":\"https:\\\/\\\/www.4h.se\\\/karlstad\\\/#primaryimage\",\"url\":\"https:\\\/\\\/www.4h.se\\\/karlstad\\\/wp-content\\\/uploads\\\/sites\\\/79\\\/2014\\\/12\\\/insta-logga-liten.png\",\"contentUrl\":\"https:\\\/\\\/www.4h.se\\\/karlstad\\\/wp-content\\\/uploads\\\/sites\\\/79\\\/2014\\\/12\\\/insta-logga-liten.png\",\"width\":299,\"height\":299},{\"@type\":\"BreadcrumbList\",\"@id\":\"https:\\\/\\\/www.4h.se\\\/karlstad\\\/#breadcrumb\",\"itemListElement\":[{\"@type\":\"ListItem\",\"position\":1,\"name\":\"Hem\",\"item\":\"https:\\\/\\\/www.4h.se\\\/karlstad\\\/\"},{\"@type\":\"ListItem\",\"position\":2,\"name\":\"Startsida\"}]},{\"@type\":\"WebSite\",\"@id\":\"https:\\\/\\\/www.4h.se\\\/karlstad\\\/#website\",\"url\":\"https:\\\/\\\/www.4h.se\\\/karlstad\\\/\",\"name\":\"Karlstads 4H-g\u00e5rd\",\"description\":\"\",\"potentialAction\":[{\"@type\":\"SearchAction\",\"target\":{\"@type\":\"EntryPoint\",\"urlTemplate\":\"https:\\\/\\\/www.4h.se\\\/karlstad\\\/?s={search_term_string}\"},\"query-input\":{\"@type\":\"PropertyValueSpecification\",\"valueRequired\":true,\"valueName\":\"search_term_string\"}}],\"inLanguage\":\"sv-SE\"}]}<\/script>\n<!-- \/ Yoast SEO plugin. -->","yoast_head_json":{"title":"Startsida - Karlstads 4H-g\u00e5rd","robots":{"index":"index","follow":"follow","max-snippet":"max-snippet:-1","max-image-preview":"max-image-preview:large","max-video-preview":"max-video-preview:-1"},"canonical":"https:\/\/www.4h.se\/karlstad\/","og_locale":"sv_SE","og_type":"article","og_title":"Startsida - Karlstads 4H-g\u00e5rd","og_description":"[vc_row][vc_column][vc_single_image image=&#8221;1117&#8243; img_size=&#8221;full&#8221;][\/vc_column][\/vc_row][vc_row][vc_column width=&#8221;2\/3&#8243;][vc_column_text css=&#8221;&#8221;]&nbsp; Karlstad 4H \u00e4r en stadsbondg\u00e5rd som har ett natursk\u00f6nt l\u00e4ge mitt i centrala Karlstad. G\u00e5rden \u00e4r ett trevligt utflyktsm\u00e5l som \u00e4r \u00f6ppen f\u00f6r bes\u00f6kare hela \u00e5ret om. Det finns bord och b\u00e4nkar d\u00e4r du kan \u00e4ta medhavd fika samt det finns m\u00f6jlighet att t\u00e4nda grillen. Vi s\u00e4ljer \u00e4ven fika i&nbsp; &hellip; Read more","og_url":"https:\/\/www.4h.se\/karlstad\/","og_site_name":"Karlstads 4H-g\u00e5rd","article_modified_time":"2026-02-12T11:03:43+00:00","og_image":[{"width":299,"height":299,"url":"https:\/\/www.4h.se\/karlstad\/wp-content\/uploads\/sites\/79\/2014\/12\/insta-logga-liten.png","type":"image\/png"}],"twitter_card":"summary_large_image","twitter_misc":{"Ber\u00e4knad l\u00e4stid":"2 minuter"},"schema":{"@context":"https:\/\/schema.org","@graph":[{"@type":"WebPage","@id":"https:\/\/www.4h.se\/karlstad\/","url":"https:\/\/www.4h.se\/karlstad\/","name":"Startsida - Karlstads 4H-g\u00e5rd","isPartOf":{"@id":"https:\/\/www.4h.se\/karlstad\/#website"},"primaryImageOfPage":{"@id":"https:\/\/www.4h.se\/karlstad\/#primaryimage"},"image":{"@id":"https:\/\/www.4h.se\/karlstad\/#primaryimage"},"thumbnailUrl":"https:\/\/www.4h.se\/karlstad\/wp-content\/uploads\/sites\/79\/2014\/12\/insta-logga-liten-150x150.png","datePublished":"2014-12-09T19:10:35+00:00","dateModified":"2026-02-12T11:03:43+00:00","breadcrumb":{"@id":"https:\/\/www.4h.se\/karlstad\/#breadcrumb"},"inLanguage":"sv-SE","potentialAction":[{"@type":"ReadAction","target":["https:\/\/www.4h.se\/karlstad\/"]}]},{"@type":"ImageObject","inLanguage":"sv-SE","@id":"https:\/\/www.4h.se\/karlstad\/#primaryimage","url":"https:\/\/www.4h.se\/karlstad\/wp-content\/uploads\/sites\/79\/2014\/12\/insta-logga-liten.png","contentUrl":"https:\/\/www.4h.se\/karlstad\/wp-content\/uploads\/sites\/79\/2014\/12\/insta-logga-liten.png","width":299,"height":299},{"@type":"BreadcrumbList","@id":"https:\/\/www.4h.se\/karlstad\/#breadcrumb","itemListElement":[{"@type":"ListItem","position":1,"name":"Hem","item":"https:\/\/www.4h.se\/karlstad\/"},{"@type":"ListItem","position":2,"name":"Startsida"}]},{"@type":"WebSite","@id":"https:\/\/www.4h.se\/karlstad\/#website","url":"https:\/\/www.4h.se\/karlstad\/","name":"Karlstads 4H-g\u00e5rd","description":"","potentialAction":[{"@type":"SearchAction","target":{"@type":"EntryPoint","urlTemplate":"https:\/\/www.4h.se\/karlstad\/?s={search_term_string}"},"query-input":{"@type":"PropertyValueSpecification","valueRequired":true,"valueName":"search_term_string"}}],"inLanguage":"sv-SE"}]}},"_links":{"self":[{"href":"https:\/\/www.4h.se\/karlstad\/wp-json\/wp\/v2\/pages\/39","targetHints":{"allow":["GET"]}}],"collection":[{"href":"https:\/\/www.4h.se\/karlstad\/wp-json\/wp\/v2\/pages"}],"about":[{"href":"https:\/\/www.4h.se\/karlstad\/wp-json\/wp\/v2\/types\/page"}],"author":[{"embeddable":true,"href":"https:\/\/www.4h.se\/karlstad\/wp-json\/wp\/v2\/users\/1"}],"replies":[{"embeddable":true,"href":"https:\/\/www.4h.se\/karlstad\/wp-json\/wp\/v2\/comments?post=39"}],"version-history":[{"count":0,"href":"https:\/\/www.4h.se\/karlstad\/wp-json\/wp\/v2\/pages\/39\/revisions"}],"wp:attachment":[{"href":"https:\/\/www.4h.se\/karlstad\/wp-json\/wp\/v2\/media?parent=39"}],"curies":[{"name":"wp","href":"https:\/\/api.w.org\/{rel}","templated":true}]}}