



{"id":1113,"date":"2023-07-07T13:37:42","date_gmt":"2023-07-07T11:37:42","guid":{"rendered":"https:\/\/www.4h.se\/karlstad\/?page_id=1113"},"modified":"2025-03-11T15:28:05","modified_gmt":"2025-03-11T14:28:05","slug":"bellevues-ponnyridklubb","status":"publish","type":"page","link":"https:\/\/www.4h.se\/karlstad\/ridning\/bellevues-ponnyridklubb\/","title":{"rendered":"Bellevues Ponnyridklubb"},"content":{"rendered":"<div class=\"wpb-content-wrapper\"><p>[vc_row][vc_column][vc_column_text css=&#8221;&#8221;]<\/p>\n<h1><a href=\"https:\/\/www.bellevuesprk.com\/\" target=\"_blank\" rel=\"noopener\"><span style=\"color: #000000;\"><img loading=\"lazy\" decoding=\"async\" class=\"wp-image-616 alignnone\" style=\"font-size: 14px;\" src=\"https:\/\/www.4h.se\/karlstad\/wp-content\/uploads\/sites\/79\/2022\/01\/bprklogga.jpg\" alt=\"\" width=\"79\" height=\"79\" srcset=\"https:\/\/www.4h.se\/karlstad\/wp-content\/uploads\/sites\/79\/2022\/01\/bprklogga.jpg 2000w, https:\/\/www.4h.se\/karlstad\/wp-content\/uploads\/sites\/79\/2022\/01\/bprklogga-150x150.jpg 150w, https:\/\/www.4h.se\/karlstad\/wp-content\/uploads\/sites\/79\/2022\/01\/bprklogga-300x300.jpg 300w, https:\/\/www.4h.se\/karlstad\/wp-content\/uploads\/sites\/79\/2022\/01\/bprklogga-970x970.jpg 970w\" sizes=\"auto, (max-width: 79px) 100vw, 79px\" \/>\u00a0 \u00a0 \u00a0 Bellevues Ponnyridklubb\u00a0 \u00a0 \u00a0 <img loading=\"lazy\" decoding=\"async\" class=\"wp-image-616 alignnone\" style=\"font-size: 14px;\" src=\"https:\/\/www.4h.se\/karlstad\/wp-content\/uploads\/sites\/79\/2022\/01\/bprklogga.jpg\" alt=\"\" width=\"79\" height=\"79\" srcset=\"https:\/\/www.4h.se\/karlstad\/wp-content\/uploads\/sites\/79\/2022\/01\/bprklogga.jpg 2000w, https:\/\/www.4h.se\/karlstad\/wp-content\/uploads\/sites\/79\/2022\/01\/bprklogga-150x150.jpg 150w, https:\/\/www.4h.se\/karlstad\/wp-content\/uploads\/sites\/79\/2022\/01\/bprklogga-300x300.jpg 300w, https:\/\/www.4h.se\/karlstad\/wp-content\/uploads\/sites\/79\/2022\/01\/bprklogga-970x970.jpg 970w\" sizes=\"auto, (max-width: 79px) 100vw, 79px\" \/><\/span><\/a><\/h1>\n<p>&nbsp;<\/p>\n<p>Karlstad 4H delar mark och lokaler med Bellevues Ponnyridklubb, f\u00f6rkortat BPRK. Bellevues Ponnyridklubb anordnar ridgrupper, privatlektioner och t\u00e4vlingar, fr\u00e4mst riktat till barn och ungdomar.<\/p>\n<p>&nbsp;<\/p>\n<h3>Bellevues Ponnyridklubb har en egen hemsida som du hittar <strong>\u2192<a href=\"https:\/\/www.bellevuesprk.com\/\" target=\"_blank\" rel=\"noopener\">H\u00c4R<\/a>.<\/strong><\/h3>\n<p>[\/vc_column_text][\/vc_column][\/vc_row]<\/p>\n<\/div>","protected":false},"excerpt":{"rendered":"<p>[vc_row][vc_column][vc_column_text css=&#8221;&#8221;] \u00a0 \u00a0 \u00a0 Bellevues Ponnyridklubb\u00a0 \u00a0 \u00a0 &nbsp; Karlstad 4H delar mark och lokaler med Bellevues Ponnyridklubb, f\u00f6rkortat BPRK. Bellevues Ponnyridklubb anordnar ridgrupper, privatlektioner och t\u00e4vlingar, fr\u00e4mst riktat till barn och ungdomar. &nbsp; Bellevues Ponnyridklubb har en egen hemsida som du hittar \u2192H\u00c4R. [\/vc_column_text][\/vc_column][\/vc_row]<\/p>\n","protected":false},"author":217,"featured_media":0,"parent":399,"menu_order":6,"comment_status":"closed","ping_status":"closed","template":"","meta":{"_acf_changed":false,"footnotes":""},"class_list":["post-1113","page","type-page","status-publish","hentry"],"acf":[],"yoast_head":"<!-- This site is optimized with the Yoast SEO plugin v27.5 - https:\/\/yoast.com\/product\/yoast-seo-wordpress\/ -->\n<title>Bellevues Ponnyridklubb - Karlstads 4H-g\u00e5rd<\/title>\n<meta name=\"robots\" content=\"index, follow, max-snippet:-1, max-image-preview:large, max-video-preview:-1\" \/>\n<link rel=\"canonical\" href=\"https:\/\/www.4h.se\/karlstad\/ridning\/bellevues-ponnyridklubb\/\" \/>\n<meta property=\"og:locale\" content=\"sv_SE\" \/>\n<meta property=\"og:type\" content=\"article\" \/>\n<meta property=\"og:title\" content=\"Bellevues Ponnyridklubb - Karlstads 4H-g\u00e5rd\" \/>\n<meta property=\"og:description\" content=\"[vc_row][vc_column][vc_column_text css=&#8221;&#8221;] \u00a0 \u00a0 \u00a0 Bellevues Ponnyridklubb\u00a0 \u00a0 \u00a0 &nbsp; Karlstad 4H delar mark och lokaler med Bellevues Ponnyridklubb, f\u00f6rkortat BPRK. Bellevues Ponnyridklubb anordnar ridgrupper, privatlektioner och t\u00e4vlingar, fr\u00e4mst riktat till barn och ungdomar. &nbsp; Bellevues Ponnyridklubb har en egen hemsida som du hittar \u2192H\u00c4R. [\/vc_column_text][\/vc_column][\/vc_row]\" \/>\n<meta property=\"og:url\" content=\"https:\/\/www.4h.se\/karlstad\/ridning\/bellevues-ponnyridklubb\/\" \/>\n<meta property=\"og:site_name\" content=\"Karlstads 4H-g\u00e5rd\" \/>\n<meta property=\"article:modified_time\" content=\"2025-03-11T14:28:05+00:00\" \/>\n<meta property=\"og:image\" content=\"https:\/\/www.4h.se\/karlstad\/wp-content\/uploads\/sites\/79\/2022\/01\/bprklogga.jpg\" \/>\n<meta name=\"twitter:card\" content=\"summary_large_image\" \/>\n<script type=\"application\/ld+json\" class=\"yoast-schema-graph\">{\"@context\":\"https:\\\/\\\/schema.org\",\"@graph\":[{\"@type\":\"WebPage\",\"@id\":\"https:\\\/\\\/www.4h.se\\\/karlstad\\\/ridning\\\/bellevues-ponnyridklubb\\\/\",\"url\":\"https:\\\/\\\/www.4h.se\\\/karlstad\\\/ridning\\\/bellevues-ponnyridklubb\\\/\",\"name\":\"Bellevues Ponnyridklubb - Karlstads 4H-g\u00e5rd\",\"isPartOf\":{\"@id\":\"https:\\\/\\\/www.4h.se\\\/karlstad\\\/#website\"},\"primaryImageOfPage\":{\"@id\":\"https:\\\/\\\/www.4h.se\\\/karlstad\\\/ridning\\\/bellevues-ponnyridklubb\\\/#primaryimage\"},\"image\":{\"@id\":\"https:\\\/\\\/www.4h.se\\\/karlstad\\\/ridning\\\/bellevues-ponnyridklubb\\\/#primaryimage\"},\"thumbnailUrl\":\"https:\\\/\\\/www.4h.se\\\/karlstad\\\/wp-content\\\/uploads\\\/sites\\\/79\\\/2022\\\/01\\\/bprklogga.jpg\",\"datePublished\":\"2023-07-07T11:37:42+00:00\",\"dateModified\":\"2025-03-11T14:28:05+00:00\",\"breadcrumb\":{\"@id\":\"https:\\\/\\\/www.4h.se\\\/karlstad\\\/ridning\\\/bellevues-ponnyridklubb\\\/#breadcrumb\"},\"inLanguage\":\"sv-SE\",\"potentialAction\":[{\"@type\":\"ReadAction\",\"target\":[\"https:\\\/\\\/www.4h.se\\\/karlstad\\\/ridning\\\/bellevues-ponnyridklubb\\\/\"]}]},{\"@type\":\"ImageObject\",\"inLanguage\":\"sv-SE\",\"@id\":\"https:\\\/\\\/www.4h.se\\\/karlstad\\\/ridning\\\/bellevues-ponnyridklubb\\\/#primaryimage\",\"url\":\"https:\\\/\\\/www.4h.se\\\/karlstad\\\/wp-content\\\/uploads\\\/sites\\\/79\\\/2022\\\/01\\\/bprklogga.jpg\",\"contentUrl\":\"https:\\\/\\\/www.4h.se\\\/karlstad\\\/wp-content\\\/uploads\\\/sites\\\/79\\\/2022\\\/01\\\/bprklogga.jpg\",\"width\":2000,\"height\":2000},{\"@type\":\"BreadcrumbList\",\"@id\":\"https:\\\/\\\/www.4h.se\\\/karlstad\\\/ridning\\\/bellevues-ponnyridklubb\\\/#breadcrumb\",\"itemListElement\":[{\"@type\":\"ListItem\",\"position\":1,\"name\":\"Hem\",\"item\":\"https:\\\/\\\/www.4h.se\\\/karlstad\\\/\"},{\"@type\":\"ListItem\",\"position\":2,\"name\":\"Ridning\",\"item\":\"https:\\\/\\\/www.4h.se\\\/karlstad\\\/ridning\\\/\"},{\"@type\":\"ListItem\",\"position\":3,\"name\":\"Bellevues Ponnyridklubb\"}]},{\"@type\":\"WebSite\",\"@id\":\"https:\\\/\\\/www.4h.se\\\/karlstad\\\/#website\",\"url\":\"https:\\\/\\\/www.4h.se\\\/karlstad\\\/\",\"name\":\"Karlstads 4H-g\u00e5rd\",\"description\":\"\",\"potentialAction\":[{\"@type\":\"SearchAction\",\"target\":{\"@type\":\"EntryPoint\",\"urlTemplate\":\"https:\\\/\\\/www.4h.se\\\/karlstad\\\/?s={search_term_string}\"},\"query-input\":{\"@type\":\"PropertyValueSpecification\",\"valueRequired\":true,\"valueName\":\"search_term_string\"}}],\"inLanguage\":\"sv-SE\"}]}<\/script>\n<!-- \/ Yoast SEO plugin. -->","yoast_head_json":{"title":"Bellevues Ponnyridklubb - Karlstads 4H-g\u00e5rd","robots":{"index":"index","follow":"follow","max-snippet":"max-snippet:-1","max-image-preview":"max-image-preview:large","max-video-preview":"max-video-preview:-1"},"canonical":"https:\/\/www.4h.se\/karlstad\/ridning\/bellevues-ponnyridklubb\/","og_locale":"sv_SE","og_type":"article","og_title":"Bellevues Ponnyridklubb - Karlstads 4H-g\u00e5rd","og_description":"[vc_row][vc_column][vc_column_text css=&#8221;&#8221;] \u00a0 \u00a0 \u00a0 Bellevues Ponnyridklubb\u00a0 \u00a0 \u00a0 &nbsp; Karlstad 4H delar mark och lokaler med Bellevues Ponnyridklubb, f\u00f6rkortat BPRK. Bellevues Ponnyridklubb anordnar ridgrupper, privatlektioner och t\u00e4vlingar, fr\u00e4mst riktat till barn och ungdomar. &nbsp; Bellevues Ponnyridklubb har en egen hemsida som du hittar \u2192H\u00c4R. [\/vc_column_text][\/vc_column][\/vc_row]","og_url":"https:\/\/www.4h.se\/karlstad\/ridning\/bellevues-ponnyridklubb\/","og_site_name":"Karlstads 4H-g\u00e5rd","article_modified_time":"2025-03-11T14:28:05+00:00","og_image":[{"url":"https:\/\/www.4h.se\/karlstad\/wp-content\/uploads\/sites\/79\/2022\/01\/bprklogga.jpg","type":"","width":"","height":""}],"twitter_card":"summary_large_image","schema":{"@context":"https:\/\/schema.org","@graph":[{"@type":"WebPage","@id":"https:\/\/www.4h.se\/karlstad\/ridning\/bellevues-ponnyridklubb\/","url":"https:\/\/www.4h.se\/karlstad\/ridning\/bellevues-ponnyridklubb\/","name":"Bellevues Ponnyridklubb - Karlstads 4H-g\u00e5rd","isPartOf":{"@id":"https:\/\/www.4h.se\/karlstad\/#website"},"primaryImageOfPage":{"@id":"https:\/\/www.4h.se\/karlstad\/ridning\/bellevues-ponnyridklubb\/#primaryimage"},"image":{"@id":"https:\/\/www.4h.se\/karlstad\/ridning\/bellevues-ponnyridklubb\/#primaryimage"},"thumbnailUrl":"https:\/\/www.4h.se\/karlstad\/wp-content\/uploads\/sites\/79\/2022\/01\/bprklogga.jpg","datePublished":"2023-07-07T11:37:42+00:00","dateModified":"2025-03-11T14:28:05+00:00","breadcrumb":{"@id":"https:\/\/www.4h.se\/karlstad\/ridning\/bellevues-ponnyridklubb\/#breadcrumb"},"inLanguage":"sv-SE","potentialAction":[{"@type":"ReadAction","target":["https:\/\/www.4h.se\/karlstad\/ridning\/bellevues-ponnyridklubb\/"]}]},{"@type":"ImageObject","inLanguage":"sv-SE","@id":"https:\/\/www.4h.se\/karlstad\/ridning\/bellevues-ponnyridklubb\/#primaryimage","url":"https:\/\/www.4h.se\/karlstad\/wp-content\/uploads\/sites\/79\/2022\/01\/bprklogga.jpg","contentUrl":"https:\/\/www.4h.se\/karlstad\/wp-content\/uploads\/sites\/79\/2022\/01\/bprklogga.jpg","width":2000,"height":2000},{"@type":"BreadcrumbList","@id":"https:\/\/www.4h.se\/karlstad\/ridning\/bellevues-ponnyridklubb\/#breadcrumb","itemListElement":[{"@type":"ListItem","position":1,"name":"Hem","item":"https:\/\/www.4h.se\/karlstad\/"},{"@type":"ListItem","position":2,"name":"Ridning","item":"https:\/\/www.4h.se\/karlstad\/ridning\/"},{"@type":"ListItem","position":3,"name":"Bellevues Ponnyridklubb"}]},{"@type":"WebSite","@id":"https:\/\/www.4h.se\/karlstad\/#website","url":"https:\/\/www.4h.se\/karlstad\/","name":"Karlstads 4H-g\u00e5rd","description":"","potentialAction":[{"@type":"SearchAction","target":{"@type":"EntryPoint","urlTemplate":"https:\/\/www.4h.se\/karlstad\/?s={search_term_string}"},"query-input":{"@type":"PropertyValueSpecification","valueRequired":true,"valueName":"search_term_string"}}],"inLanguage":"sv-SE"}]}},"_links":{"self":[{"href":"https:\/\/www.4h.se\/karlstad\/wp-json\/wp\/v2\/pages\/1113","targetHints":{"allow":["GET"]}}],"collection":[{"href":"https:\/\/www.4h.se\/karlstad\/wp-json\/wp\/v2\/pages"}],"about":[{"href":"https:\/\/www.4h.se\/karlstad\/wp-json\/wp\/v2\/types\/page"}],"author":[{"embeddable":true,"href":"https:\/\/www.4h.se\/karlstad\/wp-json\/wp\/v2\/users\/217"}],"replies":[{"embeddable":true,"href":"https:\/\/www.4h.se\/karlstad\/wp-json\/wp\/v2\/comments?post=1113"}],"version-history":[{"count":0,"href":"https:\/\/www.4h.se\/karlstad\/wp-json\/wp\/v2\/pages\/1113\/revisions"}],"up":[{"embeddable":true,"href":"https:\/\/www.4h.se\/karlstad\/wp-json\/wp\/v2\/pages\/399"}],"wp:attachment":[{"href":"https:\/\/www.4h.se\/karlstad\/wp-json\/wp\/v2\/media?parent=1113"}],"curies":[{"name":"wp","href":"https:\/\/api.w.org\/{rel}","templated":true}]}}