



{"id":704,"date":"2021-12-02T10:53:05","date_gmt":"2021-12-02T09:53:05","guid":{"rendered":"https:\/\/www.4h.se\/kallhall\/?page_id=704"},"modified":"2026-04-15T15:52:39","modified_gmt":"2026-04-15T13:52:39","slug":"evenemang","status":"publish","type":"page","link":"https:\/\/www.4h.se\/kallhall\/evenemang\/","title":{"rendered":"Evenemang"},"content":{"rendered":"<div class=\"wpb-content-wrapper\"><p>[vc_row css=&#8221;.vc_custom_1728992399718{background-color: #ffffff !important;border-radius: 20px !important;}&#8221;][vc_column width=&#8221;2\/3&#8243;][vc_column_text css=&#8221;&#8221;]<\/p>\n<p style=\"font-size: 35px; text-align: center;\"><strong><span style=\"color: #006340;\">Evenemang<\/span><\/strong><\/p>\n<p>Varje \u00e5r anordnar vi olika evenemang bland annat sp\u00f6ksp\u00e5r under halloween, \u00e4ggjakt under p\u00e5sken och olika aktiviteter p\u00e5 4H-dagen.<\/p>\n<p style=\"font-size: 15px; text-align: left;\"><strong>2026<\/strong><\/p>\n<p>4H dag &#8211; 24\/5<\/p>\n<p>4H dag &#8211; September mer info kommer[\/vc_column_text][vc_column_text css=&#8221;&#8221;]<\/p>\n<p style=\"font-size: 30px; text-align: center;\"><strong><span style=\"color: #006340;\">Aktuella evenemang<\/span><\/strong><\/p>\n<p><strong>Att bes\u00f6ka g\u00e5rden under denna dag \u00e4r kostnadsfritt.<\/strong><\/p>\n<p>L\u00e4mna g\u00e4rna bilen hemma d\u00e5 det endast finns begr\u00e4nsat med parkeringsplatser. Barnvagnen och husdjur f\u00e5r tyv\u00e4rr inte f\u00f6lja med in i hagar eller stall.<\/p>\n<p>&nbsp;<\/p>\n<p>Under dagen \u00e4r kaf\u00e9t \u00f6ppet mellan kl:11-15, d\u00e4r finns fika, olika drickor samt lite mer matigt.[\/vc_column_text][\/vc_column][vc_column width=&#8221;1\/3&#8243;][vc_gallery interval=&#8221;3&#8243; images=&#8221;868,949,1159,1235&#8243; img_size=&#8221;medium&#8221; css=&#8221;&#8221;][\/vc_column][\/vc_row][vc_row][vc_column][vc_row_inner][vc_column_inner][\/vc_column_inner][\/vc_row_inner][\/vc_column][\/vc_row]<\/p>\n<\/div>","protected":false},"excerpt":{"rendered":"<p>[vc_row css=&#8221;.vc_custom_1728992399718{background-color: #ffffff !important;border-radius: 20px !important;}&#8221;][vc_column width=&#8221;2\/3&#8243;][vc_column_text css=&#8221;&#8221;] Evenemang Varje \u00e5r anordnar vi olika evenemang bland annat sp\u00f6ksp\u00e5r under halloween, \u00e4ggjakt under p\u00e5sken och olika aktiviteter p\u00e5 4H-dagen. 2026 4H dag &#8211; 24\/5 4H dag &#8211; September mer info kommer[\/vc_column_text][vc_column_text css=&#8221;&#8221;] Aktuella evenemang Att bes\u00f6ka g\u00e5rden under denna dag \u00e4r kostnadsfritt. L\u00e4mna g\u00e4rna bilen hemma&nbsp; <a href=\"https:\/\/www.4h.se\/kallhall\/evenemang\/\">&hellip; Read more <i class=\"glyphicon glyphicon-arrow-right\"><\/i><\/a><\/p>\n","protected":false},"author":121,"featured_media":0,"parent":0,"menu_order":0,"comment_status":"closed","ping_status":"closed","template":"","meta":{"footnotes":""},"class_list":["post-704","page","type-page","status-publish","hentry"],"yoast_head":"<!-- This site is optimized with the Yoast SEO plugin v27.4 - https:\/\/yoast.com\/product\/yoast-seo-wordpress\/ -->\n<title>Evenemang - Kallh\u00e4ll 4H-g\u00e5rd<\/title>\n<meta name=\"robots\" content=\"index, follow, max-snippet:-1, max-image-preview:large, max-video-preview:-1\" \/>\n<link rel=\"canonical\" href=\"https:\/\/www.4h.se\/kallhall\/evenemang\/\" \/>\n<meta property=\"og:locale\" content=\"sv_SE\" \/>\n<meta property=\"og:type\" content=\"article\" \/>\n<meta property=\"og:title\" content=\"Evenemang - Kallh\u00e4ll 4H-g\u00e5rd\" \/>\n<meta property=\"og:description\" content=\"[vc_row css=&#8221;.vc_custom_1728992399718{background-color: #ffffff !important;border-radius: 20px !important;}&#8221;][vc_column width=&#8221;2\/3&#8243;][vc_column_text css=&#8221;&#8221;] Evenemang Varje \u00e5r anordnar vi olika evenemang bland annat sp\u00f6ksp\u00e5r under halloween, \u00e4ggjakt under p\u00e5sken och olika aktiviteter p\u00e5 4H-dagen. 2026 4H dag &#8211; 24\/5 4H dag &#8211; September mer info kommer[\/vc_column_text][vc_column_text css=&#8221;&#8221;] Aktuella evenemang Att bes\u00f6ka g\u00e5rden under denna dag \u00e4r kostnadsfritt. L\u00e4mna g\u00e4rna bilen hemma&nbsp; &hellip; Read more\" \/>\n<meta property=\"og:url\" content=\"https:\/\/www.4h.se\/kallhall\/evenemang\/\" \/>\n<meta property=\"og:site_name\" content=\"Kallh\u00e4ll 4H-g\u00e5rd\" \/>\n<meta property=\"article:publisher\" content=\"https:\/\/www.facebook.com\/kallhalls4hgard\/\" \/>\n<meta property=\"article:modified_time\" content=\"2026-04-15T13:52:39+00:00\" \/>\n<meta name=\"twitter:card\" content=\"summary_large_image\" \/>\n<meta name=\"twitter:label1\" content=\"Ber\u00e4knad l\u00e4stid\" \/>\n\t<meta name=\"twitter:data1\" content=\"1 minut\" \/>\n<script type=\"application\/ld+json\" class=\"yoast-schema-graph\">{\"@context\":\"https:\\\/\\\/schema.org\",\"@graph\":[{\"@type\":\"WebPage\",\"@id\":\"https:\\\/\\\/www.4h.se\\\/kallhall\\\/evenemang\\\/\",\"url\":\"https:\\\/\\\/www.4h.se\\\/kallhall\\\/evenemang\\\/\",\"name\":\"Evenemang - Kallh\u00e4ll 4H-g\u00e5rd\",\"isPartOf\":{\"@id\":\"https:\\\/\\\/www.4h.se\\\/kallhall\\\/#website\"},\"datePublished\":\"2021-12-02T09:53:05+00:00\",\"dateModified\":\"2026-04-15T13:52:39+00:00\",\"breadcrumb\":{\"@id\":\"https:\\\/\\\/www.4h.se\\\/kallhall\\\/evenemang\\\/#breadcrumb\"},\"inLanguage\":\"sv-SE\",\"potentialAction\":[{\"@type\":\"ReadAction\",\"target\":[\"https:\\\/\\\/www.4h.se\\\/kallhall\\\/evenemang\\\/\"]}]},{\"@type\":\"BreadcrumbList\",\"@id\":\"https:\\\/\\\/www.4h.se\\\/kallhall\\\/evenemang\\\/#breadcrumb\",\"itemListElement\":[{\"@type\":\"ListItem\",\"position\":1,\"name\":\"Hem\",\"item\":\"https:\\\/\\\/www.4h.se\\\/kallhall\\\/\"},{\"@type\":\"ListItem\",\"position\":2,\"name\":\"Evenemang\"}]},{\"@type\":\"WebSite\",\"@id\":\"https:\\\/\\\/www.4h.se\\\/kallhall\\\/#website\",\"url\":\"https:\\\/\\\/www.4h.se\\\/kallhall\\\/\",\"name\":\"Kallh\u00e4ll 4H-g\u00e5rd\",\"description\":\"\",\"potentialAction\":[{\"@type\":\"SearchAction\",\"target\":{\"@type\":\"EntryPoint\",\"urlTemplate\":\"https:\\\/\\\/www.4h.se\\\/kallhall\\\/?s={search_term_string}\"},\"query-input\":{\"@type\":\"PropertyValueSpecification\",\"valueRequired\":true,\"valueName\":\"search_term_string\"}}],\"inLanguage\":\"sv-SE\"}]}<\/script>\n<!-- \/ Yoast SEO plugin. -->","yoast_head_json":{"title":"Evenemang - Kallh\u00e4ll 4H-g\u00e5rd","robots":{"index":"index","follow":"follow","max-snippet":"max-snippet:-1","max-image-preview":"max-image-preview:large","max-video-preview":"max-video-preview:-1"},"canonical":"https:\/\/www.4h.se\/kallhall\/evenemang\/","og_locale":"sv_SE","og_type":"article","og_title":"Evenemang - Kallh\u00e4ll 4H-g\u00e5rd","og_description":"[vc_row css=&#8221;.vc_custom_1728992399718{background-color: #ffffff !important;border-radius: 20px !important;}&#8221;][vc_column width=&#8221;2\/3&#8243;][vc_column_text css=&#8221;&#8221;] Evenemang Varje \u00e5r anordnar vi olika evenemang bland annat sp\u00f6ksp\u00e5r under halloween, \u00e4ggjakt under p\u00e5sken och olika aktiviteter p\u00e5 4H-dagen. 2026 4H dag &#8211; 24\/5 4H dag &#8211; September mer info kommer[\/vc_column_text][vc_column_text css=&#8221;&#8221;] Aktuella evenemang Att bes\u00f6ka g\u00e5rden under denna dag \u00e4r kostnadsfritt. L\u00e4mna g\u00e4rna bilen hemma&nbsp; &hellip; Read more","og_url":"https:\/\/www.4h.se\/kallhall\/evenemang\/","og_site_name":"Kallh\u00e4ll 4H-g\u00e5rd","article_publisher":"https:\/\/www.facebook.com\/kallhalls4hgard\/","article_modified_time":"2026-04-15T13:52:39+00:00","twitter_card":"summary_large_image","twitter_misc":{"Ber\u00e4knad l\u00e4stid":"1 minut"},"schema":{"@context":"https:\/\/schema.org","@graph":[{"@type":"WebPage","@id":"https:\/\/www.4h.se\/kallhall\/evenemang\/","url":"https:\/\/www.4h.se\/kallhall\/evenemang\/","name":"Evenemang - Kallh\u00e4ll 4H-g\u00e5rd","isPartOf":{"@id":"https:\/\/www.4h.se\/kallhall\/#website"},"datePublished":"2021-12-02T09:53:05+00:00","dateModified":"2026-04-15T13:52:39+00:00","breadcrumb":{"@id":"https:\/\/www.4h.se\/kallhall\/evenemang\/#breadcrumb"},"inLanguage":"sv-SE","potentialAction":[{"@type":"ReadAction","target":["https:\/\/www.4h.se\/kallhall\/evenemang\/"]}]},{"@type":"BreadcrumbList","@id":"https:\/\/www.4h.se\/kallhall\/evenemang\/#breadcrumb","itemListElement":[{"@type":"ListItem","position":1,"name":"Hem","item":"https:\/\/www.4h.se\/kallhall\/"},{"@type":"ListItem","position":2,"name":"Evenemang"}]},{"@type":"WebSite","@id":"https:\/\/www.4h.se\/kallhall\/#website","url":"https:\/\/www.4h.se\/kallhall\/","name":"Kallh\u00e4ll 4H-g\u00e5rd","description":"","potentialAction":[{"@type":"SearchAction","target":{"@type":"EntryPoint","urlTemplate":"https:\/\/www.4h.se\/kallhall\/?s={search_term_string}"},"query-input":{"@type":"PropertyValueSpecification","valueRequired":true,"valueName":"search_term_string"}}],"inLanguage":"sv-SE"}]}},"_links":{"self":[{"href":"https:\/\/www.4h.se\/kallhall\/wp-json\/wp\/v2\/pages\/704","targetHints":{"allow":["GET"]}}],"collection":[{"href":"https:\/\/www.4h.se\/kallhall\/wp-json\/wp\/v2\/pages"}],"about":[{"href":"https:\/\/www.4h.se\/kallhall\/wp-json\/wp\/v2\/types\/page"}],"author":[{"embeddable":true,"href":"https:\/\/www.4h.se\/kallhall\/wp-json\/wp\/v2\/users\/121"}],"replies":[{"embeddable":true,"href":"https:\/\/www.4h.se\/kallhall\/wp-json\/wp\/v2\/comments?post=704"}],"version-history":[{"count":0,"href":"https:\/\/www.4h.se\/kallhall\/wp-json\/wp\/v2\/pages\/704\/revisions"}],"wp:attachment":[{"href":"https:\/\/www.4h.se\/kallhall\/wp-json\/wp\/v2\/media?parent=704"}],"curies":[{"name":"wp","href":"https:\/\/api.w.org\/{rel}","templated":true}]}}