



{"id":467,"date":"2018-12-19T14:49:04","date_gmt":"2018-12-19T13:49:04","guid":{"rendered":"http:\/\/www.4h.se\/kallhall\/?page_id=467"},"modified":"2026-02-13T12:21:37","modified_gmt":"2026-02-13T11:21:37","slug":"honsen","status":"publish","type":"page","link":"https:\/\/www.4h.se\/kallhall\/honsen\/","title":{"rendered":"H\u00f6nsen"},"content":{"rendered":"<div class=\"wpb-content-wrapper\"><p>[vc_row][vc_column width=&#8221;1\/3&#8243; css=&#8221;.vc_custom_1728901867562{padding-left: 35px !important;}&#8221;][vc_gallery type=&#8221;image_grid&#8221; images=&#8221;1175&#8243; img_size=&#8221;300&#215;300&#8243; onclick=&#8221;&#8221; css=&#8221;&#8221;][\/vc_column][vc_column width=&#8221;1\/3&#8243; css=&#8221;.vc_custom_1728901532854{background-color: #ffffff !important;border-radius: 20px !important;}&#8221;][vc_column_text css=&#8221;&#8221;]<\/p>\n<p style=\"font-size: 25px; text-align: center;\"><strong><span style=\"color: #006340;\">V\u00e5ra h\u00f6ns<\/span><\/strong><\/p>\n<p style=\"text-align: center;\">P\u00e5 g\u00e5rden har vi v\u00e5r tupp Alfons och h\u00f6norna Astrid, Agda, Alma, Aina och Ella. De \u00e4r av den svenska lantrasen Gotlandsh\u00f6na.<\/p>\n<p style=\"text-align: center;\">De \u00e4r v\u00e4ldigt trevliga och vill g\u00e4rna se vad alla runtomkring sysslar med.<\/p>\n<p style=\"font-size: 15px; text-align: center;\"><strong><span style=\"color: #006340;\">Genbanksarbete<\/span><\/strong><\/p>\n<p style=\"text-align: center;\">H\u00f6ns\/ankor\/g\u00e4ss med genbanksintyg g\u00e5r att f\u00f6lja hela v\u00e4gen tillbaka till ursprungsbes\u00e4ttningen, \u00e4nda tillbaks till de djur som f\u00f6rst tillvaratogs. Tack vare dessa intyg vet man idag vad de har f\u00f6r h\u00e4rstamning och vilka andra h\u00f6ns i genbanken de \u00e4r sl\u00e4kt med.<\/p>\n<p>[\/vc_column_text][\/vc_column][vc_column width=&#8221;1\/3&#8243; css=&#8221;.vc_custom_1728901851381{padding-left: 35px !important;}&#8221;][vc_gallery type=&#8221;image_grid&#8221; images=&#8221;1292&#8243; img_size=&#8221;300&#215;300&#8243; onclick=&#8221;&#8221; css=&#8221;&#8221;][\/vc_column][\/vc_row][vc_row css=&#8221;.vc_custom_1728901894090{padding-top: 20px !important;}&#8221;][vc_column width=&#8221;1\/3&#8243;][vc_single_image image=&#8221;1176&#8243; img_size=&#8221;large&#8221; alignment=&#8221;center&#8221; style=&#8221;vc_box_circle_2&#8243; css=&#8221;&#8221;][vc_column_text css=&#8221;.vc_custom_1731941100571{padding-bottom: 5px !important;background-color: #ffffff !important;border-radius: 20px !important;}&#8221;]<\/p>\n<p style=\"font-size: 25px; text-align: center;\"><strong><span style=\"color: #006340;\">Agda<\/span><\/strong><\/p>\n<p>[\/vc_column_text][\/vc_column][vc_column width=&#8221;1\/3&#8243;][vc_single_image image=&#8221;1064&#8243; img_size=&#8221;large&#8221; alignment=&#8221;center&#8221; style=&#8221;vc_box_circle_2&#8243; css=&#8221;&#8221;][vc_column_text css=&#8221;.vc_custom_1731941122515{padding-bottom: 5px !important;background-color: #ffffff !important;border-radius: 20px !important;}&#8221;]<\/p>\n<p style=\"font-size: 25px; text-align: center;\"><strong><span style=\"color: #006340;\">Astrid<\/span><\/strong><\/p>\n<p>[\/vc_column_text][\/vc_column][vc_column width=&#8221;1\/3&#8243;][vc_single_image image=&#8221;1080&#8243; img_size=&#8221;large&#8221; alignment=&#8221;center&#8221; style=&#8221;vc_box_circle_2&#8243; css=&#8221;&#8221;][vc_column_text css=&#8221;.vc_custom_1731941162730{padding-bottom: 5px !important;background-color: #ffffff !important;border-radius: 20px !important;}&#8221;]<\/p>\n<p style=\"font-size: 25px; text-align: center;\"><strong><span style=\"color: #006340;\">Alfons<\/span><\/strong><\/p>\n<p>[\/vc_column_text][\/vc_column][\/vc_row][vc_row css=&#8221;.vc_custom_1728901589276{background-color: #ffffff !important;border-radius: 20px !important;}&#8221;][vc_column width=&#8221;1\/3&#8243;][vc_column_text css=&#8221;&#8221;]<\/p>\n<p style=\"font-size: 20px; text-align: center;\"><strong><span style=\"color: #006340;\">Ursprung<\/span><\/strong><\/p>\n<p style=\"text-align: center;\"><span class=\"OYPEnA font-feature-liga-off font-feature-clig-off font-feature-calt-off text-decoration-none text-strikethrough-none\">Gotlandsh\u00f6ns \u00e4r en svensk lantras som h\u00e4rstammar fr\u00e5n F\u00e5r\u00f6, Gotland. P\u00e5 1970-talet var rasen n\u00e4stintill utd\u00f6d. Idag k\u00e4mpar g\u00e5rdar runt om i landet att h\u00e5lla rasen vid liv.<\/span><\/p>\n<p>[\/vc_column_text][\/vc_column][vc_column width=&#8221;1\/3&#8243;][vc_column_text css=&#8221;&#8221;]<\/p>\n<p style=\"font-size: 20px; text-align: center;\"><strong><span style=\"color: #006340;\">Fakta om h\u00f6ns<\/span><\/strong><\/p>\n<p style=\"text-align: center;\">Mamma: H\u00f6na<\/p>\n<p style=\"text-align: center;\">Pappa: Tupp<\/p>\n<p style=\"text-align: center;\">Barn: Kyckling<\/p>\n<p style=\"text-align: center;\">F\u00f6da: All\u00e4tare<\/p>\n<p>[\/vc_column_text][\/vc_column][vc_column width=&#8221;1\/3&#8243;][vc_column_text css=&#8221;&#8221;]<\/p>\n<p style=\"font-size: 20px; text-align: center;\"><strong><span style=\"color: #006340;\">Utseende<\/span><\/strong><\/p>\n<p style=\"text-align: center;\">Medelstor ras som kommer i de flesta f\u00e4rger. Vanligast \u00e4r viltf\u00e4rgade eller bruna men \u00e4ven vita, svarta och bl\u00e5a f\u00f6rekommer.<\/p>\n<p>[\/vc_column_text][\/vc_column][\/vc_row][vc_row][vc_column][vc_column_text css=&#8221;&#8221;][\/vc_column_text][\/vc_column][\/vc_row]<\/p>\n<\/div>","protected":false},"excerpt":{"rendered":"<p>[vc_row][vc_column width=&#8221;1\/3&#8243; css=&#8221;.vc_custom_1728901867562{padding-left: 35px !important;}&#8221;][vc_gallery type=&#8221;image_grid&#8221; images=&#8221;1175&#8243; img_size=&#8221;300&#215;300&#8243; onclick=&#8221;&#8221; css=&#8221;&#8221;][\/vc_column][vc_column width=&#8221;1\/3&#8243; css=&#8221;.vc_custom_1728901532854{background-color: #ffffff !important;border-radius: 20px !important;}&#8221;][vc_column_text css=&#8221;&#8221;] V\u00e5ra h\u00f6ns P\u00e5 g\u00e5rden har vi v\u00e5r tupp Alfons och h\u00f6norna Astrid, Agda, Alma, Aina och Ella. De \u00e4r av den svenska lantrasen Gotlandsh\u00f6na. De \u00e4r v\u00e4ldigt trevliga och vill g\u00e4rna se vad alla runtomkring sysslar med. Genbanksarbete&nbsp; <a href=\"https:\/\/www.4h.se\/kallhall\/honsen\/\">&hellip; Read more <i class=\"glyphicon glyphicon-arrow-right\"><\/i><\/a><\/p>\n","protected":false},"author":146,"featured_media":0,"parent":0,"menu_order":0,"comment_status":"closed","ping_status":"closed","template":"","meta":{"footnotes":""},"class_list":["post-467","page","type-page","status-publish","hentry"],"yoast_head":"<!-- This site is optimized with the Yoast SEO plugin v27.4 - https:\/\/yoast.com\/product\/yoast-seo-wordpress\/ -->\n<title>H\u00f6nsen - Kallh\u00e4ll 4H-g\u00e5rd<\/title>\n<meta name=\"robots\" content=\"index, follow, max-snippet:-1, max-image-preview:large, max-video-preview:-1\" \/>\n<link rel=\"canonical\" href=\"https:\/\/www.4h.se\/kallhall\/honsen\/\" \/>\n<meta property=\"og:locale\" content=\"sv_SE\" \/>\n<meta property=\"og:type\" content=\"article\" \/>\n<meta property=\"og:title\" content=\"H\u00f6nsen - Kallh\u00e4ll 4H-g\u00e5rd\" \/>\n<meta property=\"og:description\" content=\"[vc_row][vc_column width=&#8221;1\/3&#8243; css=&#8221;.vc_custom_1728901867562{padding-left: 35px !important;}&#8221;][vc_gallery type=&#8221;image_grid&#8221; images=&#8221;1175&#8243; img_size=&#8221;300&#215;300&#8243; onclick=&#8221;&#8221; css=&#8221;&#8221;][\/vc_column][vc_column width=&#8221;1\/3&#8243; css=&#8221;.vc_custom_1728901532854{background-color: #ffffff !important;border-radius: 20px !important;}&#8221;][vc_column_text css=&#8221;&#8221;] V\u00e5ra h\u00f6ns P\u00e5 g\u00e5rden har vi v\u00e5r tupp Alfons och h\u00f6norna Astrid, Agda, Alma, Aina och Ella. De \u00e4r av den svenska lantrasen Gotlandsh\u00f6na. De \u00e4r v\u00e4ldigt trevliga och vill g\u00e4rna se vad alla runtomkring sysslar med. Genbanksarbete&nbsp; &hellip; Read more\" \/>\n<meta property=\"og:url\" content=\"https:\/\/www.4h.se\/kallhall\/honsen\/\" \/>\n<meta property=\"og:site_name\" content=\"Kallh\u00e4ll 4H-g\u00e5rd\" \/>\n<meta property=\"article:publisher\" content=\"https:\/\/www.facebook.com\/kallhalls4hgard\/\" \/>\n<meta property=\"article:modified_time\" content=\"2026-02-13T11:21:37+00:00\" \/>\n<meta name=\"twitter:card\" content=\"summary_large_image\" \/>\n<script type=\"application\/ld+json\" class=\"yoast-schema-graph\">{\"@context\":\"https:\\\/\\\/schema.org\",\"@graph\":[{\"@type\":\"WebPage\",\"@id\":\"https:\\\/\\\/www.4h.se\\\/kallhall\\\/honsen\\\/\",\"url\":\"https:\\\/\\\/www.4h.se\\\/kallhall\\\/honsen\\\/\",\"name\":\"H\u00f6nsen - Kallh\u00e4ll 4H-g\u00e5rd\",\"isPartOf\":{\"@id\":\"https:\\\/\\\/www.4h.se\\\/kallhall\\\/#website\"},\"datePublished\":\"2018-12-19T13:49:04+00:00\",\"dateModified\":\"2026-02-13T11:21:37+00:00\",\"breadcrumb\":{\"@id\":\"https:\\\/\\\/www.4h.se\\\/kallhall\\\/honsen\\\/#breadcrumb\"},\"inLanguage\":\"sv-SE\",\"potentialAction\":[{\"@type\":\"ReadAction\",\"target\":[\"https:\\\/\\\/www.4h.se\\\/kallhall\\\/honsen\\\/\"]}]},{\"@type\":\"BreadcrumbList\",\"@id\":\"https:\\\/\\\/www.4h.se\\\/kallhall\\\/honsen\\\/#breadcrumb\",\"itemListElement\":[{\"@type\":\"ListItem\",\"position\":1,\"name\":\"Hem\",\"item\":\"https:\\\/\\\/www.4h.se\\\/kallhall\\\/\"},{\"@type\":\"ListItem\",\"position\":2,\"name\":\"H\u00f6nsen\"}]},{\"@type\":\"WebSite\",\"@id\":\"https:\\\/\\\/www.4h.se\\\/kallhall\\\/#website\",\"url\":\"https:\\\/\\\/www.4h.se\\\/kallhall\\\/\",\"name\":\"Kallh\u00e4ll 4H-g\u00e5rd\",\"description\":\"\",\"potentialAction\":[{\"@type\":\"SearchAction\",\"target\":{\"@type\":\"EntryPoint\",\"urlTemplate\":\"https:\\\/\\\/www.4h.se\\\/kallhall\\\/?s={search_term_string}\"},\"query-input\":{\"@type\":\"PropertyValueSpecification\",\"valueRequired\":true,\"valueName\":\"search_term_string\"}}],\"inLanguage\":\"sv-SE\"}]}<\/script>\n<!-- \/ Yoast SEO plugin. -->","yoast_head_json":{"title":"H\u00f6nsen - Kallh\u00e4ll 4H-g\u00e5rd","robots":{"index":"index","follow":"follow","max-snippet":"max-snippet:-1","max-image-preview":"max-image-preview:large","max-video-preview":"max-video-preview:-1"},"canonical":"https:\/\/www.4h.se\/kallhall\/honsen\/","og_locale":"sv_SE","og_type":"article","og_title":"H\u00f6nsen - Kallh\u00e4ll 4H-g\u00e5rd","og_description":"[vc_row][vc_column width=&#8221;1\/3&#8243; css=&#8221;.vc_custom_1728901867562{padding-left: 35px !important;}&#8221;][vc_gallery type=&#8221;image_grid&#8221; images=&#8221;1175&#8243; img_size=&#8221;300&#215;300&#8243; onclick=&#8221;&#8221; css=&#8221;&#8221;][\/vc_column][vc_column width=&#8221;1\/3&#8243; css=&#8221;.vc_custom_1728901532854{background-color: #ffffff !important;border-radius: 20px !important;}&#8221;][vc_column_text css=&#8221;&#8221;] V\u00e5ra h\u00f6ns P\u00e5 g\u00e5rden har vi v\u00e5r tupp Alfons och h\u00f6norna Astrid, Agda, Alma, Aina och Ella. De \u00e4r av den svenska lantrasen Gotlandsh\u00f6na. De \u00e4r v\u00e4ldigt trevliga och vill g\u00e4rna se vad alla runtomkring sysslar med. Genbanksarbete&nbsp; &hellip; Read more","og_url":"https:\/\/www.4h.se\/kallhall\/honsen\/","og_site_name":"Kallh\u00e4ll 4H-g\u00e5rd","article_publisher":"https:\/\/www.facebook.com\/kallhalls4hgard\/","article_modified_time":"2026-02-13T11:21:37+00:00","twitter_card":"summary_large_image","schema":{"@context":"https:\/\/schema.org","@graph":[{"@type":"WebPage","@id":"https:\/\/www.4h.se\/kallhall\/honsen\/","url":"https:\/\/www.4h.se\/kallhall\/honsen\/","name":"H\u00f6nsen - Kallh\u00e4ll 4H-g\u00e5rd","isPartOf":{"@id":"https:\/\/www.4h.se\/kallhall\/#website"},"datePublished":"2018-12-19T13:49:04+00:00","dateModified":"2026-02-13T11:21:37+00:00","breadcrumb":{"@id":"https:\/\/www.4h.se\/kallhall\/honsen\/#breadcrumb"},"inLanguage":"sv-SE","potentialAction":[{"@type":"ReadAction","target":["https:\/\/www.4h.se\/kallhall\/honsen\/"]}]},{"@type":"BreadcrumbList","@id":"https:\/\/www.4h.se\/kallhall\/honsen\/#breadcrumb","itemListElement":[{"@type":"ListItem","position":1,"name":"Hem","item":"https:\/\/www.4h.se\/kallhall\/"},{"@type":"ListItem","position":2,"name":"H\u00f6nsen"}]},{"@type":"WebSite","@id":"https:\/\/www.4h.se\/kallhall\/#website","url":"https:\/\/www.4h.se\/kallhall\/","name":"Kallh\u00e4ll 4H-g\u00e5rd","description":"","potentialAction":[{"@type":"SearchAction","target":{"@type":"EntryPoint","urlTemplate":"https:\/\/www.4h.se\/kallhall\/?s={search_term_string}"},"query-input":{"@type":"PropertyValueSpecification","valueRequired":true,"valueName":"search_term_string"}}],"inLanguage":"sv-SE"}]}},"_links":{"self":[{"href":"https:\/\/www.4h.se\/kallhall\/wp-json\/wp\/v2\/pages\/467","targetHints":{"allow":["GET"]}}],"collection":[{"href":"https:\/\/www.4h.se\/kallhall\/wp-json\/wp\/v2\/pages"}],"about":[{"href":"https:\/\/www.4h.se\/kallhall\/wp-json\/wp\/v2\/types\/page"}],"author":[{"embeddable":true,"href":"https:\/\/www.4h.se\/kallhall\/wp-json\/wp\/v2\/users\/146"}],"replies":[{"embeddable":true,"href":"https:\/\/www.4h.se\/kallhall\/wp-json\/wp\/v2\/comments?post=467"}],"version-history":[{"count":0,"href":"https:\/\/www.4h.se\/kallhall\/wp-json\/wp\/v2\/pages\/467\/revisions"}],"wp:attachment":[{"href":"https:\/\/www.4h.se\/kallhall\/wp-json\/wp\/v2\/media?parent=467"}],"curies":[{"name":"wp","href":"https:\/\/api.w.org\/{rel}","templated":true}]}}