



{"id":466,"date":"2018-12-19T14:48:45","date_gmt":"2018-12-19T13:48:45","guid":{"rendered":"http:\/\/www.4h.se\/kallhall\/?page_id=466"},"modified":"2026-04-16T18:08:21","modified_gmt":"2026-04-16T16:08:21","slug":"kaninerna","status":"publish","type":"page","link":"https:\/\/www.4h.se\/kallhall\/kaninerna\/","title":{"rendered":"Kaninerna"},"content":{"rendered":"<div class=\"wpb-content-wrapper\"><p>[vc_row][vc_column width=&#8221;1\/4&#8243;][vc_single_image image=&#8221;1282&#8243; img_size=&#8221;full&#8221; css=&#8221;&#8221;][\/vc_column][vc_column width=&#8221;1\/2&#8243; css=&#8221;.vc_custom_1728901942732{background-color: #ffffff !important;border-radius: 20px !important;}&#8221;][vc_column_text css=&#8221;&#8221;]<\/p>\n<p style=\"font-size: 35px; text-align: center;\"><strong><span style=\"color: #006340;\">V\u00e5ra kaniner<\/span><\/strong><\/p>\n<p style=\"text-align: center;\">Just nu har vi tv\u00e5 Franska v\u00e4durar vid namn Tor och Hedvig. En liten Dv\u00e4rgteddy som heter Edda och en Gotlandskanin vid namn Athena. De \u00e4r v\u00e4ldigt sociala och kommer g\u00e4rna fram och h\u00e4lsar om 4H-barnen p\u00e5 ex l\u00e4ger f\u00e5r g\u00e5 in i h\u00e4lsa.<\/p>\n<p style=\"text-align: center;\">\u00c4ven om de g\u00e4rna tar emot mat fr\u00e5n handen \u00e4r det bara personalen som f\u00e5r mata dem d\u00e5 de annars kan bli sjuka.&nbsp;&nbsp;Detta g\u00e4ller \u00e4ven gr\u00e4set som v\u00e4xer intill hagen.<\/p>\n<p>[\/vc_column_text][\/vc_column][vc_column width=&#8221;1\/4&#8243;][vc_single_image image=&#8221;1311&#8243; img_size=&#8221;full&#8221; add_caption=&#8221;yes&#8221; css=&#8221;&#8221;][\/vc_column][\/vc_row][vc_row css=&#8221;.vc_custom_1728901959021{padding-top: 25px !important;}&#8221;][vc_column width=&#8221;1\/4&#8243;][vc_single_image image=&#8221;1255&#8243; img_size=&#8221;300&#215;300&#8243; alignment=&#8221;center&#8221; style=&#8221;vc_box_circle_2&#8243; css=&#8221;&#8221;][vc_column_text css=&#8221;.vc_custom_1764683352696{padding-top: 5px !important;padding-bottom: 10px !important;background-color: #ffffff !important;border-radius: 20px !important;}&#8221;]<\/p>\n<p style=\"font-size: 20px; text-align: center;\"><strong><span style=\"color: #006340;\">Tor<\/span><\/strong><\/p>\n<p style=\"text-align: center;\">F\u00f6dd: 2025<\/p>\n<p style=\"text-align: center;\"><strong>Om:&nbsp;<\/strong><\/p>\n<p>[\/vc_column_text][\/vc_column][vc_column width=&#8221;1\/4&#8243;][vc_single_image image=&#8221;1252&#8243; img_size=&#8221;300&#215;300&#8243; alignment=&#8221;center&#8221; style=&#8221;vc_box_circle_2&#8243; css=&#8221;&#8221;][vc_column_text css=&#8221;.vc_custom_1764683366577{padding-top: 5px !important;padding-bottom: 10px !important;background-color: #FFFFFF !important;border-radius: 20px !important;}&#8221;]<\/p>\n<p style=\"font-size: 20px; text-align: center;\"><strong><span style=\"color: #006340;\">Hedvig<\/span><\/strong><\/p>\n<p style=\"text-align: center;\"><strong>F\u00f6dd:&nbsp;<\/strong>2020<\/p>\n<p style=\"text-align: center;\"><strong>Om:&nbsp;<\/strong><\/p>\n<p>[\/vc_column_text][\/vc_column][vc_column width=&#8221;1\/4&#8243;][vc_single_image image=&#8221;1258&#8243; img_size=&#8221;300&#215;300&#8243; alignment=&#8221;center&#8221; style=&#8221;vc_box_circle_2&#8243; css=&#8221;&#8221;][vc_column_text css=&#8221;.vc_custom_1764683609870{border-top-width: 6px !important;border-right-width: 6px !important;border-bottom-width: 6px !important;border-left-width: 6px !important;padding-top: 6px !important;padding-right: 6px !important;padding-bottom: 6px !important;padding-left: 6px !important;background-color: #FFFFFF !important;border-radius: 15px !important;}&#8221;]<\/p>\n<p style=\"font-size: 20px; text-align: center;\"><strong><span style=\"color: #006340;\">Edda<\/span><\/strong><\/p>\n<p style=\"text-align: center;\"><strong>F\u00f6dd:&nbsp;<\/strong>2023<\/p>\n<p style=\"text-align: center;\"><strong>Om:&nbsp;<\/strong><\/p>\n<p>[\/vc_column_text][\/vc_column][vc_column width=&#8221;1\/4&#8243;][vc_single_image image=&#8221;1275&#8243; img_size=&#8221;300&#215;300&#8243; alignment=&#8221;center&#8221; style=&#8221;vc_box_circle_2&#8243; css=&#8221;&#8221;][vc_column_text css=&#8221;.vc_custom_1768998591823{border-top-width: 6px !important;border-right-width: 6px !important;border-bottom-width: 6px !important;border-left-width: 6px !important;padding-top: 6px !important;padding-right: 6px !important;padding-bottom: 6px !important;padding-left: 6px !important;background-color: #FFFFFF !important;border-radius: 15px !important;}&#8221;]<\/p>\n<p style=\"font-size: 20px; text-align: center;\"><strong><span style=\"color: #006340;\">Athena<\/span><\/strong><\/p>\n<p style=\"text-align: center;\"><strong>F\u00f6dd:&nbsp;<\/strong>2025<\/p>\n<p style=\"text-align: center;\"><strong>Om:&nbsp;<\/strong><\/p>\n<p>[\/vc_column_text][\/vc_column][\/vc_row][vc_row][vc_column width=&#8221;1\/3&#8243;][\/vc_column][vc_column width=&#8221;1\/3&#8243;][vc_column_text css=&#8221;.vc_custom_1731941620933{border-top-width: 6px !important;border-right-width: 6px !important;border-bottom-width: 6px !important;border-left-width: 6px !important;padding-right: 6px !important;padding-bottom: 5px !important;padding-left: 6px !important;background-color: #ffffff !important;border-radius: 20px !important;}&#8221;]<\/p>\n<p style=\"font-size: 25px; text-align: center;\"><strong><span style=\"color: #006340;\">Mer om kaninen<\/span><\/strong><\/p>\n<p>[\/vc_column_text][\/vc_column][vc_column width=&#8221;1\/3&#8243;][\/vc_column][\/vc_row][vc_row css=&#8221;.vc_custom_1728902062648{background-color: #ffffff !important;border-radius: 20px !important;}&#8221;][vc_column width=&#8221;1\/4&#8243;][vc_column_text css=&#8221;&#8221;]<\/p>\n<p style=\"font-size: 15px; text-align: center;\"><strong><span style=\"color: #006340;\">Olika kaniner<\/span><\/strong><\/p>\n<p style=\"text-align: center;\">Kaniner finns i m\u00e5nga olika raser. Allt fr\u00e5n dv\u00e4rgkaniner som v\u00e4ger drygt 1 kilo, till stora belgiska j\u00e4ttar som kan v\u00e4ga \u00f6ver 10 kilo. Kaniner med h\u00e4ngande \u00f6ron kallas f\u00f6r v\u00e4durar. Kaniner \u00e4r sociala djur men var lugnt runt dem d\u00e5 de\u00a0kan vara l\u00e4ttskr\u00e4mda.<\/p>\n<p>[\/vc_column_text][\/vc_column][vc_column width=&#8221;1\/4&#8243;][vc_column_text css=&#8221;&#8221;]<\/p>\n<p style=\"font-size: 15px; text-align: center;\"><strong><span style=\"color: #006340;\">F\u00f6da<\/span><\/strong><\/p>\n<p style=\"text-align: center;\">Kaniner vill ha h\u00f6 i magen, i munnen och runt omkring sig f\u00f6r att trivas och m\u00e5 bra. De \u00e4ter bland annat h\u00f6, gr\u00f6nsaker och pellets.\u00a0Kaniner \u00e4r gnagare och beh\u00f6ver ha pinnar att gnaga p\u00e5. Kvistar fr\u00e5n frukttr\u00e4d tycker dem \u00e4r godast.<\/p>\n<p>[\/vc_column_text][\/vc_column][vc_column width=&#8221;1\/4&#8243;][vc_column_text css=&#8221;&#8221;]<\/p>\n<p style=\"font-size: 15px; text-align: center;\"><strong><span style=\"color: #006340;\">Dr\u00e4ktighet<\/span><\/strong><\/p>\n<p style=\"text-align: center;\">Honan \u00e4r dr\u00e4ktig i cirka 30 dagar och kan f\u00e5 upp till 12 kaninungar per kull. N\u00e4r kaninungarna f\u00f6ds \u00e4r de blinda och p\u00e4lsl\u00f6sa. De diar mamman ett par g\u00e5nger om dagen. Kaninungarna klarar sig sj\u00e4lva fr\u00e5n cirka sex veckors \u00e5lder.<\/p>\n<p>[\/vc_column_text][\/vc_column][vc_column width=&#8221;1\/4&#8243;][vc_column_text css=&#8221;&#8221;]<\/p>\n<p style=\"font-size: 15px; text-align: center;\"><strong><span style=\"color: #006340;\">Flock<\/span><\/strong><\/p>\n<p style=\"text-align: center;\">Kaniner \u00e4r flockdjur och trivs d\u00e4rf\u00f6r b\u00e4st tillsammans\u00a0med andra kaninkompisar. De \u00e4r \u00e4ven bytesdjur och f\u00f6r att skydda sig visar de sig starka och tuffa, men det g\u00f6r att det kan vara sv\u00e5rt att se om en kanin ex har gjort sig illa.<\/p>\n<p>[\/vc_column_text][\/vc_column][\/vc_row][vc_row][vc_column width=&#8221;1\/4&#8243;][\/vc_column][vc_column width=&#8221;1\/2&#8243;][\/vc_column][vc_column width=&#8221;1\/4&#8243;][\/vc_column][\/vc_row]<\/p>\n<\/div>","protected":false},"excerpt":{"rendered":"<p>[vc_row][vc_column width=&#8221;1\/4&#8243;][vc_single_image image=&#8221;1282&#8243; img_size=&#8221;full&#8221; css=&#8221;&#8221;][\/vc_column][vc_column width=&#8221;1\/2&#8243; css=&#8221;.vc_custom_1728901942732{background-color: #ffffff !important;border-radius: 20px !important;}&#8221;][vc_column_text css=&#8221;&#8221;] V\u00e5ra kaniner Just nu har vi tv\u00e5 Franska v\u00e4durar vid namn Tor och Hedvig. En liten Dv\u00e4rgteddy som heter Edda och en Gotlandskanin vid namn Athena. De \u00e4r v\u00e4ldigt sociala och kommer g\u00e4rna fram och h\u00e4lsar om 4H-barnen p\u00e5 ex l\u00e4ger f\u00e5r g\u00e5&nbsp; <a href=\"https:\/\/www.4h.se\/kallhall\/kaninerna\/\">&hellip; Read more <i class=\"glyphicon glyphicon-arrow-right\"><\/i><\/a><\/p>\n","protected":false},"author":146,"featured_media":0,"parent":0,"menu_order":0,"comment_status":"closed","ping_status":"closed","template":"","meta":{"footnotes":""},"class_list":["post-466","page","type-page","status-publish","hentry"],"yoast_head":"<!-- This site is optimized with the Yoast SEO plugin v27.4 - https:\/\/yoast.com\/product\/yoast-seo-wordpress\/ -->\n<title>Kaninerna - Kallh\u00e4ll 4H-g\u00e5rd<\/title>\n<meta name=\"robots\" content=\"index, follow, max-snippet:-1, max-image-preview:large, max-video-preview:-1\" \/>\n<link rel=\"canonical\" href=\"https:\/\/www.4h.se\/kallhall\/kaninerna\/\" \/>\n<meta property=\"og:locale\" content=\"sv_SE\" \/>\n<meta property=\"og:type\" content=\"article\" \/>\n<meta property=\"og:title\" content=\"Kaninerna - Kallh\u00e4ll 4H-g\u00e5rd\" \/>\n<meta property=\"og:description\" content=\"[vc_row][vc_column width=&#8221;1\/4&#8243;][vc_single_image image=&#8221;1282&#8243; img_size=&#8221;full&#8221; css=&#8221;&#8221;][\/vc_column][vc_column width=&#8221;1\/2&#8243; css=&#8221;.vc_custom_1728901942732{background-color: #ffffff !important;border-radius: 20px !important;}&#8221;][vc_column_text css=&#8221;&#8221;] V\u00e5ra kaniner Just nu har vi tv\u00e5 Franska v\u00e4durar vid namn Tor och Hedvig. En liten Dv\u00e4rgteddy som heter Edda och en Gotlandskanin vid namn Athena. De \u00e4r v\u00e4ldigt sociala och kommer g\u00e4rna fram och h\u00e4lsar om 4H-barnen p\u00e5 ex l\u00e4ger f\u00e5r g\u00e5&nbsp; &hellip; Read more\" \/>\n<meta property=\"og:url\" content=\"https:\/\/www.4h.se\/kallhall\/kaninerna\/\" \/>\n<meta property=\"og:site_name\" content=\"Kallh\u00e4ll 4H-g\u00e5rd\" \/>\n<meta property=\"article:publisher\" content=\"https:\/\/www.facebook.com\/kallhalls4hgard\/\" \/>\n<meta property=\"article:modified_time\" content=\"2026-04-16T16:08:21+00:00\" \/>\n<meta name=\"twitter:card\" content=\"summary_large_image\" \/>\n<meta name=\"twitter:label1\" content=\"Ber\u00e4knad l\u00e4stid\" \/>\n\t<meta name=\"twitter:data1\" content=\"4 minuter\" \/>\n<script type=\"application\/ld+json\" class=\"yoast-schema-graph\">{\"@context\":\"https:\\\/\\\/schema.org\",\"@graph\":[{\"@type\":\"WebPage\",\"@id\":\"https:\\\/\\\/www.4h.se\\\/kallhall\\\/kaninerna\\\/\",\"url\":\"https:\\\/\\\/www.4h.se\\\/kallhall\\\/kaninerna\\\/\",\"name\":\"Kaninerna - Kallh\u00e4ll 4H-g\u00e5rd\",\"isPartOf\":{\"@id\":\"https:\\\/\\\/www.4h.se\\\/kallhall\\\/#website\"},\"datePublished\":\"2018-12-19T13:48:45+00:00\",\"dateModified\":\"2026-04-16T16:08:21+00:00\",\"breadcrumb\":{\"@id\":\"https:\\\/\\\/www.4h.se\\\/kallhall\\\/kaninerna\\\/#breadcrumb\"},\"inLanguage\":\"sv-SE\",\"potentialAction\":[{\"@type\":\"ReadAction\",\"target\":[\"https:\\\/\\\/www.4h.se\\\/kallhall\\\/kaninerna\\\/\"]}]},{\"@type\":\"BreadcrumbList\",\"@id\":\"https:\\\/\\\/www.4h.se\\\/kallhall\\\/kaninerna\\\/#breadcrumb\",\"itemListElement\":[{\"@type\":\"ListItem\",\"position\":1,\"name\":\"Hem\",\"item\":\"https:\\\/\\\/www.4h.se\\\/kallhall\\\/\"},{\"@type\":\"ListItem\",\"position\":2,\"name\":\"Kaninerna\"}]},{\"@type\":\"WebSite\",\"@id\":\"https:\\\/\\\/www.4h.se\\\/kallhall\\\/#website\",\"url\":\"https:\\\/\\\/www.4h.se\\\/kallhall\\\/\",\"name\":\"Kallh\u00e4ll 4H-g\u00e5rd\",\"description\":\"\",\"potentialAction\":[{\"@type\":\"SearchAction\",\"target\":{\"@type\":\"EntryPoint\",\"urlTemplate\":\"https:\\\/\\\/www.4h.se\\\/kallhall\\\/?s={search_term_string}\"},\"query-input\":{\"@type\":\"PropertyValueSpecification\",\"valueRequired\":true,\"valueName\":\"search_term_string\"}}],\"inLanguage\":\"sv-SE\"}]}<\/script>\n<!-- \/ Yoast SEO plugin. -->","yoast_head_json":{"title":"Kaninerna - Kallh\u00e4ll 4H-g\u00e5rd","robots":{"index":"index","follow":"follow","max-snippet":"max-snippet:-1","max-image-preview":"max-image-preview:large","max-video-preview":"max-video-preview:-1"},"canonical":"https:\/\/www.4h.se\/kallhall\/kaninerna\/","og_locale":"sv_SE","og_type":"article","og_title":"Kaninerna - Kallh\u00e4ll 4H-g\u00e5rd","og_description":"[vc_row][vc_column width=&#8221;1\/4&#8243;][vc_single_image image=&#8221;1282&#8243; img_size=&#8221;full&#8221; css=&#8221;&#8221;][\/vc_column][vc_column width=&#8221;1\/2&#8243; css=&#8221;.vc_custom_1728901942732{background-color: #ffffff !important;border-radius: 20px !important;}&#8221;][vc_column_text css=&#8221;&#8221;] V\u00e5ra kaniner Just nu har vi tv\u00e5 Franska v\u00e4durar vid namn Tor och Hedvig. En liten Dv\u00e4rgteddy som heter Edda och en Gotlandskanin vid namn Athena. De \u00e4r v\u00e4ldigt sociala och kommer g\u00e4rna fram och h\u00e4lsar om 4H-barnen p\u00e5 ex l\u00e4ger f\u00e5r g\u00e5&nbsp; &hellip; Read more","og_url":"https:\/\/www.4h.se\/kallhall\/kaninerna\/","og_site_name":"Kallh\u00e4ll 4H-g\u00e5rd","article_publisher":"https:\/\/www.facebook.com\/kallhalls4hgard\/","article_modified_time":"2026-04-16T16:08:21+00:00","twitter_card":"summary_large_image","twitter_misc":{"Ber\u00e4knad l\u00e4stid":"4 minuter"},"schema":{"@context":"https:\/\/schema.org","@graph":[{"@type":"WebPage","@id":"https:\/\/www.4h.se\/kallhall\/kaninerna\/","url":"https:\/\/www.4h.se\/kallhall\/kaninerna\/","name":"Kaninerna - Kallh\u00e4ll 4H-g\u00e5rd","isPartOf":{"@id":"https:\/\/www.4h.se\/kallhall\/#website"},"datePublished":"2018-12-19T13:48:45+00:00","dateModified":"2026-04-16T16:08:21+00:00","breadcrumb":{"@id":"https:\/\/www.4h.se\/kallhall\/kaninerna\/#breadcrumb"},"inLanguage":"sv-SE","potentialAction":[{"@type":"ReadAction","target":["https:\/\/www.4h.se\/kallhall\/kaninerna\/"]}]},{"@type":"BreadcrumbList","@id":"https:\/\/www.4h.se\/kallhall\/kaninerna\/#breadcrumb","itemListElement":[{"@type":"ListItem","position":1,"name":"Hem","item":"https:\/\/www.4h.se\/kallhall\/"},{"@type":"ListItem","position":2,"name":"Kaninerna"}]},{"@type":"WebSite","@id":"https:\/\/www.4h.se\/kallhall\/#website","url":"https:\/\/www.4h.se\/kallhall\/","name":"Kallh\u00e4ll 4H-g\u00e5rd","description":"","potentialAction":[{"@type":"SearchAction","target":{"@type":"EntryPoint","urlTemplate":"https:\/\/www.4h.se\/kallhall\/?s={search_term_string}"},"query-input":{"@type":"PropertyValueSpecification","valueRequired":true,"valueName":"search_term_string"}}],"inLanguage":"sv-SE"}]}},"_links":{"self":[{"href":"https:\/\/www.4h.se\/kallhall\/wp-json\/wp\/v2\/pages\/466","targetHints":{"allow":["GET"]}}],"collection":[{"href":"https:\/\/www.4h.se\/kallhall\/wp-json\/wp\/v2\/pages"}],"about":[{"href":"https:\/\/www.4h.se\/kallhall\/wp-json\/wp\/v2\/types\/page"}],"author":[{"embeddable":true,"href":"https:\/\/www.4h.se\/kallhall\/wp-json\/wp\/v2\/users\/146"}],"replies":[{"embeddable":true,"href":"https:\/\/www.4h.se\/kallhall\/wp-json\/wp\/v2\/comments?post=466"}],"version-history":[{"count":0,"href":"https:\/\/www.4h.se\/kallhall\/wp-json\/wp\/v2\/pages\/466\/revisions"}],"wp:attachment":[{"href":"https:\/\/www.4h.se\/kallhall\/wp-json\/wp\/v2\/media?parent=466"}],"curies":[{"name":"wp","href":"https:\/\/api.w.org\/{rel}","templated":true}]}}