



{"id":463,"date":"2018-12-19T14:47:50","date_gmt":"2018-12-19T13:47:50","guid":{"rendered":"http:\/\/www.4h.se\/kallhall\/?page_id=463"},"modified":"2026-04-16T18:07:41","modified_gmt":"2026-04-16T16:07:41","slug":"grisarna","status":"publish","type":"page","link":"https:\/\/www.4h.se\/kallhall\/grisarna\/","title":{"rendered":"Grisarna"},"content":{"rendered":"<div class=\"wpb-content-wrapper\"><p>[vc_row][vc_column width=&#8221;1\/6&#8243;][\/vc_column][vc_column width=&#8221;2\/3&#8243; css=&#8221;.vc_custom_1728900412281{background-color: #ffffff !important;border-radius: 20px !important;}&#8221;][vc_column_text css=&#8221;&#8221;]<\/p>\n<p style=\"font-size: 35px; text-align: center;\"><strong><span style=\"color: #006340;\">V\u00e5ra grisar<\/span><\/strong><\/p>\n<p style=\"text-align: center;\">P\u00e5 v\u00e5r g\u00e5rd har vi tv\u00e5 minigrisar Birk och Bruno som har bott p\u00e5 g\u00e5rden sen oktober 2025. Dem \u00e4r v\u00e4ldigt sociala av sig och kommer g\u00e4rna och h\u00e4lsar vid staketet. I hagen g\u00e5r de runt och b\u00f6kar och sover i sommarv\u00e4rmen, och under soliga dagar badar de i lera f\u00f6r att skydda sig mot solen.<\/p>\n<p>[\/vc_column_text][\/vc_column][vc_column width=&#8221;1\/6&#8243;][\/vc_column][\/vc_row][vc_row][vc_column width=&#8221;1\/3&#8243;][vc_column_text css=&#8221;.vc_custom_1731940525741{margin-top: 24px !important;border-top-width: 6px !important;border-right-width: 6px !important;border-bottom-width: 6px !important;border-left-width: 6px !important;padding-top: 6px !important;padding-right: 6px !important;padding-bottom: 6px !important;padding-left: 6px !important;background-color: #ffffff !important;border-radius: 20px !important;}&#8221;]<\/p>\n<p style=\"font-size: 15px; text-align: center;\"><strong><span style=\"color: #006340;\">Grisen<\/span><\/strong><\/p>\n<p style=\"text-align: center;\"><strong>Mamma:<\/strong>\u00a0Sugga<\/p>\n<p style=\"text-align: center;\"><strong>Pappa:<\/strong>\u00a0Galt<\/p>\n<p style=\"text-align: center;\"><strong>Barn:<\/strong>\u00a0Kulting<\/p>\n<p style=\"text-align: center;\"><strong>Dr\u00e4ktighet:<\/strong>\u00a03 m\u00e5nader, 3 veckor och 3 dagar (114 dagar)<\/p>\n<p style=\"text-align: center;\"><strong>F\u00f6da:<\/strong>\u00a0Grisar \u00e4r all\u00e4tare<\/p>\n<p>[\/vc_column_text][\/vc_column][vc_column width=&#8221;1\/3&#8243;][vc_single_image image=&#8221;1318&#8243; img_size=&#8221;large&#8221; alignment=&#8221;center&#8221; style=&#8221;vc_box_circle_2&#8243; css=&#8221;.vc_custom_1776355656366{padding-top: 5px !important;border-radius: 20px !important;}&#8221;][\/vc_column][vc_column width=&#8221;1\/3&#8243;][vc_column_text css=&#8221;.vc_custom_1731940706127{margin-top: 24px !important;border-top-width: 6px !important;border-right-width: 6px !important;border-bottom-width: 6px !important;border-left-width: 6px !important;padding-top: 6px !important;padding-right: 6px !important;padding-bottom: 6px !important;padding-left: 6px !important;background-color: #ffffff !important;border-radius: 20px !important;}&#8221;]<\/p>\n<p style=\"font-size: 15px; text-align: center;\"><strong><span style=\"color: #006340;\">Minigrisen<\/span><\/strong><\/p>\n<p style=\"text-align: center;\"><strong>Storlek:<\/strong>\u00a0runt 50 cm<\/p>\n<p style=\"text-align: center;\"><strong>Vikt: <\/strong>20-40\u00a0kg<\/p>\n<p style=\"text-align: center;\"><strong>F\u00e4rg:<\/strong>\u00a0Vanliga\u00a0f\u00e4rger\u00a0\u00e4r svart, svart\/vit-fl\u00e4ckiga och bruna. Nyare\u00a0f\u00e4rger\u00a0i avelsarbetet: r\u00f6da, r\u00f6dbruna och agouti (vildsvinsf\u00e4rgad).<\/p>\n<p>[\/vc_column_text][\/vc_column][\/vc_row][vc_row][vc_column width=&#8221;1\/6&#8243;][\/vc_column][vc_column width=&#8221;1\/3&#8243;][vc_single_image image=&#8221;1226&#8243; img_size=&#8221;large&#8221; alignment=&#8221;center&#8221; style=&#8221;vc_box_circle_2&#8243; css=&#8221;&#8221;][vc_column_text css=&#8221;.vc_custom_1760436437075{padding-top: 5px !important;padding-right: 10px !important;padding-bottom: 10px !important;padding-left: 10px !important;background-color: #ffffff !important;border-radius: 20px !important;}&#8221;]<\/p>\n<div class=\"HeadlineTextContainer\">\n<div id=\"ctl00_contentPlaceHolder__B0_readPanel_\">\n<p style=\"font-size: 30px; text-align: center;\"><strong><span style=\"color: #006340;\">Bruno<\/span><\/strong><\/p>\n<\/div>\n<\/div>\n<p>[\/vc_column_text][\/vc_column][vc_column width=&#8221;1\/3&#8243;][vc_single_image image=&#8221;1317&#8243; img_size=&#8221;large&#8221; alignment=&#8221;center&#8221; style=&#8221;vc_box_circle_2&#8243; css=&#8221;&#8221;][vc_column_text css=&#8221;.vc_custom_1760436397323{padding-top: 5px !important;padding-right: 10px !important;padding-bottom: 10px !important;padding-left: 10px !important;background-color: #ffffff !important;border-radius: 20px !important;}&#8221;]<\/p>\n<div class=\"HeadlineTextContainer\">\n<div id=\"ctl00_contentPlaceHolder__B0_readPanel_\">\n<p style=\"font-size: 30px; text-align: center;\"><strong><span style=\"color: #006340;\">Birk<\/span><\/strong><\/p>\n<\/div>\n<\/div>\n<p>[\/vc_column_text][\/vc_column][vc_column width=&#8221;1\/6&#8243;][\/vc_column][\/vc_row][vc_row][vc_column width=&#8221;1\/6&#8243;][\/vc_column][vc_column width=&#8221;1\/3&#8243;][vc_column_text css=&#8221;.vc_custom_1731940685188{padding-top: 5px !important;padding-right: 10px !important;padding-bottom: 10px !important;padding-left: 10px !important;background-color: #ffffff !important;border-radius: 20px !important;}&#8221;]<\/p>\n<p style=\"font-size: 15px; text-align: center;\"><strong><span style=\"color: #006340;\">F\u00f6da<\/span><\/strong><\/p>\n<p style=\"text-align: center;\">En del tycker att man absolut inte ska ge sin gris n\u00e5got annat \u00e4n speciellt grisfoder medan andra tycker att det g\u00e5r lika bra med hush\u00e5llsavfall och matrester, observera att du inte f\u00e5r ge animaliska rester! Att beta ute ger \u00f6kad m\u00e4ttnadsk\u00e4nsla och risken f\u00f6r mags\u00e5r och f\u00f6rstoppning minskar.<br \/>\nP\u00e5 v\u00e5r g\u00e5rd \u00e4ter grisarna, gr\u00f6nsaker, frukt, spannm\u00e5l och grisfoder.<br \/>\nDet \u00e4r viktigt att grisarna f\u00e5r sin mat p\u00e5 regelbundna tider.[\/vc_column_text][\/vc_column][vc_column width=&#8221;1\/3&#8243;][vc_column_text css=&#8221;.vc_custom_1731940664931{padding-top: 5px !important;padding-right: 10px !important;padding-bottom: 10px !important;padding-left: 10px !important;background-color: #ffffff !important;border-radius: 20px !important;}&#8221;]<\/p>\n<p style=\"font-size: 15px; text-align: center;\"><strong><span style=\"color: #006340;\">Fakta om minigrisen<\/span><\/strong><\/p>\n<p style=\"text-align: center;\">Minigris \u00e4r ett samlingsnamn f\u00f6r sm\u00e5 raser av det vanliga tamsvinet, som h\u00e5lls som s\u00e4llskapsdjur och v\u00e4ger mindre \u00e4n 80 kilo som vuxen. Minigrisen hade en popularitetsv\u00e5g under 1980- och tidigt 1990-tal. Normal vikt f\u00f6r en vuxen minigris \u00e4r 20-40 kg, men det f\u00f6rekommer b\u00e5de st\u00f6rre och mindre varianter<\/p>\n<p>[\/vc_column_text][\/vc_column][vc_column width=&#8221;1\/6&#8243;][\/vc_column][\/vc_row][vc_row][vc_column][\/vc_column][\/vc_row]<\/p>\n<\/div>","protected":false},"excerpt":{"rendered":"<p>[vc_row][vc_column width=&#8221;1\/6&#8243;][\/vc_column][vc_column width=&#8221;2\/3&#8243; css=&#8221;.vc_custom_1728900412281{background-color: #ffffff !important;border-radius: 20px !important;}&#8221;][vc_column_text css=&#8221;&#8221;] V\u00e5ra grisar P\u00e5 v\u00e5r g\u00e5rd har vi tv\u00e5 minigrisar Birk och Bruno som har bott p\u00e5 g\u00e5rden sen oktober 2025. Dem \u00e4r v\u00e4ldigt sociala av sig och kommer g\u00e4rna och h\u00e4lsar vid staketet. I hagen g\u00e5r de runt och b\u00f6kar och sover i sommarv\u00e4rmen, och under&nbsp; <a href=\"https:\/\/www.4h.se\/kallhall\/grisarna\/\">&hellip; Read more <i class=\"glyphicon glyphicon-arrow-right\"><\/i><\/a><\/p>\n","protected":false},"author":146,"featured_media":0,"parent":0,"menu_order":0,"comment_status":"closed","ping_status":"closed","template":"","meta":{"footnotes":""},"class_list":["post-463","page","type-page","status-publish","hentry"],"yoast_head":"<!-- This site is optimized with the Yoast SEO plugin v27.4 - https:\/\/yoast.com\/product\/yoast-seo-wordpress\/ -->\n<title>Grisarna - Kallh\u00e4ll 4H-g\u00e5rd<\/title>\n<meta name=\"robots\" content=\"index, follow, max-snippet:-1, max-image-preview:large, max-video-preview:-1\" \/>\n<link rel=\"canonical\" href=\"https:\/\/www.4h.se\/kallhall\/grisarna\/\" \/>\n<meta property=\"og:locale\" content=\"sv_SE\" \/>\n<meta property=\"og:type\" content=\"article\" \/>\n<meta property=\"og:title\" content=\"Grisarna - Kallh\u00e4ll 4H-g\u00e5rd\" \/>\n<meta property=\"og:description\" content=\"[vc_row][vc_column width=&#8221;1\/6&#8243;][\/vc_column][vc_column width=&#8221;2\/3&#8243; css=&#8221;.vc_custom_1728900412281{background-color: #ffffff !important;border-radius: 20px !important;}&#8221;][vc_column_text css=&#8221;&#8221;] V\u00e5ra grisar P\u00e5 v\u00e5r g\u00e5rd har vi tv\u00e5 minigrisar Birk och Bruno som har bott p\u00e5 g\u00e5rden sen oktober 2025. Dem \u00e4r v\u00e4ldigt sociala av sig och kommer g\u00e4rna och h\u00e4lsar vid staketet. I hagen g\u00e5r de runt och b\u00f6kar och sover i sommarv\u00e4rmen, och under&nbsp; &hellip; Read more\" \/>\n<meta property=\"og:url\" content=\"https:\/\/www.4h.se\/kallhall\/grisarna\/\" \/>\n<meta property=\"og:site_name\" content=\"Kallh\u00e4ll 4H-g\u00e5rd\" \/>\n<meta property=\"article:publisher\" content=\"https:\/\/www.facebook.com\/kallhalls4hgard\/\" \/>\n<meta property=\"article:modified_time\" content=\"2026-04-16T16:07:41+00:00\" \/>\n<meta name=\"twitter:card\" content=\"summary_large_image\" \/>\n<meta name=\"twitter:label1\" content=\"Ber\u00e4knad l\u00e4stid\" \/>\n\t<meta name=\"twitter:data1\" content=\"3 minuter\" \/>\n<script type=\"application\/ld+json\" class=\"yoast-schema-graph\">{\"@context\":\"https:\\\/\\\/schema.org\",\"@graph\":[{\"@type\":\"WebPage\",\"@id\":\"https:\\\/\\\/www.4h.se\\\/kallhall\\\/grisarna\\\/\",\"url\":\"https:\\\/\\\/www.4h.se\\\/kallhall\\\/grisarna\\\/\",\"name\":\"Grisarna - Kallh\u00e4ll 4H-g\u00e5rd\",\"isPartOf\":{\"@id\":\"https:\\\/\\\/www.4h.se\\\/kallhall\\\/#website\"},\"datePublished\":\"2018-12-19T13:47:50+00:00\",\"dateModified\":\"2026-04-16T16:07:41+00:00\",\"breadcrumb\":{\"@id\":\"https:\\\/\\\/www.4h.se\\\/kallhall\\\/grisarna\\\/#breadcrumb\"},\"inLanguage\":\"sv-SE\",\"potentialAction\":[{\"@type\":\"ReadAction\",\"target\":[\"https:\\\/\\\/www.4h.se\\\/kallhall\\\/grisarna\\\/\"]}]},{\"@type\":\"BreadcrumbList\",\"@id\":\"https:\\\/\\\/www.4h.se\\\/kallhall\\\/grisarna\\\/#breadcrumb\",\"itemListElement\":[{\"@type\":\"ListItem\",\"position\":1,\"name\":\"Hem\",\"item\":\"https:\\\/\\\/www.4h.se\\\/kallhall\\\/\"},{\"@type\":\"ListItem\",\"position\":2,\"name\":\"Grisarna\"}]},{\"@type\":\"WebSite\",\"@id\":\"https:\\\/\\\/www.4h.se\\\/kallhall\\\/#website\",\"url\":\"https:\\\/\\\/www.4h.se\\\/kallhall\\\/\",\"name\":\"Kallh\u00e4ll 4H-g\u00e5rd\",\"description\":\"\",\"potentialAction\":[{\"@type\":\"SearchAction\",\"target\":{\"@type\":\"EntryPoint\",\"urlTemplate\":\"https:\\\/\\\/www.4h.se\\\/kallhall\\\/?s={search_term_string}\"},\"query-input\":{\"@type\":\"PropertyValueSpecification\",\"valueRequired\":true,\"valueName\":\"search_term_string\"}}],\"inLanguage\":\"sv-SE\"}]}<\/script>\n<!-- \/ Yoast SEO plugin. -->","yoast_head_json":{"title":"Grisarna - Kallh\u00e4ll 4H-g\u00e5rd","robots":{"index":"index","follow":"follow","max-snippet":"max-snippet:-1","max-image-preview":"max-image-preview:large","max-video-preview":"max-video-preview:-1"},"canonical":"https:\/\/www.4h.se\/kallhall\/grisarna\/","og_locale":"sv_SE","og_type":"article","og_title":"Grisarna - Kallh\u00e4ll 4H-g\u00e5rd","og_description":"[vc_row][vc_column width=&#8221;1\/6&#8243;][\/vc_column][vc_column width=&#8221;2\/3&#8243; css=&#8221;.vc_custom_1728900412281{background-color: #ffffff !important;border-radius: 20px !important;}&#8221;][vc_column_text css=&#8221;&#8221;] V\u00e5ra grisar P\u00e5 v\u00e5r g\u00e5rd har vi tv\u00e5 minigrisar Birk och Bruno som har bott p\u00e5 g\u00e5rden sen oktober 2025. Dem \u00e4r v\u00e4ldigt sociala av sig och kommer g\u00e4rna och h\u00e4lsar vid staketet. I hagen g\u00e5r de runt och b\u00f6kar och sover i sommarv\u00e4rmen, och under&nbsp; &hellip; Read more","og_url":"https:\/\/www.4h.se\/kallhall\/grisarna\/","og_site_name":"Kallh\u00e4ll 4H-g\u00e5rd","article_publisher":"https:\/\/www.facebook.com\/kallhalls4hgard\/","article_modified_time":"2026-04-16T16:07:41+00:00","twitter_card":"summary_large_image","twitter_misc":{"Ber\u00e4knad l\u00e4stid":"3 minuter"},"schema":{"@context":"https:\/\/schema.org","@graph":[{"@type":"WebPage","@id":"https:\/\/www.4h.se\/kallhall\/grisarna\/","url":"https:\/\/www.4h.se\/kallhall\/grisarna\/","name":"Grisarna - Kallh\u00e4ll 4H-g\u00e5rd","isPartOf":{"@id":"https:\/\/www.4h.se\/kallhall\/#website"},"datePublished":"2018-12-19T13:47:50+00:00","dateModified":"2026-04-16T16:07:41+00:00","breadcrumb":{"@id":"https:\/\/www.4h.se\/kallhall\/grisarna\/#breadcrumb"},"inLanguage":"sv-SE","potentialAction":[{"@type":"ReadAction","target":["https:\/\/www.4h.se\/kallhall\/grisarna\/"]}]},{"@type":"BreadcrumbList","@id":"https:\/\/www.4h.se\/kallhall\/grisarna\/#breadcrumb","itemListElement":[{"@type":"ListItem","position":1,"name":"Hem","item":"https:\/\/www.4h.se\/kallhall\/"},{"@type":"ListItem","position":2,"name":"Grisarna"}]},{"@type":"WebSite","@id":"https:\/\/www.4h.se\/kallhall\/#website","url":"https:\/\/www.4h.se\/kallhall\/","name":"Kallh\u00e4ll 4H-g\u00e5rd","description":"","potentialAction":[{"@type":"SearchAction","target":{"@type":"EntryPoint","urlTemplate":"https:\/\/www.4h.se\/kallhall\/?s={search_term_string}"},"query-input":{"@type":"PropertyValueSpecification","valueRequired":true,"valueName":"search_term_string"}}],"inLanguage":"sv-SE"}]}},"_links":{"self":[{"href":"https:\/\/www.4h.se\/kallhall\/wp-json\/wp\/v2\/pages\/463","targetHints":{"allow":["GET"]}}],"collection":[{"href":"https:\/\/www.4h.se\/kallhall\/wp-json\/wp\/v2\/pages"}],"about":[{"href":"https:\/\/www.4h.se\/kallhall\/wp-json\/wp\/v2\/types\/page"}],"author":[{"embeddable":true,"href":"https:\/\/www.4h.se\/kallhall\/wp-json\/wp\/v2\/users\/146"}],"replies":[{"embeddable":true,"href":"https:\/\/www.4h.se\/kallhall\/wp-json\/wp\/v2\/comments?post=463"}],"version-history":[{"count":0,"href":"https:\/\/www.4h.se\/kallhall\/wp-json\/wp\/v2\/pages\/463\/revisions"}],"wp:attachment":[{"href":"https:\/\/www.4h.se\/kallhall\/wp-json\/wp\/v2\/media?parent=463"}],"curies":[{"name":"wp","href":"https:\/\/api.w.org\/{rel}","templated":true}]}}