



{"id":462,"date":"2018-12-19T14:47:31","date_gmt":"2018-12-19T13:47:31","guid":{"rendered":"http:\/\/www.4h.se\/kallhall\/?page_id=462"},"modified":"2026-02-13T12:18:32","modified_gmt":"2026-02-13T11:18:32","slug":"hastarna","status":"publish","type":"page","link":"https:\/\/www.4h.se\/kallhall\/hastarna\/","title":{"rendered":"H\u00e4starna"},"content":{"rendered":"<div class=\"wpb-content-wrapper\"><p>[vc_row][vc_column width=&#8221;1\/3&#8243;][vc_single_image image=&#8221;1285&#8243; img_size=&#8221;medium&#8221; alignment=&#8221;center&#8221; css=&#8221;&#8221;][\/vc_column][vc_column width=&#8221;1\/3&#8243; css=&#8221;.vc_custom_1728900948550{padding-right: 30px !important;padding-bottom: 20px !important;padding-left: 30px !important;background-color: #ffffff !important;border-radius: 20px !important;}&#8221;][vc_column_text css=&#8221;.vc_custom_1761032528915{padding-top: 5px !important;padding-right: 10px !important;padding-bottom: 10px !important;padding-left: 10px !important;background-color: #ffffff !important;border-radius: 20px !important;}&#8221;]<\/p>\n<p style=\"font-size: 25px; text-align: center;\"><strong><span style=\"color: #006340;\">V\u00e5ra h\u00e4star<\/span><\/strong><\/p>\n<p style=\"text-align: center;\">P\u00e5 g\u00e5rden bor v\u00e5ra tv\u00e5 shetlandsponnier Doris och Blixten.<br \/>\nDe finns att se ute i sin hage varje dag.<br \/>\nD\u00e5 de har ganska stora hagar kan det ibland vara sv\u00e5rt att se dom.[\/vc_column_text][\/vc_column][vc_column width=&#8221;1\/3&#8243;][vc_single_image image=&#8221;1195&#8243; img_size=&#8221;medium&#8221; alignment=&#8221;center&#8221; css=&#8221;&#8221;][\/vc_column][\/vc_row][vc_row][vc_column width=&#8221;1\/3&#8243;][vc_single_image image=&#8221;1288&#8243; img_size=&#8221;300&#215;300&#8243; alignment=&#8221;center&#8221; style=&#8221;vc_box_circle_2&#8243; css=&#8221;&#8221;][vc_column_text css=&#8221;.vc_custom_1731940886295{padding-top: 2px !important;padding-right: 10px !important;padding-bottom: 10px !important;padding-left: 10px !important;background-color: #ffffff !important;border-radius: 20px !important;}&#8221;]<\/p>\n<p style=\"font-size: 25px; text-align: center;\"><strong><span style=\"color: #006340;\">Doris<\/span><\/strong><\/p>\n<p><strong>F\u00f6dd:\u00a0<\/strong>2008<\/p>\n<p><strong>K\u00e4nnetecken:<\/strong> Doris \u00e4r en helsvart Shetlandsponny<\/p>\n<p><strong>Om:\u00a0<\/strong>Doris \u00e4r en sn\u00e4ll tjej som gillar att bli ompysslad. Hon lunkar g\u00e4rna p\u00e5 i sin egen takt p\u00e5 promenderna.[\/vc_column_text][\/vc_column][vc_column width=&#8221;1\/3&#8243;][vc_single_image image=&#8221;1206&#8243; img_size=&#8221;medium&#8221; alignment=&#8221;center&#8221; style=&#8221;vc_box_circle_2&#8243; css=&#8221;&#8221;][\/vc_column][vc_column width=&#8221;1\/3&#8243;][vc_single_image image=&#8221;1287&#8243; img_size=&#8221;300&#215;300&#8243; alignment=&#8221;center&#8221; style=&#8221;vc_box_circle_2&#8243; css=&#8221;&#8221;][vc_column_text css=&#8221;.vc_custom_1756122113689{padding-top: 2px !important;padding-right: 10px !important;padding-bottom: 10px !important;padding-left: 10px !important;background-color: #ffffff !important;border-radius: 20px !important;}&#8221;]<\/p>\n<p style=\"font-size: 25px; text-align: center;\"><strong><span style=\"color: #006340;\">Blixten<\/span><\/strong><\/p>\n<p><strong>F\u00f6dd: <\/strong>2016<\/p>\n<p><strong>K\u00e4nnetecken:&nbsp;<\/strong>Blixten \u00e4r svart med lite vitt p\u00e5 v\u00e4nster bakben.<\/p>\n<p><strong>Om:<\/strong> Blixten \u00e4r v\u00e4ldigt ny hos oss. Han b\u00f6rjar l\u00e5ngsamt komma in i verksamheten. Han \u00e4r en v\u00e4ldigt positiv och fram\u00e5t ponny. V\u00e4ldigt social och tycker om att umg\u00e5s.[\/vc_column_text][\/vc_column][\/vc_row][vc_row css=&#8221;.vc_custom_1728901305294{background-color: #ffffff !important;border-radius: 20px !important;}&#8221;][vc_column width=&#8221;1\/2&#8243;][vc_column_text css=&#8221;.vc_custom_1746613681570{padding-top: 5px !important;padding-bottom: 10px !important;background-color: #ffffff !important;border-radius: 20px !important;}&#8221;]<\/p>\n<p style=\"font-size: 20px; text-align: center;\"><strong><span style=\"color: #006340;\">Fakta om h\u00e4star<\/span><\/strong><\/p>\n<p style=\"text-align: center;\"><strong>Mamma:<\/strong>\u00a0Sto<\/p>\n<p style=\"text-align: center;\"><strong>Pappa:<\/strong>\u00a0Hingst<\/p>\n<p style=\"text-align: center;\"><strong>Barn:<\/strong>\u00a0F\u00f6l<\/p>\n<p style=\"text-align: center;\"><strong>Kastrat:\u00a0<\/strong>Valack<\/p>\n<p style=\"text-align: center;\"><strong>Dr\u00e4ktighet:<\/strong> 11-12 m\u00e5nader<\/p>\n<p style=\"text-align: center;\"><strong>F\u00f6da:<\/strong> Gr\u00e4s<\/p>\n<p>[\/vc_column_text][\/vc_column][vc_column width=&#8221;1\/2&#8243; css=&#8221;.vc_custom_1728901270958{margin-right: -10px !important;border-color: #0a0a0a !important;}&#8221;][vc_column_text css=&#8221;&#8221;]<\/p>\n<p style=\"font-size: 20px; text-align: center;\"><strong><span style=\"color: #006340;\">Om Shetlandsponnyn<\/span><\/strong><\/p>\n<p style=\"text-align: center;\"><strong>Storlek:<\/strong> Under 107 cm<\/p>\n<p style=\"text-align: center;\"><strong>Vikt:<\/strong> 150-200 kg<\/p>\n<p style=\"text-align: center;\"><strong>F\u00e4rg:<\/strong> Kommer i alla f\u00e4rger utom tigrerad<\/p>\n<p style=\"text-align: center;\"><strong>\u00c5lder:<\/strong> 25-30 \u00e5r<\/p>\n<p>[\/vc_column_text][\/vc_column][\/vc_row]<\/p>\n<\/div>","protected":false},"excerpt":{"rendered":"<p>[vc_row][vc_column width=&#8221;1\/3&#8243;][vc_single_image image=&#8221;1285&#8243; img_size=&#8221;medium&#8221; alignment=&#8221;center&#8221; css=&#8221;&#8221;][\/vc_column][vc_column width=&#8221;1\/3&#8243; css=&#8221;.vc_custom_1728900948550{padding-right: 30px !important;padding-bottom: 20px !important;padding-left: 30px !important;background-color: #ffffff !important;border-radius: 20px !important;}&#8221;][vc_column_text css=&#8221;.vc_custom_1761032528915{padding-top: 5px !important;padding-right: 10px !important;padding-bottom: 10px !important;padding-left: 10px !important;background-color: #ffffff !important;border-radius: 20px !important;}&#8221;] V\u00e5ra h\u00e4star P\u00e5 g\u00e5rden bor v\u00e5ra tv\u00e5 shetlandsponnier Doris och Blixten. De finns att se ute i sin hage varje dag. D\u00e5 de har&nbsp; <a href=\"https:\/\/www.4h.se\/kallhall\/hastarna\/\">&hellip; Read more <i class=\"glyphicon glyphicon-arrow-right\"><\/i><\/a><\/p>\n","protected":false},"author":146,"featured_media":0,"parent":0,"menu_order":0,"comment_status":"closed","ping_status":"closed","template":"","meta":{"footnotes":""},"class_list":["post-462","page","type-page","status-publish","hentry"],"yoast_head":"<!-- This site is optimized with the Yoast SEO plugin v27.4 - https:\/\/yoast.com\/product\/yoast-seo-wordpress\/ -->\n<title>H\u00e4starna - Kallh\u00e4ll 4H-g\u00e5rd<\/title>\n<meta name=\"robots\" content=\"index, follow, max-snippet:-1, max-image-preview:large, max-video-preview:-1\" \/>\n<link rel=\"canonical\" href=\"https:\/\/www.4h.se\/kallhall\/hastarna\/\" \/>\n<meta property=\"og:locale\" content=\"sv_SE\" \/>\n<meta property=\"og:type\" content=\"article\" \/>\n<meta property=\"og:title\" content=\"H\u00e4starna - Kallh\u00e4ll 4H-g\u00e5rd\" \/>\n<meta property=\"og:description\" content=\"[vc_row][vc_column width=&#8221;1\/3&#8243;][vc_single_image image=&#8221;1285&#8243; img_size=&#8221;medium&#8221; alignment=&#8221;center&#8221; css=&#8221;&#8221;][\/vc_column][vc_column width=&#8221;1\/3&#8243; css=&#8221;.vc_custom_1728900948550{padding-right: 30px !important;padding-bottom: 20px !important;padding-left: 30px !important;background-color: #ffffff !important;border-radius: 20px !important;}&#8221;][vc_column_text css=&#8221;.vc_custom_1761032528915{padding-top: 5px !important;padding-right: 10px !important;padding-bottom: 10px !important;padding-left: 10px !important;background-color: #ffffff !important;border-radius: 20px !important;}&#8221;] V\u00e5ra h\u00e4star P\u00e5 g\u00e5rden bor v\u00e5ra tv\u00e5 shetlandsponnier Doris och Blixten. De finns att se ute i sin hage varje dag. D\u00e5 de har&nbsp; &hellip; Read more\" \/>\n<meta property=\"og:url\" content=\"https:\/\/www.4h.se\/kallhall\/hastarna\/\" \/>\n<meta property=\"og:site_name\" content=\"Kallh\u00e4ll 4H-g\u00e5rd\" \/>\n<meta property=\"article:publisher\" content=\"https:\/\/www.facebook.com\/kallhalls4hgard\/\" \/>\n<meta property=\"article:modified_time\" content=\"2026-02-13T11:18:32+00:00\" \/>\n<meta name=\"twitter:card\" content=\"summary_large_image\" \/>\n<meta name=\"twitter:label1\" content=\"Ber\u00e4knad l\u00e4stid\" \/>\n\t<meta name=\"twitter:data1\" content=\"2 minuter\" \/>\n<script type=\"application\/ld+json\" class=\"yoast-schema-graph\">{\"@context\":\"https:\\\/\\\/schema.org\",\"@graph\":[{\"@type\":\"WebPage\",\"@id\":\"https:\\\/\\\/www.4h.se\\\/kallhall\\\/hastarna\\\/\",\"url\":\"https:\\\/\\\/www.4h.se\\\/kallhall\\\/hastarna\\\/\",\"name\":\"H\u00e4starna - Kallh\u00e4ll 4H-g\u00e5rd\",\"isPartOf\":{\"@id\":\"https:\\\/\\\/www.4h.se\\\/kallhall\\\/#website\"},\"datePublished\":\"2018-12-19T13:47:31+00:00\",\"dateModified\":\"2026-02-13T11:18:32+00:00\",\"breadcrumb\":{\"@id\":\"https:\\\/\\\/www.4h.se\\\/kallhall\\\/hastarna\\\/#breadcrumb\"},\"inLanguage\":\"sv-SE\",\"potentialAction\":[{\"@type\":\"ReadAction\",\"target\":[\"https:\\\/\\\/www.4h.se\\\/kallhall\\\/hastarna\\\/\"]}]},{\"@type\":\"BreadcrumbList\",\"@id\":\"https:\\\/\\\/www.4h.se\\\/kallhall\\\/hastarna\\\/#breadcrumb\",\"itemListElement\":[{\"@type\":\"ListItem\",\"position\":1,\"name\":\"Hem\",\"item\":\"https:\\\/\\\/www.4h.se\\\/kallhall\\\/\"},{\"@type\":\"ListItem\",\"position\":2,\"name\":\"H\u00e4starna\"}]},{\"@type\":\"WebSite\",\"@id\":\"https:\\\/\\\/www.4h.se\\\/kallhall\\\/#website\",\"url\":\"https:\\\/\\\/www.4h.se\\\/kallhall\\\/\",\"name\":\"Kallh\u00e4ll 4H-g\u00e5rd\",\"description\":\"\",\"potentialAction\":[{\"@type\":\"SearchAction\",\"target\":{\"@type\":\"EntryPoint\",\"urlTemplate\":\"https:\\\/\\\/www.4h.se\\\/kallhall\\\/?s={search_term_string}\"},\"query-input\":{\"@type\":\"PropertyValueSpecification\",\"valueRequired\":true,\"valueName\":\"search_term_string\"}}],\"inLanguage\":\"sv-SE\"}]}<\/script>\n<!-- \/ Yoast SEO plugin. -->","yoast_head_json":{"title":"H\u00e4starna - Kallh\u00e4ll 4H-g\u00e5rd","robots":{"index":"index","follow":"follow","max-snippet":"max-snippet:-1","max-image-preview":"max-image-preview:large","max-video-preview":"max-video-preview:-1"},"canonical":"https:\/\/www.4h.se\/kallhall\/hastarna\/","og_locale":"sv_SE","og_type":"article","og_title":"H\u00e4starna - Kallh\u00e4ll 4H-g\u00e5rd","og_description":"[vc_row][vc_column width=&#8221;1\/3&#8243;][vc_single_image image=&#8221;1285&#8243; img_size=&#8221;medium&#8221; alignment=&#8221;center&#8221; css=&#8221;&#8221;][\/vc_column][vc_column width=&#8221;1\/3&#8243; css=&#8221;.vc_custom_1728900948550{padding-right: 30px !important;padding-bottom: 20px !important;padding-left: 30px !important;background-color: #ffffff !important;border-radius: 20px !important;}&#8221;][vc_column_text css=&#8221;.vc_custom_1761032528915{padding-top: 5px !important;padding-right: 10px !important;padding-bottom: 10px !important;padding-left: 10px !important;background-color: #ffffff !important;border-radius: 20px !important;}&#8221;] V\u00e5ra h\u00e4star P\u00e5 g\u00e5rden bor v\u00e5ra tv\u00e5 shetlandsponnier Doris och Blixten. De finns att se ute i sin hage varje dag. D\u00e5 de har&nbsp; &hellip; Read more","og_url":"https:\/\/www.4h.se\/kallhall\/hastarna\/","og_site_name":"Kallh\u00e4ll 4H-g\u00e5rd","article_publisher":"https:\/\/www.facebook.com\/kallhalls4hgard\/","article_modified_time":"2026-02-13T11:18:32+00:00","twitter_card":"summary_large_image","twitter_misc":{"Ber\u00e4knad l\u00e4stid":"2 minuter"},"schema":{"@context":"https:\/\/schema.org","@graph":[{"@type":"WebPage","@id":"https:\/\/www.4h.se\/kallhall\/hastarna\/","url":"https:\/\/www.4h.se\/kallhall\/hastarna\/","name":"H\u00e4starna - Kallh\u00e4ll 4H-g\u00e5rd","isPartOf":{"@id":"https:\/\/www.4h.se\/kallhall\/#website"},"datePublished":"2018-12-19T13:47:31+00:00","dateModified":"2026-02-13T11:18:32+00:00","breadcrumb":{"@id":"https:\/\/www.4h.se\/kallhall\/hastarna\/#breadcrumb"},"inLanguage":"sv-SE","potentialAction":[{"@type":"ReadAction","target":["https:\/\/www.4h.se\/kallhall\/hastarna\/"]}]},{"@type":"BreadcrumbList","@id":"https:\/\/www.4h.se\/kallhall\/hastarna\/#breadcrumb","itemListElement":[{"@type":"ListItem","position":1,"name":"Hem","item":"https:\/\/www.4h.se\/kallhall\/"},{"@type":"ListItem","position":2,"name":"H\u00e4starna"}]},{"@type":"WebSite","@id":"https:\/\/www.4h.se\/kallhall\/#website","url":"https:\/\/www.4h.se\/kallhall\/","name":"Kallh\u00e4ll 4H-g\u00e5rd","description":"","potentialAction":[{"@type":"SearchAction","target":{"@type":"EntryPoint","urlTemplate":"https:\/\/www.4h.se\/kallhall\/?s={search_term_string}"},"query-input":{"@type":"PropertyValueSpecification","valueRequired":true,"valueName":"search_term_string"}}],"inLanguage":"sv-SE"}]}},"_links":{"self":[{"href":"https:\/\/www.4h.se\/kallhall\/wp-json\/wp\/v2\/pages\/462","targetHints":{"allow":["GET"]}}],"collection":[{"href":"https:\/\/www.4h.se\/kallhall\/wp-json\/wp\/v2\/pages"}],"about":[{"href":"https:\/\/www.4h.se\/kallhall\/wp-json\/wp\/v2\/types\/page"}],"author":[{"embeddable":true,"href":"https:\/\/www.4h.se\/kallhall\/wp-json\/wp\/v2\/users\/146"}],"replies":[{"embeddable":true,"href":"https:\/\/www.4h.se\/kallhall\/wp-json\/wp\/v2\/comments?post=462"}],"version-history":[{"count":0,"href":"https:\/\/www.4h.se\/kallhall\/wp-json\/wp\/v2\/pages\/462\/revisions"}],"wp:attachment":[{"href":"https:\/\/www.4h.se\/kallhall\/wp-json\/wp\/v2\/media?parent=462"}],"curies":[{"name":"wp","href":"https:\/\/api.w.org\/{rel}","templated":true}]}}