



{"id":440,"date":"2018-12-19T14:24:54","date_gmt":"2018-12-19T13:24:54","guid":{"rendered":"http:\/\/www.4h.se\/kallhall\/?page_id=440"},"modified":"2025-10-17T11:27:56","modified_gmt":"2025-10-17T09:27:56","slug":"guidningar","status":"publish","type":"page","link":"https:\/\/www.4h.se\/kallhall\/guidningar\/","title":{"rendered":"Guidningar"},"content":{"rendered":"<div class=\"wpb-content-wrapper\"><p>[vc_row css=&#8221;.vc_custom_1728992990876{background-color: #ffffff !important;border-radius: 20px !important;}&#8221;][vc_column width=&#8221;2\/3&#8243;][vc_column_text css=&#8221;&#8221;]<\/p>\n<p style=\"font-size: 35px; text-align: left;\"><strong><span style=\"color: #006340;\">V\u00e5ra olika studiebes\u00f6k<\/span><\/strong><\/p>\n<p style=\"text-align: left;\"><em>Tider f\u00f6r aktiviteter \u00e4r fr\u00e5n kl 10 p\u00e5 vardagar.<\/em><\/p>\n<p><em>Alla bokningar sker via mejl.<\/em><\/p>\n<p><em>Avbokning ska ske senast 7 dagar innan den bokade dagen f\u00f6r \u00e5terbetalning, med undantag vid sjukdom.<\/em><\/p>\n<p>&nbsp;<\/p>\n<p style=\"font-size: 15px; text-align: left;\"><strong><span style=\"color: #006340;\">Guidning &#8211; 600kr<\/span><\/strong><\/p>\n<p><strong>Ca 45-60 min inkl. 10 elever, d\u00e4refter kostar det 60 kr per elev.<\/strong><\/p>\n<p>Hos oss kan man boka en guidad visning bland v\u00e5ra djur.<\/p>\n<p>Under en guidad visning f\u00e5r man tillsammans med personalen chansen komma n\u00e4ra djuren, kanske till och med klappa dom samtidigt som vi l\u00e4r oss om de olika djurslagen.<\/p>\n<p>&nbsp;<\/p>\n<p style=\"font-size: 15px; text-align: left;\"><strong><span style=\"color: #006340;\">Familjeguidning &#8211; 400kr<\/span><\/strong><\/p>\n<p><strong>30-45 min. Max 5 pers, alla ska ing\u00e5 i samma familj.<\/strong><\/p>\n<p>Under en familjeguidning&nbsp;f\u00e5r man tillsammans med personalen chansen komma n\u00e4ra djuren, kanske till och med klappa dom samtidigt som vi l\u00e4r oss om de olika djurslagen.<br \/>\nDenna typ av Guidning g\u00e5r att boka b\u00e5de helger och vardagar<\/p>\n<p>Denna guidning g\u00e4ller endast en familj \u00e5t g\u00e5ngen.<\/p>\n<p><em>&nbsp;<\/em><\/p>\n<p>&nbsp;<\/p>\n<p style=\"font-size: 15px; text-align: left;\"><strong><span style=\"color: #006340;\">Kretslopp &#8211; 700kr<\/span><\/strong><\/p>\n<p><strong>Ca 45 min. inkl 10 elever, d\u00e4refter kostar det 70kr per elev<\/strong><\/p>\n<p>Under kretsloppet f\u00e5r barnen sj\u00e4lva plocka \u00e4gg som de sedan baka muffins med, \u00e4ggskalen l\u00e4ggs i komposten d\u00e4r barnen f\u00e5r ta jord och stoppa ner i en kruka.<\/p>\n<p>I krukan som f\u00e5r tas med hem till f\u00f6rskolan\/skolan s\u00e5r sedan barnen fr\u00f6n.<\/p>\n<p>Sedan g\u00e5r vi tillbaka till h\u00f6nsen och ger dom muffins smulor.<\/p>\n<p>Vips s\u00e5 \u00e4r kretsloppet slutet!<\/p>\n<p>&nbsp;<\/p>\n<p style=\"font-size: 15px; text-align: left;\"><strong><span style=\"color: #006340;\">REDE- 700kr<\/span><\/strong><\/p>\n<p><strong>Ca. 45 min. inkl 10 elever, d\u00e4refter kostar det 70 kr per elev<\/strong><\/p>\n<h5><\/h5>\n<p><span style=\"color: #000000;\">REDE st\u00e5r f\u00f6r Respekt Empati Djur Etik \u00e4r ett djurinriktat v\u00e4rdegrundsmaterial som hj\u00e4lper barn att utveckla sin empati.<\/span><\/p>\n<p>Materialet riktar sig l\u00e4rare och pedagoger och det finns i tv\u00e5 \u00e5lderskategorier; f\u00f6rskolan 1- 6 \u00e5r (Mini-REDE) och skolan \u00e5rskurs F-5 (REDE).<\/p>\n<p>De tre syftena med REDE \u00e4r:<\/p>\n<p>\u2022 barnen stimulerar och utvecklar sin f\u00f6rm\u00e5ga och medk\u00e4nsla f\u00f6r b\u00e5de djur och m\u00e4nniskor<\/p>\n<p>\u2022 barnen f\u00e5r m\u00f6jlighet att utveckla ett reflekterande syns\u00e4tt runt viktiga livsfr\u00e5gor<\/p>\n<p>\u2022 barnen f\u00e5r tillit till sin egen f\u00f6rm\u00e5ga att ta st\u00e4llning och uttrycka sin st\u00e5ndpunkt<\/p>\n<p>&nbsp;<\/p>\n<p style=\"font-size: 15px; text-align: left;\"><strong><span style=\"color: #006340;\">Bes\u00f6k med inriktning f\u00e5r &#8211; 1 200kr\/barngrupp upp till 10 barn<\/span><\/strong><\/p>\n<p><strong>Vad<\/strong>:<\/p>\n<p>Kom och tr\u00e4ffa v\u00e5ra f\u00e5r!<\/p>\n<p>Under dessa 3 g\u00e5nger f\u00e5r ni m\u00f6jlighet att l\u00e4ra k\u00e4nna f\u00e5ren och \u00f6ka er kunskap om dom.<\/p>\n<p>Exempel p\u00e5 hur passen kan se ut:<\/p>\n<p><b>Pass 1<\/b>: H\u00e4lsa p\u00e5 f\u00e5ren och se hur de bor och vad de \u00e4ter. Vi fixar deras hus inf\u00f6r kv\u00e4llen och krattar hagen.<\/p>\n<p><b>Pass 2<\/b>: Vi g\u00e5r p\u00e5 en mysig f\u00e5rpromenad.<\/p>\n<p><b>Pass 3<\/b>: Karda och tova ull! Vi g\u00f6r ullbollar\/ullmaskar av f\u00e5rens ull (detta pass kan ske p\u00e5 g\u00e5rden eller i skolan\/f\u00f6rskolan)<\/p>\n<p><strong>Tid<\/strong>: Ca 45min\/pass<\/p>\n<p>&nbsp;<\/p>\n<p style=\"font-size: 15px; text-align: left;\"><strong><span style=\"color: #006340;\">4H kurs &#8211; 500kr\/bes\u00f6k barngrupp upp till 10 barn<\/span><\/strong><\/p>\n<p><strong>Vad<\/strong>:<\/p>\n<p>H\u00e4r f\u00e5r ni under 5-14 veckor komma till g\u00e5rden f\u00f6r olika aktiviteter anpassade f\u00f6r just er.<\/p>\n<p>Bes\u00f6ken avser 1h\/vecka.<\/p>\n<p>Exempel p\u00e5 saker man kan f\u00e5 g\u00f6ra:<\/p>\n<p>F\u00e5rpromenad<\/p>\n<p>Kretslopp<\/p>\n<p>Tova\/karda ull<\/p>\n<p>Mocka\/kratta hagar<\/p>\n<p>Pyssel<\/p>\n<p>Odling[\/vc_column_text][\/vc_column][vc_column width=&#8221;1\/3&#8243;][vc_single_image image=&#8221;853&#8243; img_size=&#8221;full&#8221; add_caption=&#8221;yes&#8221;][vc_single_image image=&#8221;948&#8243; img_size=&#8221;full&#8221; add_caption=&#8221;yes&#8221;][vc_single_image image=&#8221;797&#8243; img_size=&#8221;full&#8221;][\/vc_column][\/vc_row]<\/p>\n<\/div>","protected":false},"excerpt":{"rendered":"<p>[vc_row css=&#8221;.vc_custom_1728992990876{background-color: #ffffff !important;border-radius: 20px !important;}&#8221;][vc_column width=&#8221;2\/3&#8243;][vc_column_text css=&#8221;&#8221;] V\u00e5ra olika studiebes\u00f6k Tider f\u00f6r aktiviteter \u00e4r fr\u00e5n kl 10 p\u00e5 vardagar. Alla bokningar sker via mejl. Avbokning ska ske senast 7 dagar innan den bokade dagen f\u00f6r \u00e5terbetalning, med undantag vid sjukdom. &nbsp; Guidning &#8211; 600kr Ca 45-60 min inkl. 10 elever, d\u00e4refter kostar det 60&nbsp; <a href=\"https:\/\/www.4h.se\/kallhall\/guidningar\/\">&hellip; Read more <i class=\"glyphicon glyphicon-arrow-right\"><\/i><\/a><\/p>\n","protected":false},"author":146,"featured_media":0,"parent":0,"menu_order":0,"comment_status":"closed","ping_status":"closed","template":"","meta":{"footnotes":""},"class_list":["post-440","page","type-page","status-publish","hentry"],"yoast_head":"<!-- This site is optimized with the Yoast SEO plugin v27.4 - https:\/\/yoast.com\/product\/yoast-seo-wordpress\/ -->\n<title>Guidningar - Kallh\u00e4ll 4H-g\u00e5rd<\/title>\n<meta name=\"robots\" content=\"index, follow, max-snippet:-1, max-image-preview:large, max-video-preview:-1\" \/>\n<link rel=\"canonical\" href=\"https:\/\/www.4h.se\/kallhall\/guidningar\/\" \/>\n<meta property=\"og:locale\" content=\"sv_SE\" \/>\n<meta property=\"og:type\" content=\"article\" \/>\n<meta property=\"og:title\" content=\"Guidningar - Kallh\u00e4ll 4H-g\u00e5rd\" \/>\n<meta property=\"og:description\" content=\"[vc_row css=&#8221;.vc_custom_1728992990876{background-color: #ffffff !important;border-radius: 20px !important;}&#8221;][vc_column width=&#8221;2\/3&#8243;][vc_column_text css=&#8221;&#8221;] V\u00e5ra olika studiebes\u00f6k Tider f\u00f6r aktiviteter \u00e4r fr\u00e5n kl 10 p\u00e5 vardagar. Alla bokningar sker via mejl. Avbokning ska ske senast 7 dagar innan den bokade dagen f\u00f6r \u00e5terbetalning, med undantag vid sjukdom. &nbsp; Guidning &#8211; 600kr Ca 45-60 min inkl. 10 elever, d\u00e4refter kostar det 60&nbsp; &hellip; Read more\" \/>\n<meta property=\"og:url\" content=\"https:\/\/www.4h.se\/kallhall\/guidningar\/\" \/>\n<meta property=\"og:site_name\" content=\"Kallh\u00e4ll 4H-g\u00e5rd\" \/>\n<meta property=\"article:publisher\" content=\"https:\/\/www.facebook.com\/kallhalls4hgard\/\" \/>\n<meta property=\"article:modified_time\" content=\"2025-10-17T09:27:56+00:00\" \/>\n<meta name=\"twitter:card\" content=\"summary_large_image\" \/>\n<script type=\"application\/ld+json\" class=\"yoast-schema-graph\">{\"@context\":\"https:\\\/\\\/schema.org\",\"@graph\":[{\"@type\":\"WebPage\",\"@id\":\"https:\\\/\\\/www.4h.se\\\/kallhall\\\/guidningar\\\/\",\"url\":\"https:\\\/\\\/www.4h.se\\\/kallhall\\\/guidningar\\\/\",\"name\":\"Guidningar - Kallh\u00e4ll 4H-g\u00e5rd\",\"isPartOf\":{\"@id\":\"https:\\\/\\\/www.4h.se\\\/kallhall\\\/#website\"},\"datePublished\":\"2018-12-19T13:24:54+00:00\",\"dateModified\":\"2025-10-17T09:27:56+00:00\",\"breadcrumb\":{\"@id\":\"https:\\\/\\\/www.4h.se\\\/kallhall\\\/guidningar\\\/#breadcrumb\"},\"inLanguage\":\"sv-SE\",\"potentialAction\":[{\"@type\":\"ReadAction\",\"target\":[\"https:\\\/\\\/www.4h.se\\\/kallhall\\\/guidningar\\\/\"]}]},{\"@type\":\"BreadcrumbList\",\"@id\":\"https:\\\/\\\/www.4h.se\\\/kallhall\\\/guidningar\\\/#breadcrumb\",\"itemListElement\":[{\"@type\":\"ListItem\",\"position\":1,\"name\":\"Hem\",\"item\":\"https:\\\/\\\/www.4h.se\\\/kallhall\\\/\"},{\"@type\":\"ListItem\",\"position\":2,\"name\":\"Guidningar\"}]},{\"@type\":\"WebSite\",\"@id\":\"https:\\\/\\\/www.4h.se\\\/kallhall\\\/#website\",\"url\":\"https:\\\/\\\/www.4h.se\\\/kallhall\\\/\",\"name\":\"Kallh\u00e4ll 4H-g\u00e5rd\",\"description\":\"\",\"potentialAction\":[{\"@type\":\"SearchAction\",\"target\":{\"@type\":\"EntryPoint\",\"urlTemplate\":\"https:\\\/\\\/www.4h.se\\\/kallhall\\\/?s={search_term_string}\"},\"query-input\":{\"@type\":\"PropertyValueSpecification\",\"valueRequired\":true,\"valueName\":\"search_term_string\"}}],\"inLanguage\":\"sv-SE\"}]}<\/script>\n<!-- \/ Yoast SEO plugin. -->","yoast_head_json":{"title":"Guidningar - Kallh\u00e4ll 4H-g\u00e5rd","robots":{"index":"index","follow":"follow","max-snippet":"max-snippet:-1","max-image-preview":"max-image-preview:large","max-video-preview":"max-video-preview:-1"},"canonical":"https:\/\/www.4h.se\/kallhall\/guidningar\/","og_locale":"sv_SE","og_type":"article","og_title":"Guidningar - Kallh\u00e4ll 4H-g\u00e5rd","og_description":"[vc_row css=&#8221;.vc_custom_1728992990876{background-color: #ffffff !important;border-radius: 20px !important;}&#8221;][vc_column width=&#8221;2\/3&#8243;][vc_column_text css=&#8221;&#8221;] V\u00e5ra olika studiebes\u00f6k Tider f\u00f6r aktiviteter \u00e4r fr\u00e5n kl 10 p\u00e5 vardagar. Alla bokningar sker via mejl. Avbokning ska ske senast 7 dagar innan den bokade dagen f\u00f6r \u00e5terbetalning, med undantag vid sjukdom. &nbsp; Guidning &#8211; 600kr Ca 45-60 min inkl. 10 elever, d\u00e4refter kostar det 60&nbsp; &hellip; Read more","og_url":"https:\/\/www.4h.se\/kallhall\/guidningar\/","og_site_name":"Kallh\u00e4ll 4H-g\u00e5rd","article_publisher":"https:\/\/www.facebook.com\/kallhalls4hgard\/","article_modified_time":"2025-10-17T09:27:56+00:00","twitter_card":"summary_large_image","schema":{"@context":"https:\/\/schema.org","@graph":[{"@type":"WebPage","@id":"https:\/\/www.4h.se\/kallhall\/guidningar\/","url":"https:\/\/www.4h.se\/kallhall\/guidningar\/","name":"Guidningar - Kallh\u00e4ll 4H-g\u00e5rd","isPartOf":{"@id":"https:\/\/www.4h.se\/kallhall\/#website"},"datePublished":"2018-12-19T13:24:54+00:00","dateModified":"2025-10-17T09:27:56+00:00","breadcrumb":{"@id":"https:\/\/www.4h.se\/kallhall\/guidningar\/#breadcrumb"},"inLanguage":"sv-SE","potentialAction":[{"@type":"ReadAction","target":["https:\/\/www.4h.se\/kallhall\/guidningar\/"]}]},{"@type":"BreadcrumbList","@id":"https:\/\/www.4h.se\/kallhall\/guidningar\/#breadcrumb","itemListElement":[{"@type":"ListItem","position":1,"name":"Hem","item":"https:\/\/www.4h.se\/kallhall\/"},{"@type":"ListItem","position":2,"name":"Guidningar"}]},{"@type":"WebSite","@id":"https:\/\/www.4h.se\/kallhall\/#website","url":"https:\/\/www.4h.se\/kallhall\/","name":"Kallh\u00e4ll 4H-g\u00e5rd","description":"","potentialAction":[{"@type":"SearchAction","target":{"@type":"EntryPoint","urlTemplate":"https:\/\/www.4h.se\/kallhall\/?s={search_term_string}"},"query-input":{"@type":"PropertyValueSpecification","valueRequired":true,"valueName":"search_term_string"}}],"inLanguage":"sv-SE"}]}},"_links":{"self":[{"href":"https:\/\/www.4h.se\/kallhall\/wp-json\/wp\/v2\/pages\/440","targetHints":{"allow":["GET"]}}],"collection":[{"href":"https:\/\/www.4h.se\/kallhall\/wp-json\/wp\/v2\/pages"}],"about":[{"href":"https:\/\/www.4h.se\/kallhall\/wp-json\/wp\/v2\/types\/page"}],"author":[{"embeddable":true,"href":"https:\/\/www.4h.se\/kallhall\/wp-json\/wp\/v2\/users\/146"}],"replies":[{"embeddable":true,"href":"https:\/\/www.4h.se\/kallhall\/wp-json\/wp\/v2\/comments?post=440"}],"version-history":[{"count":0,"href":"https:\/\/www.4h.se\/kallhall\/wp-json\/wp\/v2\/pages\/440\/revisions"}],"wp:attachment":[{"href":"https:\/\/www.4h.se\/kallhall\/wp-json\/wp\/v2\/media?parent=440"}],"curies":[{"name":"wp","href":"https:\/\/api.w.org\/{rel}","templated":true}]}}