



{"id":437,"date":"2018-12-19T14:23:35","date_gmt":"2018-12-19T13:23:35","guid":{"rendered":"http:\/\/www.4h.se\/kallhall\/?page_id=437"},"modified":"2026-02-16T13:05:38","modified_gmt":"2026-02-16T12:05:38","slug":"ridning","status":"publish","type":"page","link":"https:\/\/www.4h.se\/kallhall\/ridning\/","title":{"rendered":"Ridning"},"content":{"rendered":"<div class=\"wpb-content-wrapper\"><p>[vc_row css=&#8221;.vc_custom_1728993043505{background-color: #ffffff !important;border-radius: 20px !important;}&#8221;][vc_column width=&#8221;2\/3&#8243;][vc_column_text css=&#8221;&#8221;]<\/p>\n<p style=\"font-size: 35px; text-align: left;\"><strong><span style=\"color: #006340;\">Ridning<\/span><\/strong><\/p>\n<p>P\u00e5 g\u00e5rden har vi v\u00e5ra ponnyer Doris och Blixten.<br \/>\n<span style=\"color: #000000;\"><strong>Ridning kan bokas m\u00e5ndagar-torsdagar och g\u00f6rs via formul\u00e4ret nedan.<\/strong><\/span><\/p>\n<p><em>Inv\u00e4nta bekr\u00e4ftelse fr\u00e5n oss. Ingen bokning \u00e4r konstaterad f\u00f6rr\u00e4n du f\u00e5tt ett svarsmejl.<\/em><\/p>\n<p>&nbsp;<\/p>\n<p><span style=\"color: #006340;\"><strong>Vi erbjuder f\u00f6r medlemmar:<\/strong><\/span><\/p>\n<p>30min ridning\/200kr<\/p>\n<p>15 min ridning\/100kr<\/p>\n<p><strong><span style=\"color: #006340;\">Vi erbjuder f\u00f6r icke medlemmar:<\/span><\/strong><\/p>\n<p>30min ridning\/300kr<\/p>\n<p>15min ridning 150kr<\/p>\n<p>&nbsp;<\/p>\n<p><span style=\"color: #006340;\"><strong>Inf\u00f6r ridning p\u00e5 Kallh\u00e4ll 4H<\/strong><\/span><\/p>\n<ul>\n<li>Kom tidigast 10 min innan ridningens start.<\/li>\n<li>Max en vuxen\/ridande barn.<\/li>\n<li>Hj\u00e4lmar l\u00e4ggs ut innan som ni tillsammans med barnen kan testa utomhus.<\/li>\n<li>Du lyfter sj\u00e4lv upp ditt barn p\u00e5 h\u00e4sten och under ridningen g\u00e5r medf\u00f6ljande vuxen p\u00e5 h\u00f6ger sida om h\u00e4sten.<\/li>\n<li>Vi rider i skritt.<\/li>\n<li>Vi tycker j\u00e4ttemycket om hundar men de f\u00e5r stanna hemma under ridningen pga s\u00e4kerhetssk\u00e4l.<\/li>\n<li>\u00c4ven barnvagnar f\u00e5r stanna hemma eller p\u00e5 g\u00e5rden under ridturen.<\/li>\n<li><strong>Maxl\u00e4ngd<\/strong>: 130cm<\/li>\n<li><strong>Maxvikt<\/strong>: 30kg<\/li>\n<\/ul>\n<p><em>Avbokning ska ske 48h innan bokad ridning, all avbokning senare \u00e4n det debiteras fullpris.<\/em>[\/vc_column_text][vc_column_text]<div class=\"frm_forms  with_frm_style frm_style_formidable-style\" id=\"frm_form_5_container\" >\n<form enctype=\"multipart\/form-data\" method=\"post\" class=\"frm-show-form \" id=\"form_o2ycz\" >\n<div class=\"frm_form_fields \">\n<fieldset>\n<legend class=\"frm_hidden\">Ponnyridning<\/legend>\n\n<div class=\"frm_fields_container\">\n<input type=\"hidden\" name=\"frm_action\" value=\"create\" \/>\n<input type=\"hidden\" name=\"form_id\" value=\"5\" \/>\n<input type=\"hidden\" name=\"frm_hide_fields_5\" id=\"frm_hide_fields_5\" value=\"\" \/>\n<input type=\"hidden\" name=\"form_key\" value=\"o2ycz\" \/>\n<input type=\"hidden\" name=\"item_meta[0]\" value=\"\" \/>\n<input type=\"hidden\" id=\"frm_submit_entry_5\" name=\"frm_submit_entry_5\" value=\"8081d80b99\" \/><input type=\"hidden\" name=\"_wp_http_referer\" value=\"\/kallhall\/wp-json\/wp\/v2\/pages\/437\" \/><div id=\"frm_field_22_container\" class=\"frm_form_field form-field  frm_required_field frm_top_container\">\n    <label for=\"field_8u10k\" class=\"frm_primary_label\">F\u00f6r och efternamn\n        <span class=\"frm_required\">*<\/span>\n    <\/label>\n    <input type=\"text\" id=\"field_8u10k\" name=\"item_meta[22]\" value=\"\"  data-reqmsg=\"Detta f\u00e4lt kan inte vara tomt.\" aria-required=\"true\" data-invmsg=\"F\u00f6r och efternamn \u00e4r ogiltigt\" aria-invalid=\"false\"  \/>\n    \n    \n<\/div>\n<div id=\"frm_field_23_container\" class=\"frm_form_field form-field  frm_required_field frm_top_container\">\n    <label for=\"field_b9wr4\" class=\"frm_primary_label\">\u00d6nskat datum och tid\n        <span class=\"frm_required\">*<\/span>\n    <\/label>\n    <input type=\"text\" id=\"field_b9wr4\" name=\"item_meta[23]\" value=\"\"  data-reqmsg=\"Detta f\u00e4lt kan inte vara tomt.\" aria-required=\"true\" data-invmsg=\"\u00d6nskat datum och tid \u00e4r ogiltigt\" aria-invalid=\"false\"  \/>\n    \n    \n<\/div>\n<div id=\"frm_field_32_container\" class=\"frm_form_field form-field  frm_required_field frm_top_container\">\n    <label for=\"field_5m2ek\" class=\"frm_primary_label\">Email\n        <span class=\"frm_required\">*<\/span>\n    <\/label>\n    <input type=\"text\" id=\"field_5m2ek\" name=\"item_meta[32]\" value=\"\"  data-reqmsg=\"Detta f\u00e4lt kan inte vara tomt.\" aria-required=\"true\" data-invmsg=\"Email \u00e4r ogiltigt\" aria-invalid=\"false\"  \/>\n    \n    \n<\/div>\n<div id=\"frm_field_33_container\" class=\"frm_form_field form-field  frm_required_field frm_top_container\">\n    <label for=\"field_dv8ke\" id=\"field_dv8ke_label\" class=\"frm_primary_label\">Barnets vikt\n        <span class=\"frm_required\" aria-hidden=\"true\">*<\/span>\n    <\/label>\n    <input type=\"text\" id=\"field_dv8ke\" name=\"item_meta[33]\" value=\"\"  data-reqmsg=\"Barnets vikt kan inte vara tom.\" aria-required=\"true\" data-invmsg=\"Text \u00e4r ogiltigt\" aria-invalid=\"false\"  \/>\n    \n    \n<\/div>\n<div id=\"frm_field_34_container\" class=\"frm_form_field form-field  frm_required_field frm_top_container\">\n    <label for=\"field_j0dfp\" id=\"field_j0dfp_label\" class=\"frm_primary_label\">Barnets l\u00e4ngd\n        <span class=\"frm_required\" aria-hidden=\"true\">*<\/span>\n    <\/label>\n    <input type=\"text\" id=\"field_j0dfp\" name=\"item_meta[34]\" value=\"\"  data-reqmsg=\"Barnets l\u00e4ngd kan inte vara tom.\" aria-required=\"true\" data-invmsg=\"Text \u00e4r ogiltigt\" aria-invalid=\"false\"  \/>\n    \n    \n<\/div>\n<div id=\"frm_field_25_container\" class=\"frm_form_field form-field  frm_required_field frm_top_container vertical_radio\">\n    <label class=\"frm_primary_label\">15 eller 30 minuter\n        <span class=\"frm_required\">*<\/span>\n    <\/label>\n    <div class=\"frm_opt_container\">\t\t<div class=\"frm_radio\" id=\"frm_radio_25-0\">\t\t\t<label  for=\"field_obn0m-0\">\n\t\t\t\t\t<input type=\"radio\" name=\"item_meta[25]\" id=\"field_obn0m-0\" value=\"15\"\n\t\t data-reqmsg=\"Detta f\u00e4lt kan inte vara tomt.\" data-invmsg=\"15 eller 30 minuter \u00e4r ogiltigt\"   \/> 15<\/label><\/div>\n\t\t<div class=\"frm_radio\" id=\"frm_radio_25-1\">\t\t\t<label  for=\"field_obn0m-1\">\n\t\t\t\t\t<input type=\"radio\" name=\"item_meta[25]\" id=\"field_obn0m-1\" value=\"30\"\n\t\t data-reqmsg=\"Detta f\u00e4lt kan inte vara tomt.\" data-invmsg=\"15 eller 30 minuter \u00e4r ogiltigt\"   \/> 30<\/label><\/div>\n<\/div>\n    \n    \n<\/div>\n<div id=\"frm_field_27_container\" class=\"frm_form_field form-field  frm_required_field frm_top_container vertical_radio\">\n    <label class=\"frm_primary_label\">\u00c4r du medlem hos oss?\n        <span class=\"frm_required\">*<\/span>\n    <\/label>\n    <div class=\"frm_opt_container\">\t\t<div class=\"frm_radio\" id=\"frm_radio_27-0\">\t\t\t<label  for=\"field_wozkd-0\">\n\t\t\t\t\t<input type=\"radio\" name=\"item_meta[27]\" id=\"field_wozkd-0\" value=\"Ja\"\n\t\t data-reqmsg=\"Detta f\u00e4lt kan inte vara tomt.\" data-invmsg=\"\u00c4r du medlem hos oss? \u00e4r ogiltigt\"   \/> Ja<\/label><\/div>\n\t\t<div class=\"frm_radio\" id=\"frm_radio_27-1\">\t\t\t<label  for=\"field_wozkd-1\">\n\t\t\t\t\t<input type=\"radio\" name=\"item_meta[27]\" id=\"field_wozkd-1\" value=\"Nej\"\n\t\t data-reqmsg=\"Detta f\u00e4lt kan inte vara tomt.\" data-invmsg=\"\u00c4r du medlem hos oss? \u00e4r ogiltigt\"   \/> Nej<\/label><\/div>\n<\/div>\n    \n    \n<\/div>\n<div id=\"frm_field_29_container\" class=\"frm_form_field form-field  frm_required_field frm_top_container\">\n    <label for=\"field_5b7gk\" class=\"frm_primary_label\">Telefonnummer\n        <span class=\"frm_required\">*<\/span>\n    <\/label>\n    <input type=\"text\" id=\"field_5b7gk\" name=\"item_meta[29]\" value=\"\"  data-reqmsg=\"Detta f\u00e4lt kan inte vara tomt.\" aria-required=\"true\" data-invmsg=\"Telefonnummer \u00e4r ogiltigt\" aria-invalid=\"false\"  \/>\n    \n    \n<\/div>\n<div id=\"frm_field_36_container\" class=\"frm_form_field form-field \">\n\t<div class=\"frm_submit\">\n\n<button class=\"frm_button_submit\" type=\"submit\" >Skicka<\/button>\n\n<\/div>\n<\/div>\n\t<input type=\"hidden\" name=\"item_key\" value=\"\" \/>\n\t\t\t<div id=\"frm_field_74_container\">\n\t\t\t<label for=\"field_37bz8\" >\n\t\t\t\tOm du \u00e4r m\u00e4nsklig, l\u00e4mna det h\u00e4r f\u00e4ltet tomt.\t\t\t<\/label>\n\t\t\t<input  id=\"field_37bz8\" type=\"text\" class=\"frm_form_field form-field frm_verify\" name=\"item_meta[74]\" value=\"\"  \/>\n\t\t<\/div>\n\t\t<input name=\"frm_state\" type=\"hidden\" value=\"vmqbxAL\/vkbQsmXW4oNyZxPOP14Sa4Nfo9T\/VZNrgl8=\" \/><\/div>\n<\/fieldset>\n<\/div>\n\n<\/form>\n<\/div>\n[\/vc_column_text][\/vc_column][vc_column width=&#8221;1\/3&#8243;][vc_single_image image=&#8221;994&#8243; img_size=&#8221;medium&#8221;][vc_single_image image=&#8221;1040&#8243; img_size=&#8221;medium&#8221; css=&#8221;&#8221;][\/vc_column][\/vc_row][vc_row][vc_column][\/vc_column][\/vc_row]<\/p>\n<\/div>","protected":false},"excerpt":{"rendered":"<p>[vc_row css=&#8221;.vc_custom_1728993043505{background-color: #ffffff !important;border-radius: 20px !important;}&#8221;][vc_column width=&#8221;2\/3&#8243;][vc_column_text css=&#8221;&#8221;] Ridning P\u00e5 g\u00e5rden har vi v\u00e5ra ponnyer Doris och Blixten. Ridning kan bokas m\u00e5ndagar-torsdagar och g\u00f6rs via formul\u00e4ret nedan. Inv\u00e4nta bekr\u00e4ftelse fr\u00e5n oss. Ingen bokning \u00e4r konstaterad f\u00f6rr\u00e4n du f\u00e5tt ett svarsmejl. &nbsp; Vi erbjuder f\u00f6r medlemmar: 30min ridning\/200kr 15 min ridning\/100kr Vi erbjuder f\u00f6r icke medlemmar:&nbsp; <a href=\"https:\/\/www.4h.se\/kallhall\/ridning\/\">&hellip; Read more <i class=\"glyphicon glyphicon-arrow-right\"><\/i><\/a><\/p>\n","protected":false},"author":146,"featured_media":0,"parent":0,"menu_order":0,"comment_status":"closed","ping_status":"closed","template":"","meta":{"_acf_changed":false,"footnotes":""},"class_list":["post-437","page","type-page","status-publish","hentry"],"acf":[],"yoast_head":"<!-- This site is optimized with the Yoast SEO plugin v27.5 - https:\/\/yoast.com\/product\/yoast-seo-wordpress\/ -->\n<title>Ridning - Kallh\u00e4ll 4H-g\u00e5rd<\/title>\n<meta name=\"robots\" content=\"index, follow, max-snippet:-1, max-image-preview:large, max-video-preview:-1\" \/>\n<link rel=\"canonical\" href=\"https:\/\/www.4h.se\/kallhall\/ridning\/\" \/>\n<meta property=\"og:locale\" content=\"sv_SE\" \/>\n<meta property=\"og:type\" content=\"article\" \/>\n<meta property=\"og:title\" content=\"Ridning - Kallh\u00e4ll 4H-g\u00e5rd\" \/>\n<meta property=\"og:description\" content=\"[vc_row css=&#8221;.vc_custom_1728993043505{background-color: #ffffff !important;border-radius: 20px !important;}&#8221;][vc_column width=&#8221;2\/3&#8243;][vc_column_text css=&#8221;&#8221;] Ridning P\u00e5 g\u00e5rden har vi v\u00e5ra ponnyer Doris och Blixten. Ridning kan bokas m\u00e5ndagar-torsdagar och g\u00f6rs via formul\u00e4ret nedan. Inv\u00e4nta bekr\u00e4ftelse fr\u00e5n oss. Ingen bokning \u00e4r konstaterad f\u00f6rr\u00e4n du f\u00e5tt ett svarsmejl. &nbsp; Vi erbjuder f\u00f6r medlemmar: 30min ridning\/200kr 15 min ridning\/100kr Vi erbjuder f\u00f6r icke medlemmar:&nbsp; &hellip; Read more\" \/>\n<meta property=\"og:url\" content=\"https:\/\/www.4h.se\/kallhall\/ridning\/\" \/>\n<meta property=\"og:site_name\" content=\"Kallh\u00e4ll 4H-g\u00e5rd\" \/>\n<meta property=\"article:publisher\" content=\"https:\/\/www.facebook.com\/kallhalls4hgard\/\" \/>\n<meta property=\"article:modified_time\" content=\"2026-02-16T12:05:38+00:00\" \/>\n<meta name=\"twitter:card\" content=\"summary_large_image\" \/>\n<meta name=\"twitter:label1\" content=\"Ber\u00e4knad l\u00e4stid\" \/>\n\t<meta name=\"twitter:data1\" content=\"1 minut\" \/>\n<script type=\"application\/ld+json\" class=\"yoast-schema-graph\">{\"@context\":\"https:\\\/\\\/schema.org\",\"@graph\":[{\"@type\":\"WebPage\",\"@id\":\"https:\\\/\\\/www.4h.se\\\/kallhall\\\/ridning\\\/\",\"url\":\"https:\\\/\\\/www.4h.se\\\/kallhall\\\/ridning\\\/\",\"name\":\"Ridning - Kallh\u00e4ll 4H-g\u00e5rd\",\"isPartOf\":{\"@id\":\"https:\\\/\\\/www.4h.se\\\/kallhall\\\/#website\"},\"datePublished\":\"2018-12-19T13:23:35+00:00\",\"dateModified\":\"2026-02-16T12:05:38+00:00\",\"breadcrumb\":{\"@id\":\"https:\\\/\\\/www.4h.se\\\/kallhall\\\/ridning\\\/#breadcrumb\"},\"inLanguage\":\"sv-SE\",\"potentialAction\":[{\"@type\":\"ReadAction\",\"target\":[\"https:\\\/\\\/www.4h.se\\\/kallhall\\\/ridning\\\/\"]}]},{\"@type\":\"BreadcrumbList\",\"@id\":\"https:\\\/\\\/www.4h.se\\\/kallhall\\\/ridning\\\/#breadcrumb\",\"itemListElement\":[{\"@type\":\"ListItem\",\"position\":1,\"name\":\"Hem\",\"item\":\"https:\\\/\\\/www.4h.se\\\/kallhall\\\/\"},{\"@type\":\"ListItem\",\"position\":2,\"name\":\"Ridning\"}]},{\"@type\":\"WebSite\",\"@id\":\"https:\\\/\\\/www.4h.se\\\/kallhall\\\/#website\",\"url\":\"https:\\\/\\\/www.4h.se\\\/kallhall\\\/\",\"name\":\"Kallh\u00e4ll 4H-g\u00e5rd\",\"description\":\"\",\"potentialAction\":[{\"@type\":\"SearchAction\",\"target\":{\"@type\":\"EntryPoint\",\"urlTemplate\":\"https:\\\/\\\/www.4h.se\\\/kallhall\\\/?s={search_term_string}\"},\"query-input\":{\"@type\":\"PropertyValueSpecification\",\"valueRequired\":true,\"valueName\":\"search_term_string\"}}],\"inLanguage\":\"sv-SE\"}]}<\/script>\n<!-- \/ Yoast SEO plugin. -->","yoast_head_json":{"title":"Ridning - Kallh\u00e4ll 4H-g\u00e5rd","robots":{"index":"index","follow":"follow","max-snippet":"max-snippet:-1","max-image-preview":"max-image-preview:large","max-video-preview":"max-video-preview:-1"},"canonical":"https:\/\/www.4h.se\/kallhall\/ridning\/","og_locale":"sv_SE","og_type":"article","og_title":"Ridning - Kallh\u00e4ll 4H-g\u00e5rd","og_description":"[vc_row css=&#8221;.vc_custom_1728993043505{background-color: #ffffff !important;border-radius: 20px !important;}&#8221;][vc_column width=&#8221;2\/3&#8243;][vc_column_text css=&#8221;&#8221;] Ridning P\u00e5 g\u00e5rden har vi v\u00e5ra ponnyer Doris och Blixten. Ridning kan bokas m\u00e5ndagar-torsdagar och g\u00f6rs via formul\u00e4ret nedan. Inv\u00e4nta bekr\u00e4ftelse fr\u00e5n oss. Ingen bokning \u00e4r konstaterad f\u00f6rr\u00e4n du f\u00e5tt ett svarsmejl. &nbsp; Vi erbjuder f\u00f6r medlemmar: 30min ridning\/200kr 15 min ridning\/100kr Vi erbjuder f\u00f6r icke medlemmar:&nbsp; &hellip; Read more","og_url":"https:\/\/www.4h.se\/kallhall\/ridning\/","og_site_name":"Kallh\u00e4ll 4H-g\u00e5rd","article_publisher":"https:\/\/www.facebook.com\/kallhalls4hgard\/","article_modified_time":"2026-02-16T12:05:38+00:00","twitter_card":"summary_large_image","twitter_misc":{"Ber\u00e4knad l\u00e4stid":"1 minut"},"schema":{"@context":"https:\/\/schema.org","@graph":[{"@type":"WebPage","@id":"https:\/\/www.4h.se\/kallhall\/ridning\/","url":"https:\/\/www.4h.se\/kallhall\/ridning\/","name":"Ridning - Kallh\u00e4ll 4H-g\u00e5rd","isPartOf":{"@id":"https:\/\/www.4h.se\/kallhall\/#website"},"datePublished":"2018-12-19T13:23:35+00:00","dateModified":"2026-02-16T12:05:38+00:00","breadcrumb":{"@id":"https:\/\/www.4h.se\/kallhall\/ridning\/#breadcrumb"},"inLanguage":"sv-SE","potentialAction":[{"@type":"ReadAction","target":["https:\/\/www.4h.se\/kallhall\/ridning\/"]}]},{"@type":"BreadcrumbList","@id":"https:\/\/www.4h.se\/kallhall\/ridning\/#breadcrumb","itemListElement":[{"@type":"ListItem","position":1,"name":"Hem","item":"https:\/\/www.4h.se\/kallhall\/"},{"@type":"ListItem","position":2,"name":"Ridning"}]},{"@type":"WebSite","@id":"https:\/\/www.4h.se\/kallhall\/#website","url":"https:\/\/www.4h.se\/kallhall\/","name":"Kallh\u00e4ll 4H-g\u00e5rd","description":"","potentialAction":[{"@type":"SearchAction","target":{"@type":"EntryPoint","urlTemplate":"https:\/\/www.4h.se\/kallhall\/?s={search_term_string}"},"query-input":{"@type":"PropertyValueSpecification","valueRequired":true,"valueName":"search_term_string"}}],"inLanguage":"sv-SE"}]}},"_links":{"self":[{"href":"https:\/\/www.4h.se\/kallhall\/wp-json\/wp\/v2\/pages\/437","targetHints":{"allow":["GET"]}}],"collection":[{"href":"https:\/\/www.4h.se\/kallhall\/wp-json\/wp\/v2\/pages"}],"about":[{"href":"https:\/\/www.4h.se\/kallhall\/wp-json\/wp\/v2\/types\/page"}],"author":[{"embeddable":true,"href":"https:\/\/www.4h.se\/kallhall\/wp-json\/wp\/v2\/users\/146"}],"replies":[{"embeddable":true,"href":"https:\/\/www.4h.se\/kallhall\/wp-json\/wp\/v2\/comments?post=437"}],"version-history":[{"count":0,"href":"https:\/\/www.4h.se\/kallhall\/wp-json\/wp\/v2\/pages\/437\/revisions"}],"wp:attachment":[{"href":"https:\/\/www.4h.se\/kallhall\/wp-json\/wp\/v2\/media?parent=437"}],"curies":[{"name":"wp","href":"https:\/\/api.w.org\/{rel}","templated":true}]}}