



{"id":407,"date":"2018-12-11T11:45:25","date_gmt":"2018-12-11T10:45:25","guid":{"rendered":"http:\/\/www.4h.se\/kallhall\/?page_id=407"},"modified":"2025-11-05T14:35:05","modified_gmt":"2025-11-05T13:35:05","slug":"personalen","status":"publish","type":"page","link":"https:\/\/www.4h.se\/kallhall\/personalen\/","title":{"rendered":"Personalen"},"content":{"rendered":"<div class=\"wpb-content-wrapper\"><p>[vc_row][vc_column css=&#8221;.vc_custom_1728898912168{background-color: #ffffff !important;}&#8221;][vc_column_text css=&#8221;&#8221;]<\/p>\n<p style=\"font-size: 30px; text-align: center;\"><strong><span style=\"color: #006340;\">Vi som jobbar h\u00e4r<\/span><\/strong><\/p>\n<p>[\/vc_column_text][vc_empty_space height=&#8221;5&#8243;][vc_empty_space height=&#8221;5&#8243;][\/vc_column][\/vc_row][vc_row][vc_column width=&#8221;1\/3&#8243; css=&#8221;.vc_custom_1728898923240{background-color: #ffffff !important;}&#8221;][vc_single_image image=&#8221;901&#8243; img_size=&#8221;200&#215;200&#8243; alignment=&#8221;center&#8221; style=&#8221;vc_box_circle_2&#8243;][vc_column_text css=&#8221;&#8221;]<\/p>\n<p style=\"text-align: center;\"><strong>Jeanette Tuominen<\/strong><\/p>\n<p style=\"text-align: center;\"><em>Verksamhetschef<\/em><\/p>\n<p style=\"text-align: center;\">Jeanette b\u00f6rjade som gruppbarn p\u00e5 Sp\u00e5nga by 4H g\u00e5rd i Sp\u00e5nga, och har sedan dess varit ledare, ordf\u00f6rande i styrelsen och jobbat p\u00e5 timmar i flera \u00e5r.<br \/>\nJeanette \u00e4r anst\u00e4lld p\u00e5 100%.<\/p>\n<p style=\"text-align: center;\">Jeanette n\u00e5s p\u00e5 nummer: +46 70-559 82 71<\/p>\n<p>[\/vc_column_text][\/vc_column][vc_column width=&#8221;1\/3&#8243; css=&#8221;.vc_custom_1728898935215{background-color: #ffffff !important;}&#8221;][vc_single_image image=&#8221;1228&#8243; img_size=&#8221;200&#215;200&#8243; alignment=&#8221;center&#8221; style=&#8221;vc_box_circle_2&#8243; css=&#8221;&#8221;][vc_column_text css=&#8221;.vc_custom_1733840720080{padding-bottom: 20px !important;}&#8221;]<\/p>\n<p style=\"text-align: center;\"><strong>Nathalie Hiltunen<\/strong><\/p>\n<p style=\"text-align: center;\"><em>4H-g\u00e5rdspedagog<\/em><\/p>\n<p style=\"text-align: center;\">Nathalie \u00e4ven kallad &#8221;Natta&#8221; b\u00f6rjade som gruppbarn h\u00e4r p\u00e5 Kallh\u00e4ll 4H g\u00e5rd, ordf\u00f6rande i styrelsen och jobbat p\u00e5 timmar i flera \u00e5r.<\/p>\n<p style=\"text-align: center;\">Natta \u00e4r anst\u00e4lld p\u00e5 75%.<\/p>\n<p>[\/vc_column_text][\/vc_column][vc_column width=&#8221;1\/3&#8243; css=&#8221;.vc_custom_1728898967174{background-color: #ffffff !important;}&#8221;][vc_single_image image=&#8221;961&#8243; img_size=&#8221;200&#215;200&#8243; alignment=&#8221;center&#8221; style=&#8221;vc_box_circle_2&#8243; css=&#8221;&#8221;][vc_column_text css=&#8221;.vc_custom_1733840729450{padding-bottom: 20px !important;}&#8221;]<\/p>\n<p style=\"text-align: center;\"><strong>Sara Hubner<\/strong><\/p>\n<p style=\"text-align: center;\"><em>4H-g\u00e5rdspedagog<\/em><\/p>\n<p style=\"text-align: center;\">Sara har varit ordf\u00f6rande i styrelsen h\u00e4r p\u00e5 Kallh\u00e4ll 4H och jobbat p\u00e5 timme p\u00e5 Kallh\u00e4ll och Bj\u00f6rklunds hage 4H i Bromma.<\/p>\n<p style=\"text-align: center;\">Sara \u00e4r anst\u00e4lld p\u00e5 75%.<\/p>\n<p>[\/vc_column_text][\/vc_column][\/vc_row][vc_row][vc_column][vc_empty_space][\/vc_column][\/vc_row]<\/p>\n<\/div>","protected":false},"excerpt":{"rendered":"<p>[vc_row][vc_column css=&#8221;.vc_custom_1728898912168{background-color: #ffffff !important;}&#8221;][vc_column_text css=&#8221;&#8221;] Vi som jobbar h\u00e4r [\/vc_column_text][vc_empty_space height=&#8221;5&#8243;][vc_empty_space height=&#8221;5&#8243;][\/vc_column][\/vc_row][vc_row][vc_column width=&#8221;1\/3&#8243; css=&#8221;.vc_custom_1728898923240{background-color: #ffffff !important;}&#8221;][vc_single_image image=&#8221;901&#8243; img_size=&#8221;200&#215;200&#8243; alignment=&#8221;center&#8221; style=&#8221;vc_box_circle_2&#8243;][vc_column_text css=&#8221;&#8221;] Jeanette Tuominen Verksamhetschef Jeanette b\u00f6rjade som gruppbarn p\u00e5 Sp\u00e5nga by 4H g\u00e5rd i Sp\u00e5nga, och har sedan dess varit ledare, ordf\u00f6rande i styrelsen och jobbat p\u00e5 timmar i flera \u00e5r. Jeanette \u00e4r anst\u00e4lld p\u00e5&nbsp; <a href=\"https:\/\/www.4h.se\/kallhall\/personalen\/\">&hellip; Read more <i class=\"glyphicon glyphicon-arrow-right\"><\/i><\/a><\/p>\n","protected":false},"author":146,"featured_media":555,"parent":0,"menu_order":0,"comment_status":"closed","ping_status":"closed","template":"","meta":{"footnotes":""},"class_list":["post-407","page","type-page","status-publish","has-post-thumbnail","hentry"],"yoast_head":"<!-- This site is optimized with the Yoast SEO plugin v27.4 - https:\/\/yoast.com\/product\/yoast-seo-wordpress\/ -->\n<title>Personalen - Kallh\u00e4ll 4H-g\u00e5rd<\/title>\n<meta name=\"robots\" content=\"index, follow, max-snippet:-1, max-image-preview:large, max-video-preview:-1\" \/>\n<link rel=\"canonical\" href=\"https:\/\/www.4h.se\/kallhall\/personalen\/\" \/>\n<meta property=\"og:locale\" content=\"sv_SE\" \/>\n<meta property=\"og:type\" content=\"article\" \/>\n<meta property=\"og:title\" content=\"Personalen - Kallh\u00e4ll 4H-g\u00e5rd\" \/>\n<meta property=\"og:description\" content=\"[vc_row][vc_column css=&#8221;.vc_custom_1728898912168{background-color: #ffffff !important;}&#8221;][vc_column_text css=&#8221;&#8221;] Vi som jobbar h\u00e4r [\/vc_column_text][vc_empty_space height=&#8221;5&#8243;][vc_empty_space height=&#8221;5&#8243;][\/vc_column][\/vc_row][vc_row][vc_column width=&#8221;1\/3&#8243; css=&#8221;.vc_custom_1728898923240{background-color: #ffffff !important;}&#8221;][vc_single_image image=&#8221;901&#8243; img_size=&#8221;200&#215;200&#8243; alignment=&#8221;center&#8221; style=&#8221;vc_box_circle_2&#8243;][vc_column_text css=&#8221;&#8221;] Jeanette Tuominen Verksamhetschef Jeanette b\u00f6rjade som gruppbarn p\u00e5 Sp\u00e5nga by 4H g\u00e5rd i Sp\u00e5nga, och har sedan dess varit ledare, ordf\u00f6rande i styrelsen och jobbat p\u00e5 timmar i flera \u00e5r. Jeanette \u00e4r anst\u00e4lld p\u00e5&nbsp; &hellip; Read more\" \/>\n<meta property=\"og:url\" content=\"https:\/\/www.4h.se\/kallhall\/personalen\/\" \/>\n<meta property=\"og:site_name\" content=\"Kallh\u00e4ll 4H-g\u00e5rd\" \/>\n<meta property=\"article:publisher\" content=\"https:\/\/www.facebook.com\/kallhalls4hgard\/\" \/>\n<meta property=\"article:modified_time\" content=\"2025-11-05T13:35:05+00:00\" \/>\n<meta property=\"og:image\" content=\"https:\/\/www.4h.se\/kallhall\/wp-content\/uploads\/sites\/105\/2018\/12\/35050496_1997162863635307_7052851103402033152_n.jpg\" \/>\n\t<meta property=\"og:image:width\" content=\"720\" \/>\n\t<meta property=\"og:image:height\" content=\"960\" \/>\n\t<meta property=\"og:image:type\" content=\"image\/jpeg\" \/>\n<meta name=\"twitter:card\" content=\"summary_large_image\" \/>\n<meta name=\"twitter:label1\" content=\"Ber\u00e4knad l\u00e4stid\" \/>\n\t<meta name=\"twitter:data1\" content=\"1 minut\" \/>\n<script type=\"application\/ld+json\" class=\"yoast-schema-graph\">{\"@context\":\"https:\\\/\\\/schema.org\",\"@graph\":[{\"@type\":\"WebPage\",\"@id\":\"https:\\\/\\\/www.4h.se\\\/kallhall\\\/personalen\\\/\",\"url\":\"https:\\\/\\\/www.4h.se\\\/kallhall\\\/personalen\\\/\",\"name\":\"Personalen - Kallh\u00e4ll 4H-g\u00e5rd\",\"isPartOf\":{\"@id\":\"https:\\\/\\\/www.4h.se\\\/kallhall\\\/#website\"},\"primaryImageOfPage\":{\"@id\":\"https:\\\/\\\/www.4h.se\\\/kallhall\\\/personalen\\\/#primaryimage\"},\"image\":{\"@id\":\"https:\\\/\\\/www.4h.se\\\/kallhall\\\/personalen\\\/#primaryimage\"},\"thumbnailUrl\":\"https:\\\/\\\/www.4h.se\\\/kallhall\\\/wp-content\\\/uploads\\\/sites\\\/105\\\/2018\\\/12\\\/35050496_1997162863635307_7052851103402033152_n.jpg\",\"datePublished\":\"2018-12-11T10:45:25+00:00\",\"dateModified\":\"2025-11-05T13:35:05+00:00\",\"breadcrumb\":{\"@id\":\"https:\\\/\\\/www.4h.se\\\/kallhall\\\/personalen\\\/#breadcrumb\"},\"inLanguage\":\"sv-SE\",\"potentialAction\":[{\"@type\":\"ReadAction\",\"target\":[\"https:\\\/\\\/www.4h.se\\\/kallhall\\\/personalen\\\/\"]}]},{\"@type\":\"ImageObject\",\"inLanguage\":\"sv-SE\",\"@id\":\"https:\\\/\\\/www.4h.se\\\/kallhall\\\/personalen\\\/#primaryimage\",\"url\":\"https:\\\/\\\/www.4h.se\\\/kallhall\\\/wp-content\\\/uploads\\\/sites\\\/105\\\/2018\\\/12\\\/35050496_1997162863635307_7052851103402033152_n.jpg\",\"contentUrl\":\"https:\\\/\\\/www.4h.se\\\/kallhall\\\/wp-content\\\/uploads\\\/sites\\\/105\\\/2018\\\/12\\\/35050496_1997162863635307_7052851103402033152_n.jpg\",\"width\":720,\"height\":960},{\"@type\":\"BreadcrumbList\",\"@id\":\"https:\\\/\\\/www.4h.se\\\/kallhall\\\/personalen\\\/#breadcrumb\",\"itemListElement\":[{\"@type\":\"ListItem\",\"position\":1,\"name\":\"Hem\",\"item\":\"https:\\\/\\\/www.4h.se\\\/kallhall\\\/\"},{\"@type\":\"ListItem\",\"position\":2,\"name\":\"Personalen\"}]},{\"@type\":\"WebSite\",\"@id\":\"https:\\\/\\\/www.4h.se\\\/kallhall\\\/#website\",\"url\":\"https:\\\/\\\/www.4h.se\\\/kallhall\\\/\",\"name\":\"Kallh\u00e4ll 4H-g\u00e5rd\",\"description\":\"\",\"potentialAction\":[{\"@type\":\"SearchAction\",\"target\":{\"@type\":\"EntryPoint\",\"urlTemplate\":\"https:\\\/\\\/www.4h.se\\\/kallhall\\\/?s={search_term_string}\"},\"query-input\":{\"@type\":\"PropertyValueSpecification\",\"valueRequired\":true,\"valueName\":\"search_term_string\"}}],\"inLanguage\":\"sv-SE\"}]}<\/script>\n<!-- \/ Yoast SEO plugin. -->","yoast_head_json":{"title":"Personalen - Kallh\u00e4ll 4H-g\u00e5rd","robots":{"index":"index","follow":"follow","max-snippet":"max-snippet:-1","max-image-preview":"max-image-preview:large","max-video-preview":"max-video-preview:-1"},"canonical":"https:\/\/www.4h.se\/kallhall\/personalen\/","og_locale":"sv_SE","og_type":"article","og_title":"Personalen - Kallh\u00e4ll 4H-g\u00e5rd","og_description":"[vc_row][vc_column css=&#8221;.vc_custom_1728898912168{background-color: #ffffff !important;}&#8221;][vc_column_text css=&#8221;&#8221;] Vi som jobbar h\u00e4r [\/vc_column_text][vc_empty_space height=&#8221;5&#8243;][vc_empty_space height=&#8221;5&#8243;][\/vc_column][\/vc_row][vc_row][vc_column width=&#8221;1\/3&#8243; css=&#8221;.vc_custom_1728898923240{background-color: #ffffff !important;}&#8221;][vc_single_image image=&#8221;901&#8243; img_size=&#8221;200&#215;200&#8243; alignment=&#8221;center&#8221; style=&#8221;vc_box_circle_2&#8243;][vc_column_text css=&#8221;&#8221;] Jeanette Tuominen Verksamhetschef Jeanette b\u00f6rjade som gruppbarn p\u00e5 Sp\u00e5nga by 4H g\u00e5rd i Sp\u00e5nga, och har sedan dess varit ledare, ordf\u00f6rande i styrelsen och jobbat p\u00e5 timmar i flera \u00e5r. Jeanette \u00e4r anst\u00e4lld p\u00e5&nbsp; &hellip; Read more","og_url":"https:\/\/www.4h.se\/kallhall\/personalen\/","og_site_name":"Kallh\u00e4ll 4H-g\u00e5rd","article_publisher":"https:\/\/www.facebook.com\/kallhalls4hgard\/","article_modified_time":"2025-11-05T13:35:05+00:00","og_image":[{"width":720,"height":960,"url":"https:\/\/www.4h.se\/kallhall\/wp-content\/uploads\/sites\/105\/2018\/12\/35050496_1997162863635307_7052851103402033152_n.jpg","type":"image\/jpeg"}],"twitter_card":"summary_large_image","twitter_misc":{"Ber\u00e4knad l\u00e4stid":"1 minut"},"schema":{"@context":"https:\/\/schema.org","@graph":[{"@type":"WebPage","@id":"https:\/\/www.4h.se\/kallhall\/personalen\/","url":"https:\/\/www.4h.se\/kallhall\/personalen\/","name":"Personalen - Kallh\u00e4ll 4H-g\u00e5rd","isPartOf":{"@id":"https:\/\/www.4h.se\/kallhall\/#website"},"primaryImageOfPage":{"@id":"https:\/\/www.4h.se\/kallhall\/personalen\/#primaryimage"},"image":{"@id":"https:\/\/www.4h.se\/kallhall\/personalen\/#primaryimage"},"thumbnailUrl":"https:\/\/www.4h.se\/kallhall\/wp-content\/uploads\/sites\/105\/2018\/12\/35050496_1997162863635307_7052851103402033152_n.jpg","datePublished":"2018-12-11T10:45:25+00:00","dateModified":"2025-11-05T13:35:05+00:00","breadcrumb":{"@id":"https:\/\/www.4h.se\/kallhall\/personalen\/#breadcrumb"},"inLanguage":"sv-SE","potentialAction":[{"@type":"ReadAction","target":["https:\/\/www.4h.se\/kallhall\/personalen\/"]}]},{"@type":"ImageObject","inLanguage":"sv-SE","@id":"https:\/\/www.4h.se\/kallhall\/personalen\/#primaryimage","url":"https:\/\/www.4h.se\/kallhall\/wp-content\/uploads\/sites\/105\/2018\/12\/35050496_1997162863635307_7052851103402033152_n.jpg","contentUrl":"https:\/\/www.4h.se\/kallhall\/wp-content\/uploads\/sites\/105\/2018\/12\/35050496_1997162863635307_7052851103402033152_n.jpg","width":720,"height":960},{"@type":"BreadcrumbList","@id":"https:\/\/www.4h.se\/kallhall\/personalen\/#breadcrumb","itemListElement":[{"@type":"ListItem","position":1,"name":"Hem","item":"https:\/\/www.4h.se\/kallhall\/"},{"@type":"ListItem","position":2,"name":"Personalen"}]},{"@type":"WebSite","@id":"https:\/\/www.4h.se\/kallhall\/#website","url":"https:\/\/www.4h.se\/kallhall\/","name":"Kallh\u00e4ll 4H-g\u00e5rd","description":"","potentialAction":[{"@type":"SearchAction","target":{"@type":"EntryPoint","urlTemplate":"https:\/\/www.4h.se\/kallhall\/?s={search_term_string}"},"query-input":{"@type":"PropertyValueSpecification","valueRequired":true,"valueName":"search_term_string"}}],"inLanguage":"sv-SE"}]}},"_links":{"self":[{"href":"https:\/\/www.4h.se\/kallhall\/wp-json\/wp\/v2\/pages\/407","targetHints":{"allow":["GET"]}}],"collection":[{"href":"https:\/\/www.4h.se\/kallhall\/wp-json\/wp\/v2\/pages"}],"about":[{"href":"https:\/\/www.4h.se\/kallhall\/wp-json\/wp\/v2\/types\/page"}],"author":[{"embeddable":true,"href":"https:\/\/www.4h.se\/kallhall\/wp-json\/wp\/v2\/users\/146"}],"replies":[{"embeddable":true,"href":"https:\/\/www.4h.se\/kallhall\/wp-json\/wp\/v2\/comments?post=407"}],"version-history":[{"count":0,"href":"https:\/\/www.4h.se\/kallhall\/wp-json\/wp\/v2\/pages\/407\/revisions"}],"wp:featuredmedia":[{"embeddable":true,"href":"https:\/\/www.4h.se\/kallhall\/wp-json\/wp\/v2\/media\/555"}],"wp:attachment":[{"href":"https:\/\/www.4h.se\/kallhall\/wp-json\/wp\/v2\/media?parent=407"}],"curies":[{"name":"wp","href":"https:\/\/api.w.org\/{rel}","templated":true}]}}