



{"id":39,"date":"2014-12-09T20:10:35","date_gmt":"2014-12-09T19:10:35","guid":{"rendered":"http:\/\/www.4h.se\/rix16\/?page_id=39"},"modified":"2026-04-24T15:32:57","modified_gmt":"2026-04-24T13:32:57","slug":"hem","status":"publish","type":"page","link":"https:\/\/www.4h.se\/kallhall\/","title":{"rendered":"Startsida"},"content":{"rendered":"<div class=\"wpb-content-wrapper\"><p>[vc_row][vc_column width=&#8221;1\/2&#8243; css=&#8221;.vc_custom_1733492643639{border-top-width: 6px !important;border-right-width: 6px !important;border-bottom-width: 6px !important;border-left-width: 6px !important;padding-top: 6px !important;padding-right: 10px !important;padding-bottom: 6px !important;padding-left: 6px !important;background-color: #ffffff !important;background-position: center !important;background-repeat: no-repeat !important;background-size: cover !important;border-left-style: double !important;border-right-style: double !important;border-top-style: double !important;border-bottom-style: double !important;border-radius: 20px !important;border-color: #00693f !important;}&#8221;][vc_column_text css=&#8221;&#8221;]<\/p>\n<p style=\"font-size: 35px; text-align: center;\"><strong><span style=\"color: #006340;\">Just nu h\u00e4nder det h\u00e4r:<\/span><\/strong><\/p>\n<p>[\/vc_column_text][vc_separator color=&#8221;custom&#8221; border_width=&#8221;3&#8243; css=&#8221;&#8221; accent_color=&#8221;#006340&#8243;][vc_column_text css=&#8221;&#8221;]<\/p>\n<p style=\"font-size: 35px; text-align: center;\"><strong><span style=\"color: #006340;\">Sommarl\u00e4ger<\/span><\/strong><\/p>\n<p style=\"text-align: center;\">Nu har vi sl\u00e4ppt platserna till v\u00e5ra sommarl\u00e4ger. En sommar fylld med djurmys, roliga lekar, pyssel och skapande. Njut av sommaren tillsammans med nya kompisar hos oss p\u00e5 Kallh\u00e4ll 4H.<\/p>\n<p>[\/vc_column_text][vc_btn title=&#8221;L\u00e4ger 2026&#8243; color=&#8221;success&#8221; size=&#8221;lg&#8221; align=&#8221;center&#8221; css=&#8221;&#8221; link=&#8221;url:https%3A%2F%2Fwww.4h.se%2Fkallhall%2Flager-2%2F&#8221;][vc_separator color=&#8221;custom&#8221; border_width=&#8221;3&#8243; css=&#8221;&#8221; accent_color=&#8221;#006340&#8243;][vc_column_text css=&#8221;&#8221;]<\/p>\n<p style=\"font-size: 35px; text-align: center;\"><strong><span style=\"color: #006340;\">\u00d6ppen verksamhet<\/span><\/strong><\/p>\n<p style=\"text-align: center;\" data-ccp-props=\"{&quot;335551550&quot;:1,&quot;335551620&quot;:1,&quot;335559683&quot;:0,&quot;335559685&quot;:0,&quot;335559731&quot;:0,&quot;335559737&quot;:0,&quot;335562764&quot;:2,&quot;335562765&quot;:1,&quot;335562766&quot;:4,&quot;335562767&quot;:0,&quot;335562768&quot;:4,&quot;335562769&quot;:0}\"><span data-usefontface=\"true\" data-contrast=\"none\">I samarbete med J\u00e4rf\u00e4lla kommun kan Kallh\u00e4ll <\/span><span data-usefontface=\"true\" data-contrast=\"none\">4h erbjuda \u00f6ppen verksamhet, m\u00e5n-ons kl 17-19. <\/span>\u200b<span data-usefontface=\"true\" data-contrast=\"none\">Detta \u00e4r gratis aktiviteter som man kan komma <\/span><span data-usefontface=\"true\" data-contrast=\"none\">och delta p\u00e5. Ingen f\u00f6ranm\u00e4lan kr\u00e4vs.<\/span><b><span data-usefontface=\"true\" data-contrast=\"none\">&nbsp;<\/span><\/b><span data-usefontface=\"true\" data-contrast=\"none\">V\u00e5rdnadshavare ansvarar f\u00f6r barnen, personalen <\/span><span data-usefontface=\"true\" data-contrast=\"none\">ansvarar f\u00f6r aktiviteten.<\/span><\/p>\n<p style=\"font-size: 25px; text-align: center;\"><strong>Vecka 18<br \/>\nM\u00e5ndag &#8211; Baka kolakakor<br \/>\nTisdag &#8211;&nbsp;<\/strong><strong>Dekorera sk\u00e5lar eller muggar<\/strong><strong><br \/>\nOnsdag &#8211; Baka muffins<\/strong><\/p>\n<p>[\/vc_column_text][\/vc_column][vc_column width=&#8221;1\/2&#8243; css=&#8221;.vc_custom_1733492546710{border-top-width: 6px !important;border-right-width: 6px !important;border-bottom-width: 6px !important;border-left-width: 6px !important;padding-top: 6px !important;padding-right: 6px !important;padding-bottom: 6px !important;padding-left: 6px !important;background-color: #ffffff !important;border-left-style: double !important;border-right-style: double !important;border-top-style: double !important;border-bottom-style: double !important;border-radius: 20px !important;border-color: #00693f !important;}&#8221;][vc_column_text css=&#8221;.vc_custom_1762438641528{border-top-width: 6px !important;border-right-width: 6px !important;border-bottom-width: 6px !important;border-left-width: 6px !important;padding-top: 6px !important;padding-right: 6px !important;padding-bottom: 6px !important;padding-left: 6px !important;background-color: #00693f !important;border-radius: 15px !important;}&#8221;]<\/p>\n<p style=\"font-size: 35px; text-align: center;\"><strong><span style=\"color: #ffffff;\">V\u00e4lkommen att bes\u00f6ka oss!<\/span><\/strong><\/p>\n<p style=\"text-align: center;\"><span style=\"color: #ffffff;\">Djuren finns ute i sina hagar alla dagar hela \u00e5ret 9-16<\/span><\/p>\n<p style=\"text-align: center;\"><span style=\"color: #ffffff;\"><em>Kom ih\u00e5g vid ditt bes\u00f6k att:<\/em><\/span><\/p>\n<p style=\"text-align: center;\"><span style=\"color: #ffffff;\"><strong>Man f\u00e5r g\u00e4rna kolla p\u00e5 djuren i sina hagar men&nbsp;inte g\u00e5 in till dom<\/strong><\/span><\/p>\n<p style=\"text-align: center;\"><span style=\"color: #ffffff;\"><strong>Djuren f\u00e5r den mat de beh\u00f6ver dagligen s\u00e5&nbsp;mata dom inte&nbsp;\u00e4ven om det bara \u00e4r gr\u00e4s<\/strong><\/span><\/p>\n<p>[\/vc_column_text][vc_column_text css=&#8221;&#8221;]<\/p>\n<p style=\"font-size: 25px; text-align: center;\"><strong><span style=\"color: #006340;\">Viktigt att t\u00e4nka p\u00e5 n\u00e4r ni bes\u00f6ker oss<\/span><\/strong><\/p>\n<ul>\n<li>Tv\u00e4tta\u00a0ofta h\u00e4nderna noga med tv\u00e5l och vatten n\u00e4r ni bes\u00f6ker v\u00e5r g\u00e5rd och djur.<\/li>\n<li>Bes\u00f6kare stannar utanf\u00f6r hagarna. Om djuren kommer och h\u00e4lsar g\u00e5r det bra att h\u00e4lsa tillbaka.<\/li>\n<li style=\"text-align: left;\">Djur kan ocks\u00e5 ha allergier s\u00e5 bara personalen och ideella matar dem.<\/li>\n<\/ul>\n<p>[\/vc_column_text][vc_separator color=&#8221;custom&#8221; border_width=&#8221;3&#8243; css=&#8221;&#8221; accent_color=&#8221;#006340&#8243;][vc_column_text css=&#8221;.vc_custom_1734013386908{border-top-width: 6px !important;border-right-width: 6px !important;border-bottom-width: 6px !important;border-left-width: 6px !important;padding-top: 6px !important;padding-right: 6px !important;padding-bottom: 6px !important;padding-left: 6px !important;}&#8221;]<\/p>\n<p style=\"font-size: 35px; text-align: center;\"><strong><span style=\"color: #006340;\">Vad \u00e4r 4H<\/span><\/strong><\/p>\n<p style=\"text-align: center;\"><span data-contrast=\"none\">4H \u00e4r en internationell ideell\u00a0<\/span><b><span data-contrast=\"none\">ungdomsorganisation<\/span><\/b><span data-contrast=\"none\">\u00a0med bred verksamhet inom allt fr\u00e5n odling och djur till idrott och teater. Vi finns i \u00f6ver 80 l\u00e4nder och riktar oss till barn och ungdomar 6-25 \u00e5r. Inom 4H bedriver vi verksamhet\u00a0av ungdomar, f\u00f6r ungdomar.\u00a0Det inneb\u00e4r att v\u00e5ra ledare i huvudsak \u00e4r unga. I styrelser och kommitt\u00e9er sitter ungdomar, som sj\u00e4lva f\u00e5r ta ansvar samt\u00a0fatta beslut g\u00e4llande sin fritid.<\/span><span data-ccp-props=\"{}\">\u00a0<\/span><\/p>\n<p style=\"text-align: center;\"><span data-contrast=\"none\">Kallh\u00e4ll 4H-g\u00e5rd \u00e4r en ideell f\u00f6rening som sk\u00f6ts av anst\u00e4lld personal, en styrelse &amp; av alla aktiva medlemmar. G\u00e5rden drivs p\u00e5 uppdrag av J\u00e4rf\u00e4lla kommun. G\u00e5rden lever vidare tack vare alla som engagerar sig\u00a0ideellt.<\/span><span data-ccp-props=\"{}\">\u00a0<\/span><\/p>\n<p>[\/vc_column_text][\/vc_column][\/vc_row][vc_row css=&#8221;.vc_custom_1774528861895{margin-top: 10px !important;border-top-width: 6px !important;border-right-width: 6px !important;border-bottom-width: 6px !important;border-left-width: 6px !important;padding-top: 6px !important;padding-right: 6px !important;padding-bottom: 6px !important;padding-left: 6px !important;background-color: #FFFFFF !important;border-left-style: double !important;border-right-style: double !important;border-top-style: double !important;border-bottom-style: double !important;border-radius: 15px !important;border-color: #00693f !important;}&#8221;][vc_column css=&#8221;.vc_custom_1774528903010{border-radius: 20px !important;border-color: #00693f !important;}&#8221;][\/vc_column][\/vc_row][vc_row][vc_column width=&#8221;1\/2&#8243;][\/vc_column][\/vc_row][vc_row][vc_column css=&#8221;.vc_custom_1744192471819{border-top-width: 6px !important;border-right-width: 6px !important;border-bottom-width: 6px !important;border-left-width: 6px !important;padding-top: 6px !important;padding-right: 6px !important;padding-bottom: 6px !important;padding-left: 6px !important;background-color: #FFFFFF !important;border-left-style: double !important;border-right-style: double !important;border-top-style: double !important;border-bottom-style: double !important;border-radius: 20px !important;border-color: #00693F !important;}&#8221;][vc_column_text css=&#8221;.vc_custom_1772537166719{border-top-width: 6px !important;border-right-width: 6px !important;border-bottom-width: 6px !important;border-left-width: 6px !important;padding-top: 6px !important;padding-right: 6px !important;padding-bottom: 6px !important;padding-left: 6px !important;background-color: #ffffff !important;border-color: #00693f !important;}&#8221;]<\/p>\n<p style=\"font-size: 35px; text-align: center;\"><strong><span style=\"color: #006340;\">V\u00e5ra sponsorer<\/span><\/strong><\/p>\n<p style=\"font-size: 20px; text-align: center;\">Som en ideell barn- och ungdomsorganisation kan det vara sv\u00e5rt att f\u00e5 pengarna att r\u00e4cka. Sponsring kan vara allt fr\u00e5n rabatter och donationer av saker till arbetstimmar f\u00f6r ett projekt. \u00c4r ni&nbsp;intresserade av att sponsra Kallh\u00e4ll 4H s\u00e5 kontakta oss mer \u00e4n g\u00e4rna p\u00e5: kallhall@4h.se<\/p>\n<p style=\"text-align: center;\">Tack s\u00e5 oerh\u00f6rt mycket! NI \u00e4r guld v\u00e4rda f\u00f6r oss!<\/p>\n<p>&nbsp;<\/p>\n<p>&nbsp;<\/p>\n<p style=\"text-align: center;\"><a href=\"https:\/\/www.grabber.se\/\" target=\"_blank\" rel=\"noopener\"><img loading=\"lazy\" decoding=\"async\" class=\"alignnone wp-image-734\" src=\"https:\/\/www.4h.se\/kallhall\/wp-content\/uploads\/sites\/105\/2014\/12\/images.png\" alt=\"images\" width=\"167\" height=\"44\" srcset=\"https:\/\/www.4h.se\/kallhall\/wp-content\/uploads\/sites\/105\/2014\/12\/images.png 438w, https:\/\/www.4h.se\/kallhall\/wp-content\/uploads\/sites\/105\/2014\/12\/images-170x45.png 170w\" sizes=\"auto, (max-width: 167px) 100vw, 167px\" \/><\/a><a href=\"https:\/\/www.husqvarna.com\/se\/?gclid=Cj0KCQjwk8b7BRCaARIsAARRTL4fzK7tPFSBw7_PHwNZRNWLx0SDXJEA1jzJa8UNKsc1RAyIWiu1d5AaAqzyEALw_wcB\" target=\"_blank\" rel=\"noopener\"><br \/>\n<\/a><br \/>\n<a href=\"https:\/\/www.coop.se\/butiker-erbjudanden\/stora-coop\/stora-coop-barkarby\/\"><img loading=\"lazy\" decoding=\"async\" class=\"alignnone wp-image-1155 size-thumbnail\" src=\"https:\/\/www.4h.se\/kallhall\/wp-content\/uploads\/sites\/105\/2025\/03\/Hastkurs-start-203-170x128.png\" alt=\"\" width=\"170\" height=\"128\" srcset=\"https:\/\/www.4h.se\/kallhall\/wp-content\/uploads\/sites\/105\/2025\/03\/Hastkurs-start-203-170x128.png 170w, https:\/\/www.4h.se\/kallhall\/wp-content\/uploads\/sites\/105\/2025\/03\/Hastkurs-start-203-399x300.png 399w, https:\/\/www.4h.se\/kallhall\/wp-content\/uploads\/sites\/105\/2025\/03\/Hastkurs-start-203-768x578.png 768w, https:\/\/www.4h.se\/kallhall\/wp-content\/uploads\/sites\/105\/2025\/03\/Hastkurs-start-203.png 805w\" sizes=\"auto, (max-width: 170px) 100vw, 170px\" \/><\/a><\/p>\n<h3 style=\"text-align: center;\"><a href=\"https:\/\/www.coop.se\/butiker-erbjudanden\/stora-coop\/stora-coop-marsta\/\">&nbsp;&nbsp;&nbsp;&nbsp;&nbsp;&nbsp;&nbsp;&nbsp;<\/a><\/h3>\n<p>[\/vc_column_text][\/vc_column][\/vc_row]<\/p>\n<\/div>","protected":false},"excerpt":{"rendered":"<p>[vc_row][vc_column width=&#8221;1\/2&#8243; css=&#8221;.vc_custom_1733492643639{border-top-width: 6px !important;border-right-width: 6px !important;border-bottom-width: 6px !important;border-left-width: 6px !important;padding-top: 6px !important;padding-right: 10px !important;padding-bottom: 6px !important;padding-left: 6px !important;background-color: #ffffff !important;background-position: center !important;background-repeat: no-repeat !important;background-size: cover !important;border-left-style: double !important;border-right-style: double !important;border-top-style: double !important;border-bottom-style: double !important;border-radius: 20px !important;border-color: #00693f !important;}&#8221;][vc_column_text css=&#8221;&#8221;] Just nu h\u00e4nder det h\u00e4r: [\/vc_column_text][vc_separator color=&#8221;custom&#8221; border_width=&#8221;3&#8243; css=&#8221;&#8221; accent_color=&#8221;#006340&#8243;][vc_column_text css=&#8221;&#8221;] Sommarl\u00e4ger Nu har vi&nbsp; <a href=\"https:\/\/www.4h.se\/kallhall\/\">&hellip; Read more <i class=\"glyphicon glyphicon-arrow-right\"><\/i><\/a><\/p>\n","protected":false},"author":1,"featured_media":0,"parent":0,"menu_order":10,"comment_status":"closed","ping_status":"closed","template":"","meta":{"_acf_changed":false,"footnotes":""},"class_list":["post-39","page","type-page","status-publish","hentry"],"acf":[],"yoast_head":"<!-- This site is optimized with the Yoast SEO plugin v27.5 - https:\/\/yoast.com\/product\/yoast-seo-wordpress\/ -->\n<title>Startsida - Kallh\u00e4ll 4H-g\u00e5rd<\/title>\n<meta name=\"robots\" content=\"index, follow, max-snippet:-1, max-image-preview:large, max-video-preview:-1\" \/>\n<link rel=\"canonical\" href=\"https:\/\/www.4h.se\/kallhall\/\" \/>\n<meta property=\"og:locale\" content=\"sv_SE\" \/>\n<meta property=\"og:type\" content=\"article\" \/>\n<meta property=\"og:title\" content=\"Startsida - Kallh\u00e4ll 4H-g\u00e5rd\" \/>\n<meta property=\"og:description\" content=\"[vc_row][vc_column width=&#8221;1\/2&#8243; css=&#8221;.vc_custom_1733492643639{border-top-width: 6px !important;border-right-width: 6px !important;border-bottom-width: 6px !important;border-left-width: 6px !important;padding-top: 6px !important;padding-right: 10px !important;padding-bottom: 6px !important;padding-left: 6px !important;background-color: #ffffff !important;background-position: center !important;background-repeat: no-repeat !important;background-size: cover !important;border-left-style: double !important;border-right-style: double !important;border-top-style: double !important;border-bottom-style: double !important;border-radius: 20px !important;border-color: #00693f !important;}&#8221;][vc_column_text css=&#8221;&#8221;] Just nu h\u00e4nder det h\u00e4r: [\/vc_column_text][vc_separator color=&#8221;custom&#8221; border_width=&#8221;3&#8243; css=&#8221;&#8221; accent_color=&#8221;#006340&#8243;][vc_column_text css=&#8221;&#8221;] Sommarl\u00e4ger Nu har vi&nbsp; &hellip; Read more\" \/>\n<meta property=\"og:url\" content=\"https:\/\/www.4h.se\/kallhall\/\" \/>\n<meta property=\"og:site_name\" content=\"Kallh\u00e4ll 4H-g\u00e5rd\" \/>\n<meta property=\"article:publisher\" content=\"https:\/\/www.facebook.com\/kallhalls4hgard\/\" \/>\n<meta property=\"article:modified_time\" content=\"2026-04-24T13:32:57+00:00\" \/>\n<meta property=\"og:image\" content=\"https:\/\/www.4h.se\/kallhall\/wp-content\/uploads\/sites\/105\/2014\/12\/images.png\" \/>\n\t<meta property=\"og:image:width\" content=\"438\" \/>\n\t<meta property=\"og:image:height\" content=\"115\" \/>\n\t<meta property=\"og:image:type\" content=\"image\/png\" \/>\n<meta name=\"twitter:card\" content=\"summary_large_image\" \/>\n<meta name=\"twitter:label1\" content=\"Ber\u00e4knad l\u00e4stid\" \/>\n\t<meta name=\"twitter:data1\" content=\"4 minuter\" \/>\n<script type=\"application\/ld+json\" class=\"yoast-schema-graph\">{\"@context\":\"https:\\\/\\\/schema.org\",\"@graph\":[{\"@type\":\"WebPage\",\"@id\":\"https:\\\/\\\/www.4h.se\\\/kallhall\\\/\",\"url\":\"https:\\\/\\\/www.4h.se\\\/kallhall\\\/\",\"name\":\"Startsida - Kallh\u00e4ll 4H-g\u00e5rd\",\"isPartOf\":{\"@id\":\"https:\\\/\\\/www.4h.se\\\/kallhall\\\/#website\"},\"primaryImageOfPage\":{\"@id\":\"https:\\\/\\\/www.4h.se\\\/kallhall\\\/#primaryimage\"},\"image\":{\"@id\":\"https:\\\/\\\/www.4h.se\\\/kallhall\\\/#primaryimage\"},\"thumbnailUrl\":\"https:\\\/\\\/www.4h.se\\\/kallhall\\\/wp-content\\\/uploads\\\/sites\\\/105\\\/2014\\\/12\\\/images.png\",\"datePublished\":\"2014-12-09T19:10:35+00:00\",\"dateModified\":\"2026-04-24T13:32:57+00:00\",\"breadcrumb\":{\"@id\":\"https:\\\/\\\/www.4h.se\\\/kallhall\\\/#breadcrumb\"},\"inLanguage\":\"sv-SE\",\"potentialAction\":[{\"@type\":\"ReadAction\",\"target\":[\"https:\\\/\\\/www.4h.se\\\/kallhall\\\/\"]}]},{\"@type\":\"ImageObject\",\"inLanguage\":\"sv-SE\",\"@id\":\"https:\\\/\\\/www.4h.se\\\/kallhall\\\/#primaryimage\",\"url\":\"https:\\\/\\\/www.4h.se\\\/kallhall\\\/wp-content\\\/uploads\\\/sites\\\/105\\\/2014\\\/12\\\/images.png\",\"contentUrl\":\"https:\\\/\\\/www.4h.se\\\/kallhall\\\/wp-content\\\/uploads\\\/sites\\\/105\\\/2014\\\/12\\\/images.png\",\"width\":438,\"height\":115},{\"@type\":\"BreadcrumbList\",\"@id\":\"https:\\\/\\\/www.4h.se\\\/kallhall\\\/#breadcrumb\",\"itemListElement\":[{\"@type\":\"ListItem\",\"position\":1,\"name\":\"Hem\",\"item\":\"https:\\\/\\\/www.4h.se\\\/kallhall\\\/\"},{\"@type\":\"ListItem\",\"position\":2,\"name\":\"Startsida\"}]},{\"@type\":\"WebSite\",\"@id\":\"https:\\\/\\\/www.4h.se\\\/kallhall\\\/#website\",\"url\":\"https:\\\/\\\/www.4h.se\\\/kallhall\\\/\",\"name\":\"Kallh\u00e4ll 4H-g\u00e5rd\",\"description\":\"\",\"potentialAction\":[{\"@type\":\"SearchAction\",\"target\":{\"@type\":\"EntryPoint\",\"urlTemplate\":\"https:\\\/\\\/www.4h.se\\\/kallhall\\\/?s={search_term_string}\"},\"query-input\":{\"@type\":\"PropertyValueSpecification\",\"valueRequired\":true,\"valueName\":\"search_term_string\"}}],\"inLanguage\":\"sv-SE\"}]}<\/script>\n<!-- \/ Yoast SEO plugin. -->","yoast_head_json":{"title":"Startsida - Kallh\u00e4ll 4H-g\u00e5rd","robots":{"index":"index","follow":"follow","max-snippet":"max-snippet:-1","max-image-preview":"max-image-preview:large","max-video-preview":"max-video-preview:-1"},"canonical":"https:\/\/www.4h.se\/kallhall\/","og_locale":"sv_SE","og_type":"article","og_title":"Startsida - Kallh\u00e4ll 4H-g\u00e5rd","og_description":"[vc_row][vc_column width=&#8221;1\/2&#8243; css=&#8221;.vc_custom_1733492643639{border-top-width: 6px !important;border-right-width: 6px !important;border-bottom-width: 6px !important;border-left-width: 6px !important;padding-top: 6px !important;padding-right: 10px !important;padding-bottom: 6px !important;padding-left: 6px !important;background-color: #ffffff !important;background-position: center !important;background-repeat: no-repeat !important;background-size: cover !important;border-left-style: double !important;border-right-style: double !important;border-top-style: double !important;border-bottom-style: double !important;border-radius: 20px !important;border-color: #00693f !important;}&#8221;][vc_column_text css=&#8221;&#8221;] Just nu h\u00e4nder det h\u00e4r: [\/vc_column_text][vc_separator color=&#8221;custom&#8221; border_width=&#8221;3&#8243; css=&#8221;&#8221; accent_color=&#8221;#006340&#8243;][vc_column_text css=&#8221;&#8221;] Sommarl\u00e4ger Nu har vi&nbsp; &hellip; Read more","og_url":"https:\/\/www.4h.se\/kallhall\/","og_site_name":"Kallh\u00e4ll 4H-g\u00e5rd","article_publisher":"https:\/\/www.facebook.com\/kallhalls4hgard\/","article_modified_time":"2026-04-24T13:32:57+00:00","og_image":[{"width":438,"height":115,"url":"https:\/\/www.4h.se\/kallhall\/wp-content\/uploads\/sites\/105\/2014\/12\/images.png","type":"image\/png"}],"twitter_card":"summary_large_image","twitter_misc":{"Ber\u00e4knad l\u00e4stid":"4 minuter"},"schema":{"@context":"https:\/\/schema.org","@graph":[{"@type":"WebPage","@id":"https:\/\/www.4h.se\/kallhall\/","url":"https:\/\/www.4h.se\/kallhall\/","name":"Startsida - Kallh\u00e4ll 4H-g\u00e5rd","isPartOf":{"@id":"https:\/\/www.4h.se\/kallhall\/#website"},"primaryImageOfPage":{"@id":"https:\/\/www.4h.se\/kallhall\/#primaryimage"},"image":{"@id":"https:\/\/www.4h.se\/kallhall\/#primaryimage"},"thumbnailUrl":"https:\/\/www.4h.se\/kallhall\/wp-content\/uploads\/sites\/105\/2014\/12\/images.png","datePublished":"2014-12-09T19:10:35+00:00","dateModified":"2026-04-24T13:32:57+00:00","breadcrumb":{"@id":"https:\/\/www.4h.se\/kallhall\/#breadcrumb"},"inLanguage":"sv-SE","potentialAction":[{"@type":"ReadAction","target":["https:\/\/www.4h.se\/kallhall\/"]}]},{"@type":"ImageObject","inLanguage":"sv-SE","@id":"https:\/\/www.4h.se\/kallhall\/#primaryimage","url":"https:\/\/www.4h.se\/kallhall\/wp-content\/uploads\/sites\/105\/2014\/12\/images.png","contentUrl":"https:\/\/www.4h.se\/kallhall\/wp-content\/uploads\/sites\/105\/2014\/12\/images.png","width":438,"height":115},{"@type":"BreadcrumbList","@id":"https:\/\/www.4h.se\/kallhall\/#breadcrumb","itemListElement":[{"@type":"ListItem","position":1,"name":"Hem","item":"https:\/\/www.4h.se\/kallhall\/"},{"@type":"ListItem","position":2,"name":"Startsida"}]},{"@type":"WebSite","@id":"https:\/\/www.4h.se\/kallhall\/#website","url":"https:\/\/www.4h.se\/kallhall\/","name":"Kallh\u00e4ll 4H-g\u00e5rd","description":"","potentialAction":[{"@type":"SearchAction","target":{"@type":"EntryPoint","urlTemplate":"https:\/\/www.4h.se\/kallhall\/?s={search_term_string}"},"query-input":{"@type":"PropertyValueSpecification","valueRequired":true,"valueName":"search_term_string"}}],"inLanguage":"sv-SE"}]}},"_links":{"self":[{"href":"https:\/\/www.4h.se\/kallhall\/wp-json\/wp\/v2\/pages\/39","targetHints":{"allow":["GET"]}}],"collection":[{"href":"https:\/\/www.4h.se\/kallhall\/wp-json\/wp\/v2\/pages"}],"about":[{"href":"https:\/\/www.4h.se\/kallhall\/wp-json\/wp\/v2\/types\/page"}],"author":[{"embeddable":true,"href":"https:\/\/www.4h.se\/kallhall\/wp-json\/wp\/v2\/users\/1"}],"replies":[{"embeddable":true,"href":"https:\/\/www.4h.se\/kallhall\/wp-json\/wp\/v2\/comments?post=39"}],"version-history":[{"count":0,"href":"https:\/\/www.4h.se\/kallhall\/wp-json\/wp\/v2\/pages\/39\/revisions"}],"wp:attachment":[{"href":"https:\/\/www.4h.se\/kallhall\/wp-json\/wp\/v2\/media?parent=39"}],"curies":[{"name":"wp","href":"https:\/\/api.w.org\/{rel}","templated":true}]}}