



{"id":285,"date":"2015-10-07T09:13:53","date_gmt":"2015-10-07T07:13:53","guid":{"rendered":"http:\/\/www.4h.se\/kallhall\/?page_id=285"},"modified":"2025-12-02T14:48:33","modified_gmt":"2025-12-02T13:48:33","slug":"bli-medlem","status":"publish","type":"page","link":"https:\/\/www.4h.se\/kallhall\/bli-medlem\/","title":{"rendered":"Bli medlem"},"content":{"rendered":"<div class=\"wpb-content-wrapper\"><p>[vc_row][vc_column el_class=&#8221;Som medlem i 4H \u00e4r du v\u00e4lkommen att delta p\u00e5 organisationens alla arrangemang. Du omfattas ocks\u00e5 av en kollektiv olycksfallsf\u00f6rs\u00e4kring som g\u00e4ller p\u00e5 4H:s samtliga aktiviteter.&#8221; css=&#8221;.vc_custom_1728899192295{background-color: #ffffff !important;border-radius: 25px !important;}&#8221;][vc_column_text css=&#8221;&#8221;]<\/p>\n<p style=\"font-size: 35px; text-align: left;\"><strong><span style=\"color: #006340;\">Bli medlem i Kallh\u00e4ll 4H-g\u00e5rd<\/span><\/strong><\/p>\n<p>[\/vc_column_text][vc_column_text css=&#8221;&#8221;]Att vara medlem i Kallh\u00e4lls 4H ger dig m\u00e5nga f\u00f6rdelar.<br \/>\nSom medlem i 4H \u00e4r du v\u00e4lkommen att delta p\u00e5 organisationens alla arrangemang, och omfattas ocks\u00e5 av en kollektiv olycksfallsf\u00f6rs\u00e4kring som g\u00e4ller p\u00e5 4H:s samtliga aktiviteter.<\/p>\n<p>F\u00f6rm\u00e5ner p\u00e5 g\u00e5rden innefattar bland annat medlemserbjudanden p\u00e5 olika aktiviteter s\u00e5som guidningar, ridningar eller l\u00e4ger.<br \/>\nDu \u00e4r \u00e4ven med och st\u00f6ttar v\u00e5r mysiga g\u00e5rd och djur!<\/p>\n<p>&nbsp;<\/p>\n<p style=\"font-size: 20px; text-align: left;\"><strong><span style=\"color: #006340;\">Priser<\/span><\/strong><\/p>\n<p>Ungdomar under 25 \u00e5r: 320kr\/\u00e5r.<\/p>\n<p>25 \u00e5r eller \u00e4ldre: 445kr\/\u00e5r<\/p>\n<p>Som medlem f\u00e5r man vara med p\u00e5 klubbens aktiviteter och du kan \u00e4ven vara med och p\u00e5verka g\u00e5rdens verksamhet d\u00e5 alla v\u00e5ra medlemmar blir inbjudna till klubbens \u00e5rsm\u00f6te d\u00e4r vi&nbsp; best\u00e4mmer vilka f\u00f6rslag som ska genomf\u00f6ras samt r\u00f6sta fram en styrelse inf\u00f6r kommande \u00e5r.[\/vc_column_text][vc_btn title=&#8221;Bli medlem h\u00e4r!&#8221; style=&#8221;3d&#8221; color=&#8221;success&#8221; size=&#8221;lg&#8221; align=&#8221;left&#8221; css=&#8221;&#8221; link=&#8221;url:https%3A%2F%2Fmembersky.com%2Forg%2F4h%2Fkallhalls-4h%2Fbli-medlem&#8221;][\/vc_column][\/vc_row][vc_row][vc_column][\/vc_column][\/vc_row]<\/p>\n<\/div>","protected":false},"excerpt":{"rendered":"<p>[vc_row][vc_column el_class=&#8221;Som medlem i 4H \u00e4r du v\u00e4lkommen att delta p\u00e5 organisationens alla arrangemang. Du omfattas ocks\u00e5 av en kollektiv olycksfallsf\u00f6rs\u00e4kring som g\u00e4ller p\u00e5 4H:s samtliga aktiviteter.&#8221; css=&#8221;.vc_custom_1728899192295{background-color: #ffffff !important;border-radius: 25px !important;}&#8221;][vc_column_text css=&#8221;&#8221;] Bli medlem i Kallh\u00e4ll 4H-g\u00e5rd [\/vc_column_text][vc_column_text css=&#8221;&#8221;]Att vara medlem i Kallh\u00e4lls 4H ger dig m\u00e5nga f\u00f6rdelar. Som medlem i 4H \u00e4r du&nbsp; <a href=\"https:\/\/www.4h.se\/kallhall\/bli-medlem\/\">&hellip; Read more <i class=\"glyphicon glyphicon-arrow-right\"><\/i><\/a><\/p>\n","protected":false},"author":1,"featured_media":0,"parent":0,"menu_order":0,"comment_status":"closed","ping_status":"closed","template":"","meta":{"footnotes":""},"class_list":["post-285","page","type-page","status-publish","hentry"],"yoast_head":"<!-- This site is optimized with the Yoast SEO plugin v27.4 - https:\/\/yoast.com\/product\/yoast-seo-wordpress\/ -->\n<title>Bli medlem - Kallh\u00e4ll 4H-g\u00e5rd<\/title>\n<meta name=\"robots\" content=\"index, follow, max-snippet:-1, max-image-preview:large, max-video-preview:-1\" \/>\n<link rel=\"canonical\" href=\"https:\/\/www.4h.se\/kallhall\/bli-medlem\/\" \/>\n<meta property=\"og:locale\" content=\"sv_SE\" \/>\n<meta property=\"og:type\" content=\"article\" \/>\n<meta property=\"og:title\" content=\"Bli medlem - Kallh\u00e4ll 4H-g\u00e5rd\" \/>\n<meta property=\"og:description\" content=\"[vc_row][vc_column el_class=&#8221;Som medlem i 4H \u00e4r du v\u00e4lkommen att delta p\u00e5 organisationens alla arrangemang. Du omfattas ocks\u00e5 av en kollektiv olycksfallsf\u00f6rs\u00e4kring som g\u00e4ller p\u00e5 4H:s samtliga aktiviteter.&#8221; css=&#8221;.vc_custom_1728899192295{background-color: #ffffff !important;border-radius: 25px !important;}&#8221;][vc_column_text css=&#8221;&#8221;] Bli medlem i Kallh\u00e4ll 4H-g\u00e5rd [\/vc_column_text][vc_column_text css=&#8221;&#8221;]Att vara medlem i Kallh\u00e4lls 4H ger dig m\u00e5nga f\u00f6rdelar. Som medlem i 4H \u00e4r du&nbsp; &hellip; Read more\" \/>\n<meta property=\"og:url\" content=\"https:\/\/www.4h.se\/kallhall\/bli-medlem\/\" \/>\n<meta property=\"og:site_name\" content=\"Kallh\u00e4ll 4H-g\u00e5rd\" \/>\n<meta property=\"article:publisher\" content=\"https:\/\/www.facebook.com\/kallhalls4hgard\/\" \/>\n<meta property=\"article:modified_time\" content=\"2025-12-02T13:48:33+00:00\" \/>\n<meta name=\"twitter:card\" content=\"summary_large_image\" \/>\n<meta name=\"twitter:label1\" content=\"Ber\u00e4knad l\u00e4stid\" \/>\n\t<meta name=\"twitter:data1\" content=\"1 minut\" \/>\n<script type=\"application\/ld+json\" class=\"yoast-schema-graph\">{\"@context\":\"https:\\\/\\\/schema.org\",\"@graph\":[{\"@type\":\"WebPage\",\"@id\":\"https:\\\/\\\/www.4h.se\\\/kallhall\\\/bli-medlem\\\/\",\"url\":\"https:\\\/\\\/www.4h.se\\\/kallhall\\\/bli-medlem\\\/\",\"name\":\"Bli medlem - Kallh\u00e4ll 4H-g\u00e5rd\",\"isPartOf\":{\"@id\":\"https:\\\/\\\/www.4h.se\\\/kallhall\\\/#website\"},\"datePublished\":\"2015-10-07T07:13:53+00:00\",\"dateModified\":\"2025-12-02T13:48:33+00:00\",\"breadcrumb\":{\"@id\":\"https:\\\/\\\/www.4h.se\\\/kallhall\\\/bli-medlem\\\/#breadcrumb\"},\"inLanguage\":\"sv-SE\",\"potentialAction\":[{\"@type\":\"ReadAction\",\"target\":[\"https:\\\/\\\/www.4h.se\\\/kallhall\\\/bli-medlem\\\/\"]}]},{\"@type\":\"BreadcrumbList\",\"@id\":\"https:\\\/\\\/www.4h.se\\\/kallhall\\\/bli-medlem\\\/#breadcrumb\",\"itemListElement\":[{\"@type\":\"ListItem\",\"position\":1,\"name\":\"Hem\",\"item\":\"https:\\\/\\\/www.4h.se\\\/kallhall\\\/\"},{\"@type\":\"ListItem\",\"position\":2,\"name\":\"Bli medlem\"}]},{\"@type\":\"WebSite\",\"@id\":\"https:\\\/\\\/www.4h.se\\\/kallhall\\\/#website\",\"url\":\"https:\\\/\\\/www.4h.se\\\/kallhall\\\/\",\"name\":\"Kallh\u00e4ll 4H-g\u00e5rd\",\"description\":\"\",\"potentialAction\":[{\"@type\":\"SearchAction\",\"target\":{\"@type\":\"EntryPoint\",\"urlTemplate\":\"https:\\\/\\\/www.4h.se\\\/kallhall\\\/?s={search_term_string}\"},\"query-input\":{\"@type\":\"PropertyValueSpecification\",\"valueRequired\":true,\"valueName\":\"search_term_string\"}}],\"inLanguage\":\"sv-SE\"}]}<\/script>\n<!-- \/ Yoast SEO plugin. -->","yoast_head_json":{"title":"Bli medlem - Kallh\u00e4ll 4H-g\u00e5rd","robots":{"index":"index","follow":"follow","max-snippet":"max-snippet:-1","max-image-preview":"max-image-preview:large","max-video-preview":"max-video-preview:-1"},"canonical":"https:\/\/www.4h.se\/kallhall\/bli-medlem\/","og_locale":"sv_SE","og_type":"article","og_title":"Bli medlem - Kallh\u00e4ll 4H-g\u00e5rd","og_description":"[vc_row][vc_column el_class=&#8221;Som medlem i 4H \u00e4r du v\u00e4lkommen att delta p\u00e5 organisationens alla arrangemang. Du omfattas ocks\u00e5 av en kollektiv olycksfallsf\u00f6rs\u00e4kring som g\u00e4ller p\u00e5 4H:s samtliga aktiviteter.&#8221; css=&#8221;.vc_custom_1728899192295{background-color: #ffffff !important;border-radius: 25px !important;}&#8221;][vc_column_text css=&#8221;&#8221;] Bli medlem i Kallh\u00e4ll 4H-g\u00e5rd [\/vc_column_text][vc_column_text css=&#8221;&#8221;]Att vara medlem i Kallh\u00e4lls 4H ger dig m\u00e5nga f\u00f6rdelar. Som medlem i 4H \u00e4r du&nbsp; &hellip; Read more","og_url":"https:\/\/www.4h.se\/kallhall\/bli-medlem\/","og_site_name":"Kallh\u00e4ll 4H-g\u00e5rd","article_publisher":"https:\/\/www.facebook.com\/kallhalls4hgard\/","article_modified_time":"2025-12-02T13:48:33+00:00","twitter_card":"summary_large_image","twitter_misc":{"Ber\u00e4knad l\u00e4stid":"1 minut"},"schema":{"@context":"https:\/\/schema.org","@graph":[{"@type":"WebPage","@id":"https:\/\/www.4h.se\/kallhall\/bli-medlem\/","url":"https:\/\/www.4h.se\/kallhall\/bli-medlem\/","name":"Bli medlem - Kallh\u00e4ll 4H-g\u00e5rd","isPartOf":{"@id":"https:\/\/www.4h.se\/kallhall\/#website"},"datePublished":"2015-10-07T07:13:53+00:00","dateModified":"2025-12-02T13:48:33+00:00","breadcrumb":{"@id":"https:\/\/www.4h.se\/kallhall\/bli-medlem\/#breadcrumb"},"inLanguage":"sv-SE","potentialAction":[{"@type":"ReadAction","target":["https:\/\/www.4h.se\/kallhall\/bli-medlem\/"]}]},{"@type":"BreadcrumbList","@id":"https:\/\/www.4h.se\/kallhall\/bli-medlem\/#breadcrumb","itemListElement":[{"@type":"ListItem","position":1,"name":"Hem","item":"https:\/\/www.4h.se\/kallhall\/"},{"@type":"ListItem","position":2,"name":"Bli medlem"}]},{"@type":"WebSite","@id":"https:\/\/www.4h.se\/kallhall\/#website","url":"https:\/\/www.4h.se\/kallhall\/","name":"Kallh\u00e4ll 4H-g\u00e5rd","description":"","potentialAction":[{"@type":"SearchAction","target":{"@type":"EntryPoint","urlTemplate":"https:\/\/www.4h.se\/kallhall\/?s={search_term_string}"},"query-input":{"@type":"PropertyValueSpecification","valueRequired":true,"valueName":"search_term_string"}}],"inLanguage":"sv-SE"}]}},"_links":{"self":[{"href":"https:\/\/www.4h.se\/kallhall\/wp-json\/wp\/v2\/pages\/285","targetHints":{"allow":["GET"]}}],"collection":[{"href":"https:\/\/www.4h.se\/kallhall\/wp-json\/wp\/v2\/pages"}],"about":[{"href":"https:\/\/www.4h.se\/kallhall\/wp-json\/wp\/v2\/types\/page"}],"author":[{"embeddable":true,"href":"https:\/\/www.4h.se\/kallhall\/wp-json\/wp\/v2\/users\/1"}],"replies":[{"embeddable":true,"href":"https:\/\/www.4h.se\/kallhall\/wp-json\/wp\/v2\/comments?post=285"}],"version-history":[{"count":0,"href":"https:\/\/www.4h.se\/kallhall\/wp-json\/wp\/v2\/pages\/285\/revisions"}],"wp:attachment":[{"href":"https:\/\/www.4h.se\/kallhall\/wp-json\/wp\/v2\/media?parent=285"}],"curies":[{"name":"wp","href":"https:\/\/api.w.org\/{rel}","templated":true}]}}