



{"id":1085,"date":"2024-10-11T14:53:14","date_gmt":"2024-10-11T12:53:14","guid":{"rendered":"https:\/\/www.4h.se\/kallhall\/?page_id=1085"},"modified":"2026-04-16T18:05:25","modified_gmt":"2026-04-16T16:05:25","slug":"getterna","status":"publish","type":"page","link":"https:\/\/www.4h.se\/kallhall\/getterna\/","title":{"rendered":"Getterna"},"content":{"rendered":"<div class=\"wpb-content-wrapper\"><p>[vc_row][vc_column width=&#8221;1\/3&#8243;][vc_single_image image=&#8221;1315&#8243; img_size=&#8221;large&#8221; alignment=&#8221;center&#8221; css=&#8221;&#8221;][\/vc_column][vc_column width=&#8221;1\/3&#8243; css=&#8221;.vc_custom_1728902244228{background-color: #ffffff !important;border-radius: 20px !important;}&#8221;][vc_column_text css=&#8221;&#8221;]<\/p>\n<p style=\"font-size: 35px; text-align: center;\"><strong><span style=\"color: #006340;\">V\u00e5ra getter<\/span><\/strong><\/p>\n<p style=\"text-align: center;\">P\u00e5 g\u00e5rden bor tv\u00e5 stycken getter vid namn Fia och Disa, de \u00e4r av den svenska lantrasen J\u00e4mtlandsget.<\/p>\n<h4><\/h4>\n<p style=\"font-size: 15px; text-align: center;\"><strong><span style=\"color: #006340;\">Genbanksarbete<\/span><\/strong><\/p>\n<p style=\"text-align: center;\">Vi ing\u00e5r i ett genbanksarbete f\u00f6r att bevara rasen. Det inneb\u00e4r att v\u00e5ra getter g\u00e5r att sp\u00e5ra bak\u00e5t i tiden.<\/p>\n<p>[\/vc_column_text][\/vc_column][vc_column width=&#8221;1\/3&#8243;][vc_single_image image=&#8221;1314&#8243; img_size=&#8221;large&#8221; alignment=&#8221;center&#8221; css=&#8221;&#8221;][\/vc_column][\/vc_row][vc_row][vc_column][vc_single_image image=&#8221;1060&#8243; img_size=&#8221;large&#8221; alignment=&#8221;center&#8221; css=&#8221;&#8221;][\/vc_column][\/vc_row][vc_row][vc_column width=&#8221;1\/2&#8243;][vc_single_image image=&#8221;1280&#8243; img_size=&#8221;300&#215;300&#8243; alignment=&#8221;center&#8221; style=&#8221;vc_box_circle_2&#8243; css=&#8221;&#8221;][vc_column_text css=&#8221;.vc_custom_1733835120856{border-bottom-width: 6px !important;padding-bottom: 6px !important;background-color: #ffffff !important;border-radius: 20px !important;}&#8221;]<\/p>\n<p style=\"font-size: 30px; text-align: center;\"><strong><span style=\"color: #006340;\">Fia<\/span><\/strong><\/p>\n<p style=\"text-align: center;\"><strong>Om:<\/strong> Fia \u00e4r v\u00e4ldigt fram\u00e5t och social tjej. G\u00e5r g\u00e4rna f\u00f6rst ute p\u00e5 promenader. Hon \u00e4r v\u00e4ldigt duktig p\u00e5 tricks.<\/p>\n<p>[\/vc_column_text][\/vc_column][vc_column width=&#8221;1\/2&#8243;][vc_single_image image=&#8221;1316&#8243; img_size=&#8221;300&#215;300&#8243; alignment=&#8221;center&#8221; style=&#8221;vc_box_circle_2&#8243; css=&#8221;&#8221;][vc_column_text css=&#8221;.vc_custom_1733835140800{border-bottom-width: 6px !important;padding-right: 6px !important;padding-bottom: 6px !important;padding-left: 6px !important;background-color: #ffffff !important;border-radius: 20px !important;}&#8221;]<\/p>\n<p style=\"font-size: 30px; text-align: center;\"><strong><span style=\"color: #006340;\">Disa<\/span><\/strong><\/p>\n<p style=\"text-align: center;\"><strong>Om:\u00a0<\/strong>Disa \u00e4r lite mer f\u00f6rsiktig av sig men v\u00e4ldigt mat glad. Hon kommer g\u00e4rna fram om man har lite mat i handen.<\/p>\n<p>[\/vc_column_text][\/vc_column][\/vc_row][vc_row css=&#8221;.vc_custom_1728902325852{background-color: #ffffff !important;border-radius: 20px !important;}&#8221;][vc_column width=&#8221;1\/4&#8243;][vc_column_text css=&#8221;&#8221;]<\/p>\n<p style=\"font-size: 30px; text-align: center;\"><strong><span style=\"color: #006340;\">Ursprung<\/span><\/strong><\/p>\n<p style=\"text-align: center;\"><span class=\"OYPEnA font-feature-liga-off font-feature-clig-off font-feature-calt-off text-decoration-none text-strikethrough-none\">J\u00e4mgeten \u00e4r en svensk lantras med ursprung fr\u00e5n j\u00e4mtland och h\u00e4rjedalen.<\/span><\/p>\n<p>[\/vc_column_text][\/vc_column][vc_column width=&#8221;1\/4&#8243;][vc_column_text css=&#8221;&#8221;]<\/p>\n<p style=\"font-size: 30px; text-align: center;\"><strong><span style=\"color: #006340;\">Utseende<\/span><\/strong><\/p>\n<p style=\"text-align: center;\">Vanligaste f\u00e4rgerna \u00e4r vit kropp med svarta, bruna eller gr\u00e5 teckning p\u00e5 huvud och ben. Brun vita samt svart bruna f\u00f6rekommer ocks\u00e5.<\/p>\n<p>[\/vc_column_text][\/vc_column][vc_column width=&#8221;1\/4&#8243;][vc_column_text css=&#8221;&#8221;]<\/p>\n<p style=\"font-size: 30px; text-align: center;\"><strong><span style=\"color: #006340;\">Storlek<\/span><\/strong><\/p>\n<p style=\"text-align: center;\">Bockarna v\u00e4ger omkring 50-100kg och \u00e4r 60-80cm h\u00f6ga. Getterna v\u00e4ger omkring 35-65kg och \u00e4r 55-70cm h\u00f6ga.<\/p>\n<p>[\/vc_column_text][\/vc_column][vc_column width=&#8221;1\/4&#8243;][vc_column_text css=&#8221;&#8221;]<\/p>\n<p style=\"font-size: 30px; text-align: center;\"><strong><span style=\"color: #006340;\">Fakta om getter<\/span><\/strong><\/p>\n<p style=\"text-align: center;\">Mamma: Get<\/p>\n<p style=\"text-align: center;\">Pappa: Bock<\/p>\n<p style=\"text-align: center;\">Barn: Killing<\/p>\n<p style=\"text-align: center;\">F\u00f6da: Gr\u00e4s och sly fr\u00e5n buskar och tr\u00e4d<\/p>\n<p>[\/vc_column_text][\/vc_column][\/vc_row][vc_row][vc_column][\/vc_column][\/vc_row]<\/p>\n<\/div>","protected":false},"excerpt":{"rendered":"<p>[vc_row][vc_column width=&#8221;1\/3&#8243;][vc_single_image image=&#8221;1315&#8243; img_size=&#8221;large&#8221; alignment=&#8221;center&#8221; css=&#8221;&#8221;][\/vc_column][vc_column width=&#8221;1\/3&#8243; css=&#8221;.vc_custom_1728902244228{background-color: #ffffff !important;border-radius: 20px !important;}&#8221;][vc_column_text css=&#8221;&#8221;] V\u00e5ra getter P\u00e5 g\u00e5rden bor tv\u00e5 stycken getter vid namn Fia och Disa, de \u00e4r av den svenska lantrasen J\u00e4mtlandsget. Genbanksarbete Vi ing\u00e5r i ett genbanksarbete f\u00f6r att bevara rasen. Det inneb\u00e4r att v\u00e5ra getter g\u00e5r att sp\u00e5ra bak\u00e5t i tiden. [\/vc_column_text][\/vc_column][vc_column&nbsp; <a href=\"https:\/\/www.4h.se\/kallhall\/getterna\/\">&hellip; Read more <i class=\"glyphicon glyphicon-arrow-right\"><\/i><\/a><\/p>\n","protected":false},"author":214,"featured_media":0,"parent":0,"menu_order":0,"comment_status":"closed","ping_status":"closed","template":"","meta":{"footnotes":""},"class_list":["post-1085","page","type-page","status-publish","hentry"],"yoast_head":"<!-- This site is optimized with the Yoast SEO plugin v27.4 - https:\/\/yoast.com\/product\/yoast-seo-wordpress\/ -->\n<title>Getterna - Kallh\u00e4ll 4H-g\u00e5rd<\/title>\n<meta name=\"robots\" content=\"index, follow, max-snippet:-1, max-image-preview:large, max-video-preview:-1\" \/>\n<link rel=\"canonical\" href=\"https:\/\/www.4h.se\/kallhall\/getterna\/\" \/>\n<meta property=\"og:locale\" content=\"sv_SE\" \/>\n<meta property=\"og:type\" content=\"article\" \/>\n<meta property=\"og:title\" content=\"Getterna - Kallh\u00e4ll 4H-g\u00e5rd\" \/>\n<meta property=\"og:description\" content=\"[vc_row][vc_column width=&#8221;1\/3&#8243;][vc_single_image image=&#8221;1315&#8243; img_size=&#8221;large&#8221; alignment=&#8221;center&#8221; css=&#8221;&#8221;][\/vc_column][vc_column width=&#8221;1\/3&#8243; css=&#8221;.vc_custom_1728902244228{background-color: #ffffff !important;border-radius: 20px !important;}&#8221;][vc_column_text css=&#8221;&#8221;] V\u00e5ra getter P\u00e5 g\u00e5rden bor tv\u00e5 stycken getter vid namn Fia och Disa, de \u00e4r av den svenska lantrasen J\u00e4mtlandsget. Genbanksarbete Vi ing\u00e5r i ett genbanksarbete f\u00f6r att bevara rasen. Det inneb\u00e4r att v\u00e5ra getter g\u00e5r att sp\u00e5ra bak\u00e5t i tiden. [\/vc_column_text][\/vc_column][vc_column&nbsp; &hellip; Read more\" \/>\n<meta property=\"og:url\" content=\"https:\/\/www.4h.se\/kallhall\/getterna\/\" \/>\n<meta property=\"og:site_name\" content=\"Kallh\u00e4ll 4H-g\u00e5rd\" \/>\n<meta property=\"article:publisher\" content=\"https:\/\/www.facebook.com\/kallhalls4hgard\/\" \/>\n<meta property=\"article:modified_time\" content=\"2026-04-16T16:05:25+00:00\" \/>\n<meta name=\"twitter:card\" content=\"summary_large_image\" \/>\n<script type=\"application\/ld+json\" class=\"yoast-schema-graph\">{\"@context\":\"https:\\\/\\\/schema.org\",\"@graph\":[{\"@type\":\"WebPage\",\"@id\":\"https:\\\/\\\/www.4h.se\\\/kallhall\\\/getterna\\\/\",\"url\":\"https:\\\/\\\/www.4h.se\\\/kallhall\\\/getterna\\\/\",\"name\":\"Getterna - Kallh\u00e4ll 4H-g\u00e5rd\",\"isPartOf\":{\"@id\":\"https:\\\/\\\/www.4h.se\\\/kallhall\\\/#website\"},\"datePublished\":\"2024-10-11T12:53:14+00:00\",\"dateModified\":\"2026-04-16T16:05:25+00:00\",\"breadcrumb\":{\"@id\":\"https:\\\/\\\/www.4h.se\\\/kallhall\\\/getterna\\\/#breadcrumb\"},\"inLanguage\":\"sv-SE\",\"potentialAction\":[{\"@type\":\"ReadAction\",\"target\":[\"https:\\\/\\\/www.4h.se\\\/kallhall\\\/getterna\\\/\"]}]},{\"@type\":\"BreadcrumbList\",\"@id\":\"https:\\\/\\\/www.4h.se\\\/kallhall\\\/getterna\\\/#breadcrumb\",\"itemListElement\":[{\"@type\":\"ListItem\",\"position\":1,\"name\":\"Hem\",\"item\":\"https:\\\/\\\/www.4h.se\\\/kallhall\\\/\"},{\"@type\":\"ListItem\",\"position\":2,\"name\":\"Getterna\"}]},{\"@type\":\"WebSite\",\"@id\":\"https:\\\/\\\/www.4h.se\\\/kallhall\\\/#website\",\"url\":\"https:\\\/\\\/www.4h.se\\\/kallhall\\\/\",\"name\":\"Kallh\u00e4ll 4H-g\u00e5rd\",\"description\":\"\",\"potentialAction\":[{\"@type\":\"SearchAction\",\"target\":{\"@type\":\"EntryPoint\",\"urlTemplate\":\"https:\\\/\\\/www.4h.se\\\/kallhall\\\/?s={search_term_string}\"},\"query-input\":{\"@type\":\"PropertyValueSpecification\",\"valueRequired\":true,\"valueName\":\"search_term_string\"}}],\"inLanguage\":\"sv-SE\"}]}<\/script>\n<!-- \/ Yoast SEO plugin. -->","yoast_head_json":{"title":"Getterna - Kallh\u00e4ll 4H-g\u00e5rd","robots":{"index":"index","follow":"follow","max-snippet":"max-snippet:-1","max-image-preview":"max-image-preview:large","max-video-preview":"max-video-preview:-1"},"canonical":"https:\/\/www.4h.se\/kallhall\/getterna\/","og_locale":"sv_SE","og_type":"article","og_title":"Getterna - Kallh\u00e4ll 4H-g\u00e5rd","og_description":"[vc_row][vc_column width=&#8221;1\/3&#8243;][vc_single_image image=&#8221;1315&#8243; img_size=&#8221;large&#8221; alignment=&#8221;center&#8221; css=&#8221;&#8221;][\/vc_column][vc_column width=&#8221;1\/3&#8243; css=&#8221;.vc_custom_1728902244228{background-color: #ffffff !important;border-radius: 20px !important;}&#8221;][vc_column_text css=&#8221;&#8221;] V\u00e5ra getter P\u00e5 g\u00e5rden bor tv\u00e5 stycken getter vid namn Fia och Disa, de \u00e4r av den svenska lantrasen J\u00e4mtlandsget. Genbanksarbete Vi ing\u00e5r i ett genbanksarbete f\u00f6r att bevara rasen. Det inneb\u00e4r att v\u00e5ra getter g\u00e5r att sp\u00e5ra bak\u00e5t i tiden. [\/vc_column_text][\/vc_column][vc_column&nbsp; &hellip; Read more","og_url":"https:\/\/www.4h.se\/kallhall\/getterna\/","og_site_name":"Kallh\u00e4ll 4H-g\u00e5rd","article_publisher":"https:\/\/www.facebook.com\/kallhalls4hgard\/","article_modified_time":"2026-04-16T16:05:25+00:00","twitter_card":"summary_large_image","schema":{"@context":"https:\/\/schema.org","@graph":[{"@type":"WebPage","@id":"https:\/\/www.4h.se\/kallhall\/getterna\/","url":"https:\/\/www.4h.se\/kallhall\/getterna\/","name":"Getterna - Kallh\u00e4ll 4H-g\u00e5rd","isPartOf":{"@id":"https:\/\/www.4h.se\/kallhall\/#website"},"datePublished":"2024-10-11T12:53:14+00:00","dateModified":"2026-04-16T16:05:25+00:00","breadcrumb":{"@id":"https:\/\/www.4h.se\/kallhall\/getterna\/#breadcrumb"},"inLanguage":"sv-SE","potentialAction":[{"@type":"ReadAction","target":["https:\/\/www.4h.se\/kallhall\/getterna\/"]}]},{"@type":"BreadcrumbList","@id":"https:\/\/www.4h.se\/kallhall\/getterna\/#breadcrumb","itemListElement":[{"@type":"ListItem","position":1,"name":"Hem","item":"https:\/\/www.4h.se\/kallhall\/"},{"@type":"ListItem","position":2,"name":"Getterna"}]},{"@type":"WebSite","@id":"https:\/\/www.4h.se\/kallhall\/#website","url":"https:\/\/www.4h.se\/kallhall\/","name":"Kallh\u00e4ll 4H-g\u00e5rd","description":"","potentialAction":[{"@type":"SearchAction","target":{"@type":"EntryPoint","urlTemplate":"https:\/\/www.4h.se\/kallhall\/?s={search_term_string}"},"query-input":{"@type":"PropertyValueSpecification","valueRequired":true,"valueName":"search_term_string"}}],"inLanguage":"sv-SE"}]}},"_links":{"self":[{"href":"https:\/\/www.4h.se\/kallhall\/wp-json\/wp\/v2\/pages\/1085","targetHints":{"allow":["GET"]}}],"collection":[{"href":"https:\/\/www.4h.se\/kallhall\/wp-json\/wp\/v2\/pages"}],"about":[{"href":"https:\/\/www.4h.se\/kallhall\/wp-json\/wp\/v2\/types\/page"}],"author":[{"embeddable":true,"href":"https:\/\/www.4h.se\/kallhall\/wp-json\/wp\/v2\/users\/214"}],"replies":[{"embeddable":true,"href":"https:\/\/www.4h.se\/kallhall\/wp-json\/wp\/v2\/comments?post=1085"}],"version-history":[{"count":0,"href":"https:\/\/www.4h.se\/kallhall\/wp-json\/wp\/v2\/pages\/1085\/revisions"}],"wp:attachment":[{"href":"https:\/\/www.4h.se\/kallhall\/wp-json\/wp\/v2\/media?parent=1085"}],"curies":[{"name":"wp","href":"https:\/\/api.w.org\/{rel}","templated":true}]}}