



{"id":1011,"date":"2024-04-18T20:03:27","date_gmt":"2024-04-18T18:03:27","guid":{"rendered":"https:\/\/www.4h.se\/kallhall\/?page_id=1011"},"modified":"2024-12-18T13:38:37","modified_gmt":"2024-12-18T12:38:37","slug":"barnkalas","status":"publish","type":"page","link":"https:\/\/www.4h.se\/kallhall\/barnkalas\/","title":{"rendered":"Barnkalas"},"content":{"rendered":"<div class=\"wpb-content-wrapper\"><p>[vc_row css=&#8221;.vc_custom_1728993096244{background-color: #ffffff !important;border-radius: 20px !important;}&#8221;][vc_column width=&#8221;2\/3&#8243;][vc_column_text css=&#8221;&#8221;]<\/p>\n<p style=\"font-size: 35px; text-align: left;\"><strong><span style=\"color: #006340;\">Barnkalas<\/span><\/strong><\/p>\n<p class=\"x_elementToProof\">\u00a0Ett barnkalas hos oss \u00e4r upplagt p\u00e5 f\u00f6ljande s\u00e4tt:<\/p>\n<p class=\"x_elementToProof\">\u2013 Vi samlas f\u00f6r att starta skattjakten\/fiskedammen, detta brukar ta ca 30 min d\u00e5 det \u00e4r 10 barn med p\u00e5 kalaset.<\/p>\n<p>Efter det har ni tillg\u00e5ng till lokalen\u202f i ca 2,5 timmar f\u00f6r kalasfika. Ni har sj\u00e4lva med er fikat och \u00e4ven skatt\/godisp\u00e5sar till fiskdammen.<\/p>\n<p>Vid sluttiden f\u00f6r kalaset ska lokalen vara st\u00e4dad och klar.<\/p>\n<p class=\"x_elementToProof\">Vi\u00a0rekommenderar\u00a0ett maxantal av 10 barn p\u00e5 kalaset.<\/p>\n<p>&nbsp;<\/p>\n<p class=\"x_elementToProof\">BETALNING: pris: 1-10 barn =\u00a01800kr<\/p>\n<p class=\"x_elementToProof\">Priset betalas till PG: senast inom en vecka efter bokning. Avbokning skall ske senast 14 dagar innan den bokade dagen, om inte debiteras en avgift p\u00e5 850 kr.<\/p>\n<p style=\"font-size: 35px; text-align: left;\"><strong><span style=\"color: #006340;\">Barnkalas med guidning<\/span><\/strong><\/p>\n<p style=\"font-size: 15px; text-align: left;\"><strong>Barnkalaset \u00e4r upplagt<\/strong> <strong>p\u00e5 f\u00f6ljande s\u00e4tt:<\/strong><\/p>\n<p>\u2013 Barnen samlas vid\u00a0stallet n\u00e4r kalaset startar.<\/p>\n<p>\u2013 Under 30 minuter kommer barnen f\u00e5 h\u00e4lsa p\u00e5 n\u00e5gra av v\u00e5ra djur<\/p>\n<p class=\"x_elementToProof\">\u2013 Efter\u00a0guidningen \u00e4r det dags f\u00f6r skattjakt\/fiskdamm.<\/p>\n<p>Sedan har ni tillg\u00e5ng till lokalen\u202f i ca 2,5 timmar f\u00f6r kalasfika. Ni har sj\u00e4lva med er fikat och skatt\/godisp\u00e5sar till skattjakt\/fiskdammen.<\/p>\n<p>Vid sluttiden f\u00f6r kalaset ska lokalen vara st\u00e4dad och klar.<\/p>\n<p class=\"x_elementToProof\">Vi\u00a0rekommenderar\u00a0ett maxantal av 10 barn p\u00e5 kalaset.<\/p>\n<p class=\"x_elementToProof\">BETALNING: pris: 1-10 barn = 2100kr<\/p>\n<p class=\"x_elementToProof\">Priset betalas till PG: senast inom en vecka efter bokning. Avbokning skall ske senast 14 dagar innan den bokade dagen, om inte debiteras en avgift p\u00e5 850 kr.<\/p>\n<p>[\/vc_column_text][\/vc_column][vc_column width=&#8221;1\/3&#8243;][vc_single_image image=&#8221;1007&#8243; img_size=&#8221;medium&#8221;][vc_single_image image=&#8221;931&#8243; img_size=&#8221;medium&#8221;][\/vc_column][\/vc_row][vc_row][vc_column][\/vc_column][\/vc_row]<\/p>\n<\/div>","protected":false},"excerpt":{"rendered":"<p>[vc_row css=&#8221;.vc_custom_1728993096244{background-color: #ffffff !important;border-radius: 20px !important;}&#8221;][vc_column width=&#8221;2\/3&#8243;][vc_column_text css=&#8221;&#8221;] Barnkalas \u00a0Ett barnkalas hos oss \u00e4r upplagt p\u00e5 f\u00f6ljande s\u00e4tt: \u2013 Vi samlas f\u00f6r att starta skattjakten\/fiskedammen, detta brukar ta ca 30 min d\u00e5 det \u00e4r 10 barn med p\u00e5 kalaset. Efter det har ni tillg\u00e5ng till lokalen\u202f i ca 2,5 timmar f\u00f6r kalasfika. Ni har sj\u00e4lva&nbsp; <a href=\"https:\/\/www.4h.se\/kallhall\/barnkalas\/\">&hellip; Read more <i class=\"glyphicon glyphicon-arrow-right\"><\/i><\/a><\/p>\n","protected":false},"author":121,"featured_media":0,"parent":0,"menu_order":0,"comment_status":"closed","ping_status":"closed","template":"","meta":{"_acf_changed":false,"footnotes":""},"class_list":["post-1011","page","type-page","status-publish","hentry"],"acf":[],"yoast_head":"<!-- This site is optimized with the Yoast SEO plugin v27.6 - https:\/\/yoast.com\/product\/yoast-seo-wordpress\/ -->\n<title>Barnkalas - Kallh\u00e4ll 4H-g\u00e5rd<\/title>\n<meta name=\"robots\" content=\"index, follow, max-snippet:-1, max-image-preview:large, max-video-preview:-1\" \/>\n<link rel=\"canonical\" href=\"https:\/\/www.4h.se\/kallhall\/barnkalas\/\" \/>\n<meta property=\"og:locale\" content=\"sv_SE\" \/>\n<meta property=\"og:type\" content=\"article\" \/>\n<meta property=\"og:title\" content=\"Barnkalas - Kallh\u00e4ll 4H-g\u00e5rd\" \/>\n<meta property=\"og:description\" content=\"[vc_row css=&#8221;.vc_custom_1728993096244{background-color: #ffffff !important;border-radius: 20px !important;}&#8221;][vc_column width=&#8221;2\/3&#8243;][vc_column_text css=&#8221;&#8221;] Barnkalas \u00a0Ett barnkalas hos oss \u00e4r upplagt p\u00e5 f\u00f6ljande s\u00e4tt: \u2013 Vi samlas f\u00f6r att starta skattjakten\/fiskedammen, detta brukar ta ca 30 min d\u00e5 det \u00e4r 10 barn med p\u00e5 kalaset. Efter det har ni tillg\u00e5ng till lokalen\u202f i ca 2,5 timmar f\u00f6r kalasfika. Ni har sj\u00e4lva&nbsp; &hellip; Read more\" \/>\n<meta property=\"og:url\" content=\"https:\/\/www.4h.se\/kallhall\/barnkalas\/\" \/>\n<meta property=\"og:site_name\" content=\"Kallh\u00e4ll 4H-g\u00e5rd\" \/>\n<meta property=\"article:publisher\" content=\"https:\/\/www.facebook.com\/kallhalls4hgard\/\" \/>\n<meta property=\"article:modified_time\" content=\"2024-12-18T12:38:37+00:00\" \/>\n<meta name=\"twitter:card\" content=\"summary_large_image\" \/>\n<script type=\"application\/ld+json\" class=\"yoast-schema-graph\">{\"@context\":\"https:\\\/\\\/schema.org\",\"@graph\":[{\"@type\":\"WebPage\",\"@id\":\"https:\\\/\\\/www.4h.se\\\/kallhall\\\/barnkalas\\\/\",\"url\":\"https:\\\/\\\/www.4h.se\\\/kallhall\\\/barnkalas\\\/\",\"name\":\"Barnkalas - Kallh\u00e4ll 4H-g\u00e5rd\",\"isPartOf\":{\"@id\":\"https:\\\/\\\/www.4h.se\\\/kallhall\\\/#website\"},\"datePublished\":\"2024-04-18T18:03:27+00:00\",\"dateModified\":\"2024-12-18T12:38:37+00:00\",\"breadcrumb\":{\"@id\":\"https:\\\/\\\/www.4h.se\\\/kallhall\\\/barnkalas\\\/#breadcrumb\"},\"inLanguage\":\"sv-SE\",\"potentialAction\":[{\"@type\":\"ReadAction\",\"target\":[\"https:\\\/\\\/www.4h.se\\\/kallhall\\\/barnkalas\\\/\"]}]},{\"@type\":\"BreadcrumbList\",\"@id\":\"https:\\\/\\\/www.4h.se\\\/kallhall\\\/barnkalas\\\/#breadcrumb\",\"itemListElement\":[{\"@type\":\"ListItem\",\"position\":1,\"name\":\"Hem\",\"item\":\"https:\\\/\\\/www.4h.se\\\/kallhall\\\/\"},{\"@type\":\"ListItem\",\"position\":2,\"name\":\"Barnkalas\"}]},{\"@type\":\"WebSite\",\"@id\":\"https:\\\/\\\/www.4h.se\\\/kallhall\\\/#website\",\"url\":\"https:\\\/\\\/www.4h.se\\\/kallhall\\\/\",\"name\":\"Kallh\u00e4ll 4H-g\u00e5rd\",\"description\":\"\",\"potentialAction\":[{\"@type\":\"SearchAction\",\"target\":{\"@type\":\"EntryPoint\",\"urlTemplate\":\"https:\\\/\\\/www.4h.se\\\/kallhall\\\/?s={search_term_string}\"},\"query-input\":{\"@type\":\"PropertyValueSpecification\",\"valueRequired\":true,\"valueName\":\"search_term_string\"}}],\"inLanguage\":\"sv-SE\"}]}<\/script>\n<!-- \/ Yoast SEO plugin. -->","yoast_head_json":{"title":"Barnkalas - Kallh\u00e4ll 4H-g\u00e5rd","robots":{"index":"index","follow":"follow","max-snippet":"max-snippet:-1","max-image-preview":"max-image-preview:large","max-video-preview":"max-video-preview:-1"},"canonical":"https:\/\/www.4h.se\/kallhall\/barnkalas\/","og_locale":"sv_SE","og_type":"article","og_title":"Barnkalas - Kallh\u00e4ll 4H-g\u00e5rd","og_description":"[vc_row css=&#8221;.vc_custom_1728993096244{background-color: #ffffff !important;border-radius: 20px !important;}&#8221;][vc_column width=&#8221;2\/3&#8243;][vc_column_text css=&#8221;&#8221;] Barnkalas \u00a0Ett barnkalas hos oss \u00e4r upplagt p\u00e5 f\u00f6ljande s\u00e4tt: \u2013 Vi samlas f\u00f6r att starta skattjakten\/fiskedammen, detta brukar ta ca 30 min d\u00e5 det \u00e4r 10 barn med p\u00e5 kalaset. Efter det har ni tillg\u00e5ng till lokalen\u202f i ca 2,5 timmar f\u00f6r kalasfika. Ni har sj\u00e4lva&nbsp; &hellip; Read more","og_url":"https:\/\/www.4h.se\/kallhall\/barnkalas\/","og_site_name":"Kallh\u00e4ll 4H-g\u00e5rd","article_publisher":"https:\/\/www.facebook.com\/kallhalls4hgard\/","article_modified_time":"2024-12-18T12:38:37+00:00","twitter_card":"summary_large_image","schema":{"@context":"https:\/\/schema.org","@graph":[{"@type":"WebPage","@id":"https:\/\/www.4h.se\/kallhall\/barnkalas\/","url":"https:\/\/www.4h.se\/kallhall\/barnkalas\/","name":"Barnkalas - Kallh\u00e4ll 4H-g\u00e5rd","isPartOf":{"@id":"https:\/\/www.4h.se\/kallhall\/#website"},"datePublished":"2024-04-18T18:03:27+00:00","dateModified":"2024-12-18T12:38:37+00:00","breadcrumb":{"@id":"https:\/\/www.4h.se\/kallhall\/barnkalas\/#breadcrumb"},"inLanguage":"sv-SE","potentialAction":[{"@type":"ReadAction","target":["https:\/\/www.4h.se\/kallhall\/barnkalas\/"]}]},{"@type":"BreadcrumbList","@id":"https:\/\/www.4h.se\/kallhall\/barnkalas\/#breadcrumb","itemListElement":[{"@type":"ListItem","position":1,"name":"Hem","item":"https:\/\/www.4h.se\/kallhall\/"},{"@type":"ListItem","position":2,"name":"Barnkalas"}]},{"@type":"WebSite","@id":"https:\/\/www.4h.se\/kallhall\/#website","url":"https:\/\/www.4h.se\/kallhall\/","name":"Kallh\u00e4ll 4H-g\u00e5rd","description":"","potentialAction":[{"@type":"SearchAction","target":{"@type":"EntryPoint","urlTemplate":"https:\/\/www.4h.se\/kallhall\/?s={search_term_string}"},"query-input":{"@type":"PropertyValueSpecification","valueRequired":true,"valueName":"search_term_string"}}],"inLanguage":"sv-SE"}]}},"_links":{"self":[{"href":"https:\/\/www.4h.se\/kallhall\/wp-json\/wp\/v2\/pages\/1011","targetHints":{"allow":["GET"]}}],"collection":[{"href":"https:\/\/www.4h.se\/kallhall\/wp-json\/wp\/v2\/pages"}],"about":[{"href":"https:\/\/www.4h.se\/kallhall\/wp-json\/wp\/v2\/types\/page"}],"author":[{"embeddable":true,"href":"https:\/\/www.4h.se\/kallhall\/wp-json\/wp\/v2\/users\/121"}],"replies":[{"embeddable":true,"href":"https:\/\/www.4h.se\/kallhall\/wp-json\/wp\/v2\/comments?post=1011"}],"version-history":[{"count":0,"href":"https:\/\/www.4h.se\/kallhall\/wp-json\/wp\/v2\/pages\/1011\/revisions"}],"wp:attachment":[{"href":"https:\/\/www.4h.se\/kallhall\/wp-json\/wp\/v2\/media?parent=1011"}],"curies":[{"name":"wp","href":"https:\/\/api.w.org\/{rel}","templated":true}]}}